{"id":1186,"date":"2021-05-27T20:33:56","date_gmt":"2021-05-27T19:33:56","guid":{"rendered":"https:\/\/evc.extramilecommunications.dev\/?page_id=1186"},"modified":"2023-05-03T14:39:29","modified_gmt":"2023-05-03T13:39:29","slug":"terms-and-conditions","status":"publish","type":"page","link":"https:\/\/www.evcargo.com\/de\/policies-and-statements\/terms-and-conditions\/","title":{"rendered":"Weitere Informationen zur Verwendung Ihrer Daten finden Sie in"},"content":{"rendered":"<section  class=\"small-banner\" style=\" background-color:#D8D8D8 \">\n\n\t<div class=\"container-fluid\">\n\n\t\t<h1>Weitere Informationen zur Verwendung Ihrer Daten finden Sie in<\/h1>\n\t<\/div>\n\n<\/section>\n\n<div class=\"breadcrumbs\" typeof=\"BreadcrumbList\" vocab=\"https:\/\/schema.org\/\">\n\t<div class=\"container-fluid\">\n\n\t\t<span property=\"itemListElement\" typeof=\"ListItem\"><a property=\"item\" typeof=\"WebPage\" title=\"Gehe zu EV Cargo.\" href=\"https:\/\/www.evcargo.com\/de\" class=\"home\" aria-current=\"page\"><span property=\"name\">EV Cargo<\/span><\/a><meta property=\"position\" content=\"1\"><\/span>\t<\/div>\n<\/div>\n\n\n<section  class=\"wysiwyg\">\n\n\t<div class=\"container-fluid\">\n\n\t<p>Mit der Nutzung dieser Website akzeptieren Sie diese Allgemeinen Gesch\u00e4ftsbedingungen, die sofort bei Ihrer ersten Nutzung der Website wirksam werden. EV Cargo beh\u00e4lt sich das Recht vor, diese Allgemeinen Gesch\u00e4ftsbedingungen jederzeit durch Online-Ver\u00f6ffentlichung von \u00c4nderungen zu \u00e4ndern.<\/p>\n<p>URHEBERRECHTE \u00a9<br \/>\nDurch den Zugriff auf www.evcargo.com stimmen Sie zu, dass Sie auf die Inhalte nur f\u00fcr Ihren eigenen privaten Gebrauch zugreifen, nicht jedoch f\u00fcr kommerzielle Zwecke. Sie k\u00f6nnen eine einzelne Hardcopy eines beliebigen Teils des Inhalts von www.evcargo.com f\u00fcr Ihren pers\u00f6nlichen Gebrauch ausdrucken.<\/p>\n<p>Au\u00dfer wie oben erlaubt, verpflichten Sie sich, keinen Teil von www.evcargo.com ohne vorherige Ank\u00fcndigung zu kopieren, in irgendeinem Medium zu speichern (einschlie\u00dflich auf einer anderen Website), zu verteilen, zu \u00fcbertragen, erneut zu \u00fcbertragen, auszustrahlen, zu modifizieren oder \u00f6ffentlich zu zeigen schriftliche Genehmigung der Marketingabteilung unter c\/o marketing@ev-cargo.com oder in \u00dcbereinstimmung mit dem Copyright, Designs and Patents Act 1988.<\/p>\n<p>Sie stimmen zu, das auf dieser Website enthaltene Material nicht anzupassen, zu \u00e4ndern oder abgeleitete Werke daraus zu erstellen oder es f\u00fcr andere Zwecke als f\u00fcr Ihren pers\u00f6nlichen, nicht kommerziellen Gebrauch zu verwenden.<\/p>\n<p>Sie erkl\u00e4ren sich damit einverstanden, diese Website nur f\u00fcr rechtm\u00e4\u00dfige Zwecke zu verwenden, und zwar auf eine Weise, die die Rechte Dritter nicht verletzt oder die Nutzung und den Genuss dieser Website durch Dritte einschr\u00e4nkt oder verhindert. Eine solche Einschr\u00e4nkung oder Hemmung umfasst ohne Einschr\u00e4nkung gesetzeswidriges Verhalten, das eine Person bel\u00e4stigen oder bel\u00e4stigen oder ihnen Unannehmlichkeiten bereiten kann, sowie die \u00dcbertragung obsz\u00f6ner oder anst\u00f6\u00dfiger Inhalte oder die Unterbrechung des normalen Dialogflusses auf dieser Website.<\/p>\n\n\t<\/div>\n\n<\/section>","protected":false},"excerpt":{"rendered":"","protected":false},"author":5,"featured_media":2103,"parent":3722,"menu_order":0,"comment_status":"closed","ping_status":"closed","template":"","meta":{"_acf_changed":false,"footnotes":""},"class_list":["post-1186","page","type-page","status-publish","has-post-thumbnail","hentry"],"acf":[],"yoast_head":"<!-- This site is optimized with the Yoast SEO plugin v27.3 - https:\/\/yoast.com\/product\/yoast-seo-wordpress\/ -->\n<title>Terms and Conditions | EV Cargo<\/title>\n<meta name=\"description\" content=\"Use of this site constitutes your acceptance of the terms and conditions, which take effect immediately on your first use of the site. Please read in full.\" \/>\n<meta name=\"robots\" content=\"index, follow, max-snippet:-1, max-image-preview:large, max-video-preview:-1\" \/>\n<link rel=\"canonical\" href=\"https:\/\/www.evcargo.com\/de\/policies-and-statements\/terms-and-conditions\/\" \/>\n<meta property=\"og:locale\" content=\"de_DE\" \/>\n<meta property=\"og:type\" content=\"article\" \/>\n<meta property=\"og:title\" content=\"Terms and Conditions | EV Cargo\" \/>\n<meta property=\"og:description\" content=\"Use of this site constitutes your acceptance of the terms and conditions, which take effect immediately on your first use of the site. Please read in full.\" \/>\n<meta property=\"og:url\" content=\"https:\/\/www.evcargo.com\/de\/policies-and-statements\/terms-and-conditions\/\" \/>\n<meta property=\"og:site_name\" content=\"EV Cargo\" \/>\n<meta property=\"article:modified_time\" content=\"2023-05-03T13:39:29+00:00\" \/>\n<meta property=\"og:image\" content=\"https:\/\/www.evcargo.com\/wp-content\/uploads\/2021\/06\/Untitled-design.png\" \/>\n\t<meta property=\"og:image:width\" content=\"2400\" \/>\n\t<meta property=\"og:image:height\" content=\"470\" \/>\n\t<meta property=\"og:image:type\" content=\"image\/png\" \/>\n<meta name=\"twitter:card\" content=\"summary_large_image\" \/>\n<script type=\"application\/ld+json\" class=\"yoast-schema-graph\">{\"@context\":\"https:\\\/\\\/schema.org\",\"@graph\":[{\"@type\":\"WebPage\",\"@id\":\"https:\\\/\\\/www.evcargo.com\\\/policies-and-statements\\\/terms-and-conditions\\\/\",\"url\":\"https:\\\/\\\/www.evcargo.com\\\/policies-and-statements\\\/terms-and-conditions\\\/\",\"name\":\"Terms and Conditions | EV Cargo\",\"isPartOf\":{\"@id\":\"https:\\\/\\\/www.evcargo.com\\\/de\\\/#website\"},\"primaryImageOfPage\":{\"@id\":\"https:\\\/\\\/www.evcargo.com\\\/policies-and-statements\\\/terms-and-conditions\\\/#primaryimage\"},\"image\":{\"@id\":\"https:\\\/\\\/www.evcargo.com\\\/policies-and-statements\\\/terms-and-conditions\\\/#primaryimage\"},\"thumbnailUrl\":\"https:\\\/\\\/www.evcargo.com\\\/wp-content\\\/uploads\\\/2021\\\/06\\\/Untitled-design.png\",\"datePublished\":\"2021-05-27T19:33:56+00:00\",\"dateModified\":\"2023-05-03T13:39:29+00:00\",\"description\":\"Use of this site constitutes your acceptance of the terms and conditions, which take effect immediately on your first use of the site. Please read in full.\",\"breadcrumb\":{\"@id\":\"https:\\\/\\\/www.evcargo.com\\\/policies-and-statements\\\/terms-and-conditions\\\/#breadcrumb\"},\"inLanguage\":\"de\",\"potentialAction\":[{\"@type\":\"ReadAction\",\"target\":[\"https:\\\/\\\/www.evcargo.com\\\/policies-and-statements\\\/terms-and-conditions\\\/\"]}]},{\"@type\":\"ImageObject\",\"inLanguage\":\"de\",\"@id\":\"https:\\\/\\\/www.evcargo.com\\\/policies-and-statements\\\/terms-and-conditions\\\/#primaryimage\",\"url\":\"https:\\\/\\\/www.evcargo.com\\\/wp-content\\\/uploads\\\/2021\\\/06\\\/Untitled-design.png\",\"contentUrl\":\"https:\\\/\\\/www.evcargo.com\\\/wp-content\\\/uploads\\\/2021\\\/06\\\/Untitled-design.png\",\"width\":2400,\"height\":470},{\"@type\":\"BreadcrumbList\",\"@id\":\"https:\\\/\\\/www.evcargo.com\\\/policies-and-statements\\\/terms-and-conditions\\\/#breadcrumb\",\"itemListElement\":[{\"@type\":\"ListItem\",\"position\":1,\"name\":\"Policies and Statements\",\"item\":\"https:\\\/\\\/www.evcargo.com\\\/policies-and-statements\\\/\"},{\"@type\":\"ListItem\",\"position\":2,\"name\":\"Terms and Conditions\"}]},{\"@type\":\"WebSite\",\"@id\":\"https:\\\/\\\/www.evcargo.com\\\/de\\\/#website\",\"url\":\"https:\\\/\\\/www.evcargo.com\\\/de\\\/\",\"name\":\"EV Cargo\",\"description\":\"\",\"publisher\":{\"@id\":\"https:\\\/\\\/www.evcargo.com\\\/de\\\/#organization\"},\"potentialAction\":[{\"@type\":\"SearchAction\",\"target\":{\"@type\":\"EntryPoint\",\"urlTemplate\":\"https:\\\/\\\/www.evcargo.com\\\/de\\\/?s={search_term_string}\"},\"query-input\":{\"@type\":\"PropertyValueSpecification\",\"valueRequired\":true,\"valueName\":\"search_term_string\"}}],\"inLanguage\":\"de\"},{\"@type\":\"Organization\",\"@id\":\"https:\\\/\\\/www.evcargo.com\\\/de\\\/#organization\",\"name\":\"EV Cargo\",\"alternateName\":\"EVC\",\"url\":\"https:\\\/\\\/www.evcargo.com\\\/de\\\/\",\"logo\":{\"@type\":\"ImageObject\",\"inLanguage\":\"de\",\"@id\":\"https:\\\/\\\/www.evcargo.com\\\/de\\\/#\\\/schema\\\/logo\\\/image\\\/\",\"url\":\"https:\\\/\\\/www.evcargo.com\\\/wp-content\\\/uploads\\\/2025\\\/02\\\/ev-cargo-logo.png\",\"contentUrl\":\"https:\\\/\\\/www.evcargo.com\\\/wp-content\\\/uploads\\\/2025\\\/02\\\/ev-cargo-logo.png\",\"width\":364,\"height\":78,\"caption\":\"EV Cargo\"},\"image\":{\"@id\":\"https:\\\/\\\/www.evcargo.com\\\/de\\\/#\\\/schema\\\/logo\\\/image\\\/\"}}]}<\/script>\n<!-- \/ Yoast SEO plugin. -->","yoast_head_json":{"title":"Allgemeine Gesch\u00e4ftsbedingungen | EV Cargo","description":"Mit der Nutzung dieser Website akzeptieren Sie die Allgemeinen Gesch\u00e4ftsbedingungen, die mit Ihrer ersten Nutzung der Website in Kraft treten. Bitte lesen Sie die vollst\u00e4ndigen Bedingungen.","robots":{"index":"index","follow":"follow","max-snippet":"max-snippet:-1","max-image-preview":"max-image-preview:large","max-video-preview":"max-video-preview:-1"},"canonical":"https:\/\/www.evcargo.com\/de\/policies-and-statements\/terms-and-conditions\/","og_locale":"de_DE","og_type":"article","og_title":"Terms and Conditions | EV Cargo","og_description":"Use of this site constitutes your acceptance of the terms and conditions, which take effect immediately on your first use of the site. Please read in full.","og_url":"https:\/\/www.evcargo.com\/de\/policies-and-statements\/terms-and-conditions\/","og_site_name":"EV Cargo","article_modified_time":"2023-05-03T13:39:29+00:00","og_image":[{"width":2400,"height":470,"url":"https:\/\/www.evcargo.com\/wp-content\/uploads\/2021\/06\/Untitled-design.png","type":"image\/png"}],"twitter_card":"summary_large_image","schema":{"@context":"https:\/\/schema.org","@graph":[{"@type":"WebPage","@id":"https:\/\/www.evcargo.com\/policies-and-statements\/terms-and-conditions\/","url":"https:\/\/www.evcargo.com\/policies-and-statements\/terms-and-conditions\/","name":"Allgemeine Gesch\u00e4ftsbedingungen | EV Cargo","isPartOf":{"@id":"https:\/\/www.evcargo.com\/de\/#website"},"primaryImageOfPage":{"@id":"https:\/\/www.evcargo.com\/policies-and-statements\/terms-and-conditions\/#primaryimage"},"image":{"@id":"https:\/\/www.evcargo.com\/policies-and-statements\/terms-and-conditions\/#primaryimage"},"thumbnailUrl":"https:\/\/www.evcargo.com\/wp-content\/uploads\/2021\/06\/Untitled-design.png","datePublished":"2021-05-27T19:33:56+00:00","dateModified":"2023-05-03T13:39:29+00:00","description":"Mit der Nutzung dieser Website akzeptieren Sie die Allgemeinen Gesch\u00e4ftsbedingungen, die mit Ihrer ersten Nutzung der Website in Kraft treten. Bitte lesen Sie die vollst\u00e4ndigen Bedingungen.","breadcrumb":{"@id":"https:\/\/www.evcargo.com\/policies-and-statements\/terms-and-conditions\/#breadcrumb"},"inLanguage":"de","potentialAction":[{"@type":"ReadAction","target":["https:\/\/www.evcargo.com\/policies-and-statements\/terms-and-conditions\/"]}]},{"@type":"ImageObject","inLanguage":"de","@id":"https:\/\/www.evcargo.com\/policies-and-statements\/terms-and-conditions\/#primaryimage","url":"https:\/\/www.evcargo.com\/wp-content\/uploads\/2021\/06\/Untitled-design.png","contentUrl":"https:\/\/www.evcargo.com\/wp-content\/uploads\/2021\/06\/Untitled-design.png","width":2400,"height":470},{"@type":"BreadcrumbList","@id":"https:\/\/www.evcargo.com\/policies-and-statements\/terms-and-conditions\/#breadcrumb","itemListElement":[{"@type":"ListItem","position":1,"name":"Policies and Statements","item":"https:\/\/www.evcargo.com\/policies-and-statements\/"},{"@type":"ListItem","position":2,"name":"Terms and Conditions"}]},{"@type":"WebSite","@id":"https:\/\/www.evcargo.com\/de\/#website","url":"https:\/\/www.evcargo.com\/de\/","name":"EV Cargo","description":"","publisher":{"@id":"https:\/\/www.evcargo.com\/de\/#organization"},"potentialAction":[{"@type":"SearchAction","target":{"@type":"EntryPoint","urlTemplate":"https:\/\/www.evcargo.com\/de\/?s={search_term_string}"},"query-input":{"@type":"PropertyValueSpecification","valueRequired":true,"valueName":"search_term_string"}}],"inLanguage":"de"},{"@type":"Organization","@id":"https:\/\/www.evcargo.com\/de\/#organization","name":"EV Cargo","alternateName":"EVC","url":"https:\/\/www.evcargo.com\/de\/","logo":{"@type":"ImageObject","inLanguage":"de","@id":"https:\/\/www.evcargo.com\/de\/#\/schema\/logo\/image\/","url":"https:\/\/www.evcargo.com\/wp-content\/uploads\/2025\/02\/ev-cargo-logo.png","contentUrl":"https:\/\/www.evcargo.com\/wp-content\/uploads\/2025\/02\/ev-cargo-logo.png","width":364,"height":78,"caption":"EV Cargo"},"image":{"@id":"https:\/\/www.evcargo.com\/de\/#\/schema\/logo\/image\/"}}]}},"_links":{"self":[{"href":"https:\/\/www.evcargo.com\/de\/wp-json\/wp\/v2\/pages\/1186","targetHints":{"allow":["GET"]}}],"collection":[{"href":"https:\/\/www.evcargo.com\/de\/wp-json\/wp\/v2\/pages"}],"about":[{"href":"https:\/\/www.evcargo.com\/de\/wp-json\/wp\/v2\/types\/page"}],"author":[{"embeddable":true,"href":"https:\/\/www.evcargo.com\/de\/wp-json\/wp\/v2\/users\/5"}],"replies":[{"embeddable":true,"href":"https:\/\/www.evcargo.com\/de\/wp-json\/wp\/v2\/comments?post=1186"}],"version-history":[{"count":0,"href":"https:\/\/www.evcargo.com\/de\/wp-json\/wp\/v2\/pages\/1186\/revisions"}],"up":[{"embeddable":true,"href":"https:\/\/www.evcargo.com\/de\/wp-json\/wp\/v2\/pages\/3722"}],"wp:featuredmedia":[{"embeddable":true,"href":"https:\/\/www.evcargo.com\/de\/wp-json\/wp\/v2\/media\/2103"}],"wp:attachment":[{"href":"https:\/\/www.evcargo.com\/de\/wp-json\/wp\/v2\/media?parent=1186"}],"curies":[{"name":"wp","href":"https:\/\/api.w.org\/{rel}","templated":true}]}}