{"id":138607,"date":"2023-04-05T10:52:09","date_gmt":"2023-04-05T09:52:09","guid":{"rendered":"https:\/\/evc.extramilecommunications.dev\/?page_id=138607"},"modified":"2024-08-13T14:27:25","modified_gmt":"2024-08-13T13:27:25","slug":"one-ev-cargo","status":"publish","type":"page","link":"https:\/\/www.evcargo.com\/de\/one-ev-cargo\/","title":{"rendered":"EINE EV-Fracht"},"content":{"rendered":"<section  class=\"hero-block bg-image\" data-aos=\"fade\" style=\"background-image: url(https:\/\/www.evcargo.com\/wp-content\/uploads\/2023\/04\/shutterstock_563430904banner.jpg);\">\n\n\t<div class=\"container-fluid\">\n\n\t\t<div class=\"hero-block__titles\">\n\n\t\t\t<h1>EINE EV-Fracht<\/h1>\t\t\t\t\t\t\t\t\t\t\t\t\t\t<div class=\"button-row\">\n\t\t\t\t\t\t\t\t\t\t\t<a href=\"https:\/\/www.evcargo.com\/en\/contact\/\" class=\"btn btn-white\">Eine Demo anfordern<\/a>\n\t\t\t\t\t\t\t\t\t<\/div>\n\t\t\t\t\t\t\t\t\t\t\t\t\t\t\t\t<\/div>\n\t\t\n\n\t\t        \n\t<\/div>\n\n<\/section>\n\n\t<div class=\"breadcrumbs\" typeof=\"BreadcrumbList\" vocab=\"https:\/\/schema.org\/\">\n\t\t<div class=\"container-fluid\">\n\t\t\t<span property=\"itemListElement\" typeof=\"ListItem\"><a property=\"item\" typeof=\"WebPage\" title=\"Gehe zu EV Cargo.\" href=\"https:\/\/www.evcargo.com\/de\" class=\"home\" aria-current=\"page\"><span property=\"name\">EV Cargo<\/span><\/a><meta property=\"position\" content=\"1\"><\/span>\t\t<\/div>\n\t<\/div>\n\n\n<section  class=\"centered-text-icons\">\n\n\t<div class=\"container-fluid\">\n\t\t\t\t<div class=\"centered-text-icons__titles\">\n\t\t<h2 data-aos=\"fade\">F\u00fchrende digitale Plattform<\/h2>\t\t<div data-aos=\"fade\" class=\"wysiwyg\"><p>ONE EV Cargo ist unsere f\u00fchrende digitale Plattform, die von \u00fcber 20.000 Supply-Chain-Experten genutzt wird, um den globalen Handel voranzutreiben und technologiegest\u00fctztes Supply-Chain-Management f\u00fcr alle gro\u00dfen und kleinen Kunden bereitzustellen.<\/p>\n<\/div>\n\t\t<\/div>\n\n\t\t\t\n\t\t\t\t\t<div class=\"centered-text-icons__theicons row\" >\n\n\t\t            \n\t\t\t\t\t\t\t\t\t\t\t\t\t<a href=\"https:\/\/www.evcargo.com\/en\/one-ev-cargo\/#trade\" data-aos=\"fade\" class=\"centered-text-icons__theicons__col withlink col-md-4\">\n\t\t\t\t\t\t\n\t\t\t\t\t\t\t\n\t\t\t\t\t\t\t\n\t\t\t\t\t\t\t\t\t\t\t\t\t\t    \t\t\t\t\t\t\t\t<i class=\"fal fa-handshake\"><\/i>\n\t\t\t\t\t\t\t\n\t\t\t\t\t\t\t<h4>Erleichterung des Handels<\/h4>\t\t\t\t\t\t\t\n\t\t\t\t\t\t\t\t\t\t\t\t\t\t\t<span class=\"button\"><em>Erfahren Sie mehr<\/em> <i class=\"fal fa-arrow-circle-right\"><\/i><\/span>\n\t\t\t\t\t\t\t\n\n\t\t\t\t\t\t\t\t\t\t\t\t\t<\/a>\n\t\t\t\t\t\t\n\t\t            \n\t\t\t\t\t\t\t\t\t\t\t\t\t<a href=\"https:\/\/www.evcargo.com\/en\/one-ev-cargo\/#value\" data-aos=\"fade\" class=\"centered-text-icons__theicons__col withlink col-md-4\">\n\t\t\t\t\t\t\n\t\t\t\t\t\t\t\n\t\t\t\t\t\t\t\n\t\t\t\t\t\t\t\t\t\t\t\t\t\t    \t\t\t\t\t\t\t\t<i class=\"fal fa-check\"><\/i>\n\t\t\t\t\t\t\t\n\t\t\t\t\t\t\t<h4>Wertsch\u00f6pfung<\/h4>\t\t\t\t\t\t\t\n\t\t\t\t\t\t\t\t\t\t\t\t\t\t\t<span class=\"button\"><em>Erfahren Sie mehr<\/em> <i class=\"fal fa-arrow-circle-right\"><\/i><\/span>\n\t\t\t\t\t\t\t\n\n\t\t\t\t\t\t\t\t\t\t\t\t\t<\/a>\n\t\t\t\t\t\t\n\t\t            \n\t\t\t\t\t\t\t\t\t\t\t\t\t<a href=\"https:\/\/www.evcargo.com\/en\/one-ev-cargo\/#innovation\" data-aos=\"fade\" class=\"centered-text-icons__theicons__col withlink col-md-4\">\n\t\t\t\t\t\t\n\t\t\t\t\t\t\t\n\t\t\t\t\t\t\t\n\t\t\t\t\t\t\t\t\t\t\t\t\t\t    \t\t\t\t\t\t\t\t<i class=\"fal fa-lightbulb\"><\/i>\n\t\t\t\t\t\t\t\n\t\t\t\t\t\t\t<h4>Innovationen vorantreiben<\/h4>\t\t\t\t\t\t\t\n\t\t\t\t\t\t\t\t\t\t\t\t\t\t\t<span class=\"button\"><em>Erfahren Sie mehr<\/em> <i class=\"fal fa-arrow-circle-right\"><\/i><\/span>\n\t\t\t\t\t\t\t\n\n\t\t\t\t\t\t\t\t\t\t\t\t\t<\/a>\n\t\t\t\t\t\t\n\t\t            \n\t\t        \t<\/div>\n\n\t\t        \n\n\t\t\t\t\n\t\t\t\n\n\n\t<\/div>\n\n<\/section>\n\n\n\n<section id=\"trade\" class=\"image-centered background__lightgrey\">\n\n    <div class=\"image-centered-content\">\n                <div >\n\n                                    <div class=\"image-centered__container\" >\n                        <img decoding=\"async\" class=\"image-centered__image\" src=\"https:\/\/www.evcargo.com\/wp-content\/uploads\/2023\/04\/Untitled-design-5-1.png\" alt=\"\" loading=\"lazy\" \/>\n                    <\/div>\n                                \n        <\/div>\n\n    <\/div>\n    \n    <style>\n        div.img-zoom-container {\n            background-position: 50% 50%;\n            background-repeat: no-repeat;\n            position: relative;\n            max-width: 860px;\n            width: 100%;\n            overflow: hidden;\n            cursor: zoom-in;\n        }\n\n        div.img-zoom-container img:hover {\n            opacity: 0;\n        }\n\n        div.img-zoom-container img {\n            transition: opacity 0.5s;\n            display: block;\n            width: auto;\n        }\n    <\/style>\n\n\n    <\/section>\n\n<section  class=\"centered-text-block background__lightgrey  wide-container\">\n\n\t<div class=\"container-fluid rmvspabove\" data-aos=\"fade-up\">\n\n\t\t<h2 data-aos=\"fade\">Erleichterung des Handels<\/h2>\t\t<div data-aos=\"fade\" class=\"wysiwyg\"><p>Unsere Kunden nutzen die ONE EV Cargo-Plattform, um ihre internationalen Sendungen zu beschaffen, auszuw\u00e4hlen, zu bestellen, zu versenden, zu verfolgen, zu verzollen und zuzustellen.<\/p>\n<p>Tausende von K\u00e4ufern, Produzenten und Logistikdienstleistern weltweit sind \u00fcber die EV Cargo-Plattform verbunden, die den sicheren und nachhaltigen internationalen Waren-, Daten- und Geldverkehr erm\u00f6glicht.<\/p>\n<p>F\u00fcr Inlandssendungen bietet ONE EV Cargo Echtzeit-Verfolgung und Transparenz, sodass unsere Kunden ihre Lieferketten von der Auftragsannahme bis zum endg\u00fcltigen Liefernachweis ausnahmsweise verwalten k\u00f6nnen.<\/p>\n<p>Unser immersives digitales Kundenerlebnis macht die Interaktion mit EV Cargo schnell und einfach und bietet technologiegest\u00fctztes Lieferkettenmanagement f\u00fcr alle.<\/p>\n\t\t\t<\/div>\t\t\n\t\t\t<\/div>\n\n\t<div class=\"watermark\"><\/div>\n\n<\/section>\n\n<section  class=\"block-gallery-slider background__lightgrey  overflow-previous\">\n\n\t<div class=\"container-fluid\" data-aos=\"fade\">\n\n\t\t<div class=\"row\">\n\n\t\t\t<div class=\"col-md-12\">\n\n\t\t\t\t<div class=\"block-gallery-slider__slider custom-slider\" data-columns=\"3\">\n\n\t\t\t\t\t\n\t\t\t\t\t\t<div class=\"block-gallery-slider__slider__slide\">\n\n\t\t\t\t\t\t\t<figure><img decoding=\"async\" src=\"https:\/\/www.evcargo.com\/wp-content\/uploads\/2023\/05\/3-1.png\" alt=\"\" loading=\"lazy\"><\/figure>\n\n\t\t\t\t\t\t<\/div>\n\n\t\t\t\t\t\n\t\t\t\t\t\t<div class=\"block-gallery-slider__slider__slide\">\n\n\t\t\t\t\t\t\t<figure><img decoding=\"async\" src=\"https:\/\/www.evcargo.com\/wp-content\/uploads\/2023\/05\/11-1.png\" alt=\"\" loading=\"lazy\"><\/figure>\n\n\t\t\t\t\t\t<\/div>\n\n\t\t\t\t\t\n\t\t\t\t\t\t<div class=\"block-gallery-slider__slider__slide\">\n\n\t\t\t\t\t\t\t<figure><img decoding=\"async\" src=\"https:\/\/www.evcargo.com\/wp-content\/uploads\/2023\/04\/EVC-Bardon-083-1600x600-1.jpg\" alt=\"\" loading=\"lazy\"><\/figure>\n\n\t\t\t\t\t\t<\/div>\n\n\t\t\t\t\t\n\t\t\t\t\t\t<div class=\"block-gallery-slider__slider__slide\">\n\n\t\t\t\t\t\t\t<figure><img decoding=\"async\" src=\"https:\/\/www.evcargo.com\/wp-content\/uploads\/2023\/05\/9-1.png\" alt=\"\" loading=\"lazy\"><\/figure>\n\n\t\t\t\t\t\t<\/div>\n\n\t\t\t\t\t\n\t\t\t\t\t\t<div class=\"block-gallery-slider__slider__slide\">\n\n\t\t\t\t\t\t\t<figure><img decoding=\"async\" src=\"https:\/\/www.evcargo.com\/wp-content\/uploads\/2023\/05\/12-1.png\" alt=\"\" loading=\"lazy\"><\/figure>\n\n\t\t\t\t\t\t<\/div>\n\n\t\t\t\t\t\n\t\t\t\t\t\t<div class=\"block-gallery-slider__slider__slide\">\n\n\t\t\t\t\t\t\t<figure><img decoding=\"async\" src=\"https:\/\/www.evcargo.com\/wp-content\/uploads\/2023\/04\/EV-Cargo-Ashby-22-136600x600-1.jpg\" alt=\"\" loading=\"lazy\"><\/figure>\n\n\t\t\t\t\t\t<\/div>\n\n\t\t\t\t\t\n\t\t\t\t<\/div>\n\n\t\t\t\t<nav class=\"custom-slider__nav\">\n    <button class=\"custom-slider-nav-item custom-slider-prev\">\n        <svg xmlns=\"http:\/\/www.w3.org\/2000\/svg\" width=\"29\" height=\"29\" viewbox=\"0 0 29 29\">\n            <g id=\"Group_2_Copy\" data-name=\"Group 2 Copy\" transform=\"translate(29 29.5) rotate(-180)\">\n                <path id=\"Path_4\" data-name=\"Path 4\" d=\"M0,0,6,5.625,0,11.25\" transform=\"translate(13 9.375)\" fill=\"none\" stroke=\"#EE7203\" stroke-linecap=\"round\" stroke-linejoin=\"round\" stroke-miterlimit=\"10\" stroke-width=\"2\"\/>\n                <g id=\"Oval\" transform=\"translate(0 0.5)\" fill=\"none\" stroke=\"#EE7203\" stroke-miterlimit=\"10\" stroke-width=\"2\">\n                <circle cx=\"14.5\" cy=\"14.5\" r=\"14.5\" stroke=\"none\"\/>\n                <circle cx=\"14.5\" cy=\"14.5\" r=\"13.5\" fill=\"none\"\/>\n                <\/g>\n            <\/g>\n        <\/svg>\n    <\/button>\n    <button class=\"custom-slider-nav-item custom-slider-next\">\n        <svg xmlns=\"http:\/\/www.w3.org\/2000\/svg\" width=\"29\" height=\"28.033\" viewbox=\"0 0 29 28.033\">\n            <g id=\"Group_2\" data-name=\"Group 2\" transform=\"translate(-512 -454.483)\">\n                <g id=\"Group_2-2\" data-name=\"Group 2\" transform=\"translate(512 454)\">\n                <path id=\"Path_4\" data-name=\"Path 4\" d=\"M0,0,6,5.438,0,10.875\" transform=\"translate(13 9.063)\" fill=\"none\" stroke=\"#EE7203\" stroke-linecap=\"round\" stroke-linejoin=\"round\" stroke-miterlimit=\"10\" stroke-width=\"2\"\/>\n                <g id=\"Oval\" transform=\"translate(0 0.483)\" fill=\"none\" stroke=\"#EE7203\" stroke-miterlimit=\"10\" stroke-width=\"2\">\n                    <ellipse cx=\"14.5\" cy=\"14.017\" rx=\"14.5\" ry=\"14.017\" stroke=\"none\"\/>\n                    <ellipse cx=\"14.5\" cy=\"14.017\" rx=\"13.5\" ry=\"13.017\" fill=\"none\"\/>\n                <\/g>\n                <\/g>\n            <\/g>\n        <\/svg>\n    <\/button>\n<\/nav>\n\n\t\t\t<\/div>\n\n\t\t<\/div>\n\t\t\n\t<\/div>\n\n<\/section>\n\n\n\n<section id=\"value\" class=\"text-image  background__white\">\n\t<div class=\"container-fluid\">\n\t\t<div class=\"row\">\n\t\t\t<div class=\"text-image__image col-md-6 order-md-2\" data-aos=\"fade-left\">\n                <div style=\"width: 100%;\">\n    \t\t\t\t\n    \t\t\t\t\n    \t\t\t\t    <img decoding=\"async\" src=\"https:\/\/www.evcargo.com\/wp-content\/uploads\/2023\/03\/Group-4.png\" alt=\"Group 4\" style = \"width: 100%;\" loading=\"lazy\" \/>\n    \t\t\t\t    \t\t\t<\/div>\n\t\t\t<\/div>\n\n\t\t\t<div class=\"text-image__text col-md-6 order-md-1\" data-aos=\"fade-right\">\n\t\t\t\t\t\t\t\t\t<h2>Wertsch\u00f6pfung<\/h2>\n\t\t\t\t\t\t\t\t\t<div class=\"wysiwyg\">\n\t\t\t\t\t\t<p>ONE EV Cargo tr\u00e4gt dazu bei, einen sinnvollen Mehrwert f\u00fcr unsere Kunden zu schaffen:<\/p>\n<p><strong>H\u00f6herer Umsatz<\/strong><br \/>\nBessere Kundenverf\u00fcgbarkeit, weniger entgangene Ums\u00e4tze.<\/p>\n<p><strong>H\u00f6herer Gewinn<\/strong><br \/>\nBesserer Abverkauf zum vollen Preis, weniger Preisnachl\u00e4sse.<\/p>\n<p><strong>Geringeres Inventar<\/strong><br \/>\nBessere Bestandsproduktivit\u00e4t, niedrigere Sicherheitsbest\u00e4nde.<\/p>\n<p><strong>Geringere Logistikkosten<\/strong><br \/>\nBesseres Routing und Laden, weniger, g\u00fcnstigere Kilometer.<\/p>\n\t\t\t\t\t<\/div>\n\t\t\t\t\n\t\t\t\t\t\t\t\t\t<a href=\"https:\/\/www.evcargo.com\/en\/contact\/\" target=\"_self\" class=\"btn\">\n\t\t\t\t\t\tKontaktieren Sie Uns\t\t\t\t\t<\/a>\n\t\t\t\t\t\t\t<\/div>\n\t\t<\/div>\n\t<\/div>\n\n    <div class=\"watermark\"><\/div>\n<\/section>\n\n\n\n<section id=\"innovation\" class=\"text-image  background__darkgrey\">\n\t<div class=\"container-fluid\">\n\t\t<div class=\"row switch-columns\">\n\t\t\t<div class=\"text-image__image col-md-6 order-md-2\" data-aos=\"fade-left\">\n                <div style=\"width: 100%;\">\n    \t\t\t\t\n    \t\t\t\t\n    \t\t\t\t    <img decoding=\"async\" src=\"https:\/\/www.evcargo.com\/wp-content\/uploads\/2023\/05\/Heath-EV-cargo-Tour-133.jpg\" alt=\"Heath-EV-cargo-Tour-133\" style = \"width: 100%;\" loading=\"lazy\" \/>\n    \t\t\t\t    \t\t\t<\/div>\n\t\t\t<\/div>\n\n\t\t\t<div class=\"text-image__text col-md-6 order-md-1\" data-aos=\"fade-right\">\n\t\t\t\t\t\t\t\t\t<h2>Innovationen vorantreiben<\/h2>\n\t\t\t\t\t\t\t\t\t<div class=\"wysiwyg\">\n\t\t\t\t\t\t<p>Die vier S\u00e4ulen unserer Digitalstrategie:<\/p>\n<p><strong>Digitale Erfahrung<\/strong><br \/>\nUm ein immersives digitales Kundenerlebnis zu schaffen.<\/p>\n<p><strong>Service-Innovation<\/strong><br \/>\nUm unsere Kunden mit Serviceinnovationen zu begeistern.<\/p>\n<p><strong>Vereinfachen<\/strong><br \/>\nUm die Arbeit unserer Mitarbeiter zu vereinfachen.<\/p>\n<p><strong>Entscheidungsfindung<\/strong><br \/>\nDamit unsere Manager gro\u00dfartige Entscheidungen treffen k\u00f6nnen.<\/p>\n\t\t\t\t\t<\/div>\n\t\t\t\t\n\t\t\t\t\t\t\t<\/div>\n\t\t<\/div>\n\t<\/div>\n\n    <div class=\"watermark\"><\/div>\n<\/section>\n\n\n<section  class=\"two-column-block background__white\">\n\t<div class=\"container-fluid\">\n\t\t\t\t\t<h2 data-aos=\"fade\">Innovation in Aktion<\/h2>\n\t\t\t\t\n\t\t<div class=\"two-column-block__row row\">\n\t\t\t<div data-aos=\"fade\" class=\"two-column-block__row__col col-md-6 mb-4 mb-md-0\">\n\t\t\t\t\t\t\t\t\t\n\t\t\t\t\t<div class=\"wysiwyg\">\n\t\t\t\t\t\t<p>Im SuperHub f\u00fcr die zentrale Palettensortierung, der sich im Herzen unseres LTL-Stra\u00dfenfrachtnetzwerks befindet, haben wir innovative Technologiel\u00f6sungen f\u00fcr unsere Gabelstapler eingesetzt, die alle vier S\u00e4ulen der digitalen Strategie erf\u00fcllen und unser branchenf\u00fchrendes Serviceangebot vorantreiben.<\/p>\n<p>Da jeder LKW t\u00e4glich \u00fcber 500 einzelne Palettenbewegungen abwickelt, sind genaue und zeitnahe Daten entscheidend, um unseren Mitgliedern und Kunden eine unerm\u00fcdliche Servicequalit\u00e4t und Zuverl\u00e4ssigkeit zu bieten.<\/p>\n\t\t\t\t\t<\/div>\n\n\t\t\t\t\t\t\t\t\t\t\t\n\t\t\t<\/div>\n\t\t\t<div data-aos=\"fade\" class=\"two-column-block__row__col col-md-6\">\n\t\t\t\t\t\t\t\t\t\n\t\t\t\t\t<div class=\"wysiwyg\">\n\t\t\t\t\t\t<p>Alle Gabelstapler im SuperHub sind mit einer patentierten propriet\u00e4ren Technologie ausgestattet, die jede Palette beim Entladen in den Hub automatisch wiegt, gleichzeitig den Barcode scannt, das Gewicht mit der spezifischen Paletten-ID verkn\u00fcpft und die Daten in ONE EV Cargo hochl\u00e4dt, wodurch die Genauigkeit gew\u00e4hrleistet wird Gewichte f\u00fcr Sicherheit und Einhaltung gesetzlicher Vorschriften.<\/p>\n<p>Sie verf\u00fcgen auch \u00fcber hochaufl\u00f6sende Kameras, die bei jeder Abholung automatisch ein Bild jeder Palette aufnehmen, die Bilder mithilfe eines Etikettenscans einer Paletten-ID zuordnen und diese Bilder dann in der Sendungsdatei von ONE EV Cargo als Aufzeichnung speichern k\u00f6rperliche Verfassung, um eine un\u00fcbertroffene Sichtbarkeit der Fracht zu gew\u00e4hrleisten.<\/p>\n<p>&nbsp;<\/p>\n\t\t\t\t\t<\/div>\n\t\t\t\t\t\n\t\t\t\t\t\t\t\t\t\t\t\n\t\t\t<\/div>\n\t\t<\/div>\n\t<\/div>\n<\/section>","protected":false},"excerpt":{"rendered":"","protected":false},"author":5,"featured_media":0,"parent":0,"menu_order":0,"comment_status":"closed","ping_status":"closed","template":"","meta":{"_acf_changed":false,"footnotes":""},"class_list":["post-138607","page","type-page","status-publish","hentry"],"acf":[],"yoast_head":"<!-- This site is optimized with the Yoast SEO plugin v27.3 - https:\/\/yoast.com\/product\/yoast-seo-wordpress\/ -->\n<title>ONE EV Cargo | Digital Platform | EV Cargo<\/title>\n<meta name=\"description\" content=\"ONE EV Cargo is our leading digital platform used by over 20,000 supply chain professionals to power global trade and delivery technology. Find out more.\" \/>\n<meta name=\"robots\" content=\"index, follow, max-snippet:-1, max-image-preview:large, max-video-preview:-1\" \/>\n<link rel=\"canonical\" href=\"https:\/\/www.evcargo.com\/de\/one-ev-cargo\/\" \/>\n<meta property=\"og:locale\" content=\"de_DE\" \/>\n<meta property=\"og:type\" content=\"article\" \/>\n<meta property=\"og:title\" content=\"ONE EV Cargo | Digital Platform | EV Cargo\" \/>\n<meta property=\"og:description\" content=\"ONE EV Cargo is our leading digital platform used by over 20,000 supply chain professionals to power global trade and delivery technology. Find out more.\" \/>\n<meta property=\"og:url\" content=\"https:\/\/www.evcargo.com\/de\/one-ev-cargo\/\" \/>\n<meta property=\"og:site_name\" content=\"EV Cargo\" \/>\n<meta property=\"article:modified_time\" content=\"2024-08-13T13:27:25+00:00\" \/>\n<meta name=\"twitter:card\" content=\"summary_large_image\" \/>\n<script type=\"application\/ld+json\" class=\"yoast-schema-graph\">{\"@context\":\"https:\\\/\\\/schema.org\",\"@graph\":[{\"@type\":\"WebPage\",\"@id\":\"https:\\\/\\\/www.evcargo.com\\\/zh\\\/one-ev-cargo\\\/\",\"url\":\"https:\\\/\\\/www.evcargo.com\\\/zh\\\/one-ev-cargo\\\/\",\"name\":\"ONE EV Cargo | Digital Platform | EV Cargo\",\"isPartOf\":{\"@id\":\"https:\\\/\\\/www.evcargo.com\\\/de\\\/#website\"},\"datePublished\":\"2023-04-05T09:52:09+00:00\",\"dateModified\":\"2024-08-13T13:27:25+00:00\",\"description\":\"ONE EV Cargo is our leading digital platform used by over 20,000 supply chain professionals to power global trade and delivery technology. Find out more.\",\"inLanguage\":\"de\",\"potentialAction\":[{\"@type\":\"ReadAction\",\"target\":[\"https:\\\/\\\/www.evcargo.com\\\/zh\\\/one-ev-cargo\\\/\"]}]},{\"@type\":\"WebSite\",\"@id\":\"https:\\\/\\\/www.evcargo.com\\\/de\\\/#website\",\"url\":\"https:\\\/\\\/www.evcargo.com\\\/de\\\/\",\"name\":\"EV Cargo\",\"description\":\"\",\"publisher\":{\"@id\":\"https:\\\/\\\/www.evcargo.com\\\/de\\\/#organization\"},\"potentialAction\":[{\"@type\":\"SearchAction\",\"target\":{\"@type\":\"EntryPoint\",\"urlTemplate\":\"https:\\\/\\\/www.evcargo.com\\\/de\\\/?s={search_term_string}\"},\"query-input\":{\"@type\":\"PropertyValueSpecification\",\"valueRequired\":true,\"valueName\":\"search_term_string\"}}],\"inLanguage\":\"de\"},{\"@type\":\"Organization\",\"@id\":\"https:\\\/\\\/www.evcargo.com\\\/de\\\/#organization\",\"name\":\"EV Cargo\",\"alternateName\":\"EVC\",\"url\":\"https:\\\/\\\/www.evcargo.com\\\/de\\\/\",\"logo\":{\"@type\":\"ImageObject\",\"inLanguage\":\"de\",\"@id\":\"https:\\\/\\\/www.evcargo.com\\\/de\\\/#\\\/schema\\\/logo\\\/image\\\/\",\"url\":\"https:\\\/\\\/www.evcargo.com\\\/wp-content\\\/uploads\\\/2025\\\/02\\\/ev-cargo-logo.png\",\"contentUrl\":\"https:\\\/\\\/www.evcargo.com\\\/wp-content\\\/uploads\\\/2025\\\/02\\\/ev-cargo-logo.png\",\"width\":364,\"height\":78,\"caption\":\"EV Cargo\"},\"image\":{\"@id\":\"https:\\\/\\\/www.evcargo.com\\\/de\\\/#\\\/schema\\\/logo\\\/image\\\/\"}}]}<\/script>\n<!-- \/ Yoast SEO plugin. -->","yoast_head_json":{"title":"ONE EV Cargo | Digitale Plattform | EV Cargo","description":"ONE EV Cargo ist unsere f\u00fchrende digitale Plattform, die von \u00fcber 20.000 Supply-Chain-Experten genutzt wird, um globale Handels- und Liefertechnologien voranzutreiben. Erfahren Sie mehr.","robots":{"index":"index","follow":"follow","max-snippet":"max-snippet:-1","max-image-preview":"max-image-preview:large","max-video-preview":"max-video-preview:-1"},"canonical":"https:\/\/www.evcargo.com\/de\/one-ev-cargo\/","og_locale":"de_DE","og_type":"article","og_title":"ONE EV Cargo | Digital Platform | EV Cargo","og_description":"ONE EV Cargo is our leading digital platform used by over 20,000 supply chain professionals to power global trade and delivery technology. Find out more.","og_url":"https:\/\/www.evcargo.com\/de\/one-ev-cargo\/","og_site_name":"EV Cargo","article_modified_time":"2024-08-13T13:27:25+00:00","twitter_card":"summary_large_image","schema":{"@context":"https:\/\/schema.org","@graph":[{"@type":"WebPage","@id":"https:\/\/www.evcargo.com\/zh\/one-ev-cargo\/","url":"https:\/\/www.evcargo.com\/zh\/one-ev-cargo\/","name":"ONE EV Cargo | Digitale Plattform | EV Cargo","isPartOf":{"@id":"https:\/\/www.evcargo.com\/de\/#website"},"datePublished":"2023-04-05T09:52:09+00:00","dateModified":"2024-08-13T13:27:25+00:00","description":"ONE EV Cargo ist unsere f\u00fchrende digitale Plattform, die von \u00fcber 20.000 Supply-Chain-Experten genutzt wird, um globale Handels- und Liefertechnologien voranzutreiben. Erfahren Sie mehr.","inLanguage":"de","potentialAction":[{"@type":"ReadAction","target":["https:\/\/www.evcargo.com\/zh\/one-ev-cargo\/"]}]},{"@type":"WebSite","@id":"https:\/\/www.evcargo.com\/de\/#website","url":"https:\/\/www.evcargo.com\/de\/","name":"EV Cargo","description":"","publisher":{"@id":"https:\/\/www.evcargo.com\/de\/#organization"},"potentialAction":[{"@type":"SearchAction","target":{"@type":"EntryPoint","urlTemplate":"https:\/\/www.evcargo.com\/de\/?s={search_term_string}"},"query-input":{"@type":"PropertyValueSpecification","valueRequired":true,"valueName":"search_term_string"}}],"inLanguage":"de"},{"@type":"Organization","@id":"https:\/\/www.evcargo.com\/de\/#organization","name":"EV Cargo","alternateName":"EVC","url":"https:\/\/www.evcargo.com\/de\/","logo":{"@type":"ImageObject","inLanguage":"de","@id":"https:\/\/www.evcargo.com\/de\/#\/schema\/logo\/image\/","url":"https:\/\/www.evcargo.com\/wp-content\/uploads\/2025\/02\/ev-cargo-logo.png","contentUrl":"https:\/\/www.evcargo.com\/wp-content\/uploads\/2025\/02\/ev-cargo-logo.png","width":364,"height":78,"caption":"EV Cargo"},"image":{"@id":"https:\/\/www.evcargo.com\/de\/#\/schema\/logo\/image\/"}}]}},"_links":{"self":[{"href":"https:\/\/www.evcargo.com\/de\/wp-json\/wp\/v2\/pages\/138607","targetHints":{"allow":["GET"]}}],"collection":[{"href":"https:\/\/www.evcargo.com\/de\/wp-json\/wp\/v2\/pages"}],"about":[{"href":"https:\/\/www.evcargo.com\/de\/wp-json\/wp\/v2\/types\/page"}],"author":[{"embeddable":true,"href":"https:\/\/www.evcargo.com\/de\/wp-json\/wp\/v2\/users\/5"}],"replies":[{"embeddable":true,"href":"https:\/\/www.evcargo.com\/de\/wp-json\/wp\/v2\/comments?post=138607"}],"version-history":[{"count":0,"href":"https:\/\/www.evcargo.com\/de\/wp-json\/wp\/v2\/pages\/138607\/revisions"}],"wp:attachment":[{"href":"https:\/\/www.evcargo.com\/de\/wp-json\/wp\/v2\/media?parent=138607"}],"curies":[{"name":"wp","href":"https:\/\/api.w.org\/{rel}","templated":true}]}}