{"id":1442,"date":"2021-06-10T16:07:10","date_gmt":"2021-06-10T15:07:10","guid":{"rendered":"https:\/\/evc.extramilecommunications.dev\/?page_id=1442"},"modified":"2025-07-30T09:24:43","modified_gmt":"2025-07-30T08:24:43","slug":"industries","status":"publish","type":"page","link":"https:\/\/www.evcargo.com\/de\/industries\/","title":{"rendered":"Branchen"},"content":{"rendered":"<section  class=\"page-hero background__lightgrey\">\n\t<div class=\"page-hero__bottom\">\n\t\t<div class=\"container-fluid\">\n\t\t\t\t\t\t\t<div class=\"page-hero__bottom__centertext\" data-aos=\"fade\">\n\t\t\t\t\t<h1>Logistik f\u00fcr die Industrie<\/h1>\n<p>Unabh\u00e4ngig von Ihrer Branche hat EV Cargo die Lieferkettenl\u00f6sung f\u00fcr Ihre Anforderungen.<\/p>\n\t\t\t\t<\/div>\n\t\t\t\t\t<\/div>\n\t<\/div>\n\n\t<div class=\"page-hero__rows\">\n\t\t<div class=\"container-fluid\">\n\t\t\t\t\t\t\t<div class=\"page-hero__bottom__blocks row\">\n\t\t\t\t\t\t\t\t\t\t\t<div class=\"page-hero__bottom__blocks__col col-md-6\" data-aos=\"fade\">\n\t\t\t\t\t\t\t<div class=\"page-hero__bottom__blocks__col-inner\">\n\t\t\t\t\t\t\t\t<div class=\"image-container\">\n\t\t\t\t\t\t\t\t\t<img class=\"page-hero__bottom_image\" src =\"https:\/\/www.evcargo.com\/wp-content\/uploads\/2023\/04\/EV-Cargo_Magor-Brewery-018.jpg600x250.jpg\" alt=\"\" loading=\"lazy\" \/>\n\t\t\t\t\t\t\t\t<\/div>\n\t\t\t\t\t\t\t\t<div class=\"content-container\">\n\t\t\t\t\t\t\t\t\t\t\t\t\t\t\t\t\t\t\t<h3>Verbraucherlogistik<\/h3>\t\t\t\t\t\t\t\t\n\t\t\t\t\t\t\t\t\t<div class=\"content\">\n\t\t\t\t\t\t\t\t\t\t<p>EV Cargo verf\u00fcgt \u00fcber einzigartige Erfahrung im Management nationaler und internationaler Lieferketten f\u00fcr Konsumg\u00fcter \u00fcber alle Vertriebskan\u00e4le hinweg, von der Hauptstra\u00dfe \u00fcber den Supermarkt bis hin zum Online-Gesch\u00e4ft.<\/p>\n\t\t\t\t\t\t\t\t\t\t\t<a href=\"https:\/\/www.evcargo.com\/en\/industries\/consumer\/\" target=\"_self\" class=\"btn green-btn\"  title=\"mehr \u00fcber Verbraucherlogistik erfahren\">\n\t\t\t\t\t\t\t\t\t\t\t\tFinden Sie mehr heraus\t\t\t\t\t\t\t\t\t\t\t<\/a>\n\t\t\t\t\t\t\t\t\t\t\t\t\t\t\t\t\t\t\t<\/div>\n\t\t\t\t\t\t\t<\/div>\n\t\t\t\t\t\t\t<\/div>\n\t\t\t\t\t\t<\/div>\n\t\t\t\t\t\t\t\t\t\t\t<div class=\"page-hero__bottom__blocks__col col-md-6\" data-aos=\"fade\">\n\t\t\t\t\t\t\t<div class=\"page-hero__bottom__blocks__col-inner\">\n\t\t\t\t\t\t\t\t<div class=\"image-container\">\n\t\t\t\t\t\t\t\t\t<img class=\"page-hero__bottom_image\" src =\"https:\/\/www.evcargo.com\/wp-content\/uploads\/2023\/04\/EVC-Bardon-091600x250-1.jpg\" alt=\"\" loading=\"lazy\" \/>\n\t\t\t\t\t\t\t\t<\/div>\n\t\t\t\t\t\t\t\t<div class=\"content-container\">\n\t\t\t\t\t\t\t\t\t\t\t\t\t\t\t\t\t\t\t<h3>Industrielogistik <\/h3>\t\t\t\t\t\t\t\t\n\t\t\t\t\t\t\t\t\t<div class=\"content\">\n\t\t\t\t\t\t\t\t\t\t<p>EV Cargo hat sich ein umfassendes Know-how im Management von Lieferketten in mehreren wichtigen Industriezweigen aufgebaut und hochwirksame ma\u00dfgeschneiderte L\u00f6sungen f\u00fcr Luft- und Seefracht, Stra\u00dfeng\u00fcterverkehr und Kontraktlogistik geschaffen.<\/p>\n\t\t\t\t\t\t\t\t\t\t\t<a href=\"https:\/\/www.evcargo.com\/en\/industries\/industrial\/\" target=\"_self\" class=\"btn green-btn\"  title=\"mehr erfahren \u00fcber Industrielogistik \">\n\t\t\t\t\t\t\t\t\t\t\t\tFinden Sie mehr heraus\t\t\t\t\t\t\t\t\t\t\t<\/a>\n\t\t\t\t\t\t\t\t\t\t\t\t\t\t\t\t\t\t\t<\/div>\n\t\t\t\t\t\t\t<\/div>\n\t\t\t\t\t\t\t<\/div>\n\t\t\t\t\t\t<\/div>\n\t\t\t\t\t\t\t\t\t\t\t<div class=\"page-hero__bottom__blocks__col col-md-6\" data-aos=\"fade\">\n\t\t\t\t\t\t\t<div class=\"page-hero__bottom__blocks__col-inner\">\n\t\t\t\t\t\t\t\t<div class=\"image-container\">\n\t\t\t\t\t\t\t\t\t<img class=\"page-hero__bottom_image\" src =\"https:\/\/www.evcargo.com\/wp-content\/uploads\/2023\/05\/Untitled-design-3-1.png\" alt=\"\" loading=\"lazy\" \/>\n\t\t\t\t\t\t\t\t<\/div>\n\t\t\t\t\t\t\t\t<div class=\"content-container\">\n\t\t\t\t\t\t\t\t\t\t\t\t\t\t\t\t\t\t\t<h3>Speziallogistik<\/h3>\t\t\t\t\t\t\t\t\n\t\t\t\t\t\t\t\t\t<div class=\"content\">\n\t\t\t\t\t\t\t\t\t\t<p>EV Cargo verf\u00fcgt \u00fcber un\u00fcbertroffene Erfahrung und Fachwissen in mehreren wichtigen, hochwertigen Spezialbranchen, die unerbittliche Servicezuverl\u00e4ssigkeit in komplexen und zeitkritischen Betriebsumgebungen bieten.<\/p>\n\t\t\t\t\t\t\t\t\t\t\t<a href=\"https:\/\/www.evcargo.com\/en\/industries\/specialist\/\" target=\"_self\" class=\"btn green-btn\"  title=\"mehr erfahren \u00fcber Speziallogistik\">\n\t\t\t\t\t\t\t\t\t\t\t\tFinden Sie mehr heraus\t\t\t\t\t\t\t\t\t\t\t<\/a>\n\t\t\t\t\t\t\t\t\t\t\t\t\t\t\t\t\t\t\t<\/div>\n\t\t\t\t\t\t\t<\/div>\n\t\t\t\t\t\t\t<\/div>\n\t\t\t\t\t\t<\/div>\n\t\t\t\t\t\t\t\t\t<\/div>\n\n\t\t\t\t<div class=\"watermark\"><\/div>\n\t\t\t\t\t<\/div>\n\t<\/div>\n<\/section>\n\n\n\n<section  class=\"text-image  background__darkgrey\">\n\t<div class=\"container-fluid\">\n\t\t<div class=\"row\">\n\t\t\t<div class=\"text-image__image col-md-6 order-md-2\" data-aos=\"fade-left\">\n                <div style=\"width: 100%;\">\n    \t\t\t\t\n    \t\t\t\t\n    \t\t\t\t    <img decoding=\"async\" src=\"https:\/\/www.evcargo.com\/wp-content\/uploads\/2022\/08\/EVC-Bardon-040.jpg\" alt=\"EVC-Bardon-040\" style = \"width: 100%;\" loading=\"lazy\" \/>\n    \t\t\t\t    \t\t\t<\/div>\n\t\t\t<\/div>\n\n\t\t\t<div class=\"text-image__text col-md-6 order-md-1\" data-aos=\"fade-right\">\n\t\t\t\t\t\t\t\t\t<h2>Wie EV Cargo die Optimierung der Lieferkette unterst\u00fctzen kann <\/h2>\n\t\t\t\t\t\t\t\t\t<div class=\"wysiwyg\">\n\t\t\t\t\t\t<p>Durch bahnbrechende Innovationen treiben wir die globale Wirtschaft an, indem wir technologiegest\u00fctzte Lieferketten- und Logistikdienste f\u00fcr die weltweit f\u00fchrenden Marken bereitstellen.<\/p>\n\t\t\t\t\t<\/div>\n\t\t\t\t\n\t\t\t\t\t\t\t\t\t<a href=\"https:\/\/youtu.be\/kaL3h3bTRYQ\" target=\"_self\" class=\"btn\">\n\t\t\t\t\t\tSchau Video\t\t\t\t\t<\/a>\n\t\t\t\t\t\t\t<\/div>\n\t\t<\/div>\n\t<\/div>\n\n    <div class=\"watermark\"><\/div>\n<\/section>\n\n\n\n<section  class=\"one-column-block background__white\" style=\"background-image:url(https:\/\/www.evcargo.com\/wp-content\/uploads\/2023\/04\/EV-Cargo_Magor-Brewery-0081900x600-1.jpg)\">\n\t<div class=\"overlay\"><\/div>\t<div class=\"container-fluid\">\n\t\t\t\t<div class=\"one-column-block__row row\">\n\t\t\t<div data-aos=\"fade\" class=\"one-column-block__row__col col-md-12\"  style=\"flex-direction: column;\">\n\t\t\t\t<button type=\"button\" title=\"\u00d6ffnen Sie das Video in einem modalen Fenster\" class=\"open-video-modal bs-modal-trigger\" data-toggle=\"toggle\" data-target=\"block_b772f71bdfbfdb80acb12a8e26632a91\"><i class=\"fal fa-play-circle open-video-popup\"><\/i><\/button><h3>Schau das Video<\/h3>\t\t\n\t\t\t<\/div>\n\t\t<\/div>\n\n\t\t\n\t\t\t<div class=\"modal fade\" id=\"block_b772f71bdfbfdb80acb12a8e26632a91\" tabindex=\"-1\" role=\"dialog\" aria-labelledby=\"block_b772f71bdfbfdb80acb12a8e26632a91-title\" aria-hidden=\"true\">\n    <div class=\"modal-dialog modal-dialog-centered\" role=\"document\">\n        <div class=\"modal-content\">\n        <div class=\"modal-header\">\n            <h5 class=\"modal-title\" id=\"block_b772f71bdfbfdb80acb12a8e26632a91-title\">Video<\/h5>\n            <button type=\"button\" class=\"close\" data-dismiss=\"modal\" aria-label=\"Nah dran\">\n            <span aria-hidden=\"true\">\u00d7<\/span>\n            <\/button>\n        <\/div>\n        <div class=\"modal-body\">\n                                <div class=\"embed-responsive embed-responsive-16by9\"><iframe loading=\"lazy\" title=\"EV Cargo Showreel\" width=\"640\" height=\"360\" src=\"https:\/\/www.youtube.com\/embed\/kaL3h3bTRYQ?feature=oembed\" frameborder=\"0\" allow=\"accelerometer; autoplay; clipboard-write; encrypted-media; gyroscope; picture-in-picture; web-share\" referrerpolicy=\"strict-origin-when-cross-origin\" allowfullscreen><\/iframe><\/div>                    <\/div>\n        <div class=\"modal-footer\">\n            <button type=\"button\" class=\"btn btn-secondary\" data-dismiss=\"modal\">Nah dran<\/button>\n        <\/div>\n        <\/div>\n    <\/div>\n<\/div>\t\t\t<\/div>\n<\/section>","protected":false},"excerpt":{"rendered":"<p>Unabh\u00e4ngig von Ihrer Branche hat EV Cargo die Lieferkettenl\u00f6sung f\u00fcr Ihre Anforderungen.<\/p>","protected":false},"author":9,"featured_media":2923,"parent":0,"menu_order":0,"comment_status":"closed","ping_status":"closed","template":"","meta":{"_acf_changed":false,"footnotes":""},"class_list":["post-1442","page","type-page","status-publish","has-post-thumbnail","hentry"],"acf":[],"yoast_head":"<!-- This site is optimized with the Yoast SEO plugin v27.3 - https:\/\/yoast.com\/product\/yoast-seo-wordpress\/ -->\n<title>Supply Chain Solutions: By Industry | EV Cargo<\/title>\n<meta name=\"description\" content=\"Whatever your business, EV Cargo has supply chain &amp; logistics solutions for you. We support consumer, industrial &amp; specialist sectors globally.\" \/>\n<meta name=\"robots\" content=\"index, follow, max-snippet:-1, max-image-preview:large, max-video-preview:-1\" \/>\n<link rel=\"canonical\" href=\"https:\/\/www.evcargo.com\/de\/industries\/\" \/>\n<meta property=\"og:locale\" content=\"de_DE\" \/>\n<meta property=\"og:type\" content=\"article\" \/>\n<meta property=\"og:title\" content=\"Supply Chain Solutions: By Industry | EV Cargo\" \/>\n<meta property=\"og:description\" content=\"Whatever your business, EV Cargo has supply chain &amp; logistics solutions for you. We support consumer, industrial &amp; specialist sectors globally.\" \/>\n<meta property=\"og:url\" content=\"https:\/\/www.evcargo.com\/de\/industries\/\" \/>\n<meta property=\"og:site_name\" content=\"EV Cargo\" \/>\n<meta property=\"article:modified_time\" content=\"2025-07-30T08:24:43+00:00\" \/>\n<meta property=\"og:image\" content=\"https:\/\/www.evcargo.com\/wp-content\/uploads\/2021\/06\/14641-049.jpg\" \/>\n\t<meta property=\"og:image:width\" content=\"1200\" \/>\n\t<meta property=\"og:image:height\" content=\"800\" \/>\n\t<meta property=\"og:image:type\" content=\"image\/jpeg\" \/>\n<meta name=\"twitter:card\" content=\"summary_large_image\" \/>\n<script type=\"application\/ld+json\" class=\"yoast-schema-graph\">{\"@context\":\"https:\\\/\\\/schema.org\",\"@graph\":[{\"@type\":\"WebPage\",\"@id\":\"https:\\\/\\\/www.evcargo.com\\\/industries\\\/\",\"url\":\"https:\\\/\\\/www.evcargo.com\\\/industries\\\/\",\"name\":\"Supply Chain Solutions: By Industry | EV Cargo\",\"isPartOf\":{\"@id\":\"https:\\\/\\\/www.evcargo.com\\\/de\\\/#website\"},\"primaryImageOfPage\":{\"@id\":\"https:\\\/\\\/www.evcargo.com\\\/industries\\\/#primaryimage\"},\"image\":{\"@id\":\"https:\\\/\\\/www.evcargo.com\\\/industries\\\/#primaryimage\"},\"thumbnailUrl\":\"https:\\\/\\\/www.evcargo.com\\\/wp-content\\\/uploads\\\/2021\\\/06\\\/14641-049.jpg\",\"datePublished\":\"2021-06-10T15:07:10+00:00\",\"dateModified\":\"2025-07-30T08:24:43+00:00\",\"description\":\"Whatever your business, EV Cargo has supply chain & logistics solutions for you. We support consumer, industrial & specialist sectors globally.\",\"inLanguage\":\"de\",\"potentialAction\":[{\"@type\":\"ReadAction\",\"target\":[\"https:\\\/\\\/www.evcargo.com\\\/industries\\\/\"]}]},{\"@type\":\"ImageObject\",\"inLanguage\":\"de\",\"@id\":\"https:\\\/\\\/www.evcargo.com\\\/industries\\\/#primaryimage\",\"url\":\"https:\\\/\\\/www.evcargo.com\\\/wp-content\\\/uploads\\\/2021\\\/06\\\/14641-049.jpg\",\"contentUrl\":\"https:\\\/\\\/www.evcargo.com\\\/wp-content\\\/uploads\\\/2021\\\/06\\\/14641-049.jpg\",\"width\":1200,\"height\":800,\"caption\":\"EV Cargo. Thatcham site. Newbury. Berkshire. United Kingdom.\"},{\"@type\":\"WebSite\",\"@id\":\"https:\\\/\\\/www.evcargo.com\\\/de\\\/#website\",\"url\":\"https:\\\/\\\/www.evcargo.com\\\/de\\\/\",\"name\":\"EV Cargo\",\"description\":\"\",\"publisher\":{\"@id\":\"https:\\\/\\\/www.evcargo.com\\\/de\\\/#organization\"},\"potentialAction\":[{\"@type\":\"SearchAction\",\"target\":{\"@type\":\"EntryPoint\",\"urlTemplate\":\"https:\\\/\\\/www.evcargo.com\\\/de\\\/?s={search_term_string}\"},\"query-input\":{\"@type\":\"PropertyValueSpecification\",\"valueRequired\":true,\"valueName\":\"search_term_string\"}}],\"inLanguage\":\"de\"},{\"@type\":\"Organization\",\"@id\":\"https:\\\/\\\/www.evcargo.com\\\/de\\\/#organization\",\"name\":\"EV Cargo\",\"alternateName\":\"EVC\",\"url\":\"https:\\\/\\\/www.evcargo.com\\\/de\\\/\",\"logo\":{\"@type\":\"ImageObject\",\"inLanguage\":\"de\",\"@id\":\"https:\\\/\\\/www.evcargo.com\\\/de\\\/#\\\/schema\\\/logo\\\/image\\\/\",\"url\":\"https:\\\/\\\/www.evcargo.com\\\/wp-content\\\/uploads\\\/2025\\\/02\\\/ev-cargo-logo.png\",\"contentUrl\":\"https:\\\/\\\/www.evcargo.com\\\/wp-content\\\/uploads\\\/2025\\\/02\\\/ev-cargo-logo.png\",\"width\":364,\"height\":78,\"caption\":\"EV Cargo\"},\"image\":{\"@id\":\"https:\\\/\\\/www.evcargo.com\\\/de\\\/#\\\/schema\\\/logo\\\/image\\\/\"}}]}<\/script>\n<!-- \/ Yoast SEO plugin. -->","yoast_head_json":{"title":"Supply-Chain-L\u00f6sungen: Nach Branche | EV Cargo","description":"Egal, in welchem Gesch\u00e4ft Sie t\u00e4tig sind, EV Cargo bietet Ihnen Lieferketten- und Logistikl\u00f6sungen. Wir unterst\u00fctzen weltweit Verbraucher-, Industrie- und Fachsektoren.","robots":{"index":"index","follow":"follow","max-snippet":"max-snippet:-1","max-image-preview":"max-image-preview:large","max-video-preview":"max-video-preview:-1"},"canonical":"https:\/\/www.evcargo.com\/de\/industries\/","og_locale":"de_DE","og_type":"article","og_title":"Supply Chain Solutions: By Industry | EV Cargo","og_description":"Whatever your business, EV Cargo has supply chain & logistics solutions for you. We support consumer, industrial & specialist sectors globally.","og_url":"https:\/\/www.evcargo.com\/de\/industries\/","og_site_name":"EV Cargo","article_modified_time":"2025-07-30T08:24:43+00:00","og_image":[{"width":1200,"height":800,"url":"https:\/\/www.evcargo.com\/wp-content\/uploads\/2021\/06\/14641-049.jpg","type":"image\/jpeg"}],"twitter_card":"summary_large_image","schema":{"@context":"https:\/\/schema.org","@graph":[{"@type":"WebPage","@id":"https:\/\/www.evcargo.com\/industries\/","url":"https:\/\/www.evcargo.com\/industries\/","name":"Supply-Chain-L\u00f6sungen: Nach Branche | EV Cargo","isPartOf":{"@id":"https:\/\/www.evcargo.com\/de\/#website"},"primaryImageOfPage":{"@id":"https:\/\/www.evcargo.com\/industries\/#primaryimage"},"image":{"@id":"https:\/\/www.evcargo.com\/industries\/#primaryimage"},"thumbnailUrl":"https:\/\/www.evcargo.com\/wp-content\/uploads\/2021\/06\/14641-049.jpg","datePublished":"2021-06-10T15:07:10+00:00","dateModified":"2025-07-30T08:24:43+00:00","description":"Egal, in welchem Gesch\u00e4ft Sie t\u00e4tig sind, EV Cargo bietet Ihnen Lieferketten- und Logistikl\u00f6sungen. Wir unterst\u00fctzen weltweit Verbraucher-, Industrie- und Fachsektoren.","inLanguage":"de","potentialAction":[{"@type":"ReadAction","target":["https:\/\/www.evcargo.com\/industries\/"]}]},{"@type":"ImageObject","inLanguage":"de","@id":"https:\/\/www.evcargo.com\/industries\/#primaryimage","url":"https:\/\/www.evcargo.com\/wp-content\/uploads\/2021\/06\/14641-049.jpg","contentUrl":"https:\/\/www.evcargo.com\/wp-content\/uploads\/2021\/06\/14641-049.jpg","width":1200,"height":800,"caption":"EV Cargo. Thatcham site. Newbury. Berkshire. United Kingdom."},{"@type":"WebSite","@id":"https:\/\/www.evcargo.com\/de\/#website","url":"https:\/\/www.evcargo.com\/de\/","name":"EV Cargo","description":"","publisher":{"@id":"https:\/\/www.evcargo.com\/de\/#organization"},"potentialAction":[{"@type":"SearchAction","target":{"@type":"EntryPoint","urlTemplate":"https:\/\/www.evcargo.com\/de\/?s={search_term_string}"},"query-input":{"@type":"PropertyValueSpecification","valueRequired":true,"valueName":"search_term_string"}}],"inLanguage":"de"},{"@type":"Organization","@id":"https:\/\/www.evcargo.com\/de\/#organization","name":"EV Cargo","alternateName":"EVC","url":"https:\/\/www.evcargo.com\/de\/","logo":{"@type":"ImageObject","inLanguage":"de","@id":"https:\/\/www.evcargo.com\/de\/#\/schema\/logo\/image\/","url":"https:\/\/www.evcargo.com\/wp-content\/uploads\/2025\/02\/ev-cargo-logo.png","contentUrl":"https:\/\/www.evcargo.com\/wp-content\/uploads\/2025\/02\/ev-cargo-logo.png","width":364,"height":78,"caption":"EV Cargo"},"image":{"@id":"https:\/\/www.evcargo.com\/de\/#\/schema\/logo\/image\/"}}]}},"_links":{"self":[{"href":"https:\/\/www.evcargo.com\/de\/wp-json\/wp\/v2\/pages\/1442","targetHints":{"allow":["GET"]}}],"collection":[{"href":"https:\/\/www.evcargo.com\/de\/wp-json\/wp\/v2\/pages"}],"about":[{"href":"https:\/\/www.evcargo.com\/de\/wp-json\/wp\/v2\/types\/page"}],"author":[{"embeddable":true,"href":"https:\/\/www.evcargo.com\/de\/wp-json\/wp\/v2\/users\/9"}],"replies":[{"embeddable":true,"href":"https:\/\/www.evcargo.com\/de\/wp-json\/wp\/v2\/comments?post=1442"}],"version-history":[{"count":2,"href":"https:\/\/www.evcargo.com\/de\/wp-json\/wp\/v2\/pages\/1442\/revisions"}],"predecessor-version":[{"id":263717,"href":"https:\/\/www.evcargo.com\/de\/wp-json\/wp\/v2\/pages\/1442\/revisions\/263717"}],"wp:featuredmedia":[{"embeddable":true,"href":"https:\/\/www.evcargo.com\/de\/wp-json\/wp\/v2\/media\/2923"}],"wp:attachment":[{"href":"https:\/\/www.evcargo.com\/de\/wp-json\/wp\/v2\/media?parent=1442"}],"curies":[{"name":"wp","href":"https:\/\/api.w.org\/{rel}","templated":true}]}}