{"id":2133,"date":"2021-06-16T14:24:59","date_gmt":"2021-06-16T13:24:59","guid":{"rendered":"https:\/\/evc.extramilecommunications.dev\/?page_id=2133"},"modified":"2026-01-05T10:22:58","modified_gmt":"2026-01-05T10:22:58","slug":"tax-strategy","status":"publish","type":"page","link":"https:\/\/www.evcargo.com\/de\/policies-and-statements\/tax-strategy\/","title":{"rendered":"Steuerkonzept"},"content":{"rendered":"<section  class=\"small-banner white-text\" style=\"background-image: url(https:\/\/www.evcargo.com\/wp-content\/uploads\/2021\/07\/500-x-700px-Image-Only-1200x318.jpg); \">\n\n\t<div class=\"container-fluid\">\n\n\t\t<h1>Steuerkonzept<\/h1>\n\t<\/div>\n\n<\/section>\n\n<div class=\"breadcrumbs\" typeof=\"BreadcrumbList\" vocab=\"https:\/\/schema.org\/\">\n\t<div class=\"container-fluid\">\n\n\t\t<span property=\"itemListElement\" typeof=\"ListItem\"><a property=\"item\" typeof=\"WebPage\" title=\"Gehe zu EV Cargo.\" href=\"https:\/\/www.evcargo.com\/de\" class=\"home\" aria-current=\"page\"><span property=\"name\">EV Cargo<\/span><\/a><meta property=\"position\" content=\"1\"><\/span>\t<\/div>\n<\/div>\n\n\n<section  class=\"wysiwyg\">\n\n\t<div class=\"container-fluid\">\n\n\t<p><strong>Diese Strategie wurde in \u00dcbereinstimmung mit den Anforderungen von Paragraph 19(2) Part 2 Schedule 19 Finance Act 2016 in Bezug auf den Zeitraum bis zum 31. Dezember 2025 erstellt und gilt f\u00fcr alle im Vereinigten K\u00f6nigreich ans\u00e4ssigen Unternehmen innerhalb der EV Cargo Group, einschlie\u00dflich EV Cargo Group Limited, EVCH Property Limited, Azaleos Holdings Limited und aller relevanten Tochtergesellschaften.<\/strong><\/p>\n<p>Unsere Steuerpolitik besteht aus f\u00fcnf wesentlichen Komponenten:<\/p>\n<h3>Verpflichtung zur Einhaltung<\/h3>\n<p>Wir verpflichten uns zur Einhaltung der Steuergesetze und -praktiken in Gro\u00dfbritannien. Compliance bedeutet f\u00fcr uns, den richtigen Steuerbetrag zur richtigen Zeit am richtigen Ort zu zahlen. Es beinhaltet die Offenlegung aller relevanten Tatsachen und Umst\u00e4nde gegen\u00fcber den Steuerbeh\u00f6rden und die Inanspruchnahme von Erleichterungen und Anreizen, sofern verf\u00fcgbar.<\/p>\n<h3>Verantwortungsvolle Einstellung zur Gestaltung unserer Steuerangelegenheiten<\/h3>\n<p>Bei der Gestaltung unserer Gesch\u00e4ftst\u00e4tigkeit ber\u00fccksichtigen wir unter anderem die Steuergesetze der L\u00e4nder, in denen wir t\u00e4tig sind, um eine nachhaltige Wertmaximierung f\u00fcr unsere Aktion\u00e4re oder Mitarbeiter zu erreichen. Jede vorgenommene Strukturierung wird kommerzielle und wirtschaftliche Substanz haben und die potenziellen Auswirkungen auf unseren Ruf und unsere \u00fcbergeordneten Ziele ber\u00fccksichtigen. Wir werden keine k\u00fcnstlichen oder k\u00fcnstlichen Vorkehrungen treffen.<\/p>\n<h3>Effektives Risikomanagement<\/h3>\n<p>Angesichts der Gr\u00f6\u00dfe unseres Unternehmens und des Umfangs unserer Steuerverpflichtungen entstehen zwangsl\u00e4ufig immer wieder Risiken im Zusammenhang mit der Auslegung komplexer Steuergesetze und der Art unserer Compliance-Ma\u00dfnahmen. Wir sind bestrebt, diese Risiken aktiv zu identifizieren, zu bewerten, zu \u00fcberwachen und zu steuern, um sicherzustellen, dass sie mit unseren Zielen im Einklang stehen. Bei erheblicher Unsicherheit oder Komplexit\u00e4t eines Risikos holen wir externen Rat ein. Wir arbeiten aktiv mit externen Beratern zusammen, um die Einhaltung aller relevanten Steuergesetze zu gew\u00e4hrleisten. Unsere allgemeine Risikobereitschaft im Steuerbereich ist gering.<\/p>\n<h3>Konstruktiver Ansatz zur Auseinandersetzung mit HMRC<\/h3>\n<p>Wir arbeiten mit HMRC mit Ehrlichkeit, Integrit\u00e4t, Respekt und Fairness und im Geiste der kooperativen Einhaltung zusammen. Wo immer m\u00f6glich, tun wir dies in Echtzeit, um das Steuerrisiko zu minimieren.<\/p>\n<h3>Vorstandschaft und Aufsicht<\/h3>\n<p>Diese Steuerrichtlinie steht im Einklang mit unserem Ethikkodex und wurde von der Gesch\u00e4ftsleitung und dem Aufsichtsrat genehmigt.<\/p>\n\n\t<\/div>\n\n<\/section>","protected":false},"excerpt":{"rendered":"<p>Wir verpflichten uns zur Einhaltung des Steuerrechts und der Steuerpraxis im Vereinigten K\u00f6nigreich. Compliance bedeutet f\u00fcr uns, den richtigen Steuerbetrag zur richtigen Zeit am richtigen Ort zu zahlen.<\/p>","protected":false},"author":9,"featured_media":2098,"parent":3722,"menu_order":0,"comment_status":"closed","ping_status":"closed","template":"","meta":{"_acf_changed":false,"footnotes":""},"class_list":["post-2133","page","type-page","status-publish","has-post-thumbnail","hentry"],"acf":[],"yoast_head":"<!-- This site is optimized with the Yoast SEO plugin v27.3 - https:\/\/yoast.com\/product\/yoast-seo-wordpress\/ -->\n<title>Tax Strategy | EV Cargo<\/title>\n<meta name=\"description\" content=\"This strategy is prepared in accordance with the requirements of Paragraph 19(2) Part 2 Schedule 19 Finance Act 2016 in relation to the period ended.\" \/>\n<meta name=\"robots\" content=\"index, follow, max-snippet:-1, max-image-preview:large, max-video-preview:-1\" \/>\n<link rel=\"canonical\" href=\"https:\/\/www.evcargo.com\/de\/policies-and-statements\/tax-strategy\/\" \/>\n<meta property=\"og:locale\" content=\"de_DE\" \/>\n<meta property=\"og:type\" content=\"article\" \/>\n<meta property=\"og:title\" content=\"Tax Strategy | EV Cargo\" \/>\n<meta property=\"og:description\" content=\"This strategy is prepared in accordance with the requirements of Paragraph 19(2) Part 2 Schedule 19 Finance Act 2016 in relation to the period ended.\" \/>\n<meta property=\"og:url\" content=\"https:\/\/www.evcargo.com\/de\/policies-and-statements\/tax-strategy\/\" \/>\n<meta property=\"og:site_name\" content=\"EV Cargo\" \/>\n<meta property=\"article:modified_time\" content=\"2026-01-05T10:22:58+00:00\" \/>\n<meta property=\"og:image\" content=\"https:\/\/www.evcargo.com\/wp-content\/uploads\/2021\/06\/terms-and-conditions.jpg\" \/>\n\t<meta property=\"og:image:width\" content=\"1920\" \/>\n\t<meta property=\"og:image:height\" content=\"928\" \/>\n\t<meta property=\"og:image:type\" content=\"image\/jpeg\" \/>\n<meta name=\"twitter:card\" content=\"summary_large_image\" \/>\n<script type=\"application\/ld+json\" class=\"yoast-schema-graph\">{\"@context\":\"https:\\\/\\\/schema.org\",\"@graph\":[{\"@type\":\"WebPage\",\"@id\":\"https:\\\/\\\/www.evcargo.com\\\/policies-and-statements\\\/tax-strategy\\\/\",\"url\":\"https:\\\/\\\/www.evcargo.com\\\/policies-and-statements\\\/tax-strategy\\\/\",\"name\":\"Tax Strategy | EV Cargo\",\"isPartOf\":{\"@id\":\"https:\\\/\\\/www.evcargo.com\\\/de\\\/#website\"},\"primaryImageOfPage\":{\"@id\":\"https:\\\/\\\/www.evcargo.com\\\/policies-and-statements\\\/tax-strategy\\\/#primaryimage\"},\"image\":{\"@id\":\"https:\\\/\\\/www.evcargo.com\\\/policies-and-statements\\\/tax-strategy\\\/#primaryimage\"},\"thumbnailUrl\":\"https:\\\/\\\/www.evcargo.com\\\/wp-content\\\/uploads\\\/2021\\\/06\\\/terms-and-conditions.jpg\",\"datePublished\":\"2021-06-16T13:24:59+00:00\",\"dateModified\":\"2026-01-05T10:22:58+00:00\",\"description\":\"This strategy is prepared in accordance with the requirements of Paragraph 19(2) Part 2 Schedule 19 Finance Act 2016 in relation to the period ended.\",\"breadcrumb\":{\"@id\":\"https:\\\/\\\/www.evcargo.com\\\/policies-and-statements\\\/tax-strategy\\\/#breadcrumb\"},\"inLanguage\":\"de\",\"potentialAction\":[{\"@type\":\"ReadAction\",\"target\":[\"https:\\\/\\\/www.evcargo.com\\\/policies-and-statements\\\/tax-strategy\\\/\"]}]},{\"@type\":\"ImageObject\",\"inLanguage\":\"de\",\"@id\":\"https:\\\/\\\/www.evcargo.com\\\/policies-and-statements\\\/tax-strategy\\\/#primaryimage\",\"url\":\"https:\\\/\\\/www.evcargo.com\\\/wp-content\\\/uploads\\\/2021\\\/06\\\/terms-and-conditions.jpg\",\"contentUrl\":\"https:\\\/\\\/www.evcargo.com\\\/wp-content\\\/uploads\\\/2021\\\/06\\\/terms-and-conditions.jpg\",\"width\":1920,\"height\":928,\"caption\":\"EV Cargo courier in orange branded polo shirt delivering parcel\"},{\"@type\":\"BreadcrumbList\",\"@id\":\"https:\\\/\\\/www.evcargo.com\\\/policies-and-statements\\\/tax-strategy\\\/#breadcrumb\",\"itemListElement\":[{\"@type\":\"ListItem\",\"position\":1,\"name\":\"Policies and Statements\",\"item\":\"https:\\\/\\\/www.evcargo.com\\\/policies-and-statements\\\/\"},{\"@type\":\"ListItem\",\"position\":2,\"name\":\"Tax Strategy\"}]},{\"@type\":\"WebSite\",\"@id\":\"https:\\\/\\\/www.evcargo.com\\\/de\\\/#website\",\"url\":\"https:\\\/\\\/www.evcargo.com\\\/de\\\/\",\"name\":\"EV Cargo\",\"description\":\"\",\"publisher\":{\"@id\":\"https:\\\/\\\/www.evcargo.com\\\/de\\\/#organization\"},\"potentialAction\":[{\"@type\":\"SearchAction\",\"target\":{\"@type\":\"EntryPoint\",\"urlTemplate\":\"https:\\\/\\\/www.evcargo.com\\\/de\\\/?s={search_term_string}\"},\"query-input\":{\"@type\":\"PropertyValueSpecification\",\"valueRequired\":true,\"valueName\":\"search_term_string\"}}],\"inLanguage\":\"de\"},{\"@type\":\"Organization\",\"@id\":\"https:\\\/\\\/www.evcargo.com\\\/de\\\/#organization\",\"name\":\"EV Cargo\",\"alternateName\":\"EVC\",\"url\":\"https:\\\/\\\/www.evcargo.com\\\/de\\\/\",\"logo\":{\"@type\":\"ImageObject\",\"inLanguage\":\"de\",\"@id\":\"https:\\\/\\\/www.evcargo.com\\\/de\\\/#\\\/schema\\\/logo\\\/image\\\/\",\"url\":\"https:\\\/\\\/www.evcargo.com\\\/wp-content\\\/uploads\\\/2025\\\/02\\\/ev-cargo-logo.png\",\"contentUrl\":\"https:\\\/\\\/www.evcargo.com\\\/wp-content\\\/uploads\\\/2025\\\/02\\\/ev-cargo-logo.png\",\"width\":364,\"height\":78,\"caption\":\"EV Cargo\"},\"image\":{\"@id\":\"https:\\\/\\\/www.evcargo.com\\\/de\\\/#\\\/schema\\\/logo\\\/image\\\/\"}}]}<\/script>\n<!-- \/ Yoast SEO plugin. -->","yoast_head_json":{"title":"Steuerstrategie | EV Cargo","description":"Diese Strategie wird gem\u00e4\u00df den Anforderungen von Paragraph 19(2) Teil 2 Anhang 19 des Finanzgesetzes 2016 in Bezug auf den abgelaufenen Zeitraum erstellt.","robots":{"index":"index","follow":"follow","max-snippet":"max-snippet:-1","max-image-preview":"max-image-preview:large","max-video-preview":"max-video-preview:-1"},"canonical":"https:\/\/www.evcargo.com\/de\/policies-and-statements\/tax-strategy\/","og_locale":"de_DE","og_type":"article","og_title":"Tax Strategy | EV Cargo","og_description":"This strategy is prepared in accordance with the requirements of Paragraph 19(2) Part 2 Schedule 19 Finance Act 2016 in relation to the period ended.","og_url":"https:\/\/www.evcargo.com\/de\/policies-and-statements\/tax-strategy\/","og_site_name":"EV Cargo","article_modified_time":"2026-01-05T10:22:58+00:00","og_image":[{"width":1920,"height":928,"url":"https:\/\/www.evcargo.com\/wp-content\/uploads\/2021\/06\/terms-and-conditions.jpg","type":"image\/jpeg"}],"twitter_card":"summary_large_image","schema":{"@context":"https:\/\/schema.org","@graph":[{"@type":"WebPage","@id":"https:\/\/www.evcargo.com\/policies-and-statements\/tax-strategy\/","url":"https:\/\/www.evcargo.com\/policies-and-statements\/tax-strategy\/","name":"Steuerstrategie | EV Cargo","isPartOf":{"@id":"https:\/\/www.evcargo.com\/de\/#website"},"primaryImageOfPage":{"@id":"https:\/\/www.evcargo.com\/policies-and-statements\/tax-strategy\/#primaryimage"},"image":{"@id":"https:\/\/www.evcargo.com\/policies-and-statements\/tax-strategy\/#primaryimage"},"thumbnailUrl":"https:\/\/www.evcargo.com\/wp-content\/uploads\/2021\/06\/terms-and-conditions.jpg","datePublished":"2021-06-16T13:24:59+00:00","dateModified":"2026-01-05T10:22:58+00:00","description":"Diese Strategie wird gem\u00e4\u00df den Anforderungen von Paragraph 19(2) Teil 2 Anhang 19 des Finanzgesetzes 2016 in Bezug auf den abgelaufenen Zeitraum erstellt.","breadcrumb":{"@id":"https:\/\/www.evcargo.com\/policies-and-statements\/tax-strategy\/#breadcrumb"},"inLanguage":"de","potentialAction":[{"@type":"ReadAction","target":["https:\/\/www.evcargo.com\/policies-and-statements\/tax-strategy\/"]}]},{"@type":"ImageObject","inLanguage":"de","@id":"https:\/\/www.evcargo.com\/policies-and-statements\/tax-strategy\/#primaryimage","url":"https:\/\/www.evcargo.com\/wp-content\/uploads\/2021\/06\/terms-and-conditions.jpg","contentUrl":"https:\/\/www.evcargo.com\/wp-content\/uploads\/2021\/06\/terms-and-conditions.jpg","width":1920,"height":928,"caption":"EV Cargo courier in orange branded polo shirt delivering parcel"},{"@type":"BreadcrumbList","@id":"https:\/\/www.evcargo.com\/policies-and-statements\/tax-strategy\/#breadcrumb","itemListElement":[{"@type":"ListItem","position":1,"name":"Policies and Statements","item":"https:\/\/www.evcargo.com\/policies-and-statements\/"},{"@type":"ListItem","position":2,"name":"Tax Strategy"}]},{"@type":"WebSite","@id":"https:\/\/www.evcargo.com\/de\/#website","url":"https:\/\/www.evcargo.com\/de\/","name":"EV Cargo","description":"","publisher":{"@id":"https:\/\/www.evcargo.com\/de\/#organization"},"potentialAction":[{"@type":"SearchAction","target":{"@type":"EntryPoint","urlTemplate":"https:\/\/www.evcargo.com\/de\/?s={search_term_string}"},"query-input":{"@type":"PropertyValueSpecification","valueRequired":true,"valueName":"search_term_string"}}],"inLanguage":"de"},{"@type":"Organization","@id":"https:\/\/www.evcargo.com\/de\/#organization","name":"EV Cargo","alternateName":"EVC","url":"https:\/\/www.evcargo.com\/de\/","logo":{"@type":"ImageObject","inLanguage":"de","@id":"https:\/\/www.evcargo.com\/de\/#\/schema\/logo\/image\/","url":"https:\/\/www.evcargo.com\/wp-content\/uploads\/2025\/02\/ev-cargo-logo.png","contentUrl":"https:\/\/www.evcargo.com\/wp-content\/uploads\/2025\/02\/ev-cargo-logo.png","width":364,"height":78,"caption":"EV Cargo"},"image":{"@id":"https:\/\/www.evcargo.com\/de\/#\/schema\/logo\/image\/"}}]}},"_links":{"self":[{"href":"https:\/\/www.evcargo.com\/de\/wp-json\/wp\/v2\/pages\/2133","targetHints":{"allow":["GET"]}}],"collection":[{"href":"https:\/\/www.evcargo.com\/de\/wp-json\/wp\/v2\/pages"}],"about":[{"href":"https:\/\/www.evcargo.com\/de\/wp-json\/wp\/v2\/types\/page"}],"author":[{"embeddable":true,"href":"https:\/\/www.evcargo.com\/de\/wp-json\/wp\/v2\/users\/9"}],"replies":[{"embeddable":true,"href":"https:\/\/www.evcargo.com\/de\/wp-json\/wp\/v2\/comments?post=2133"}],"version-history":[{"count":2,"href":"https:\/\/www.evcargo.com\/de\/wp-json\/wp\/v2\/pages\/2133\/revisions"}],"predecessor-version":[{"id":293993,"href":"https:\/\/www.evcargo.com\/de\/wp-json\/wp\/v2\/pages\/2133\/revisions\/293993"}],"up":[{"embeddable":true,"href":"https:\/\/www.evcargo.com\/de\/wp-json\/wp\/v2\/pages\/3722"}],"wp:featuredmedia":[{"embeddable":true,"href":"https:\/\/www.evcargo.com\/de\/wp-json\/wp\/v2\/media\/2098"}],"wp:attachment":[{"href":"https:\/\/www.evcargo.com\/de\/wp-json\/wp\/v2\/media?parent=2133"}],"curies":[{"name":"wp","href":"https:\/\/api.w.org\/{rel}","templated":true}]}}