{"id":251614,"date":"2025-05-28T09:36:44","date_gmt":"2025-05-28T08:36:44","guid":{"rendered":"https:\/\/www.evcargo.com\/en\/?page_id=251614"},"modified":"2025-05-28T09:40:18","modified_gmt":"2025-05-28T08:40:18","slug":"singapore-security-policy","status":"publish","type":"page","link":"https:\/\/www.evcargo.com\/de\/policies-and-statements\/singapore-security-policy\/","title":{"rendered":"Sicherheitspolitik Singapurs"},"content":{"rendered":"<section  class=\"small-banner\" style=\" background-color:#D8D8D8 \">\n\n\t<div class=\"container-fluid\">\n\n\t\t<h1>Sicherheitspolitik Singapurs<\/h1>\n\t<\/div>\n\n<\/section>\n\n<div class=\"breadcrumbs\" typeof=\"BreadcrumbList\" vocab=\"https:\/\/schema.org\/\">\n\t<div class=\"container-fluid\">\n\n\t\t<span property=\"itemListElement\" typeof=\"ListItem\"><a property=\"item\" typeof=\"WebPage\" title=\"Gehe zu EV Cargo.\" href=\"https:\/\/www.evcargo.com\/de\" class=\"home\" aria-current=\"page\"><span property=\"name\">EV Cargo<\/span><\/a><meta property=\"position\" content=\"1\"><\/span>\t<\/div>\n<\/div>\n\n\n<section  class=\"wysiwyg\">\n\n\t<div class=\"container-fluid\">\n\n\t<h3>EV CARGO GLOBAL FORWARDING PTE LTD setzt sich f\u00fcr die Sicherheit der Lieferkette innerhalb unserer Organisation und unserer weltweiten Aktivit\u00e4ten ein. Wir verpflichten uns, unsere Mitarbeiter, unser Eigentum, unsere Informationen, unseren Ruf und das Verm\u00f6gen unserer Kunden vor allen potenziellen Sicherheitsbedrohungen zu sch\u00fctzen. Diese Politik orientiert sich an der Mission, den Grundwerten, dem Verhaltenskodex, der Gesch\u00e4ftsethik und den Sicherheitsstandards des Unternehmens.<\/h3>\n<p>Bei allen Sicherheitsaktivit\u00e4ten m\u00fcssen die unten aufgef\u00fchrten allgemeinen Grunds\u00e4tze beachtet werden:<\/p>\n<ul>\n<li>Alle Mitarbeiter und Auftragnehmer m\u00fcssen sich stets der Sicherheitsaspekte der Gesch\u00e4ftsaktivit\u00e4ten des Unternehmens bewusst sein und daf\u00fcr Verantwortung \u00fcbernehmen.<\/li>\n<li>Es sollten regelm\u00e4\u00dfig Bedrohungsanalysen und Risikobewertungen durchgef\u00fchrt werden.<\/li>\n<li>Sicherheitsverfahren und -richtlinien sollten nahtlos in die Gesch\u00e4ftsaktivit\u00e4ten integriert werden.<\/li>\n<li>Die \u201eVorfallverh\u00fctung\u201c muss oberste Priorit\u00e4t haben;<\/li>\n<li>Um die ermittelten Risiken rasch und wirksam bew\u00e4ltigen zu k\u00f6nnen, m\u00fcssen Bereitschafts- und Reaktionspl\u00e4ne entwickelt und getestet werden.<\/li>\n<li>Sicherheitsma\u00dfnahmen und -verfahren m\u00fcssen regelm\u00e4\u00dfigen Kontrollen, Validierungen und \u00dcberpr\u00fcfungen durch das Management unterliegen, um hohe Sicherheitsstandards f\u00fcr die weltweiten Gesch\u00e4ftst\u00e4tigkeiten des Unternehmens aufrechtzuerhalten.<\/li>\n<li>Das Ma\u00df an Professionalit\u00e4t, Wissen und Integrit\u00e4t des mit Sicherheitsfragen befassten Personals muss streng kontrolliert werden.<\/li>\n<li>Es m\u00fcssen entsprechende Schulungspl\u00e4ne, Kundenscreening-, Einstellungs-, Vertrags- und K\u00fcndigungsverfahren erstellt und umgesetzt werden.<\/li>\n<li>Alle Vorf\u00e4lle, einschlie\u00dflich Sicherheitsverletzungen und Unregelm\u00e4\u00dfigkeiten, m\u00fcssen gemeldet und dokumentiert werden. Korrekturma\u00dfnahmen sollten ergriffen und durch regelm\u00e4\u00dfige \u00dcberpr\u00fcfungen nachverfolgt werden, um den allgemeinen Sicherheitsstandard zu verbessern.<\/li>\n<\/ul>\n<p>Diese Richtlinie wurde von EV CARGO GLOBAL FORWARDING PTE LTD genehmigt. Sie wird j\u00e4hrlich \u00fcberpr\u00fcft und gegebenenfalls \u00fcberarbeitet, um stets auf dem neuesten Stand zu bleiben. Sie wird auf unserer Unternehmenswebsite ver\u00f6ffentlicht. Wir danken allen unseren Mitarbeitern f\u00fcr ihren Beitrag zur Gew\u00e4hrleistung der Sicherheit und Unternehmensf\u00fchrung von EV CARGO GLOBAL FORWARDING PTE LTD.<\/p>\n<p><img loading=\"lazy\" decoding=\"async\" class=\"alignnone size-medium wp-image-251615\" src=\"https:\/\/www.evcargo.com\/en\/wp-content\/uploads\/2025\/05\/Marcus-Chng-300x149.png\" alt=\"\" width=\"300\" height=\"149\" srcset=\"https:\/\/www.evcargo.com\/wp-content\/uploads\/2025\/05\/Marcus-Chng-300x149.png 300w, https:\/\/www.evcargo.com\/wp-content\/uploads\/2025\/05\/Marcus-Chng-18x9.png 18w, https:\/\/www.evcargo.com\/wp-content\/uploads\/2025\/05\/Marcus-Chng.png 308w\" sizes=\"auto, (max-width: 300px) 100vw, 300px\" \/><\/p>\n<p>Name: MARCUS CHNG<br \/>\nPosition: GESCH\u00c4FTSF\u00dcHRER, SE ASI<\/p>\n\n\t<\/div>\n\n<\/section>","protected":false},"excerpt":{"rendered":"<p>Bestechung ist eine Form der Korruption. Vereinfacht definiert ist Korruption der Missbrauch anvertrauter Macht zum privaten Vorteil.<\/p>","protected":false},"author":9,"featured_media":98559,"parent":3722,"menu_order":0,"comment_status":"closed","ping_status":"closed","template":"","meta":{"_acf_changed":false,"footnotes":""},"class_list":["post-251614","page","type-page","status-publish","has-post-thumbnail","hentry"],"acf":[],"yoast_head":"<!-- This site is optimized with the Yoast SEO plugin v27.3 - https:\/\/yoast.com\/product\/yoast-seo-wordpress\/ -->\n<title>Singapore Security Policy - EV Cargo<\/title>\n<meta name=\"robots\" content=\"index, follow, max-snippet:-1, max-image-preview:large, max-video-preview:-1\" \/>\n<link rel=\"canonical\" href=\"https:\/\/www.evcargo.com\/de\/policies-and-statements\/singapore-security-policy\/\" \/>\n<meta property=\"og:locale\" content=\"de_DE\" \/>\n<meta property=\"og:type\" content=\"article\" \/>\n<meta property=\"og:title\" content=\"Singapore Security Policy - EV Cargo\" \/>\n<meta property=\"og:description\" content=\"Bribery is a form of corruption. Defined simply, corruption is the misuse of entrusted power for private benefit.\" \/>\n<meta property=\"og:url\" content=\"https:\/\/www.evcargo.com\/de\/policies-and-statements\/singapore-security-policy\/\" \/>\n<meta property=\"og:site_name\" content=\"EV Cargo\" \/>\n<meta property=\"article:modified_time\" content=\"2025-05-28T08:40:18+00:00\" \/>\n<meta property=\"og:image\" content=\"https:\/\/www.evcargo.com\/wp-content\/uploads\/2021\/07\/Banners-2021-07-12T171245.891.png\" \/>\n\t<meta property=\"og:image:width\" content=\"1200\" \/>\n\t<meta property=\"og:image:height\" content=\"500\" \/>\n\t<meta property=\"og:image:type\" content=\"image\/png\" \/>\n<meta name=\"twitter:card\" content=\"summary_large_image\" \/>\n<script type=\"application\/ld+json\" class=\"yoast-schema-graph\">{\"@context\":\"https:\\\/\\\/schema.org\",\"@graph\":[{\"@type\":\"WebPage\",\"@id\":\"https:\\\/\\\/www.evcargo.com\\\/policies-and-statements\\\/singapore-security-policy\\\/\",\"url\":\"https:\\\/\\\/www.evcargo.com\\\/policies-and-statements\\\/singapore-security-policy\\\/\",\"name\":\"Singapore Security Policy - EV Cargo\",\"isPartOf\":{\"@id\":\"https:\\\/\\\/www.evcargo.com\\\/de\\\/#website\"},\"primaryImageOfPage\":{\"@id\":\"https:\\\/\\\/www.evcargo.com\\\/policies-and-statements\\\/singapore-security-policy\\\/#primaryimage\"},\"image\":{\"@id\":\"https:\\\/\\\/www.evcargo.com\\\/policies-and-statements\\\/singapore-security-policy\\\/#primaryimage\"},\"thumbnailUrl\":\"https:\\\/\\\/www.evcargo.com\\\/wp-content\\\/uploads\\\/2021\\\/07\\\/Banners-2021-07-12T171245.891.png\",\"datePublished\":\"2025-05-28T08:36:44+00:00\",\"dateModified\":\"2025-05-28T08:40:18+00:00\",\"breadcrumb\":{\"@id\":\"https:\\\/\\\/www.evcargo.com\\\/policies-and-statements\\\/singapore-security-policy\\\/#breadcrumb\"},\"inLanguage\":\"de\",\"potentialAction\":[{\"@type\":\"ReadAction\",\"target\":[\"https:\\\/\\\/www.evcargo.com\\\/policies-and-statements\\\/singapore-security-policy\\\/\"]}]},{\"@type\":\"ImageObject\",\"inLanguage\":\"de\",\"@id\":\"https:\\\/\\\/www.evcargo.com\\\/policies-and-statements\\\/singapore-security-policy\\\/#primaryimage\",\"url\":\"https:\\\/\\\/www.evcargo.com\\\/wp-content\\\/uploads\\\/2021\\\/07\\\/Banners-2021-07-12T171245.891.png\",\"contentUrl\":\"https:\\\/\\\/www.evcargo.com\\\/wp-content\\\/uploads\\\/2021\\\/07\\\/Banners-2021-07-12T171245.891.png\",\"width\":1200,\"height\":500},{\"@type\":\"BreadcrumbList\",\"@id\":\"https:\\\/\\\/www.evcargo.com\\\/policies-and-statements\\\/singapore-security-policy\\\/#breadcrumb\",\"itemListElement\":[{\"@type\":\"ListItem\",\"position\":1,\"name\":\"Policies and Statements\",\"item\":\"https:\\\/\\\/www.evcargo.com\\\/policies-and-statements\\\/\"},{\"@type\":\"ListItem\",\"position\":2,\"name\":\"Singapore Security Policy\"}]},{\"@type\":\"WebSite\",\"@id\":\"https:\\\/\\\/www.evcargo.com\\\/de\\\/#website\",\"url\":\"https:\\\/\\\/www.evcargo.com\\\/de\\\/\",\"name\":\"EV Cargo\",\"description\":\"\",\"publisher\":{\"@id\":\"https:\\\/\\\/www.evcargo.com\\\/de\\\/#organization\"},\"potentialAction\":[{\"@type\":\"SearchAction\",\"target\":{\"@type\":\"EntryPoint\",\"urlTemplate\":\"https:\\\/\\\/www.evcargo.com\\\/de\\\/?s={search_term_string}\"},\"query-input\":{\"@type\":\"PropertyValueSpecification\",\"valueRequired\":true,\"valueName\":\"search_term_string\"}}],\"inLanguage\":\"de\"},{\"@type\":\"Organization\",\"@id\":\"https:\\\/\\\/www.evcargo.com\\\/de\\\/#organization\",\"name\":\"EV Cargo\",\"alternateName\":\"EVC\",\"url\":\"https:\\\/\\\/www.evcargo.com\\\/de\\\/\",\"logo\":{\"@type\":\"ImageObject\",\"inLanguage\":\"de\",\"@id\":\"https:\\\/\\\/www.evcargo.com\\\/de\\\/#\\\/schema\\\/logo\\\/image\\\/\",\"url\":\"https:\\\/\\\/www.evcargo.com\\\/wp-content\\\/uploads\\\/2025\\\/02\\\/ev-cargo-logo.png\",\"contentUrl\":\"https:\\\/\\\/www.evcargo.com\\\/wp-content\\\/uploads\\\/2025\\\/02\\\/ev-cargo-logo.png\",\"width\":364,\"height\":78,\"caption\":\"EV Cargo\"},\"image\":{\"@id\":\"https:\\\/\\\/www.evcargo.com\\\/de\\\/#\\\/schema\\\/logo\\\/image\\\/\"}}]}<\/script>\n<!-- \/ Yoast SEO plugin. -->","yoast_head_json":{"title":"Sicherheitspolitik Singapurs \u2013 Fracht f\u00fcr Elektrofahrzeuge","robots":{"index":"index","follow":"follow","max-snippet":"max-snippet:-1","max-image-preview":"max-image-preview:large","max-video-preview":"max-video-preview:-1"},"canonical":"https:\/\/www.evcargo.com\/de\/policies-and-statements\/singapore-security-policy\/","og_locale":"de_DE","og_type":"article","og_title":"Singapore Security Policy - EV Cargo","og_description":"Bribery is a form of corruption. Defined simply, corruption is the misuse of entrusted power for private benefit.","og_url":"https:\/\/www.evcargo.com\/de\/policies-and-statements\/singapore-security-policy\/","og_site_name":"EV Cargo","article_modified_time":"2025-05-28T08:40:18+00:00","og_image":[{"width":1200,"height":500,"url":"https:\/\/www.evcargo.com\/wp-content\/uploads\/2021\/07\/Banners-2021-07-12T171245.891.png","type":"image\/png"}],"twitter_card":"summary_large_image","schema":{"@context":"https:\/\/schema.org","@graph":[{"@type":"WebPage","@id":"https:\/\/www.evcargo.com\/policies-and-statements\/singapore-security-policy\/","url":"https:\/\/www.evcargo.com\/policies-and-statements\/singapore-security-policy\/","name":"Sicherheitspolitik Singapurs \u2013 Fracht f\u00fcr Elektrofahrzeuge","isPartOf":{"@id":"https:\/\/www.evcargo.com\/de\/#website"},"primaryImageOfPage":{"@id":"https:\/\/www.evcargo.com\/policies-and-statements\/singapore-security-policy\/#primaryimage"},"image":{"@id":"https:\/\/www.evcargo.com\/policies-and-statements\/singapore-security-policy\/#primaryimage"},"thumbnailUrl":"https:\/\/www.evcargo.com\/wp-content\/uploads\/2021\/07\/Banners-2021-07-12T171245.891.png","datePublished":"2025-05-28T08:36:44+00:00","dateModified":"2025-05-28T08:40:18+00:00","breadcrumb":{"@id":"https:\/\/www.evcargo.com\/policies-and-statements\/singapore-security-policy\/#breadcrumb"},"inLanguage":"de","potentialAction":[{"@type":"ReadAction","target":["https:\/\/www.evcargo.com\/policies-and-statements\/singapore-security-policy\/"]}]},{"@type":"ImageObject","inLanguage":"de","@id":"https:\/\/www.evcargo.com\/policies-and-statements\/singapore-security-policy\/#primaryimage","url":"https:\/\/www.evcargo.com\/wp-content\/uploads\/2021\/07\/Banners-2021-07-12T171245.891.png","contentUrl":"https:\/\/www.evcargo.com\/wp-content\/uploads\/2021\/07\/Banners-2021-07-12T171245.891.png","width":1200,"height":500},{"@type":"BreadcrumbList","@id":"https:\/\/www.evcargo.com\/policies-and-statements\/singapore-security-policy\/#breadcrumb","itemListElement":[{"@type":"ListItem","position":1,"name":"Policies and Statements","item":"https:\/\/www.evcargo.com\/policies-and-statements\/"},{"@type":"ListItem","position":2,"name":"Singapore Security Policy"}]},{"@type":"WebSite","@id":"https:\/\/www.evcargo.com\/de\/#website","url":"https:\/\/www.evcargo.com\/de\/","name":"EV Cargo","description":"","publisher":{"@id":"https:\/\/www.evcargo.com\/de\/#organization"},"potentialAction":[{"@type":"SearchAction","target":{"@type":"EntryPoint","urlTemplate":"https:\/\/www.evcargo.com\/de\/?s={search_term_string}"},"query-input":{"@type":"PropertyValueSpecification","valueRequired":true,"valueName":"search_term_string"}}],"inLanguage":"de"},{"@type":"Organization","@id":"https:\/\/www.evcargo.com\/de\/#organization","name":"EV Cargo","alternateName":"EVC","url":"https:\/\/www.evcargo.com\/de\/","logo":{"@type":"ImageObject","inLanguage":"de","@id":"https:\/\/www.evcargo.com\/de\/#\/schema\/logo\/image\/","url":"https:\/\/www.evcargo.com\/wp-content\/uploads\/2025\/02\/ev-cargo-logo.png","contentUrl":"https:\/\/www.evcargo.com\/wp-content\/uploads\/2025\/02\/ev-cargo-logo.png","width":364,"height":78,"caption":"EV Cargo"},"image":{"@id":"https:\/\/www.evcargo.com\/de\/#\/schema\/logo\/image\/"}}]}},"_links":{"self":[{"href":"https:\/\/www.evcargo.com\/de\/wp-json\/wp\/v2\/pages\/251614","targetHints":{"allow":["GET"]}}],"collection":[{"href":"https:\/\/www.evcargo.com\/de\/wp-json\/wp\/v2\/pages"}],"about":[{"href":"https:\/\/www.evcargo.com\/de\/wp-json\/wp\/v2\/types\/page"}],"author":[{"embeddable":true,"href":"https:\/\/www.evcargo.com\/de\/wp-json\/wp\/v2\/users\/9"}],"replies":[{"embeddable":true,"href":"https:\/\/www.evcargo.com\/de\/wp-json\/wp\/v2\/comments?post=251614"}],"version-history":[{"count":3,"href":"https:\/\/www.evcargo.com\/de\/wp-json\/wp\/v2\/pages\/251614\/revisions"}],"predecessor-version":[{"id":251618,"href":"https:\/\/www.evcargo.com\/de\/wp-json\/wp\/v2\/pages\/251614\/revisions\/251618"}],"up":[{"embeddable":true,"href":"https:\/\/www.evcargo.com\/de\/wp-json\/wp\/v2\/pages\/3722"}],"wp:featuredmedia":[{"embeddable":true,"href":"https:\/\/www.evcargo.com\/de\/wp-json\/wp\/v2\/media\/98559"}],"wp:attachment":[{"href":"https:\/\/www.evcargo.com\/de\/wp-json\/wp\/v2\/media?parent=251614"}],"curies":[{"name":"wp","href":"https:\/\/api.w.org\/{rel}","templated":true}]}}