{"id":3722,"date":"2021-07-12T14:41:41","date_gmt":"2021-07-12T13:41:41","guid":{"rendered":"https:\/\/evc.extramilecommunications.dev\/?page_id=3722"},"modified":"2025-11-20T10:52:22","modified_gmt":"2025-11-20T10:52:22","slug":"policies-and-statements","status":"publish","type":"page","link":"https:\/\/www.evcargo.com\/de\/policies-and-statements\/","title":{"rendered":"Richtlinien und Erkl\u00e4rungen"},"content":{"rendered":"<section  class=\"hero-block bg-light\" data-aos=\"fade\" style=\"background-image: url();\">\n\n\t<div class=\"container-fluid\">\n\n\t\t<div class=\"hero-block__titles\">\n\n\t\t\t<h1>Richtlinien und Erkl\u00e4rungen<\/h1>\t\t\t\t\t\t\t\t\t\t\t\t<div class=\"wysiwyg\"><p>Nachfolgend finden Sie alle unsere Richtlinien und Erkl\u00e4rungen, die die volle Transparenz unserer Haltung bei EV Cargo zeigen. Mit unseren Richtlinien legen wir einen hohen Standard fest, um eine hohe Leistung und Qualit\u00e4t sowohl bei unserem Service als auch bei unseren Kollegen zu gew\u00e4hrleisten.<\/p>\n<\/div>\t\t\t\t\t<\/div>\n\t\t\n\n\t\t        \n\t\t\t\t\t<div class=\"hero-block__blocks row\">\n\n                        \t\t\t\t\t\t\n\n\t\t            \n\t\t\t\t\t\t\t\t\t\t\t\t\n\t\t\t\t\t    \n\n\t\t\t\t\t\t\t\t\t\t\t\t\t\t\t\t\t\t\n\n\n\n\t\t            \t<div class=\"hero-block__blocks__col col-md-6\">\n\n\t            \t\t\t<div class=\"hero-block__blocks__col__bg\"  style=\"background-image: url(https:\/\/www.evcargo.com\/wp-content\/uploads\/2021\/07\/Banners-2021-07-12T171245.891-539x387.png);  \"><\/div>\n\n\t\t\t\t\t\t\t<div class=\"hero-block__blocks__col__wrap\">\n                                <div class=\"content-container\">\n    \t\t\t\t\t\t\t\t<h4>Bek\u00e4mpfung von Bestechung und Korruption<\/h4>    \t\t\t\t\t\t\t\t<div class=\"hover\">\n\t\t\t\t\t\t\t\t\t\t\t\t\t\t\t\t\t\t\t\t\t\t\t<p>Bestechung ist eine Form der Korruption. Korruption ist vereinfacht gesagt der Missbrauch anvertrauter Macht\u2026<\/p>\n\t\t\t\t\t\t\t\t\t\t\t    \t\t\t\t\t\t\t\t\t        \t\t\t\t\t\t\t\t\t<a href=\"https:\/\/www.evcargo.com\/wp-content\/uploads\/2025\/04\/GB_ET_POL_0002-Anti-Bribery-and-Corruption-Policy.pdf\" target=\"_self\" class=\"btn green-btn\">\n        \t\t\t\t\t\t\t\t\t\tFinden Sie mehr heraus        \t\t\t\t\t\t\t\t\t<\/a>\n    \t\t\t\t\t\t\t\t\t    \t\t\t\t\t\t\t\t<\/div>\n    \t\t\t\t\t\t\t<\/div>\n\n\n\t\t\t\t\t\t\t<\/div>\n\n\t\t\t\t\t\t<\/div>\n\n\n\t\t            \n\t\t\t\t\t\t\t\t\t\t\t\t\n\t\t\t\t\t    \n\n\t\t\t\t\t\t\t\t\t\t\t\t\t\t\t\t\t\t\n\n\n\n\t\t            \t<div class=\"hero-block__blocks__col col-md-6\">\n\n\t            \t\t\t<div class=\"hero-block__blocks__col__bg\"  style=\"background-image: url(https:\/\/www.evcargo.com\/wp-content\/uploads\/2021\/07\/complicane-background-539x387.jpg);  \"><\/div>\n\n\t\t\t\t\t\t\t<div class=\"hero-block__blocks__col__wrap\">\n                                <div class=\"content-container\">\n    \t\t\t\t\t\t\t\t<h4>Erkl\u00e4rung zur Richtlinie zu integrierten Managementsystemen<\/h4>    \t\t\t\t\t\t\t\t<div class=\"hover\">\n\t\t\t\t\t\t\t\t\t\t\t\t\t\t\t\t\t\t\t\t\t\t\t<p>Als Lieferketten- und Speditionsunternehmen erkennt EV Cargo Global Forwarding die Bedeutung\u2026<\/p>\n\t\t\t\t\t\t\t\t\t\t\t    \t\t\t\t\t\t\t\t\t        \t\t\t\t\t\t\t\t\t<a href=\"https:\/\/www.evcargo.com\/wp-content\/uploads\/2025\/11\/GB_IMS_POL_0001-Integrated-Management-Systems-Policy-statement-V1.8-1-4.pdf\" target=\"_self\" class=\"btn green-btn\">\n        \t\t\t\t\t\t\t\t\t\tFinden Sie mehr heraus        \t\t\t\t\t\t\t\t\t<\/a>\n    \t\t\t\t\t\t\t\t\t    \t\t\t\t\t\t\t\t<\/div>\n    \t\t\t\t\t\t\t<\/div>\n\n\n\t\t\t\t\t\t\t<\/div>\n\n\t\t\t\t\t\t<\/div>\n\n\n\t\t            \n\t\t\t\t\t\t\t\t\t\t\t\t\n\t\t\t\t\t    \n\n\t\t\t\t\t\t\t\t\t\t\t\t\t\t\t\t\t\t\n\n\n\n\t\t            \t<div class=\"hero-block__blocks__col col-md-4\">\n\n\t            \t\t\t<div class=\"hero-block__blocks__col__bg\"  style=\"background-image: url(https:\/\/www.evcargo.com\/wp-content\/uploads\/2021\/07\/Banners-2021-07-12T171532.489-348x387.png);  \"><\/div>\n\n\t\t\t\t\t\t\t<div class=\"hero-block__blocks__col__wrap\">\n                                <div class=\"content-container\">\n    \t\t\t\t\t\t\t\t<h4>Ethische Handelspolitik<\/h4>    \t\t\t\t\t\t\t\t<div class=\"hover\">\n\t\t\t\t\t\t\t\t\t\t\t\t\t\t\t\t\t\t\t\t\t\t\t<p>EV Cargo engagiert sich f\u00fcr ein sicheres, faires und sozial verantwortliches Arbeiten\u2026<\/p>\n\t\t\t\t\t\t\t\t\t\t\t    \t\t\t\t\t\t\t\t\t        \t\t\t\t\t\t\t\t\t<a href=\"https:\/\/www.evcargo.com\/wp-content\/uploads\/2025\/04\/GB_ET_POL_0001-Ethical-Trade-Policy.pdf\" target=\"_self\" class=\"btn green-btn\">\n        \t\t\t\t\t\t\t\t\t\tFinden Sie mehr heraus        \t\t\t\t\t\t\t\t\t<\/a>\n    \t\t\t\t\t\t\t\t\t    \t\t\t\t\t\t\t\t<\/div>\n    \t\t\t\t\t\t\t<\/div>\n\n\n\t\t\t\t\t\t\t<\/div>\n\n\t\t\t\t\t\t<\/div>\n\n\n\t\t            \n\t\t\t\t\t\t\t\t\t\t\t\t\n\t\t\t\t\t    \n\n\t\t\t\t\t\t\t\t\t\t\t\t\t\t\t\t\t\t\n\n\n\n\t\t            \t<div class=\"hero-block__blocks__col col-md-4\">\n\n\t            \t\t\t<div class=\"hero-block__blocks__col__bg\"  style=\"background-image: url(https:\/\/www.evcargo.com\/wp-content\/uploads\/2022\/02\/EVCS-Social-Posts-348x387.png);  \"><\/div>\n\n\t\t\t\t\t\t\t<div class=\"hero-block__blocks__col__wrap\">\n                                <div class=\"content-container\">\n    \t\t\t\t\t\t\t\t<h4>Gleichstellungs-, Diversit\u00e4ts- und Inklusivit\u00e4tsrichtlinie<\/h4>    \t\t\t\t\t\t\t\t<div class=\"hover\">\n\t\t\t\t\t\t\t\t\t\t\t\t\t\t\t\t\t\t\t\t\t\t\t<p>EV Cargo ist bestrebt, das bestm\u00f6gliche Arbeitsumfeld f\u00fcr Sie zu schaffen, und wir glauben an eine faire Behandlung und F\u00f6rderung von Gleichberechtigung, Vielfalt und Inklusion unter unseren Kollegen.<\/p>\n\t\t\t\t\t\t\t\t\t\t\t    \t\t\t\t\t\t\t\t\t        \t\t\t\t\t\t\t\t\t<a href=\"https:\/\/www.evcargo.com\/wp-content\/uploads\/2022\/02\/EV-Cargo-Equality-Diversity-and-Inclusivity-Policy-1.pdf\" target=\"_self\" class=\"btn green-btn\">\n        \t\t\t\t\t\t\t\t\t\tFinden Sie mehr heraus        \t\t\t\t\t\t\t\t\t<\/a>\n    \t\t\t\t\t\t\t\t\t    \t\t\t\t\t\t\t\t<\/div>\n    \t\t\t\t\t\t\t<\/div>\n\n\n\t\t\t\t\t\t\t<\/div>\n\n\t\t\t\t\t\t<\/div>\n\n\n\t\t            \n\t\t\t\t\t\t\t\t\t\t\t\t\n\t\t\t\t\t    \n\n\t\t\t\t\t\t\t\t\t\t\t\t\t\t\t\t\t\t\n\n\n\n\t\t            \t<div class=\"hero-block__blocks__col col-md-4\">\n\n\t            \t\t\t<div class=\"hero-block__blocks__col__bg\"  style=\"background-image: url(https:\/\/www.evcargo.com\/wp-content\/uploads\/2024\/03\/air-freight-services-348x387.png);  \"><\/div>\n\n\t\t\t\t\t\t\t<div class=\"hero-block__blocks__col__wrap\">\n                                <div class=\"content-container\">\n    \t\t\t\t\t\t\t\t<h4>Fenex-Bedingungen<\/h4>    \t\t\t\t\t\t\t\t<div class=\"hover\">\n\t\t\t\t\t\t\t\t\t\t\t    \t\t\t\t\t\t\t\t\t        \t\t\t\t\t\t\t\t\t<a href=\"https:\/\/www.evcargo.com\/wp-content\/uploads\/2025\/02\/NEDERLANDSE-EXPEDITIEVOORWAARDEN-ENG-01-05-2018-1.pdf\" target=\"_self\" class=\"btn green-btn\">\n        \t\t\t\t\t\t\t\t\t\tFinden Sie mehr heraus        \t\t\t\t\t\t\t\t\t<\/a>\n    \t\t\t\t\t\t\t\t\t    \t\t\t\t\t\t\t\t<\/div>\n    \t\t\t\t\t\t\t<\/div>\n\n\n\t\t\t\t\t\t\t<\/div>\n\n\t\t\t\t\t\t<\/div>\n\n\n\t\t            \n\t\t\t\t\t\t\t\t\t\t\t\t\n\t\t\t\t\t    \n\n\t\t\t\t\t\t\t\t\t\t\t\t\t\t\t\t\t\t\n\n\n\n\t\t            \t<div class=\"hero-block__blocks__col col-md-4\">\n\n\t            \t\t\t<div class=\"hero-block__blocks__col__bg\"  style=\"background-image: url(https:\/\/www.evcargo.com\/wp-content\/uploads\/2021\/06\/shutterstock_764004589-348x387.jpg);  \"><\/div>\n\n\t\t\t\t\t\t\t<div class=\"hero-block__blocks__col__wrap\">\n                                <div class=\"content-container\">\n    \t\t\t\t\t\t\t\t<h4>Gesundheit und Sicherheit<\/h4>    \t\t\t\t\t\t\t\t<div class=\"hover\">\n\t\t\t\t\t\t\t\t\t\t\t\t\t\t\t\t\t\t\t\t\t\t\t<p>Die Sicherheits-, Gesundheits-, Umwelt- und Qualit\u00e4tspolitik von EV Cargo\u2026<\/p>\n\t\t\t\t\t\t\t\t\t\t\t    \t\t\t\t\t\t\t\t\t        \t\t\t\t\t\t\t\t\t<a href=\"https:\/\/www.evcargo.com\/wp-content\/uploads\/2025\/11\/GB_HS_POL_0100-EVCGF-Health-and-Safety-Policy-v2.3-1.pdf\" target=\"_blank\" class=\"btn green-btn\">\n        \t\t\t\t\t\t\t\t\t\tFinden Sie mehr heraus        \t\t\t\t\t\t\t\t\t<\/a>\n    \t\t\t\t\t\t\t\t\t    \t\t\t\t\t\t\t\t<\/div>\n    \t\t\t\t\t\t\t<\/div>\n\n\n\t\t\t\t\t\t\t<\/div>\n\n\t\t\t\t\t\t<\/div>\n\n\n\t\t            \n\t\t\t\t\t\t\t\t\t\t\t\t\n\t\t\t\t\t    \n\n\t\t\t\t\t\t\t\t\t\t\t\t\t\t\t\t\t\t\n\n\n\n\t\t            \t<div class=\"hero-block__blocks__col col-md-4\">\n\n\t            \t\t\t<div class=\"hero-block__blocks__col__bg\"  style=\"background-image: url(https:\/\/www.evcargo.com\/wp-content\/uploads\/2021\/07\/14639-089-2-348x387.jpg);  \"><\/div>\n\n\t\t\t\t\t\t\t<div class=\"hero-block__blocks__col__wrap\">\n                                <div class=\"content-container\">\n    \t\t\t\t\t\t\t\t<h4>Erkl\u00e4rung zur modernen Sklaverei<\/h4>    \t\t\t\t\t\t\t\t<div class=\"hover\">\n\t\t\t\t\t\t\t\t\t\t\t\t\t\t\t\t\t\t\t\t\t\t\t<p>Dies ist das Modern Slavery Statement von EV Cargo in Bezug auf Sklaverei und Menschen\u2026<\/p>\n\t\t\t\t\t\t\t\t\t\t\t    \t\t\t\t\t\t\t\t\t        \t\t\t\t\t\t\t\t\t<a href=\"https:\/\/www.evcargo.com\/wp-content\/uploads\/2025\/04\/GB_ET_POL_0003-Modern-Slavery-Act-Statement.pdf\" target=\"_blank\" class=\"btn green-btn\">\n        \t\t\t\t\t\t\t\t\t\tFinden Sie mehr heraus        \t\t\t\t\t\t\t\t\t<\/a>\n    \t\t\t\t\t\t\t\t\t    \t\t\t\t\t\t\t\t<\/div>\n    \t\t\t\t\t\t\t<\/div>\n\n\n\t\t\t\t\t\t\t<\/div>\n\n\t\t\t\t\t\t<\/div>\n\n\n\t\t            \n\t\t\t\t\t\t\t\t\t\t\t\t\n\t\t\t\t\t    \n\n\t\t\t\t\t\t\t\t\t\t\t\t\t\t\t\t\t\t\n\n\n\n\t\t            \t<div class=\"hero-block__blocks__col col-md-4\">\n\n\t            \t\t\t<div class=\"hero-block__blocks__col__bg\"  style=\"background-image: url(https:\/\/www.evcargo.com\/wp-content\/uploads\/2021\/06\/Banners-2021-06-21T184926.428-348x387.png);  \"><\/div>\n\n\t\t\t\t\t\t\t<div class=\"hero-block__blocks__col__wrap\">\n                                <div class=\"content-container\">\n    \t\t\t\t\t\t\t\t<h4>Datenschutzbestimmungen<\/h4>    \t\t\t\t\t\t\t\t<div class=\"hover\">\n\t\t\t\t\t\t\t\t\t\t\t\t\t\t\t\t\t\t\t\t\t\t\t<p>Diese Richtlinie legt fest, wie wir mit den Informationen umgehen, die wir \u00fcber Sie erfahren, wenn Sie\u2026<\/p>\n\t\t\t\t\t\t\t\t\t\t\t    \t\t\t\t\t\t\t\t\t        \t\t\t\t\t\t\t\t\t<a href=\"https:\/\/www.evcargo.com\/en\/policies-and-statements\/privacy-policy\/\" target=\"_blank\" class=\"btn green-btn\">\n        \t\t\t\t\t\t\t\t\t\tFinden Sie mehr heraus        \t\t\t\t\t\t\t\t\t<\/a>\n    \t\t\t\t\t\t\t\t\t    \t\t\t\t\t\t\t\t<\/div>\n    \t\t\t\t\t\t\t<\/div>\n\n\n\t\t\t\t\t\t\t<\/div>\n\n\t\t\t\t\t\t<\/div>\n\n\n\t\t            \n\t\t\t\t\t\t\t\t\t\t\t\t\n\t\t\t\t\t    \n\n\t\t\t\t\t\t\t\t\t\t\t\t\t\t\t\t\t\t\n\n\n\n\t\t            \t<div class=\"hero-block__blocks__col col-md-4\">\n\n\t            \t\t\t<div class=\"hero-block__blocks__col__bg\"  style=\"background-image: url(https:\/\/www.evcargo.com\/wp-content\/uploads\/2021\/06\/EVC-Packaging-Conference-348x387.png);  \"><\/div>\n\n\t\t\t\t\t\t\t<div class=\"hero-block__blocks__col__wrap\">\n                                <div class=\"content-container\">\n    \t\t\t\t\t\t\t\t<h4>Verhaltenskodex f\u00fcr Zulieferer<\/h4>    \t\t\t\t\t\t\t\t<div class=\"hover\">\n\t\t\t\t\t\t\t\t\t\t\t\t\t\t\t\t\t\t\t\t\t\t\t<p>EV Cargo arbeitet nach dem Leitmotiv der absoluten Kundenorientierung und wir\u2026<\/p>\n\t\t\t\t\t\t\t\t\t\t\t    \t\t\t\t\t\t\t\t\t        \t\t\t\t\t\t\t\t\t<a href=\"https:\/\/www.evcargo.com\/wp-content\/uploads\/2025\/04\/GB_ET_POL_0004_Supplier-Code-of-Conduct.pdf\" target=\"_blank\" class=\"btn green-btn\">\n        \t\t\t\t\t\t\t\t\t\tFinden Sie mehr heraus        \t\t\t\t\t\t\t\t\t<\/a>\n    \t\t\t\t\t\t\t\t\t    \t\t\t\t\t\t\t\t<\/div>\n    \t\t\t\t\t\t\t<\/div>\n\n\n\t\t\t\t\t\t\t<\/div>\n\n\t\t\t\t\t\t<\/div>\n\n\n\t\t            \n\t\t\t\t\t\t\t\t\t\t\t\t\n\t\t\t\t\t    \n\n\t\t\t\t\t\t\t\t\t\t\t\t\t\t\t\t\t\t\n\n\n\n\t\t            \t<div class=\"hero-block__blocks__col col-md-4\">\n\n\t            \t\t\t<div class=\"hero-block__blocks__col__bg\"  style=\"background-image: url(https:\/\/www.evcargo.com\/wp-content\/uploads\/2023\/06\/Heath-EV-cargo-Tour-497-348x387.jpg);  \"><\/div>\n\n\t\t\t\t\t\t\t<div class=\"hero-block__blocks__col__wrap\">\n                                <div class=\"content-container\">\n    \t\t\t\t\t\t\t\t<h4>Verhaltenskodex f\u00fcr Mitarbeiter<\/h4>    \t\t\t\t\t\t\t\t<div class=\"hover\">\n\t\t\t\t\t\t\t\t\t\t\t\t\t\t\t\t\t\t\t\t\t\t\t<p>Bei EV Cargo arbeiten wir hart im Rahmen unserer Gesch\u00e4ftsabl\u00e4ufe, sowohl intern als auch<br \/>\n\u00e4u\u00dferlich.<\/p>\n\t\t\t\t\t\t\t\t\t\t\t    \t\t\t\t\t\t\t\t\t        \t\t\t\t\t\t\t\t\t<a href=\"https:\/\/www.evcargo.com\/wp-content\/uploads\/2023\/10\/Code-Of-Conduct-Final-October23.pdf\" target=\"_self\" class=\"btn green-btn\">\n        \t\t\t\t\t\t\t\t\t\tFinden Sie mehr heraus        \t\t\t\t\t\t\t\t\t<\/a>\n    \t\t\t\t\t\t\t\t\t    \t\t\t\t\t\t\t\t<\/div>\n    \t\t\t\t\t\t\t<\/div>\n\n\n\t\t\t\t\t\t\t<\/div>\n\n\t\t\t\t\t\t<\/div>\n\n\n\t\t            \n\t\t\t\t\t\t\t\t\t\t\t\t\n\t\t\t\t\t    \n\n\t\t\t\t\t\t\t\t\t\t\t\t\t\t\t\t\t\t\n\n\n\n\t\t            \t<div class=\"hero-block__blocks__col col-md-4\">\n\n\t            \t\t\t<div class=\"hero-block__blocks__col__bg\"  style=\"background-image: url(https:\/\/www.evcargo.com\/wp-content\/uploads\/2021\/06\/42-348x387.png);  \"><\/div>\n\n\t\t\t\t\t\t\t<div class=\"hero-block__blocks__col__wrap\">\n                                <div class=\"content-container\">\n    \t\t\t\t\t\t\t\t<h4>Whistleblowing-Richtlinie<\/h4>    \t\t\t\t\t\t\t\t<div class=\"hover\">\n\t\t\t\t\t\t\t\t\t\t\t\t\t\t\t\t\t\t\t\t\t\t\t<p>EV Cargo ermutigt alle Einzelpersonen, ihre Bedenken zu \u00e4u\u00dfern \u2026<\/p>\n\t\t\t\t\t\t\t\t\t\t\t    \t\t\t\t\t\t\t\t\t        \t\t\t\t\t\t\t\t\t<a href=\"https:\/\/www.evcargo.com\/wp-content\/uploads\/2025\/04\/GB_ET_POL_0005_Whistleblowing-Policy.pdf\" target=\"_blank\" class=\"btn green-btn\">\n        \t\t\t\t\t\t\t\t\t\tFinden Sie mehr heraus        \t\t\t\t\t\t\t\t\t<\/a>\n    \t\t\t\t\t\t\t\t\t    \t\t\t\t\t\t\t\t<\/div>\n    \t\t\t\t\t\t\t<\/div>\n\n\n\t\t\t\t\t\t\t<\/div>\n\n\t\t\t\t\t\t<\/div>\n\n\n\t\t            \n\t\t\t\t\t\t\t\t\t\t\t\t\n\t\t\t\t\t    \n\n\t\t\t\t\t\t\t\t\t\t\t\t\t\t\t\t\t\t\n\n\n\n\t\t            \t<div class=\"hero-block__blocks__col col-md-4\">\n\n\t            \t\t\t<div class=\"hero-block__blocks__col__bg\"  style=\"background-image: url(https:\/\/www.evcargo.com\/wp-content\/uploads\/2021\/06\/EVCL-Chilll-HR-Policy-Images-1-348x387.png);  \"><\/div>\n\n\t\t\t\t\t\t\t<div class=\"hero-block__blocks__col__wrap\">\n                                <div class=\"content-container\">\n    \t\t\t\t\t\t\t\t<h4>Richtlinien f\u00fcr Geschenke und Bewirtung<\/h4>    \t\t\t\t\t\t\t\t<div class=\"hover\">\n\t\t\t\t\t\t\t\t\t\t\t\t\t\t\t\t\t\t\t\t\t\t\t<p>Es ist wichtig, dass die aufgef\u00fchrten Richtlinien in jedem Fall eingehalten werden. Durch die Etablierung von Geschenken und Bewirtung k\u00f6nnen Goodwill und Vertrauen in den Beziehungen zu Gegenparteien und anderen Gesch\u00e4ftspartnern geschaffen werden.<\/p>\n\t\t\t\t\t\t\t\t\t\t\t    \t\t\t\t\t\t\t\t\t        \t\t\t\t\t\t\t\t\t<a href=\"https:\/\/www.evcargo.com\/wp-content\/uploads\/2021\/11\/20200907_Gifts-and-Hospitality-Approval-Process_EVC_Formatted.pdf\" target=\"_self\" class=\"btn green-btn\">\n        \t\t\t\t\t\t\t\t\t\tFinden Sie mehr heraus        \t\t\t\t\t\t\t\t\t<\/a>\n    \t\t\t\t\t\t\t\t\t    \t\t\t\t\t\t\t\t<\/div>\n    \t\t\t\t\t\t\t<\/div>\n\n\n\t\t\t\t\t\t\t<\/div>\n\n\t\t\t\t\t\t<\/div>\n\n\n\t\t            \n\t\t\t\t\t\t\t\t\t\t\t\t\n\t\t\t\t\t    \n\n\t\t\t\t\t\t\t\t\t\t\t\t\t\t\t\t\t\t\n\n\n\n\t\t            \t<div class=\"hero-block__blocks__col col-md-4\">\n\n\t            \t\t\t<div class=\"hero-block__blocks__col__bg\"  style=\"background-image: url(https:\/\/www.evcargo.com\/wp-content\/uploads\/2021\/11\/Banners-15-348x387.png);  \"><\/div>\n\n\t\t\t\t\t\t\t<div class=\"hero-block__blocks__col__wrap\">\n                                <div class=\"content-container\">\n    \t\t\t\t\t\t\t\t<h4>Einweg-Plastikrichtlinie<\/h4>    \t\t\t\t\t\t\t\t<div class=\"hover\">\n\t\t\t\t\t\t\t\t\t\t\t\t\t\t\t\t\t\t\t\t\t\t\t<p>EV Cargo erkennt die Notwendigkeit an, nachhaltige Praktiken in unsere Arbeitsweisen einzubringen, um eine bessere Welt f\u00fcr morgen zu gestalten.<\/p>\n\t\t\t\t\t\t\t\t\t\t\t    \t\t\t\t\t\t\t\t\t        \t\t\t\t\t\t\t\t\t<a href=\"https:\/\/www.evcargo.com\/wp-content\/uploads\/2022\/03\/GBESGPOL0001-Single-Use-Plastics-Policy-SE.pdf\" target=\"_self\" class=\"btn green-btn\">\n        \t\t\t\t\t\t\t\t\t\tFinden Sie mehr heraus        \t\t\t\t\t\t\t\t\t<\/a>\n    \t\t\t\t\t\t\t\t\t    \t\t\t\t\t\t\t\t<\/div>\n    \t\t\t\t\t\t\t<\/div>\n\n\n\t\t\t\t\t\t\t<\/div>\n\n\t\t\t\t\t\t<\/div>\n\n\n\t\t            \n\t\t        \t<\/div>\n\n\t\t        \n\t<\/div>\n\n<\/section>\n\n\n\n<section  class=\"wide-image-text background__white\" height: ;\">\n\t\n\t<\/section>","protected":false},"excerpt":{"rendered":"<p>Mit unseren Richtlinien legen wir einen hohen Standard fest, um eine hohe Leistung und Qualit\u00e4t sowohl bei unserem Service als auch bei unseren Kollegen sicherzustellen.<\/p>","protected":false},"author":9,"featured_media":2054,"parent":0,"menu_order":0,"comment_status":"closed","ping_status":"closed","template":"","meta":{"_acf_changed":false,"footnotes":""},"class_list":["post-3722","page","type-page","status-publish","has-post-thumbnail","hentry"],"acf":[],"yoast_head":"<!-- This site is optimized with the Yoast SEO plugin v27.3 - https:\/\/yoast.com\/product\/yoast-seo-wordpress\/ -->\n<title>Policies and Statements - EV Cargo<\/title>\n<meta name=\"description\" content=\"Here you\u2019ll find all our policies and statements showing full transparency of our stance at EV Cargo. Contact us with your enquiries or to find out more.\" \/>\n<meta name=\"robots\" content=\"index, follow, max-snippet:-1, max-image-preview:large, max-video-preview:-1\" \/>\n<link rel=\"canonical\" href=\"https:\/\/www.evcargo.com\/de\/policies-and-statements\/\" \/>\n<meta property=\"og:locale\" content=\"de_DE\" \/>\n<meta property=\"og:type\" content=\"article\" \/>\n<meta property=\"og:title\" content=\"Policies and Statements - EV Cargo\" \/>\n<meta property=\"og:description\" content=\"Here you\u2019ll find all our policies and statements showing full transparency of our stance at EV Cargo. Contact us with your enquiries or to find out more.\" \/>\n<meta property=\"og:url\" content=\"https:\/\/www.evcargo.com\/de\/policies-and-statements\/\" \/>\n<meta property=\"og:site_name\" content=\"EV Cargo\" \/>\n<meta property=\"article:modified_time\" content=\"2025-11-20T10:52:22+00:00\" \/>\n<meta property=\"og:image\" content=\"https:\/\/www.evcargo.com\/wp-content\/uploads\/2021\/06\/shutterstock_703134682-5-scaled.jpg\" \/>\n\t<meta property=\"og:image:width\" content=\"2560\" \/>\n\t<meta property=\"og:image:height\" content=\"1403\" \/>\n\t<meta property=\"og:image:type\" content=\"image\/jpeg\" \/>\n<meta name=\"twitter:card\" content=\"summary_large_image\" \/>\n<script type=\"application\/ld+json\" class=\"yoast-schema-graph\">{\"@context\":\"https:\\\/\\\/schema.org\",\"@graph\":[{\"@type\":\"WebPage\",\"@id\":\"https:\\\/\\\/www.evcargo.com\\\/policies-and-statements\\\/\",\"url\":\"https:\\\/\\\/www.evcargo.com\\\/policies-and-statements\\\/\",\"name\":\"Policies and Statements - EV Cargo\",\"isPartOf\":{\"@id\":\"https:\\\/\\\/www.evcargo.com\\\/de\\\/#website\"},\"primaryImageOfPage\":{\"@id\":\"https:\\\/\\\/www.evcargo.com\\\/policies-and-statements\\\/#primaryimage\"},\"image\":{\"@id\":\"https:\\\/\\\/www.evcargo.com\\\/policies-and-statements\\\/#primaryimage\"},\"thumbnailUrl\":\"https:\\\/\\\/www.evcargo.com\\\/wp-content\\\/uploads\\\/2021\\\/06\\\/shutterstock_703134682-5-scaled.jpg\",\"datePublished\":\"2021-07-12T13:41:41+00:00\",\"dateModified\":\"2025-11-20T10:52:22+00:00\",\"description\":\"Here you\u2019ll find all our policies and statements showing full transparency of our stance at EV Cargo. Contact us with your enquiries or to find out more.\",\"inLanguage\":\"de\",\"potentialAction\":[{\"@type\":\"ReadAction\",\"target\":[\"https:\\\/\\\/www.evcargo.com\\\/policies-and-statements\\\/\"]}]},{\"@type\":\"ImageObject\",\"inLanguage\":\"de\",\"@id\":\"https:\\\/\\\/www.evcargo.com\\\/policies-and-statements\\\/#primaryimage\",\"url\":\"https:\\\/\\\/www.evcargo.com\\\/wp-content\\\/uploads\\\/2021\\\/06\\\/shutterstock_703134682-5-scaled.jpg\",\"contentUrl\":\"https:\\\/\\\/www.evcargo.com\\\/wp-content\\\/uploads\\\/2021\\\/06\\\/shutterstock_703134682-5-scaled.jpg\",\"width\":2560,\"height\":1403},{\"@type\":\"WebSite\",\"@id\":\"https:\\\/\\\/www.evcargo.com\\\/de\\\/#website\",\"url\":\"https:\\\/\\\/www.evcargo.com\\\/de\\\/\",\"name\":\"EV Cargo\",\"description\":\"\",\"publisher\":{\"@id\":\"https:\\\/\\\/www.evcargo.com\\\/de\\\/#organization\"},\"potentialAction\":[{\"@type\":\"SearchAction\",\"target\":{\"@type\":\"EntryPoint\",\"urlTemplate\":\"https:\\\/\\\/www.evcargo.com\\\/de\\\/?s={search_term_string}\"},\"query-input\":{\"@type\":\"PropertyValueSpecification\",\"valueRequired\":true,\"valueName\":\"search_term_string\"}}],\"inLanguage\":\"de\"},{\"@type\":\"Organization\",\"@id\":\"https:\\\/\\\/www.evcargo.com\\\/de\\\/#organization\",\"name\":\"EV Cargo\",\"alternateName\":\"EVC\",\"url\":\"https:\\\/\\\/www.evcargo.com\\\/de\\\/\",\"logo\":{\"@type\":\"ImageObject\",\"inLanguage\":\"de\",\"@id\":\"https:\\\/\\\/www.evcargo.com\\\/de\\\/#\\\/schema\\\/logo\\\/image\\\/\",\"url\":\"https:\\\/\\\/www.evcargo.com\\\/wp-content\\\/uploads\\\/2025\\\/02\\\/ev-cargo-logo.png\",\"contentUrl\":\"https:\\\/\\\/www.evcargo.com\\\/wp-content\\\/uploads\\\/2025\\\/02\\\/ev-cargo-logo.png\",\"width\":364,\"height\":78,\"caption\":\"EV Cargo\"},\"image\":{\"@id\":\"https:\\\/\\\/www.evcargo.com\\\/de\\\/#\\\/schema\\\/logo\\\/image\\\/\"}}]}<\/script>\n<!-- \/ Yoast SEO plugin. -->","yoast_head_json":{"title":"Richtlinien und Erkl\u00e4rungen - EV Cargo","description":"Hier finden Sie alle unsere Richtlinien und Erkl\u00e4rungen, die unsere Haltung bei EV Cargo transparent machen. Kontaktieren Sie uns bei Fragen oder um mehr zu erfahren.","robots":{"index":"index","follow":"follow","max-snippet":"max-snippet:-1","max-image-preview":"max-image-preview:large","max-video-preview":"max-video-preview:-1"},"canonical":"https:\/\/www.evcargo.com\/de\/policies-and-statements\/","og_locale":"de_DE","og_type":"article","og_title":"Policies and Statements - EV Cargo","og_description":"Here you\u2019ll find all our policies and statements showing full transparency of our stance at EV Cargo. Contact us with your enquiries or to find out more.","og_url":"https:\/\/www.evcargo.com\/de\/policies-and-statements\/","og_site_name":"EV Cargo","article_modified_time":"2025-11-20T10:52:22+00:00","og_image":[{"width":2560,"height":1403,"url":"https:\/\/www.evcargo.com\/wp-content\/uploads\/2021\/06\/shutterstock_703134682-5-scaled.jpg","type":"image\/jpeg"}],"twitter_card":"summary_large_image","schema":{"@context":"https:\/\/schema.org","@graph":[{"@type":"WebPage","@id":"https:\/\/www.evcargo.com\/policies-and-statements\/","url":"https:\/\/www.evcargo.com\/policies-and-statements\/","name":"Richtlinien und Erkl\u00e4rungen - EV Cargo","isPartOf":{"@id":"https:\/\/www.evcargo.com\/de\/#website"},"primaryImageOfPage":{"@id":"https:\/\/www.evcargo.com\/policies-and-statements\/#primaryimage"},"image":{"@id":"https:\/\/www.evcargo.com\/policies-and-statements\/#primaryimage"},"thumbnailUrl":"https:\/\/www.evcargo.com\/wp-content\/uploads\/2021\/06\/shutterstock_703134682-5-scaled.jpg","datePublished":"2021-07-12T13:41:41+00:00","dateModified":"2025-11-20T10:52:22+00:00","description":"Hier finden Sie alle unsere Richtlinien und Erkl\u00e4rungen, die unsere Haltung bei EV Cargo transparent machen. Kontaktieren Sie uns bei Fragen oder um mehr zu erfahren.","inLanguage":"de","potentialAction":[{"@type":"ReadAction","target":["https:\/\/www.evcargo.com\/policies-and-statements\/"]}]},{"@type":"ImageObject","inLanguage":"de","@id":"https:\/\/www.evcargo.com\/policies-and-statements\/#primaryimage","url":"https:\/\/www.evcargo.com\/wp-content\/uploads\/2021\/06\/shutterstock_703134682-5-scaled.jpg","contentUrl":"https:\/\/www.evcargo.com\/wp-content\/uploads\/2021\/06\/shutterstock_703134682-5-scaled.jpg","width":2560,"height":1403},{"@type":"WebSite","@id":"https:\/\/www.evcargo.com\/de\/#website","url":"https:\/\/www.evcargo.com\/de\/","name":"EV Cargo","description":"","publisher":{"@id":"https:\/\/www.evcargo.com\/de\/#organization"},"potentialAction":[{"@type":"SearchAction","target":{"@type":"EntryPoint","urlTemplate":"https:\/\/www.evcargo.com\/de\/?s={search_term_string}"},"query-input":{"@type":"PropertyValueSpecification","valueRequired":true,"valueName":"search_term_string"}}],"inLanguage":"de"},{"@type":"Organization","@id":"https:\/\/www.evcargo.com\/de\/#organization","name":"EV Cargo","alternateName":"EVC","url":"https:\/\/www.evcargo.com\/de\/","logo":{"@type":"ImageObject","inLanguage":"de","@id":"https:\/\/www.evcargo.com\/de\/#\/schema\/logo\/image\/","url":"https:\/\/www.evcargo.com\/wp-content\/uploads\/2025\/02\/ev-cargo-logo.png","contentUrl":"https:\/\/www.evcargo.com\/wp-content\/uploads\/2025\/02\/ev-cargo-logo.png","width":364,"height":78,"caption":"EV Cargo"},"image":{"@id":"https:\/\/www.evcargo.com\/de\/#\/schema\/logo\/image\/"}}]}},"_links":{"self":[{"href":"https:\/\/www.evcargo.com\/de\/wp-json\/wp\/v2\/pages\/3722","targetHints":{"allow":["GET"]}}],"collection":[{"href":"https:\/\/www.evcargo.com\/de\/wp-json\/wp\/v2\/pages"}],"about":[{"href":"https:\/\/www.evcargo.com\/de\/wp-json\/wp\/v2\/types\/page"}],"author":[{"embeddable":true,"href":"https:\/\/www.evcargo.com\/de\/wp-json\/wp\/v2\/users\/9"}],"replies":[{"embeddable":true,"href":"https:\/\/www.evcargo.com\/de\/wp-json\/wp\/v2\/comments?post=3722"}],"version-history":[{"count":20,"href":"https:\/\/www.evcargo.com\/de\/wp-json\/wp\/v2\/pages\/3722\/revisions"}],"predecessor-version":[{"id":285278,"href":"https:\/\/www.evcargo.com\/de\/wp-json\/wp\/v2\/pages\/3722\/revisions\/285278"}],"wp:featuredmedia":[{"embeddable":true,"href":"https:\/\/www.evcargo.com\/de\/wp-json\/wp\/v2\/media\/2054"}],"wp:attachment":[{"href":"https:\/\/www.evcargo.com\/de\/wp-json\/wp\/v2\/media?parent=3722"}],"curies":[{"name":"wp","href":"https:\/\/api.w.org\/{rel}","templated":true}]}}