{"id":98041,"date":"2021-07-12T15:30:46","date_gmt":"2021-07-12T14:30:46","guid":{"rendered":"https:\/\/evc.extramilecommunications.dev\/?page_id=98041"},"modified":"2021-11-30T15:44:48","modified_gmt":"2021-11-30T15:44:48","slug":"integrated-management-systems-policy-statement","status":"publish","type":"page","link":"https:\/\/www.evcargo.com\/de\/policies-and-statements\/integrated-management-systems-policy-statement\/","title":{"rendered":"Erkl\u00e4rung zur Richtlinie zu integrierten Managementsystemen"},"content":{"rendered":"<section  class=\"small-banner\" style=\" background-color:#D8D8D8 \">\n\n\t<div class=\"container-fluid\">\n\n\t\t<h1>Erkl\u00e4rung zur Richtlinie zu integrierten Managementsystemen<\/h1>\n\t<\/div>\n\n<\/section>\n\n<div class=\"breadcrumbs\" typeof=\"BreadcrumbList\" vocab=\"https:\/\/schema.org\/\">\n\t<div class=\"container-fluid\">\n\n\t\t<span property=\"itemListElement\" typeof=\"ListItem\"><a property=\"item\" typeof=\"WebPage\" title=\"Gehe zu EV Cargo.\" href=\"https:\/\/www.evcargo.com\/de\" class=\"home\" aria-current=\"page\"><span property=\"name\">EV Cargo<\/span><\/a><meta property=\"position\" content=\"1\"><\/span>\t<\/div>\n<\/div>\n\n\n<div class=\"breadcrumbs align  wp-block-bcn-breadcrumb-trail has-text-color has-background\" vocab=\"https:\/\/schema.org\/\" typeof=\"BreadcrumbList\">\n\t<span><\/span>\n\t<span property=\"itemListElement\" typeof=\"ListItem\"><a property=\"item\" typeof=\"WebPage\" title=\"Gehe zu EV Cargo.\" href=\"https:\/\/www.evcargo.com\/de\" class=\"home\" aria-current=\"page\"><span property=\"name\">EV Cargo<\/span><\/a><meta property=\"position\" content=\"1\"><\/span><\/div>\n\n\n<section  class=\"wysiwyg\">\n\n\t<div class=\"container-fluid\">\n\n\t<p>Integrierte Managementsysteme\/POL\/6001 Ausgabe 2 05.03.2020<\/p>\n<h3>Erkl\u00e4rung zur Richtlinie zu integrierten Managementsystemen<\/h3>\n<p>Als Lieferketten- und Speditionsunternehmen erkennt EV Cargo Global Forwarding die Bedeutung des Umweltschutzes, der Sicherheit und Gesundheit unserer Mitarbeiter an und verpflichtet sich, unser Gesch\u00e4ft verantwortungsbewusst und in \u00dcbereinstimmung mit allen gesetzlichen Anforderungen zu f\u00fchren. Unser Ziel ist es, alle nach vern\u00fcnftigem Ermessen durchf\u00fchrbaren Ma\u00dfnahmen durchzuf\u00fchren, um alle erforderlichen Anforderungen zu erf\u00fcllen und die Sicherheits-, Gesundheits-, Umwelt- und Qualit\u00e4tsleistung kontinuierlich zu verbessern.<\/p>\n<p>Die Organisation f\u00f6rdert:- Sicherheits-, Gesundheits-, Umwelt- und Qualit\u00e4tsbewusstsein und Verst\u00e4ndnis bei allen Mitarbeitern, Lieferanten, Kunden, Subunternehmern und anderen Interessengruppen; Gew\u00e4hrleistung der Einhaltung der gesetzlichen Bestimmungen und dieser Richtlinie. Wir \u00fcberpr\u00fcfen die Leistung unserer integrierten Managementsysteme mindestens j\u00e4hrlich, um Verbesserungspotenziale zu identifizieren, und legen konkrete Ziele und Zieltermine f\u00fcr die Erreichung fest, um unsere Prozesse und Verfahren kontinuierlich zu verbessern.<\/p>\n<p>EV Cargo Global Forwarding verpflichtet sich:<\/p>\n<ul>\n<li>Schutz der Umwelt, der Gesundheit, Sicherheit, des Wohlbefindens und der Sicherheit unserer Kollegen, um eine positive und engagierte Kultur in der gesamten Organisation zu f\u00f6rdern<\/li>\n<li>Bereitstellung der notwendigen Ressourcen und Umgebung, die sichere und saubere Arbeitspraktiken f\u00f6rdern<\/li>\n<li>Sicherstellen, dass Verantwortlichkeiten und Befugnisse festgelegt, kommuniziert und unterst\u00fctzt werden<\/li>\n<li>Sicherstellen, dass jederzeit bew\u00e4hrte Verfahren der Branche angewendet werden<\/li>\n<li>Aufrechterhaltung und Verbesserung der Kundenerwartungen und -zufriedenheit<\/li>\n<\/ul>\n<p>Um dies zu erreichen, werden wir:<\/p>\n<ul>\n<li>Mit gutem Beispiel vorangehen und IMS-Aufgaben in den Arbeitsalltag integrieren<\/li>\n<li>F\u00fchren und \u00fcberpr\u00fcfen Sie ein Risiko- und Chancenregister in Bezug auf unsere interessierten Parteien<\/li>\n<li>Investieren Sie in unsere Mitarbeiter und sorgen Sie f\u00fcr angemessene Infrastruktur, Ausr\u00fcstung, Prozesse und Systeme<\/li>\n<li>Stellen Sie sicher, dass alle Mitarbeiter \u00fcber die IMS-Grundsatzerkl\u00e4rung informiert sind<\/li>\n<li>F\u00f6rdern Sie risikobasiertes Denken<\/li>\n<li>\u00dcberwachen und messen Sie alle Aspekte des IMS durch regelm\u00e4\u00dfige Inspektionen und Audits, sowohl intern als auch extern. Engagieren, konsultieren und kommunizieren Sie mit unseren Kollegen und stellen Sie Informationen, Anweisungen, Schulungen und Supervisionen bereit, um das Bewusstsein und die Kompetenz von IMS sicherzustellen und zu verbessern<\/li>\n<\/ul>\n<h4>Sicherheit &amp; Gesundheit<\/h4>\n<p>Reduzieren und mindern Sie das Risiko von Krankheiten, Unf\u00e4llen, Gefahren und Beinaheunf\u00e4llen durch:<\/p>\n<ul>\n<li>Aufrechterhaltung sicherer und gesunder Arbeitsbedingungen, Bereitstellung und Wartung von Anlagen, Ausr\u00fcstungen oder Maschinen und Gew\u00e4hrleistung der sicheren Lagerung und Handhabung von Stoffen.<\/li>\n<li>Sicherstellen, dass ein Notfallreaktions- und Evakuierungsplan implementiert und getestet wird<\/li>\n<li>F\u00f6rderung von Sicherheit, Gesundheit, Wohlbefinden und einer gr\u00fcneren Umwelt f\u00fcr alle, die mit EV Cargo Global Forwarding verbunden sind<\/li>\n<li>Sicherstellen, dass Kollegen verstehen, dass sie auch eine Verantwortung f\u00fcr ihre eigenen Arbeits- und Gesundheitsschutz und diejenigen haben, die von ihrer Arbeit betroffen sein k\u00f6nnten<\/li>\n<\/ul>\n<h4>Umwelteinfl\u00fcsse<\/h4>\n<p>Unser Ziel ist es, unseren CO2-Fu\u00dfabdruck absolut und umfassend zu reduzieren. Nachdem wir speziell unser Gesch\u00e4ft, unsere Aktivit\u00e4ten und Dienstleistungen in Gro\u00dfbritannien untersucht haben, sind unsere erheblichen Umweltauswirkungen mit der Verwendung von Kraftstoff, dem Stra\u00dfenverkehr, dem Energieverbrauch und der Abfallentsorgung verbunden. Um die negativen Auswirkungen so weit wie m\u00f6glich zu reduzieren, verpflichten wir uns zu Folgendem:<\/p>\n<ul>\n<li>Kontinuierliche Verbesserung von Recycling und Abfallentsorgung<\/li>\n<li>Reduzierung der CO2-Emissionen und des Verbrauchs von Energie und Wasser<\/li>\n<li>\u00dcberwachung unserer Aktivit\u00e4ten und Prozesse, um eine effiziente Ressourcennutzung zu gew\u00e4hrleisten und die Abfallerzeugung zu minimieren<\/li>\n<li>Identifizieren Sie Bereiche der Gesch\u00e4ftst\u00e4tigkeit, die eine Umweltverschmutzung verursachen k\u00f6nnen, und implementieren Sie ausreichende<br \/>\nKontrollma\u00dfnahmen zur Vermeidung von Umweltverschmutzung<\/li>\n<\/ul>\n<h4>Qualit\u00e4t<\/h4>\n<p>Erhalten und steigern Sie unsere Kundenzufriedenheit durch:<\/p>\n<ul>\n<li>Wir suchen strukturiertes Feedback von unseren Kunden<\/li>\n<li>Identifizieren, Implementieren und Pflegen von Systemen zur Prozessverbesserung<\/li>\n<li>Die Meldung von Nichtkonformit\u00e4ten kontinuierlich f\u00f6rdern und deren Wirksamkeit \u00fcberpr\u00fcfen<\/li>\n<li>\u00dcberpr\u00fcfung, \u00dcberarbeitung, Entwicklung und Pflege anwendbarer dokumentierter Informationen<\/li>\n<li>\u00dcberpr\u00fcfen Sie diese Richtlinie j\u00e4hrlich, sofern keine \u00c4nderungen erforderlich sind, und stellen Sie sie auf Anfrage interessierten Parteien zur Verf\u00fcgung<\/li>\n<\/ul>\n<p>Unterzeichnet: <img loading=\"lazy\" decoding=\"async\" class=\"alignnone size-full wp-image-98093\" src=\"https:\/\/www.evcargo.com\/wp-content\/uploads\/2021\/07\/CB-SIGN-FOR-ONLINE-300x179-1.jpg\" alt=\"\" width=\"300\" height=\"179\" \/><\/p>\n<p>Gedruckt: Clyde Buntrock, CEO<\/p>\n<p>Datum: 14.12.20<\/p>\n\n\t<\/div>\n\n<\/section>","protected":false},"excerpt":{"rendered":"<p>Als Lieferketten- und Speditionsorganisation erkennt EV Cargo Global Forwarding die Bedeutung des Umweltschutzes, der Sicherheit und Gesundheit unserer Mitarbeiter an und verpflichtet sich, unser Gesch\u00e4ft verantwortungsbewusst und in \u00dcbereinstimmung mit allen gesetzlichen Anforderungen zu f\u00fchren. <\/p>","protected":false},"author":9,"featured_media":98236,"parent":3722,"menu_order":0,"comment_status":"closed","ping_status":"closed","template":"","meta":{"_acf_changed":false,"footnotes":""},"class_list":["post-98041","page","type-page","status-publish","has-post-thumbnail","hentry"],"acf":[],"yoast_head":"<!-- This site is optimized with the Yoast SEO plugin v27.3 - https:\/\/yoast.com\/product\/yoast-seo-wordpress\/ -->\n<title>Integrated Management Systems Policy Statement - EV Cargo<\/title>\n<meta name=\"robots\" content=\"index, follow, max-snippet:-1, max-image-preview:large, max-video-preview:-1\" \/>\n<link rel=\"canonical\" href=\"https:\/\/www.evcargo.com\/de\/policies-and-statements\/integrated-management-systems-policy-statement\/\" \/>\n<meta property=\"og:locale\" content=\"de_DE\" \/>\n<meta property=\"og:type\" content=\"article\" \/>\n<meta property=\"og:title\" content=\"Integrated Management Systems Policy Statement - EV Cargo\" \/>\n<meta property=\"og:description\" content=\"As a supply chain and freight forwarding organisation, EV Cargo Global Forwarding recognises the importance of environmental protection, the safety &amp; health of our employees and are committed to operating our business responsibly, and in accordance with all legal requirements.\" \/>\n<meta property=\"og:url\" content=\"https:\/\/www.evcargo.com\/de\/policies-and-statements\/integrated-management-systems-policy-statement\/\" \/>\n<meta property=\"og:site_name\" content=\"EV Cargo\" \/>\n<meta property=\"article:modified_time\" content=\"2021-11-30T15:44:48+00:00\" \/>\n<meta property=\"og:image\" content=\"https:\/\/www.evcargo.com\/wp-content\/uploads\/2021\/07\/complicane-background.jpg\" \/>\n\t<meta property=\"og:image:width\" content=\"1400\" \/>\n\t<meta property=\"og:image:height\" content=\"933\" \/>\n\t<meta property=\"og:image:type\" content=\"image\/jpeg\" \/>\n<meta name=\"twitter:card\" content=\"summary_large_image\" \/>\n<script type=\"application\/ld+json\" class=\"yoast-schema-graph\">{\"@context\":\"https:\\\/\\\/schema.org\",\"@graph\":[{\"@type\":\"WebPage\",\"@id\":\"https:\\\/\\\/www.evcargo.com\\\/policies-and-statements\\\/integrated-management-systems-policy-statement\\\/\",\"url\":\"https:\\\/\\\/www.evcargo.com\\\/policies-and-statements\\\/integrated-management-systems-policy-statement\\\/\",\"name\":\"Integrated Management Systems Policy Statement - EV Cargo\",\"isPartOf\":{\"@id\":\"https:\\\/\\\/www.evcargo.com\\\/de\\\/#website\"},\"primaryImageOfPage\":{\"@id\":\"https:\\\/\\\/www.evcargo.com\\\/policies-and-statements\\\/integrated-management-systems-policy-statement\\\/#primaryimage\"},\"image\":{\"@id\":\"https:\\\/\\\/www.evcargo.com\\\/policies-and-statements\\\/integrated-management-systems-policy-statement\\\/#primaryimage\"},\"thumbnailUrl\":\"https:\\\/\\\/www.evcargo.com\\\/wp-content\\\/uploads\\\/2021\\\/07\\\/complicane-background.jpg\",\"datePublished\":\"2021-07-12T14:30:46+00:00\",\"dateModified\":\"2021-11-30T15:44:48+00:00\",\"breadcrumb\":{\"@id\":\"https:\\\/\\\/www.evcargo.com\\\/policies-and-statements\\\/integrated-management-systems-policy-statement\\\/#breadcrumb\"},\"inLanguage\":\"de\",\"potentialAction\":[{\"@type\":\"ReadAction\",\"target\":[\"https:\\\/\\\/www.evcargo.com\\\/policies-and-statements\\\/integrated-management-systems-policy-statement\\\/\"]}]},{\"@type\":\"ImageObject\",\"inLanguage\":\"de\",\"@id\":\"https:\\\/\\\/www.evcargo.com\\\/policies-and-statements\\\/integrated-management-systems-policy-statement\\\/#primaryimage\",\"url\":\"https:\\\/\\\/www.evcargo.com\\\/wp-content\\\/uploads\\\/2021\\\/07\\\/complicane-background.jpg\",\"contentUrl\":\"https:\\\/\\\/www.evcargo.com\\\/wp-content\\\/uploads\\\/2021\\\/07\\\/complicane-background.jpg\",\"width\":1400,\"height\":933},{\"@type\":\"BreadcrumbList\",\"@id\":\"https:\\\/\\\/www.evcargo.com\\\/policies-and-statements\\\/integrated-management-systems-policy-statement\\\/#breadcrumb\",\"itemListElement\":[{\"@type\":\"ListItem\",\"position\":1,\"name\":\"Policies and Statements\",\"item\":\"https:\\\/\\\/www.evcargo.com\\\/policies-and-statements\\\/\"},{\"@type\":\"ListItem\",\"position\":2,\"name\":\"Integrated Management Systems Policy Statement\"}]},{\"@type\":\"WebSite\",\"@id\":\"https:\\\/\\\/www.evcargo.com\\\/de\\\/#website\",\"url\":\"https:\\\/\\\/www.evcargo.com\\\/de\\\/\",\"name\":\"EV Cargo\",\"description\":\"\",\"publisher\":{\"@id\":\"https:\\\/\\\/www.evcargo.com\\\/de\\\/#organization\"},\"potentialAction\":[{\"@type\":\"SearchAction\",\"target\":{\"@type\":\"EntryPoint\",\"urlTemplate\":\"https:\\\/\\\/www.evcargo.com\\\/de\\\/?s={search_term_string}\"},\"query-input\":{\"@type\":\"PropertyValueSpecification\",\"valueRequired\":true,\"valueName\":\"search_term_string\"}}],\"inLanguage\":\"de\"},{\"@type\":\"Organization\",\"@id\":\"https:\\\/\\\/www.evcargo.com\\\/de\\\/#organization\",\"name\":\"EV Cargo\",\"alternateName\":\"EVC\",\"url\":\"https:\\\/\\\/www.evcargo.com\\\/de\\\/\",\"logo\":{\"@type\":\"ImageObject\",\"inLanguage\":\"de\",\"@id\":\"https:\\\/\\\/www.evcargo.com\\\/de\\\/#\\\/schema\\\/logo\\\/image\\\/\",\"url\":\"https:\\\/\\\/www.evcargo.com\\\/wp-content\\\/uploads\\\/2025\\\/02\\\/ev-cargo-logo.png\",\"contentUrl\":\"https:\\\/\\\/www.evcargo.com\\\/wp-content\\\/uploads\\\/2025\\\/02\\\/ev-cargo-logo.png\",\"width\":364,\"height\":78,\"caption\":\"EV Cargo\"},\"image\":{\"@id\":\"https:\\\/\\\/www.evcargo.com\\\/de\\\/#\\\/schema\\\/logo\\\/image\\\/\"}}]}<\/script>\n<!-- \/ Yoast SEO plugin. -->","yoast_head_json":{"title":"Grundsatzerkl\u00e4rung zu integrierten Managementsystemen - EV Cargo","robots":{"index":"index","follow":"follow","max-snippet":"max-snippet:-1","max-image-preview":"max-image-preview:large","max-video-preview":"max-video-preview:-1"},"canonical":"https:\/\/www.evcargo.com\/de\/policies-and-statements\/integrated-management-systems-policy-statement\/","og_locale":"de_DE","og_type":"article","og_title":"Integrated Management Systems Policy Statement - EV Cargo","og_description":"As a supply chain and freight forwarding organisation, EV Cargo Global Forwarding recognises the importance of environmental protection, the safety & health of our employees and are committed to operating our business responsibly, and in accordance with all legal requirements.","og_url":"https:\/\/www.evcargo.com\/de\/policies-and-statements\/integrated-management-systems-policy-statement\/","og_site_name":"EV Cargo","article_modified_time":"2021-11-30T15:44:48+00:00","og_image":[{"width":1400,"height":933,"url":"https:\/\/www.evcargo.com\/wp-content\/uploads\/2021\/07\/complicane-background.jpg","type":"image\/jpeg"}],"twitter_card":"summary_large_image","schema":{"@context":"https:\/\/schema.org","@graph":[{"@type":"WebPage","@id":"https:\/\/www.evcargo.com\/policies-and-statements\/integrated-management-systems-policy-statement\/","url":"https:\/\/www.evcargo.com\/policies-and-statements\/integrated-management-systems-policy-statement\/","name":"Grundsatzerkl\u00e4rung zu integrierten Managementsystemen - EV Cargo","isPartOf":{"@id":"https:\/\/www.evcargo.com\/de\/#website"},"primaryImageOfPage":{"@id":"https:\/\/www.evcargo.com\/policies-and-statements\/integrated-management-systems-policy-statement\/#primaryimage"},"image":{"@id":"https:\/\/www.evcargo.com\/policies-and-statements\/integrated-management-systems-policy-statement\/#primaryimage"},"thumbnailUrl":"https:\/\/www.evcargo.com\/wp-content\/uploads\/2021\/07\/complicane-background.jpg","datePublished":"2021-07-12T14:30:46+00:00","dateModified":"2021-11-30T15:44:48+00:00","breadcrumb":{"@id":"https:\/\/www.evcargo.com\/policies-and-statements\/integrated-management-systems-policy-statement\/#breadcrumb"},"inLanguage":"de","potentialAction":[{"@type":"ReadAction","target":["https:\/\/www.evcargo.com\/policies-and-statements\/integrated-management-systems-policy-statement\/"]}]},{"@type":"ImageObject","inLanguage":"de","@id":"https:\/\/www.evcargo.com\/policies-and-statements\/integrated-management-systems-policy-statement\/#primaryimage","url":"https:\/\/www.evcargo.com\/wp-content\/uploads\/2021\/07\/complicane-background.jpg","contentUrl":"https:\/\/www.evcargo.com\/wp-content\/uploads\/2021\/07\/complicane-background.jpg","width":1400,"height":933},{"@type":"BreadcrumbList","@id":"https:\/\/www.evcargo.com\/policies-and-statements\/integrated-management-systems-policy-statement\/#breadcrumb","itemListElement":[{"@type":"ListItem","position":1,"name":"Policies and Statements","item":"https:\/\/www.evcargo.com\/policies-and-statements\/"},{"@type":"ListItem","position":2,"name":"Integrated Management Systems Policy Statement"}]},{"@type":"WebSite","@id":"https:\/\/www.evcargo.com\/de\/#website","url":"https:\/\/www.evcargo.com\/de\/","name":"EV Cargo","description":"","publisher":{"@id":"https:\/\/www.evcargo.com\/de\/#organization"},"potentialAction":[{"@type":"SearchAction","target":{"@type":"EntryPoint","urlTemplate":"https:\/\/www.evcargo.com\/de\/?s={search_term_string}"},"query-input":{"@type":"PropertyValueSpecification","valueRequired":true,"valueName":"search_term_string"}}],"inLanguage":"de"},{"@type":"Organization","@id":"https:\/\/www.evcargo.com\/de\/#organization","name":"EV Cargo","alternateName":"EVC","url":"https:\/\/www.evcargo.com\/de\/","logo":{"@type":"ImageObject","inLanguage":"de","@id":"https:\/\/www.evcargo.com\/de\/#\/schema\/logo\/image\/","url":"https:\/\/www.evcargo.com\/wp-content\/uploads\/2025\/02\/ev-cargo-logo.png","contentUrl":"https:\/\/www.evcargo.com\/wp-content\/uploads\/2025\/02\/ev-cargo-logo.png","width":364,"height":78,"caption":"EV Cargo"},"image":{"@id":"https:\/\/www.evcargo.com\/de\/#\/schema\/logo\/image\/"}}]}},"_links":{"self":[{"href":"https:\/\/www.evcargo.com\/de\/wp-json\/wp\/v2\/pages\/98041","targetHints":{"allow":["GET"]}}],"collection":[{"href":"https:\/\/www.evcargo.com\/de\/wp-json\/wp\/v2\/pages"}],"about":[{"href":"https:\/\/www.evcargo.com\/de\/wp-json\/wp\/v2\/types\/page"}],"author":[{"embeddable":true,"href":"https:\/\/www.evcargo.com\/de\/wp-json\/wp\/v2\/users\/9"}],"replies":[{"embeddable":true,"href":"https:\/\/www.evcargo.com\/de\/wp-json\/wp\/v2\/comments?post=98041"}],"version-history":[{"count":0,"href":"https:\/\/www.evcargo.com\/de\/wp-json\/wp\/v2\/pages\/98041\/revisions"}],"up":[{"embeddable":true,"href":"https:\/\/www.evcargo.com\/de\/wp-json\/wp\/v2\/pages\/3722"}],"wp:featuredmedia":[{"embeddable":true,"href":"https:\/\/www.evcargo.com\/de\/wp-json\/wp\/v2\/media\/98236"}],"wp:attachment":[{"href":"https:\/\/www.evcargo.com\/de\/wp-json\/wp\/v2\/media?parent=98041"}],"curies":[{"name":"wp","href":"https:\/\/api.w.org\/{rel}","templated":true}]}}