{"id":98539,"date":"2021-07-12T16:34:47","date_gmt":"2021-07-12T15:34:47","guid":{"rendered":"https:\/\/evc.extramilecommunications.dev\/?page_id=98539"},"modified":"2021-11-30T15:45:36","modified_gmt":"2021-11-30T15:45:36","slug":"single-use-plastic-policy","status":"publish","type":"page","link":"https:\/\/www.evcargo.com\/de\/policies-and-statements\/single-use-plastic-policy\/","title":{"rendered":"Einweg-Plastikrichtlinie"},"content":{"rendered":"<section  class=\"small-banner\" style=\" background-color:#D8D8D8 \">\n\n\t<div class=\"container-fluid\">\n\n\t\t<h1>Einweg-Plastikrichtlinie<\/h1>\n\t<\/div>\n\n<\/section>\n\n<div class=\"breadcrumbs\" typeof=\"BreadcrumbList\" vocab=\"https:\/\/schema.org\/\">\n\t<div class=\"container-fluid\">\n\n\t\t<span property=\"itemListElement\" typeof=\"ListItem\"><a property=\"item\" typeof=\"WebPage\" title=\"Gehe zu EV Cargo.\" href=\"https:\/\/www.evcargo.com\/de\" class=\"home\" aria-current=\"page\"><span property=\"name\">EV Cargo<\/span><\/a><meta property=\"position\" content=\"1\"><\/span>\t<\/div>\n<\/div>\n\n\n<div class=\"breadcrumbs align  wp-block-bcn-breadcrumb-trail has-text-color has-background\" vocab=\"https:\/\/schema.org\/\" typeof=\"BreadcrumbList\">\n\t<span><\/span>\n\t<span property=\"itemListElement\" typeof=\"ListItem\"><a property=\"item\" typeof=\"WebPage\" title=\"Gehe zu EV Cargo.\" href=\"https:\/\/www.evcargo.com\/de\" class=\"home\" aria-current=\"page\"><span property=\"name\">EV Cargo<\/span><\/a><meta property=\"position\" content=\"1\"><\/span><\/div>\n\n\n<section  class=\"wysiwyg\">\n\n\t<div class=\"container-fluid\">\n\n\t<p>EV Cargo Global Forwarding erkennt die Notwendigkeit an, nachhaltige Praktiken in unsere Arbeitsweise zu integrieren, um eine bessere Welt f\u00fcr morgen zu gestalten. Unsere Strategie ACSelerate 2021 besteht aus vier S\u00e4ulen, und als Teil der S\u00e4ule \u201eGutes tun, indem wir Gutes tun\u201c haben wir unsere Richtlinie f\u00fcr Einwegplastik eingef\u00fchrt und uns verpflichtet, Einwegplastik in unserem gesamten Gesch\u00e4ft (wo realistisch) zu reduzieren um 2021, im Hinblick auf die endg\u00fcltige Beseitigung, wenn m\u00f6glich. Diese Richtlinie bietet dem Unternehmen Richtlinien zur F\u00f6rderung der Initiative.<\/p>\n<p>Definition von Einwegkunststoff:<\/p>\n<ol>\n<li>Einwegkunststoff umfasst alle Produkte, die ganz oder teilweise aus Kunststoff bestehen und die typischerweise dazu bestimmt sind, einmalig und\/oder f\u00fcr einen kurzen Zeitraum (zB eine Woche) verwendet zu werden, bevor sie entsorgt werden. Es umfasst Artikel, die recycelt werden k\u00f6nnen, es sei denn, es gibt ein rechtliches und\/oder Gesundheits- und Sicherheitsproblem, bei dem Einwegkunststoffe erforderlich sind (z. B. Lebensmittelhandschuhe, Lebensmittelkonservierung).<\/li>\n<li>Biokunststoffe gelten derzeit nicht als geeignete Alternative zu Einwegkunststoffen auf Erd\u00f6lbasis. Biokunststoffe sehen aus und f\u00fchlen sich an wie Kunststoff und k\u00f6nnen den Endverbraucher verwirren, was zu einer m\u00f6glichen Kontamination von Kunststoffrecyclingstr\u00f6men f\u00fchrt. Sie bauen sich im Laufe der Zeit oft biologisch ab, jedoch nur unter bestimmten Umst\u00e4nden (z. B. W\u00e4rmebehandlung) und sind f\u00fcr Endverbraucher nicht weit verbreitet.<\/li>\n<\/ol>\n<p>Wir werden daran arbeiten, vermeidbare Einwegkunststoffe zu entfernen und solche zu ersetzen, die eine tragf\u00e4hige und nachhaltige Alternative haben. Eine wichtige Anfangsphase f\u00fcr EV Cargo Global Forwarding besteht darin, Einwegkunststoffe zu identifizieren und zu qualifizieren.<\/p>\n<p>Kunststoffe f\u00fcr die Gastronomie:<\/p>\n<ol>\n<li>Einwegbeutel (zB Kaffeepads, Saucen, Milch)<\/li>\n<li>Besteck, Schachteln und Teller zum Mitnehmen<\/li>\n<li>Becher ganz oder teilweise aus Kunststoff<\/li>\n<li>Wasserflaschen<\/li>\n<li>Strohhalme und R\u00fchrer<\/li>\n<\/ol>\n<p>Zur Reinigung verwendete Kunststoffe:<\/p>\n<ol>\n<li>Einwegbeh\u00e4lter (zB Handseife, Reinigungsmittel)<\/li>\n<li>T\u00fccher mit Kunststoff<\/li>\n<\/ol>\n<p>Im B\u00fcro verwendete Kunststoffe:<\/p>\n<ol>\n<li>Umschl\u00e4ge<\/li>\n<li>Plastikverpackung f\u00fcr Brosch\u00fcren<\/li>\n<\/ol>\n<p>Verpackungskunststoffe:<\/p>\n<ol>\n<li>Einwegverpackungen aus Lieferungen, soweit vermeidbar<\/li>\n<li>Einwegtragetaschen<\/li>\n<\/ol>\n<p>Kunststoffe, die im Lager- und Transportbereich verwendet werden:<\/p>\n<ol>\n<li>Schrumpffolie<\/li>\n<li>Einwegdichtungen<\/li>\n<li>\u00dcbers\u00e4cke<\/li>\n<li>Verpacken von Lieferanten und Mitarbeitern<\/li>\n<\/ol>\n<p>EV Cargo Global Forwarding wird mit den entsprechenden Lieferanten zusammenarbeiten, um alternative Produkte in unserem gesamten Gesch\u00e4ft zu implementieren. Ebenso werden wir mit unseren Kollegen zusammenarbeiten, um diese Richtlinie auf pers\u00f6nlicher Ebene umzusetzen. Obwohl diese Richtlinie kein von Kollegen eingebrachtes Plastik einschlie\u00dft, werden wir unsere Kollegen ermutigen, die Menge an Plastik zu reduzieren, indem sie das Bewusstsein sch\u00e4rfen und Verhaltens\u00e4nderungen f\u00f6rdern.<\/p>\n<p>EV Cargo Global Forwarding ist bestrebt, die Nachhaltigkeit seines Gesch\u00e4fts zu erh\u00f6hen. Daher werden wir weiterhin andere Einwegkunststoffe, die oben nicht aufgef\u00fchrt sind, bewerten und diese Richtlinie bei Bedarf \u00fcberpr\u00fcfen.<\/p>\n<p>** Aktualisiert September 2020 **<\/p>\n<p>GB\/ESG\/POL\/0001<\/p>\n\n\t<\/div>\n\n<\/section>","protected":false},"excerpt":{"rendered":"<p>EV Cargo Global Forwarding erkennt die Notwendigkeit an, nachhaltige Praktiken in unsere Arbeitsweisen einzubringen, um eine bessere Welt f\u00fcr morgen zu gestalten. <\/p>","protected":false},"author":9,"featured_media":98577,"parent":3722,"menu_order":0,"comment_status":"closed","ping_status":"closed","template":"","meta":{"_acf_changed":false,"footnotes":""},"class_list":["post-98539","page","type-page","status-publish","has-post-thumbnail","hentry"],"acf":[],"yoast_head":"<!-- This site is optimized with the Yoast SEO plugin v27.3 - https:\/\/yoast.com\/product\/yoast-seo-wordpress\/ -->\n<title>Single-Use Plastic Policy - EV Cargo<\/title>\n<meta name=\"robots\" content=\"index, follow, max-snippet:-1, max-image-preview:large, max-video-preview:-1\" \/>\n<link rel=\"canonical\" href=\"https:\/\/www.evcargo.com\/de\/policies-and-statements\/single-use-plastic-policy\/\" \/>\n<meta property=\"og:locale\" content=\"de_DE\" \/>\n<meta property=\"og:type\" content=\"article\" \/>\n<meta property=\"og:title\" content=\"Single-Use Plastic Policy - EV Cargo\" \/>\n<meta property=\"og:description\" content=\"EV Cargo Global Forwarding recognises the need to drive sustainable practices into our ways of working, to help shape a better world for tomorrow.\" \/>\n<meta property=\"og:url\" content=\"https:\/\/www.evcargo.com\/de\/policies-and-statements\/single-use-plastic-policy\/\" \/>\n<meta property=\"og:site_name\" content=\"EV Cargo\" \/>\n<meta property=\"article:modified_time\" content=\"2021-11-30T15:45:36+00:00\" \/>\n<meta property=\"og:image\" content=\"https:\/\/www.evcargo.com\/wp-content\/uploads\/2021\/07\/Banners-2021-07-12T172651.910.png\" \/>\n\t<meta property=\"og:image:width\" content=\"1200\" \/>\n\t<meta property=\"og:image:height\" content=\"500\" \/>\n\t<meta property=\"og:image:type\" content=\"image\/png\" \/>\n<meta name=\"twitter:card\" content=\"summary_large_image\" \/>\n<script type=\"application\/ld+json\" class=\"yoast-schema-graph\">{\"@context\":\"https:\\\/\\\/schema.org\",\"@graph\":[{\"@type\":\"WebPage\",\"@id\":\"https:\\\/\\\/www.evcargo.com\\\/policies-and-statements\\\/single-use-plastic-policy\\\/\",\"url\":\"https:\\\/\\\/www.evcargo.com\\\/policies-and-statements\\\/single-use-plastic-policy\\\/\",\"name\":\"Single-Use Plastic Policy - EV Cargo\",\"isPartOf\":{\"@id\":\"https:\\\/\\\/www.evcargo.com\\\/de\\\/#website\"},\"primaryImageOfPage\":{\"@id\":\"https:\\\/\\\/www.evcargo.com\\\/policies-and-statements\\\/single-use-plastic-policy\\\/#primaryimage\"},\"image\":{\"@id\":\"https:\\\/\\\/www.evcargo.com\\\/policies-and-statements\\\/single-use-plastic-policy\\\/#primaryimage\"},\"thumbnailUrl\":\"https:\\\/\\\/www.evcargo.com\\\/wp-content\\\/uploads\\\/2021\\\/07\\\/Banners-2021-07-12T172651.910.png\",\"datePublished\":\"2021-07-12T15:34:47+00:00\",\"dateModified\":\"2021-11-30T15:45:36+00:00\",\"breadcrumb\":{\"@id\":\"https:\\\/\\\/www.evcargo.com\\\/policies-and-statements\\\/single-use-plastic-policy\\\/#breadcrumb\"},\"inLanguage\":\"de\",\"potentialAction\":[{\"@type\":\"ReadAction\",\"target\":[\"https:\\\/\\\/www.evcargo.com\\\/policies-and-statements\\\/single-use-plastic-policy\\\/\"]}]},{\"@type\":\"ImageObject\",\"inLanguage\":\"de\",\"@id\":\"https:\\\/\\\/www.evcargo.com\\\/policies-and-statements\\\/single-use-plastic-policy\\\/#primaryimage\",\"url\":\"https:\\\/\\\/www.evcargo.com\\\/wp-content\\\/uploads\\\/2021\\\/07\\\/Banners-2021-07-12T172651.910.png\",\"contentUrl\":\"https:\\\/\\\/www.evcargo.com\\\/wp-content\\\/uploads\\\/2021\\\/07\\\/Banners-2021-07-12T172651.910.png\",\"width\":1200,\"height\":500},{\"@type\":\"BreadcrumbList\",\"@id\":\"https:\\\/\\\/www.evcargo.com\\\/policies-and-statements\\\/single-use-plastic-policy\\\/#breadcrumb\",\"itemListElement\":[{\"@type\":\"ListItem\",\"position\":1,\"name\":\"Policies and Statements\",\"item\":\"https:\\\/\\\/www.evcargo.com\\\/policies-and-statements\\\/\"},{\"@type\":\"ListItem\",\"position\":2,\"name\":\"Single-Use Plastic Policy\"}]},{\"@type\":\"WebSite\",\"@id\":\"https:\\\/\\\/www.evcargo.com\\\/de\\\/#website\",\"url\":\"https:\\\/\\\/www.evcargo.com\\\/de\\\/\",\"name\":\"EV Cargo\",\"description\":\"\",\"publisher\":{\"@id\":\"https:\\\/\\\/www.evcargo.com\\\/de\\\/#organization\"},\"potentialAction\":[{\"@type\":\"SearchAction\",\"target\":{\"@type\":\"EntryPoint\",\"urlTemplate\":\"https:\\\/\\\/www.evcargo.com\\\/de\\\/?s={search_term_string}\"},\"query-input\":{\"@type\":\"PropertyValueSpecification\",\"valueRequired\":true,\"valueName\":\"search_term_string\"}}],\"inLanguage\":\"de\"},{\"@type\":\"Organization\",\"@id\":\"https:\\\/\\\/www.evcargo.com\\\/de\\\/#organization\",\"name\":\"EV Cargo\",\"alternateName\":\"EVC\",\"url\":\"https:\\\/\\\/www.evcargo.com\\\/de\\\/\",\"logo\":{\"@type\":\"ImageObject\",\"inLanguage\":\"de\",\"@id\":\"https:\\\/\\\/www.evcargo.com\\\/de\\\/#\\\/schema\\\/logo\\\/image\\\/\",\"url\":\"https:\\\/\\\/www.evcargo.com\\\/wp-content\\\/uploads\\\/2025\\\/02\\\/ev-cargo-logo.png\",\"contentUrl\":\"https:\\\/\\\/www.evcargo.com\\\/wp-content\\\/uploads\\\/2025\\\/02\\\/ev-cargo-logo.png\",\"width\":364,\"height\":78,\"caption\":\"EV Cargo\"},\"image\":{\"@id\":\"https:\\\/\\\/www.evcargo.com\\\/de\\\/#\\\/schema\\\/logo\\\/image\\\/\"}}]}<\/script>\n<!-- \/ Yoast SEO plugin. -->","yoast_head_json":{"title":"Single-Use Plastic Policy - EV Cargo","robots":{"index":"index","follow":"follow","max-snippet":"max-snippet:-1","max-image-preview":"max-image-preview:large","max-video-preview":"max-video-preview:-1"},"canonical":"https:\/\/www.evcargo.com\/de\/policies-and-statements\/single-use-plastic-policy\/","og_locale":"de_DE","og_type":"article","og_title":"Single-Use Plastic Policy - EV Cargo","og_description":"EV Cargo Global Forwarding recognises the need to drive sustainable practices into our ways of working, to help shape a better world for tomorrow.","og_url":"https:\/\/www.evcargo.com\/de\/policies-and-statements\/single-use-plastic-policy\/","og_site_name":"EV Cargo","article_modified_time":"2021-11-30T15:45:36+00:00","og_image":[{"width":1200,"height":500,"url":"https:\/\/www.evcargo.com\/wp-content\/uploads\/2021\/07\/Banners-2021-07-12T172651.910.png","type":"image\/png"}],"twitter_card":"summary_large_image","schema":{"@context":"https:\/\/schema.org","@graph":[{"@type":"WebPage","@id":"https:\/\/www.evcargo.com\/policies-and-statements\/single-use-plastic-policy\/","url":"https:\/\/www.evcargo.com\/policies-and-statements\/single-use-plastic-policy\/","name":"Single-Use Plastic Policy - EV Cargo","isPartOf":{"@id":"https:\/\/www.evcargo.com\/de\/#website"},"primaryImageOfPage":{"@id":"https:\/\/www.evcargo.com\/policies-and-statements\/single-use-plastic-policy\/#primaryimage"},"image":{"@id":"https:\/\/www.evcargo.com\/policies-and-statements\/single-use-plastic-policy\/#primaryimage"},"thumbnailUrl":"https:\/\/www.evcargo.com\/wp-content\/uploads\/2021\/07\/Banners-2021-07-12T172651.910.png","datePublished":"2021-07-12T15:34:47+00:00","dateModified":"2021-11-30T15:45:36+00:00","breadcrumb":{"@id":"https:\/\/www.evcargo.com\/policies-and-statements\/single-use-plastic-policy\/#breadcrumb"},"inLanguage":"de","potentialAction":[{"@type":"ReadAction","target":["https:\/\/www.evcargo.com\/policies-and-statements\/single-use-plastic-policy\/"]}]},{"@type":"ImageObject","inLanguage":"de","@id":"https:\/\/www.evcargo.com\/policies-and-statements\/single-use-plastic-policy\/#primaryimage","url":"https:\/\/www.evcargo.com\/wp-content\/uploads\/2021\/07\/Banners-2021-07-12T172651.910.png","contentUrl":"https:\/\/www.evcargo.com\/wp-content\/uploads\/2021\/07\/Banners-2021-07-12T172651.910.png","width":1200,"height":500},{"@type":"BreadcrumbList","@id":"https:\/\/www.evcargo.com\/policies-and-statements\/single-use-plastic-policy\/#breadcrumb","itemListElement":[{"@type":"ListItem","position":1,"name":"Policies and Statements","item":"https:\/\/www.evcargo.com\/policies-and-statements\/"},{"@type":"ListItem","position":2,"name":"Single-Use Plastic Policy"}]},{"@type":"WebSite","@id":"https:\/\/www.evcargo.com\/de\/#website","url":"https:\/\/www.evcargo.com\/de\/","name":"EV Cargo","description":"","publisher":{"@id":"https:\/\/www.evcargo.com\/de\/#organization"},"potentialAction":[{"@type":"SearchAction","target":{"@type":"EntryPoint","urlTemplate":"https:\/\/www.evcargo.com\/de\/?s={search_term_string}"},"query-input":{"@type":"PropertyValueSpecification","valueRequired":true,"valueName":"search_term_string"}}],"inLanguage":"de"},{"@type":"Organization","@id":"https:\/\/www.evcargo.com\/de\/#organization","name":"EV Cargo","alternateName":"EVC","url":"https:\/\/www.evcargo.com\/de\/","logo":{"@type":"ImageObject","inLanguage":"de","@id":"https:\/\/www.evcargo.com\/de\/#\/schema\/logo\/image\/","url":"https:\/\/www.evcargo.com\/wp-content\/uploads\/2025\/02\/ev-cargo-logo.png","contentUrl":"https:\/\/www.evcargo.com\/wp-content\/uploads\/2025\/02\/ev-cargo-logo.png","width":364,"height":78,"caption":"EV Cargo"},"image":{"@id":"https:\/\/www.evcargo.com\/de\/#\/schema\/logo\/image\/"}}]}},"_links":{"self":[{"href":"https:\/\/www.evcargo.com\/de\/wp-json\/wp\/v2\/pages\/98539","targetHints":{"allow":["GET"]}}],"collection":[{"href":"https:\/\/www.evcargo.com\/de\/wp-json\/wp\/v2\/pages"}],"about":[{"href":"https:\/\/www.evcargo.com\/de\/wp-json\/wp\/v2\/types\/page"}],"author":[{"embeddable":true,"href":"https:\/\/www.evcargo.com\/de\/wp-json\/wp\/v2\/users\/9"}],"replies":[{"embeddable":true,"href":"https:\/\/www.evcargo.com\/de\/wp-json\/wp\/v2\/comments?post=98539"}],"version-history":[{"count":0,"href":"https:\/\/www.evcargo.com\/de\/wp-json\/wp\/v2\/pages\/98539\/revisions"}],"up":[{"embeddable":true,"href":"https:\/\/www.evcargo.com\/de\/wp-json\/wp\/v2\/pages\/3722"}],"wp:featuredmedia":[{"embeddable":true,"href":"https:\/\/www.evcargo.com\/de\/wp-json\/wp\/v2\/media\/98577"}],"wp:attachment":[{"href":"https:\/\/www.evcargo.com\/de\/wp-json\/wp\/v2\/media?parent=98539"}],"curies":[{"name":"wp","href":"https:\/\/api.w.org\/{rel}","templated":true}]}}