{"id":98542,"date":"2021-07-12T16:36:41","date_gmt":"2021-07-12T15:36:41","guid":{"rendered":"https:\/\/evc.extramilecommunications.dev\/?page_id=98542"},"modified":"2023-10-27T15:22:35","modified_gmt":"2023-10-27T14:22:35","slug":"supplier-code-of-conduct","status":"publish","type":"page","link":"https:\/\/www.evcargo.com\/de\/policies-and-statements\/supplier-code-of-conduct\/","title":{"rendered":"Verhaltenskodex f\u00fcr Zulieferer"},"content":{"rendered":"<section  class=\"small-banner white-text\" style=\"background-image: url(https:\/\/www.evcargo.com\/wp-content\/uploads\/2021\/12\/Banners-12-1200x318.png); \">\n\n\t<div class=\"container-fluid\">\n\n\t\t<h1>Verhaltenskodex f\u00fcr Zulieferer<\/h1>\n\t<\/div>\n\n<\/section>\n\n<div class=\"breadcrumbs\" typeof=\"BreadcrumbList\" vocab=\"https:\/\/schema.org\/\">\n\t<div class=\"container-fluid\">\n\n\t\t<span property=\"itemListElement\" typeof=\"ListItem\"><a property=\"item\" typeof=\"WebPage\" title=\"Gehe zu EV Cargo.\" href=\"https:\/\/www.evcargo.com\/de\" class=\"home\" aria-current=\"page\"><span property=\"name\">EV Cargo<\/span><\/a><meta property=\"position\" content=\"1\"><\/span>\t<\/div>\n<\/div>\n\n\n<section  class=\"wysiwyg\">\n\n\t<div class=\"container-fluid\">\n\n\t<h3>Einf\u00fchrung<\/h3>\n<p>EV Cargo arbeitet nach dem Leitprinzip der absoluten Kundenorientierung und wir streben danach, Spitzenleistungen zu liefern. Hohe Standards f\u00fcr Unternehmensverhalten, ethisches Verhalten und Compliance sind entscheidend f\u00fcr unseren Erfolg als Unternehmen.<\/p>\n<p>Unser Verhaltenskodex f\u00fcr Lieferanten legt die Standards, Praktiken und Verhaltensweisen fest, die wir von unseren Lieferanten bei der Gesch\u00e4ftsabwicklung mit EV Cargo erwarten und einhalten.<\/p>\n<h4>Gesetze &amp; Verordnungen<\/h4>\n<p>Der Lieferant hat alle f\u00fcr sein Gesch\u00e4ft geltenden Gesetze und Vorschriften einzuhalten.<\/p>\n<h4>Ethische Handelspraktiken<\/h4>\n<p>Die folgenden Grunds\u00e4tze m\u00fcssen von allen Lieferanten praktiziert und eingehalten werden:<\/p>\n<ol>\n<li>Die Besch\u00e4ftigung ist frei w\u00e4hlbar, Zwangs- oder Pflichtarbeit gibt es nicht.<\/li>\n<li>Die Vereinigungsfreiheit und das Recht auf Kollektivverhandlungen werden respektiert, soweit dies nach lokalem Recht zul\u00e4ssig ist.<\/li>\n<li>Kinderarbeit darf nicht eingesetzt werden. Kinder, die das gesetzliche Mindestalter f\u00fcr die Besch\u00e4ftigung in einem Land oder einer Gerichtsbarkeit noch nicht erreicht haben, d\u00fcrfen nicht besch\u00e4ftigt werden.<\/li>\n<li>Es werden existenzsichernde L\u00f6hne gezahlt. Die gezahlten L\u00f6hne und Leistungen m\u00fcssen mindestens den nationalen gesetzlichen Standards entsprechen.<\/li>\n<li>Die Arbeitszeiten sind nicht \u00fcberh\u00f6ht und entsprechen den nationalen Gesetzen.<\/li>\n<li>Bei Einstellung, Verg\u00fctung, Zugang zu Ausbildung, Bef\u00f6rderung, K\u00fcndigung oder Pensionierung wird keine Diskriminierung aufgrund von Rasse, Kaste, nationaler Herkunft, Religion, Behinderung, Geschlecht, Familienstand, sexueller Orientierung, Gewerkschaftsmitgliedschaft oder politischer Zugeh\u00f6rigkeit praktiziert.<\/li>\n<\/ol>\n<h4>Gesundheit &amp; Sicherheit<\/h4>\n<p>Lieferanten m\u00fcssen ausgezeichnete Standards im Bereich Gesundheit und Sicherheit nachweisen und aufrechterhalten und alle Aspekte der Gesundheits- und Sicherheitsgesetze und andere relevante Anforderungen einhalten. Wir erwarten von unseren Lieferanten, dass sie ein Arbeitsumfeld bieten, das Gesundheit und Sicherheit f\u00f6rdert.<\/p>\n<h4>Datenschutz<\/h4>\n<p>Der Lieferant stellt sicher, dass alle Nutzungen, Speicherungen und \u00dcbermittlungen personenbezogener Daten vollst\u00e4ndig der Datenschutz-Grundverordnung und allen anderen anwendbaren Gesetzen und Vorschriften entsprechen.<\/p>\n<h4>Bestechung &amp; Korruption<\/h4>\n<p>Wir erwarten von unseren Lieferanten, dass sie alle nationalen und internationalen Gesetze, Vorschriften und Standards zur Bek\u00e4mpfung von Bestechung und Korruption einhalten, einschlie\u00dflich des UK Bribery Act und des USA Foreign Corrupt Practices Act.<\/p>\n<p>Der Lieferant hat seine Gesch\u00e4fte mit Integrit\u00e4t zu f\u00fchren und es wird erwartet, dass er keine Form von Korruption, Erpressung oder Unterschlagung praktiziert oder toleriert. Der Lieferant darf weder (direkt noch indirekt) Bestechungsgelder oder andere Anreize anbieten oder annehmen, um einen Amtstr\u00e4ger zu beeinflussen oder sich einen unangemessenen Vorteil zu verschaffen, um Gesch\u00e4fte zu erhalten oder zu behalten.<\/p>\n<h4>Offener &amp; fairer Wettbewerb<\/h4>\n<p>Der Lieferant hat alle geltenden Wettbewerbs- und Kartellgesetze einzuhalten. Lieferanten f\u00fcr Gesch\u00e4ftskontinuit\u00e4t m\u00fcssen auf jede Unterbrechung ihres Gesch\u00e4fts vorbereitet sein, indem sie sicherstellen, dass ein angemessener Gesch\u00e4ftskontinuit\u00e4tsplan f\u00fcr den Betrieb zur Unterst\u00fctzung des EV-Cargo-Gesch\u00e4fts umgesetzt wird.<\/p>\n<h4>Umfeld<\/h4>\n<p>Der Lieferant f\u00fchrt seine Gesch\u00e4fte umweltgerecht und in \u00dcbereinstimmung mit den geltenden Umweltgesetzen, -vorschriften und -normen.<\/p>\n<h4>Identifizierung von Bedenken<\/h4>\n<p>Lieferanten stellen Mitarbeitern die M\u00f6glichkeit zur Verf\u00fcgung, Bedenken zu melden. Jeder Bericht sollte vertraulich behandelt werden. Lieferanten werden solche Berichte untersuchen und erforderlichenfalls Korrekturma\u00dfnahmen ergreifen.<\/p>\n<h4>Einhaltung des Verhaltenskodex f\u00fcr Lieferanten<\/h4>\n<p>EV Cargo beh\u00e4lt sich das Recht vor, nach angemessener Vorank\u00fcndigung die Einhaltung des Verhaltenskodex f\u00fcr Lieferanten sicherzustellen. Jede Nichteinhaltung durch Sie oder Ihre Lieferkette muss wirksam behoben werden, und zwar zeitnah und ohne zus\u00e4tzliche Kosten f\u00fcr uns oder unsere Kunden. Verst\u00f6\u00dfe gegen den Verhaltenskodex f\u00fcr Lieferanten k\u00f6nnen sich negativ auf Ihre Gesch\u00e4ftsbeziehung mit EV Cargo auswirken.<\/p>\n\n\t<\/div>\n\n<\/section>","protected":false},"excerpt":{"rendered":"<p>EV Cargo Global Forwarding arbeitet nach dem Leitprinzip der absoluten Kundenorientierung und wir\u2026<\/p>","protected":false},"author":9,"featured_media":2750,"parent":3722,"menu_order":0,"comment_status":"closed","ping_status":"closed","template":"","meta":{"_acf_changed":false,"footnotes":""},"class_list":["post-98542","page","type-page","status-publish","has-post-thumbnail","hentry"],"acf":[],"yoast_head":"<!-- This site is optimized with the Yoast SEO plugin v27.3 - https:\/\/yoast.com\/product\/yoast-seo-wordpress\/ -->\n<title>Supplier Code of Conduct - EV Cargo<\/title>\n<meta name=\"robots\" content=\"index, follow, max-snippet:-1, max-image-preview:large, max-video-preview:-1\" \/>\n<link rel=\"canonical\" href=\"https:\/\/www.evcargo.com\/de\/policies-and-statements\/supplier-code-of-conduct\/\" \/>\n<meta property=\"og:locale\" content=\"de_DE\" \/>\n<meta property=\"og:type\" content=\"article\" \/>\n<meta property=\"og:title\" content=\"Supplier Code of Conduct - EV Cargo\" \/>\n<meta property=\"og:description\" content=\"EV Cargo Global Forwarding operates on the guiding principle of absolute customer focus and we...\" \/>\n<meta property=\"og:url\" content=\"https:\/\/www.evcargo.com\/de\/policies-and-statements\/supplier-code-of-conduct\/\" \/>\n<meta property=\"og:site_name\" content=\"EV Cargo\" \/>\n<meta property=\"article:modified_time\" content=\"2023-10-27T14:22:35+00:00\" \/>\n<meta property=\"og:image\" content=\"https:\/\/www.evcargo.com\/wp-content\/uploads\/2021\/06\/Website-Images-600-x-500px-19.png\" \/>\n\t<meta property=\"og:image:width\" content=\"600\" \/>\n\t<meta property=\"og:image:height\" content=\"500\" \/>\n\t<meta property=\"og:image:type\" content=\"image\/png\" \/>\n<meta name=\"twitter:card\" content=\"summary_large_image\" \/>\n<script type=\"application\/ld+json\" class=\"yoast-schema-graph\">{\"@context\":\"https:\\\/\\\/schema.org\",\"@graph\":[{\"@type\":\"WebPage\",\"@id\":\"https:\\\/\\\/www.evcargo.com\\\/policies-and-statements\\\/supplier-code-of-conduct\\\/\",\"url\":\"https:\\\/\\\/www.evcargo.com\\\/policies-and-statements\\\/supplier-code-of-conduct\\\/\",\"name\":\"Supplier Code of Conduct - EV Cargo\",\"isPartOf\":{\"@id\":\"https:\\\/\\\/www.evcargo.com\\\/de\\\/#website\"},\"primaryImageOfPage\":{\"@id\":\"https:\\\/\\\/www.evcargo.com\\\/policies-and-statements\\\/supplier-code-of-conduct\\\/#primaryimage\"},\"image\":{\"@id\":\"https:\\\/\\\/www.evcargo.com\\\/policies-and-statements\\\/supplier-code-of-conduct\\\/#primaryimage\"},\"thumbnailUrl\":\"https:\\\/\\\/www.evcargo.com\\\/wp-content\\\/uploads\\\/2021\\\/06\\\/Website-Images-600-x-500px-19.png\",\"datePublished\":\"2021-07-12T15:36:41+00:00\",\"dateModified\":\"2023-10-27T14:22:35+00:00\",\"breadcrumb\":{\"@id\":\"https:\\\/\\\/www.evcargo.com\\\/policies-and-statements\\\/supplier-code-of-conduct\\\/#breadcrumb\"},\"inLanguage\":\"de\",\"potentialAction\":[{\"@type\":\"ReadAction\",\"target\":[\"https:\\\/\\\/www.evcargo.com\\\/policies-and-statements\\\/supplier-code-of-conduct\\\/\"]}]},{\"@type\":\"ImageObject\",\"inLanguage\":\"de\",\"@id\":\"https:\\\/\\\/www.evcargo.com\\\/policies-and-statements\\\/supplier-code-of-conduct\\\/#primaryimage\",\"url\":\"https:\\\/\\\/www.evcargo.com\\\/wp-content\\\/uploads\\\/2021\\\/06\\\/Website-Images-600-x-500px-19.png\",\"contentUrl\":\"https:\\\/\\\/www.evcargo.com\\\/wp-content\\\/uploads\\\/2021\\\/06\\\/Website-Images-600-x-500px-19.png\",\"width\":600,\"height\":500},{\"@type\":\"BreadcrumbList\",\"@id\":\"https:\\\/\\\/www.evcargo.com\\\/policies-and-statements\\\/supplier-code-of-conduct\\\/#breadcrumb\",\"itemListElement\":[{\"@type\":\"ListItem\",\"position\":1,\"name\":\"Policies and Statements\",\"item\":\"https:\\\/\\\/www.evcargo.com\\\/policies-and-statements\\\/\"},{\"@type\":\"ListItem\",\"position\":2,\"name\":\"Supplier Code of Conduct\"}]},{\"@type\":\"WebSite\",\"@id\":\"https:\\\/\\\/www.evcargo.com\\\/de\\\/#website\",\"url\":\"https:\\\/\\\/www.evcargo.com\\\/de\\\/\",\"name\":\"EV Cargo\",\"description\":\"\",\"publisher\":{\"@id\":\"https:\\\/\\\/www.evcargo.com\\\/de\\\/#organization\"},\"potentialAction\":[{\"@type\":\"SearchAction\",\"target\":{\"@type\":\"EntryPoint\",\"urlTemplate\":\"https:\\\/\\\/www.evcargo.com\\\/de\\\/?s={search_term_string}\"},\"query-input\":{\"@type\":\"PropertyValueSpecification\",\"valueRequired\":true,\"valueName\":\"search_term_string\"}}],\"inLanguage\":\"de\"},{\"@type\":\"Organization\",\"@id\":\"https:\\\/\\\/www.evcargo.com\\\/de\\\/#organization\",\"name\":\"EV Cargo\",\"alternateName\":\"EVC\",\"url\":\"https:\\\/\\\/www.evcargo.com\\\/de\\\/\",\"logo\":{\"@type\":\"ImageObject\",\"inLanguage\":\"de\",\"@id\":\"https:\\\/\\\/www.evcargo.com\\\/de\\\/#\\\/schema\\\/logo\\\/image\\\/\",\"url\":\"https:\\\/\\\/www.evcargo.com\\\/wp-content\\\/uploads\\\/2025\\\/02\\\/ev-cargo-logo.png\",\"contentUrl\":\"https:\\\/\\\/www.evcargo.com\\\/wp-content\\\/uploads\\\/2025\\\/02\\\/ev-cargo-logo.png\",\"width\":364,\"height\":78,\"caption\":\"EV Cargo\"},\"image\":{\"@id\":\"https:\\\/\\\/www.evcargo.com\\\/de\\\/#\\\/schema\\\/logo\\\/image\\\/\"}}]}<\/script>\n<!-- \/ Yoast SEO plugin. -->","yoast_head_json":{"title":"Supplier Code of Conduct - EV Cargo","robots":{"index":"index","follow":"follow","max-snippet":"max-snippet:-1","max-image-preview":"max-image-preview:large","max-video-preview":"max-video-preview:-1"},"canonical":"https:\/\/www.evcargo.com\/de\/policies-and-statements\/supplier-code-of-conduct\/","og_locale":"de_DE","og_type":"article","og_title":"Supplier Code of Conduct - EV Cargo","og_description":"EV Cargo Global Forwarding operates on the guiding principle of absolute customer focus and we...","og_url":"https:\/\/www.evcargo.com\/de\/policies-and-statements\/supplier-code-of-conduct\/","og_site_name":"EV Cargo","article_modified_time":"2023-10-27T14:22:35+00:00","og_image":[{"width":600,"height":500,"url":"https:\/\/www.evcargo.com\/wp-content\/uploads\/2021\/06\/Website-Images-600-x-500px-19.png","type":"image\/png"}],"twitter_card":"summary_large_image","schema":{"@context":"https:\/\/schema.org","@graph":[{"@type":"WebPage","@id":"https:\/\/www.evcargo.com\/policies-and-statements\/supplier-code-of-conduct\/","url":"https:\/\/www.evcargo.com\/policies-and-statements\/supplier-code-of-conduct\/","name":"Supplier Code of Conduct - EV Cargo","isPartOf":{"@id":"https:\/\/www.evcargo.com\/de\/#website"},"primaryImageOfPage":{"@id":"https:\/\/www.evcargo.com\/policies-and-statements\/supplier-code-of-conduct\/#primaryimage"},"image":{"@id":"https:\/\/www.evcargo.com\/policies-and-statements\/supplier-code-of-conduct\/#primaryimage"},"thumbnailUrl":"https:\/\/www.evcargo.com\/wp-content\/uploads\/2021\/06\/Website-Images-600-x-500px-19.png","datePublished":"2021-07-12T15:36:41+00:00","dateModified":"2023-10-27T14:22:35+00:00","breadcrumb":{"@id":"https:\/\/www.evcargo.com\/policies-and-statements\/supplier-code-of-conduct\/#breadcrumb"},"inLanguage":"de","potentialAction":[{"@type":"ReadAction","target":["https:\/\/www.evcargo.com\/policies-and-statements\/supplier-code-of-conduct\/"]}]},{"@type":"ImageObject","inLanguage":"de","@id":"https:\/\/www.evcargo.com\/policies-and-statements\/supplier-code-of-conduct\/#primaryimage","url":"https:\/\/www.evcargo.com\/wp-content\/uploads\/2021\/06\/Website-Images-600-x-500px-19.png","contentUrl":"https:\/\/www.evcargo.com\/wp-content\/uploads\/2021\/06\/Website-Images-600-x-500px-19.png","width":600,"height":500},{"@type":"BreadcrumbList","@id":"https:\/\/www.evcargo.com\/policies-and-statements\/supplier-code-of-conduct\/#breadcrumb","itemListElement":[{"@type":"ListItem","position":1,"name":"Policies and Statements","item":"https:\/\/www.evcargo.com\/policies-and-statements\/"},{"@type":"ListItem","position":2,"name":"Supplier Code of Conduct"}]},{"@type":"WebSite","@id":"https:\/\/www.evcargo.com\/de\/#website","url":"https:\/\/www.evcargo.com\/de\/","name":"EV Cargo","description":"","publisher":{"@id":"https:\/\/www.evcargo.com\/de\/#organization"},"potentialAction":[{"@type":"SearchAction","target":{"@type":"EntryPoint","urlTemplate":"https:\/\/www.evcargo.com\/de\/?s={search_term_string}"},"query-input":{"@type":"PropertyValueSpecification","valueRequired":true,"valueName":"search_term_string"}}],"inLanguage":"de"},{"@type":"Organization","@id":"https:\/\/www.evcargo.com\/de\/#organization","name":"EV Cargo","alternateName":"EVC","url":"https:\/\/www.evcargo.com\/de\/","logo":{"@type":"ImageObject","inLanguage":"de","@id":"https:\/\/www.evcargo.com\/de\/#\/schema\/logo\/image\/","url":"https:\/\/www.evcargo.com\/wp-content\/uploads\/2025\/02\/ev-cargo-logo.png","contentUrl":"https:\/\/www.evcargo.com\/wp-content\/uploads\/2025\/02\/ev-cargo-logo.png","width":364,"height":78,"caption":"EV Cargo"},"image":{"@id":"https:\/\/www.evcargo.com\/de\/#\/schema\/logo\/image\/"}}]}},"_links":{"self":[{"href":"https:\/\/www.evcargo.com\/de\/wp-json\/wp\/v2\/pages\/98542","targetHints":{"allow":["GET"]}}],"collection":[{"href":"https:\/\/www.evcargo.com\/de\/wp-json\/wp\/v2\/pages"}],"about":[{"href":"https:\/\/www.evcargo.com\/de\/wp-json\/wp\/v2\/types\/page"}],"author":[{"embeddable":true,"href":"https:\/\/www.evcargo.com\/de\/wp-json\/wp\/v2\/users\/9"}],"replies":[{"embeddable":true,"href":"https:\/\/www.evcargo.com\/de\/wp-json\/wp\/v2\/comments?post=98542"}],"version-history":[{"count":0,"href":"https:\/\/www.evcargo.com\/de\/wp-json\/wp\/v2\/pages\/98542\/revisions"}],"up":[{"embeddable":true,"href":"https:\/\/www.evcargo.com\/de\/wp-json\/wp\/v2\/pages\/3722"}],"wp:featuredmedia":[{"embeddable":true,"href":"https:\/\/www.evcargo.com\/de\/wp-json\/wp\/v2\/media\/2750"}],"wp:attachment":[{"href":"https:\/\/www.evcargo.com\/de\/wp-json\/wp\/v2\/media?parent=98542"}],"curies":[{"name":"wp","href":"https:\/\/api.w.org\/{rel}","templated":true}]}}