{"id":98551,"date":"2021-07-12T16:48:36","date_gmt":"2021-07-12T15:48:36","guid":{"rendered":"https:\/\/evc.extramilecommunications.dev\/?page_id=98551"},"modified":"2022-01-21T14:20:56","modified_gmt":"2022-01-21T14:20:56","slug":"whistle-blowing-policy","status":"publish","type":"page","link":"https:\/\/www.evcargo.com\/de\/policies-and-statements\/whistle-blowing-policy\/","title":{"rendered":"Whistleblowing-Richtlinie"},"content":{"rendered":"<section  class=\"small-banner white-text\" style=\"background-image: url(https:\/\/www.evcargo.com\/wp-content\/uploads\/2021\/12\/Banners-12-1200x318.png); \">\n\n\t<div class=\"container-fluid\">\n\n\t\t<h1>Whistleblowing-Richtlinie<\/h1>\n\t<\/div>\n\n<\/section>\n\n<div class=\"breadcrumbs\" typeof=\"BreadcrumbList\" vocab=\"https:\/\/schema.org\/\">\n\t<div class=\"container-fluid\">\n\n\t\t<span property=\"itemListElement\" typeof=\"ListItem\"><a property=\"item\" typeof=\"WebPage\" title=\"Gehe zu EV Cargo.\" href=\"https:\/\/www.evcargo.com\/de\" class=\"home\" aria-current=\"page\"><span property=\"name\">EV Cargo<\/span><\/a><meta property=\"position\" content=\"1\"><\/span>\t<\/div>\n<\/div>\n\n\n<section  class=\"wysiwyg\">\n\n\t<div class=\"container-fluid\">\n\n\t<h2>Einf\u00fchrung<\/h2>\n<p>Der Zweck dieser Richtlinie besteht darin, sicherzustellen, dass Betrug, Fehlverhalten oder Fehlverhalten von Mitarbeitern und Dritten gemeldet und ordnungsgem\u00e4\u00df behandelt werden. EV Cargo Global Forwarding ermutigt daher alle Personen, Bedenken bez\u00fcglich des Verhaltens anderer im Unternehmen oder der Art und Weise, wie das Unternehmen gef\u00fchrt wird, zu \u00e4u\u00dfern.<\/p>\n<p>Sie m\u00fcssen alle Situationen, in denen der Verhaltenskodex, die zugrunde liegenden Richtlinien oder das Gesetz verletzt zu sein scheinen, unverz\u00fcglich einem Vorgesetzten oder Manager melden. Alternativ k\u00f6nnen Bedenken auch bei dem entsprechenden Vorgesetzten aus der Personal-, Rechts- oder F\u00fchrungsebene ge\u00e4u\u00dfert werden.<\/p>\n<p>Wenn ein Anliegen \u00fcber lokale Kan\u00e4le ungel\u00f6st bleibt, kann es an die Whistleblowing-Hotline unter 0800 89 0011 unter der Telefonnummer 833 753 08833 oder durch die Online-Meldung unter www.evcargoglobalforwarding.ethicspoint.com weitergeleitet werden<\/p>\n<h3>Definitionen<\/h3>\n<p>Bestechung bedeutet das Geben, Anbieten, Versprechen oder Erhalten von Wertgegenst\u00e4nden mit der Absicht, das Verhalten oder die Entscheidungsfindung einer Person in unzul\u00e4ssiger Weise zu beeinflussen, um einen Vorteil zu erlangen oder zu behalten oder eine Person f\u00fcr ein solches Verhalten zu belohnen.<\/p>\n<p>Korruption bezeichnet den unehrlichen oder betr\u00fcgerischen Machtmissbrauch oder die unsachgem\u00e4\u00dfe Wahrnehmung einer \u00f6ffentlichen Aufgabe.<\/p>\n<p>Mitarbeiter sind alle Personen, die auf allen Ebenen und Dienstgraden bei EV Cargo Global Forwarding t\u00e4tig sind, einschlie\u00dflich Direktoren, Berater, Auszubildende, Lehrlinge, abgeordnete Mitarbeiter, Gelegenheitsarbeiter, Leiharbeiter, Praktikanten, Agenten und Sponsoren;<\/p>\n<p>Dritte sind alle Personen oder Organisationen, mit denen Sie w\u00e4hrend Ihrer Arbeit f\u00fcr EV Cargo Global Forwarding in Kontakt kommen, und umfasst aktuelle und potenzielle Kunden, Kunden, Lieferanten, Vertriebspartner, Gesch\u00e4ftskontakte, Agenten, Berater sowie Beh\u00f6rden und \u00d6ffentlichkeit Gremien, einschlie\u00dflich ihrer Berater, Vertreter und Beamten, Politiker und politischen Parteien;<\/p>\n<p>Fehlverhalten umfasst unter anderem folgendes Verhalten:<\/p>\n<ul>\n<li>Die Begehung einer Straftat;<\/li>\n<li>Nichteinhaltung einer gesetzlichen Verpflichtung;<\/li>\n<li>Ein Justizirrtum;<\/li>\n<li>Nichteinhaltung des Verhaltenskodex von EV Cargo Global Forwarding oder eines Richtliniendokuments von EV Cargo Global Forwarding;<\/li>\n<li>Schwerer Versto\u00df gegen die Arbeitsdisziplin;<\/li>\n<li>Die Gef\u00e4hrdung von Gesundheit und Sicherheit;<\/li>\n<li>Schaden f\u00fcr die Umwelt; und<\/li>\n<li>Jede vors\u00e4tzliche Verschleierung des oben genannten Verhaltens.<\/li>\n<li>Versto\u00df gegen das Strafgesetzbuch 2017.<\/li>\n<\/ul>\n<h3>Hintergrund<\/h3>\n<p>Bei EV Cargo Global Forwarding verpflichten wir uns, unsere Gesch\u00e4ftsaktivit\u00e4ten auf ethische und rechtm\u00e4\u00dfige Weise durchzuf\u00fchren. Jegliches Fehlverhalten widerspricht den Interessen unseres Unternehmens und wirkt sich auf unser Arbeitsumfeld und m\u00f6glicherweise auch auf unsere Lebensgrundlagen aus. Wir verfolgen einen Null-Toleranz-Ansatz in Bezug auf Bestechung und Korruption und verpflichten uns zu professionellem, fairem und integrem Verhalten in allen unseren Gesch\u00e4ftsbeziehungen und Beziehungen, wo immer wir t\u00e4tig sind.<\/p>\n<p>Alle lokalen Gesetze, Gebr\u00e4uche oder Praktiken, die Bestechung oder Korruption dulden, zulassen oder \u00fcbersehen, sind im Hinblick auf die Einhaltung dieser Richtlinie nicht zu ber\u00fccksichtigen. Der Zweck dieser Richtlinie (\u201edie Richtlinie\u201c) besteht darin sicherzustellen, dass die Mitarbeiter von EV Cargo Global Forwarding und Dritte wissen, dass EV Cargo Global Forwarding aktiv w\u00fcnscht, dass sie jegliches Fehlverhalten melden, und dass sie sich dazu befugt f\u00fchlen, einschlie\u00dflich der F\u00e4higkeit, dies zu tun also vertraulich und\/oder anonym.<\/p>\n<p>Wir hoffen, dass Sie Ihr Anliegen mit Ihrem Vorgesetzten oder einem anderen Mitglied Ihres Managementteams \u00e4u\u00dfern k\u00f6nnen. Wir verstehen jedoch, dass sich Einzelpersonen unter bestimmten Umst\u00e4nden (z. B. wenn sich Ihre Bedenken auf Ihren Vorgesetzten oder einen anderen Vorgesetzten im Unternehmen beziehen) nicht wohl dabei f\u00fchlen. Wenn Sie ein Problem ansprechen, m\u00fcssen Sie dies in gutem Glauben tun. Der Missbrauch dieses Kanals ist nicht akzeptabel.<\/p>\n<p>Um unter solchen Umst\u00e4nden einen wirksamen Kanal f\u00fcr Meldungen \u00fcber Fehlverhalten bereitzustellen, verf\u00fcgt EV Cargo Global Forwarding \u00fcber eine eigene vertrauliche Whistleblowing-Hotline und URL, die rund um die Uhr von Navex Global und dem Ethikpunkt betrieben wird, deren Einzelheiten unten aufgef\u00fchrt sind.<\/p>\n<p>EV Cargo Global Forwarding ermutigt seine Mitarbeiter und Dritte, diese vertrauliche Whistleblowing-Hotline zu nutzen, anstatt ihre Bedenken \u00f6ffentlich zu \u00e4u\u00dfern. Die \u00f6ffentliche Offenlegung (zum Beispiel durch einen Bericht in einer Zeitung) von Fehlverhalten beeintr\u00e4chtigt den Ruf von Unternehmen und ihren Mitarbeitern.<\/p>\n<h3>Das Versprechen von EV Cargo Global Forwarding<\/h3>\n<p>EV Cargo Global Forwarding verspricht, dass alle gem\u00e4\u00df der Richtlinie erstellten Berichte:<\/p>\n<ul>\n<li>Seien Sie mit Respekt behandelt;<\/li>\n<li>Seien Sie mit gr\u00f6\u00dftem Vertrauen behandelt;<\/li>\n<li>Bleiben Sie anonym, wo immer die Person, die das Fehlverhalten meldet, Anonymit\u00e4t verlangt; und<\/li>\n<li>Diskret, angemessen und verh\u00e4ltnism\u00e4\u00dfig behandelt werden.<\/li>\n<li>Der angemessene und verh\u00e4ltnism\u00e4\u00dfige Umgang mit Berichten umfasst:<\/li>\n<li>Eine Untersuchung aller Anschuldigungen wegen Fehlverhaltens, unabh\u00e4ngig von ihrer Quelle, sofern sie ausreichende, nachpr\u00fcfbare Fakten und\/oder best\u00e4tigende Informationen enthalten; und<\/li>\n<li>Keine Schritte zur Untersuchung unternehmen, wenn die Meldung von Fehlverhalten aus vagen, unspezifischen, weit gefassten Anschuldigungen ohne beweiskr\u00e4ftige oder erh\u00e4rtende Informationen besteht.<\/li>\n<\/ul>\n<p>Wir versprechen, dass wir Sie, sofern Sie uns dies w\u00fcnschen, \u00fcber Folgendes informieren:<\/p>\n<ul>\n<li>ob weitere Informationen von Ihnen erforderlich sind; und<\/li>\n<li>Welche Ma\u00dfnahmen werden in Bezug auf Ihren Bericht ergriffen und warum?<\/li>\n<\/ul>\n<p>Am wichtigsten ist, dass EV Cargo Global Forwarding verspricht, dass Sie keine nachteiligen Konsequenzen haben, wenn Sie in gutem Glauben ernsthafte Bedenken hinsichtlich eines Fehlverhaltens melden. Wenn sich jedoch eine Person, die eine Meldung gem\u00e4\u00df dieser Richtlinie gemacht hat, in irgendeiner Weise unfair behandelt f\u00fchlt, einschlie\u00dflich eines Vertrauensbruchs, sollte sie ihre Bedenken direkt dem EV Cargo Global Forwarding Ethical Trade Manager melden oder alternativ (z. B. wenn sie sich vom Ethical Trade Manager von EV Cargo Global Forwarding unfair behandelt f\u00fchlen) direkt an das Ethik- und Compliance-Komitee.<\/p>\n<p>EV Cargo Global Forwarding verspricht, dass solche Bedenken mit gr\u00f6\u00dfter Ernsthaftigkeit behandelt werden und, falls eine solche unfaire Behandlung nachgewiesen wird, jede Person, die f\u00fcr diese Behandlung verantwortlich ist, sanktioniert wird.<\/p>\n<h3>Verantwortung f\u00fcr die Politik<\/h3>\n<p>Der Ethik- und Compliance-Ausschuss (ein Unterausschuss des EV Cargo Global Forwarding Board) tr\u00e4gt die Gesamtverantwortung daf\u00fcr, dass diese Richtlinie in der gesamten EV Cargo Global Forwarding wirksam umgesetzt wird. Der vom Company Secretary geleitete Ethik- und Compliance-Ausschuss erstattet dem Board of Directors unverz\u00fcglich Bericht \u00fcber alle Angelegenheiten, die kriminelles Verhalten, potenziell kriminelles Verhalten oder einen Versto\u00df gegen diese Richtlinie beinhalten.<\/p>\n<p>Die Richtlinie wird j\u00e4hrlich vom Ethik- und Compliance-Ausschuss formell \u00fcberpr\u00fcft und regelm\u00e4\u00dfig vom Ethical Trade Manager von EV Cargo Global Forwarding \u00fcberwacht (als Reaktion auf wesentliche \u00c4nderungen der einschl\u00e4gigen Gesetze und Verfahrensanweisungen), um sicherzustellen, dass sie angemessen, angemessen und wirksam. Ermittelte notwendige Verbesserungen werden z\u00fcgig umgesetzt. Mitarbeiter und verbundene Personen von EV Cargo Global Forwarding, die die Bedingungen der Richtlinie einhalten m\u00fcssen, werden \u00fcber alle wichtigen \u00c4nderungen informiert, die vorgenommen werden.<\/p>\n<p>Alle Konflikte zwischen dieser Richtlinie und den geltenden lokalen Gesetzen m\u00fcssen dem EV Cargo Global Forwarding Ethical Trade Manager unverz\u00fcglich schriftlich gemeldet werden.<\/p>\n<h3>Fragen und Bedenken<\/h3>\n<p>Mitarbeiter von EV Cargo Global Forwarding werden dringend ermutigt, Fragen oder Bedenken so fr\u00fch wie m\u00f6glich zu \u00e4u\u00dfern zu:<\/p>\n<ul>\n<li>Umfang und Anwendung dieser Richtlinie;<\/li>\n<li>Ob eine bestimmte Handlung ein Fehlverhalten darstellt; und\/oder<\/li>\n<li>Jeder Vorfall oder Verdacht auf Fehlverhalten oder jede Handlung, die ansonsten als Versto\u00df gegen diese Richtlinie angesehen werden k\u00f6nnte.<\/li>\n<li>Alle derartigen Fragen oder Bedenken werden streng vertraulich behandelt und sollten an den EV Cargo Global Forwarding Ethical Trade Manager weitergeleitet werden.<\/li>\n<li>Wie oben erw\u00e4hnt, ermutigt EV Cargo Global Forwarding seine Mitarbeiter aktiv, Bedenken zu \u00e4u\u00dfern, ohne Repressalien oder nachteilige Behandlung bef\u00fcrchten zu m\u00fcssen, und verpflichtet sich, solchen Personen seine Unterst\u00fctzung anzubieten. Unter keinen Umst\u00e4nden sollte ein Mitarbeiter ignorieren oder \u201eein Auge zudr\u00fccken\u201c, wenn die Umst\u00e4nde auf ein Fehlverhalten oder einen m\u00f6glichen Versto\u00df gegen diese Richtlinie hinweisen.<\/li>\n<\/ul>\n<h3>N\u00fctzliche Kontaktdaten:<\/h3>\n<p>E-Mail: e<a href=\"mailto:ethical.trade@ev-cargo.com\">thical.trade@ev-cargo.com <\/a><\/p>\n<h3>Kontaktdaten f\u00fcr die Meldung:<\/h3>\n<p>Whistleblowing-Hotline unter 0800 89 0011 unter der Telefonnummer 833 753 08833 oder online unter\u00a0<a href=\"http:\/\/www.evcargoglobalforwarding.ethicspoint.com\/\">www.evcargoglobalforwarding.ethicspoint.com<\/a><\/p>\n\n\t<\/div>\n\n<\/section>","protected":false},"excerpt":{"rendered":"<p>Der Zweck dieser Richtlinie besteht darin, sicherzustellen, dass Betrug, Fehlverhalten oder Fehlverhalten von Mitarbeitern und Dritten gemeldet und ordnungsgem\u00e4\u00df behandelt werden. <\/p>","protected":false},"author":9,"featured_media":1597,"parent":3722,"menu_order":0,"comment_status":"closed","ping_status":"closed","template":"","meta":{"_acf_changed":false,"footnotes":""},"class_list":["post-98551","page","type-page","status-publish","has-post-thumbnail","hentry"],"acf":[],"yoast_head":"<!-- This site is optimized with the Yoast SEO plugin v27.3 - https:\/\/yoast.com\/product\/yoast-seo-wordpress\/ -->\n<title>Whistle Blowing Policy - EV Cargo<\/title>\n<meta name=\"robots\" content=\"index, follow, max-snippet:-1, max-image-preview:large, max-video-preview:-1\" \/>\n<link rel=\"canonical\" href=\"https:\/\/www.evcargo.com\/de\/policies-and-statements\/whistle-blowing-policy\/\" \/>\n<meta property=\"og:locale\" content=\"de_DE\" \/>\n<meta property=\"og:type\" content=\"article\" \/>\n<meta property=\"og:title\" content=\"Whistle Blowing Policy - EV Cargo\" \/>\n<meta property=\"og:description\" content=\"The purpose of this policy is to ensure that any fraud, misconduct or wrongdoing by employees and third parties are reported and properly dealt with.\" \/>\n<meta property=\"og:url\" content=\"https:\/\/www.evcargo.com\/de\/policies-and-statements\/whistle-blowing-policy\/\" \/>\n<meta property=\"og:site_name\" content=\"EV Cargo\" \/>\n<meta property=\"article:modified_time\" content=\"2022-01-21T14:20:56+00:00\" \/>\n<meta property=\"og:image\" content=\"https:\/\/www.evcargo.com\/wp-content\/uploads\/2021\/06\/42.png\" \/>\n\t<meta property=\"og:image:width\" content=\"1600\" \/>\n\t<meta property=\"og:image:height\" content=\"900\" \/>\n\t<meta property=\"og:image:type\" content=\"image\/png\" \/>\n<meta name=\"twitter:card\" content=\"summary_large_image\" \/>\n<script type=\"application\/ld+json\" class=\"yoast-schema-graph\">{\"@context\":\"https:\\\/\\\/schema.org\",\"@graph\":[{\"@type\":\"WebPage\",\"@id\":\"https:\\\/\\\/www.evcargo.com\\\/policies-and-statements\\\/whistle-blowing-policy\\\/\",\"url\":\"https:\\\/\\\/www.evcargo.com\\\/policies-and-statements\\\/whistle-blowing-policy\\\/\",\"name\":\"Whistle Blowing Policy - EV Cargo\",\"isPartOf\":{\"@id\":\"https:\\\/\\\/www.evcargo.com\\\/de\\\/#website\"},\"primaryImageOfPage\":{\"@id\":\"https:\\\/\\\/www.evcargo.com\\\/policies-and-statements\\\/whistle-blowing-policy\\\/#primaryimage\"},\"image\":{\"@id\":\"https:\\\/\\\/www.evcargo.com\\\/policies-and-statements\\\/whistle-blowing-policy\\\/#primaryimage\"},\"thumbnailUrl\":\"https:\\\/\\\/www.evcargo.com\\\/wp-content\\\/uploads\\\/2021\\\/06\\\/42.png\",\"datePublished\":\"2021-07-12T15:48:36+00:00\",\"dateModified\":\"2022-01-21T14:20:56+00:00\",\"breadcrumb\":{\"@id\":\"https:\\\/\\\/www.evcargo.com\\\/policies-and-statements\\\/whistle-blowing-policy\\\/#breadcrumb\"},\"inLanguage\":\"de\",\"potentialAction\":[{\"@type\":\"ReadAction\",\"target\":[\"https:\\\/\\\/www.evcargo.com\\\/policies-and-statements\\\/whistle-blowing-policy\\\/\"]}]},{\"@type\":\"ImageObject\",\"inLanguage\":\"de\",\"@id\":\"https:\\\/\\\/www.evcargo.com\\\/policies-and-statements\\\/whistle-blowing-policy\\\/#primaryimage\",\"url\":\"https:\\\/\\\/www.evcargo.com\\\/wp-content\\\/uploads\\\/2021\\\/06\\\/42.png\",\"contentUrl\":\"https:\\\/\\\/www.evcargo.com\\\/wp-content\\\/uploads\\\/2021\\\/06\\\/42.png\",\"width\":1600,\"height\":900,\"caption\":\"Gavel hitting table\"},{\"@type\":\"BreadcrumbList\",\"@id\":\"https:\\\/\\\/www.evcargo.com\\\/policies-and-statements\\\/whistle-blowing-policy\\\/#breadcrumb\",\"itemListElement\":[{\"@type\":\"ListItem\",\"position\":1,\"name\":\"Policies and Statements\",\"item\":\"https:\\\/\\\/www.evcargo.com\\\/policies-and-statements\\\/\"},{\"@type\":\"ListItem\",\"position\":2,\"name\":\"Whistle Blowing Policy\"}]},{\"@type\":\"WebSite\",\"@id\":\"https:\\\/\\\/www.evcargo.com\\\/de\\\/#website\",\"url\":\"https:\\\/\\\/www.evcargo.com\\\/de\\\/\",\"name\":\"EV Cargo\",\"description\":\"\",\"publisher\":{\"@id\":\"https:\\\/\\\/www.evcargo.com\\\/de\\\/#organization\"},\"potentialAction\":[{\"@type\":\"SearchAction\",\"target\":{\"@type\":\"EntryPoint\",\"urlTemplate\":\"https:\\\/\\\/www.evcargo.com\\\/de\\\/?s={search_term_string}\"},\"query-input\":{\"@type\":\"PropertyValueSpecification\",\"valueRequired\":true,\"valueName\":\"search_term_string\"}}],\"inLanguage\":\"de\"},{\"@type\":\"Organization\",\"@id\":\"https:\\\/\\\/www.evcargo.com\\\/de\\\/#organization\",\"name\":\"EV Cargo\",\"alternateName\":\"EVC\",\"url\":\"https:\\\/\\\/www.evcargo.com\\\/de\\\/\",\"logo\":{\"@type\":\"ImageObject\",\"inLanguage\":\"de\",\"@id\":\"https:\\\/\\\/www.evcargo.com\\\/de\\\/#\\\/schema\\\/logo\\\/image\\\/\",\"url\":\"https:\\\/\\\/www.evcargo.com\\\/wp-content\\\/uploads\\\/2025\\\/02\\\/ev-cargo-logo.png\",\"contentUrl\":\"https:\\\/\\\/www.evcargo.com\\\/wp-content\\\/uploads\\\/2025\\\/02\\\/ev-cargo-logo.png\",\"width\":364,\"height\":78,\"caption\":\"EV Cargo\"},\"image\":{\"@id\":\"https:\\\/\\\/www.evcargo.com\\\/de\\\/#\\\/schema\\\/logo\\\/image\\\/\"}}]}<\/script>\n<!-- \/ Yoast SEO plugin. -->","yoast_head_json":{"title":"Whistleblowing-Richtlinie - EV Cargo","robots":{"index":"index","follow":"follow","max-snippet":"max-snippet:-1","max-image-preview":"max-image-preview:large","max-video-preview":"max-video-preview:-1"},"canonical":"https:\/\/www.evcargo.com\/de\/policies-and-statements\/whistle-blowing-policy\/","og_locale":"de_DE","og_type":"article","og_title":"Whistle Blowing Policy - EV Cargo","og_description":"The purpose of this policy is to ensure that any fraud, misconduct or wrongdoing by employees and third parties are reported and properly dealt with.","og_url":"https:\/\/www.evcargo.com\/de\/policies-and-statements\/whistle-blowing-policy\/","og_site_name":"EV Cargo","article_modified_time":"2022-01-21T14:20:56+00:00","og_image":[{"width":1600,"height":900,"url":"https:\/\/www.evcargo.com\/wp-content\/uploads\/2021\/06\/42.png","type":"image\/png"}],"twitter_card":"summary_large_image","schema":{"@context":"https:\/\/schema.org","@graph":[{"@type":"WebPage","@id":"https:\/\/www.evcargo.com\/policies-and-statements\/whistle-blowing-policy\/","url":"https:\/\/www.evcargo.com\/policies-and-statements\/whistle-blowing-policy\/","name":"Whistleblowing-Richtlinie - EV Cargo","isPartOf":{"@id":"https:\/\/www.evcargo.com\/de\/#website"},"primaryImageOfPage":{"@id":"https:\/\/www.evcargo.com\/policies-and-statements\/whistle-blowing-policy\/#primaryimage"},"image":{"@id":"https:\/\/www.evcargo.com\/policies-and-statements\/whistle-blowing-policy\/#primaryimage"},"thumbnailUrl":"https:\/\/www.evcargo.com\/wp-content\/uploads\/2021\/06\/42.png","datePublished":"2021-07-12T15:48:36+00:00","dateModified":"2022-01-21T14:20:56+00:00","breadcrumb":{"@id":"https:\/\/www.evcargo.com\/policies-and-statements\/whistle-blowing-policy\/#breadcrumb"},"inLanguage":"de","potentialAction":[{"@type":"ReadAction","target":["https:\/\/www.evcargo.com\/policies-and-statements\/whistle-blowing-policy\/"]}]},{"@type":"ImageObject","inLanguage":"de","@id":"https:\/\/www.evcargo.com\/policies-and-statements\/whistle-blowing-policy\/#primaryimage","url":"https:\/\/www.evcargo.com\/wp-content\/uploads\/2021\/06\/42.png","contentUrl":"https:\/\/www.evcargo.com\/wp-content\/uploads\/2021\/06\/42.png","width":1600,"height":900,"caption":"Gavel hitting table"},{"@type":"BreadcrumbList","@id":"https:\/\/www.evcargo.com\/policies-and-statements\/whistle-blowing-policy\/#breadcrumb","itemListElement":[{"@type":"ListItem","position":1,"name":"Policies and Statements","item":"https:\/\/www.evcargo.com\/policies-and-statements\/"},{"@type":"ListItem","position":2,"name":"Whistle Blowing Policy"}]},{"@type":"WebSite","@id":"https:\/\/www.evcargo.com\/de\/#website","url":"https:\/\/www.evcargo.com\/de\/","name":"EV Cargo","description":"","publisher":{"@id":"https:\/\/www.evcargo.com\/de\/#organization"},"potentialAction":[{"@type":"SearchAction","target":{"@type":"EntryPoint","urlTemplate":"https:\/\/www.evcargo.com\/de\/?s={search_term_string}"},"query-input":{"@type":"PropertyValueSpecification","valueRequired":true,"valueName":"search_term_string"}}],"inLanguage":"de"},{"@type":"Organization","@id":"https:\/\/www.evcargo.com\/de\/#organization","name":"EV Cargo","alternateName":"EVC","url":"https:\/\/www.evcargo.com\/de\/","logo":{"@type":"ImageObject","inLanguage":"de","@id":"https:\/\/www.evcargo.com\/de\/#\/schema\/logo\/image\/","url":"https:\/\/www.evcargo.com\/wp-content\/uploads\/2025\/02\/ev-cargo-logo.png","contentUrl":"https:\/\/www.evcargo.com\/wp-content\/uploads\/2025\/02\/ev-cargo-logo.png","width":364,"height":78,"caption":"EV Cargo"},"image":{"@id":"https:\/\/www.evcargo.com\/de\/#\/schema\/logo\/image\/"}}]}},"_links":{"self":[{"href":"https:\/\/www.evcargo.com\/de\/wp-json\/wp\/v2\/pages\/98551","targetHints":{"allow":["GET"]}}],"collection":[{"href":"https:\/\/www.evcargo.com\/de\/wp-json\/wp\/v2\/pages"}],"about":[{"href":"https:\/\/www.evcargo.com\/de\/wp-json\/wp\/v2\/types\/page"}],"author":[{"embeddable":true,"href":"https:\/\/www.evcargo.com\/de\/wp-json\/wp\/v2\/users\/9"}],"replies":[{"embeddable":true,"href":"https:\/\/www.evcargo.com\/de\/wp-json\/wp\/v2\/comments?post=98551"}],"version-history":[{"count":0,"href":"https:\/\/www.evcargo.com\/de\/wp-json\/wp\/v2\/pages\/98551\/revisions"}],"up":[{"embeddable":true,"href":"https:\/\/www.evcargo.com\/de\/wp-json\/wp\/v2\/pages\/3722"}],"wp:featuredmedia":[{"embeddable":true,"href":"https:\/\/www.evcargo.com\/de\/wp-json\/wp\/v2\/media\/1597"}],"wp:attachment":[{"href":"https:\/\/www.evcargo.com\/de\/wp-json\/wp\/v2\/media?parent=98551"}],"curies":[{"name":"wp","href":"https:\/\/api.w.org\/{rel}","templated":true}]}}