{"id":103561,"date":"2022-01-04T12:27:48","date_gmt":"2022-01-04T12:27:48","guid":{"rendered":"http:\/\/ev-cargo.test\/?page_id=103561"},"modified":"2023-05-25T12:30:12","modified_gmt":"2023-05-25T11:30:12","slug":"thank-you-partner-haulier-application","status":"publish","type":"page","link":"https:\/\/www.evcargo.com\/fr\/thank-you-partner-haulier-application\/","title":{"rendered":"Merci \u2013 Candidature pour devenir transporteur partenaire"},"content":{"rendered":"<section  class=\"hero-block bg-image\" data-aos=\"fade\" style=\"background-image: url(https:\/\/www.evcargo.com\/wp-content\/uploads\/2021\/12\/Banners-18.png);\">\n\n\t<div class=\"container-fluid\">\n\n\t\t<div class=\"hero-block__titles\">\n\n\t\t\t<h1>Merci<\/h1>\t\t\t\t\t\t\t\t\t\t\t\t\t\t\t\t\t<\/div>\n\t\t\n\n\t\t        \n\t<\/div>\n\n<\/section>\n\n\t<div class=\"breadcrumbs\" typeof=\"BreadcrumbList\" vocab=\"https:\/\/schema.org\/\">\n\t\t<div class=\"container-fluid\">\n\t\t\t<span property=\"itemListElement\" typeof=\"ListItem\"><a property=\"item\" typeof=\"WebPage\" title=\"Aller \u00e0 EV Cargo.\" href=\"https:\/\/www.evcargo.com\/fr\" class=\"home\" aria-current=\"page\"><span property=\"name\">VE Cargo<\/span><\/a><meta property=\"position\" content=\"1\"><\/span>\t\t<\/div>\n\t<\/div>\n\n\n<section  class=\"centered-text-icons\">\n\n\t<div class=\"container-fluid\">\n\t\t\t\t<div class=\"centered-text-icons__titles\">\n\t\t<h2 data-aos=\"fade\">Merci<\/h2>\t\t<div data-aos=\"fade\" class=\"wysiwyg\"><p>Merci pour votre demande, nos experts vous contacteront prochainement.<\/p>\n<\/div>\n\t\t<\/div>\n\n\t\t\t\n\n\t\t\t\t\n\t\t\t\n\n\n\t<\/div>\n\n<\/section>\n\n\n\n<section  class=\"wide-image-text background__white\" height: ;\">\n\t\n\t<\/section>\n\n\n\n<p><\/p>","protected":false},"excerpt":{"rendered":"<p>EV Cargo joue un r\u00f4le essentiel dans la distribution de biens de consommation domestique, c&#039;est pourquoi nous sommes partenaires de certaines des plus grandes marques mondiales.<\/p>","protected":false},"author":9,"featured_media":2733,"parent":0,"menu_order":0,"comment_status":"closed","ping_status":"closed","template":"","meta":{"_acf_changed":false,"footnotes":""},"class_list":["post-103561","page","type-page","status-publish","has-post-thumbnail","hentry"],"acf":[],"yoast_head":"<!-- This site is optimized with the Yoast SEO plugin v27.3 - https:\/\/yoast.com\/product\/yoast-seo-wordpress\/ -->\n<title>Next-day Homeware Supply Chain Solutions | EV Cargo<\/title>\n<meta name=\"description\" content=\"Next day homeware supply chain solutions. We offer responsive, reliable and adaptable transport management, able to deal with today\u2019s dynamic retail experience.\" \/>\n<meta name=\"robots\" content=\"index, follow, max-snippet:-1, max-image-preview:large, max-video-preview:-1\" \/>\n<link rel=\"canonical\" href=\"https:\/\/www.evcargo.com\/fr\/thank-you-partner-haulier-application\/\" \/>\n<meta property=\"og:locale\" content=\"fr_FR\" \/>\n<meta property=\"og:type\" content=\"article\" \/>\n<meta property=\"og:title\" content=\"Next-day Homeware Supply Chain Solutions | EV Cargo\" \/>\n<meta property=\"og:description\" content=\"Next day homeware supply chain solutions. We offer responsive, reliable and adaptable transport management, able to deal with today\u2019s dynamic retail experience.\" \/>\n<meta property=\"og:url\" content=\"https:\/\/www.evcargo.com\/fr\/thank-you-partner-haulier-application\/\" \/>\n<meta property=\"og:site_name\" content=\"EV Cargo\" \/>\n<meta property=\"article:modified_time\" content=\"2023-05-25T11:30:12+00:00\" \/>\n<meta property=\"og:image\" content=\"https:\/\/www.evcargo.com\/wp-content\/uploads\/2021\/06\/EVC-lorry.png\" \/>\n\t<meta property=\"og:image:width\" content=\"1324\" \/>\n\t<meta property=\"og:image:height\" content=\"877\" \/>\n\t<meta property=\"og:image:type\" content=\"image\/png\" \/>\n<meta name=\"twitter:card\" content=\"summary_large_image\" \/>\n<script type=\"application\/ld+json\" class=\"yoast-schema-graph\">{\"@context\":\"https:\\\/\\\/schema.org\",\"@graph\":[{\"@type\":\"WebPage\",\"@id\":\"https:\\\/\\\/www.evcargo.com\\\/en\\\/thank-you-partner-haulier-application\\\/\",\"url\":\"https:\\\/\\\/www.evcargo.com\\\/en\\\/thank-you-partner-haulier-application\\\/\",\"name\":\"Next-day Homeware Supply Chain Solutions | EV Cargo\",\"isPartOf\":{\"@id\":\"https:\\\/\\\/www.evcargo.com\\\/de\\\/#website\"},\"primaryImageOfPage\":{\"@id\":\"https:\\\/\\\/www.evcargo.com\\\/en\\\/thank-you-partner-haulier-application\\\/#primaryimage\"},\"image\":{\"@id\":\"https:\\\/\\\/www.evcargo.com\\\/en\\\/thank-you-partner-haulier-application\\\/#primaryimage\"},\"thumbnailUrl\":\"https:\\\/\\\/www.evcargo.com\\\/wp-content\\\/uploads\\\/2021\\\/06\\\/EVC-lorry.png\",\"datePublished\":\"2022-01-04T12:27:48+00:00\",\"dateModified\":\"2023-05-25T11:30:12+00:00\",\"description\":\"Next day homeware supply chain solutions. We offer responsive, reliable and adaptable transport management, able to deal with today\u2019s dynamic retail experience.\",\"inLanguage\":\"fr-FR\",\"potentialAction\":[{\"@type\":\"ReadAction\",\"target\":[\"https:\\\/\\\/www.evcargo.com\\\/en\\\/thank-you-partner-haulier-application\\\/\"]}]},{\"@type\":\"ImageObject\",\"inLanguage\":\"fr-FR\",\"@id\":\"https:\\\/\\\/www.evcargo.com\\\/en\\\/thank-you-partner-haulier-application\\\/#primaryimage\",\"url\":\"https:\\\/\\\/www.evcargo.com\\\/wp-content\\\/uploads\\\/2021\\\/06\\\/EVC-lorry.png\",\"contentUrl\":\"https:\\\/\\\/www.evcargo.com\\\/wp-content\\\/uploads\\\/2021\\\/06\\\/EVC-lorry.png\",\"width\":1324,\"height\":877,\"caption\":\"Front shot of EV Cargo lorry driving on the road\"},{\"@type\":\"WebSite\",\"@id\":\"https:\\\/\\\/www.evcargo.com\\\/de\\\/#website\",\"url\":\"https:\\\/\\\/www.evcargo.com\\\/de\\\/\",\"name\":\"EV Cargo\",\"description\":\"\",\"publisher\":{\"@id\":\"https:\\\/\\\/www.evcargo.com\\\/de\\\/#organization\"},\"potentialAction\":[{\"@type\":\"SearchAction\",\"target\":{\"@type\":\"EntryPoint\",\"urlTemplate\":\"https:\\\/\\\/www.evcargo.com\\\/de\\\/?s={search_term_string}\"},\"query-input\":{\"@type\":\"PropertyValueSpecification\",\"valueRequired\":true,\"valueName\":\"search_term_string\"}}],\"inLanguage\":\"fr-FR\"},{\"@type\":\"Organization\",\"@id\":\"https:\\\/\\\/www.evcargo.com\\\/de\\\/#organization\",\"name\":\"EV Cargo\",\"alternateName\":\"EVC\",\"url\":\"https:\\\/\\\/www.evcargo.com\\\/de\\\/\",\"logo\":{\"@type\":\"ImageObject\",\"inLanguage\":\"fr-FR\",\"@id\":\"https:\\\/\\\/www.evcargo.com\\\/de\\\/#\\\/schema\\\/logo\\\/image\\\/\",\"url\":\"https:\\\/\\\/www.evcargo.com\\\/wp-content\\\/uploads\\\/2025\\\/02\\\/ev-cargo-logo.png\",\"contentUrl\":\"https:\\\/\\\/www.evcargo.com\\\/wp-content\\\/uploads\\\/2025\\\/02\\\/ev-cargo-logo.png\",\"width\":364,\"height\":78,\"caption\":\"EV Cargo\"},\"image\":{\"@id\":\"https:\\\/\\\/www.evcargo.com\\\/de\\\/#\\\/schema\\\/logo\\\/image\\\/\"}}]}<\/script>\n<!-- \/ Yoast SEO plugin. -->","yoast_head_json":{"title":"Solutions d&#039;approvisionnement pour articles m\u00e9nagers en un jour | EV Cargo","description":"Solutions d&#039;approvisionnement d&#039;articles m\u00e9nagers pour le lendemain. Nous proposons une gestion du transport r\u00e9active, fiable et adaptable, capable de s&#039;adapter aux \u00e9volutions du commerce de d\u00e9tail actuel.","robots":{"index":"index","follow":"follow","max-snippet":"max-snippet:-1","max-image-preview":"max-image-preview:large","max-video-preview":"max-video-preview:-1"},"canonical":"https:\/\/www.evcargo.com\/fr\/thank-you-partner-haulier-application\/","og_locale":"fr_FR","og_type":"article","og_title":"Next-day Homeware Supply Chain Solutions | EV Cargo","og_description":"Next day homeware supply chain solutions. We offer responsive, reliable and adaptable transport management, able to deal with today\u2019s dynamic retail experience.","og_url":"https:\/\/www.evcargo.com\/fr\/thank-you-partner-haulier-application\/","og_site_name":"EV Cargo","article_modified_time":"2023-05-25T11:30:12+00:00","og_image":[{"width":1324,"height":877,"url":"https:\/\/www.evcargo.com\/wp-content\/uploads\/2021\/06\/EVC-lorry.png","type":"image\/png"}],"twitter_card":"summary_large_image","schema":{"@context":"https:\/\/schema.org","@graph":[{"@type":"WebPage","@id":"https:\/\/www.evcargo.com\/en\/thank-you-partner-haulier-application\/","url":"https:\/\/www.evcargo.com\/en\/thank-you-partner-haulier-application\/","name":"Solutions d&#039;approvisionnement pour articles m\u00e9nagers en un jour | EV Cargo","isPartOf":{"@id":"https:\/\/www.evcargo.com\/de\/#website"},"primaryImageOfPage":{"@id":"https:\/\/www.evcargo.com\/en\/thank-you-partner-haulier-application\/#primaryimage"},"image":{"@id":"https:\/\/www.evcargo.com\/en\/thank-you-partner-haulier-application\/#primaryimage"},"thumbnailUrl":"https:\/\/www.evcargo.com\/wp-content\/uploads\/2021\/06\/EVC-lorry.png","datePublished":"2022-01-04T12:27:48+00:00","dateModified":"2023-05-25T11:30:12+00:00","description":"Solutions d&#039;approvisionnement d&#039;articles m\u00e9nagers pour le lendemain. Nous proposons une gestion du transport r\u00e9active, fiable et adaptable, capable de s&#039;adapter aux \u00e9volutions du commerce de d\u00e9tail actuel.","inLanguage":"fr-FR","potentialAction":[{"@type":"ReadAction","target":["https:\/\/www.evcargo.com\/en\/thank-you-partner-haulier-application\/"]}]},{"@type":"ImageObject","inLanguage":"fr-FR","@id":"https:\/\/www.evcargo.com\/en\/thank-you-partner-haulier-application\/#primaryimage","url":"https:\/\/www.evcargo.com\/wp-content\/uploads\/2021\/06\/EVC-lorry.png","contentUrl":"https:\/\/www.evcargo.com\/wp-content\/uploads\/2021\/06\/EVC-lorry.png","width":1324,"height":877,"caption":"Front shot of EV Cargo lorry driving on the road"},{"@type":"WebSite","@id":"https:\/\/www.evcargo.com\/de\/#website","url":"https:\/\/www.evcargo.com\/de\/","name":"VE Cargo","description":"","publisher":{"@id":"https:\/\/www.evcargo.com\/de\/#organization"},"potentialAction":[{"@type":"SearchAction","target":{"@type":"EntryPoint","urlTemplate":"https:\/\/www.evcargo.com\/de\/?s={search_term_string}"},"query-input":{"@type":"PropertyValueSpecification","valueRequired":true,"valueName":"search_term_string"}}],"inLanguage":"fr-FR"},{"@type":"Organization","@id":"https:\/\/www.evcargo.com\/de\/#organization","name":"VE Cargo","alternateName":"EVC","url":"https:\/\/www.evcargo.com\/de\/","logo":{"@type":"ImageObject","inLanguage":"fr-FR","@id":"https:\/\/www.evcargo.com\/de\/#\/schema\/logo\/image\/","url":"https:\/\/www.evcargo.com\/wp-content\/uploads\/2025\/02\/ev-cargo-logo.png","contentUrl":"https:\/\/www.evcargo.com\/wp-content\/uploads\/2025\/02\/ev-cargo-logo.png","width":364,"height":78,"caption":"EV Cargo"},"image":{"@id":"https:\/\/www.evcargo.com\/de\/#\/schema\/logo\/image\/"}}]}},"_links":{"self":[{"href":"https:\/\/www.evcargo.com\/fr\/wp-json\/wp\/v2\/pages\/103561","targetHints":{"allow":["GET"]}}],"collection":[{"href":"https:\/\/www.evcargo.com\/fr\/wp-json\/wp\/v2\/pages"}],"about":[{"href":"https:\/\/www.evcargo.com\/fr\/wp-json\/wp\/v2\/types\/page"}],"author":[{"embeddable":true,"href":"https:\/\/www.evcargo.com\/fr\/wp-json\/wp\/v2\/users\/9"}],"replies":[{"embeddable":true,"href":"https:\/\/www.evcargo.com\/fr\/wp-json\/wp\/v2\/comments?post=103561"}],"version-history":[{"count":0,"href":"https:\/\/www.evcargo.com\/fr\/wp-json\/wp\/v2\/pages\/103561\/revisions"}],"wp:featuredmedia":[{"embeddable":true,"href":"https:\/\/www.evcargo.com\/fr\/wp-json\/wp\/v2\/media\/2733"}],"wp:attachment":[{"href":"https:\/\/www.evcargo.com\/fr\/wp-json\/wp\/v2\/media?parent=103561"}],"curies":[{"name":"wp","href":"https:\/\/api.w.org\/{rel}","templated":true}]}}