{"id":116720,"date":"2022-09-09T15:39:16","date_gmt":"2022-09-09T14:39:16","guid":{"rendered":"http:\/\/ev-cargo.test\/?page_id=116720"},"modified":"2023-05-25T12:31:58","modified_gmt":"2023-05-25T11:31:58","slug":"thank-you-competition-entry","status":"publish","type":"page","link":"https:\/\/www.evcargo.com\/fr\/thank-you-competition-entry\/","title":{"rendered":"Merci \u2013 Participation au concours"},"content":{"rendered":"<section  class=\"hero-block bg-image\" data-aos=\"fade\" style=\"background-image: url(https:\/\/www.evcargo.com\/wp-content\/uploads\/2021\/11\/Banners-5.png);\">\n\n\t<div class=\"container-fluid\">\n\n\t\t<div class=\"hero-block__titles\">\n\n\t\t\t<h1>Vous \u00eates entr\u00e9<\/h1>\t\t\t\t\t\t\t\t\t\t\t\t\t\t\t\t\t<\/div>\n\t\t\n\n\t\t        \n\t<\/div>\n\n<\/section>\n\n\t<div class=\"breadcrumbs\" typeof=\"BreadcrumbList\" vocab=\"https:\/\/schema.org\/\">\n\t\t<div class=\"container-fluid\">\n\t\t\t<span property=\"itemListElement\" typeof=\"ListItem\"><a property=\"item\" typeof=\"WebPage\" title=\"Aller \u00e0 EV Cargo.\" href=\"https:\/\/www.evcargo.com\/fr\" class=\"home\" aria-current=\"page\"><span property=\"name\">VE Cargo<\/span><\/a><meta property=\"position\" content=\"1\"><\/span>\t\t<\/div>\n\t<\/div>\n\n\n<section  class=\"centered-text-block background__white\">\n\n\t<div class=\"container-fluid\" data-aos=\"fade-up\">\n\n\t\t<h2 data-aos=\"fade\">Bonne chance<\/h2>\t\t<div data-aos=\"fade\" class=\"wysiwyg\"><p>Merci pour votre participation, si vous r\u00e9ussissez, nos experts vous contacteront.<\/p>\n\t\t\t<\/div>\t\t\n\t\t\t<a class=\"btn btn-white\" href=\"https:\/\/www.evcargo.com\/en\/industry\/ecommerce\/\">En savoir plus sur nos services de commerce \u00e9lectronique<\/a>\n\n\t\t\n\t\t\t<\/div>\n\n\t<div class=\"watermark\"><\/div>\n\n<\/section>\n\n<section  class=\"articles-list\">\n    <div class=\"container-fluid\">\n        <div class=\"row justify-content-flex-start align-items-center mb-5\" style = \"display: flex;\">\n            <div class=\"articles-list_title col-12 col-md-4\" data-aos=\"fade\">\n                <h2>Derni\u00e8res nouvelles<\/h2>\n\n            <\/div>\n            <div class=\"projects-list__filter col-4\" data-aos=\"fade\" style = \"margin-left: 80px;\">\n\n      \t\t\t\t\t<!-- <form action=\"https:\/\/www.evcargo.com\/wp-admin\/admin-ajax.php\" method=\"POST\" id=\"post-filter\" class=\"filter projects-filter\">\n\n      \t\t\t\t\t\t\n      \t\t\t\t\t\t\t\n      \t\t\t\t\t\t\t<div class=\"select\">\n      \t\t\t\t\t\t\t\t<select name=\"filter_category\" class=\"\">\n      \t\t\t\t\t\t\t\t\t<option value=\"\">Cat\u00e9gorie<\/option>\n\n      \t\t\t\t\t\t\t\t\t      \t\t\t\t\t\t\t\t\t\t<option value=\"blogs\">Blog<\/option>\n      \t\t\t\t\t\t\t\t\t      \t\t\t\t\t\t\t\t\t\t<option value=\"blog\">Blog<\/option>\n      \t\t\t\t\t\t\t\t\t      \t\t\t\t\t\t\t\t\t\t<option value=\"business-news\">Business News<\/option>\n      \t\t\t\t\t\t\t\t\t      \t\t\t\t\t\t\t\t\t\t<option value=\"cargo-chat\">Cargo Chat<\/option>\n      \t\t\t\t\t\t\t\t\t      \t\t\t\t\t\t\t\t\t\t<option value=\"covid-19-updates\">COVID-19 Updates<\/option>\n      \t\t\t\t\t\t\t\t\t      \t\t\t\t\t\t\t\t\t\t<option value=\"events\">Events<\/option>\n      \t\t\t\t\t\t\t\t\t      \t\t\t\t\t\t\t\t\t\t<option value=\"general\">General<\/option>\n      \t\t\t\t\t\t\t\t\t      \t\t\t\t\t\t\t\t\t\t<option value=\"generallatest-news\">General|Latest News<\/option>\n      \t\t\t\t\t\t\t\t\t      \t\t\t\t\t\t\t\t\t\t<option value=\"latest-news\">Latest News<\/option>\n      \t\t\t\t\t\t\t\t\t      \t\t\t\t\t\t\t\t\t\t<option value=\"media-room\">Media Room<\/option>\n      \t\t\t\t\t\t\t\t\t      \t\t\t\t\t\t\t\t\t\t<option value=\"news\">News<\/option>\n      \t\t\t\t\t\t\t\t\t      \t\t\t\t\t\t\t\t\t\t<option value=\"news-and-events\">News and Events<\/option>\n      \t\t\t\t\t\t\t\t\t      \t\t\t\t\t\t\t\t\t\t<option value=\"news-and-events-generalmedia-room\">News and Events<\/option>\n      \t\t\t\t\t\t\t\t\t      \t\t\t\t\t\t\t\t\t\t<option value=\"sustainability-news\">Sustainability News<\/option>\n      \t\t\t\t\t\t\t\t\t      \t\t\t\t\t\t\t\t\t\t<option value=\"uncategorised\">Uncategorised<\/option>\n      \t\t\t\t\t\t\t\t\t      \t\t\t\t\t\t\t\t\t\t<option value=\"videos\">Videos<\/option>\n      \t\t\t\t\t\t\t\t\t      \t\t\t\t\t\t\t\t\t\t<option value=\"webinars\">Webinars<\/option>\n      \t\t\t\t\t\t\t\t\t\n      \t\t\t\t\t\t\t\t<\/select>\n      \t\t\t\t\t\t\t<\/div>\n\n      \t\t\t\t\t\t\n      \t\t\t\t\t\t<input type=\"hidden\" name=\"action\" value=\"projects_filter\">\n\n      \t\t\t\t\t<\/form> -->\n\n      \t\t\t\t<\/div>\n        <\/div>\n\n        <!-- add project filters here -->\n\n\n\n        <div id=\"post-list\" class=\"articles-list__posts post-styles row\">\n            \n                    <div class=\"articles-list__posts__col post-styles__col col-md-4\" data-aos=\"fade\">\n\n                        <div class=\"articles-list__posts__col__wrap post-styles__col__wrap\">\n\n                        <div class=\"articles-list__posts__col__img post-styles__col__img\" style=\"background-image: url(https:\/\/www.evcargo.com\/wp-content\/uploads\/2026\/03\/Web-Banners-11.png); \"><\/div>\n                        <div class=\"articles-list__posts__col__txt post-styles__col__txt\">\n                                                        <div class=\"cats\">\n                                                                                                        <a href=\"https:\/\/www.evcargo.com\/fr\/category\/news\/\" class=\"btn btn-primary\">Nouvelles<\/a>\n                                                            <\/div>\n                            <h4>D\u00e9claration du 10\/04\/26 sur la situation actuelle au Moyen-Orient<\/h4>\n                            <a href=\"https:\/\/www.evcargo.com\/fr\/10-04-26-statement-on-the-current-situation-in-the-middle-east\/\">\n                                Lire la suite <i class=\"fal fa-arrow-circle-right\"><\/i>\n                            <\/a>\n                        <\/div>\n\n                        <\/div>\n\n                    <\/div>\n\n                    \n                    <div class=\"articles-list__posts__col post-styles__col col-md-4\" data-aos=\"fade\">\n\n                        <div class=\"articles-list__posts__col__wrap post-styles__col__wrap\">\n\n                        <div class=\"articles-list__posts__col__img post-styles__col__img\" style=\"background-image: url(https:\/\/www.evcargo.com\/wp-content\/uploads\/2026\/03\/5.png); \"><\/div>\n                        <div class=\"articles-list__posts__col__txt post-styles__col__txt\">\n                                                        <div class=\"cats\">\n                                                                                                        <a href=\"https:\/\/www.evcargo.com\/fr\/category\/news\/\" class=\"btn btn-primary\">Nouvelles<\/a>\n                                                            <\/div>\n                            <h4>D\u00e9claration du 18\/03\/26 sur la situation actuelle au Moyen-Orient<\/h4>\n                            <a href=\"https:\/\/www.evcargo.com\/fr\/18-03-2026-statement-on-the-current-situation-in-the-middle-east\/\">\n                                Lire la suite <i class=\"fal fa-arrow-circle-right\"><\/i>\n                            <\/a>\n                        <\/div>\n\n                        <\/div>\n\n                    <\/div>\n\n                    \n                    <div class=\"articles-list__posts__col post-styles__col col-md-4\" data-aos=\"fade\">\n\n                        <div class=\"articles-list__posts__col__wrap post-styles__col__wrap\">\n\n                        <div class=\"articles-list__posts__col__img post-styles__col__img\" style=\"background-image: url(https:\/\/www.evcargo.com\/wp-content\/uploads\/2026\/03\/Web-Banners-20.png); \"><\/div>\n                        <div class=\"articles-list__posts__col__txt post-styles__col__txt\">\n                                                        <div class=\"cats\">\n                                                                                                        <a href=\"https:\/\/www.evcargo.com\/fr\/category\/news\/\" class=\"btn btn-primary\">Nouvelles<\/a>\n                                                            <\/div>\n                            <h4>EV Cargo renforce son orientation strat\u00e9gique sur le transport international<\/h4>\n                            <a href=\"https:\/\/www.evcargo.com\/fr\/ev-cargo-sharpens-strategic-focus-on-global-forwarding\/\">\n                                Lire la suite <i class=\"fal fa-arrow-circle-right\"><\/i>\n                            <\/a>\n                        <\/div>\n\n                        <\/div>\n\n                    <\/div>\n\n                    \n                    <div class=\"articles-list__posts__col post-styles__col col-md-4\" data-aos=\"fade\">\n\n                        <div class=\"articles-list__posts__col__wrap post-styles__col__wrap\">\n\n                        <div class=\"articles-list__posts__col__img post-styles__col__img\" style=\"background-image: url(https:\/\/www.evcargo.com\/wp-content\/uploads\/2026\/03\/Web-Banners-11.png); \"><\/div>\n                        <div class=\"articles-list__posts__col__txt post-styles__col__txt\">\n                                                        <div class=\"cats\">\n                                                                                                        <a href=\"https:\/\/www.evcargo.com\/fr\/category\/news\/\" class=\"btn btn-primary\">Nouvelles<\/a>\n                                                            <\/div>\n                            <h4>D\u00e9claration du 13\/03\/26 sur la situation actuelle au Moyen-Orient<\/h4>\n                            <a href=\"https:\/\/www.evcargo.com\/fr\/13-03-26-statement-on-the-current-situation-in-the-middle-east\/\">\n                                Lire la suite <i class=\"fal fa-arrow-circle-right\"><\/i>\n                            <\/a>\n                        <\/div>\n\n                        <\/div>\n\n                    <\/div>\n\n                    \n                    <div class=\"articles-list__posts__col post-styles__col col-md-4\" data-aos=\"fade\">\n\n                        <div class=\"articles-list__posts__col__wrap post-styles__col__wrap\">\n\n                        <div class=\"articles-list__posts__col__img post-styles__col__img\" style=\"background-image: url(https:\/\/www.evcargo.com\/wp-content\/uploads\/2026\/03\/Web-Banners-11.png); \"><\/div>\n                        <div class=\"articles-list__posts__col__txt post-styles__col__txt\">\n                                                        <div class=\"cats\">\n                                                                                                        <a href=\"https:\/\/www.evcargo.com\/fr\/category\/news\/\" class=\"btn btn-primary\">Nouvelles<\/a>\n                                                            <\/div>\n                            <h4>D\u00e9claration du 06\/03\/26 sur la situation actuelle au Moyen-Orient<\/h4>\n                            <a href=\"https:\/\/www.evcargo.com\/fr\/06-03-26-statement-on-the-current-situation-in-the-middle-east\/\">\n                                Lire la suite <i class=\"fal fa-arrow-circle-right\"><\/i>\n                            <\/a>\n                        <\/div>\n\n                        <\/div>\n\n                    <\/div>\n\n                    \n                    <div class=\"articles-list__posts__col post-styles__col col-md-4\" data-aos=\"fade\">\n\n                        <div class=\"articles-list__posts__col__wrap post-styles__col__wrap\">\n\n                        <div class=\"articles-list__posts__col__img post-styles__col__img\" style=\"background-image: url(https:\/\/www.evcargo.com\/wp-content\/uploads\/2026\/03\/Web-Banners-11.png); \"><\/div>\n                        <div class=\"articles-list__posts__col__txt post-styles__col__txt\">\n                                                        <div class=\"cats\">\n                                                                                                        <a href=\"https:\/\/www.evcargo.com\/fr\/category\/news\/\" class=\"btn btn-primary\">Nouvelles<\/a>\n                                                            <\/div>\n                            <h4>D\u00e9claration du 05\/03\/26 sur la situation actuelle au Moyen-Orient<\/h4>\n                            <a href=\"https:\/\/www.evcargo.com\/fr\/statement-on-the-current-situation-in-the-middle-east-2\/\">\n                                Lire la suite <i class=\"fal fa-arrow-circle-right\"><\/i>\n                            <\/a>\n                        <\/div>\n\n                        <\/div>\n\n                    <\/div>\n\n                            <\/div>\n    <\/div>\n    <div class=\"pagination\">\n        <div class=\"container-fluid\">\n            <a href=\"https:\/\/www.evcargo.com\/fr\/wp-json\/wp\/v2\/pages\/116720\/page\/2\/\" >Charger plus<\/a>        <\/div>\n    <\/div>\n    <div class=\"loader\">\n        <div class=\"loader-inner\">\n            <span class=\"loader-inner-circle\"><\/span>\n        <\/div>\n    <\/div>\n<\/section>\n\n\n\n<section  class=\"wide-image-text background__white\" height: ;\">\n\t\n\t<\/section>\n\n\n\n<p><\/p>","protected":false},"excerpt":{"rendered":"<p>EV Cargo joue un r\u00f4le essentiel dans la distribution de biens de consommation domestique, c&#039;est pourquoi nous sommes partenaires de certaines des plus grandes marques mondiales.<\/p>","protected":false},"author":9,"featured_media":2733,"parent":0,"menu_order":0,"comment_status":"closed","ping_status":"closed","template":"","meta":{"_acf_changed":false,"footnotes":""},"class_list":["post-116720","page","type-page","status-publish","has-post-thumbnail","hentry"],"acf":[],"yoast_head":"<!-- This site is optimized with the Yoast SEO plugin v27.3 - https:\/\/yoast.com\/product\/yoast-seo-wordpress\/ -->\n<title>Next-day Homeware Supply Chain Solutions | EV Cargo<\/title>\n<meta name=\"description\" content=\"Next day homeware supply chain solutions. We offer responsive, reliable and adaptable transport management, able to deal with today\u2019s dynamic retail experience.\" \/>\n<meta name=\"robots\" content=\"index, follow, max-snippet:-1, max-image-preview:large, max-video-preview:-1\" \/>\n<link rel=\"canonical\" href=\"https:\/\/www.evcargo.com\/fr\/thank-you-competition-entry\/\" \/>\n<meta property=\"og:locale\" content=\"fr_FR\" \/>\n<meta property=\"og:type\" content=\"article\" \/>\n<meta property=\"og:title\" content=\"Next-day Homeware Supply Chain Solutions | EV Cargo\" \/>\n<meta property=\"og:description\" content=\"Next day homeware supply chain solutions. We offer responsive, reliable and adaptable transport management, able to deal with today\u2019s dynamic retail experience.\" \/>\n<meta property=\"og:url\" content=\"https:\/\/www.evcargo.com\/fr\/thank-you-competition-entry\/\" \/>\n<meta property=\"og:site_name\" content=\"EV Cargo\" \/>\n<meta property=\"article:modified_time\" content=\"2023-05-25T11:31:58+00:00\" \/>\n<meta property=\"og:image\" content=\"https:\/\/www.evcargo.com\/wp-content\/uploads\/2021\/06\/EVC-lorry.png\" \/>\n\t<meta property=\"og:image:width\" content=\"1324\" \/>\n\t<meta property=\"og:image:height\" content=\"877\" \/>\n\t<meta property=\"og:image:type\" content=\"image\/png\" \/>\n<meta name=\"twitter:card\" content=\"summary_large_image\" \/>\n<script type=\"application\/ld+json\" class=\"yoast-schema-graph\">{\"@context\":\"https:\\\/\\\/schema.org\",\"@graph\":[{\"@type\":\"WebPage\",\"@id\":\"https:\\\/\\\/www.evcargo.com\\\/en\\\/thank-you-competition-entry\\\/\",\"url\":\"https:\\\/\\\/www.evcargo.com\\\/en\\\/thank-you-competition-entry\\\/\",\"name\":\"Next-day Homeware Supply Chain Solutions | EV Cargo\",\"isPartOf\":{\"@id\":\"https:\\\/\\\/www.evcargo.com\\\/de\\\/#website\"},\"primaryImageOfPage\":{\"@id\":\"https:\\\/\\\/www.evcargo.com\\\/en\\\/thank-you-competition-entry\\\/#primaryimage\"},\"image\":{\"@id\":\"https:\\\/\\\/www.evcargo.com\\\/en\\\/thank-you-competition-entry\\\/#primaryimage\"},\"thumbnailUrl\":\"https:\\\/\\\/www.evcargo.com\\\/wp-content\\\/uploads\\\/2021\\\/06\\\/EVC-lorry.png\",\"datePublished\":\"2022-09-09T14:39:16+00:00\",\"dateModified\":\"2023-05-25T11:31:58+00:00\",\"description\":\"Next day homeware supply chain solutions. We offer responsive, reliable and adaptable transport management, able to deal with today\u2019s dynamic retail experience.\",\"inLanguage\":\"fr-FR\",\"potentialAction\":[{\"@type\":\"ReadAction\",\"target\":[\"https:\\\/\\\/www.evcargo.com\\\/en\\\/thank-you-competition-entry\\\/\"]}]},{\"@type\":\"ImageObject\",\"inLanguage\":\"fr-FR\",\"@id\":\"https:\\\/\\\/www.evcargo.com\\\/en\\\/thank-you-competition-entry\\\/#primaryimage\",\"url\":\"https:\\\/\\\/www.evcargo.com\\\/wp-content\\\/uploads\\\/2021\\\/06\\\/EVC-lorry.png\",\"contentUrl\":\"https:\\\/\\\/www.evcargo.com\\\/wp-content\\\/uploads\\\/2021\\\/06\\\/EVC-lorry.png\",\"width\":1324,\"height\":877,\"caption\":\"Front shot of EV Cargo lorry driving on the road\"},{\"@type\":\"WebSite\",\"@id\":\"https:\\\/\\\/www.evcargo.com\\\/de\\\/#website\",\"url\":\"https:\\\/\\\/www.evcargo.com\\\/de\\\/\",\"name\":\"EV Cargo\",\"description\":\"\",\"publisher\":{\"@id\":\"https:\\\/\\\/www.evcargo.com\\\/de\\\/#organization\"},\"potentialAction\":[{\"@type\":\"SearchAction\",\"target\":{\"@type\":\"EntryPoint\",\"urlTemplate\":\"https:\\\/\\\/www.evcargo.com\\\/de\\\/?s={search_term_string}\"},\"query-input\":{\"@type\":\"PropertyValueSpecification\",\"valueRequired\":true,\"valueName\":\"search_term_string\"}}],\"inLanguage\":\"fr-FR\"},{\"@type\":\"Organization\",\"@id\":\"https:\\\/\\\/www.evcargo.com\\\/de\\\/#organization\",\"name\":\"EV Cargo\",\"alternateName\":\"EVC\",\"url\":\"https:\\\/\\\/www.evcargo.com\\\/de\\\/\",\"logo\":{\"@type\":\"ImageObject\",\"inLanguage\":\"fr-FR\",\"@id\":\"https:\\\/\\\/www.evcargo.com\\\/de\\\/#\\\/schema\\\/logo\\\/image\\\/\",\"url\":\"https:\\\/\\\/www.evcargo.com\\\/wp-content\\\/uploads\\\/2025\\\/02\\\/ev-cargo-logo.png\",\"contentUrl\":\"https:\\\/\\\/www.evcargo.com\\\/wp-content\\\/uploads\\\/2025\\\/02\\\/ev-cargo-logo.png\",\"width\":364,\"height\":78,\"caption\":\"EV Cargo\"},\"image\":{\"@id\":\"https:\\\/\\\/www.evcargo.com\\\/de\\\/#\\\/schema\\\/logo\\\/image\\\/\"}}]}<\/script>\n<!-- \/ Yoast SEO plugin. -->","yoast_head_json":{"title":"Solutions d&#039;approvisionnement pour articles m\u00e9nagers en un jour | EV Cargo","description":"Solutions d&#039;approvisionnement d&#039;articles m\u00e9nagers pour le lendemain. Nous proposons une gestion du transport r\u00e9active, fiable et adaptable, capable de s&#039;adapter aux \u00e9volutions du commerce de d\u00e9tail actuel.","robots":{"index":"index","follow":"follow","max-snippet":"max-snippet:-1","max-image-preview":"max-image-preview:large","max-video-preview":"max-video-preview:-1"},"canonical":"https:\/\/www.evcargo.com\/fr\/thank-you-competition-entry\/","og_locale":"fr_FR","og_type":"article","og_title":"Next-day Homeware Supply Chain Solutions | EV Cargo","og_description":"Next day homeware supply chain solutions. We offer responsive, reliable and adaptable transport management, able to deal with today\u2019s dynamic retail experience.","og_url":"https:\/\/www.evcargo.com\/fr\/thank-you-competition-entry\/","og_site_name":"EV Cargo","article_modified_time":"2023-05-25T11:31:58+00:00","og_image":[{"width":1324,"height":877,"url":"https:\/\/www.evcargo.com\/wp-content\/uploads\/2021\/06\/EVC-lorry.png","type":"image\/png"}],"twitter_card":"summary_large_image","schema":{"@context":"https:\/\/schema.org","@graph":[{"@type":"WebPage","@id":"https:\/\/www.evcargo.com\/en\/thank-you-competition-entry\/","url":"https:\/\/www.evcargo.com\/en\/thank-you-competition-entry\/","name":"Solutions d&#039;approvisionnement pour articles m\u00e9nagers en un jour | EV Cargo","isPartOf":{"@id":"https:\/\/www.evcargo.com\/de\/#website"},"primaryImageOfPage":{"@id":"https:\/\/www.evcargo.com\/en\/thank-you-competition-entry\/#primaryimage"},"image":{"@id":"https:\/\/www.evcargo.com\/en\/thank-you-competition-entry\/#primaryimage"},"thumbnailUrl":"https:\/\/www.evcargo.com\/wp-content\/uploads\/2021\/06\/EVC-lorry.png","datePublished":"2022-09-09T14:39:16+00:00","dateModified":"2023-05-25T11:31:58+00:00","description":"Solutions d&#039;approvisionnement d&#039;articles m\u00e9nagers pour le lendemain. Nous proposons une gestion du transport r\u00e9active, fiable et adaptable, capable de s&#039;adapter aux \u00e9volutions du commerce de d\u00e9tail actuel.","inLanguage":"fr-FR","potentialAction":[{"@type":"ReadAction","target":["https:\/\/www.evcargo.com\/en\/thank-you-competition-entry\/"]}]},{"@type":"ImageObject","inLanguage":"fr-FR","@id":"https:\/\/www.evcargo.com\/en\/thank-you-competition-entry\/#primaryimage","url":"https:\/\/www.evcargo.com\/wp-content\/uploads\/2021\/06\/EVC-lorry.png","contentUrl":"https:\/\/www.evcargo.com\/wp-content\/uploads\/2021\/06\/EVC-lorry.png","width":1324,"height":877,"caption":"Front shot of EV Cargo lorry driving on the road"},{"@type":"WebSite","@id":"https:\/\/www.evcargo.com\/de\/#website","url":"https:\/\/www.evcargo.com\/de\/","name":"VE Cargo","description":"","publisher":{"@id":"https:\/\/www.evcargo.com\/de\/#organization"},"potentialAction":[{"@type":"SearchAction","target":{"@type":"EntryPoint","urlTemplate":"https:\/\/www.evcargo.com\/de\/?s={search_term_string}"},"query-input":{"@type":"PropertyValueSpecification","valueRequired":true,"valueName":"search_term_string"}}],"inLanguage":"fr-FR"},{"@type":"Organization","@id":"https:\/\/www.evcargo.com\/de\/#organization","name":"VE Cargo","alternateName":"EVC","url":"https:\/\/www.evcargo.com\/de\/","logo":{"@type":"ImageObject","inLanguage":"fr-FR","@id":"https:\/\/www.evcargo.com\/de\/#\/schema\/logo\/image\/","url":"https:\/\/www.evcargo.com\/wp-content\/uploads\/2025\/02\/ev-cargo-logo.png","contentUrl":"https:\/\/www.evcargo.com\/wp-content\/uploads\/2025\/02\/ev-cargo-logo.png","width":364,"height":78,"caption":"EV Cargo"},"image":{"@id":"https:\/\/www.evcargo.com\/de\/#\/schema\/logo\/image\/"}}]}},"_links":{"self":[{"href":"https:\/\/www.evcargo.com\/fr\/wp-json\/wp\/v2\/pages\/116720","targetHints":{"allow":["GET"]}}],"collection":[{"href":"https:\/\/www.evcargo.com\/fr\/wp-json\/wp\/v2\/pages"}],"about":[{"href":"https:\/\/www.evcargo.com\/fr\/wp-json\/wp\/v2\/types\/page"}],"author":[{"embeddable":true,"href":"https:\/\/www.evcargo.com\/fr\/wp-json\/wp\/v2\/users\/9"}],"replies":[{"embeddable":true,"href":"https:\/\/www.evcargo.com\/fr\/wp-json\/wp\/v2\/comments?post=116720"}],"version-history":[{"count":0,"href":"https:\/\/www.evcargo.com\/fr\/wp-json\/wp\/v2\/pages\/116720\/revisions"}],"wp:featuredmedia":[{"embeddable":true,"href":"https:\/\/www.evcargo.com\/fr\/wp-json\/wp\/v2\/media\/2733"}],"wp:attachment":[{"href":"https:\/\/www.evcargo.com\/fr\/wp-json\/wp\/v2\/media?parent=116720"}],"curies":[{"name":"wp","href":"https:\/\/api.w.org\/{rel}","templated":true}]}}