{"id":1186,"date":"2021-05-27T20:33:56","date_gmt":"2021-05-27T19:33:56","guid":{"rendered":"https:\/\/evc.extramilecommunications.dev\/?page_id=1186"},"modified":"2023-05-03T14:39:29","modified_gmt":"2023-05-03T13:39:29","slug":"terms-and-conditions","status":"publish","type":"page","link":"https:\/\/www.evcargo.com\/fr\/policies-and-statements\/terms-and-conditions\/","title":{"rendered":"Termes et conditions"},"content":{"rendered":"<section  class=\"small-banner\" style=\" background-color:#D8D8D8 \">\n\n\t<div class=\"container-fluid\">\n\n\t\t<h1>Termes et conditions<\/h1>\n\t<\/div>\n\n<\/section>\n\n<div class=\"breadcrumbs\" typeof=\"BreadcrumbList\" vocab=\"https:\/\/schema.org\/\">\n\t<div class=\"container-fluid\">\n\n\t\t<span property=\"itemListElement\" typeof=\"ListItem\"><a property=\"item\" typeof=\"WebPage\" title=\"Aller \u00e0 EV Cargo.\" href=\"https:\/\/www.evcargo.com\/fr\" class=\"home\" aria-current=\"page\"><span property=\"name\">VE Cargo<\/span><\/a><meta property=\"position\" content=\"1\"><\/span>\t<\/div>\n<\/div>\n\n\n<section  class=\"wysiwyg\">\n\n\t<div class=\"container-fluid\">\n\n\t<p>L&#039;utilisation de ce site constitue votre acceptation des pr\u00e9sentes conditions g\u00e9n\u00e9rales, qui entrent en vigueur imm\u00e9diatement lors de votre premi\u00e8re utilisation du site. EV Cargo se r\u00e9serve le droit de modifier ces conditions g\u00e9n\u00e9rales \u00e0 tout moment en publiant les modifications en ligne.<\/p>\n<p>DROITS D&#039;AUTEUR<br \/>\nEn acc\u00e9dant \u00e0 www.evcargo.com, vous acceptez d&#039;acc\u00e9der au contenu uniquement pour votre usage priv\u00e9 et non pour un usage commercial. Vous pouvez imprimer une seule copie papier de n&#039;importe quelle partie du contenu de www.evcargo.com pour votre usage personnel.<\/p>\n<p>Sauf tel que permis ci-dessus, vous vous engagez \u00e0 ne pas copier, stocker sur aucun support (y compris sur tout autre site Web), distribuer, transmettre, retransmettre, diffuser, modifier ou montrer en public toute partie de www.evcargo.com sans l&#039;autorisation \u00e9crite pr\u00e9alable du service marketing \u00e0 c\/o marketing@ev-cargo.com, ou conform\u00e9ment \u00e0 la loi sur le droit d&#039;auteur, les dessins et mod\u00e8les et les brevets de 1988.<\/p>\n<p>Vous acceptez de ne pas adapter, modifier ou cr\u00e9er une \u0153uvre d\u00e9riv\u00e9e \u00e0 partir de tout \u00e9l\u00e9ment contenu dans ce site ou de l&#039;utiliser \u00e0 d&#039;autres fins que votre usage personnel non commercial.<\/p>\n<p>Vous acceptez d&#039;utiliser ce site uniquement \u00e0 des fins l\u00e9gales et d&#039;une mani\u00e8re qui ne porte pas atteinte aux droits d&#039;un tiers, ni ne restreint ou emp\u00eache son utilisation et sa jouissance. Une telle restriction ou inhibition comprend, sans limitation, une conduite ill\u00e9gale ou susceptible de harceler ou de causer de la d\u00e9tresse ou des inconv\u00e9nients \u00e0 toute personne, ainsi que la transmission de contenu obsc\u00e8ne ou offensant ou la perturbation du flux normal de dialogue au sein de ce site.<\/p>\n\n\t<\/div>\n\n<\/section>","protected":false},"excerpt":{"rendered":"","protected":false},"author":5,"featured_media":2103,"parent":3722,"menu_order":0,"comment_status":"closed","ping_status":"closed","template":"","meta":{"_acf_changed":false,"footnotes":""},"class_list":["post-1186","page","type-page","status-publish","has-post-thumbnail","hentry"],"acf":[],"yoast_head":"<!-- This site is optimized with the Yoast SEO plugin v27.3 - https:\/\/yoast.com\/product\/yoast-seo-wordpress\/ -->\n<title>Terms and Conditions | EV Cargo<\/title>\n<meta name=\"description\" content=\"Use of this site constitutes your acceptance of the terms and conditions, which take effect immediately on your first use of the site. Please read in full.\" \/>\n<meta name=\"robots\" content=\"index, follow, max-snippet:-1, max-image-preview:large, max-video-preview:-1\" \/>\n<link rel=\"canonical\" href=\"https:\/\/www.evcargo.com\/fr\/policies-and-statements\/terms-and-conditions\/\" \/>\n<meta property=\"og:locale\" content=\"fr_FR\" \/>\n<meta property=\"og:type\" content=\"article\" \/>\n<meta property=\"og:title\" content=\"Terms and Conditions | EV Cargo\" \/>\n<meta property=\"og:description\" content=\"Use of this site constitutes your acceptance of the terms and conditions, which take effect immediately on your first use of the site. Please read in full.\" \/>\n<meta property=\"og:url\" content=\"https:\/\/www.evcargo.com\/fr\/policies-and-statements\/terms-and-conditions\/\" \/>\n<meta property=\"og:site_name\" content=\"EV Cargo\" \/>\n<meta property=\"article:modified_time\" content=\"2023-05-03T13:39:29+00:00\" \/>\n<meta property=\"og:image\" content=\"https:\/\/www.evcargo.com\/wp-content\/uploads\/2021\/06\/Untitled-design.png\" \/>\n\t<meta property=\"og:image:width\" content=\"2400\" \/>\n\t<meta property=\"og:image:height\" content=\"470\" \/>\n\t<meta property=\"og:image:type\" content=\"image\/png\" \/>\n<meta name=\"twitter:card\" content=\"summary_large_image\" \/>\n<script type=\"application\/ld+json\" class=\"yoast-schema-graph\">{\"@context\":\"https:\\\/\\\/schema.org\",\"@graph\":[{\"@type\":\"WebPage\",\"@id\":\"https:\\\/\\\/www.evcargo.com\\\/policies-and-statements\\\/terms-and-conditions\\\/\",\"url\":\"https:\\\/\\\/www.evcargo.com\\\/policies-and-statements\\\/terms-and-conditions\\\/\",\"name\":\"Terms and Conditions | EV Cargo\",\"isPartOf\":{\"@id\":\"https:\\\/\\\/www.evcargo.com\\\/de\\\/#website\"},\"primaryImageOfPage\":{\"@id\":\"https:\\\/\\\/www.evcargo.com\\\/policies-and-statements\\\/terms-and-conditions\\\/#primaryimage\"},\"image\":{\"@id\":\"https:\\\/\\\/www.evcargo.com\\\/policies-and-statements\\\/terms-and-conditions\\\/#primaryimage\"},\"thumbnailUrl\":\"https:\\\/\\\/www.evcargo.com\\\/wp-content\\\/uploads\\\/2021\\\/06\\\/Untitled-design.png\",\"datePublished\":\"2021-05-27T19:33:56+00:00\",\"dateModified\":\"2023-05-03T13:39:29+00:00\",\"description\":\"Use of this site constitutes your acceptance of the terms and conditions, which take effect immediately on your first use of the site. Please read in full.\",\"breadcrumb\":{\"@id\":\"https:\\\/\\\/www.evcargo.com\\\/policies-and-statements\\\/terms-and-conditions\\\/#breadcrumb\"},\"inLanguage\":\"fr-FR\",\"potentialAction\":[{\"@type\":\"ReadAction\",\"target\":[\"https:\\\/\\\/www.evcargo.com\\\/policies-and-statements\\\/terms-and-conditions\\\/\"]}]},{\"@type\":\"ImageObject\",\"inLanguage\":\"fr-FR\",\"@id\":\"https:\\\/\\\/www.evcargo.com\\\/policies-and-statements\\\/terms-and-conditions\\\/#primaryimage\",\"url\":\"https:\\\/\\\/www.evcargo.com\\\/wp-content\\\/uploads\\\/2021\\\/06\\\/Untitled-design.png\",\"contentUrl\":\"https:\\\/\\\/www.evcargo.com\\\/wp-content\\\/uploads\\\/2021\\\/06\\\/Untitled-design.png\",\"width\":2400,\"height\":470},{\"@type\":\"BreadcrumbList\",\"@id\":\"https:\\\/\\\/www.evcargo.com\\\/policies-and-statements\\\/terms-and-conditions\\\/#breadcrumb\",\"itemListElement\":[{\"@type\":\"ListItem\",\"position\":1,\"name\":\"Policies and Statements\",\"item\":\"https:\\\/\\\/www.evcargo.com\\\/policies-and-statements\\\/\"},{\"@type\":\"ListItem\",\"position\":2,\"name\":\"Terms and Conditions\"}]},{\"@type\":\"WebSite\",\"@id\":\"https:\\\/\\\/www.evcargo.com\\\/de\\\/#website\",\"url\":\"https:\\\/\\\/www.evcargo.com\\\/de\\\/\",\"name\":\"EV Cargo\",\"description\":\"\",\"publisher\":{\"@id\":\"https:\\\/\\\/www.evcargo.com\\\/de\\\/#organization\"},\"potentialAction\":[{\"@type\":\"SearchAction\",\"target\":{\"@type\":\"EntryPoint\",\"urlTemplate\":\"https:\\\/\\\/www.evcargo.com\\\/de\\\/?s={search_term_string}\"},\"query-input\":{\"@type\":\"PropertyValueSpecification\",\"valueRequired\":true,\"valueName\":\"search_term_string\"}}],\"inLanguage\":\"fr-FR\"},{\"@type\":\"Organization\",\"@id\":\"https:\\\/\\\/www.evcargo.com\\\/de\\\/#organization\",\"name\":\"EV Cargo\",\"alternateName\":\"EVC\",\"url\":\"https:\\\/\\\/www.evcargo.com\\\/de\\\/\",\"logo\":{\"@type\":\"ImageObject\",\"inLanguage\":\"fr-FR\",\"@id\":\"https:\\\/\\\/www.evcargo.com\\\/de\\\/#\\\/schema\\\/logo\\\/image\\\/\",\"url\":\"https:\\\/\\\/www.evcargo.com\\\/wp-content\\\/uploads\\\/2025\\\/02\\\/ev-cargo-logo.png\",\"contentUrl\":\"https:\\\/\\\/www.evcargo.com\\\/wp-content\\\/uploads\\\/2025\\\/02\\\/ev-cargo-logo.png\",\"width\":364,\"height\":78,\"caption\":\"EV Cargo\"},\"image\":{\"@id\":\"https:\\\/\\\/www.evcargo.com\\\/de\\\/#\\\/schema\\\/logo\\\/image\\\/\"}}]}<\/script>\n<!-- \/ Yoast SEO plugin. -->","yoast_head_json":{"title":"Conditions g\u00e9n\u00e9rales | EV Cargo","description":"L&#039;utilisation de ce site implique votre acceptation des conditions g\u00e9n\u00e9rales, qui entrent en vigueur d\u00e8s votre premi\u00e8re utilisation. Veuillez les lire int\u00e9gralement.","robots":{"index":"index","follow":"follow","max-snippet":"max-snippet:-1","max-image-preview":"max-image-preview:large","max-video-preview":"max-video-preview:-1"},"canonical":"https:\/\/www.evcargo.com\/fr\/policies-and-statements\/terms-and-conditions\/","og_locale":"fr_FR","og_type":"article","og_title":"Terms and Conditions | EV Cargo","og_description":"Use of this site constitutes your acceptance of the terms and conditions, which take effect immediately on your first use of the site. Please read in full.","og_url":"https:\/\/www.evcargo.com\/fr\/policies-and-statements\/terms-and-conditions\/","og_site_name":"EV Cargo","article_modified_time":"2023-05-03T13:39:29+00:00","og_image":[{"width":2400,"height":470,"url":"https:\/\/www.evcargo.com\/wp-content\/uploads\/2021\/06\/Untitled-design.png","type":"image\/png"}],"twitter_card":"summary_large_image","schema":{"@context":"https:\/\/schema.org","@graph":[{"@type":"WebPage","@id":"https:\/\/www.evcargo.com\/policies-and-statements\/terms-and-conditions\/","url":"https:\/\/www.evcargo.com\/policies-and-statements\/terms-and-conditions\/","name":"Conditions g\u00e9n\u00e9rales | EV Cargo","isPartOf":{"@id":"https:\/\/www.evcargo.com\/de\/#website"},"primaryImageOfPage":{"@id":"https:\/\/www.evcargo.com\/policies-and-statements\/terms-and-conditions\/#primaryimage"},"image":{"@id":"https:\/\/www.evcargo.com\/policies-and-statements\/terms-and-conditions\/#primaryimage"},"thumbnailUrl":"https:\/\/www.evcargo.com\/wp-content\/uploads\/2021\/06\/Untitled-design.png","datePublished":"2021-05-27T19:33:56+00:00","dateModified":"2023-05-03T13:39:29+00:00","description":"L&#039;utilisation de ce site implique votre acceptation des conditions g\u00e9n\u00e9rales, qui entrent en vigueur d\u00e8s votre premi\u00e8re utilisation. Veuillez les lire int\u00e9gralement.","breadcrumb":{"@id":"https:\/\/www.evcargo.com\/policies-and-statements\/terms-and-conditions\/#breadcrumb"},"inLanguage":"fr-FR","potentialAction":[{"@type":"ReadAction","target":["https:\/\/www.evcargo.com\/policies-and-statements\/terms-and-conditions\/"]}]},{"@type":"ImageObject","inLanguage":"fr-FR","@id":"https:\/\/www.evcargo.com\/policies-and-statements\/terms-and-conditions\/#primaryimage","url":"https:\/\/www.evcargo.com\/wp-content\/uploads\/2021\/06\/Untitled-design.png","contentUrl":"https:\/\/www.evcargo.com\/wp-content\/uploads\/2021\/06\/Untitled-design.png","width":2400,"height":470},{"@type":"BreadcrumbList","@id":"https:\/\/www.evcargo.com\/policies-and-statements\/terms-and-conditions\/#breadcrumb","itemListElement":[{"@type":"ListItem","position":1,"name":"Policies and Statements","item":"https:\/\/www.evcargo.com\/policies-and-statements\/"},{"@type":"ListItem","position":2,"name":"Terms and Conditions"}]},{"@type":"WebSite","@id":"https:\/\/www.evcargo.com\/de\/#website","url":"https:\/\/www.evcargo.com\/de\/","name":"VE Cargo","description":"","publisher":{"@id":"https:\/\/www.evcargo.com\/de\/#organization"},"potentialAction":[{"@type":"SearchAction","target":{"@type":"EntryPoint","urlTemplate":"https:\/\/www.evcargo.com\/de\/?s={search_term_string}"},"query-input":{"@type":"PropertyValueSpecification","valueRequired":true,"valueName":"search_term_string"}}],"inLanguage":"fr-FR"},{"@type":"Organization","@id":"https:\/\/www.evcargo.com\/de\/#organization","name":"VE Cargo","alternateName":"EVC","url":"https:\/\/www.evcargo.com\/de\/","logo":{"@type":"ImageObject","inLanguage":"fr-FR","@id":"https:\/\/www.evcargo.com\/de\/#\/schema\/logo\/image\/","url":"https:\/\/www.evcargo.com\/wp-content\/uploads\/2025\/02\/ev-cargo-logo.png","contentUrl":"https:\/\/www.evcargo.com\/wp-content\/uploads\/2025\/02\/ev-cargo-logo.png","width":364,"height":78,"caption":"EV Cargo"},"image":{"@id":"https:\/\/www.evcargo.com\/de\/#\/schema\/logo\/image\/"}}]}},"_links":{"self":[{"href":"https:\/\/www.evcargo.com\/fr\/wp-json\/wp\/v2\/pages\/1186","targetHints":{"allow":["GET"]}}],"collection":[{"href":"https:\/\/www.evcargo.com\/fr\/wp-json\/wp\/v2\/pages"}],"about":[{"href":"https:\/\/www.evcargo.com\/fr\/wp-json\/wp\/v2\/types\/page"}],"author":[{"embeddable":true,"href":"https:\/\/www.evcargo.com\/fr\/wp-json\/wp\/v2\/users\/5"}],"replies":[{"embeddable":true,"href":"https:\/\/www.evcargo.com\/fr\/wp-json\/wp\/v2\/comments?post=1186"}],"version-history":[{"count":0,"href":"https:\/\/www.evcargo.com\/fr\/wp-json\/wp\/v2\/pages\/1186\/revisions"}],"up":[{"embeddable":true,"href":"https:\/\/www.evcargo.com\/fr\/wp-json\/wp\/v2\/pages\/3722"}],"wp:featuredmedia":[{"embeddable":true,"href":"https:\/\/www.evcargo.com\/fr\/wp-json\/wp\/v2\/media\/2103"}],"wp:attachment":[{"href":"https:\/\/www.evcargo.com\/fr\/wp-json\/wp\/v2\/media?parent=1186"}],"curies":[{"name":"wp","href":"https:\/\/api.w.org\/{rel}","templated":true}]}}