{"id":125833,"date":"2023-01-10T15:45:47","date_gmt":"2023-01-10T15:45:47","guid":{"rendered":"http:\/\/ev-cargo.test\/?page_id=125833"},"modified":"2023-05-25T12:32:57","modified_gmt":"2023-05-25T11:32:57","slug":"white-and-brown-goods","status":"publish","type":"page","link":"https:\/\/www.evcargo.com\/fr\/white-and-brown-goods\/","title":{"rendered":"\u00c9lectrom\u00e9nagers blancs et bruns"},"content":{"rendered":"<section  class=\"hero-block bg-image\" data-aos=\"fade\" style=\"background-image: url(https:\/\/www.evcargo.com\/wp-content\/uploads\/2023\/01\/whirlpool_2-1.png);\">\n\n\t<div class=\"container-fluid\">\n\n\t\t<div class=\"hero-block__titles\">\n\n\t\t\t<h1>White and Brown Goods Distribution<\/h1>\t\t\t\t\t\t\t\t\t\t\t\t<div class=\"wysiwyg\"><p>We are trusted by the world\u2019s leading brands, including some of the world\u2019s biggest manufacturers of household goods and electrical items, to manage their distribution chains.<\/p>\n<\/div>\t\t\t\t\t<\/div>\n\t\t\n\n\t\t        \n\t<\/div>\n\n<\/section>\n\n\t<div class=\"breadcrumbs\" typeof=\"BreadcrumbList\" vocab=\"https:\/\/schema.org\/\">\n\t\t<div class=\"container-fluid\">\n\t\t\t<span property=\"itemListElement\" typeof=\"ListItem\"><a property=\"item\" typeof=\"WebPage\" title=\"Aller \u00e0 EV Cargo.\" href=\"https:\/\/www.evcargo.com\/fr\" class=\"home\" aria-current=\"page\"><span property=\"name\">EV Cargo<\/span><\/a><meta property=\"position\" content=\"1\"><\/span>\t\t<\/div>\n\t<\/div>\n\n\n<section  class=\"centered-text-icons\">\n\n\t<div class=\"container-fluid  \">\n\t\t\t\t<div class=\"centered-text-icons__titles  \">\n\t\t<h2 data-aos=\"fade\">Electrical Goods Distribution at a glance <\/h2>\t\t\n\t\t<\/div>\n\n\t\t\t\n\t\t\t\t\t<div class=\"centered-text-icons__theicons row\" >\n\n\t\t            \n\t\t\t\t\t\t\t\t\t            \t<div data-aos=\"fade\" class=\"centered-text-icons__theicons__col col-md-4\">\n\t\t\t\t\t\t\n\t\t\t\t\t\t\t\n\t\t\t\t\t\t\t\n\t\t\t\t\t\t\t\t\t\t\t\t\t\t    \t\t\t\t\t\t\t\t<i class=\"fal fa-clipboard-check\"><\/i>\n\t\t\t\t\t\t\t\n\t\t\t\t\t\t\t<h4>Accredited<\/h4>\t\t\t\t\t\t\t<p>Our BRC accredited facilities allow us to deliver best-in-class and scalable fulfilment.<\/p>\n\t\t\t\t\t\t\t\n\n\t\t\t\t\t\t\t\t\t\t\t\t\t<\/div>\n\t\t\t\t\t\t\n\t\t            \n\t\t\t\t\t\t\t\t\t            \t<div data-aos=\"fade\" class=\"centered-text-icons__theicons__col col-md-4\">\n\t\t\t\t\t\t\n\t\t\t\t\t\t\t\n\t\t\t\t\t\t\t\n\t\t\t\t\t\t\t\t\t\t\t\t\t\t    \t\t\t\t\t\t\t\t<i class=\"fal fa-pallet\"><\/i>\n\t\t\t\t\t\t\t\n\t\t\t\t\t\t\t<h4>Fulfilment<\/h4>\t\t\t\t\t\t\t<p>We offer value-added services such as eCommerce for B2B and B2C, order picking and repacking, minor repairs and returns handling.<\/p>\n\t\t\t\t\t\t\t\n\n\t\t\t\t\t\t\t\t\t\t\t\t\t<\/div>\n\t\t\t\t\t\t\n\t\t            \n\t\t\t\t\t\t\t\t\t            \t<div data-aos=\"fade\" class=\"centered-text-icons__theicons__col col-md-4\">\n\t\t\t\t\t\t\n\t\t\t\t\t\t\t\n\t\t\t\t\t\t\t\n\t\t\t\t\t\t\t\t\t\t\t\t\t\t    \t\t\t\t\t\t\t\t<i class=\"fal fa-handshake\"><\/i>\n\t\t\t\t\t\t\t\n\t\t\t\t\t\t\t<h4>Technology<\/h4>\t\t\t\t\t\t\t<p>Our services are underpinned by our market-leading technology to provide full consignment visibility, 365 days a year.<\/p>\n\t\t\t\t\t\t\t\n\n\t\t\t\t\t\t\t\t\t\t\t\t\t<\/div>\n\t\t\t\t\t\t\n\t\t            \n\t\t        \t<\/div>\n\n\t\t        \n\n\t\t\t\t\n\t\t\t\t\t\t\t<div class=\"centered-text-icons__btn\" data-aos=\"fade\">\n\t\t\t\t\t\n\n\t\t\t\t\t<a href=\"https:\/\/www.evcargo.com\/en\/contact-us-sectors\/\" target=\"_self\" class=\"btn green-btn\">\n\t\t\t\t\t\tWhite and Brown Goods Distribution Enquiries\t\t\t\t\t<\/a>\n\n\t\t\t\t<\/div>\n\t\t\t\n\n\n\t<\/div>\n\n<\/section>\n\n\n\n<section  class=\"text-image  background__grey background__style__solid  \">\n\t<div class=\"container-fluid  \">\n\t\t<div class=\"row\">\n\t\t\t<div class=\"text-image__image col-md-6 order-md-2\" data-aos=\"fade-left\">\n                <div style=\"width: 100%;\">\n    \t\t\t\t\n    \t\t\t\t\n    \t\t\t\t    <img decoding=\"async\" src=\"https:\/\/www.evcargo.com\/wp-content\/uploads\/2022\/08\/EVC-Bardon-021.jpg\" alt=\"EVC-Bardon-021\" style = \"width: 100%;\" loading=\"lazy\" \/>\n    \t\t\t\t    \t\t\t<\/div>\n\t\t\t<\/div>\n\n\t\t\t<div class=\"text-image__text col-md-6 order-md-1\" data-aos=\"fade-right\">\n\t\t\t\t\t\t\t\t\t<h2>Why Leading Brands Trust Us<\/h2>\n\t\t\t\t\t\t\t\t\t<div class=\"wysiwyg \">\n\t\t\t\t\t\t<p>Our highly experienced warehouse teams, in conjunction with our tier one WMS systems, pick over<br \/>\n3.3 million cases per week and our sizeable distribution operation can cater for a range of services from specialist, dedicated double-deck trailers through to single case, courier deliveries.<\/p>\n<p>Through choosing EV Cargo, you will have access to our significant, complementary product portfolio including:<\/p>\n<ul>\n<li>Air, sea and road import services with 150 operating centres worldwide.<\/li>\n<li>UK wide FTL\/LTL\/pallet and e-commerce final-mile distribution.<\/li>\n<li>Expert, cost effective international export with full customs management.<\/li>\n<li>2.3million sq ft of secure UK warehousing sites complete with CCTV and controlled entry.<\/li>\n<li>Warehouse services can cater for a range of services including re-work, assembly, minor repair and battery replacement.<\/li>\n<\/ul>\n\t\t\t\t\t<\/div>\n\t\t\t\t\n\t\t\t\t\t\t\t\t\t<a href=\"https:\/\/www.evcargo.com\/en\/contact-us-sectors\/\" target=\"_self\" class=\"btn\">\n\t\t\t\t\t\tWhite and Brown Goods Distribution Enquiry\t\t\t\t\t<\/a>\n\t\t\t\t\t\t\t<\/div>\n\t\t<\/div>\n\t<\/div>\n\n    <div class=\"watermark\"><\/div>\n<\/section>\n\n\n\n<section  class=\"text-image  background__primary background__style__solid  \">\n\t<div class=\"container-fluid  \">\n\t\t<div class=\"row\">\n\t\t\t<div class=\"text-image__image col-md-6 order-md-2\" data-aos=\"fade-left\">\n                <div style=\"width: 100%;\">\n    \t\t\t\t\n    \t\t\t\t\n    \t\t\t\t    <img decoding=\"async\" src=\"https:\/\/www.evcargo.com\/wp-content\/uploads\/2022\/03\/TheParkElectricHGVLaunchEdit_14-1-scaled.jpg\" alt=\"TheParkElectricHGVLaunchEdit_14 (1)\" style = \"width: 100%;\" loading=\"lazy\" \/>\n    \t\t\t\t    \t\t\t<\/div>\n\t\t\t<\/div>\n\n\t\t\t<div class=\"text-image__text col-md-6 order-md-1\" data-aos=\"fade-right\">\n\t\t\t\t\t\t\t\t\t<h2>Sustainability In Action<\/h2>\n\t\t\t\t\t\t\t\t\t<div class=\"wysiwyg \">\n\t\t\t\t\t\t<p>Our customers rely on us to help reduce the environmental impact of their distribution operations, decarbonise their supply chains and help them meet net zero and ESG targets.<\/p>\n<p>We introduced HVO fuel, an alternative to traditional diesel that delivers 90% reductions in CO2 emissions, to help Budweiser Brewing Group and AB InBev reduce its carbon footprint and drive its ambition to reach net zero at UK breweries by 2026.<\/p>\n<p>In partnership with The Park, which supplies 25% of all wine sold in the UK, we also launched the UK FMCG industry\u2019s first all-electric, zero-emissions HGV as part of a significant sustainability partnership.<\/p>\n\t\t\t\t\t<\/div>\n\t\t\t\t\n\t\t\t\t\t\t\t<\/div>\n\t\t<\/div>\n\t<\/div>\n\n    <div class=\"watermark\"><\/div>\n<\/section>\n\n\n<section  class=\"featured-articles background__white \" data-aos=\"fade\">\n\n\t<div class=\"container-fluid\">\n\n\t\t\t<div class=\"featured-articles__title\">\n\n\t\t\t\t\t\t\t\t\t<h3>\n\t\t\t\t\t\t<em>Latest<\/em> news and insights\t\t\t\t\t<\/h3>\n\t\t\t\t\n\t\t\t\t\n\t\t\t\t\t<a class=\"btn green-btn\" href=\"https:\/\/www.evcargo.com\/en\/media\/newsroom\/\" target=\"_self\">\n\t\t\t\t\t\tExplore Newsroom\t\t\t\t\t<\/a>\n\t\t\t\t\t\t\t\t\n\t\t\t<\/div>\n\n\n\t\t\t\n\t\t\t\n\t\t\t\t<div class=\"featured-articles__posts post-styles\">\n\n\t\t\t\t\t\n\n\n\t\t\t\t\t\t\t\t\t\t\t\t\t\t\t\t\t\t\n\t\t\t\t\t\t\t<div class=\"featured-articles__posts__col post-styles__col\">\n\n\t\t\t\t\t\t\t\t<div class=\"featured-articles__posts__col__wrap post-styles__col__wrap\">\n\n\t\t\t\t\t\t\t\t<div class=\"featured-articles__posts__col__img post-styles__col__img lazy-background\" style=\"background-image: url(https:\/\/www.evcargo.com\/wp-content\/uploads\/2026\/03\/Web-Banners-11-539x387.png); \"><\/div>\n\t\t\t\t\t\t\t\t<div class=\"featured-articles__posts__col__txt post-styles__col__txt\">\n\t\t\t\t\t\t\t\t\t<!-- <div class=\"cats\">\n\t\t\t\t\t\t\t\t\t\t\t\t\t\t\t\t\t\t\t\t\t\t\t\t\t\t\t\t\t\t\t\t<a href=\"\" class=\"btn btn-secondary\"><\/a>\n\t\t\t\t\t\t\t\t\t\t\t\t\t\t\t\t\t\t\t<\/div> -->\n\t\t\t\t\t\t\t\t\t<h4>10\/04\/26 Statement on the Current Situation in the Middle East<\/h4>\n\t\t\t\t\t\t\t\t\t<p>We continue to monitor the situation in the Middle East [&hellip;]<\/p>\n\n\t\t\t\t\t\t\t\t\t<a href=\"https:\/\/www.evcargo.com\/fr\/10-04-26-statement-on-the-current-situation-in-the-middle-east\/\">\n\t\t\t\t\t\t\t\t\t\tRead More <i class=\"fal fa-arrow-circle-right\"><\/i>\n\t\t\t\t\t\t\t\t\t<\/a>\n\n\t\t\t\t\t\t\t\t<\/div>\n\n\t\t\t\t\t\t\t\t<\/div>\n\n\t\t\t\t\t\t\t\t\t\t<\/div>\n\n\t\t\t\t\t\t\t\t\t\t\t\t\t\n\t\t\t\t\t\t\t<div class=\"featured-articles__posts__col post-styles__col\">\n\n\t\t\t\t\t\t\t\t<div class=\"featured-articles__posts__col__wrap post-styles__col__wrap\">\n\n\t\t\t\t\t\t\t\t<div class=\"featured-articles__posts__col__img post-styles__col__img lazy-background\" style=\"background-image: url(https:\/\/www.evcargo.com\/wp-content\/uploads\/2026\/03\/Website-Images-600-x-500px-20-539x387.png); \"><\/div>\n\t\t\t\t\t\t\t\t<div class=\"featured-articles__posts__col__txt post-styles__col__txt\">\n\t\t\t\t\t\t\t\t\t<!-- <div class=\"cats\">\n\t\t\t\t\t\t\t\t\t\t\t\t\t\t\t\t\t\t\t\t\t\t\t\t\t\t\t\t\t\t\t\t<a href=\"\" class=\"btn btn-secondary\"><\/a>\n\t\t\t\t\t\t\t\t\t\t\t\t\t\t\t\t\t\t\t<\/div> -->\n\t\t\t\t\t\t\t\t\t<h4>The Complexity of Out-of-Gauge Projects and the Value of Proven Experience<\/h4>\n\t\t\t\t\t\t\t\t\t<p>From my experience, out-of-gauge (OOG) logistics has a way of challenging even the most experienced teams &#8211; revealing complexity at\u2026<\/p>\n\n\t\t\t\t\t\t\t\t\t<a href=\"https:\/\/www.evcargo.com\/fr\/the-complexity-of-out-of-gauge-projects-and-the-value-of-proven-experience\/\">\n\t\t\t\t\t\t\t\t\t\tRead More <i class=\"fal fa-arrow-circle-right\"><\/i>\n\t\t\t\t\t\t\t\t\t<\/a>\n\n\t\t\t\t\t\t\t\t<\/div>\n\n\t\t\t\t\t\t\t\t<\/div>\n\n\t\t\t\t\t\t\t\t\t\t<\/div>\n\n\t\t\t\t\t\t\t\t\t\t\t\t\t\n\t\t\t\t\t\t\t<div class=\"featured-articles__posts__col post-styles__col\">\n\n\t\t\t\t\t\t\t\t<div class=\"featured-articles__posts__col__wrap post-styles__col__wrap\">\n\n\t\t\t\t\t\t\t\t<div class=\"featured-articles__posts__col__img post-styles__col__img lazy-background\" style=\"background-image: url(https:\/\/www.evcargo.com\/wp-content\/uploads\/2026\/03\/5-539x387.png); \"><\/div>\n\t\t\t\t\t\t\t\t<div class=\"featured-articles__posts__col__txt post-styles__col__txt\">\n\t\t\t\t\t\t\t\t\t<!-- <div class=\"cats\">\n\t\t\t\t\t\t\t\t\t\t\t\t\t\t\t\t\t\t\t\t\t\t\t\t\t\t\t\t\t\t\t\t<a href=\"\" class=\"btn btn-secondary\"><\/a>\n\t\t\t\t\t\t\t\t\t\t\t\t\t\t\t\t\t\t\t<\/div> -->\n\t\t\t\t\t\t\t\t\t<h4>18\/03\/26 Statement on the Current Situation in the Middle East<\/h4>\n\t\t\t\t\t\t\t\t\t<p>We continue to closely monitor the evolving military conflict in the Middle East and the ongoing disruption it is causing\u2026<\/p>\n\n\t\t\t\t\t\t\t\t\t<a href=\"https:\/\/www.evcargo.com\/fr\/18-03-2026-statement-on-the-current-situation-in-the-middle-east\/\">\n\t\t\t\t\t\t\t\t\t\tRead More <i class=\"fal fa-arrow-circle-right\"><\/i>\n\t\t\t\t\t\t\t\t\t<\/a>\n\n\t\t\t\t\t\t\t\t<\/div>\n\n\t\t\t\t\t\t\t\t<\/div>\n\n\t\t\t\t\t\t\t\t\t\t<\/div>\n\n\t\t\t\t\t\t\t\t\t\t\t\t\t\n\t\t\t\t\t\t\t<div class=\"featured-articles__posts__col post-styles__col\">\n\n\t\t\t\t\t\t\t\t<div class=\"featured-articles__posts__col__wrap post-styles__col__wrap\">\n\n\t\t\t\t\t\t\t\t<div class=\"featured-articles__posts__col__img post-styles__col__img lazy-background\" style=\"background-image: url(https:\/\/www.evcargo.com\/wp-content\/uploads\/2026\/03\/Web-Banners-20-539x387.png); \"><\/div>\n\t\t\t\t\t\t\t\t<div class=\"featured-articles__posts__col__txt post-styles__col__txt\">\n\t\t\t\t\t\t\t\t\t<!-- <div class=\"cats\">\n\t\t\t\t\t\t\t\t\t\t\t\t\t\t\t\t\t\t\t\t\t\t\t\t\t\t\t\t\t\t\t\t<a href=\"\" class=\"btn btn-secondary\"><\/a>\n\t\t\t\t\t\t\t\t\t\t\t\t\t\t\t\t\t\t\t<\/div> -->\n\t\t\t\t\t\t\t\t\t<h4>EV Cargo Sharpens Strategic Focus on Global Forwarding<\/h4>\n\t\t\t\t\t\t\t\t\t<p>EV Cargo, a leading global transport and logistics services provider, [&hellip;]<\/p>\n\n\t\t\t\t\t\t\t\t\t<a href=\"https:\/\/www.evcargo.com\/fr\/ev-cargo-sharpens-strategic-focus-on-global-forwarding\/\">\n\t\t\t\t\t\t\t\t\t\tRead More <i class=\"fal fa-arrow-circle-right\"><\/i>\n\t\t\t\t\t\t\t\t\t<\/a>\n\n\t\t\t\t\t\t\t\t<\/div>\n\n\t\t\t\t\t\t\t\t<\/div>\n\n\t\t\t\t\t\t\t\t\t\t<\/div>\n\n\t\t\t\t\t\t\t\t\t\t\t\t\t\n\t\t\t\t\t\t\t<div class=\"featured-articles__posts__col post-styles__col\">\n\n\t\t\t\t\t\t\t\t<div class=\"featured-articles__posts__col__wrap post-styles__col__wrap\">\n\n\t\t\t\t\t\t\t\t<div class=\"featured-articles__posts__col__img post-styles__col__img lazy-background\" style=\"background-image: url(https:\/\/www.evcargo.com\/wp-content\/uploads\/2026\/03\/Web-Banners-18-539x387.png); \"><\/div>\n\t\t\t\t\t\t\t\t<div class=\"featured-articles__posts__col__txt post-styles__col__txt\">\n\t\t\t\t\t\t\t\t\t<!-- <div class=\"cats\">\n\t\t\t\t\t\t\t\t\t\t\t\t\t\t\t\t\t\t\t\t\t\t\t\t\t\t\t\t\t\t\t\t<a href=\"\" class=\"btn btn-secondary\"><\/a>\n\t\t\t\t\t\t\t\t\t\t\t\t\t\t\t\t\t\t\t<\/div> -->\n\t\t\t\t\t\t\t\t\t<h4>What are Incoterms and How Do They Affect Shipping?<\/h4>\n\t\t\t\t\t\t\t\t\t<p>In international shipping and logistics, understanding Incoterms is crucial for [&hellip;]<\/p>\n\n\t\t\t\t\t\t\t\t\t<a href=\"https:\/\/www.evcargo.com\/fr\/what-are-incoterms-and-how-do-they-affect-shipping\/\">\n\t\t\t\t\t\t\t\t\t\tRead More <i class=\"fal fa-arrow-circle-right\"><\/i>\n\t\t\t\t\t\t\t\t\t<\/a>\n\n\t\t\t\t\t\t\t\t<\/div>\n\n\t\t\t\t\t\t\t\t<\/div>\n\n\t\t\t\t\t\t\t\t\t\t<\/div>\n\n\t\t\t\t\t\t\n\t\t\t\t\t\n\t\t\t\t<\/div>\n\n\t\t\t\n\t<\/div>\n\n<\/section>\n\n\n\n<section  class=\"wide-image-text background__white  \" height: ;\">\n\t\n\t<\/section>\n\n\n\n<p><\/p>\n","protected":false},"excerpt":{"rendered":"<p>Les plus grandes marques mondiales, y compris certains des plus grands fabricants mondiaux d\u2019articles m\u00e9nagers et \u00e9lectriques, nous font confiance pour g\u00e9rer leurs cha\u00eenes de distribution.<\/p>","protected":false},"author":18,"featured_media":125834,"parent":0,"menu_order":0,"comment_status":"closed","ping_status":"closed","template":"","meta":{"_acf_changed":false,"footnotes":""},"class_list":["post-125833","page","type-page","status-publish","has-post-thumbnail","hentry"],"acf":[],"yoast_head":"<!-- This site is optimized with the Yoast SEO plugin v27.3 - https:\/\/yoast.com\/product\/yoast-seo-wordpress\/ -->\n<title>White and Brown Goods Supply Chain Solutions | EV Cargo<\/title>\n<meta name=\"description\" content=\"Our global reach and cutting edge technology provides a tailored supply chain solution for the appliance and electrical goods sectors.\" \/>\n<meta name=\"robots\" content=\"index, follow, max-snippet:-1, max-image-preview:large, max-video-preview:-1\" \/>\n<link rel=\"canonical\" href=\"https:\/\/www.evcargo.com\/fr\/white-and-brown-goods\/\" \/>\n<meta property=\"og:locale\" content=\"fr_FR\" \/>\n<meta property=\"og:type\" content=\"article\" \/>\n<meta property=\"og:title\" content=\"White and Brown Goods Supply Chain Solutions | EV Cargo\" \/>\n<meta property=\"og:description\" content=\"Our global reach and cutting edge technology provides a tailored supply chain solution for the appliance and electrical goods sectors.\" \/>\n<meta property=\"og:url\" content=\"https:\/\/www.evcargo.com\/fr\/white-and-brown-goods\/\" \/>\n<meta property=\"og:site_name\" content=\"EV Cargo\" \/>\n<meta property=\"article:modified_time\" content=\"2023-05-25T11:32:57+00:00\" \/>\n<meta property=\"og:image\" content=\"https:\/\/www.evcargo.com\/wp-content\/uploads\/2023\/01\/whirlpool_2-1.png\" \/>\n\t<meta property=\"og:image:width\" content=\"1792\" \/>\n\t<meta property=\"og:image:height\" content=\"1125\" \/>\n\t<meta property=\"og:image:type\" content=\"image\/png\" \/>\n<meta name=\"twitter:card\" content=\"summary_large_image\" \/>\n<script type=\"application\/ld+json\" class=\"yoast-schema-graph\">{\"@context\":\"https:\\\/\\\/schema.org\",\"@graph\":[{\"@type\":\"WebPage\",\"@id\":\"https:\\\/\\\/www.evcargo.com\\\/en\\\/white-and-brown-goods\\\/\",\"url\":\"https:\\\/\\\/www.evcargo.com\\\/en\\\/white-and-brown-goods\\\/\",\"name\":\"White and Brown Goods Supply Chain Solutions | EV Cargo\",\"isPartOf\":{\"@id\":\"https:\\\/\\\/www.evcargo.com\\\/de\\\/#website\"},\"primaryImageOfPage\":{\"@id\":\"https:\\\/\\\/www.evcargo.com\\\/en\\\/white-and-brown-goods\\\/#primaryimage\"},\"image\":{\"@id\":\"https:\\\/\\\/www.evcargo.com\\\/en\\\/white-and-brown-goods\\\/#primaryimage\"},\"thumbnailUrl\":\"https:\\\/\\\/www.evcargo.com\\\/wp-content\\\/uploads\\\/2023\\\/01\\\/whirlpool_2-1.png\",\"datePublished\":\"2023-01-10T15:45:47+00:00\",\"dateModified\":\"2023-05-25T11:32:57+00:00\",\"description\":\"Our global reach and cutting edge technology provides a tailored supply chain solution for the appliance and electrical goods sectors.\",\"inLanguage\":\"fr-FR\",\"potentialAction\":[{\"@type\":\"ReadAction\",\"target\":[\"https:\\\/\\\/www.evcargo.com\\\/en\\\/white-and-brown-goods\\\/\"]}]},{\"@type\":\"ImageObject\",\"inLanguage\":\"fr-FR\",\"@id\":\"https:\\\/\\\/www.evcargo.com\\\/en\\\/white-and-brown-goods\\\/#primaryimage\",\"url\":\"https:\\\/\\\/www.evcargo.com\\\/wp-content\\\/uploads\\\/2023\\\/01\\\/whirlpool_2-1.png\",\"contentUrl\":\"https:\\\/\\\/www.evcargo.com\\\/wp-content\\\/uploads\\\/2023\\\/01\\\/whirlpool_2-1.png\",\"width\":1792,\"height\":1125,\"caption\":\"Electrical Goods Distribution\"},{\"@type\":\"WebSite\",\"@id\":\"https:\\\/\\\/www.evcargo.com\\\/de\\\/#website\",\"url\":\"https:\\\/\\\/www.evcargo.com\\\/de\\\/\",\"name\":\"EV Cargo\",\"description\":\"\",\"publisher\":{\"@id\":\"https:\\\/\\\/www.evcargo.com\\\/de\\\/#organization\"},\"potentialAction\":[{\"@type\":\"SearchAction\",\"target\":{\"@type\":\"EntryPoint\",\"urlTemplate\":\"https:\\\/\\\/www.evcargo.com\\\/de\\\/?s={search_term_string}\"},\"query-input\":{\"@type\":\"PropertyValueSpecification\",\"valueRequired\":true,\"valueName\":\"search_term_string\"}}],\"inLanguage\":\"fr-FR\"},{\"@type\":\"Organization\",\"@id\":\"https:\\\/\\\/www.evcargo.com\\\/de\\\/#organization\",\"name\":\"EV Cargo\",\"alternateName\":\"EVC\",\"url\":\"https:\\\/\\\/www.evcargo.com\\\/de\\\/\",\"logo\":{\"@type\":\"ImageObject\",\"inLanguage\":\"fr-FR\",\"@id\":\"https:\\\/\\\/www.evcargo.com\\\/de\\\/#\\\/schema\\\/logo\\\/image\\\/\",\"url\":\"https:\\\/\\\/www.evcargo.com\\\/wp-content\\\/uploads\\\/2025\\\/02\\\/ev-cargo-logo.png\",\"contentUrl\":\"https:\\\/\\\/www.evcargo.com\\\/wp-content\\\/uploads\\\/2025\\\/02\\\/ev-cargo-logo.png\",\"width\":364,\"height\":78,\"caption\":\"EV Cargo\"},\"image\":{\"@id\":\"https:\\\/\\\/www.evcargo.com\\\/de\\\/#\\\/schema\\\/logo\\\/image\\\/\"}}]}<\/script>\n<!-- \/ Yoast SEO plugin. -->","yoast_head_json":{"title":"Solutions de cha\u00eene d&#039;approvisionnement pour produits blancs et bruns | EV Cargo","description":"Notre port\u00e9e mondiale et notre technologie de pointe offrent une solution de cha\u00eene d&#039;approvisionnement sur mesure pour les secteurs de l&#039;\u00e9lectrom\u00e9nager et des produits \u00e9lectriques.","robots":{"index":"index","follow":"follow","max-snippet":"max-snippet:-1","max-image-preview":"max-image-preview:large","max-video-preview":"max-video-preview:-1"},"canonical":"https:\/\/www.evcargo.com\/fr\/white-and-brown-goods\/","og_locale":"fr_FR","og_type":"article","og_title":"White and Brown Goods Supply Chain Solutions | EV Cargo","og_description":"Our global reach and cutting edge technology provides a tailored supply chain solution for the appliance and electrical goods sectors.","og_url":"https:\/\/www.evcargo.com\/fr\/white-and-brown-goods\/","og_site_name":"EV Cargo","article_modified_time":"2023-05-25T11:32:57+00:00","og_image":[{"width":1792,"height":1125,"url":"https:\/\/www.evcargo.com\/wp-content\/uploads\/2023\/01\/whirlpool_2-1.png","type":"image\/png"}],"twitter_card":"summary_large_image","schema":{"@context":"https:\/\/schema.org","@graph":[{"@type":"WebPage","@id":"https:\/\/www.evcargo.com\/en\/white-and-brown-goods\/","url":"https:\/\/www.evcargo.com\/en\/white-and-brown-goods\/","name":"Solutions de cha\u00eene d&#039;approvisionnement pour produits blancs et bruns | EV Cargo","isPartOf":{"@id":"https:\/\/www.evcargo.com\/de\/#website"},"primaryImageOfPage":{"@id":"https:\/\/www.evcargo.com\/en\/white-and-brown-goods\/#primaryimage"},"image":{"@id":"https:\/\/www.evcargo.com\/en\/white-and-brown-goods\/#primaryimage"},"thumbnailUrl":"https:\/\/www.evcargo.com\/wp-content\/uploads\/2023\/01\/whirlpool_2-1.png","datePublished":"2023-01-10T15:45:47+00:00","dateModified":"2023-05-25T11:32:57+00:00","description":"Notre port\u00e9e mondiale et notre technologie de pointe offrent une solution de cha\u00eene d&#039;approvisionnement sur mesure pour les secteurs de l&#039;\u00e9lectrom\u00e9nager et des produits \u00e9lectriques.","inLanguage":"fr-FR","potentialAction":[{"@type":"ReadAction","target":["https:\/\/www.evcargo.com\/en\/white-and-brown-goods\/"]}]},{"@type":"ImageObject","inLanguage":"fr-FR","@id":"https:\/\/www.evcargo.com\/en\/white-and-brown-goods\/#primaryimage","url":"https:\/\/www.evcargo.com\/wp-content\/uploads\/2023\/01\/whirlpool_2-1.png","contentUrl":"https:\/\/www.evcargo.com\/wp-content\/uploads\/2023\/01\/whirlpool_2-1.png","width":1792,"height":1125,"caption":"Electrical Goods Distribution"},{"@type":"WebSite","@id":"https:\/\/www.evcargo.com\/de\/#website","url":"https:\/\/www.evcargo.com\/de\/","name":"VE Cargo","description":"","publisher":{"@id":"https:\/\/www.evcargo.com\/de\/#organization"},"potentialAction":[{"@type":"SearchAction","target":{"@type":"EntryPoint","urlTemplate":"https:\/\/www.evcargo.com\/de\/?s={search_term_string}"},"query-input":{"@type":"PropertyValueSpecification","valueRequired":true,"valueName":"search_term_string"}}],"inLanguage":"fr-FR"},{"@type":"Organization","@id":"https:\/\/www.evcargo.com\/de\/#organization","name":"VE Cargo","alternateName":"EVC","url":"https:\/\/www.evcargo.com\/de\/","logo":{"@type":"ImageObject","inLanguage":"fr-FR","@id":"https:\/\/www.evcargo.com\/de\/#\/schema\/logo\/image\/","url":"https:\/\/www.evcargo.com\/wp-content\/uploads\/2025\/02\/ev-cargo-logo.png","contentUrl":"https:\/\/www.evcargo.com\/wp-content\/uploads\/2025\/02\/ev-cargo-logo.png","width":364,"height":78,"caption":"EV Cargo"},"image":{"@id":"https:\/\/www.evcargo.com\/de\/#\/schema\/logo\/image\/"}}]}},"_links":{"self":[{"href":"https:\/\/www.evcargo.com\/fr\/wp-json\/wp\/v2\/pages\/125833","targetHints":{"allow":["GET"]}}],"collection":[{"href":"https:\/\/www.evcargo.com\/fr\/wp-json\/wp\/v2\/pages"}],"about":[{"href":"https:\/\/www.evcargo.com\/fr\/wp-json\/wp\/v2\/types\/page"}],"author":[{"embeddable":true,"href":"https:\/\/www.evcargo.com\/fr\/wp-json\/wp\/v2\/users\/18"}],"replies":[{"embeddable":true,"href":"https:\/\/www.evcargo.com\/fr\/wp-json\/wp\/v2\/comments?post=125833"}],"version-history":[{"count":0,"href":"https:\/\/www.evcargo.com\/fr\/wp-json\/wp\/v2\/pages\/125833\/revisions"}],"wp:featuredmedia":[{"embeddable":true,"href":"https:\/\/www.evcargo.com\/fr\/wp-json\/wp\/v2\/media\/125834"}],"wp:attachment":[{"href":"https:\/\/www.evcargo.com\/fr\/wp-json\/wp\/v2\/media?parent=125833"}],"curies":[{"name":"wp","href":"https:\/\/api.w.org\/{rel}","templated":true}]}}