{"id":138607,"date":"2023-04-05T10:52:09","date_gmt":"2023-04-05T09:52:09","guid":{"rendered":"https:\/\/evc.extramilecommunications.dev\/?page_id=138607"},"modified":"2024-08-13T14:27:25","modified_gmt":"2024-08-13T13:27:25","slug":"one-ev-cargo","status":"publish","type":"page","link":"https:\/\/www.evcargo.com\/fr\/one-ev-cargo\/","title":{"rendered":"ONE EV Cargo"},"content":{"rendered":"<section  class=\"hero-block bg-image\" data-aos=\"fade\" style=\"background-image: url(https:\/\/www.evcargo.com\/wp-content\/uploads\/2023\/04\/shutterstock_563430904banner.jpg);\">\n\n\t<div class=\"container-fluid\">\n\n\t\t<div class=\"hero-block__titles\">\n\n\t\t\t<h1>ONE EV Cargo<\/h1>\t\t\t\t\t\t\t\t\t\t\t\t\t\t<div class=\"button-row\">\n\t\t\t\t\t\t\t\t\t\t\t<a href=\"https:\/\/www.evcargo.com\/en\/contact\/\" class=\"btn btn-white\">Demander une d\u00e9mo<\/a>\n\t\t\t\t\t\t\t\t\t<\/div>\n\t\t\t\t\t\t\t\t\t\t\t\t\t\t\t\t<\/div>\n\t\t\n\n\t\t        \n\t<\/div>\n\n<\/section>\n\n\t<div class=\"breadcrumbs\" typeof=\"BreadcrumbList\" vocab=\"https:\/\/schema.org\/\">\n\t\t<div class=\"container-fluid\">\n\t\t\t<span property=\"itemListElement\" typeof=\"ListItem\"><a property=\"item\" typeof=\"WebPage\" title=\"Aller \u00e0 EV Cargo.\" href=\"https:\/\/www.evcargo.com\/fr\" class=\"home\" aria-current=\"page\"><span property=\"name\">VE Cargo<\/span><\/a><meta property=\"position\" content=\"1\"><\/span>\t\t<\/div>\n\t<\/div>\n\n\n<section  class=\"centered-text-icons\">\n\n\t<div class=\"container-fluid\">\n\t\t\t\t<div class=\"centered-text-icons__titles\">\n\t\t<h2 data-aos=\"fade\">Plateforme num\u00e9rique de premier plan<\/h2>\t\t<div data-aos=\"fade\" class=\"wysiwyg\"><p>ONE EV Cargo est notre principale plateforme num\u00e9rique utilis\u00e9e par plus de 20 000 professionnels de la cha\u00eene d&#039;approvisionnement pour dynamiser le commerce mondial et offrir une gestion de la cha\u00eene d&#039;approvisionnement bas\u00e9e sur la technologie pour tous les clients, grands et petits.<\/p>\n<\/div>\n\t\t<\/div>\n\n\t\t\t\n\t\t\t\t\t<div class=\"centered-text-icons__theicons row\" >\n\n\t\t            \n\t\t\t\t\t\t\t\t\t\t\t\t\t<a href=\"https:\/\/www.evcargo.com\/en\/one-ev-cargo\/#trade\" data-aos=\"fade\" class=\"centered-text-icons__theicons__col withlink col-md-4\">\n\t\t\t\t\t\t\n\t\t\t\t\t\t\t\n\t\t\t\t\t\t\t\n\t\t\t\t\t\t\t\t\t\t\t\t\t\t    \t\t\t\t\t\t\t\t<i class=\"fal fa-handshake\"><\/i>\n\t\t\t\t\t\t\t\n\t\t\t\t\t\t\t<h4>Faciliter le commerce<\/h4>\t\t\t\t\t\t\t\n\t\t\t\t\t\t\t\t\t\t\t\t\t\t\t<span class=\"button\"><em>Apprendre encore plus<\/em> <i class=\"fal fa-arrow-circle-right\"><\/i><\/span>\n\t\t\t\t\t\t\t\n\n\t\t\t\t\t\t\t\t\t\t\t\t\t<\/a>\n\t\t\t\t\t\t\n\t\t            \n\t\t\t\t\t\t\t\t\t\t\t\t\t<a href=\"https:\/\/www.evcargo.com\/en\/one-ev-cargo\/#value\" data-aos=\"fade\" class=\"centered-text-icons__theicons__col withlink col-md-4\">\n\t\t\t\t\t\t\n\t\t\t\t\t\t\t\n\t\t\t\t\t\t\t\n\t\t\t\t\t\t\t\t\t\t\t\t\t\t    \t\t\t\t\t\t\t\t<i class=\"fal fa-check\"><\/i>\n\t\t\t\t\t\t\t\n\t\t\t\t\t\t\t<h4>Cr\u00e9er de la valeur<\/h4>\t\t\t\t\t\t\t\n\t\t\t\t\t\t\t\t\t\t\t\t\t\t\t<span class=\"button\"><em>Apprendre encore plus<\/em> <i class=\"fal fa-arrow-circle-right\"><\/i><\/span>\n\t\t\t\t\t\t\t\n\n\t\t\t\t\t\t\t\t\t\t\t\t\t<\/a>\n\t\t\t\t\t\t\n\t\t            \n\t\t\t\t\t\t\t\t\t\t\t\t\t<a href=\"https:\/\/www.evcargo.com\/en\/one-ev-cargo\/#innovation\" data-aos=\"fade\" class=\"centered-text-icons__theicons__col withlink col-md-4\">\n\t\t\t\t\t\t\n\t\t\t\t\t\t\t\n\t\t\t\t\t\t\t\n\t\t\t\t\t\t\t\t\t\t\t\t\t\t    \t\t\t\t\t\t\t\t<i class=\"fal fa-lightbulb\"><\/i>\n\t\t\t\t\t\t\t\n\t\t\t\t\t\t\t<h4>Stimuler l&#039;innovation<\/h4>\t\t\t\t\t\t\t\n\t\t\t\t\t\t\t\t\t\t\t\t\t\t\t<span class=\"button\"><em>Apprendre encore plus<\/em> <i class=\"fal fa-arrow-circle-right\"><\/i><\/span>\n\t\t\t\t\t\t\t\n\n\t\t\t\t\t\t\t\t\t\t\t\t\t<\/a>\n\t\t\t\t\t\t\n\t\t            \n\t\t        \t<\/div>\n\n\t\t        \n\n\t\t\t\t\n\t\t\t\n\n\n\t<\/div>\n\n<\/section>\n\n\n\n<section id=\"trade\" class=\"image-centered background__lightgrey\">\n\n    <div class=\"image-centered-content\">\n                <div >\n\n                                    <div class=\"image-centered__container\" >\n                        <img decoding=\"async\" class=\"image-centered__image\" src=\"https:\/\/www.evcargo.com\/wp-content\/uploads\/2023\/04\/Untitled-design-5-1.png\" alt=\"\" loading=\"lazy\" \/>\n                    <\/div>\n                                \n        <\/div>\n\n    <\/div>\n    \n    <style>\n        div.img-zoom-container {\n            background-position: 50% 50%;\n            background-repeat: no-repeat;\n            position: relative;\n            max-width: 860px;\n            width: 100%;\n            overflow: hidden;\n            cursor: zoom-in;\n        }\n\n        div.img-zoom-container img:hover {\n            opacity: 0;\n        }\n\n        div.img-zoom-container img {\n            transition: opacity 0.5s;\n            display: block;\n            width: auto;\n        }\n    <\/style>\n\n\n    <\/section>\n\n<section  class=\"centered-text-block background__lightgrey  wide-container\">\n\n\t<div class=\"container-fluid rmvspabove\" data-aos=\"fade-up\">\n\n\t\t<h2 data-aos=\"fade\">Faciliter le commerce<\/h2>\t\t<div data-aos=\"fade\" class=\"wysiwyg\"><p>Nos clients utilisent la plateforme ONE EV Cargo pour rechercher, s\u00e9lectionner, commander, exp\u00e9dier, suivre, d\u00e9douaner et livrer leurs envois internationaux.<\/p>\n<p>Des milliers d&#039;acheteurs, de producteurs et de prestataires de services logistiques du monde entier sont connect\u00e9s via la plateforme EV Cargo, permettant le mouvement international s\u00e9curis\u00e9 et durable de marchandises, de donn\u00e9es et de fonds.<\/p>\n<p>Pour les exp\u00e9ditions nationales, ONE EV Cargo offre un suivi et une visibilit\u00e9 en temps r\u00e9el, permettant \u00e0 nos clients de g\u00e9rer leurs cha\u00eenes d&#039;approvisionnement par exception, depuis la collecte de la commande jusqu&#039;\u00e0 la preuve finale de livraison.<\/p>\n<p>Notre exp\u00e9rience client num\u00e9rique immersive rend l&#039;interaction avec EV Cargo rapide et facile, offrant une gestion de la cha\u00eene d&#039;approvisionnement bas\u00e9e sur la technologie pour tous.<\/p>\n\t\t\t<\/div>\t\t\n\t\t\t<\/div>\n\n\t<div class=\"watermark\"><\/div>\n\n<\/section>\n\n<section  class=\"block-gallery-slider background__lightgrey  overflow-previous\">\n\n\t<div class=\"container-fluid\" data-aos=\"fade\">\n\n\t\t<div class=\"row\">\n\n\t\t\t<div class=\"col-md-12\">\n\n\t\t\t\t<div class=\"block-gallery-slider__slider custom-slider\" data-columns=\"3\">\n\n\t\t\t\t\t\n\t\t\t\t\t\t<div class=\"block-gallery-slider__slider__slide\">\n\n\t\t\t\t\t\t\t<figure><img decoding=\"async\" src=\"https:\/\/www.evcargo.com\/wp-content\/uploads\/2023\/05\/3-1.png\" alt=\"\" loading=\"lazy\"><\/figure>\n\n\t\t\t\t\t\t<\/div>\n\n\t\t\t\t\t\n\t\t\t\t\t\t<div class=\"block-gallery-slider__slider__slide\">\n\n\t\t\t\t\t\t\t<figure><img decoding=\"async\" src=\"https:\/\/www.evcargo.com\/wp-content\/uploads\/2023\/05\/11-1.png\" alt=\"\" loading=\"lazy\"><\/figure>\n\n\t\t\t\t\t\t<\/div>\n\n\t\t\t\t\t\n\t\t\t\t\t\t<div class=\"block-gallery-slider__slider__slide\">\n\n\t\t\t\t\t\t\t<figure><img decoding=\"async\" src=\"https:\/\/www.evcargo.com\/wp-content\/uploads\/2023\/04\/EVC-Bardon-083-1600x600-1.jpg\" alt=\"\" loading=\"lazy\"><\/figure>\n\n\t\t\t\t\t\t<\/div>\n\n\t\t\t\t\t\n\t\t\t\t\t\t<div class=\"block-gallery-slider__slider__slide\">\n\n\t\t\t\t\t\t\t<figure><img decoding=\"async\" src=\"https:\/\/www.evcargo.com\/wp-content\/uploads\/2023\/05\/9-1.png\" alt=\"\" loading=\"lazy\"><\/figure>\n\n\t\t\t\t\t\t<\/div>\n\n\t\t\t\t\t\n\t\t\t\t\t\t<div class=\"block-gallery-slider__slider__slide\">\n\n\t\t\t\t\t\t\t<figure><img decoding=\"async\" src=\"https:\/\/www.evcargo.com\/wp-content\/uploads\/2023\/05\/12-1.png\" alt=\"\" loading=\"lazy\"><\/figure>\n\n\t\t\t\t\t\t<\/div>\n\n\t\t\t\t\t\n\t\t\t\t\t\t<div class=\"block-gallery-slider__slider__slide\">\n\n\t\t\t\t\t\t\t<figure><img decoding=\"async\" src=\"https:\/\/www.evcargo.com\/wp-content\/uploads\/2023\/04\/EV-Cargo-Ashby-22-136600x600-1.jpg\" alt=\"\" loading=\"lazy\"><\/figure>\n\n\t\t\t\t\t\t<\/div>\n\n\t\t\t\t\t\n\t\t\t\t<\/div>\n\n\t\t\t\t<nav class=\"custom-slider__nav\">\n    <button class=\"custom-slider-nav-item custom-slider-prev\">\n        <svg xmlns=\"http:\/\/www.w3.org\/2000\/svg\" width=\"29\" height=\"29\" viewbox=\"0 0 29 29\">\n            <g id=\"Group_2_Copy\" data-name=\"Group 2 Copy\" transform=\"translate(29 29.5) rotate(-180)\">\n                <path id=\"Path_4\" data-name=\"Path 4\" d=\"M0,0,6,5.625,0,11.25\" transform=\"translate(13 9.375)\" fill=\"none\" stroke=\"#EE7203\" stroke-linecap=\"round\" stroke-linejoin=\"round\" stroke-miterlimit=\"10\" stroke-width=\"2\"\/>\n                <g id=\"Oval\" transform=\"translate(0 0.5)\" fill=\"none\" stroke=\"#EE7203\" stroke-miterlimit=\"10\" stroke-width=\"2\">\n                <circle cx=\"14.5\" cy=\"14.5\" r=\"14.5\" stroke=\"none\"\/>\n                <circle cx=\"14.5\" cy=\"14.5\" r=\"13.5\" fill=\"none\"\/>\n                <\/g>\n            <\/g>\n        <\/svg>\n    <\/button>\n    <button class=\"custom-slider-nav-item custom-slider-next\">\n        <svg xmlns=\"http:\/\/www.w3.org\/2000\/svg\" width=\"29\" height=\"28.033\" viewbox=\"0 0 29 28.033\">\n            <g id=\"Group_2\" data-name=\"Group 2\" transform=\"translate(-512 -454.483)\">\n                <g id=\"Group_2-2\" data-name=\"Group 2\" transform=\"translate(512 454)\">\n                <path id=\"Path_4\" data-name=\"Path 4\" d=\"M0,0,6,5.438,0,10.875\" transform=\"translate(13 9.063)\" fill=\"none\" stroke=\"#EE7203\" stroke-linecap=\"round\" stroke-linejoin=\"round\" stroke-miterlimit=\"10\" stroke-width=\"2\"\/>\n                <g id=\"Oval\" transform=\"translate(0 0.483)\" fill=\"none\" stroke=\"#EE7203\" stroke-miterlimit=\"10\" stroke-width=\"2\">\n                    <ellipse cx=\"14.5\" cy=\"14.017\" rx=\"14.5\" ry=\"14.017\" stroke=\"none\"\/>\n                    <ellipse cx=\"14.5\" cy=\"14.017\" rx=\"13.5\" ry=\"13.017\" fill=\"none\"\/>\n                <\/g>\n                <\/g>\n            <\/g>\n        <\/svg>\n    <\/button>\n<\/nav>\n\n\t\t\t<\/div>\n\n\t\t<\/div>\n\t\t\n\t<\/div>\n\n<\/section>\n\n\n\n<section id=\"value\" class=\"text-image  background__white\">\n\t<div class=\"container-fluid\">\n\t\t<div class=\"row\">\n\t\t\t<div class=\"text-image__image col-md-6 order-md-2\" data-aos=\"fade-left\">\n                <div style=\"width: 100%;\">\n    \t\t\t\t\n    \t\t\t\t\n    \t\t\t\t    <img decoding=\"async\" src=\"https:\/\/www.evcargo.com\/wp-content\/uploads\/2023\/03\/Group-4.png\" alt=\"Group 4\" style = \"width: 100%;\" loading=\"lazy\" \/>\n    \t\t\t\t    \t\t\t<\/div>\n\t\t\t<\/div>\n\n\t\t\t<div class=\"text-image__text col-md-6 order-md-1\" data-aos=\"fade-right\">\n\t\t\t\t\t\t\t\t\t<h2>Cr\u00e9er de la valeur<\/h2>\n\t\t\t\t\t\t\t\t\t<div class=\"wysiwyg\">\n\t\t\t\t\t\t<p>ONE EV Cargo contribue \u00e0 cr\u00e9er une valeur significative pour nos clients :<\/p>\n<p><strong>Ventes plus \u00e9lev\u00e9es<\/strong><br \/>\nMeilleure disponibilit\u00e9 client, moins de ventes perdues.<\/p>\n<p><strong>B\u00e9n\u00e9fice plus \u00e9lev\u00e9<\/strong><br \/>\nMeilleure vente au prix fort, moins de d\u00e9marques.<\/p>\n<p><strong>Inventaire r\u00e9duit<\/strong><br \/>\nMeilleure productivit\u00e9 des stocks, stocks de s\u00e9curit\u00e9 plus faibles.<\/p>\n<p><strong>Des co\u00fbts logistiques r\u00e9duits<\/strong><br \/>\nMeilleur routage et chargement, moins de kilom\u00e8tres et moins cher.<\/p>\n\t\t\t\t\t<\/div>\n\t\t\t\t\n\t\t\t\t\t\t\t\t\t<a href=\"https:\/\/www.evcargo.com\/en\/contact\/\" target=\"_self\" class=\"btn\">\n\t\t\t\t\t\tNous contacter\t\t\t\t\t<\/a>\n\t\t\t\t\t\t\t<\/div>\n\t\t<\/div>\n\t<\/div>\n\n    <div class=\"watermark\"><\/div>\n<\/section>\n\n\n\n<section id=\"innovation\" class=\"text-image  background__darkgrey\">\n\t<div class=\"container-fluid\">\n\t\t<div class=\"row switch-columns\">\n\t\t\t<div class=\"text-image__image col-md-6 order-md-2\" data-aos=\"fade-left\">\n                <div style=\"width: 100%;\">\n    \t\t\t\t\n    \t\t\t\t\n    \t\t\t\t    <img decoding=\"async\" src=\"https:\/\/www.evcargo.com\/wp-content\/uploads\/2023\/05\/Heath-EV-cargo-Tour-133.jpg\" alt=\"Heath-EV-cargo-Tour-133\" style = \"width: 100%;\" loading=\"lazy\" \/>\n    \t\t\t\t    \t\t\t<\/div>\n\t\t\t<\/div>\n\n\t\t\t<div class=\"text-image__text col-md-6 order-md-1\" data-aos=\"fade-right\">\n\t\t\t\t\t\t\t\t\t<h2>Stimuler l&#039;innovation<\/h2>\n\t\t\t\t\t\t\t\t\t<div class=\"wysiwyg\">\n\t\t\t\t\t\t<p>Les quatre piliers de notre strat\u00e9gie digitale :<\/p>\n<p><strong>Exp\u00e9rience num\u00e9rique<\/strong><br \/>\nCr\u00e9er une exp\u00e9rience client num\u00e9rique immersive.<\/p>\n<p><strong>Innovation en mati\u00e8re de services<\/strong><br \/>\nPour ravir nos clients avec des services innovants.<\/p>\n<p><strong>Simplifier<\/strong><br \/>\nPour simplifier le travail de nos collaborateurs.<\/p>\n<p><strong>Prise de d\u00e9cision<\/strong><br \/>\nPour permettre \u00e0 nos managers de prendre de grandes d\u00e9cisions.<\/p>\n\t\t\t\t\t<\/div>\n\t\t\t\t\n\t\t\t\t\t\t\t<\/div>\n\t\t<\/div>\n\t<\/div>\n\n    <div class=\"watermark\"><\/div>\n<\/section>\n\n\n<section  class=\"two-column-block background__white\">\n\t<div class=\"container-fluid\">\n\t\t\t\t\t<h2 data-aos=\"fade\">L&#039;innovation en action<\/h2>\n\t\t\t\t\n\t\t<div class=\"two-column-block__row row\">\n\t\t\t<div data-aos=\"fade\" class=\"two-column-block__row__col col-md-6 mb-4 mb-md-0\">\n\t\t\t\t\t\t\t\t\t\n\t\t\t\t\t<div class=\"wysiwyg\">\n\t\t\t\t\t\t<p>Dans le SuperHub de tri de palettes central qui se trouve au c\u0153ur de notre r\u00e9seau de fret routier LTL, nous avons d\u00e9ploy\u00e9 des solutions technologiques innovantes sur nos chariots \u00e9l\u00e9vateurs qui r\u00e9pondent aux quatre piliers de la strat\u00e9gie num\u00e9rique et contribuent \u00e0 alimenter notre proposition de service de pointe dans le secteur.<\/p>\n<p>\u00c9tant donn\u00e9 que chaque camion g\u00e8re plus de 500 mouvements de palettes individuelles par jour, des donn\u00e9es pr\u00e9cises et opportunes sont essentielles pour offrir une qualit\u00e9 de service et une fiabilit\u00e9 sans faille \u00e0 nos membres et clients.<\/p>\n\t\t\t\t\t<\/div>\n\n\t\t\t\t\t\t\t\t\t\t\t\n\t\t\t<\/div>\n\t\t\t<div data-aos=\"fade\" class=\"two-column-block__row__col col-md-6\">\n\t\t\t\t\t\t\t\t\t\n\t\t\t\t\t<div class=\"wysiwyg\">\n\t\t\t\t\t\t<p>Tous les chariots \u00e9l\u00e9vateurs du SuperHub sont \u00e9quip\u00e9s d&#039;une technologie exclusive brevet\u00e9e qui p\u00e8se automatiquement chaque palette lorsqu&#039;elle est d\u00e9charg\u00e9e dans le hub, scanne simultan\u00e9ment le code-barres, associe le poids \u00e0 l&#039;ID de palette sp\u00e9cifique et t\u00e9l\u00e9charge les donn\u00e9es dans ONE EV Cargo, garantissant ainsi des poids pr\u00e9cis pour la s\u00e9curit\u00e9 et la conformit\u00e9 r\u00e9glementaire.<\/p>\n<p>Ils disposent \u00e9galement de cam\u00e9ras haute r\u00e9solution qui capturent automatiquement une image de chaque palette \u00e0 chaque fois qu&#039;elle est r\u00e9cup\u00e9r\u00e9e, utilisent une num\u00e9risation d&#039;\u00e9tiquettes pour associer les images \u00e0 un identifiant de palette, puis stockent ces images dans le fichier d&#039;exp\u00e9dition ONE EV Cargo comme un enregistrement de l&#039;\u00e9tat physique pour offrir une visibilit\u00e9 in\u00e9gal\u00e9e du fret.<\/p>\n<p>&nbsp;<\/p>\n\t\t\t\t\t<\/div>\n\t\t\t\t\t\n\t\t\t\t\t\t\t\t\t\t\t\n\t\t\t<\/div>\n\t\t<\/div>\n\t<\/div>\n<\/section>","protected":false},"excerpt":{"rendered":"","protected":false},"author":5,"featured_media":0,"parent":0,"menu_order":0,"comment_status":"closed","ping_status":"closed","template":"","meta":{"_acf_changed":false,"footnotes":""},"class_list":["post-138607","page","type-page","status-publish","hentry"],"acf":[],"yoast_head":"<!-- This site is optimized with the Yoast SEO plugin v27.3 - https:\/\/yoast.com\/product\/yoast-seo-wordpress\/ -->\n<title>ONE EV Cargo | Digital Platform | EV Cargo<\/title>\n<meta name=\"description\" content=\"ONE EV Cargo is our leading digital platform used by over 20,000 supply chain professionals to power global trade and delivery technology. Find out more.\" \/>\n<meta name=\"robots\" content=\"index, follow, max-snippet:-1, max-image-preview:large, max-video-preview:-1\" \/>\n<link rel=\"canonical\" href=\"https:\/\/www.evcargo.com\/fr\/one-ev-cargo\/\" \/>\n<meta property=\"og:locale\" content=\"fr_FR\" \/>\n<meta property=\"og:type\" content=\"article\" \/>\n<meta property=\"og:title\" content=\"ONE EV Cargo | Digital Platform | EV Cargo\" \/>\n<meta property=\"og:description\" content=\"ONE EV Cargo is our leading digital platform used by over 20,000 supply chain professionals to power global trade and delivery technology. Find out more.\" \/>\n<meta property=\"og:url\" content=\"https:\/\/www.evcargo.com\/fr\/one-ev-cargo\/\" \/>\n<meta property=\"og:site_name\" content=\"EV Cargo\" \/>\n<meta property=\"article:modified_time\" content=\"2024-08-13T13:27:25+00:00\" \/>\n<meta name=\"twitter:card\" content=\"summary_large_image\" \/>\n<script type=\"application\/ld+json\" class=\"yoast-schema-graph\">{\"@context\":\"https:\\\/\\\/schema.org\",\"@graph\":[{\"@type\":\"WebPage\",\"@id\":\"https:\\\/\\\/www.evcargo.com\\\/zh\\\/one-ev-cargo\\\/\",\"url\":\"https:\\\/\\\/www.evcargo.com\\\/zh\\\/one-ev-cargo\\\/\",\"name\":\"ONE EV Cargo | Digital Platform | EV Cargo\",\"isPartOf\":{\"@id\":\"https:\\\/\\\/www.evcargo.com\\\/de\\\/#website\"},\"datePublished\":\"2023-04-05T09:52:09+00:00\",\"dateModified\":\"2024-08-13T13:27:25+00:00\",\"description\":\"ONE EV Cargo is our leading digital platform used by over 20,000 supply chain professionals to power global trade and delivery technology. Find out more.\",\"inLanguage\":\"fr-FR\",\"potentialAction\":[{\"@type\":\"ReadAction\",\"target\":[\"https:\\\/\\\/www.evcargo.com\\\/zh\\\/one-ev-cargo\\\/\"]}]},{\"@type\":\"WebSite\",\"@id\":\"https:\\\/\\\/www.evcargo.com\\\/de\\\/#website\",\"url\":\"https:\\\/\\\/www.evcargo.com\\\/de\\\/\",\"name\":\"EV Cargo\",\"description\":\"\",\"publisher\":{\"@id\":\"https:\\\/\\\/www.evcargo.com\\\/de\\\/#organization\"},\"potentialAction\":[{\"@type\":\"SearchAction\",\"target\":{\"@type\":\"EntryPoint\",\"urlTemplate\":\"https:\\\/\\\/www.evcargo.com\\\/de\\\/?s={search_term_string}\"},\"query-input\":{\"@type\":\"PropertyValueSpecification\",\"valueRequired\":true,\"valueName\":\"search_term_string\"}}],\"inLanguage\":\"fr-FR\"},{\"@type\":\"Organization\",\"@id\":\"https:\\\/\\\/www.evcargo.com\\\/de\\\/#organization\",\"name\":\"EV Cargo\",\"alternateName\":\"EVC\",\"url\":\"https:\\\/\\\/www.evcargo.com\\\/de\\\/\",\"logo\":{\"@type\":\"ImageObject\",\"inLanguage\":\"fr-FR\",\"@id\":\"https:\\\/\\\/www.evcargo.com\\\/de\\\/#\\\/schema\\\/logo\\\/image\\\/\",\"url\":\"https:\\\/\\\/www.evcargo.com\\\/wp-content\\\/uploads\\\/2025\\\/02\\\/ev-cargo-logo.png\",\"contentUrl\":\"https:\\\/\\\/www.evcargo.com\\\/wp-content\\\/uploads\\\/2025\\\/02\\\/ev-cargo-logo.png\",\"width\":364,\"height\":78,\"caption\":\"EV Cargo\"},\"image\":{\"@id\":\"https:\\\/\\\/www.evcargo.com\\\/de\\\/#\\\/schema\\\/logo\\\/image\\\/\"}}]}<\/script>\n<!-- \/ Yoast SEO plugin. -->","yoast_head_json":{"title":"ONE EV Cargo | Plateforme num\u00e9rique | EV Cargo","description":"ONE EV Cargo est notre plateforme num\u00e9rique leader, utilis\u00e9e par plus de 20\u00a0000 professionnels de la supply chain pour optimiser le commerce mondial et les technologies de livraison. En savoir plus.","robots":{"index":"index","follow":"follow","max-snippet":"max-snippet:-1","max-image-preview":"max-image-preview:large","max-video-preview":"max-video-preview:-1"},"canonical":"https:\/\/www.evcargo.com\/fr\/one-ev-cargo\/","og_locale":"fr_FR","og_type":"article","og_title":"ONE EV Cargo | Digital Platform | EV Cargo","og_description":"ONE EV Cargo is our leading digital platform used by over 20,000 supply chain professionals to power global trade and delivery technology. Find out more.","og_url":"https:\/\/www.evcargo.com\/fr\/one-ev-cargo\/","og_site_name":"EV Cargo","article_modified_time":"2024-08-13T13:27:25+00:00","twitter_card":"summary_large_image","schema":{"@context":"https:\/\/schema.org","@graph":[{"@type":"WebPage","@id":"https:\/\/www.evcargo.com\/zh\/one-ev-cargo\/","url":"https:\/\/www.evcargo.com\/zh\/one-ev-cargo\/","name":"ONE EV Cargo | Plateforme num\u00e9rique | EV Cargo","isPartOf":{"@id":"https:\/\/www.evcargo.com\/de\/#website"},"datePublished":"2023-04-05T09:52:09+00:00","dateModified":"2024-08-13T13:27:25+00:00","description":"ONE EV Cargo est notre plateforme num\u00e9rique leader, utilis\u00e9e par plus de 20\u00a0000 professionnels de la supply chain pour optimiser le commerce mondial et les technologies de livraison. En savoir plus.","inLanguage":"fr-FR","potentialAction":[{"@type":"ReadAction","target":["https:\/\/www.evcargo.com\/zh\/one-ev-cargo\/"]}]},{"@type":"WebSite","@id":"https:\/\/www.evcargo.com\/de\/#website","url":"https:\/\/www.evcargo.com\/de\/","name":"VE Cargo","description":"","publisher":{"@id":"https:\/\/www.evcargo.com\/de\/#organization"},"potentialAction":[{"@type":"SearchAction","target":{"@type":"EntryPoint","urlTemplate":"https:\/\/www.evcargo.com\/de\/?s={search_term_string}"},"query-input":{"@type":"PropertyValueSpecification","valueRequired":true,"valueName":"search_term_string"}}],"inLanguage":"fr-FR"},{"@type":"Organization","@id":"https:\/\/www.evcargo.com\/de\/#organization","name":"VE Cargo","alternateName":"EVC","url":"https:\/\/www.evcargo.com\/de\/","logo":{"@type":"ImageObject","inLanguage":"fr-FR","@id":"https:\/\/www.evcargo.com\/de\/#\/schema\/logo\/image\/","url":"https:\/\/www.evcargo.com\/wp-content\/uploads\/2025\/02\/ev-cargo-logo.png","contentUrl":"https:\/\/www.evcargo.com\/wp-content\/uploads\/2025\/02\/ev-cargo-logo.png","width":364,"height":78,"caption":"EV Cargo"},"image":{"@id":"https:\/\/www.evcargo.com\/de\/#\/schema\/logo\/image\/"}}]}},"_links":{"self":[{"href":"https:\/\/www.evcargo.com\/fr\/wp-json\/wp\/v2\/pages\/138607","targetHints":{"allow":["GET"]}}],"collection":[{"href":"https:\/\/www.evcargo.com\/fr\/wp-json\/wp\/v2\/pages"}],"about":[{"href":"https:\/\/www.evcargo.com\/fr\/wp-json\/wp\/v2\/types\/page"}],"author":[{"embeddable":true,"href":"https:\/\/www.evcargo.com\/fr\/wp-json\/wp\/v2\/users\/5"}],"replies":[{"embeddable":true,"href":"https:\/\/www.evcargo.com\/fr\/wp-json\/wp\/v2\/comments?post=138607"}],"version-history":[{"count":0,"href":"https:\/\/www.evcargo.com\/fr\/wp-json\/wp\/v2\/pages\/138607\/revisions"}],"wp:attachment":[{"href":"https:\/\/www.evcargo.com\/fr\/wp-json\/wp\/v2\/media?parent=138607"}],"curies":[{"name":"wp","href":"https:\/\/api.w.org\/{rel}","templated":true}]}}