{"id":1442,"date":"2021-06-10T16:07:10","date_gmt":"2021-06-10T15:07:10","guid":{"rendered":"https:\/\/evc.extramilecommunications.dev\/?page_id=1442"},"modified":"2025-07-30T09:24:43","modified_gmt":"2025-07-30T08:24:43","slug":"industries","status":"publish","type":"page","link":"https:\/\/www.evcargo.com\/fr\/industries\/","title":{"rendered":"les industries"},"content":{"rendered":"<section  class=\"page-hero background__lightgrey\">\n\t<div class=\"page-hero__bottom\">\n\t\t<div class=\"container-fluid\">\n\t\t\t\t\t\t\t<div class=\"page-hero__bottom__centertext\" data-aos=\"fade\">\n\t\t\t\t\t<h1>Logistique pour les industries<\/h1>\n<p>Quel que soit votre secteur, EV Cargo a la solution de supply chain adapt\u00e9e \u00e0 vos besoins.<\/p>\n\t\t\t\t<\/div>\n\t\t\t\t\t<\/div>\n\t<\/div>\n\n\t<div class=\"page-hero__rows\">\n\t\t<div class=\"container-fluid\">\n\t\t\t\t\t\t\t<div class=\"page-hero__bottom__blocks row\">\n\t\t\t\t\t\t\t\t\t\t\t<div class=\"page-hero__bottom__blocks__col col-md-6\" data-aos=\"fade\">\n\t\t\t\t\t\t\t<div class=\"page-hero__bottom__blocks__col-inner\">\n\t\t\t\t\t\t\t\t<div class=\"image-container\">\n\t\t\t\t\t\t\t\t\t<img class=\"page-hero__bottom_image\" src =\"https:\/\/www.evcargo.com\/wp-content\/uploads\/2023\/04\/EV-Cargo_Magor-Brewery-018.jpg600x250.jpg\" alt=\"\" loading=\"lazy\" \/>\n\t\t\t\t\t\t\t\t<\/div>\n\t\t\t\t\t\t\t\t<div class=\"content-container\">\n\t\t\t\t\t\t\t\t\t\t\t\t\t\t\t\t\t\t\t<h3>Logistique de consommation<\/h3>\t\t\t\t\t\t\t\t\n\t\t\t\t\t\t\t\t\t<div class=\"content\">\n\t\t\t\t\t\t\t\t\t\t<p>EV Cargo poss\u00e8de une exp\u00e9rience unique dans la gestion des cha\u00eenes d&#039;approvisionnement nationales et internationales de biens de consommation sur tous les canaux de vente, de la grande distribution au supermarch\u00e9 en passant par Internet.<\/p>\n\t\t\t\t\t\t\t\t\t\t\t<a href=\"https:\/\/www.evcargo.com\/en\/industries\/consumer\/\" target=\"_self\" class=\"btn green-btn\"  title=\"en savoir plus sur Consumer Logistics\">\n\t\t\t\t\t\t\t\t\t\t\t\tEn savoir plus\t\t\t\t\t\t\t\t\t\t\t<\/a>\n\t\t\t\t\t\t\t\t\t\t\t\t\t\t\t\t\t\t\t<\/div>\n\t\t\t\t\t\t\t<\/div>\n\t\t\t\t\t\t\t<\/div>\n\t\t\t\t\t\t<\/div>\n\t\t\t\t\t\t\t\t\t\t\t<div class=\"page-hero__bottom__blocks__col col-md-6\" data-aos=\"fade\">\n\t\t\t\t\t\t\t<div class=\"page-hero__bottom__blocks__col-inner\">\n\t\t\t\t\t\t\t\t<div class=\"image-container\">\n\t\t\t\t\t\t\t\t\t<img class=\"page-hero__bottom_image\" src =\"https:\/\/www.evcargo.com\/wp-content\/uploads\/2023\/04\/EVC-Bardon-091600x250-1.jpg\" alt=\"\" loading=\"lazy\" \/>\n\t\t\t\t\t\t\t\t<\/div>\n\t\t\t\t\t\t\t\t<div class=\"content-container\">\n\t\t\t\t\t\t\t\t\t\t\t\t\t\t\t\t\t\t\t<h3>Logistique industrielle <\/h3>\t\t\t\t\t\t\t\t\n\t\t\t\t\t\t\t\t\t<div class=\"content\">\n\t\t\t\t\t\t\t\t\t\t<p>EV Cargo a d\u00e9velopp\u00e9 une expertise approfondie dans la gestion des cha\u00eenes d&#039;approvisionnement dans plusieurs secteurs industriels cl\u00e9s, cr\u00e9ant des solutions sur mesure tr\u00e8s efficaces pour le fret a\u00e9rien et maritime, le fret routier et la logistique contractuelle.<\/p>\n\t\t\t\t\t\t\t\t\t\t\t<a href=\"https:\/\/www.evcargo.com\/en\/industries\/industrial\/\" target=\"_self\" class=\"btn green-btn\"  title=\"en savoir plus sur la logistique industrielle \">\n\t\t\t\t\t\t\t\t\t\t\t\tEn savoir plus\t\t\t\t\t\t\t\t\t\t\t<\/a>\n\t\t\t\t\t\t\t\t\t\t\t\t\t\t\t\t\t\t\t<\/div>\n\t\t\t\t\t\t\t<\/div>\n\t\t\t\t\t\t\t<\/div>\n\t\t\t\t\t\t<\/div>\n\t\t\t\t\t\t\t\t\t\t\t<div class=\"page-hero__bottom__blocks__col col-md-6\" data-aos=\"fade\">\n\t\t\t\t\t\t\t<div class=\"page-hero__bottom__blocks__col-inner\">\n\t\t\t\t\t\t\t\t<div class=\"image-container\">\n\t\t\t\t\t\t\t\t\t<img class=\"page-hero__bottom_image\" src =\"https:\/\/www.evcargo.com\/wp-content\/uploads\/2023\/05\/Untitled-design-3-1.png\" alt=\"\" loading=\"lazy\" \/>\n\t\t\t\t\t\t\t\t<\/div>\n\t\t\t\t\t\t\t\t<div class=\"content-container\">\n\t\t\t\t\t\t\t\t\t\t\t\t\t\t\t\t\t\t\t<h3>Logistique sp\u00e9cialis\u00e9e<\/h3>\t\t\t\t\t\t\t\t\n\t\t\t\t\t\t\t\t\t<div class=\"content\">\n\t\t\t\t\t\t\t\t\t\t<p>EV Cargo dispose d&#039;une exp\u00e9rience et d&#039;une expertise in\u00e9gal\u00e9es dans plusieurs secteurs d&#039;activit\u00e9 cl\u00e9s sp\u00e9cialis\u00e9s \u00e0 forte valeur ajout\u00e9e, offrant une fiabilit\u00e9 de service implacable dans des environnements d&#039;exploitation complexes et critiques en termes de temps.<\/p>\n\t\t\t\t\t\t\t\t\t\t\t<a href=\"https:\/\/www.evcargo.com\/en\/industries\/specialist\/\" target=\"_self\" class=\"btn green-btn\"  title=\"en savoir plus sur la logistique sp\u00e9cialis\u00e9e\">\n\t\t\t\t\t\t\t\t\t\t\t\tEn savoir plus\t\t\t\t\t\t\t\t\t\t\t<\/a>\n\t\t\t\t\t\t\t\t\t\t\t\t\t\t\t\t\t\t\t<\/div>\n\t\t\t\t\t\t\t<\/div>\n\t\t\t\t\t\t\t<\/div>\n\t\t\t\t\t\t<\/div>\n\t\t\t\t\t\t\t\t\t<\/div>\n\n\t\t\t\t<div class=\"watermark\"><\/div>\n\t\t\t\t\t<\/div>\n\t<\/div>\n<\/section>\n\n\n\n<section  class=\"text-image  background__darkgrey\">\n\t<div class=\"container-fluid\">\n\t\t<div class=\"row\">\n\t\t\t<div class=\"text-image__image col-md-6 order-md-2\" data-aos=\"fade-left\">\n                <div style=\"width: 100%;\">\n    \t\t\t\t\n    \t\t\t\t\n    \t\t\t\t    <img decoding=\"async\" src=\"https:\/\/www.evcargo.com\/wp-content\/uploads\/2022\/08\/EVC-Bardon-040.jpg\" alt=\"EVC-Bardon-040\" style = \"width: 100%;\" loading=\"lazy\" \/>\n    \t\t\t\t    \t\t\t<\/div>\n\t\t\t<\/div>\n\n\t\t\t<div class=\"text-image__text col-md-6 order-md-1\" data-aos=\"fade-right\">\n\t\t\t\t\t\t\t\t\t<h2>Comment EV Cargo peut soutenir l&#039;optimisation de la cha\u00eene d&#039;approvisionnement <\/h2>\n\t\t\t\t\t\t\t\t\t<div class=\"wysiwyg\">\n\t\t\t\t\t\t<p>En \u00e9tant pionniers en mati\u00e8re d\u2019innovation, nous dynamisons l\u2019\u00e9conomie mondiale en fournissant des services de cha\u00eene d\u2019approvisionnement et de logistique bas\u00e9s sur la technologie aux plus grandes marques mondiales.<\/p>\n\t\t\t\t\t<\/div>\n\t\t\t\t\n\t\t\t\t\t\t\t\t\t<a href=\"https:\/\/youtu.be\/kaL3h3bTRYQ\" target=\"_self\" class=\"btn\">\n\t\t\t\t\t\tRegarder la vid\u00e9o\t\t\t\t\t<\/a>\n\t\t\t\t\t\t\t<\/div>\n\t\t<\/div>\n\t<\/div>\n\n    <div class=\"watermark\"><\/div>\n<\/section>\n\n\n\n<section  class=\"one-column-block background__white\" style=\"background-image:url(https:\/\/www.evcargo.com\/wp-content\/uploads\/2023\/04\/EV-Cargo_Magor-Brewery-0081900x600-1.jpg)\">\n\t<div class=\"overlay\"><\/div>\t<div class=\"container-fluid\">\n\t\t\t\t<div class=\"one-column-block__row row\">\n\t\t\t<div data-aos=\"fade\" class=\"one-column-block__row__col col-md-12\"  style=\"flex-direction: column;\">\n\t\t\t\t<button type=\"button\" title=\"Ouvrir la vid\u00e9o dans une fen\u00eatre modale\" class=\"open-video-modal bs-modal-trigger\" data-toggle=\"toggle\" data-target=\"block_b772f71bdfbfdb80acb12a8e26632a91\"><i class=\"fal fa-play-circle open-video-popup\"><\/i><\/button><h3>Regardez la vid\u00e9o<\/h3>\t\t\n\t\t\t<\/div>\n\t\t<\/div>\n\n\t\t\n\t\t\t<div class=\"modal fade\" id=\"block_b772f71bdfbfdb80acb12a8e26632a91\" tabindex=\"-1\" role=\"dialog\" aria-labelledby=\"block_b772f71bdfbfdb80acb12a8e26632a91-title\" aria-hidden=\"true\">\n    <div class=\"modal-dialog modal-dialog-centered\" role=\"document\">\n        <div class=\"modal-content\">\n        <div class=\"modal-header\">\n            <h5 class=\"modal-title\" id=\"block_b772f71bdfbfdb80acb12a8e26632a91-title\">Vid\u00e9o<\/h5>\n            <button type=\"button\" class=\"close\" data-dismiss=\"modal\" aria-label=\"proche\">\n            <span aria-hidden=\"true\">\u00d7<\/span>\n            <\/button>\n        <\/div>\n        <div class=\"modal-body\">\n                                <div class=\"embed-responsive embed-responsive-16by9\"><iframe loading=\"lazy\" title=\"EV Cargo Showreel\" width=\"640\" height=\"360\" src=\"https:\/\/www.youtube.com\/embed\/kaL3h3bTRYQ?feature=oembed\" frameborder=\"0\" allow=\"accelerometer; autoplay; clipboard-write; encrypted-media; gyroscope; picture-in-picture; web-share\" referrerpolicy=\"strict-origin-when-cross-origin\" allowfullscreen><\/iframe><\/div>                    <\/div>\n        <div class=\"modal-footer\">\n            <button type=\"button\" class=\"btn btn-secondary\" data-dismiss=\"modal\">proche<\/button>\n        <\/div>\n        <\/div>\n    <\/div>\n<\/div>\t\t\t<\/div>\n<\/section>","protected":false},"excerpt":{"rendered":"<p>Quel que soit votre secteur, EV Cargo a la solution de supply chain adapt\u00e9e \u00e0 vos besoins.<\/p>","protected":false},"author":9,"featured_media":2923,"parent":0,"menu_order":0,"comment_status":"closed","ping_status":"closed","template":"","meta":{"_acf_changed":false,"footnotes":""},"class_list":["post-1442","page","type-page","status-publish","has-post-thumbnail","hentry"],"acf":[],"yoast_head":"<!-- This site is optimized with the Yoast SEO plugin v27.4 - https:\/\/yoast.com\/product\/yoast-seo-wordpress\/ -->\n<title>Supply Chain Solutions: By Industry | EV Cargo<\/title>\n<meta name=\"description\" content=\"Whatever your business, EV Cargo has supply chain &amp; logistics solutions for you. We support consumer, industrial &amp; specialist sectors globally.\" \/>\n<meta name=\"robots\" content=\"index, follow, max-snippet:-1, max-image-preview:large, max-video-preview:-1\" \/>\n<link rel=\"canonical\" href=\"https:\/\/www.evcargo.com\/fr\/industries\/\" \/>\n<meta property=\"og:locale\" content=\"fr_FR\" \/>\n<meta property=\"og:type\" content=\"article\" \/>\n<meta property=\"og:title\" content=\"Supply Chain Solutions: By Industry | EV Cargo\" \/>\n<meta property=\"og:description\" content=\"Whatever your business, EV Cargo has supply chain &amp; logistics solutions for you. We support consumer, industrial &amp; specialist sectors globally.\" \/>\n<meta property=\"og:url\" content=\"https:\/\/www.evcargo.com\/fr\/industries\/\" \/>\n<meta property=\"og:site_name\" content=\"EV Cargo\" \/>\n<meta property=\"article:modified_time\" content=\"2025-07-30T08:24:43+00:00\" \/>\n<meta property=\"og:image\" content=\"https:\/\/www.evcargo.com\/wp-content\/uploads\/2021\/06\/14641-049.jpg\" \/>\n\t<meta property=\"og:image:width\" content=\"1200\" \/>\n\t<meta property=\"og:image:height\" content=\"800\" \/>\n\t<meta property=\"og:image:type\" content=\"image\/jpeg\" \/>\n<meta name=\"twitter:card\" content=\"summary_large_image\" \/>\n<script type=\"application\/ld+json\" class=\"yoast-schema-graph\">{\"@context\":\"https:\\\/\\\/schema.org\",\"@graph\":[{\"@type\":\"WebPage\",\"@id\":\"https:\\\/\\\/www.evcargo.com\\\/industries\\\/\",\"url\":\"https:\\\/\\\/www.evcargo.com\\\/industries\\\/\",\"name\":\"Supply Chain Solutions: By Industry | EV Cargo\",\"isPartOf\":{\"@id\":\"https:\\\/\\\/www.evcargo.com\\\/de\\\/#website\"},\"primaryImageOfPage\":{\"@id\":\"https:\\\/\\\/www.evcargo.com\\\/industries\\\/#primaryimage\"},\"image\":{\"@id\":\"https:\\\/\\\/www.evcargo.com\\\/industries\\\/#primaryimage\"},\"thumbnailUrl\":\"https:\\\/\\\/www.evcargo.com\\\/wp-content\\\/uploads\\\/2021\\\/06\\\/14641-049.jpg\",\"datePublished\":\"2021-06-10T15:07:10+00:00\",\"dateModified\":\"2025-07-30T08:24:43+00:00\",\"description\":\"Whatever your business, EV Cargo has supply chain & logistics solutions for you. We support consumer, industrial & specialist sectors globally.\",\"inLanguage\":\"fr-FR\",\"potentialAction\":[{\"@type\":\"ReadAction\",\"target\":[\"https:\\\/\\\/www.evcargo.com\\\/industries\\\/\"]}]},{\"@type\":\"ImageObject\",\"inLanguage\":\"fr-FR\",\"@id\":\"https:\\\/\\\/www.evcargo.com\\\/industries\\\/#primaryimage\",\"url\":\"https:\\\/\\\/www.evcargo.com\\\/wp-content\\\/uploads\\\/2021\\\/06\\\/14641-049.jpg\",\"contentUrl\":\"https:\\\/\\\/www.evcargo.com\\\/wp-content\\\/uploads\\\/2021\\\/06\\\/14641-049.jpg\",\"width\":1200,\"height\":800,\"caption\":\"EV Cargo. Thatcham site. Newbury. Berkshire. United Kingdom.\"},{\"@type\":\"WebSite\",\"@id\":\"https:\\\/\\\/www.evcargo.com\\\/de\\\/#website\",\"url\":\"https:\\\/\\\/www.evcargo.com\\\/de\\\/\",\"name\":\"EV Cargo\",\"description\":\"\",\"publisher\":{\"@id\":\"https:\\\/\\\/www.evcargo.com\\\/de\\\/#organization\"},\"potentialAction\":[{\"@type\":\"SearchAction\",\"target\":{\"@type\":\"EntryPoint\",\"urlTemplate\":\"https:\\\/\\\/www.evcargo.com\\\/de\\\/?s={search_term_string}\"},\"query-input\":{\"@type\":\"PropertyValueSpecification\",\"valueRequired\":true,\"valueName\":\"search_term_string\"}}],\"inLanguage\":\"fr-FR\"},{\"@type\":\"Organization\",\"@id\":\"https:\\\/\\\/www.evcargo.com\\\/de\\\/#organization\",\"name\":\"EV Cargo\",\"alternateName\":\"EVC\",\"url\":\"https:\\\/\\\/www.evcargo.com\\\/de\\\/\",\"logo\":{\"@type\":\"ImageObject\",\"inLanguage\":\"fr-FR\",\"@id\":\"https:\\\/\\\/www.evcargo.com\\\/de\\\/#\\\/schema\\\/logo\\\/image\\\/\",\"url\":\"https:\\\/\\\/www.evcargo.com\\\/wp-content\\\/uploads\\\/2025\\\/02\\\/ev-cargo-logo.png\",\"contentUrl\":\"https:\\\/\\\/www.evcargo.com\\\/wp-content\\\/uploads\\\/2025\\\/02\\\/ev-cargo-logo.png\",\"width\":364,\"height\":78,\"caption\":\"EV Cargo\"},\"image\":{\"@id\":\"https:\\\/\\\/www.evcargo.com\\\/de\\\/#\\\/schema\\\/logo\\\/image\\\/\"}}]}<\/script>\n<!-- \/ Yoast SEO plugin. -->","yoast_head_json":{"title":"Solutions de cha\u00eene d&#039;approvisionnement\u00a0: par secteur | Transport de v\u00e9hicules \u00e9lectriques","description":"Quelle que soit votre activit\u00e9, EV Cargo vous propose des solutions logistiques et de cha\u00eene d&#039;approvisionnement. Nous accompagnons les secteurs de la consommation, de l&#039;industrie et des sp\u00e9cialit\u00e9s dans le monde entier.","robots":{"index":"index","follow":"follow","max-snippet":"max-snippet:-1","max-image-preview":"max-image-preview:large","max-video-preview":"max-video-preview:-1"},"canonical":"https:\/\/www.evcargo.com\/fr\/industries\/","og_locale":"fr_FR","og_type":"article","og_title":"Supply Chain Solutions: By Industry | EV Cargo","og_description":"Whatever your business, EV Cargo has supply chain & logistics solutions for you. We support consumer, industrial & specialist sectors globally.","og_url":"https:\/\/www.evcargo.com\/fr\/industries\/","og_site_name":"EV Cargo","article_modified_time":"2025-07-30T08:24:43+00:00","og_image":[{"width":1200,"height":800,"url":"https:\/\/www.evcargo.com\/wp-content\/uploads\/2021\/06\/14641-049.jpg","type":"image\/jpeg"}],"twitter_card":"summary_large_image","schema":{"@context":"https:\/\/schema.org","@graph":[{"@type":"WebPage","@id":"https:\/\/www.evcargo.com\/industries\/","url":"https:\/\/www.evcargo.com\/industries\/","name":"Solutions de cha\u00eene d&#039;approvisionnement\u00a0: par secteur | Transport de v\u00e9hicules \u00e9lectriques","isPartOf":{"@id":"https:\/\/www.evcargo.com\/de\/#website"},"primaryImageOfPage":{"@id":"https:\/\/www.evcargo.com\/industries\/#primaryimage"},"image":{"@id":"https:\/\/www.evcargo.com\/industries\/#primaryimage"},"thumbnailUrl":"https:\/\/www.evcargo.com\/wp-content\/uploads\/2021\/06\/14641-049.jpg","datePublished":"2021-06-10T15:07:10+00:00","dateModified":"2025-07-30T08:24:43+00:00","description":"Quelle que soit votre activit\u00e9, EV Cargo vous propose des solutions logistiques et de cha\u00eene d&#039;approvisionnement. Nous accompagnons les secteurs de la consommation, de l&#039;industrie et des sp\u00e9cialit\u00e9s dans le monde entier.","inLanguage":"fr-FR","potentialAction":[{"@type":"ReadAction","target":["https:\/\/www.evcargo.com\/industries\/"]}]},{"@type":"ImageObject","inLanguage":"fr-FR","@id":"https:\/\/www.evcargo.com\/industries\/#primaryimage","url":"https:\/\/www.evcargo.com\/wp-content\/uploads\/2021\/06\/14641-049.jpg","contentUrl":"https:\/\/www.evcargo.com\/wp-content\/uploads\/2021\/06\/14641-049.jpg","width":1200,"height":800,"caption":"EV Cargo. Thatcham site. Newbury. Berkshire. United Kingdom."},{"@type":"WebSite","@id":"https:\/\/www.evcargo.com\/de\/#website","url":"https:\/\/www.evcargo.com\/de\/","name":"VE Cargo","description":"","publisher":{"@id":"https:\/\/www.evcargo.com\/de\/#organization"},"potentialAction":[{"@type":"SearchAction","target":{"@type":"EntryPoint","urlTemplate":"https:\/\/www.evcargo.com\/de\/?s={search_term_string}"},"query-input":{"@type":"PropertyValueSpecification","valueRequired":true,"valueName":"search_term_string"}}],"inLanguage":"fr-FR"},{"@type":"Organization","@id":"https:\/\/www.evcargo.com\/de\/#organization","name":"VE Cargo","alternateName":"EVC","url":"https:\/\/www.evcargo.com\/de\/","logo":{"@type":"ImageObject","inLanguage":"fr-FR","@id":"https:\/\/www.evcargo.com\/de\/#\/schema\/logo\/image\/","url":"https:\/\/www.evcargo.com\/wp-content\/uploads\/2025\/02\/ev-cargo-logo.png","contentUrl":"https:\/\/www.evcargo.com\/wp-content\/uploads\/2025\/02\/ev-cargo-logo.png","width":364,"height":78,"caption":"EV Cargo"},"image":{"@id":"https:\/\/www.evcargo.com\/de\/#\/schema\/logo\/image\/"}}]}},"_links":{"self":[{"href":"https:\/\/www.evcargo.com\/fr\/wp-json\/wp\/v2\/pages\/1442","targetHints":{"allow":["GET"]}}],"collection":[{"href":"https:\/\/www.evcargo.com\/fr\/wp-json\/wp\/v2\/pages"}],"about":[{"href":"https:\/\/www.evcargo.com\/fr\/wp-json\/wp\/v2\/types\/page"}],"author":[{"embeddable":true,"href":"https:\/\/www.evcargo.com\/fr\/wp-json\/wp\/v2\/users\/9"}],"replies":[{"embeddable":true,"href":"https:\/\/www.evcargo.com\/fr\/wp-json\/wp\/v2\/comments?post=1442"}],"version-history":[{"count":2,"href":"https:\/\/www.evcargo.com\/fr\/wp-json\/wp\/v2\/pages\/1442\/revisions"}],"predecessor-version":[{"id":263717,"href":"https:\/\/www.evcargo.com\/fr\/wp-json\/wp\/v2\/pages\/1442\/revisions\/263717"}],"wp:featuredmedia":[{"embeddable":true,"href":"https:\/\/www.evcargo.com\/fr\/wp-json\/wp\/v2\/media\/2923"}],"wp:attachment":[{"href":"https:\/\/www.evcargo.com\/fr\/wp-json\/wp\/v2\/media?parent=1442"}],"curies":[{"name":"wp","href":"https:\/\/api.w.org\/{rel}","templated":true}]}}