{"id":1451,"date":"2021-06-10T16:12:00","date_gmt":"2021-06-10T15:12:00","guid":{"rendered":"https:\/\/evc.extramilecommunications.dev\/?page_id=1451"},"modified":"2023-05-25T10:00:59","modified_gmt":"2023-05-25T09:00:59","slug":"company","status":"publish","type":"page","link":"https:\/\/www.evcargo.com\/fr\/company\/","title":{"rendered":"Soci\u00e9t\u00e9"},"content":{"rendered":"<section  class=\"hero-block bg-light\" data-aos=\"fade\" style=\"background-image: url();\">\n\n\t<div class=\"container-fluid\">\n\n\t\t<div class=\"hero-block__titles\">\n\n\t\t\t<h1>Soci\u00e9t\u00e9<\/h1>\t\t\t\t\t\t\t\t\t\t\t\t<div class=\"wysiwyg\"><p>Pr\u00e9sent dans 150 pays et transportant 1446 milliards de tonnes de marchandises par an, EV Cargo est une entreprise de logistique v\u00e9ritablement mondiale qui conserve les connaissances et l&#039;expertise locales qui garantissent que nous pouvons cr\u00e9er la bonne solution pour vous \u00e0 chaque fois.<\/p>\n<\/div>\t\t\t\t\t<\/div>\n\t\t\n\n\t\t        \n\t\t\t\t\t<div class=\"hero-block__blocks row\">\n\n                        \t\t\t\t\t\t\n\n\t\t            \n\t\t\t\t\t\t\t\t\t\t\t\t\n\t\t\t\t\t    \n\n\t\t\t\t\t\t\t\t\t\t\t\t\t\t\t\t\t\t\n\n\n\n\t\t            \t<div class=\"hero-block__blocks__col col-md-6\">\n\n\t            \t\t\t<div class=\"hero-block__blocks__col__bg\"  style=\"background-image: url(https:\/\/www.evcargo.com\/wp-content\/uploads\/2021\/05\/acs-banner-539x387.jpeg);  \"><\/div>\n\n\t\t\t\t\t\t\t<div class=\"hero-block__blocks__col__wrap\">\n                                <div class=\"content-container\">\n    \t\t\t\t\t\t\t\t<h4>Gestion du fret<\/h4>    \t\t\t\t\t\t\t\t<div class=\"hover\">\n\t\t\t\t\t\t\t\t\t\t\t\t\t\t\t\t\t\t\t\t\t\t\t<p>Nous trouverons le moyen le plus efficace et le plus rentable de g\u00e9rer votre fret, que ce soit par voie a\u00e9rienne, maritime, routi\u00e8re ou ferroviaire.<\/p>\n\t\t\t\t\t\t\t\t\t\t\t    \t\t\t\t\t\t\t\t\t        \t\t\t\t\t\t\t\t\t<a href=\"\/our-services\/freight-management\/\" target=\"_self\" class=\"btn green-btn\">\n        \t\t\t\t\t\t\t\t\t\tGestion du fret        \t\t\t\t\t\t\t\t\t<\/a>\n    \t\t\t\t\t\t\t\t\t    \t\t\t\t\t\t\t\t<\/div>\n    \t\t\t\t\t\t\t<\/div>\n\n\n\t\t\t\t\t\t\t<\/div>\n\n\t\t\t\t\t\t<\/div>\n\n\n\t\t            \n\t\t\t\t\t\t\t\t\t\t\t\t\n\t\t\t\t\t    \n\n\t\t\t\t\t\t\t\t\t\t\t\t\t\t\t\t\t\t\n\n\n\n\t\t            \t<div class=\"hero-block__blocks__col col-md-6\">\n\n\t            \t\t\t<div class=\"hero-block__blocks__col__bg\"  style=\"background-image: url(https:\/\/www.evcargo.com\/wp-content\/uploads\/2021\/05\/transportation-539x387.jpeg);  \"><\/div>\n\n\t\t\t\t\t\t\t<div class=\"hero-block__blocks__col__wrap\">\n                                <div class=\"content-container\">\n    \t\t\t\t\t\t\t\t<h4>Cha\u00eene d&#039;approvisionnement<\/h4>    \t\t\t\t\t\t\t\t<div class=\"hover\">\n\t\t\t\t\t\t\t\t\t\t\t\t\t\t\t\t\t\t\t\t\t\t\t<p>Notre technologie de pointe et nos analyses de donn\u00e9es nous permettront de simplifier votre cha\u00eene d&#039;approvisionnement et de vous offrir une visibilit\u00e9 totale \u00e0 tout moment.<\/p>\n\t\t\t\t\t\t\t\t\t\t\t    \t\t\t\t\t\t\t\t\t        \t\t\t\t\t\t\t\t\t<a href=\"https:\/\/www.evcargo.com\/en\/our-services\/supply-chain\/\" target=\"_self\" class=\"btn green-btn\">\n        \t\t\t\t\t\t\t\t\t\tCha\u00eene d&#039;approvisionnement        \t\t\t\t\t\t\t\t\t<\/a>\n    \t\t\t\t\t\t\t\t\t    \t\t\t\t\t\t\t\t<\/div>\n    \t\t\t\t\t\t\t<\/div>\n\n\n\t\t\t\t\t\t\t<\/div>\n\n\t\t\t\t\t\t<\/div>\n\n\n\t\t            \n\t\t\t\t\t\t\t\t\t\t\t\t\n\t\t\t\t\t    \n\n\t\t\t\t\t\t\t\t\t\t\t\t\t\t\t\t\t\t\n\n\n\n\t\t            \t<div class=\"hero-block__blocks__col col-md-4\">\n\n\t            \t\t\t<div class=\"hero-block__blocks__col__bg\"  style=\"background-image: url(https:\/\/www.evcargo.com\/wp-content\/uploads\/2021\/05\/News-Story-Image-1-348x387.jpeg);  \"><\/div>\n\n\t\t\t\t\t\t\t<div class=\"hero-block__blocks__col__wrap\">\n                                <div class=\"content-container\">\n    \t\t\t\t\t\t\t\t<h4>Logistique<\/h4>    \t\t\t\t\t\t\t\t<div class=\"hover\">\n\t\t\t\t\t\t\t\t\t\t\t\t\t\t\t\t\t\t\t\t\t\t\t<p>En plus de nos services routiers, nous transportons 450 000 conteneurs maritimes par an et transportons 6 millions de kilogrammes de fret a\u00e9rien chaque mois.<\/p>\n\t\t\t\t\t\t\t\t\t\t\t    \t\t\t\t\t\t\t\t\t        \t\t\t\t\t\t\t\t\t<a href=\"https:\/\/www.evcargo.com\/en\/our-services\/logistics\/\" target=\"_self\" class=\"btn green-btn\">\n        \t\t\t\t\t\t\t\t\t\tLogistique        \t\t\t\t\t\t\t\t\t<\/a>\n    \t\t\t\t\t\t\t\t\t    \t\t\t\t\t\t\t\t<\/div>\n    \t\t\t\t\t\t\t<\/div>\n\n\n\t\t\t\t\t\t\t<\/div>\n\n\t\t\t\t\t\t<\/div>\n\n\n\t\t            \n\t\t\t\t\t\t\t\t\t\t\t\t\n\t\t\t\t\t    \n\n\t\t\t\t\t\t\t\t\t\t\t\t\t\t\t\t\t\t\n\n\n\n\t\t            \t<div class=\"hero-block__blocks__col col-md-4\">\n\n\t            \t\t\t<div class=\"hero-block__blocks__col__bg\"  style=\"background-image: url(https:\/\/www.evcargo.com\/wp-content\/uploads\/2021\/05\/evc_shipping_container-348x387.jpeg);  \"><\/div>\n\n\t\t\t\t\t\t\t<div class=\"hero-block__blocks__col__wrap\">\n                                <div class=\"content-container\">\n    \t\t\t\t\t\t\t\t<h4>Industrie<\/h4>    \t\t\t\t\t\t\t\t<div class=\"hover\">\n\t\t\t\t\t\t\t\t\t\t\t\t\t\t\t\t\t\t\t\t\t\t\t<p>Quel que soit le secteur dans lequel vous exercez vos activit\u00e9s, EV Cargo a la solution de cha\u00eene d&#039;approvisionnement pour r\u00e9pondre \u00e0 vos besoins.<\/p>\n\t\t\t\t\t\t\t\t\t\t\t    \t\t\t\t\t\t\t\t\t        \t\t\t\t\t\t\t\t\t<a href=\"https:\/\/www.evcargo.com\/en\/industry\/\" target=\"_self\" class=\"btn green-btn\">\n        \t\t\t\t\t\t\t\t\t\tEn savoir plus        \t\t\t\t\t\t\t\t\t<\/a>\n    \t\t\t\t\t\t\t\t\t    \t\t\t\t\t\t\t\t<\/div>\n    \t\t\t\t\t\t\t<\/div>\n\n\n\t\t\t\t\t\t\t<\/div>\n\n\t\t\t\t\t\t<\/div>\n\n\n\t\t            \n\t\t\t\t\t\t\t\t\t\t\t\t\n\t\t\t\t\t    \n\n\t\t\t\t\t\t\t\t\t\t\t\t\t\t\t\t\t\t\n\n\n\n\t\t            \t<div class=\"hero-block__blocks__col col-md-4\">\n\n\t            \t\t\t<div class=\"hero-block__blocks__col__bg\"  style=\"background-image: url(https:\/\/www.evcargo.com\/wp-content\/uploads\/2021\/09\/Palletforce-Website-In-Page-Images-12-348x387.png);  \"><\/div>\n\n\t\t\t\t\t\t\t<div class=\"hero-block__blocks__col__wrap\">\n                                <div class=\"content-container\">\n    \t\t\t\t\t\t\t\t<h4>Apprendre encore plus<\/h4>    \t\t\t\t\t\t\t\t<div class=\"hover\">\n\t\t\t\t\t\t\t\t\t\t\t\t\t\t\t\t\t\t\t\t\t\t\t<p>D\u00e9couvrez comment EV Cargo g\u00e8re des millions de mouvements de fret \u00e0 travers le monde chaque ann\u00e9e.<\/p>\n\t\t\t\t\t\t\t\t\t\t\t    \t\t\t\t\t\t\t\t\t        \t\t\t\t\t\t\t\t\t<a href=\"https:\/\/www.evcargo.com\/en\/insights\/newsroom\/newsroom\/\" target=\"_self\" class=\"btn green-btn\">\n        \t\t\t\t\t\t\t\t\t\tEn savoir plus        \t\t\t\t\t\t\t\t\t<\/a>\n    \t\t\t\t\t\t\t\t\t    \t\t\t\t\t\t\t\t<\/div>\n    \t\t\t\t\t\t\t<\/div>\n\n\n\t\t\t\t\t\t\t<\/div>\n\n\t\t\t\t\t\t<\/div>\n\n\n\t\t            \n\t\t        \t<\/div>\n\n\t\t        \n\t<\/div>\n\n<\/section>\n\n\n\n<section  class=\"image-carousel background__grey background__style__solid\">\n\n\t<div class=\"container-fluid\">\n\n\t\t<div class=\"row\">\n\n\t\t\t\t\t\t\t<div class=\"col-md-12 image-carousel__title\" data-aos=\"fade\">\n\t\t\t\t\t<h2>EV Cargo a <em>en partenariat<\/em> avec des marques \u00e0 travers le monde<\/h2>\n\t\t\t\t<\/div>\n\t\t\t\t\t\t\n\t\t\t\t\t\t\t<div class=\"col-md-12 image-carousel__content\" data-aos=\"fade\">\n\t\t\t\t\t<p>Nous favorisons la r\u00e9ussite de nos clients gr\u00e2ce \u00e0 nos solutions de cha\u00eene d&#039;approvisionnement, \u00e0 l&#039;ex\u00e9cution agile et \u00e0 la transformation num\u00e9rique.<\/p>\n\t\t\t\t<\/div>\n\t\t\t\n\n\t\t\t\n\t\t\t\t<div class=\"col-md-12 image-carousel__slider\" data-aos=\"fade\">\n\n\t\t\t\t\t\t\t\t\t\n\t\t\t\t\t<div class=\"image-carousel__slider_slide\">\n\n\t\t\t\t\t\t\t\t\t\t\t\t\n\t\t\t\t\t\t\t\t\t\t\t\t\t<img decoding=\"async\" width=\"150\" height=\"90\" src=\"https:\/\/www.evcargo.com\/wp-content\/uploads\/2021\/05\/Asda.png\" alt=\"\" loading=\"lazy\">\n\t\t\t\t\t\t\n\t\t\t\t\t\n\t\t\t\t\t<\/div>\n\n\t\t\t\t\t\t\t\t\t\n\t\t\t\t\t<div class=\"image-carousel__slider_slide\">\n\n\t\t\t\t\t\t\t\t\t\t\t\t\n\t\t\t\t\t\t\t\t\t\t\t\t\t<img decoding=\"async\" width=\"150\" height=\"90\" src=\"https:\/\/www.evcargo.com\/wp-content\/uploads\/2021\/05\/Asos.png\" alt=\"\" loading=\"lazy\">\n\t\t\t\t\t\t\n\t\t\t\t\t\n\t\t\t\t\t<\/div>\n\n\t\t\t\t\t\t\t\t\t\n\t\t\t\t\t<div class=\"image-carousel__slider_slide\">\n\n\t\t\t\t\t\t\t\t\t\t\t\t\n\t\t\t\t\t\t\t\t\t\t\t\t\t<img decoding=\"async\" width=\"150\" height=\"90\" src=\"https:\/\/www.evcargo.com\/wp-content\/uploads\/2021\/05\/Bunnings.png\" alt=\"\" loading=\"lazy\">\n\t\t\t\t\t\t\n\t\t\t\t\t\n\t\t\t\t\t<\/div>\n\n\t\t\t\t\t\t\t\t\t\n\t\t\t\t\t<div class=\"image-carousel__slider_slide\">\n\n\t\t\t\t\t\t\t\t\t\t\t\t\n\t\t\t\t\t\t\t\t\t\t\t\t\t<img decoding=\"async\" width=\"150\" height=\"90\" src=\"https:\/\/www.evcargo.com\/wp-content\/uploads\/2021\/05\/Dyson.png\" alt=\"\" loading=\"lazy\">\n\t\t\t\t\t\t\n\t\t\t\t\t\n\t\t\t\t\t<\/div>\n\n\t\t\t\t\n\t\t\t\t<\/div>\n\n\t\t\t\n\t\t\t\n\t\t\t\t\t\t<div class=\"col-md-12 image-carousel__content\" data-aos=\"fade\">\n\t\t\t\t<a href=\"https:\/\/www.evcargo.com\/en\/insights\/case-studies\/\" target=\"_self\" class=\"btn green-btn\">\t\n\t\t\t\t\t\u00c9tudes de cas\t\t\t\t<\/a>\n\t\t\t<\/div>\n\t\t\t\t\t\n\t\t<\/div>\n\n\t<\/div>\n\n<\/section>\n\n<section  class=\"centered-text-icons\">\n\n\t<div class=\"container-fluid\">\n\t\t\t\t<div class=\"centered-text-icons__titles\">\n\t\t<h2 data-aos=\"fade\">Mettre la technologie au c\u0153ur de tout ce que nous faisons<\/h2>\t\t<div data-aos=\"fade\" class=\"wysiwyg\"><p>La mission d&#039;EV Cargo est de transformer la logistique en une industrie technologique, o\u00f9 les solutions de cha\u00eene d&#039;approvisionnement maximisent l&#039;efficacit\u00e9 et minimisent l&#039;impact environnemental.<\/p>\n<\/div>\n\t\t<\/div>\n\n\t\t\t\n\t\t\t\t\t<div class=\"centered-text-icons__theicons row\" >\n\n\t\t            \n\t\t\t\t\t\t\t\t\t            \t<div data-aos=\"fade\" class=\"centered-text-icons__theicons__col col-md-4\">\n\t\t\t\t\t\t\n\t\t\t\t\t\t\t\n\t\t\t\t\t\t\t\n\t\t\t\t\t\t\t\t\t\t\t\t\t\t\t\t\t\t\t\t\t\t\t\t\t\t\t\t\t\t\t\t\t\t\t\t\t\t\t\t<img decoding=\"async\" src=\"https:\/\/www.evcargo.com\/wp-content\/uploads\/2021\/05\/evcargo_icon@2x.svg\" alt=\"evcargo_icon@2x\" loading=\"lazy\" \/>\n\t\t\t\t\t\t\t\n\t\t\t\t\t\t\t\n\t\t\t\t\t\t\t<h4>Logiciel de cha\u00eene d&#039;approvisionnement<\/h4>\t\t\t\t\t\t\t<p>Am\u00e9liorer la visibilit\u00e9, r\u00e9duire les frictions, encourager la collaboration et promouvoir la conformit\u00e9.<\/p>\n\t\t\t\t\t\t\t\n\n\t\t\t\t\t\t\t\t\t\t\t\t\t<\/div>\n\t\t\t\t\t\t\n\t\t            \n\t\t\t\t\t\t\t\t\t            \t<div data-aos=\"fade\" class=\"centered-text-icons__theicons__col col-md-4\">\n\t\t\t\t\t\t\n\t\t\t\t\t\t\t\n\t\t\t\t\t\t\t\n\t\t\t\t\t\t\t\t\t\t\t\t\t\t\t\t\t\t\t\t\t\t\t\t\t\t\t\t\t\t\t\t\t\t\t\t\t\t\t\t<img decoding=\"async\" src=\"https:\/\/www.evcargo.com\/wp-content\/uploads\/2021\/05\/evcargo_icon@2x.svg\" alt=\"evcargo_icon@2x\" loading=\"lazy\" \/>\n\t\t\t\t\t\t\t\n\t\t\t\t\t\t\t\n\t\t\t\t\t\t\t<h4>Conformit\u00e9<\/h4>\t\t\t\t\t\t\t<p>Nos solutions offrent aux d\u00e9taillants les outils et la visibilit\u00e9 n\u00e9cessaires pour prot\u00e9ger leur marque, leurs employ\u00e9s et notre plan\u00e8te.<\/p>\n\t\t\t\t\t\t\t\n\n\t\t\t\t\t\t\t\t\t\t\t\t\t<\/div>\n\t\t\t\t\t\t\n\t\t            \n\t\t\t\t\t\t\t\t\t            \t<div data-aos=\"fade\" class=\"centered-text-icons__theicons__col col-md-4\">\n\t\t\t\t\t\t\n\t\t\t\t\t\t\t\n\t\t\t\t\t\t\t\n\t\t\t\t\t\t\t\t\t\t\t\t\t\t\t\t\t\t\t\t\t\t\t\t\t\t\t\t\t\t\t\t\t\t\t\t\t\t\t\t<img decoding=\"async\" src=\"https:\/\/www.evcargo.com\/wp-content\/uploads\/2021\/05\/evcargo_icon@2x.svg\" alt=\"evcargo_icon@2x\" loading=\"lazy\" \/>\n\t\t\t\t\t\t\t\n\t\t\t\t\t\t\t\n\t\t\t\t\t\t\t<h4>Analytique<\/h4>\t\t\t\t\t\t\t<p>Nous collectons et exploitons le v\u00e9ritable potentiel des donn\u00e9es pour vous offrir une visibilit\u00e9 in\u00e9gal\u00e9e sur votre cha\u00eene d&#039;approvisionnement.<\/p>\n\t\t\t\t\t\t\t\n\n\t\t\t\t\t\t\t\t\t\t\t\t\t<\/div>\n\t\t\t\t\t\t\n\t\t            \n\t\t\t\t\t\t\t\t\t            \t<div data-aos=\"fade\" class=\"centered-text-icons__theicons__col col-md-4\">\n\t\t\t\t\t\t\n\t\t\t\t\t\t\t\n\t\t\t\t\t\t\t\n\t\t\t\t\t\t\t\t\t\t\t\t\t\t\t\t\t\t\t\t\t\t\t\t\t\t\t\t\t\t\t\t\t\t\t\t\t\t\t\t<img decoding=\"async\" src=\"https:\/\/www.evcargo.com\/wp-content\/uploads\/2021\/05\/evcargo_icon@2x.svg\" alt=\"evcargo_icon@2x\" loading=\"lazy\" \/>\n\t\t\t\t\t\t\t\n\t\t\t\t\t\t\t\n\t\t\t\t\t\t\t<h4>Prot\u00e9ger la plan\u00e8te<\/h4>\t\t\t\t\t\t\t<p>Notre technologie nous permet de toujours trouver la solution la plus durable pour vous et la plan\u00e8te.<\/p>\n\t\t\t\t\t\t\t\n\n\t\t\t\t\t\t\t\t\t\t\t\t\t<\/div>\n\t\t\t\t\t\t\n\t\t            \n\t\t\t\t\t\t\t\t\t            \t<div data-aos=\"fade\" class=\"centered-text-icons__theicons__col col-md-4\">\n\t\t\t\t\t\t\n\t\t\t\t\t\t\t\n\t\t\t\t\t\t\t\n\t\t\t\t\t\t\t\t\t\t\t\t\t\t\t\t\t\t\t\t\t\t\t\t\t\t\t\t\t\t\t\t\t\t\t\t\t\t\t\t<img decoding=\"async\" src=\"https:\/\/www.evcargo.com\/wp-content\/uploads\/2021\/05\/evcargo_icon@2x.svg\" alt=\"evcargo_icon@2x\" loading=\"lazy\" \/>\n\t\t\t\t\t\t\t\n\t\t\t\t\t\t\t\n\t\t\t\t\t\t\t<h4>Comp\u00e9tence<\/h4>\t\t\t\t\t\t\t<p>Nous avons plus de 25 ans d\u2019exp\u00e9rience dans la fourniture de renseignements sur la cha\u00eene d\u2019approvisionnement.<\/p>\n\t\t\t\t\t\t\t\n\n\t\t\t\t\t\t\t\t\t\t\t\t\t<\/div>\n\t\t\t\t\t\t\n\t\t            \n\t\t\t\t\t\t\t\t\t            \t<div data-aos=\"fade\" class=\"centered-text-icons__theicons__col col-md-4\">\n\t\t\t\t\t\t\n\t\t\t\t\t\t\t\n\t\t\t\t\t\t\t\n\t\t\t\t\t\t\t\t\t\t\t\t\t\t\t\t\t\t\t\t\t\t\t\t\t\t\t\t\t\t\t\t\t\t\t\t\t\t\t\t<img decoding=\"async\" src=\"https:\/\/www.evcargo.com\/wp-content\/uploads\/2021\/05\/evcargo_icon@2x.svg\" alt=\"evcargo_icon@2x\" loading=\"lazy\" \/>\n\t\t\t\t\t\t\t\n\t\t\t\t\t\t\t\n\t\t\t\t\t\t\t<h4>Innovation<\/h4>\t\t\t\t\t\t\t<p>Nous sommes \u00e0 l&#039;avant-garde des solutions de cha\u00eene d&#039;approvisionnement nouvelles, num\u00e9riques et durables.<\/p>\n\t\t\t\t\t\t\t\n\n\t\t\t\t\t\t\t\t\t\t\t\t\t<\/div>\n\t\t\t\t\t\t\n\t\t            \n\t\t        \t<\/div>\n\n\t\t        \n\n\t\t\t\t\n\t\t\t\t\t\t\t<div class=\"centered-text-icons__btn\" data-aos=\"fade\">\n\t\t\t\t\t\n\n\t\t\t\t\t<a href=\"https:\/\/www.evcargo.com\/en\/our-services\/technology-and-innovation\/\" target=\"_self\" class=\"btn green-btn\">\n\t\t\t\t\t\tApprendre encore plus\t\t\t\t\t<\/a>\n\n\t\t\t\t<\/div>\n\t\t\t\n\n\n\t<\/div>\n\n<\/section>\n\n\n\n<section  class=\"wide-image-text background__white\" height: ;\">\n\t\n\t<\/section>","protected":false},"excerpt":{"rendered":"<p>Tout ce que vous devez savoir sur EV Cargo.<\/p>","protected":false},"author":9,"featured_media":98257,"parent":0,"menu_order":0,"comment_status":"closed","ping_status":"closed","template":"","meta":{"_acf_changed":false,"footnotes":""},"class_list":["post-1451","page","type-page","status-publish","has-post-thumbnail","hentry"],"acf":[],"yoast_head":"<!-- This site is optimized with the Yoast SEO plugin v27.3 - https:\/\/yoast.com\/product\/yoast-seo-wordpress\/ -->\n<title>Company - EV Cargo<\/title>\n<meta name=\"robots\" content=\"index, follow, max-snippet:-1, max-image-preview:large, max-video-preview:-1\" \/>\n<link rel=\"canonical\" href=\"https:\/\/www.evcargo.com\/fr\/company\/\" \/>\n<meta property=\"og:locale\" content=\"fr_FR\" \/>\n<meta property=\"og:type\" content=\"article\" \/>\n<meta property=\"og:title\" content=\"Company - EV Cargo\" \/>\n<meta property=\"og:description\" content=\"All you need to know about EV Cargo.\" \/>\n<meta property=\"og:url\" content=\"https:\/\/www.evcargo.com\/fr\/company\/\" \/>\n<meta property=\"og:site_name\" content=\"EV Cargo\" \/>\n<meta property=\"article:modified_time\" content=\"2023-05-25T09:00:59+00:00\" \/>\n<meta property=\"og:image\" content=\"https:\/\/www.evcargo.com\/wp-content\/uploads\/2021\/07\/14639-089-1-1.jpg\" \/>\n\t<meta property=\"og:image:width\" content=\"2400\" \/>\n\t<meta property=\"og:image:height\" content=\"1600\" \/>\n\t<meta property=\"og:image:type\" content=\"image\/jpeg\" \/>\n<meta name=\"twitter:card\" content=\"summary_large_image\" \/>\n<script type=\"application\/ld+json\" class=\"yoast-schema-graph\">{\"@context\":\"https:\\\/\\\/schema.org\",\"@graph\":[{\"@type\":\"WebPage\",\"@id\":\"https:\\\/\\\/www.evcargo.com\\\/th\\\/company\\\/\",\"url\":\"https:\\\/\\\/www.evcargo.com\\\/th\\\/company\\\/\",\"name\":\"Company - EV Cargo\",\"isPartOf\":{\"@id\":\"https:\\\/\\\/www.evcargo.com\\\/de\\\/#website\"},\"primaryImageOfPage\":{\"@id\":\"https:\\\/\\\/www.evcargo.com\\\/th\\\/company\\\/#primaryimage\"},\"image\":{\"@id\":\"https:\\\/\\\/www.evcargo.com\\\/th\\\/company\\\/#primaryimage\"},\"thumbnailUrl\":\"https:\\\/\\\/www.evcargo.com\\\/wp-content\\\/uploads\\\/2021\\\/07\\\/14639-089-1-1.jpg\",\"datePublished\":\"2021-06-10T15:12:00+00:00\",\"dateModified\":\"2023-05-25T09:00:59+00:00\",\"inLanguage\":\"fr-FR\",\"potentialAction\":[{\"@type\":\"ReadAction\",\"target\":[\"https:\\\/\\\/www.evcargo.com\\\/th\\\/company\\\/\"]}]},{\"@type\":\"ImageObject\",\"inLanguage\":\"fr-FR\",\"@id\":\"https:\\\/\\\/www.evcargo.com\\\/th\\\/company\\\/#primaryimage\",\"url\":\"https:\\\/\\\/www.evcargo.com\\\/wp-content\\\/uploads\\\/2021\\\/07\\\/14639-089-1-1.jpg\",\"contentUrl\":\"https:\\\/\\\/www.evcargo.com\\\/wp-content\\\/uploads\\\/2021\\\/07\\\/14639-089-1-1.jpg\",\"width\":2400,\"height\":1600},{\"@type\":\"WebSite\",\"@id\":\"https:\\\/\\\/www.evcargo.com\\\/de\\\/#website\",\"url\":\"https:\\\/\\\/www.evcargo.com\\\/de\\\/\",\"name\":\"EV Cargo\",\"description\":\"\",\"publisher\":{\"@id\":\"https:\\\/\\\/www.evcargo.com\\\/de\\\/#organization\"},\"potentialAction\":[{\"@type\":\"SearchAction\",\"target\":{\"@type\":\"EntryPoint\",\"urlTemplate\":\"https:\\\/\\\/www.evcargo.com\\\/de\\\/?s={search_term_string}\"},\"query-input\":{\"@type\":\"PropertyValueSpecification\",\"valueRequired\":true,\"valueName\":\"search_term_string\"}}],\"inLanguage\":\"fr-FR\"},{\"@type\":\"Organization\",\"@id\":\"https:\\\/\\\/www.evcargo.com\\\/de\\\/#organization\",\"name\":\"EV Cargo\",\"alternateName\":\"EVC\",\"url\":\"https:\\\/\\\/www.evcargo.com\\\/de\\\/\",\"logo\":{\"@type\":\"ImageObject\",\"inLanguage\":\"fr-FR\",\"@id\":\"https:\\\/\\\/www.evcargo.com\\\/de\\\/#\\\/schema\\\/logo\\\/image\\\/\",\"url\":\"https:\\\/\\\/www.evcargo.com\\\/wp-content\\\/uploads\\\/2025\\\/02\\\/ev-cargo-logo.png\",\"contentUrl\":\"https:\\\/\\\/www.evcargo.com\\\/wp-content\\\/uploads\\\/2025\\\/02\\\/ev-cargo-logo.png\",\"width\":364,\"height\":78,\"caption\":\"EV Cargo\"},\"image\":{\"@id\":\"https:\\\/\\\/www.evcargo.com\\\/de\\\/#\\\/schema\\\/logo\\\/image\\\/\"}}]}<\/script>\n<!-- \/ Yoast SEO plugin. -->","yoast_head_json":{"title":"Entreprise - EV Cargo","robots":{"index":"index","follow":"follow","max-snippet":"max-snippet:-1","max-image-preview":"max-image-preview:large","max-video-preview":"max-video-preview:-1"},"canonical":"https:\/\/www.evcargo.com\/fr\/company\/","og_locale":"fr_FR","og_type":"article","og_title":"Company - EV Cargo","og_description":"All you need to know about EV Cargo.","og_url":"https:\/\/www.evcargo.com\/fr\/company\/","og_site_name":"EV Cargo","article_modified_time":"2023-05-25T09:00:59+00:00","og_image":[{"width":2400,"height":1600,"url":"https:\/\/www.evcargo.com\/wp-content\/uploads\/2021\/07\/14639-089-1-1.jpg","type":"image\/jpeg"}],"twitter_card":"summary_large_image","schema":{"@context":"https:\/\/schema.org","@graph":[{"@type":"WebPage","@id":"https:\/\/www.evcargo.com\/th\/company\/","url":"https:\/\/www.evcargo.com\/th\/company\/","name":"Entreprise - EV Cargo","isPartOf":{"@id":"https:\/\/www.evcargo.com\/de\/#website"},"primaryImageOfPage":{"@id":"https:\/\/www.evcargo.com\/th\/company\/#primaryimage"},"image":{"@id":"https:\/\/www.evcargo.com\/th\/company\/#primaryimage"},"thumbnailUrl":"https:\/\/www.evcargo.com\/wp-content\/uploads\/2021\/07\/14639-089-1-1.jpg","datePublished":"2021-06-10T15:12:00+00:00","dateModified":"2023-05-25T09:00:59+00:00","inLanguage":"fr-FR","potentialAction":[{"@type":"ReadAction","target":["https:\/\/www.evcargo.com\/th\/company\/"]}]},{"@type":"ImageObject","inLanguage":"fr-FR","@id":"https:\/\/www.evcargo.com\/th\/company\/#primaryimage","url":"https:\/\/www.evcargo.com\/wp-content\/uploads\/2021\/07\/14639-089-1-1.jpg","contentUrl":"https:\/\/www.evcargo.com\/wp-content\/uploads\/2021\/07\/14639-089-1-1.jpg","width":2400,"height":1600},{"@type":"WebSite","@id":"https:\/\/www.evcargo.com\/de\/#website","url":"https:\/\/www.evcargo.com\/de\/","name":"VE Cargo","description":"","publisher":{"@id":"https:\/\/www.evcargo.com\/de\/#organization"},"potentialAction":[{"@type":"SearchAction","target":{"@type":"EntryPoint","urlTemplate":"https:\/\/www.evcargo.com\/de\/?s={search_term_string}"},"query-input":{"@type":"PropertyValueSpecification","valueRequired":true,"valueName":"search_term_string"}}],"inLanguage":"fr-FR"},{"@type":"Organization","@id":"https:\/\/www.evcargo.com\/de\/#organization","name":"VE Cargo","alternateName":"EVC","url":"https:\/\/www.evcargo.com\/de\/","logo":{"@type":"ImageObject","inLanguage":"fr-FR","@id":"https:\/\/www.evcargo.com\/de\/#\/schema\/logo\/image\/","url":"https:\/\/www.evcargo.com\/wp-content\/uploads\/2025\/02\/ev-cargo-logo.png","contentUrl":"https:\/\/www.evcargo.com\/wp-content\/uploads\/2025\/02\/ev-cargo-logo.png","width":364,"height":78,"caption":"EV Cargo"},"image":{"@id":"https:\/\/www.evcargo.com\/de\/#\/schema\/logo\/image\/"}}]}},"_links":{"self":[{"href":"https:\/\/www.evcargo.com\/fr\/wp-json\/wp\/v2\/pages\/1451","targetHints":{"allow":["GET"]}}],"collection":[{"href":"https:\/\/www.evcargo.com\/fr\/wp-json\/wp\/v2\/pages"}],"about":[{"href":"https:\/\/www.evcargo.com\/fr\/wp-json\/wp\/v2\/types\/page"}],"author":[{"embeddable":true,"href":"https:\/\/www.evcargo.com\/fr\/wp-json\/wp\/v2\/users\/9"}],"replies":[{"embeddable":true,"href":"https:\/\/www.evcargo.com\/fr\/wp-json\/wp\/v2\/comments?post=1451"}],"version-history":[{"count":0,"href":"https:\/\/www.evcargo.com\/fr\/wp-json\/wp\/v2\/pages\/1451\/revisions"}],"wp:featuredmedia":[{"embeddable":true,"href":"https:\/\/www.evcargo.com\/fr\/wp-json\/wp\/v2\/media\/98257"}],"wp:attachment":[{"href":"https:\/\/www.evcargo.com\/fr\/wp-json\/wp\/v2\/media?parent=1451"}],"curies":[{"name":"wp","href":"https:\/\/api.w.org\/{rel}","templated":true}]}}