{"id":2133,"date":"2021-06-16T14:24:59","date_gmt":"2021-06-16T13:24:59","guid":{"rendered":"https:\/\/evc.extramilecommunications.dev\/?page_id=2133"},"modified":"2026-01-05T10:22:58","modified_gmt":"2026-01-05T10:22:58","slug":"tax-strategy","status":"publish","type":"page","link":"https:\/\/www.evcargo.com\/fr\/policies-and-statements\/tax-strategy\/","title":{"rendered":"Strat\u00e9gie fiscale"},"content":{"rendered":"<section  class=\"small-banner white-text\" style=\"background-image: url(https:\/\/www.evcargo.com\/wp-content\/uploads\/2021\/07\/500-x-700px-Image-Only-1200x318.jpg); \">\n\n\t<div class=\"container-fluid\">\n\n\t\t<h1>Strat\u00e9gie fiscale<\/h1>\n\t<\/div>\n\n<\/section>\n\n<div class=\"breadcrumbs\" typeof=\"BreadcrumbList\" vocab=\"https:\/\/schema.org\/\">\n\t<div class=\"container-fluid\">\n\n\t\t<span property=\"itemListElement\" typeof=\"ListItem\"><a property=\"item\" typeof=\"WebPage\" title=\"Aller \u00e0 EV Cargo.\" href=\"https:\/\/www.evcargo.com\/fr\" class=\"home\" aria-current=\"page\"><span property=\"name\">VE Cargo<\/span><\/a><meta property=\"position\" content=\"1\"><\/span>\t<\/div>\n<\/div>\n\n\n<section  class=\"wysiwyg\">\n\n\t<div class=\"container-fluid\">\n\n\t<p><strong>Cette strat\u00e9gie est pr\u00e9par\u00e9e conform\u00e9ment aux exigences du paragraphe 19(2) de la partie 2 de l&#039;annexe 19 de la loi de finances de 2016 en ce qui concerne la p\u00e9riode close le 31 d\u00e9cembre 2025 et s&#039;applique \u00e0 toutes les soci\u00e9t\u00e9s r\u00e9sidentes du Royaume-Uni au sein du groupe EV Cargo, y compris EV Cargo Group Limited, EVCH Property Limited, Azaleos Holdings Limited et toutes les filiales concern\u00e9es.<\/strong><\/p>\n<p>Notre politique fiscale comprend cinq \u00e9l\u00e9ments cl\u00e9s :<\/p>\n<h3>Engagement de conformit\u00e9<\/h3>\n<p>Nous nous engageons \u00e0 respecter la l\u00e9gislation et les pratiques fiscales en vigueur au Royaume-Uni. Pour nous, la conformit\u00e9 signifie payer le montant d&#039;imp\u00f4t appropri\u00e9 au bon endroit et au bon moment. Cela implique de divulguer tous les faits et circonstances pertinents aux autorit\u00e9s fiscales et de demander des all\u00e9gements et des incitations, le cas \u00e9ch\u00e9ant.<\/p>\n<h3>Une attitude responsable dans l\u2019organisation de nos affaires fiscales<\/h3>\n<p>Lors de la structuration de nos activit\u00e9s commerciales, nous tiendrons compte, entre autres facteurs, des lois fiscales des pays dans lesquels nous op\u00e9rons, en vue de maximiser la valeur de mani\u00e8re durable pour nos actionnaires ou nos employ\u00e9s. Toute structuration entreprise aura une substance commerciale et \u00e9conomique et tiendra pleinement compte de l&#039;impact potentiel sur notre r\u00e9putation et nos objectifs plus larges. Nous ne mettrons en place aucun arrangement artificiel ou artificiel.<\/p>\n<h3>Gestion efficace des risques<\/h3>\n<p>Compte tenu de l&#039;envergure de nos activit\u00e9s et du volume de nos obligations fiscales, des risques li\u00e9s \u00e0 l&#039;interpr\u00e9tation de la complexit\u00e9 du droit fiscal et \u00e0 la nature de nos dispositifs de conformit\u00e9 sont in\u00e9vitables. Nous nous effor\u00e7ons d&#039;identifier, d&#039;\u00e9valuer, de surveiller et de g\u00e9rer ces risques afin de garantir leur ad\u00e9quation avec nos objectifs. En cas d&#039;incertitude ou de complexit\u00e9 importante, nous sollicitons un avis externe. Nous collaborons activement avec des conseillers externes afin de nous conformer \u00e0 la l\u00e9gislation fiscale applicable. Notre app\u00e9tit global pour le risque fiscal est faible.<\/p>\n<h3>Une approche constructive pour interagir avec le HMRC<\/h3>\n<p>Nous travaillons avec le HMRC avec honn\u00eatet\u00e9, int\u00e9grit\u00e9, respect et \u00e9quit\u00e9, dans un esprit de coop\u00e9ration et de conformit\u00e9. Dans la mesure du possible, nous le faisons en temps r\u00e9el, afin de minimiser les risques fiscaux.<\/p>\n<h3>Propri\u00e9t\u00e9 et surveillance du conseil d&#039;administration<\/h3>\n<p>Cette politique fiscale est conforme \u00e0 notre code d&#039;\u00e9thique et a \u00e9t\u00e9 approuv\u00e9e par la direction g\u00e9n\u00e9rale et le conseil d&#039;administration.<\/p>\n\n\t<\/div>\n\n<\/section>","protected":false},"excerpt":{"rendered":"<p>Nous nous engageons \u00e0 respecter la l\u00e9gislation et les pratiques fiscales en vigueur au Royaume-Uni. Pour nous, la conformit\u00e9 signifie payer le montant exact de l&#039;imp\u00f4t au bon endroit et au bon moment.<\/p>","protected":false},"author":9,"featured_media":2098,"parent":3722,"menu_order":0,"comment_status":"closed","ping_status":"closed","template":"","meta":{"_acf_changed":false,"footnotes":""},"class_list":["post-2133","page","type-page","status-publish","has-post-thumbnail","hentry"],"acf":[],"yoast_head":"<!-- This site is optimized with the Yoast SEO plugin v27.3 - https:\/\/yoast.com\/product\/yoast-seo-wordpress\/ -->\n<title>Tax Strategy | EV Cargo<\/title>\n<meta name=\"description\" content=\"This strategy is prepared in accordance with the requirements of Paragraph 19(2) Part 2 Schedule 19 Finance Act 2016 in relation to the period ended.\" \/>\n<meta name=\"robots\" content=\"index, follow, max-snippet:-1, max-image-preview:large, max-video-preview:-1\" \/>\n<link rel=\"canonical\" href=\"https:\/\/www.evcargo.com\/fr\/policies-and-statements\/tax-strategy\/\" \/>\n<meta property=\"og:locale\" content=\"fr_FR\" \/>\n<meta property=\"og:type\" content=\"article\" \/>\n<meta property=\"og:title\" content=\"Tax Strategy | EV Cargo\" \/>\n<meta property=\"og:description\" content=\"This strategy is prepared in accordance with the requirements of Paragraph 19(2) Part 2 Schedule 19 Finance Act 2016 in relation to the period ended.\" \/>\n<meta property=\"og:url\" content=\"https:\/\/www.evcargo.com\/fr\/policies-and-statements\/tax-strategy\/\" \/>\n<meta property=\"og:site_name\" content=\"EV Cargo\" \/>\n<meta property=\"article:modified_time\" content=\"2026-01-05T10:22:58+00:00\" \/>\n<meta property=\"og:image\" content=\"https:\/\/www.evcargo.com\/wp-content\/uploads\/2021\/06\/terms-and-conditions.jpg\" \/>\n\t<meta property=\"og:image:width\" content=\"1920\" \/>\n\t<meta property=\"og:image:height\" content=\"928\" \/>\n\t<meta property=\"og:image:type\" content=\"image\/jpeg\" \/>\n<meta name=\"twitter:card\" content=\"summary_large_image\" \/>\n<script type=\"application\/ld+json\" class=\"yoast-schema-graph\">{\"@context\":\"https:\\\/\\\/schema.org\",\"@graph\":[{\"@type\":\"WebPage\",\"@id\":\"https:\\\/\\\/www.evcargo.com\\\/policies-and-statements\\\/tax-strategy\\\/\",\"url\":\"https:\\\/\\\/www.evcargo.com\\\/policies-and-statements\\\/tax-strategy\\\/\",\"name\":\"Tax Strategy | EV Cargo\",\"isPartOf\":{\"@id\":\"https:\\\/\\\/www.evcargo.com\\\/de\\\/#website\"},\"primaryImageOfPage\":{\"@id\":\"https:\\\/\\\/www.evcargo.com\\\/policies-and-statements\\\/tax-strategy\\\/#primaryimage\"},\"image\":{\"@id\":\"https:\\\/\\\/www.evcargo.com\\\/policies-and-statements\\\/tax-strategy\\\/#primaryimage\"},\"thumbnailUrl\":\"https:\\\/\\\/www.evcargo.com\\\/wp-content\\\/uploads\\\/2021\\\/06\\\/terms-and-conditions.jpg\",\"datePublished\":\"2021-06-16T13:24:59+00:00\",\"dateModified\":\"2026-01-05T10:22:58+00:00\",\"description\":\"This strategy is prepared in accordance with the requirements of Paragraph 19(2) Part 2 Schedule 19 Finance Act 2016 in relation to the period ended.\",\"breadcrumb\":{\"@id\":\"https:\\\/\\\/www.evcargo.com\\\/policies-and-statements\\\/tax-strategy\\\/#breadcrumb\"},\"inLanguage\":\"fr-FR\",\"potentialAction\":[{\"@type\":\"ReadAction\",\"target\":[\"https:\\\/\\\/www.evcargo.com\\\/policies-and-statements\\\/tax-strategy\\\/\"]}]},{\"@type\":\"ImageObject\",\"inLanguage\":\"fr-FR\",\"@id\":\"https:\\\/\\\/www.evcargo.com\\\/policies-and-statements\\\/tax-strategy\\\/#primaryimage\",\"url\":\"https:\\\/\\\/www.evcargo.com\\\/wp-content\\\/uploads\\\/2021\\\/06\\\/terms-and-conditions.jpg\",\"contentUrl\":\"https:\\\/\\\/www.evcargo.com\\\/wp-content\\\/uploads\\\/2021\\\/06\\\/terms-and-conditions.jpg\",\"width\":1920,\"height\":928,\"caption\":\"EV Cargo courier in orange branded polo shirt delivering parcel\"},{\"@type\":\"BreadcrumbList\",\"@id\":\"https:\\\/\\\/www.evcargo.com\\\/policies-and-statements\\\/tax-strategy\\\/#breadcrumb\",\"itemListElement\":[{\"@type\":\"ListItem\",\"position\":1,\"name\":\"Policies and Statements\",\"item\":\"https:\\\/\\\/www.evcargo.com\\\/policies-and-statements\\\/\"},{\"@type\":\"ListItem\",\"position\":2,\"name\":\"Tax Strategy\"}]},{\"@type\":\"WebSite\",\"@id\":\"https:\\\/\\\/www.evcargo.com\\\/de\\\/#website\",\"url\":\"https:\\\/\\\/www.evcargo.com\\\/de\\\/\",\"name\":\"EV Cargo\",\"description\":\"\",\"publisher\":{\"@id\":\"https:\\\/\\\/www.evcargo.com\\\/de\\\/#organization\"},\"potentialAction\":[{\"@type\":\"SearchAction\",\"target\":{\"@type\":\"EntryPoint\",\"urlTemplate\":\"https:\\\/\\\/www.evcargo.com\\\/de\\\/?s={search_term_string}\"},\"query-input\":{\"@type\":\"PropertyValueSpecification\",\"valueRequired\":true,\"valueName\":\"search_term_string\"}}],\"inLanguage\":\"fr-FR\"},{\"@type\":\"Organization\",\"@id\":\"https:\\\/\\\/www.evcargo.com\\\/de\\\/#organization\",\"name\":\"EV Cargo\",\"alternateName\":\"EVC\",\"url\":\"https:\\\/\\\/www.evcargo.com\\\/de\\\/\",\"logo\":{\"@type\":\"ImageObject\",\"inLanguage\":\"fr-FR\",\"@id\":\"https:\\\/\\\/www.evcargo.com\\\/de\\\/#\\\/schema\\\/logo\\\/image\\\/\",\"url\":\"https:\\\/\\\/www.evcargo.com\\\/wp-content\\\/uploads\\\/2025\\\/02\\\/ev-cargo-logo.png\",\"contentUrl\":\"https:\\\/\\\/www.evcargo.com\\\/wp-content\\\/uploads\\\/2025\\\/02\\\/ev-cargo-logo.png\",\"width\":364,\"height\":78,\"caption\":\"EV Cargo\"},\"image\":{\"@id\":\"https:\\\/\\\/www.evcargo.com\\\/de\\\/#\\\/schema\\\/logo\\\/image\\\/\"}}]}<\/script>\n<!-- \/ Yoast SEO plugin. -->","yoast_head_json":{"title":"Strat\u00e9gie fiscale | Transport de v\u00e9hicules \u00e9lectriques","description":"Cette strat\u00e9gie est pr\u00e9par\u00e9e conform\u00e9ment aux exigences du paragraphe 19(2) partie 2 annexe 19 de la loi de finances de 2016 par rapport \u00e0 la p\u00e9riode termin\u00e9e.","robots":{"index":"index","follow":"follow","max-snippet":"max-snippet:-1","max-image-preview":"max-image-preview:large","max-video-preview":"max-video-preview:-1"},"canonical":"https:\/\/www.evcargo.com\/fr\/policies-and-statements\/tax-strategy\/","og_locale":"fr_FR","og_type":"article","og_title":"Tax Strategy | EV Cargo","og_description":"This strategy is prepared in accordance with the requirements of Paragraph 19(2) Part 2 Schedule 19 Finance Act 2016 in relation to the period ended.","og_url":"https:\/\/www.evcargo.com\/fr\/policies-and-statements\/tax-strategy\/","og_site_name":"EV Cargo","article_modified_time":"2026-01-05T10:22:58+00:00","og_image":[{"width":1920,"height":928,"url":"https:\/\/www.evcargo.com\/wp-content\/uploads\/2021\/06\/terms-and-conditions.jpg","type":"image\/jpeg"}],"twitter_card":"summary_large_image","schema":{"@context":"https:\/\/schema.org","@graph":[{"@type":"WebPage","@id":"https:\/\/www.evcargo.com\/policies-and-statements\/tax-strategy\/","url":"https:\/\/www.evcargo.com\/policies-and-statements\/tax-strategy\/","name":"Strat\u00e9gie fiscale | Transport de v\u00e9hicules \u00e9lectriques","isPartOf":{"@id":"https:\/\/www.evcargo.com\/de\/#website"},"primaryImageOfPage":{"@id":"https:\/\/www.evcargo.com\/policies-and-statements\/tax-strategy\/#primaryimage"},"image":{"@id":"https:\/\/www.evcargo.com\/policies-and-statements\/tax-strategy\/#primaryimage"},"thumbnailUrl":"https:\/\/www.evcargo.com\/wp-content\/uploads\/2021\/06\/terms-and-conditions.jpg","datePublished":"2021-06-16T13:24:59+00:00","dateModified":"2026-01-05T10:22:58+00:00","description":"Cette strat\u00e9gie est pr\u00e9par\u00e9e conform\u00e9ment aux exigences du paragraphe 19(2) partie 2 annexe 19 de la loi de finances de 2016 par rapport \u00e0 la p\u00e9riode termin\u00e9e.","breadcrumb":{"@id":"https:\/\/www.evcargo.com\/policies-and-statements\/tax-strategy\/#breadcrumb"},"inLanguage":"fr-FR","potentialAction":[{"@type":"ReadAction","target":["https:\/\/www.evcargo.com\/policies-and-statements\/tax-strategy\/"]}]},{"@type":"ImageObject","inLanguage":"fr-FR","@id":"https:\/\/www.evcargo.com\/policies-and-statements\/tax-strategy\/#primaryimage","url":"https:\/\/www.evcargo.com\/wp-content\/uploads\/2021\/06\/terms-and-conditions.jpg","contentUrl":"https:\/\/www.evcargo.com\/wp-content\/uploads\/2021\/06\/terms-and-conditions.jpg","width":1920,"height":928,"caption":"EV Cargo courier in orange branded polo shirt delivering parcel"},{"@type":"BreadcrumbList","@id":"https:\/\/www.evcargo.com\/policies-and-statements\/tax-strategy\/#breadcrumb","itemListElement":[{"@type":"ListItem","position":1,"name":"Policies and Statements","item":"https:\/\/www.evcargo.com\/policies-and-statements\/"},{"@type":"ListItem","position":2,"name":"Tax Strategy"}]},{"@type":"WebSite","@id":"https:\/\/www.evcargo.com\/de\/#website","url":"https:\/\/www.evcargo.com\/de\/","name":"VE Cargo","description":"","publisher":{"@id":"https:\/\/www.evcargo.com\/de\/#organization"},"potentialAction":[{"@type":"SearchAction","target":{"@type":"EntryPoint","urlTemplate":"https:\/\/www.evcargo.com\/de\/?s={search_term_string}"},"query-input":{"@type":"PropertyValueSpecification","valueRequired":true,"valueName":"search_term_string"}}],"inLanguage":"fr-FR"},{"@type":"Organization","@id":"https:\/\/www.evcargo.com\/de\/#organization","name":"VE Cargo","alternateName":"EVC","url":"https:\/\/www.evcargo.com\/de\/","logo":{"@type":"ImageObject","inLanguage":"fr-FR","@id":"https:\/\/www.evcargo.com\/de\/#\/schema\/logo\/image\/","url":"https:\/\/www.evcargo.com\/wp-content\/uploads\/2025\/02\/ev-cargo-logo.png","contentUrl":"https:\/\/www.evcargo.com\/wp-content\/uploads\/2025\/02\/ev-cargo-logo.png","width":364,"height":78,"caption":"EV Cargo"},"image":{"@id":"https:\/\/www.evcargo.com\/de\/#\/schema\/logo\/image\/"}}]}},"_links":{"self":[{"href":"https:\/\/www.evcargo.com\/fr\/wp-json\/wp\/v2\/pages\/2133","targetHints":{"allow":["GET"]}}],"collection":[{"href":"https:\/\/www.evcargo.com\/fr\/wp-json\/wp\/v2\/pages"}],"about":[{"href":"https:\/\/www.evcargo.com\/fr\/wp-json\/wp\/v2\/types\/page"}],"author":[{"embeddable":true,"href":"https:\/\/www.evcargo.com\/fr\/wp-json\/wp\/v2\/users\/9"}],"replies":[{"embeddable":true,"href":"https:\/\/www.evcargo.com\/fr\/wp-json\/wp\/v2\/comments?post=2133"}],"version-history":[{"count":2,"href":"https:\/\/www.evcargo.com\/fr\/wp-json\/wp\/v2\/pages\/2133\/revisions"}],"predecessor-version":[{"id":293993,"href":"https:\/\/www.evcargo.com\/fr\/wp-json\/wp\/v2\/pages\/2133\/revisions\/293993"}],"up":[{"embeddable":true,"href":"https:\/\/www.evcargo.com\/fr\/wp-json\/wp\/v2\/pages\/3722"}],"wp:featuredmedia":[{"embeddable":true,"href":"https:\/\/www.evcargo.com\/fr\/wp-json\/wp\/v2\/media\/2098"}],"wp:attachment":[{"href":"https:\/\/www.evcargo.com\/fr\/wp-json\/wp\/v2\/media?parent=2133"}],"curies":[{"name":"wp","href":"https:\/\/api.w.org\/{rel}","templated":true}]}}