{"id":251614,"date":"2025-05-28T09:36:44","date_gmt":"2025-05-28T08:36:44","guid":{"rendered":"https:\/\/www.evcargo.com\/en\/?page_id=251614"},"modified":"2025-05-28T09:40:18","modified_gmt":"2025-05-28T08:40:18","slug":"singapore-security-policy","status":"publish","type":"page","link":"https:\/\/www.evcargo.com\/fr\/policies-and-statements\/singapore-security-policy\/","title":{"rendered":"Politique de s\u00e9curit\u00e9 de Singapour"},"content":{"rendered":"<section  class=\"small-banner\" style=\" background-color:#D8D8D8 \">\n\n\t<div class=\"container-fluid\">\n\n\t\t<h1>Politique de s\u00e9curit\u00e9 de Singapour<\/h1>\n\t<\/div>\n\n<\/section>\n\n<div class=\"breadcrumbs\" typeof=\"BreadcrumbList\" vocab=\"https:\/\/schema.org\/\">\n\t<div class=\"container-fluid\">\n\n\t\t<span property=\"itemListElement\" typeof=\"ListItem\"><a property=\"item\" typeof=\"WebPage\" title=\"Aller \u00e0 EV Cargo.\" href=\"https:\/\/www.evcargo.com\/fr\" class=\"home\" aria-current=\"page\"><span property=\"name\">VE Cargo<\/span><\/a><meta property=\"position\" content=\"1\"><\/span>\t<\/div>\n<\/div>\n\n\n<section  class=\"wysiwyg\">\n\n\t<div class=\"container-fluid\">\n\n\t<h3>EV CARGO GLOBAL FORWARDING PTE LTD s&#039;engage \u00e0 assurer la s\u00e9curit\u00e9 de sa cha\u00eene d&#039;approvisionnement au sein de son organisation et de ses op\u00e9rations mondiales. Nous nous engageons \u00e0 prot\u00e9ger nos employ\u00e9s, nos biens, nos informations, notre r\u00e9putation et les actifs de nos clients contre toute menace potentielle. Cette politique s&#039;appuie sur la mission, les valeurs fondamentales, le code de conduite, l&#039;\u00e9thique des affaires et les normes de s\u00e9curit\u00e9 de l&#039;entreprise.<\/h3>\n<p>Toutes les activit\u00e9s de s\u00e9curit\u00e9 doivent respecter les principes g\u00e9n\u00e9raux \u00e9nonc\u00e9s ci-dessous :<\/p>\n<ul>\n<li>Tous les employ\u00e9s et sous-traitants doivent toujours \u00eatre conscients et assumer la responsabilit\u00e9 des aspects de s\u00e9curit\u00e9 des activit\u00e9s commerciales de l&#039;entreprise\u00a0;<\/li>\n<li>Des analyses des menaces et des \u00e9valuations des risques doivent \u00eatre men\u00e9es r\u00e9guli\u00e8rement\u00a0;<\/li>\n<li>Les proc\u00e9dures et directives de s\u00e9curit\u00e9 doivent \u00eatre parfaitement int\u00e9gr\u00e9es aux activit\u00e9s commerciales\u00a0;<\/li>\n<li>La \u00ab pr\u00e9vention des incidents \u00bb doit \u00eatre la premi\u00e8re priorit\u00e9 ;<\/li>\n<li>Des plans de pr\u00e9paration et d\u2019intervention doivent \u00eatre \u00e9labor\u00e9s et test\u00e9s pour faire face aux risques \u00e9valu\u00e9s rapidement et efficacement\u00a0;<\/li>\n<li>Les mesures et proc\u00e9dures de s\u00e9curit\u00e9 doivent faire l\u2019objet d\u2019inspections, de validations et de v\u00e9rifications r\u00e9guli\u00e8res par la direction afin de maintenir des normes de s\u00e9curit\u00e9 \u00e9lev\u00e9es pour les op\u00e9rations de l\u2019entreprise dans le monde entier\u00a0;<\/li>\n<li>Le niveau de professionnalisme, de connaissances et d\u2019int\u00e9grit\u00e9 du personnel impliqu\u00e9 dans les questions de s\u00e9curit\u00e9 doit \u00eatre \u00e9troitement contr\u00f4l\u00e9 ;<\/li>\n<li>Des plans de formation appropri\u00e9s, des proc\u00e9dures de s\u00e9lection des clients, de recrutement, de passation de contrats et de licenciement doivent \u00eatre \u00e9tablis et mis en \u0153uvre\u00a0;<\/li>\n<li>Tous les incidents, y compris les failles de s\u00e9curit\u00e9 et les irr\u00e9gularit\u00e9s, doivent \u00eatre signal\u00e9s et enregistr\u00e9s. Des mesures correctives doivent \u00eatre prises et suivies de v\u00e9rifications r\u00e9guli\u00e8res afin d&#039;am\u00e9liorer le niveau de s\u00e9curit\u00e9 global.<\/li>\n<\/ul>\n<p>Cette politique a \u00e9t\u00e9 approuv\u00e9e par EV CARGO GLOBAL FORWARDING PTE LTD. Elle sera revue et, si n\u00e9cessaire, r\u00e9vis\u00e9e chaque ann\u00e9e pour rester \u00e0 jour et sera publi\u00e9e sur notre site web. Nous remercions tous nos coll\u00e8gues pour leur contribution au respect des normes de s\u00e9curit\u00e9 et de gouvernance d&#039;EV CARGO GLOBAL FORWARDING PTE LTD.<\/p>\n<p><img loading=\"lazy\" decoding=\"async\" class=\"alignnone size-medium wp-image-251615\" src=\"https:\/\/www.evcargo.com\/en\/wp-content\/uploads\/2025\/05\/Marcus-Chng-300x149.png\" alt=\"\" width=\"300\" height=\"149\" srcset=\"https:\/\/www.evcargo.com\/wp-content\/uploads\/2025\/05\/Marcus-Chng-300x149.png 300w, https:\/\/www.evcargo.com\/wp-content\/uploads\/2025\/05\/Marcus-Chng-18x9.png 18w, https:\/\/www.evcargo.com\/wp-content\/uploads\/2025\/05\/Marcus-Chng.png 308w\" sizes=\"auto, (max-width: 300px) 100vw, 300px\" \/><\/p>\n<p>Nom : MARCUS CHNG<br \/>\nPoste : DIRECTEUR G\u00c9N\u00c9RAL, SE ASI<\/p>\n\n\t<\/div>\n\n<\/section>","protected":false},"excerpt":{"rendered":"<p>La corruption est une forme de corruption. En termes simples, la corruption est l&#039;utilisation abusive d&#039;un pouvoir conf\u00e9r\u00e9 \u00e0 des fins personnelles.<\/p>","protected":false},"author":9,"featured_media":98559,"parent":3722,"menu_order":0,"comment_status":"closed","ping_status":"closed","template":"","meta":{"_acf_changed":false,"footnotes":""},"class_list":["post-251614","page","type-page","status-publish","has-post-thumbnail","hentry"],"acf":[],"yoast_head":"<!-- This site is optimized with the Yoast SEO plugin v27.3 - https:\/\/yoast.com\/product\/yoast-seo-wordpress\/ -->\n<title>Singapore Security Policy - EV Cargo<\/title>\n<meta name=\"robots\" content=\"index, follow, max-snippet:-1, max-image-preview:large, max-video-preview:-1\" \/>\n<link rel=\"canonical\" href=\"https:\/\/www.evcargo.com\/fr\/policies-and-statements\/singapore-security-policy\/\" \/>\n<meta property=\"og:locale\" content=\"fr_FR\" \/>\n<meta property=\"og:type\" content=\"article\" \/>\n<meta property=\"og:title\" content=\"Singapore Security Policy - EV Cargo\" \/>\n<meta property=\"og:description\" content=\"Bribery is a form of corruption. Defined simply, corruption is the misuse of entrusted power for private benefit.\" \/>\n<meta property=\"og:url\" content=\"https:\/\/www.evcargo.com\/fr\/policies-and-statements\/singapore-security-policy\/\" \/>\n<meta property=\"og:site_name\" content=\"EV Cargo\" \/>\n<meta property=\"article:modified_time\" content=\"2025-05-28T08:40:18+00:00\" \/>\n<meta property=\"og:image\" content=\"https:\/\/www.evcargo.com\/wp-content\/uploads\/2021\/07\/Banners-2021-07-12T171245.891.png\" \/>\n\t<meta property=\"og:image:width\" content=\"1200\" \/>\n\t<meta property=\"og:image:height\" content=\"500\" \/>\n\t<meta property=\"og:image:type\" content=\"image\/png\" \/>\n<meta name=\"twitter:card\" content=\"summary_large_image\" \/>\n<script type=\"application\/ld+json\" class=\"yoast-schema-graph\">{\"@context\":\"https:\\\/\\\/schema.org\",\"@graph\":[{\"@type\":\"WebPage\",\"@id\":\"https:\\\/\\\/www.evcargo.com\\\/policies-and-statements\\\/singapore-security-policy\\\/\",\"url\":\"https:\\\/\\\/www.evcargo.com\\\/policies-and-statements\\\/singapore-security-policy\\\/\",\"name\":\"Singapore Security Policy - EV Cargo\",\"isPartOf\":{\"@id\":\"https:\\\/\\\/www.evcargo.com\\\/de\\\/#website\"},\"primaryImageOfPage\":{\"@id\":\"https:\\\/\\\/www.evcargo.com\\\/policies-and-statements\\\/singapore-security-policy\\\/#primaryimage\"},\"image\":{\"@id\":\"https:\\\/\\\/www.evcargo.com\\\/policies-and-statements\\\/singapore-security-policy\\\/#primaryimage\"},\"thumbnailUrl\":\"https:\\\/\\\/www.evcargo.com\\\/wp-content\\\/uploads\\\/2021\\\/07\\\/Banners-2021-07-12T171245.891.png\",\"datePublished\":\"2025-05-28T08:36:44+00:00\",\"dateModified\":\"2025-05-28T08:40:18+00:00\",\"breadcrumb\":{\"@id\":\"https:\\\/\\\/www.evcargo.com\\\/policies-and-statements\\\/singapore-security-policy\\\/#breadcrumb\"},\"inLanguage\":\"fr-FR\",\"potentialAction\":[{\"@type\":\"ReadAction\",\"target\":[\"https:\\\/\\\/www.evcargo.com\\\/policies-and-statements\\\/singapore-security-policy\\\/\"]}]},{\"@type\":\"ImageObject\",\"inLanguage\":\"fr-FR\",\"@id\":\"https:\\\/\\\/www.evcargo.com\\\/policies-and-statements\\\/singapore-security-policy\\\/#primaryimage\",\"url\":\"https:\\\/\\\/www.evcargo.com\\\/wp-content\\\/uploads\\\/2021\\\/07\\\/Banners-2021-07-12T171245.891.png\",\"contentUrl\":\"https:\\\/\\\/www.evcargo.com\\\/wp-content\\\/uploads\\\/2021\\\/07\\\/Banners-2021-07-12T171245.891.png\",\"width\":1200,\"height\":500},{\"@type\":\"BreadcrumbList\",\"@id\":\"https:\\\/\\\/www.evcargo.com\\\/policies-and-statements\\\/singapore-security-policy\\\/#breadcrumb\",\"itemListElement\":[{\"@type\":\"ListItem\",\"position\":1,\"name\":\"Policies and Statements\",\"item\":\"https:\\\/\\\/www.evcargo.com\\\/policies-and-statements\\\/\"},{\"@type\":\"ListItem\",\"position\":2,\"name\":\"Singapore Security Policy\"}]},{\"@type\":\"WebSite\",\"@id\":\"https:\\\/\\\/www.evcargo.com\\\/de\\\/#website\",\"url\":\"https:\\\/\\\/www.evcargo.com\\\/de\\\/\",\"name\":\"EV Cargo\",\"description\":\"\",\"publisher\":{\"@id\":\"https:\\\/\\\/www.evcargo.com\\\/de\\\/#organization\"},\"potentialAction\":[{\"@type\":\"SearchAction\",\"target\":{\"@type\":\"EntryPoint\",\"urlTemplate\":\"https:\\\/\\\/www.evcargo.com\\\/de\\\/?s={search_term_string}\"},\"query-input\":{\"@type\":\"PropertyValueSpecification\",\"valueRequired\":true,\"valueName\":\"search_term_string\"}}],\"inLanguage\":\"fr-FR\"},{\"@type\":\"Organization\",\"@id\":\"https:\\\/\\\/www.evcargo.com\\\/de\\\/#organization\",\"name\":\"EV Cargo\",\"alternateName\":\"EVC\",\"url\":\"https:\\\/\\\/www.evcargo.com\\\/de\\\/\",\"logo\":{\"@type\":\"ImageObject\",\"inLanguage\":\"fr-FR\",\"@id\":\"https:\\\/\\\/www.evcargo.com\\\/de\\\/#\\\/schema\\\/logo\\\/image\\\/\",\"url\":\"https:\\\/\\\/www.evcargo.com\\\/wp-content\\\/uploads\\\/2025\\\/02\\\/ev-cargo-logo.png\",\"contentUrl\":\"https:\\\/\\\/www.evcargo.com\\\/wp-content\\\/uploads\\\/2025\\\/02\\\/ev-cargo-logo.png\",\"width\":364,\"height\":78,\"caption\":\"EV Cargo\"},\"image\":{\"@id\":\"https:\\\/\\\/www.evcargo.com\\\/de\\\/#\\\/schema\\\/logo\\\/image\\\/\"}}]}<\/script>\n<!-- \/ Yoast SEO plugin. -->","yoast_head_json":{"title":"Politique de s\u00e9curit\u00e9 de Singapour - Transport de v\u00e9hicules \u00e9lectriques","robots":{"index":"index","follow":"follow","max-snippet":"max-snippet:-1","max-image-preview":"max-image-preview:large","max-video-preview":"max-video-preview:-1"},"canonical":"https:\/\/www.evcargo.com\/fr\/policies-and-statements\/singapore-security-policy\/","og_locale":"fr_FR","og_type":"article","og_title":"Singapore Security Policy - EV Cargo","og_description":"Bribery is a form of corruption. Defined simply, corruption is the misuse of entrusted power for private benefit.","og_url":"https:\/\/www.evcargo.com\/fr\/policies-and-statements\/singapore-security-policy\/","og_site_name":"EV Cargo","article_modified_time":"2025-05-28T08:40:18+00:00","og_image":[{"width":1200,"height":500,"url":"https:\/\/www.evcargo.com\/wp-content\/uploads\/2021\/07\/Banners-2021-07-12T171245.891.png","type":"image\/png"}],"twitter_card":"summary_large_image","schema":{"@context":"https:\/\/schema.org","@graph":[{"@type":"WebPage","@id":"https:\/\/www.evcargo.com\/policies-and-statements\/singapore-security-policy\/","url":"https:\/\/www.evcargo.com\/policies-and-statements\/singapore-security-policy\/","name":"Politique de s\u00e9curit\u00e9 de Singapour - Transport de v\u00e9hicules \u00e9lectriques","isPartOf":{"@id":"https:\/\/www.evcargo.com\/de\/#website"},"primaryImageOfPage":{"@id":"https:\/\/www.evcargo.com\/policies-and-statements\/singapore-security-policy\/#primaryimage"},"image":{"@id":"https:\/\/www.evcargo.com\/policies-and-statements\/singapore-security-policy\/#primaryimage"},"thumbnailUrl":"https:\/\/www.evcargo.com\/wp-content\/uploads\/2021\/07\/Banners-2021-07-12T171245.891.png","datePublished":"2025-05-28T08:36:44+00:00","dateModified":"2025-05-28T08:40:18+00:00","breadcrumb":{"@id":"https:\/\/www.evcargo.com\/policies-and-statements\/singapore-security-policy\/#breadcrumb"},"inLanguage":"fr-FR","potentialAction":[{"@type":"ReadAction","target":["https:\/\/www.evcargo.com\/policies-and-statements\/singapore-security-policy\/"]}]},{"@type":"ImageObject","inLanguage":"fr-FR","@id":"https:\/\/www.evcargo.com\/policies-and-statements\/singapore-security-policy\/#primaryimage","url":"https:\/\/www.evcargo.com\/wp-content\/uploads\/2021\/07\/Banners-2021-07-12T171245.891.png","contentUrl":"https:\/\/www.evcargo.com\/wp-content\/uploads\/2021\/07\/Banners-2021-07-12T171245.891.png","width":1200,"height":500},{"@type":"BreadcrumbList","@id":"https:\/\/www.evcargo.com\/policies-and-statements\/singapore-security-policy\/#breadcrumb","itemListElement":[{"@type":"ListItem","position":1,"name":"Policies and Statements","item":"https:\/\/www.evcargo.com\/policies-and-statements\/"},{"@type":"ListItem","position":2,"name":"Singapore Security Policy"}]},{"@type":"WebSite","@id":"https:\/\/www.evcargo.com\/de\/#website","url":"https:\/\/www.evcargo.com\/de\/","name":"VE Cargo","description":"","publisher":{"@id":"https:\/\/www.evcargo.com\/de\/#organization"},"potentialAction":[{"@type":"SearchAction","target":{"@type":"EntryPoint","urlTemplate":"https:\/\/www.evcargo.com\/de\/?s={search_term_string}"},"query-input":{"@type":"PropertyValueSpecification","valueRequired":true,"valueName":"search_term_string"}}],"inLanguage":"fr-FR"},{"@type":"Organization","@id":"https:\/\/www.evcargo.com\/de\/#organization","name":"VE Cargo","alternateName":"EVC","url":"https:\/\/www.evcargo.com\/de\/","logo":{"@type":"ImageObject","inLanguage":"fr-FR","@id":"https:\/\/www.evcargo.com\/de\/#\/schema\/logo\/image\/","url":"https:\/\/www.evcargo.com\/wp-content\/uploads\/2025\/02\/ev-cargo-logo.png","contentUrl":"https:\/\/www.evcargo.com\/wp-content\/uploads\/2025\/02\/ev-cargo-logo.png","width":364,"height":78,"caption":"EV Cargo"},"image":{"@id":"https:\/\/www.evcargo.com\/de\/#\/schema\/logo\/image\/"}}]}},"_links":{"self":[{"href":"https:\/\/www.evcargo.com\/fr\/wp-json\/wp\/v2\/pages\/251614","targetHints":{"allow":["GET"]}}],"collection":[{"href":"https:\/\/www.evcargo.com\/fr\/wp-json\/wp\/v2\/pages"}],"about":[{"href":"https:\/\/www.evcargo.com\/fr\/wp-json\/wp\/v2\/types\/page"}],"author":[{"embeddable":true,"href":"https:\/\/www.evcargo.com\/fr\/wp-json\/wp\/v2\/users\/9"}],"replies":[{"embeddable":true,"href":"https:\/\/www.evcargo.com\/fr\/wp-json\/wp\/v2\/comments?post=251614"}],"version-history":[{"count":3,"href":"https:\/\/www.evcargo.com\/fr\/wp-json\/wp\/v2\/pages\/251614\/revisions"}],"predecessor-version":[{"id":251618,"href":"https:\/\/www.evcargo.com\/fr\/wp-json\/wp\/v2\/pages\/251614\/revisions\/251618"}],"up":[{"embeddable":true,"href":"https:\/\/www.evcargo.com\/fr\/wp-json\/wp\/v2\/pages\/3722"}],"wp:featuredmedia":[{"embeddable":true,"href":"https:\/\/www.evcargo.com\/fr\/wp-json\/wp\/v2\/media\/98559"}],"wp:attachment":[{"href":"https:\/\/www.evcargo.com\/fr\/wp-json\/wp\/v2\/media?parent=251614"}],"curies":[{"name":"wp","href":"https:\/\/api.w.org\/{rel}","templated":true}]}}