{"id":3722,"date":"2021-07-12T14:41:41","date_gmt":"2021-07-12T13:41:41","guid":{"rendered":"https:\/\/evc.extramilecommunications.dev\/?page_id=3722"},"modified":"2025-11-20T10:52:22","modified_gmt":"2025-11-20T10:52:22","slug":"policies-and-statements","status":"publish","type":"page","link":"https:\/\/www.evcargo.com\/fr\/policies-and-statements\/","title":{"rendered":"Politiques et d\u00e9clarations"},"content":{"rendered":"<section  class=\"hero-block bg-light\" data-aos=\"fade\" style=\"background-image: url();\">\n\n\t<div class=\"container-fluid\">\n\n\t\t<div class=\"hero-block__titles\">\n\n\t\t\t<h1>Politiques et d\u00e9clarations<\/h1>\t\t\t\t\t\t\t\t\t\t\t\t<div class=\"wysiwyg\"><p>Vous trouverez ci-dessous toutes nos politiques et d\u00e9clarations montrant une transparence totale de notre position chez EV Cargo. Avec nos politiques, nous imposons un standard \u00e9lev\u00e9 pour garantir des performances et une qualit\u00e9 \u00e9lev\u00e9es \u00e0 la fois pour notre service et pour nos coll\u00e8gues.<\/p>\n<\/div>\t\t\t\t\t<\/div>\n\t\t\n\n\t\t        \n\t\t\t\t\t<div class=\"hero-block__blocks row\">\n\n                        \t\t\t\t\t\t\n\n\t\t            \n\t\t\t\t\t\t\t\t\t\t\t\t\n\t\t\t\t\t    \n\n\t\t\t\t\t\t\t\t\t\t\t\t\t\t\t\t\t\t\n\n\n\n\t\t            \t<div class=\"hero-block__blocks__col col-md-6\">\n\n\t            \t\t\t<div class=\"hero-block__blocks__col__bg\"  style=\"background-image: url(https:\/\/www.evcargo.com\/wp-content\/uploads\/2021\/07\/Banners-2021-07-12T171245.891-539x387.png);  \"><\/div>\n\n\t\t\t\t\t\t\t<div class=\"hero-block__blocks__col__wrap\">\n                                <div class=\"content-container\">\n    \t\t\t\t\t\t\t\t<h4>Lutte contre les pots-de-vin et la corruption<\/h4>    \t\t\t\t\t\t\t\t<div class=\"hover\">\n\t\t\t\t\t\t\t\t\t\t\t\t\t\t\t\t\t\t\t\t\t\t\t<p>La corruption est une forme de corruption. D\u00e9fini simplement, la corruption est l&#039;abus de pouvoir confi\u00e9\u2026<\/p>\n\t\t\t\t\t\t\t\t\t\t\t    \t\t\t\t\t\t\t\t\t        \t\t\t\t\t\t\t\t\t<a href=\"https:\/\/www.evcargo.com\/wp-content\/uploads\/2025\/04\/GB_ET_POL_0002-Anti-Bribery-and-Corruption-Policy.pdf\" target=\"_self\" class=\"btn green-btn\">\n        \t\t\t\t\t\t\t\t\t\tEn savoir plus        \t\t\t\t\t\t\t\t\t<\/a>\n    \t\t\t\t\t\t\t\t\t    \t\t\t\t\t\t\t\t<\/div>\n    \t\t\t\t\t\t\t<\/div>\n\n\n\t\t\t\t\t\t\t<\/div>\n\n\t\t\t\t\t\t<\/div>\n\n\n\t\t            \n\t\t\t\t\t\t\t\t\t\t\t\t\n\t\t\t\t\t    \n\n\t\t\t\t\t\t\t\t\t\t\t\t\t\t\t\t\t\t\n\n\n\n\t\t            \t<div class=\"hero-block__blocks__col col-md-6\">\n\n\t            \t\t\t<div class=\"hero-block__blocks__col__bg\"  style=\"background-image: url(https:\/\/www.evcargo.com\/wp-content\/uploads\/2021\/07\/complicane-background-539x387.jpg);  \"><\/div>\n\n\t\t\t\t\t\t\t<div class=\"hero-block__blocks__col__wrap\">\n                                <div class=\"content-container\">\n    \t\t\t\t\t\t\t\t<h4>\u00c9nonc\u00e9 de politique sur les syst\u00e8mes de gestion int\u00e9gr\u00e9s<\/h4>    \t\t\t\t\t\t\t\t<div class=\"hover\">\n\t\t\t\t\t\t\t\t\t\t\t\t\t\t\t\t\t\t\t\t\t\t\t<p>En tant qu&#039;organisation de cha\u00eene d&#039;approvisionnement et d&#039;exp\u00e9dition de fret, EV Cargo Global Forwarding reconna\u00eet l&#039;importance\u2026<\/p>\n\t\t\t\t\t\t\t\t\t\t\t    \t\t\t\t\t\t\t\t\t        \t\t\t\t\t\t\t\t\t<a href=\"https:\/\/www.evcargo.com\/wp-content\/uploads\/2025\/11\/GB_IMS_POL_0001-Integrated-Management-Systems-Policy-statement-V1.8-1-4.pdf\" target=\"_self\" class=\"btn green-btn\">\n        \t\t\t\t\t\t\t\t\t\tEn savoir plus        \t\t\t\t\t\t\t\t\t<\/a>\n    \t\t\t\t\t\t\t\t\t    \t\t\t\t\t\t\t\t<\/div>\n    \t\t\t\t\t\t\t<\/div>\n\n\n\t\t\t\t\t\t\t<\/div>\n\n\t\t\t\t\t\t<\/div>\n\n\n\t\t            \n\t\t\t\t\t\t\t\t\t\t\t\t\n\t\t\t\t\t    \n\n\t\t\t\t\t\t\t\t\t\t\t\t\t\t\t\t\t\t\n\n\n\n\t\t            \t<div class=\"hero-block__blocks__col col-md-4\">\n\n\t            \t\t\t<div class=\"hero-block__blocks__col__bg\"  style=\"background-image: url(https:\/\/www.evcargo.com\/wp-content\/uploads\/2021\/07\/Banners-2021-07-12T171532.489-348x387.png);  \"><\/div>\n\n\t\t\t\t\t\t\t<div class=\"hero-block__blocks__col__wrap\">\n                                <div class=\"content-container\">\n    \t\t\t\t\t\t\t\t<h4>Politique commerciale \u00e9thique<\/h4>    \t\t\t\t\t\t\t\t<div class=\"hover\">\n\t\t\t\t\t\t\t\t\t\t\t\t\t\t\t\t\t\t\t\t\t\t\t<p>EV Cargo s&#039;engage \u00e0 cr\u00e9er un environnement de travail s\u00fbr, juste et socialement responsable\u2026<\/p>\n\t\t\t\t\t\t\t\t\t\t\t    \t\t\t\t\t\t\t\t\t        \t\t\t\t\t\t\t\t\t<a href=\"https:\/\/www.evcargo.com\/wp-content\/uploads\/2025\/04\/GB_ET_POL_0001-Ethical-Trade-Policy.pdf\" target=\"_self\" class=\"btn green-btn\">\n        \t\t\t\t\t\t\t\t\t\tEn savoir plus        \t\t\t\t\t\t\t\t\t<\/a>\n    \t\t\t\t\t\t\t\t\t    \t\t\t\t\t\t\t\t<\/div>\n    \t\t\t\t\t\t\t<\/div>\n\n\n\t\t\t\t\t\t\t<\/div>\n\n\t\t\t\t\t\t<\/div>\n\n\n\t\t            \n\t\t\t\t\t\t\t\t\t\t\t\t\n\t\t\t\t\t    \n\n\t\t\t\t\t\t\t\t\t\t\t\t\t\t\t\t\t\t\n\n\n\n\t\t            \t<div class=\"hero-block__blocks__col col-md-4\">\n\n\t            \t\t\t<div class=\"hero-block__blocks__col__bg\"  style=\"background-image: url(https:\/\/www.evcargo.com\/wp-content\/uploads\/2022\/02\/EVCS-Social-Posts-348x387.png);  \"><\/div>\n\n\t\t\t\t\t\t\t<div class=\"hero-block__blocks__col__wrap\">\n                                <div class=\"content-container\">\n    \t\t\t\t\t\t\t\t<h4>Politique d&#039;\u00e9galit\u00e9, de diversit\u00e9 et d&#039;inclusion<\/h4>    \t\t\t\t\t\t\t\t<div class=\"hover\">\n\t\t\t\t\t\t\t\t\t\t\t\t\t\t\t\t\t\t\t\t\t\t\t<p>EV Cargo s&#039;engage \u00e0 cr\u00e9er le meilleur environnement de travail possible pour vous et nous croyons qu&#039;il faut offrir un traitement \u00e9quitable et encourager l&#039;\u00e9galit\u00e9, la diversit\u00e9 et l&#039;inclusion parmi nos coll\u00e8gues.<\/p>\n\t\t\t\t\t\t\t\t\t\t\t    \t\t\t\t\t\t\t\t\t        \t\t\t\t\t\t\t\t\t<a href=\"https:\/\/www.evcargo.com\/wp-content\/uploads\/2022\/02\/EV-Cargo-Equality-Diversity-and-Inclusivity-Policy-1.pdf\" target=\"_self\" class=\"btn green-btn\">\n        \t\t\t\t\t\t\t\t\t\tEn savoir plus        \t\t\t\t\t\t\t\t\t<\/a>\n    \t\t\t\t\t\t\t\t\t    \t\t\t\t\t\t\t\t<\/div>\n    \t\t\t\t\t\t\t<\/div>\n\n\n\t\t\t\t\t\t\t<\/div>\n\n\t\t\t\t\t\t<\/div>\n\n\n\t\t            \n\t\t\t\t\t\t\t\t\t\t\t\t\n\t\t\t\t\t    \n\n\t\t\t\t\t\t\t\t\t\t\t\t\t\t\t\t\t\t\n\n\n\n\t\t            \t<div class=\"hero-block__blocks__col col-md-4\">\n\n\t            \t\t\t<div class=\"hero-block__blocks__col__bg\"  style=\"background-image: url(https:\/\/www.evcargo.com\/wp-content\/uploads\/2024\/03\/air-freight-services-348x387.png);  \"><\/div>\n\n\t\t\t\t\t\t\t<div class=\"hero-block__blocks__col__wrap\">\n                                <div class=\"content-container\">\n    \t\t\t\t\t\t\t\t<h4>Conditions de Fenex<\/h4>    \t\t\t\t\t\t\t\t<div class=\"hover\">\n\t\t\t\t\t\t\t\t\t\t\t    \t\t\t\t\t\t\t\t\t        \t\t\t\t\t\t\t\t\t<a href=\"https:\/\/www.evcargo.com\/wp-content\/uploads\/2025\/02\/NEDERLANDSE-EXPEDITIEVOORWAARDEN-ENG-01-05-2018-1.pdf\" target=\"_self\" class=\"btn green-btn\">\n        \t\t\t\t\t\t\t\t\t\tEn savoir plus        \t\t\t\t\t\t\t\t\t<\/a>\n    \t\t\t\t\t\t\t\t\t    \t\t\t\t\t\t\t\t<\/div>\n    \t\t\t\t\t\t\t<\/div>\n\n\n\t\t\t\t\t\t\t<\/div>\n\n\t\t\t\t\t\t<\/div>\n\n\n\t\t            \n\t\t\t\t\t\t\t\t\t\t\t\t\n\t\t\t\t\t    \n\n\t\t\t\t\t\t\t\t\t\t\t\t\t\t\t\t\t\t\n\n\n\n\t\t            \t<div class=\"hero-block__blocks__col col-md-4\">\n\n\t            \t\t\t<div class=\"hero-block__blocks__col__bg\"  style=\"background-image: url(https:\/\/www.evcargo.com\/wp-content\/uploads\/2021\/06\/shutterstock_764004589-348x387.jpg);  \"><\/div>\n\n\t\t\t\t\t\t\t<div class=\"hero-block__blocks__col__wrap\">\n                                <div class=\"content-container\">\n    \t\t\t\t\t\t\t\t<h4>Sant\u00e9 et s\u00e9curit\u00e9<\/h4>    \t\t\t\t\t\t\t\t<div class=\"hover\">\n\t\t\t\t\t\t\t\t\t\t\t\t\t\t\t\t\t\t\t\t\t\t\t<p>Politique de s\u00e9curit\u00e9, de sant\u00e9, d&#039;environnement et de qualit\u00e9 d&#039;EV Cargo\u2026<\/p>\n\t\t\t\t\t\t\t\t\t\t\t    \t\t\t\t\t\t\t\t\t        \t\t\t\t\t\t\t\t\t<a href=\"https:\/\/www.evcargo.com\/wp-content\/uploads\/2025\/11\/GB_HS_POL_0100-EVCGF-Health-and-Safety-Policy-v2.3-1.pdf\" target=\"_blank\" class=\"btn green-btn\">\n        \t\t\t\t\t\t\t\t\t\tEn savoir plus        \t\t\t\t\t\t\t\t\t<\/a>\n    \t\t\t\t\t\t\t\t\t    \t\t\t\t\t\t\t\t<\/div>\n    \t\t\t\t\t\t\t<\/div>\n\n\n\t\t\t\t\t\t\t<\/div>\n\n\t\t\t\t\t\t<\/div>\n\n\n\t\t            \n\t\t\t\t\t\t\t\t\t\t\t\t\n\t\t\t\t\t    \n\n\t\t\t\t\t\t\t\t\t\t\t\t\t\t\t\t\t\t\n\n\n\n\t\t            \t<div class=\"hero-block__blocks__col col-md-4\">\n\n\t            \t\t\t<div class=\"hero-block__blocks__col__bg\"  style=\"background-image: url(https:\/\/www.evcargo.com\/wp-content\/uploads\/2021\/07\/14639-089-2-348x387.jpg);  \"><\/div>\n\n\t\t\t\t\t\t\t<div class=\"hero-block__blocks__col__wrap\">\n                                <div class=\"content-container\">\n    \t\t\t\t\t\t\t\t<h4>D\u00e9claration sur l&#039;esclavage moderne<\/h4>    \t\t\t\t\t\t\t\t<div class=\"hover\">\n\t\t\t\t\t\t\t\t\t\t\t\t\t\t\t\t\t\t\t\t\t\t\t<p>Il s&#039;agit de la d\u00e9claration d&#039;EV Cargo concernant l&#039;esclavage moderne et les droits de l&#039;homme.<\/p>\n\t\t\t\t\t\t\t\t\t\t\t    \t\t\t\t\t\t\t\t\t        \t\t\t\t\t\t\t\t\t<a href=\"https:\/\/www.evcargo.com\/wp-content\/uploads\/2025\/04\/GB_ET_POL_0003-Modern-Slavery-Act-Statement.pdf\" target=\"_blank\" class=\"btn green-btn\">\n        \t\t\t\t\t\t\t\t\t\tEn savoir plus        \t\t\t\t\t\t\t\t\t<\/a>\n    \t\t\t\t\t\t\t\t\t    \t\t\t\t\t\t\t\t<\/div>\n    \t\t\t\t\t\t\t<\/div>\n\n\n\t\t\t\t\t\t\t<\/div>\n\n\t\t\t\t\t\t<\/div>\n\n\n\t\t            \n\t\t\t\t\t\t\t\t\t\t\t\t\n\t\t\t\t\t    \n\n\t\t\t\t\t\t\t\t\t\t\t\t\t\t\t\t\t\t\n\n\n\n\t\t            \t<div class=\"hero-block__blocks__col col-md-4\">\n\n\t            \t\t\t<div class=\"hero-block__blocks__col__bg\"  style=\"background-image: url(https:\/\/www.evcargo.com\/wp-content\/uploads\/2021\/06\/Banners-2021-06-21T184926.428-348x387.png);  \"><\/div>\n\n\t\t\t\t\t\t\t<div class=\"hero-block__blocks__col__wrap\">\n                                <div class=\"content-container\">\n    \t\t\t\t\t\t\t\t<h4>Politique de confidentialit\u00e9<\/h4>    \t\t\t\t\t\t\t\t<div class=\"hover\">\n\t\t\t\t\t\t\t\t\t\t\t\t\t\t\t\t\t\t\t\t\t\t\t<p>Cette politique \u00e9tablit la mani\u00e8re dont nous traitons les informations que nous apprenons \u00e0 votre sujet lorsque vous visitez\u2026<\/p>\n\t\t\t\t\t\t\t\t\t\t\t    \t\t\t\t\t\t\t\t\t        \t\t\t\t\t\t\t\t\t<a href=\"https:\/\/www.evcargo.com\/en\/policies-and-statements\/privacy-policy\/\" target=\"_blank\" class=\"btn green-btn\">\n        \t\t\t\t\t\t\t\t\t\tEn savoir plus        \t\t\t\t\t\t\t\t\t<\/a>\n    \t\t\t\t\t\t\t\t\t    \t\t\t\t\t\t\t\t<\/div>\n    \t\t\t\t\t\t\t<\/div>\n\n\n\t\t\t\t\t\t\t<\/div>\n\n\t\t\t\t\t\t<\/div>\n\n\n\t\t            \n\t\t\t\t\t\t\t\t\t\t\t\t\n\t\t\t\t\t    \n\n\t\t\t\t\t\t\t\t\t\t\t\t\t\t\t\t\t\t\n\n\n\n\t\t            \t<div class=\"hero-block__blocks__col col-md-4\">\n\n\t            \t\t\t<div class=\"hero-block__blocks__col__bg\"  style=\"background-image: url(https:\/\/www.evcargo.com\/wp-content\/uploads\/2021\/06\/EVC-Packaging-Conference-348x387.png);  \"><\/div>\n\n\t\t\t\t\t\t\t<div class=\"hero-block__blocks__col__wrap\">\n                                <div class=\"content-container\">\n    \t\t\t\t\t\t\t\t<h4>Code de conduite des fournisseurs<\/h4>    \t\t\t\t\t\t\t\t<div class=\"hover\">\n\t\t\t\t\t\t\t\t\t\t\t\t\t\t\t\t\t\t\t\t\t\t\t<p>EV Cargo fonctionne sur le principe directeur d&#039;une concentration absolue sur le client et nous\u2026<\/p>\n\t\t\t\t\t\t\t\t\t\t\t    \t\t\t\t\t\t\t\t\t        \t\t\t\t\t\t\t\t\t<a href=\"https:\/\/www.evcargo.com\/wp-content\/uploads\/2025\/04\/GB_ET_POL_0004_Supplier-Code-of-Conduct.pdf\" target=\"_blank\" class=\"btn green-btn\">\n        \t\t\t\t\t\t\t\t\t\tEn savoir plus        \t\t\t\t\t\t\t\t\t<\/a>\n    \t\t\t\t\t\t\t\t\t    \t\t\t\t\t\t\t\t<\/div>\n    \t\t\t\t\t\t\t<\/div>\n\n\n\t\t\t\t\t\t\t<\/div>\n\n\t\t\t\t\t\t<\/div>\n\n\n\t\t            \n\t\t\t\t\t\t\t\t\t\t\t\t\n\t\t\t\t\t    \n\n\t\t\t\t\t\t\t\t\t\t\t\t\t\t\t\t\t\t\n\n\n\n\t\t            \t<div class=\"hero-block__blocks__col col-md-4\">\n\n\t            \t\t\t<div class=\"hero-block__blocks__col__bg\"  style=\"background-image: url(https:\/\/www.evcargo.com\/wp-content\/uploads\/2023\/06\/Heath-EV-cargo-Tour-497-348x387.jpg);  \"><\/div>\n\n\t\t\t\t\t\t\t<div class=\"hero-block__blocks__col__wrap\">\n                                <div class=\"content-container\">\n    \t\t\t\t\t\t\t\t<h4>Code de conduite des employ\u00e9s<\/h4>    \t\t\t\t\t\t\t\t<div class=\"hover\">\n\t\t\t\t\t\t\t\t\t\t\t\t\t\t\t\t\t\t\t\t\t\t\t<p>Chez EV Cargo, nous travaillons dur dans le cadre de notre fa\u00e7on de faire des affaires, en interne et<br \/>\next\u00e9rieurement.<\/p>\n\t\t\t\t\t\t\t\t\t\t\t    \t\t\t\t\t\t\t\t\t        \t\t\t\t\t\t\t\t\t<a href=\"https:\/\/www.evcargo.com\/wp-content\/uploads\/2023\/10\/Code-Of-Conduct-Final-October23.pdf\" target=\"_self\" class=\"btn green-btn\">\n        \t\t\t\t\t\t\t\t\t\tEn savoir plus        \t\t\t\t\t\t\t\t\t<\/a>\n    \t\t\t\t\t\t\t\t\t    \t\t\t\t\t\t\t\t<\/div>\n    \t\t\t\t\t\t\t<\/div>\n\n\n\t\t\t\t\t\t\t<\/div>\n\n\t\t\t\t\t\t<\/div>\n\n\n\t\t            \n\t\t\t\t\t\t\t\t\t\t\t\t\n\t\t\t\t\t    \n\n\t\t\t\t\t\t\t\t\t\t\t\t\t\t\t\t\t\t\n\n\n\n\t\t            \t<div class=\"hero-block__blocks__col col-md-4\">\n\n\t            \t\t\t<div class=\"hero-block__blocks__col__bg\"  style=\"background-image: url(https:\/\/www.evcargo.com\/wp-content\/uploads\/2021\/06\/42-348x387.png);  \"><\/div>\n\n\t\t\t\t\t\t\t<div class=\"hero-block__blocks__col__wrap\">\n                                <div class=\"content-container\">\n    \t\t\t\t\t\t\t\t<h4>Politique de d\u00e9nonciation<\/h4>    \t\t\t\t\t\t\t\t<div class=\"hover\">\n\t\t\t\t\t\t\t\t\t\t\t\t\t\t\t\t\t\t\t\t\t\t\t<p>EV Cargo encourage toutes les personnes \u00e0 faire part de leurs pr\u00e9occupations\u2026<\/p>\n\t\t\t\t\t\t\t\t\t\t\t    \t\t\t\t\t\t\t\t\t        \t\t\t\t\t\t\t\t\t<a href=\"https:\/\/www.evcargo.com\/wp-content\/uploads\/2025\/04\/GB_ET_POL_0005_Whistleblowing-Policy.pdf\" target=\"_blank\" class=\"btn green-btn\">\n        \t\t\t\t\t\t\t\t\t\tEn savoir plus        \t\t\t\t\t\t\t\t\t<\/a>\n    \t\t\t\t\t\t\t\t\t    \t\t\t\t\t\t\t\t<\/div>\n    \t\t\t\t\t\t\t<\/div>\n\n\n\t\t\t\t\t\t\t<\/div>\n\n\t\t\t\t\t\t<\/div>\n\n\n\t\t            \n\t\t\t\t\t\t\t\t\t\t\t\t\n\t\t\t\t\t    \n\n\t\t\t\t\t\t\t\t\t\t\t\t\t\t\t\t\t\t\n\n\n\n\t\t            \t<div class=\"hero-block__blocks__col col-md-4\">\n\n\t            \t\t\t<div class=\"hero-block__blocks__col__bg\"  style=\"background-image: url(https:\/\/www.evcargo.com\/wp-content\/uploads\/2021\/06\/EVCL-Chilll-HR-Policy-Images-1-348x387.png);  \"><\/div>\n\n\t\t\t\t\t\t\t<div class=\"hero-block__blocks__col__wrap\">\n                                <div class=\"content-container\">\n    \t\t\t\t\t\t\t\t<h4>Politique sur les cadeaux et l&#039;hospitalit\u00e9<\/h4>    \t\t\t\t\t\t\t\t<div class=\"hover\">\n\t\t\t\t\t\t\t\t\t\t\t\t\t\t\t\t\t\t\t\t\t\t\t<p>Il est important que les directives \u00e9nonc\u00e9es soient suivies dans tous les cas. L&#039;\u00e9tablissement de cadeaux et de divertissements peut cr\u00e9er de la bonne volont\u00e9 et \u00e9tablir la confiance dans les relations avec les contreparties et autres partenaires commerciaux.<\/p>\n\t\t\t\t\t\t\t\t\t\t\t    \t\t\t\t\t\t\t\t\t        \t\t\t\t\t\t\t\t\t<a href=\"https:\/\/www.evcargo.com\/wp-content\/uploads\/2021\/11\/20200907_Gifts-and-Hospitality-Approval-Process_EVC_Formatted.pdf\" target=\"_self\" class=\"btn green-btn\">\n        \t\t\t\t\t\t\t\t\t\tEn savoir plus        \t\t\t\t\t\t\t\t\t<\/a>\n    \t\t\t\t\t\t\t\t\t    \t\t\t\t\t\t\t\t<\/div>\n    \t\t\t\t\t\t\t<\/div>\n\n\n\t\t\t\t\t\t\t<\/div>\n\n\t\t\t\t\t\t<\/div>\n\n\n\t\t            \n\t\t\t\t\t\t\t\t\t\t\t\t\n\t\t\t\t\t    \n\n\t\t\t\t\t\t\t\t\t\t\t\t\t\t\t\t\t\t\n\n\n\n\t\t            \t<div class=\"hero-block__blocks__col col-md-4\">\n\n\t            \t\t\t<div class=\"hero-block__blocks__col__bg\"  style=\"background-image: url(https:\/\/www.evcargo.com\/wp-content\/uploads\/2021\/11\/Banners-15-348x387.png);  \"><\/div>\n\n\t\t\t\t\t\t\t<div class=\"hero-block__blocks__col__wrap\">\n                                <div class=\"content-container\">\n    \t\t\t\t\t\t\t\t<h4>Politique sur le plastique \u00e0 usage unique<\/h4>    \t\t\t\t\t\t\t\t<div class=\"hover\">\n\t\t\t\t\t\t\t\t\t\t\t\t\t\t\t\t\t\t\t\t\t\t\t<p>EV Cargo reconna\u00eet la n\u00e9cessit\u00e9 d\u2019int\u00e9grer des pratiques durables dans nos m\u00e9thodes de travail, pour contribuer \u00e0 fa\u00e7onner un monde meilleur pour demain.<\/p>\n\t\t\t\t\t\t\t\t\t\t\t    \t\t\t\t\t\t\t\t\t        \t\t\t\t\t\t\t\t\t<a href=\"https:\/\/www.evcargo.com\/wp-content\/uploads\/2022\/03\/GBESGPOL0001-Single-Use-Plastics-Policy-SE.pdf\" target=\"_self\" class=\"btn green-btn\">\n        \t\t\t\t\t\t\t\t\t\tEn savoir plus        \t\t\t\t\t\t\t\t\t<\/a>\n    \t\t\t\t\t\t\t\t\t    \t\t\t\t\t\t\t\t<\/div>\n    \t\t\t\t\t\t\t<\/div>\n\n\n\t\t\t\t\t\t\t<\/div>\n\n\t\t\t\t\t\t<\/div>\n\n\n\t\t            \n\t\t        \t<\/div>\n\n\t\t        \n\t<\/div>\n\n<\/section>\n\n\n\n<section  class=\"wide-image-text background__white\" height: ;\">\n\t\n\t<\/section>","protected":false},"excerpt":{"rendered":"<p>Avec nos politiques, nous imposons un standard \u00e9lev\u00e9 pour assurer une performance et une qualit\u00e9 \u00e9lev\u00e9es tant dans notre service que dans nos coll\u00e8gues.<\/p>","protected":false},"author":9,"featured_media":2054,"parent":0,"menu_order":0,"comment_status":"closed","ping_status":"closed","template":"","meta":{"_acf_changed":false,"footnotes":""},"class_list":["post-3722","page","type-page","status-publish","has-post-thumbnail","hentry"],"acf":[],"yoast_head":"<!-- This site is optimized with the Yoast SEO plugin v27.3 - https:\/\/yoast.com\/product\/yoast-seo-wordpress\/ -->\n<title>Policies and Statements - EV Cargo<\/title>\n<meta name=\"description\" content=\"Here you\u2019ll find all our policies and statements showing full transparency of our stance at EV Cargo. Contact us with your enquiries or to find out more.\" \/>\n<meta name=\"robots\" content=\"index, follow, max-snippet:-1, max-image-preview:large, max-video-preview:-1\" \/>\n<link rel=\"canonical\" href=\"https:\/\/www.evcargo.com\/fr\/policies-and-statements\/\" \/>\n<meta property=\"og:locale\" content=\"fr_FR\" \/>\n<meta property=\"og:type\" content=\"article\" \/>\n<meta property=\"og:title\" content=\"Policies and Statements - EV Cargo\" \/>\n<meta property=\"og:description\" content=\"Here you\u2019ll find all our policies and statements showing full transparency of our stance at EV Cargo. Contact us with your enquiries or to find out more.\" \/>\n<meta property=\"og:url\" content=\"https:\/\/www.evcargo.com\/fr\/policies-and-statements\/\" \/>\n<meta property=\"og:site_name\" content=\"EV Cargo\" \/>\n<meta property=\"article:modified_time\" content=\"2025-11-20T10:52:22+00:00\" \/>\n<meta property=\"og:image\" content=\"https:\/\/www.evcargo.com\/wp-content\/uploads\/2021\/06\/shutterstock_703134682-5-scaled.jpg\" \/>\n\t<meta property=\"og:image:width\" content=\"2560\" \/>\n\t<meta property=\"og:image:height\" content=\"1403\" \/>\n\t<meta property=\"og:image:type\" content=\"image\/jpeg\" \/>\n<meta name=\"twitter:card\" content=\"summary_large_image\" \/>\n<script type=\"application\/ld+json\" class=\"yoast-schema-graph\">{\"@context\":\"https:\\\/\\\/schema.org\",\"@graph\":[{\"@type\":\"WebPage\",\"@id\":\"https:\\\/\\\/www.evcargo.com\\\/policies-and-statements\\\/\",\"url\":\"https:\\\/\\\/www.evcargo.com\\\/policies-and-statements\\\/\",\"name\":\"Policies and Statements - EV Cargo\",\"isPartOf\":{\"@id\":\"https:\\\/\\\/www.evcargo.com\\\/de\\\/#website\"},\"primaryImageOfPage\":{\"@id\":\"https:\\\/\\\/www.evcargo.com\\\/policies-and-statements\\\/#primaryimage\"},\"image\":{\"@id\":\"https:\\\/\\\/www.evcargo.com\\\/policies-and-statements\\\/#primaryimage\"},\"thumbnailUrl\":\"https:\\\/\\\/www.evcargo.com\\\/wp-content\\\/uploads\\\/2021\\\/06\\\/shutterstock_703134682-5-scaled.jpg\",\"datePublished\":\"2021-07-12T13:41:41+00:00\",\"dateModified\":\"2025-11-20T10:52:22+00:00\",\"description\":\"Here you\u2019ll find all our policies and statements showing full transparency of our stance at EV Cargo. Contact us with your enquiries or to find out more.\",\"inLanguage\":\"fr-FR\",\"potentialAction\":[{\"@type\":\"ReadAction\",\"target\":[\"https:\\\/\\\/www.evcargo.com\\\/policies-and-statements\\\/\"]}]},{\"@type\":\"ImageObject\",\"inLanguage\":\"fr-FR\",\"@id\":\"https:\\\/\\\/www.evcargo.com\\\/policies-and-statements\\\/#primaryimage\",\"url\":\"https:\\\/\\\/www.evcargo.com\\\/wp-content\\\/uploads\\\/2021\\\/06\\\/shutterstock_703134682-5-scaled.jpg\",\"contentUrl\":\"https:\\\/\\\/www.evcargo.com\\\/wp-content\\\/uploads\\\/2021\\\/06\\\/shutterstock_703134682-5-scaled.jpg\",\"width\":2560,\"height\":1403},{\"@type\":\"WebSite\",\"@id\":\"https:\\\/\\\/www.evcargo.com\\\/de\\\/#website\",\"url\":\"https:\\\/\\\/www.evcargo.com\\\/de\\\/\",\"name\":\"EV Cargo\",\"description\":\"\",\"publisher\":{\"@id\":\"https:\\\/\\\/www.evcargo.com\\\/de\\\/#organization\"},\"potentialAction\":[{\"@type\":\"SearchAction\",\"target\":{\"@type\":\"EntryPoint\",\"urlTemplate\":\"https:\\\/\\\/www.evcargo.com\\\/de\\\/?s={search_term_string}\"},\"query-input\":{\"@type\":\"PropertyValueSpecification\",\"valueRequired\":true,\"valueName\":\"search_term_string\"}}],\"inLanguage\":\"fr-FR\"},{\"@type\":\"Organization\",\"@id\":\"https:\\\/\\\/www.evcargo.com\\\/de\\\/#organization\",\"name\":\"EV Cargo\",\"alternateName\":\"EVC\",\"url\":\"https:\\\/\\\/www.evcargo.com\\\/de\\\/\",\"logo\":{\"@type\":\"ImageObject\",\"inLanguage\":\"fr-FR\",\"@id\":\"https:\\\/\\\/www.evcargo.com\\\/de\\\/#\\\/schema\\\/logo\\\/image\\\/\",\"url\":\"https:\\\/\\\/www.evcargo.com\\\/wp-content\\\/uploads\\\/2025\\\/02\\\/ev-cargo-logo.png\",\"contentUrl\":\"https:\\\/\\\/www.evcargo.com\\\/wp-content\\\/uploads\\\/2025\\\/02\\\/ev-cargo-logo.png\",\"width\":364,\"height\":78,\"caption\":\"EV Cargo\"},\"image\":{\"@id\":\"https:\\\/\\\/www.evcargo.com\\\/de\\\/#\\\/schema\\\/logo\\\/image\\\/\"}}]}<\/script>\n<!-- \/ Yoast SEO plugin. -->","yoast_head_json":{"title":"Politiques et d\u00e9clarations - EV Cargo","description":"Vous trouverez ici toutes nos politiques et d\u00e9clarations, t\u00e9moignant d&#039;une transparence totale sur notre position chez EV Cargo. Contactez-nous pour toute question ou pour en savoir plus.","robots":{"index":"index","follow":"follow","max-snippet":"max-snippet:-1","max-image-preview":"max-image-preview:large","max-video-preview":"max-video-preview:-1"},"canonical":"https:\/\/www.evcargo.com\/fr\/policies-and-statements\/","og_locale":"fr_FR","og_type":"article","og_title":"Policies and Statements - EV Cargo","og_description":"Here you\u2019ll find all our policies and statements showing full transparency of our stance at EV Cargo. Contact us with your enquiries or to find out more.","og_url":"https:\/\/www.evcargo.com\/fr\/policies-and-statements\/","og_site_name":"EV Cargo","article_modified_time":"2025-11-20T10:52:22+00:00","og_image":[{"width":2560,"height":1403,"url":"https:\/\/www.evcargo.com\/wp-content\/uploads\/2021\/06\/shutterstock_703134682-5-scaled.jpg","type":"image\/jpeg"}],"twitter_card":"summary_large_image","schema":{"@context":"https:\/\/schema.org","@graph":[{"@type":"WebPage","@id":"https:\/\/www.evcargo.com\/policies-and-statements\/","url":"https:\/\/www.evcargo.com\/policies-and-statements\/","name":"Politiques et d\u00e9clarations - EV Cargo","isPartOf":{"@id":"https:\/\/www.evcargo.com\/de\/#website"},"primaryImageOfPage":{"@id":"https:\/\/www.evcargo.com\/policies-and-statements\/#primaryimage"},"image":{"@id":"https:\/\/www.evcargo.com\/policies-and-statements\/#primaryimage"},"thumbnailUrl":"https:\/\/www.evcargo.com\/wp-content\/uploads\/2021\/06\/shutterstock_703134682-5-scaled.jpg","datePublished":"2021-07-12T13:41:41+00:00","dateModified":"2025-11-20T10:52:22+00:00","description":"Vous trouverez ici toutes nos politiques et d\u00e9clarations, t\u00e9moignant d&#039;une transparence totale sur notre position chez EV Cargo. Contactez-nous pour toute question ou pour en savoir plus.","inLanguage":"fr-FR","potentialAction":[{"@type":"ReadAction","target":["https:\/\/www.evcargo.com\/policies-and-statements\/"]}]},{"@type":"ImageObject","inLanguage":"fr-FR","@id":"https:\/\/www.evcargo.com\/policies-and-statements\/#primaryimage","url":"https:\/\/www.evcargo.com\/wp-content\/uploads\/2021\/06\/shutterstock_703134682-5-scaled.jpg","contentUrl":"https:\/\/www.evcargo.com\/wp-content\/uploads\/2021\/06\/shutterstock_703134682-5-scaled.jpg","width":2560,"height":1403},{"@type":"WebSite","@id":"https:\/\/www.evcargo.com\/de\/#website","url":"https:\/\/www.evcargo.com\/de\/","name":"VE Cargo","description":"","publisher":{"@id":"https:\/\/www.evcargo.com\/de\/#organization"},"potentialAction":[{"@type":"SearchAction","target":{"@type":"EntryPoint","urlTemplate":"https:\/\/www.evcargo.com\/de\/?s={search_term_string}"},"query-input":{"@type":"PropertyValueSpecification","valueRequired":true,"valueName":"search_term_string"}}],"inLanguage":"fr-FR"},{"@type":"Organization","@id":"https:\/\/www.evcargo.com\/de\/#organization","name":"VE Cargo","alternateName":"EVC","url":"https:\/\/www.evcargo.com\/de\/","logo":{"@type":"ImageObject","inLanguage":"fr-FR","@id":"https:\/\/www.evcargo.com\/de\/#\/schema\/logo\/image\/","url":"https:\/\/www.evcargo.com\/wp-content\/uploads\/2025\/02\/ev-cargo-logo.png","contentUrl":"https:\/\/www.evcargo.com\/wp-content\/uploads\/2025\/02\/ev-cargo-logo.png","width":364,"height":78,"caption":"EV Cargo"},"image":{"@id":"https:\/\/www.evcargo.com\/de\/#\/schema\/logo\/image\/"}}]}},"_links":{"self":[{"href":"https:\/\/www.evcargo.com\/fr\/wp-json\/wp\/v2\/pages\/3722","targetHints":{"allow":["GET"]}}],"collection":[{"href":"https:\/\/www.evcargo.com\/fr\/wp-json\/wp\/v2\/pages"}],"about":[{"href":"https:\/\/www.evcargo.com\/fr\/wp-json\/wp\/v2\/types\/page"}],"author":[{"embeddable":true,"href":"https:\/\/www.evcargo.com\/fr\/wp-json\/wp\/v2\/users\/9"}],"replies":[{"embeddable":true,"href":"https:\/\/www.evcargo.com\/fr\/wp-json\/wp\/v2\/comments?post=3722"}],"version-history":[{"count":20,"href":"https:\/\/www.evcargo.com\/fr\/wp-json\/wp\/v2\/pages\/3722\/revisions"}],"predecessor-version":[{"id":285278,"href":"https:\/\/www.evcargo.com\/fr\/wp-json\/wp\/v2\/pages\/3722\/revisions\/285278"}],"wp:featuredmedia":[{"embeddable":true,"href":"https:\/\/www.evcargo.com\/fr\/wp-json\/wp\/v2\/media\/2054"}],"wp:attachment":[{"href":"https:\/\/www.evcargo.com\/fr\/wp-json\/wp\/v2\/media?parent=3722"}],"curies":[{"name":"wp","href":"https:\/\/api.w.org\/{rel}","templated":true}]}}