{"id":908,"date":"2021-05-19T15:39:00","date_gmt":"2021-05-19T14:39:00","guid":{"rendered":"https:\/\/evc.extramilecommunications.dev\/?page_id=908"},"modified":"2026-01-07T19:21:27","modified_gmt":"2026-01-07T19:21:27","slug":"our-people","status":"publish","type":"page","link":"https:\/\/www.evcargo.com\/fr\/why-ev-cargo\/our-people\/","title":{"rendered":"Notre peuple"},"content":{"rendered":"<section  class=\"hero-block bg-image\" data-aos=\"fade\" style=\"background-image: url(https:\/\/www.evcargo.com\/wp-content\/uploads\/2021\/07\/14639-089-1-1.jpg);\">\n\n\t<div class=\"container-fluid\">\n\n\t\t<div class=\"hero-block__titles\">\n\n\t\t\t<h1>Notre peuple<\/h1>\t\t\t\t\t\t\t\t\t\t\t\t<div class=\"wysiwyg\"><p>EV Cargo op\u00e8re \u00e0 l&#039;\u00e9chelle mondiale, en utilisant une approche de collaboration unique. Apprenez-en plus sur les experts qui ont une vaste exp\u00e9rience pratique de la gestion de la cha\u00eene d&#039;approvisionnement, de la logistique et des logiciels. EV Cargo poss\u00e8de une vaste exp\u00e9rience pour aider les entreprises \u00e0 atteindre leurs objectifs et \u00e0 passer au niveau sup\u00e9rieur.<\/p>\n<\/div>\t\t\t\t\t<\/div>\n\t\t\n\n\t\t        \n\t<\/div>\n\n<\/section>\n\n\t<div class=\"breadcrumbs\" typeof=\"BreadcrumbList\" vocab=\"https:\/\/schema.org\/\">\n\t\t<div class=\"container-fluid\">\n\t\t\t<span property=\"itemListElement\" typeof=\"ListItem\"><a property=\"item\" typeof=\"WebPage\" title=\"Aller \u00e0 EV Cargo.\" href=\"https:\/\/www.evcargo.com\/fr\" class=\"home\" aria-current=\"page\"><span property=\"name\">VE Cargo<\/span><\/a><meta property=\"position\" content=\"1\"><\/span>\t\t<\/div>\n\t<\/div>\n\n\n\n<section id=\"team-card-carousel-69e47ac492e1f\" class=\"team-card-carousel background__white\">\n    <div class=\"container-fluid container\">\n        <div class=\"written\">\n            <h2>Pr\u00e9sentation de notre conseil d&#039;administration<\/h2>\n        <\/div>\n                <div class=\"carousel managers-only\" style=\"transition: all 0.5s; max-height: 100000px; overflow: hidden;\">\n                            <div class=\"person\">\n                    <div class=\"image\" style=\"background-image: url('https:\/\/www.evcargo.com\/wp-content\/uploads\/2023\/06\/1-1.png')\" aria-description=\"A photo of Heath Zarin\" role=\"img\"><\/div>\n                    <div class=\"inner\">\n                        <p class=\"name\">Heath Zarine<\/p>\n                        <p class=\"job-title\">Pr\u00e9sident ex\u00e9cutif<\/p>\n                                                                                                                                            <p class=\"linkedin\"><a href=\"https:\/\/www.linkedin.com\/in\/heathzarin\/\"><i class=\"fab fa-linkedin-in\"><\/i> Se connecter avec Heath Zarin<\/a><\/p>\n                                                                                        \n                    <\/div>\n                <\/div>\n                            <div class=\"person\">\n                    <div class=\"image\" style=\"background-image: url('https:\/\/www.evcargo.com\/wp-content\/uploads\/2023\/06\/2-1.png')\" aria-description=\"A photo of Simon Pearson\" role=\"img\"><\/div>\n                    <div class=\"inner\">\n                        <p class=\"name\">Simon Pearson<\/p>\n                        <p class=\"job-title\">PDG du groupe<\/p>\n                                                                                                                                            <p class=\"linkedin\"><a href=\"https:\/\/www.linkedin.com\/in\/simonpearsonlogisticsshanghai\/\"><i class=\"fab fa-linkedin-in\"><\/i> Connectez-vous avec Simon Pearson<\/a><\/p>\n                                                                                        \n                    <\/div>\n                <\/div>\n                            <div class=\"person\">\n                    <div class=\"image\" style=\"background-image: url('https:\/\/www.evcargo.com\/wp-content\/uploads\/2023\/06\/3-1.png')\" aria-description=\"A photo of Chia Min Tan\" role=\"img\"><\/div>\n                    <div class=\"inner\">\n                        <p class=\"name\">Chia Min Tan<\/p>\n                        <p class=\"job-title\">Directeur financier<\/p>\n                                                                                                                                            <p class=\"linkedin\"><a href=\"https:\/\/www.linkedin.com\/in\/chia-min-tan-35a7964\/\"><i class=\"fab fa-linkedin-in\"><\/i> Connectez-vous avec Chia Min Tan<\/a><\/p>\n                                                                                        \n                    <\/div>\n                <\/div>\n                            <div class=\"person\">\n                    <div class=\"image\" style=\"background-image: url('https:\/\/www.evcargo.com\/wp-content\/uploads\/2023\/06\/4.png')\" aria-description=\"A photo of Paul Coutts\" role=\"img\"><\/div>\n                    <div class=\"inner\">\n                        <p class=\"name\">Paul Coutts<\/p>\n                        <p class=\"job-title\">Pr\u00e9sident-directeur g\u00e9n\u00e9ral, Global Forwarding and Technology<\/p>\n                                                                                                                                            <p class=\"linkedin\"><a href=\"https:\/\/www.linkedin.com\/in\/paulcoutts2009\/\"><i class=\"fab fa-linkedin-in\"><\/i> Connectez-vous avec Paul Coutts<\/a><\/p>\n                                                                                        \n                    <\/div>\n                <\/div>\n                            <div class=\"person\">\n                    <div class=\"image\" style=\"background-image: url('https:\/\/www.evcargo.com\/wp-content\/uploads\/2023\/06\/Dave-1.png')\" aria-description=\"A photo of Dave Holland\" role=\"img\"><\/div>\n                    <div class=\"inner\">\n                        <p class=\"name\">David Hollande<\/p>\n                        <p class=\"job-title\">Vice-pr\u00e9sident ex\u00e9cutif \u2013 Marketing et communications<\/p>\n                                                                                                                                            <p class=\"linkedin\"><a href=\"https:\/\/www.linkedin.com\/in\/dave-holland-b7224316\/\"><i class=\"fab fa-linkedin-in\"><\/i> Connectez-vous avec Dave Holland<\/a><\/p>\n                                                                                        \n                    <\/div>\n                <\/div>\n                            <div class=\"person\">\n                    <div class=\"image\" style=\"background-image: url('https:\/\/www.evcargo.com\/wp-content\/uploads\/2023\/06\/Dean.png')\" aria-description=\"A photo of Dean Hughes\" role=\"img\"><\/div>\n                    <div class=\"inner\">\n                        <p class=\"name\">Dean Hugues<\/p>\n                        <p class=\"job-title\">Vice-pr\u00e9sident ex\u00e9cutif - Technologies de l&#039;information<\/p>\n                                                                                                                                            <p class=\"linkedin\"><a href=\"https:\/\/www.linkedin.com\/in\/hughes\/\"><i class=\"fab fa-linkedin-in\"><\/i> Connectez-vous avec Dean Hughes<\/a><\/p>\n                                                                                        \n                    <\/div>\n                <\/div>\n                    <\/div>\n        <div class=\"controls\" style=\"display: flex; justify-content: center;\">\n            <button type=\"button\" name=\"button\" class=\"btn green-btn card-toggle\" onclick=\"toggleCards('team-card-carousel-69e47ac492e1f')\">Voir tous les membres du conseil<\/button>\n        <\/div>\n            <\/div>\n<\/section>\n\n<section id=\"team-card-carousel-69e47ac492e1f-search\" class=\"team-search managers-only\" style=\"transition: all 0.5s; max-height: 0px; overflow: hidden;\">\n    <div class=\"container-fluid\">\n        <div class=\"team-grid team-search-results\">\n                            <div class=\"person\" style=\"transition-delay: 800ms;\">\n                    <div class=\"image\" role=\"img\" style=\"background-image: url('https:\/\/www.evcargo.com\/wp-content\/uploads\/2023\/06\/1-1.png');\" aria-description=\"A photo of Heath Zarin\"><\/div>\n                    <div class=\"inner\">\n                        <p class=\"name\">Heath Zarine<\/p>\n                        <p class=\"job-title\">Pr\u00e9sident ex\u00e9cutif<\/p>\n                                                                                                                                            <p class=\"linkedin\"><a href=\"https:\/\/www.linkedin.com\/in\/heathzarin\/\"><i class=\"fab fa-linkedin-in\"><\/i> Se connecter avec Heath Zarin<\/a><\/p>\n                                                                                        \n                    <\/div>\n                <\/div>\n                            <div class=\"person\" style=\"transition-delay: 800ms;\">\n                    <div class=\"image\" role=\"img\" style=\"background-image: url('https:\/\/www.evcargo.com\/wp-content\/uploads\/2023\/06\/2-1.png');\" aria-description=\"A photo of Simon Pearson\"><\/div>\n                    <div class=\"inner\">\n                        <p class=\"name\">Simon Pearson<\/p>\n                        <p class=\"job-title\">PDG du groupe<\/p>\n                                                                                                                                            <p class=\"linkedin\"><a href=\"https:\/\/www.linkedin.com\/in\/simonpearsonlogisticsshanghai\/\"><i class=\"fab fa-linkedin-in\"><\/i> Connectez-vous avec Simon Pearson<\/a><\/p>\n                                                                                        \n                    <\/div>\n                <\/div>\n                            <div class=\"person\" style=\"transition-delay: 800ms;\">\n                    <div class=\"image\" role=\"img\" style=\"background-image: url('https:\/\/www.evcargo.com\/wp-content\/uploads\/2023\/06\/3-1.png');\" aria-description=\"A photo of Chia Min Tan\"><\/div>\n                    <div class=\"inner\">\n                        <p class=\"name\">Chia Min Tan<\/p>\n                        <p class=\"job-title\">Directeur financier<\/p>\n                                                                                                                                            <p class=\"linkedin\"><a href=\"https:\/\/www.linkedin.com\/in\/chia-min-tan-35a7964\/\"><i class=\"fab fa-linkedin-in\"><\/i> Connectez-vous avec Chia Min Tan<\/a><\/p>\n                                                                                        \n                    <\/div>\n                <\/div>\n                            <div class=\"person\" style=\"transition-delay: 800ms;\">\n                    <div class=\"image\" role=\"img\" style=\"background-image: url('https:\/\/www.evcargo.com\/wp-content\/uploads\/2023\/06\/4.png');\" aria-description=\"A photo of Paul Coutts\"><\/div>\n                    <div class=\"inner\">\n                        <p class=\"name\">Paul Coutts<\/p>\n                        <p class=\"job-title\">Pr\u00e9sident-directeur g\u00e9n\u00e9ral, Global Forwarding and Technology<\/p>\n                                                                                                                                            <p class=\"linkedin\"><a href=\"https:\/\/www.linkedin.com\/in\/paulcoutts2009\/\"><i class=\"fab fa-linkedin-in\"><\/i> Connectez-vous avec Paul Coutts<\/a><\/p>\n                                                                                        \n                    <\/div>\n                <\/div>\n                            <div class=\"person\" style=\"transition-delay: 800ms;\">\n                    <div class=\"image\" role=\"img\" style=\"background-image: url('https:\/\/www.evcargo.com\/wp-content\/uploads\/2023\/06\/Dave-1.png');\" aria-description=\"A photo of Dave Holland\"><\/div>\n                    <div class=\"inner\">\n                        <p class=\"name\">David Hollande<\/p>\n                        <p class=\"job-title\">Vice-pr\u00e9sident ex\u00e9cutif \u2013 Marketing et communications<\/p>\n                                                                                                                                            <p class=\"linkedin\"><a href=\"https:\/\/www.linkedin.com\/in\/dave-holland-b7224316\/\"><i class=\"fab fa-linkedin-in\"><\/i> Connectez-vous avec Dave Holland<\/a><\/p>\n                                                                                        \n                    <\/div>\n                <\/div>\n                            <div class=\"person\" style=\"transition-delay: 800ms;\">\n                    <div class=\"image\" role=\"img\" style=\"background-image: url('https:\/\/www.evcargo.com\/wp-content\/uploads\/2023\/06\/Dean.png');\" aria-description=\"A photo of Dean Hughes\"><\/div>\n                    <div class=\"inner\">\n                        <p class=\"name\">Dean Hugues<\/p>\n                        <p class=\"job-title\">Vice-pr\u00e9sident ex\u00e9cutif - Technologies de l&#039;information<\/p>\n                                                                                                                                            <p class=\"linkedin\"><a href=\"https:\/\/www.linkedin.com\/in\/hughes\/\"><i class=\"fab fa-linkedin-in\"><\/i> Connectez-vous avec Dean Hughes<\/a><\/p>\n                                                                                        \n                    <\/div>\n                <\/div>\n                    <\/div>\n    <\/div>\n<\/section>\n<script type=\"text\/javascript\">\n    function toggleCards(blockId) {\n        var section = document.getElementById(blockId);\n        var searchSection = document.getElementById(blockId + '-search');\n        var carousel = section.querySelector('.carousel');\n        var button = section.querySelector('.card-toggle');\n\n        if (carousel.style.maxHeight == \"0px\") {\n            carousel.style.maxHeight = \"100000px\";\n            searchSection.style.maxHeight = \"0px\";\n            button.innerHTML = \"View all board members\";\n        } else {\n            carousel.style.maxHeight = \"0px\";\n            searchSection.style.maxHeight = \"10000px\";\n            button.innerHTML = \"View carousel\";\n        }\n    }\n<\/script>\n\n\n<section  class=\"wide-image-text background__white\" height: ;\">\n\t\n\t<\/section>","protected":false},"excerpt":{"rendered":"","protected":false},"author":5,"featured_media":98257,"parent":1159,"menu_order":0,"comment_status":"closed","ping_status":"closed","template":"","meta":{"_acf_changed":false,"footnotes":""},"class_list":["post-908","page","type-page","status-publish","has-post-thumbnail","hentry"],"acf":[],"yoast_head":"<!-- This site is optimized with the Yoast SEO plugin v27.3 - https:\/\/yoast.com\/product\/yoast-seo-wordpress\/ -->\n<title>Our People | EV Cargo<\/title>\n<meta name=\"description\" content=\"As supply chain management experts, EV Cargo has extensive hands-on experience in helping business achieve their goals.\" \/>\n<meta name=\"robots\" content=\"index, follow, max-snippet:-1, max-image-preview:large, max-video-preview:-1\" \/>\n<link rel=\"canonical\" href=\"https:\/\/www.evcargo.com\/fr\/why-ev-cargo\/our-people\/\" \/>\n<meta property=\"og:locale\" content=\"fr_FR\" \/>\n<meta property=\"og:type\" content=\"article\" \/>\n<meta property=\"og:title\" content=\"Our People | EV Cargo\" \/>\n<meta property=\"og:description\" content=\"As supply chain management experts, EV Cargo has extensive hands-on experience in helping business achieve their goals.\" \/>\n<meta property=\"og:url\" content=\"https:\/\/www.evcargo.com\/fr\/why-ev-cargo\/our-people\/\" \/>\n<meta property=\"og:site_name\" content=\"EV Cargo\" \/>\n<meta property=\"article:modified_time\" content=\"2026-01-07T19:21:27+00:00\" \/>\n<meta property=\"og:image\" content=\"https:\/\/www.evcargo.com\/wp-content\/uploads\/2021\/07\/14639-089-1-1.jpg\" \/>\n\t<meta property=\"og:image:width\" content=\"2400\" \/>\n\t<meta property=\"og:image:height\" content=\"1600\" \/>\n\t<meta property=\"og:image:type\" content=\"image\/jpeg\" \/>\n<meta name=\"twitter:card\" content=\"summary_large_image\" \/>\n<script type=\"application\/ld+json\" class=\"yoast-schema-graph\">{\"@context\":\"https:\\\/\\\/schema.org\",\"@graph\":[{\"@type\":\"WebPage\",\"@id\":\"https:\\\/\\\/www.evcargo.com\\\/why-ev-cargo\\\/our-people\\\/\",\"url\":\"https:\\\/\\\/www.evcargo.com\\\/why-ev-cargo\\\/our-people\\\/\",\"name\":\"Our People | EV Cargo\",\"isPartOf\":{\"@id\":\"https:\\\/\\\/www.evcargo.com\\\/de\\\/#website\"},\"primaryImageOfPage\":{\"@id\":\"https:\\\/\\\/www.evcargo.com\\\/why-ev-cargo\\\/our-people\\\/#primaryimage\"},\"image\":{\"@id\":\"https:\\\/\\\/www.evcargo.com\\\/why-ev-cargo\\\/our-people\\\/#primaryimage\"},\"thumbnailUrl\":\"https:\\\/\\\/www.evcargo.com\\\/wp-content\\\/uploads\\\/2021\\\/07\\\/14639-089-1-1.jpg\",\"datePublished\":\"2021-05-19T14:39:00+00:00\",\"dateModified\":\"2026-01-07T19:21:27+00:00\",\"description\":\"As supply chain management experts, EV Cargo has extensive hands-on experience in helping business achieve their goals.\",\"breadcrumb\":{\"@id\":\"https:\\\/\\\/www.evcargo.com\\\/why-ev-cargo\\\/our-people\\\/#breadcrumb\"},\"inLanguage\":\"fr-FR\",\"potentialAction\":[{\"@type\":\"ReadAction\",\"target\":[\"https:\\\/\\\/www.evcargo.com\\\/why-ev-cargo\\\/our-people\\\/\"]}]},{\"@type\":\"ImageObject\",\"inLanguage\":\"fr-FR\",\"@id\":\"https:\\\/\\\/www.evcargo.com\\\/why-ev-cargo\\\/our-people\\\/#primaryimage\",\"url\":\"https:\\\/\\\/www.evcargo.com\\\/wp-content\\\/uploads\\\/2021\\\/07\\\/14639-089-1-1.jpg\",\"contentUrl\":\"https:\\\/\\\/www.evcargo.com\\\/wp-content\\\/uploads\\\/2021\\\/07\\\/14639-089-1-1.jpg\",\"width\":2400,\"height\":1600},{\"@type\":\"BreadcrumbList\",\"@id\":\"https:\\\/\\\/www.evcargo.com\\\/why-ev-cargo\\\/our-people\\\/#breadcrumb\",\"itemListElement\":[{\"@type\":\"ListItem\",\"position\":1,\"name\":\"Why EV Cargo?\",\"item\":\"https:\\\/\\\/www.evcargo.com\\\/why-ev-cargo\\\/\"},{\"@type\":\"ListItem\",\"position\":2,\"name\":\"Our People\"}]},{\"@type\":\"WebSite\",\"@id\":\"https:\\\/\\\/www.evcargo.com\\\/de\\\/#website\",\"url\":\"https:\\\/\\\/www.evcargo.com\\\/de\\\/\",\"name\":\"EV Cargo\",\"description\":\"\",\"publisher\":{\"@id\":\"https:\\\/\\\/www.evcargo.com\\\/de\\\/#organization\"},\"potentialAction\":[{\"@type\":\"SearchAction\",\"target\":{\"@type\":\"EntryPoint\",\"urlTemplate\":\"https:\\\/\\\/www.evcargo.com\\\/de\\\/?s={search_term_string}\"},\"query-input\":{\"@type\":\"PropertyValueSpecification\",\"valueRequired\":true,\"valueName\":\"search_term_string\"}}],\"inLanguage\":\"fr-FR\"},{\"@type\":\"Organization\",\"@id\":\"https:\\\/\\\/www.evcargo.com\\\/de\\\/#organization\",\"name\":\"EV Cargo\",\"alternateName\":\"EVC\",\"url\":\"https:\\\/\\\/www.evcargo.com\\\/de\\\/\",\"logo\":{\"@type\":\"ImageObject\",\"inLanguage\":\"fr-FR\",\"@id\":\"https:\\\/\\\/www.evcargo.com\\\/de\\\/#\\\/schema\\\/logo\\\/image\\\/\",\"url\":\"https:\\\/\\\/www.evcargo.com\\\/wp-content\\\/uploads\\\/2025\\\/02\\\/ev-cargo-logo.png\",\"contentUrl\":\"https:\\\/\\\/www.evcargo.com\\\/wp-content\\\/uploads\\\/2025\\\/02\\\/ev-cargo-logo.png\",\"width\":364,\"height\":78,\"caption\":\"EV Cargo\"},\"image\":{\"@id\":\"https:\\\/\\\/www.evcargo.com\\\/de\\\/#\\\/schema\\\/logo\\\/image\\\/\"}}]}<\/script>\n<!-- \/ Yoast SEO plugin. -->","yoast_head_json":{"title":"Notre \u00e9quipe | Transport de v\u00e9hicules \u00e9lectriques","description":"En tant qu&#039;experts en gestion de la cha\u00eene d&#039;approvisionnement, EV Cargo poss\u00e8de une vaste exp\u00e9rience pratique pour aider les entreprises \u00e0 atteindre leurs objectifs.","robots":{"index":"index","follow":"follow","max-snippet":"max-snippet:-1","max-image-preview":"max-image-preview:large","max-video-preview":"max-video-preview:-1"},"canonical":"https:\/\/www.evcargo.com\/fr\/why-ev-cargo\/our-people\/","og_locale":"fr_FR","og_type":"article","og_title":"Our People | EV Cargo","og_description":"As supply chain management experts, EV Cargo has extensive hands-on experience in helping business achieve their goals.","og_url":"https:\/\/www.evcargo.com\/fr\/why-ev-cargo\/our-people\/","og_site_name":"EV Cargo","article_modified_time":"2026-01-07T19:21:27+00:00","og_image":[{"width":2400,"height":1600,"url":"https:\/\/www.evcargo.com\/wp-content\/uploads\/2021\/07\/14639-089-1-1.jpg","type":"image\/jpeg"}],"twitter_card":"summary_large_image","schema":{"@context":"https:\/\/schema.org","@graph":[{"@type":"WebPage","@id":"https:\/\/www.evcargo.com\/why-ev-cargo\/our-people\/","url":"https:\/\/www.evcargo.com\/why-ev-cargo\/our-people\/","name":"Notre \u00e9quipe | Transport de v\u00e9hicules \u00e9lectriques","isPartOf":{"@id":"https:\/\/www.evcargo.com\/de\/#website"},"primaryImageOfPage":{"@id":"https:\/\/www.evcargo.com\/why-ev-cargo\/our-people\/#primaryimage"},"image":{"@id":"https:\/\/www.evcargo.com\/why-ev-cargo\/our-people\/#primaryimage"},"thumbnailUrl":"https:\/\/www.evcargo.com\/wp-content\/uploads\/2021\/07\/14639-089-1-1.jpg","datePublished":"2021-05-19T14:39:00+00:00","dateModified":"2026-01-07T19:21:27+00:00","description":"En tant qu&#039;experts en gestion de la cha\u00eene d&#039;approvisionnement, EV Cargo poss\u00e8de une vaste exp\u00e9rience pratique pour aider les entreprises \u00e0 atteindre leurs objectifs.","breadcrumb":{"@id":"https:\/\/www.evcargo.com\/why-ev-cargo\/our-people\/#breadcrumb"},"inLanguage":"fr-FR","potentialAction":[{"@type":"ReadAction","target":["https:\/\/www.evcargo.com\/why-ev-cargo\/our-people\/"]}]},{"@type":"ImageObject","inLanguage":"fr-FR","@id":"https:\/\/www.evcargo.com\/why-ev-cargo\/our-people\/#primaryimage","url":"https:\/\/www.evcargo.com\/wp-content\/uploads\/2021\/07\/14639-089-1-1.jpg","contentUrl":"https:\/\/www.evcargo.com\/wp-content\/uploads\/2021\/07\/14639-089-1-1.jpg","width":2400,"height":1600},{"@type":"BreadcrumbList","@id":"https:\/\/www.evcargo.com\/why-ev-cargo\/our-people\/#breadcrumb","itemListElement":[{"@type":"ListItem","position":1,"name":"Why EV Cargo?","item":"https:\/\/www.evcargo.com\/why-ev-cargo\/"},{"@type":"ListItem","position":2,"name":"Our People"}]},{"@type":"WebSite","@id":"https:\/\/www.evcargo.com\/de\/#website","url":"https:\/\/www.evcargo.com\/de\/","name":"VE Cargo","description":"","publisher":{"@id":"https:\/\/www.evcargo.com\/de\/#organization"},"potentialAction":[{"@type":"SearchAction","target":{"@type":"EntryPoint","urlTemplate":"https:\/\/www.evcargo.com\/de\/?s={search_term_string}"},"query-input":{"@type":"PropertyValueSpecification","valueRequired":true,"valueName":"search_term_string"}}],"inLanguage":"fr-FR"},{"@type":"Organization","@id":"https:\/\/www.evcargo.com\/de\/#organization","name":"VE Cargo","alternateName":"EVC","url":"https:\/\/www.evcargo.com\/de\/","logo":{"@type":"ImageObject","inLanguage":"fr-FR","@id":"https:\/\/www.evcargo.com\/de\/#\/schema\/logo\/image\/","url":"https:\/\/www.evcargo.com\/wp-content\/uploads\/2025\/02\/ev-cargo-logo.png","contentUrl":"https:\/\/www.evcargo.com\/wp-content\/uploads\/2025\/02\/ev-cargo-logo.png","width":364,"height":78,"caption":"EV Cargo"},"image":{"@id":"https:\/\/www.evcargo.com\/de\/#\/schema\/logo\/image\/"}}]}},"_links":{"self":[{"href":"https:\/\/www.evcargo.com\/fr\/wp-json\/wp\/v2\/pages\/908","targetHints":{"allow":["GET"]}}],"collection":[{"href":"https:\/\/www.evcargo.com\/fr\/wp-json\/wp\/v2\/pages"}],"about":[{"href":"https:\/\/www.evcargo.com\/fr\/wp-json\/wp\/v2\/types\/page"}],"author":[{"embeddable":true,"href":"https:\/\/www.evcargo.com\/fr\/wp-json\/wp\/v2\/users\/5"}],"replies":[{"embeddable":true,"href":"https:\/\/www.evcargo.com\/fr\/wp-json\/wp\/v2\/comments?post=908"}],"version-history":[{"count":2,"href":"https:\/\/www.evcargo.com\/fr\/wp-json\/wp\/v2\/pages\/908\/revisions"}],"predecessor-version":[{"id":294384,"href":"https:\/\/www.evcargo.com\/fr\/wp-json\/wp\/v2\/pages\/908\/revisions\/294384"}],"up":[{"embeddable":true,"href":"https:\/\/www.evcargo.com\/fr\/wp-json\/wp\/v2\/pages\/1159"}],"wp:featuredmedia":[{"embeddable":true,"href":"https:\/\/www.evcargo.com\/fr\/wp-json\/wp\/v2\/media\/98257"}],"wp:attachment":[{"href":"https:\/\/www.evcargo.com\/fr\/wp-json\/wp\/v2\/media?parent=908"}],"curies":[{"name":"wp","href":"https:\/\/api.w.org\/{rel}","templated":true}]}}