{"id":98041,"date":"2021-07-12T15:30:46","date_gmt":"2021-07-12T14:30:46","guid":{"rendered":"https:\/\/evc.extramilecommunications.dev\/?page_id=98041"},"modified":"2021-11-30T15:44:48","modified_gmt":"2021-11-30T15:44:48","slug":"integrated-management-systems-policy-statement","status":"publish","type":"page","link":"https:\/\/www.evcargo.com\/fr\/policies-and-statements\/integrated-management-systems-policy-statement\/","title":{"rendered":"\u00c9nonc\u00e9 de politique sur les syst\u00e8mes de gestion int\u00e9gr\u00e9s"},"content":{"rendered":"<section  class=\"small-banner\" style=\" background-color:#D8D8D8 \">\n\n\t<div class=\"container-fluid\">\n\n\t\t<h1>\u00c9nonc\u00e9 de politique sur les syst\u00e8mes de gestion int\u00e9gr\u00e9s<\/h1>\n\t<\/div>\n\n<\/section>\n\n<div class=\"breadcrumbs\" typeof=\"BreadcrumbList\" vocab=\"https:\/\/schema.org\/\">\n\t<div class=\"container-fluid\">\n\n\t\t<span property=\"itemListElement\" typeof=\"ListItem\"><a property=\"item\" typeof=\"WebPage\" title=\"Aller \u00e0 EV Cargo.\" href=\"https:\/\/www.evcargo.com\/fr\" class=\"home\" aria-current=\"page\"><span property=\"name\">VE Cargo<\/span><\/a><meta property=\"position\" content=\"1\"><\/span>\t<\/div>\n<\/div>\n\n\n<div class=\"breadcrumbs align  wp-block-bcn-breadcrumb-trail has-text-color has-background\" vocab=\"https:\/\/schema.org\/\" typeof=\"BreadcrumbList\">\n\t<span><\/span>\n\t<span property=\"itemListElement\" typeof=\"ListItem\"><a property=\"item\" typeof=\"WebPage\" title=\"Aller \u00e0 EV Cargo.\" href=\"https:\/\/www.evcargo.com\/fr\" class=\"home\" aria-current=\"page\"><span property=\"name\">VE Cargo<\/span><\/a><meta property=\"position\" content=\"1\"><\/span><\/div>\n\n\n<section  class=\"wysiwyg\">\n\n\t<div class=\"container-fluid\">\n\n\t<p>Syst\u00e8mes de gestion int\u00e9gr\u00e9s\/POL\/6001 \u00c9dition 2 05\/03\/2020<\/p>\n<h3>\u00c9nonc\u00e9 de politique sur les syst\u00e8mes de gestion int\u00e9gr\u00e9s<\/h3>\n<p>En tant qu&#039;entreprise de cha\u00eene d&#039;approvisionnement et de transport de marchandises, EV Cargo Global Forwarding reconna\u00eet l&#039;importance de la protection de l&#039;environnement, de la s\u00e9curit\u00e9 et de la sant\u00e9 de ses employ\u00e9s et s&#039;engage \u00e0 exploiter son entreprise de mani\u00e8re responsable et conform\u00e9ment \u00e0 toutes les exigences l\u00e9gales. Notre objectif est de mettre en \u0153uvre toutes les mesures raisonnablement possibles pour r\u00e9pondre \u00e0 toutes les exigences n\u00e9cessaires et d&#039;am\u00e9liorer continuellement les performances en mati\u00e8re de s\u00e9curit\u00e9, de sant\u00e9, d&#039;environnement et de qualit\u00e9.<\/p>\n<p>L&#039;organisation encouragera : - La sensibilisation et la compr\u00e9hension de la s\u00e9curit\u00e9, de la sant\u00e9, de l&#039;environnement et de la qualit\u00e9 chez tous les employ\u00e9s, fournisseurs, clients, sous-traitants et autres parties prenantes ; en garantissant le respect des exigences de la l\u00e9gislation et de la pr\u00e9sente politique. Nous examinons les performances de nos syst\u00e8mes de gestion int\u00e9gr\u00e9s au moins une fois par an pour identifier les domaines d&#039;am\u00e9lioration, fixer des objectifs sp\u00e9cifiques et des dates cibles pour les r\u00e9alisations afin d&#039;am\u00e9liorer continuellement nos processus et proc\u00e9dures.<\/p>\n<p>EV Cargo Global Forwarding s&#039;engage \u00e0 :<\/p>\n<ul>\n<li>Prot\u00e9ger l&#039;environnement, la sant\u00e9, la s\u00e9curit\u00e9, le bien-\u00eatre et la s\u00fbret\u00e9 de nos coll\u00e8gues pour promouvoir une culture positive et engag\u00e9e dans toute l&#039;organisation<\/li>\n<li>Fournir les ressources et l&#039;environnement n\u00e9cessaires pour promouvoir des pratiques de travail s\u00fbres et propres<\/li>\n<li>Assurer que les responsabilit\u00e9s et les autorit\u00e9s sont d\u00e9termin\u00e9es, communiqu\u00e9es et soutenues<\/li>\n<li>Veiller \u00e0 ce que les bonnes pratiques de l\u2019industrie soient utilis\u00e9es \u00e0 tout moment<\/li>\n<li>Maintenir et am\u00e9liorer les attentes et la satisfaction des clients<\/li>\n<\/ul>\n<p>Pour y parvenir, nous allons :<\/p>\n<ul>\n<li>Montrer l&#039;exemple en int\u00e9grant les responsabilit\u00e9s IMS dans les pratiques de travail quotidiennes<\/li>\n<li>Maintenir et r\u00e9viser un registre des risques et des opportunit\u00e9s en relation avec nos parties int\u00e9ress\u00e9es<\/li>\n<li>Investir dans nos collaborateurs et garantir des infrastructures, des \u00e9quipements, des processus et des syst\u00e8mes ad\u00e9quats<\/li>\n<li>Assurez-vous que tout le personnel est inform\u00e9 de la d\u00e9claration de politique IMS<\/li>\n<li>Promouvoir une r\u00e9flexion bas\u00e9e sur le risque<\/li>\n<li>Surveiller et mesurer tous les aspects de l&#039;IMS via des inspections et des audits r\u00e9guliers, tant en interne qu&#039;en externe, engager, consulter et communiquer avec nos coll\u00e8gues et fournir des informations, des instructions, une formation et une supervision pour assurer et am\u00e9liorer la sensibilisation et les comp\u00e9tences de l&#039;IMS<\/li>\n<\/ul>\n<h4>S\u00e9curit\u00e9 et sant\u00e9<\/h4>\n<p>R\u00e9duire et att\u00e9nuer les risques de maladie, d\u2019accidents, de dangers et d\u2019accidents \u00e9vit\u00e9s de justesse en :<\/p>\n<ul>\n<li>Maintenir des conditions de travail s\u00fbres et saines, fournir et entretenir des installations, des \u00e9quipements ou des machines et assurer le stockage et la manipulation s\u00fbrs des substances.<\/li>\n<li>S&#039;assurer qu&#039;un plan d&#039;intervention d&#039;urgence et d&#039;\u00e9vacuation est mis en \u0153uvre et test\u00e9<\/li>\n<li>Promouvoir la s\u00e9curit\u00e9, la sant\u00e9, le bien-\u00eatre et un environnement plus vert pour tous ceux qui sont associ\u00e9s \u00e0 EV Cargo Global Forwarding<\/li>\n<li>S&#039;assurer que les coll\u00e8gues comprennent qu&#039;ils ont \u00e9galement une responsabilit\u00e9 envers leur propre sant\u00e9 et s\u00e9curit\u00e9 et envers ceux qui peuvent \u00eatre affect\u00e9s par leur travail<\/li>\n<\/ul>\n<h4>Impacts environnementaux<\/h4>\n<p>Notre objectif est de r\u00e9duire de mani\u00e8re absolue et globale notre empreinte carbone. Apr\u00e8s avoir examin\u00e9 sp\u00e9cifiquement nos activit\u00e9s et services au Royaume-Uni, nos impacts environnementaux significatifs sont associ\u00e9s \u00e0 la consommation de carburant, au trafic routier, \u00e0 la consommation d&#039;\u00e9nergie et \u00e0 l&#039;\u00e9limination des d\u00e9chets. Afin de r\u00e9duire autant que possible les impacts n\u00e9gatifs, nous nous engageons \u00e0 respecter les principes suivants :<\/p>\n<ul>\n<li>Am\u00e9liorer continuellement le recyclage et l&#039;\u00e9limination des d\u00e9chets<\/li>\n<li>R\u00e9duire les \u00e9missions de carbone et la consommation d&#039;\u00e9nergie et d&#039;eau<\/li>\n<li>Surveiller nos activit\u00e9s et nos processus pour garantir une utilisation efficace des ressources et minimiser la production de d\u00e9chets<\/li>\n<li>Identifier les domaines d\u2019activit\u00e9 commerciale susceptibles de provoquer une pollution et mettre en \u0153uvre des mesures suffisantes.<br \/>\nmesures de contr\u00f4le pour pr\u00e9venir la pollution<\/li>\n<\/ul>\n<h4>Qualit\u00e9<\/h4>\n<p>Maintenir et am\u00e9liorer la satisfaction de nos clients en :<\/p>\n<ul>\n<li>Rechercher des commentaires structur\u00e9s de la part de nos clients<\/li>\n<li>Identifier, mettre en \u0153uvre et maintenir des syst\u00e8mes d&#039;am\u00e9lioration des processus<\/li>\n<li>Promouvoir en permanence le signalement des non-conformit\u00e9s et en examiner l\u2019efficacit\u00e9<\/li>\n<li>Examiner, r\u00e9viser, d\u00e9velopper et maintenir les informations document\u00e9es applicables<\/li>\n<li>R\u00e9viser cette politique chaque ann\u00e9e, sauf si des modifications sont n\u00e9cessaires, et la mettre \u00e0 disposition sur demande des parties int\u00e9ress\u00e9es.<\/li>\n<\/ul>\n<p>Sign\u00e9: <img loading=\"lazy\" decoding=\"async\" class=\"alignnone size-full wp-image-98093\" src=\"https:\/\/www.evcargo.com\/wp-content\/uploads\/2021\/07\/CB-SIGN-FOR-ONLINE-300x179-1.jpg\" alt=\"\" width=\"300\" height=\"179\" \/><\/p>\n<p>Imprim\u00e9 par : Clyde Buntrock, PDG<\/p>\n<p>Date : 14\/12\/20<\/p>\n\n\t<\/div>\n\n<\/section>","protected":false},"excerpt":{"rendered":"<p>En tant qu&#039;organisation de cha\u00eene d&#039;approvisionnement et de transport de fret, EV Cargo Global Forwarding reconna\u00eet l&#039;importance de la protection de l&#039;environnement, de la s\u00e9curit\u00e9 et de la sant\u00e9 de nos employ\u00e9s et s&#039;engage \u00e0 exploiter notre entreprise de mani\u00e8re responsable et conform\u00e9ment \u00e0 toutes les exigences l\u00e9gales. <\/p>","protected":false},"author":9,"featured_media":98236,"parent":3722,"menu_order":0,"comment_status":"closed","ping_status":"closed","template":"","meta":{"_acf_changed":false,"footnotes":""},"class_list":["post-98041","page","type-page","status-publish","has-post-thumbnail","hentry"],"acf":[],"yoast_head":"<!-- This site is optimized with the Yoast SEO plugin v27.3 - https:\/\/yoast.com\/product\/yoast-seo-wordpress\/ -->\n<title>Integrated Management Systems Policy Statement - EV Cargo<\/title>\n<meta name=\"robots\" content=\"index, follow, max-snippet:-1, max-image-preview:large, max-video-preview:-1\" \/>\n<link rel=\"canonical\" href=\"https:\/\/www.evcargo.com\/fr\/policies-and-statements\/integrated-management-systems-policy-statement\/\" \/>\n<meta property=\"og:locale\" content=\"fr_FR\" \/>\n<meta property=\"og:type\" content=\"article\" \/>\n<meta property=\"og:title\" content=\"Integrated Management Systems Policy Statement - EV Cargo\" \/>\n<meta property=\"og:description\" content=\"As a supply chain and freight forwarding organisation, EV Cargo Global Forwarding recognises the importance of environmental protection, the safety &amp; health of our employees and are committed to operating our business responsibly, and in accordance with all legal requirements.\" \/>\n<meta property=\"og:url\" content=\"https:\/\/www.evcargo.com\/fr\/policies-and-statements\/integrated-management-systems-policy-statement\/\" \/>\n<meta property=\"og:site_name\" content=\"EV Cargo\" \/>\n<meta property=\"article:modified_time\" content=\"2021-11-30T15:44:48+00:00\" \/>\n<meta property=\"og:image\" content=\"https:\/\/www.evcargo.com\/wp-content\/uploads\/2021\/07\/complicane-background.jpg\" \/>\n\t<meta property=\"og:image:width\" content=\"1400\" \/>\n\t<meta property=\"og:image:height\" content=\"933\" \/>\n\t<meta property=\"og:image:type\" content=\"image\/jpeg\" \/>\n<meta name=\"twitter:card\" content=\"summary_large_image\" \/>\n<script type=\"application\/ld+json\" class=\"yoast-schema-graph\">{\"@context\":\"https:\\\/\\\/schema.org\",\"@graph\":[{\"@type\":\"WebPage\",\"@id\":\"https:\\\/\\\/www.evcargo.com\\\/policies-and-statements\\\/integrated-management-systems-policy-statement\\\/\",\"url\":\"https:\\\/\\\/www.evcargo.com\\\/policies-and-statements\\\/integrated-management-systems-policy-statement\\\/\",\"name\":\"Integrated Management Systems Policy Statement - EV Cargo\",\"isPartOf\":{\"@id\":\"https:\\\/\\\/www.evcargo.com\\\/de\\\/#website\"},\"primaryImageOfPage\":{\"@id\":\"https:\\\/\\\/www.evcargo.com\\\/policies-and-statements\\\/integrated-management-systems-policy-statement\\\/#primaryimage\"},\"image\":{\"@id\":\"https:\\\/\\\/www.evcargo.com\\\/policies-and-statements\\\/integrated-management-systems-policy-statement\\\/#primaryimage\"},\"thumbnailUrl\":\"https:\\\/\\\/www.evcargo.com\\\/wp-content\\\/uploads\\\/2021\\\/07\\\/complicane-background.jpg\",\"datePublished\":\"2021-07-12T14:30:46+00:00\",\"dateModified\":\"2021-11-30T15:44:48+00:00\",\"breadcrumb\":{\"@id\":\"https:\\\/\\\/www.evcargo.com\\\/policies-and-statements\\\/integrated-management-systems-policy-statement\\\/#breadcrumb\"},\"inLanguage\":\"fr-FR\",\"potentialAction\":[{\"@type\":\"ReadAction\",\"target\":[\"https:\\\/\\\/www.evcargo.com\\\/policies-and-statements\\\/integrated-management-systems-policy-statement\\\/\"]}]},{\"@type\":\"ImageObject\",\"inLanguage\":\"fr-FR\",\"@id\":\"https:\\\/\\\/www.evcargo.com\\\/policies-and-statements\\\/integrated-management-systems-policy-statement\\\/#primaryimage\",\"url\":\"https:\\\/\\\/www.evcargo.com\\\/wp-content\\\/uploads\\\/2021\\\/07\\\/complicane-background.jpg\",\"contentUrl\":\"https:\\\/\\\/www.evcargo.com\\\/wp-content\\\/uploads\\\/2021\\\/07\\\/complicane-background.jpg\",\"width\":1400,\"height\":933},{\"@type\":\"BreadcrumbList\",\"@id\":\"https:\\\/\\\/www.evcargo.com\\\/policies-and-statements\\\/integrated-management-systems-policy-statement\\\/#breadcrumb\",\"itemListElement\":[{\"@type\":\"ListItem\",\"position\":1,\"name\":\"Policies and Statements\",\"item\":\"https:\\\/\\\/www.evcargo.com\\\/policies-and-statements\\\/\"},{\"@type\":\"ListItem\",\"position\":2,\"name\":\"Integrated Management Systems Policy Statement\"}]},{\"@type\":\"WebSite\",\"@id\":\"https:\\\/\\\/www.evcargo.com\\\/de\\\/#website\",\"url\":\"https:\\\/\\\/www.evcargo.com\\\/de\\\/\",\"name\":\"EV Cargo\",\"description\":\"\",\"publisher\":{\"@id\":\"https:\\\/\\\/www.evcargo.com\\\/de\\\/#organization\"},\"potentialAction\":[{\"@type\":\"SearchAction\",\"target\":{\"@type\":\"EntryPoint\",\"urlTemplate\":\"https:\\\/\\\/www.evcargo.com\\\/de\\\/?s={search_term_string}\"},\"query-input\":{\"@type\":\"PropertyValueSpecification\",\"valueRequired\":true,\"valueName\":\"search_term_string\"}}],\"inLanguage\":\"fr-FR\"},{\"@type\":\"Organization\",\"@id\":\"https:\\\/\\\/www.evcargo.com\\\/de\\\/#organization\",\"name\":\"EV Cargo\",\"alternateName\":\"EVC\",\"url\":\"https:\\\/\\\/www.evcargo.com\\\/de\\\/\",\"logo\":{\"@type\":\"ImageObject\",\"inLanguage\":\"fr-FR\",\"@id\":\"https:\\\/\\\/www.evcargo.com\\\/de\\\/#\\\/schema\\\/logo\\\/image\\\/\",\"url\":\"https:\\\/\\\/www.evcargo.com\\\/wp-content\\\/uploads\\\/2025\\\/02\\\/ev-cargo-logo.png\",\"contentUrl\":\"https:\\\/\\\/www.evcargo.com\\\/wp-content\\\/uploads\\\/2025\\\/02\\\/ev-cargo-logo.png\",\"width\":364,\"height\":78,\"caption\":\"EV Cargo\"},\"image\":{\"@id\":\"https:\\\/\\\/www.evcargo.com\\\/de\\\/#\\\/schema\\\/logo\\\/image\\\/\"}}]}<\/script>\n<!-- \/ Yoast SEO plugin. -->","yoast_head_json":{"title":"D\u00e9claration de politique relative aux syst\u00e8mes de gestion int\u00e9gr\u00e9s - Transport de v\u00e9hicules \u00e9lectriques","robots":{"index":"index","follow":"follow","max-snippet":"max-snippet:-1","max-image-preview":"max-image-preview:large","max-video-preview":"max-video-preview:-1"},"canonical":"https:\/\/www.evcargo.com\/fr\/policies-and-statements\/integrated-management-systems-policy-statement\/","og_locale":"fr_FR","og_type":"article","og_title":"Integrated Management Systems Policy Statement - EV Cargo","og_description":"As a supply chain and freight forwarding organisation, EV Cargo Global Forwarding recognises the importance of environmental protection, the safety & health of our employees and are committed to operating our business responsibly, and in accordance with all legal requirements.","og_url":"https:\/\/www.evcargo.com\/fr\/policies-and-statements\/integrated-management-systems-policy-statement\/","og_site_name":"EV Cargo","article_modified_time":"2021-11-30T15:44:48+00:00","og_image":[{"width":1400,"height":933,"url":"https:\/\/www.evcargo.com\/wp-content\/uploads\/2021\/07\/complicane-background.jpg","type":"image\/jpeg"}],"twitter_card":"summary_large_image","schema":{"@context":"https:\/\/schema.org","@graph":[{"@type":"WebPage","@id":"https:\/\/www.evcargo.com\/policies-and-statements\/integrated-management-systems-policy-statement\/","url":"https:\/\/www.evcargo.com\/policies-and-statements\/integrated-management-systems-policy-statement\/","name":"D\u00e9claration de politique relative aux syst\u00e8mes de gestion int\u00e9gr\u00e9s - Transport de v\u00e9hicules \u00e9lectriques","isPartOf":{"@id":"https:\/\/www.evcargo.com\/de\/#website"},"primaryImageOfPage":{"@id":"https:\/\/www.evcargo.com\/policies-and-statements\/integrated-management-systems-policy-statement\/#primaryimage"},"image":{"@id":"https:\/\/www.evcargo.com\/policies-and-statements\/integrated-management-systems-policy-statement\/#primaryimage"},"thumbnailUrl":"https:\/\/www.evcargo.com\/wp-content\/uploads\/2021\/07\/complicane-background.jpg","datePublished":"2021-07-12T14:30:46+00:00","dateModified":"2021-11-30T15:44:48+00:00","breadcrumb":{"@id":"https:\/\/www.evcargo.com\/policies-and-statements\/integrated-management-systems-policy-statement\/#breadcrumb"},"inLanguage":"fr-FR","potentialAction":[{"@type":"ReadAction","target":["https:\/\/www.evcargo.com\/policies-and-statements\/integrated-management-systems-policy-statement\/"]}]},{"@type":"ImageObject","inLanguage":"fr-FR","@id":"https:\/\/www.evcargo.com\/policies-and-statements\/integrated-management-systems-policy-statement\/#primaryimage","url":"https:\/\/www.evcargo.com\/wp-content\/uploads\/2021\/07\/complicane-background.jpg","contentUrl":"https:\/\/www.evcargo.com\/wp-content\/uploads\/2021\/07\/complicane-background.jpg","width":1400,"height":933},{"@type":"BreadcrumbList","@id":"https:\/\/www.evcargo.com\/policies-and-statements\/integrated-management-systems-policy-statement\/#breadcrumb","itemListElement":[{"@type":"ListItem","position":1,"name":"Policies and Statements","item":"https:\/\/www.evcargo.com\/policies-and-statements\/"},{"@type":"ListItem","position":2,"name":"Integrated Management Systems Policy Statement"}]},{"@type":"WebSite","@id":"https:\/\/www.evcargo.com\/de\/#website","url":"https:\/\/www.evcargo.com\/de\/","name":"VE Cargo","description":"","publisher":{"@id":"https:\/\/www.evcargo.com\/de\/#organization"},"potentialAction":[{"@type":"SearchAction","target":{"@type":"EntryPoint","urlTemplate":"https:\/\/www.evcargo.com\/de\/?s={search_term_string}"},"query-input":{"@type":"PropertyValueSpecification","valueRequired":true,"valueName":"search_term_string"}}],"inLanguage":"fr-FR"},{"@type":"Organization","@id":"https:\/\/www.evcargo.com\/de\/#organization","name":"VE Cargo","alternateName":"EVC","url":"https:\/\/www.evcargo.com\/de\/","logo":{"@type":"ImageObject","inLanguage":"fr-FR","@id":"https:\/\/www.evcargo.com\/de\/#\/schema\/logo\/image\/","url":"https:\/\/www.evcargo.com\/wp-content\/uploads\/2025\/02\/ev-cargo-logo.png","contentUrl":"https:\/\/www.evcargo.com\/wp-content\/uploads\/2025\/02\/ev-cargo-logo.png","width":364,"height":78,"caption":"EV Cargo"},"image":{"@id":"https:\/\/www.evcargo.com\/de\/#\/schema\/logo\/image\/"}}]}},"_links":{"self":[{"href":"https:\/\/www.evcargo.com\/fr\/wp-json\/wp\/v2\/pages\/98041","targetHints":{"allow":["GET"]}}],"collection":[{"href":"https:\/\/www.evcargo.com\/fr\/wp-json\/wp\/v2\/pages"}],"about":[{"href":"https:\/\/www.evcargo.com\/fr\/wp-json\/wp\/v2\/types\/page"}],"author":[{"embeddable":true,"href":"https:\/\/www.evcargo.com\/fr\/wp-json\/wp\/v2\/users\/9"}],"replies":[{"embeddable":true,"href":"https:\/\/www.evcargo.com\/fr\/wp-json\/wp\/v2\/comments?post=98041"}],"version-history":[{"count":0,"href":"https:\/\/www.evcargo.com\/fr\/wp-json\/wp\/v2\/pages\/98041\/revisions"}],"up":[{"embeddable":true,"href":"https:\/\/www.evcargo.com\/fr\/wp-json\/wp\/v2\/pages\/3722"}],"wp:featuredmedia":[{"embeddable":true,"href":"https:\/\/www.evcargo.com\/fr\/wp-json\/wp\/v2\/media\/98236"}],"wp:attachment":[{"href":"https:\/\/www.evcargo.com\/fr\/wp-json\/wp\/v2\/media?parent=98041"}],"curies":[{"name":"wp","href":"https:\/\/api.w.org\/{rel}","templated":true}]}}