{"id":98304,"date":"2021-07-12T15:42:10","date_gmt":"2021-07-12T14:42:10","guid":{"rendered":"https:\/\/evc.extramilecommunications.dev\/?page_id=98304"},"modified":"2021-11-30T15:44:59","modified_gmt":"2021-11-30T15:44:59","slug":"ethical-trade-policy","status":"publish","type":"page","link":"https:\/\/www.evcargo.com\/fr\/policies-and-statements\/ethical-trade-policy\/","title":{"rendered":"Politique commerciale \u00e9thique"},"content":{"rendered":"<section  class=\"small-banner\" style=\" background-color:#D8D8D8 \">\n\n\t<div class=\"container-fluid\">\n\n\t\t<h1>Politique commerciale \u00e9thique<\/h1>\n\t<\/div>\n\n<\/section>\n\n<div class=\"breadcrumbs\" typeof=\"BreadcrumbList\" vocab=\"https:\/\/schema.org\/\">\n\t<div class=\"container-fluid\">\n\n\t\t<span property=\"itemListElement\" typeof=\"ListItem\"><a property=\"item\" typeof=\"WebPage\" title=\"Aller \u00e0 EV Cargo.\" href=\"https:\/\/www.evcargo.com\/fr\" class=\"home\" aria-current=\"page\"><span property=\"name\">VE Cargo<\/span><\/a><meta property=\"position\" content=\"1\"><\/span>\t<\/div>\n<\/div>\n\n\n<div class=\"breadcrumbs align  wp-block-bcn-breadcrumb-trail has-text-color has-background\" vocab=\"https:\/\/schema.org\/\" typeof=\"BreadcrumbList\">\n\t<span><\/span>\n\t<span property=\"itemListElement\" typeof=\"ListItem\"><a property=\"item\" typeof=\"WebPage\" title=\"Aller \u00e0 EV Cargo.\" href=\"https:\/\/www.evcargo.com\/fr\" class=\"home\" aria-current=\"page\"><span property=\"name\">VE Cargo<\/span><\/a><meta property=\"position\" content=\"1\"><\/span><\/div>\n\n\n<section  class=\"wysiwyg\">\n\n\t<div class=\"container-fluid\">\n\n\t<h3>Introduction<\/h3>\n<p>1.1 EV Cargo Global Forwarding s&#039;engage \u00e0 cr\u00e9er un environnement de travail s\u00fbr, \u00e9quitable et socialement responsable.<\/p>\n<p>1.2 Bien qu&#039;EV Cargo Global Forwarding ne soit pas membre de l&#039;Ethical Trade Initiative (ETI), sa politique est bas\u00e9e sur le code de base de l&#039;ETI. EV Cargo Global Forwarding attend de son organisation, de son r\u00e9seau de partenaires et de ses fournisseurs qu&#039;ils adh\u00e8rent \u00e0 la politique d\u00e9crite ci-dessous.<\/p>\n<p>L&#039;emploi est librement choisi<\/p>\n<p>2.1 Nul ne peut \u00eatre tenu en esclavage ou en servitude. Le travail forc\u00e9 ou obligatoire est interdit, comme le pr\u00e9voit la loi britannique de 2015 sur l&#039;esclavage moderne.<\/p>\n<p>2.2 Il n\u2019y a pas de traite d\u2019\u00eatres humains \u00e0 des fins d\u2019exploitation, ce qui inclut l\u2019obtention de services par la force, la menace ou la tromperie, ou l\u2019obtention de services aupr\u00e8s d\u2019enfants et de personnes vuln\u00e9rables comme indiqu\u00e9 dans la loi britannique de 2015 sur l\u2019esclavage moderne.<\/p>\n<p>2.3 Les travailleurs sont libres de quitter leur employeur apr\u00e8s un pr\u00e9avis raisonnable.<\/p>\n<p>La libert\u00e9 d\u2019association et le droit de n\u00e9gociation collective sont respect\u00e9s dans la mesure permise par la l\u00e9gislation locale.<\/p>\n<p>3.1 Tous les travailleurs ont le droit d\u2019adh\u00e9rer \u00e0 des syndicats ou d\u2019en former, et de n\u00e9gocier collectivement.<\/p>\n<p>3.2 Tous les employeurs doivent adopter une attitude juste et ouverte \u00e0 l\u2019\u00e9gard des activit\u00e9s des syndicats.<\/p>\n<p>3.3 Si la l\u00e9gislation locale restreint l\u2019acc\u00e8s \u00e0 la n\u00e9gociation collective et \u00e0 la libert\u00e9 d\u2019association, les employeurs doivent autoriser l\u2019association et la n\u00e9gociation ind\u00e9pendantes et libres.<\/p>\n<p>Les conditions de travail sont s\u00fbres et hygi\u00e9niques<\/p>\n<p>4.1 Un environnement de travail s\u00fbr et hygi\u00e9nique doit \u00eatre assur\u00e9, en tenant compte des connaissances actuelles du secteur et des risques sp\u00e9cifiques. Des mesures ad\u00e9quates doivent \u00eatre prises pour pr\u00e9venir les accidents et les atteintes \u00e0 la sant\u00e9 r\u00e9sultant, associ\u00e9s ou survenant au cours du travail, en r\u00e9duisant autant que possible les causes des risques inh\u00e9rents \u00e0 l&#039;environnement de travail.<\/p>\n<p>4.2 Les travailleurs doivent recevoir une formation appropri\u00e9e en mati\u00e8re de sant\u00e9 et de s\u00e9curit\u00e9, et cette formation doit \u00eatre r\u00e9p\u00e9t\u00e9e pour les nouveaux travailleurs ou les travailleurs r\u00e9affect\u00e9s.<\/p>\n<p>4.3 Le logement, lorsqu\u2019il est fourni, doit \u00eatre propre, s\u00fbr et r\u00e9pondre aux besoins fondamentaux des travailleurs.<\/p>\n<p>4.4 L\u2019entreprise qui respecte la politique doit confier la responsabilit\u00e9 de la sant\u00e9 et de la s\u00e9curit\u00e9 \u00e0 un repr\u00e9sentant de la haute direction.<br \/>\nLe travail des enfants ne doit pas \u00eatre utilis\u00e9<\/p>\n<p>5.1 Il ne sera pas fait recours au travail des enfants qui constituerait une forme d\u2019exploitation ou mettrait en danger la sant\u00e9, la s\u00e9curit\u00e9, le d\u00e9veloppement \u00e9ducatif ou la moralit\u00e9 d\u2019un enfant.<\/p>\n<p>5.2 Les personnes de moins de 18 ans ne doivent pas \u00eatre employ\u00e9es pour travailler la nuit ou dans des conditions dangereuses. Les lois sur l&#039;\u00e2ge en vigueur dans le pays d&#039;emploi doivent \u00eatre respect\u00e9es.<\/p>\n<p>Un salaire d\u00e9cent est pay\u00e9<\/p>\n<p>6.1 Les salaires doivent toujours \u00eatre suffisants pour r\u00e9pondre aux besoins de base et assurer un revenu discr\u00e9tionnaire.<\/p>\n<p>6.2 Les salaires et avantages sociaux vers\u00e9s doivent \u00eatre conformes, au minimum, aux normes juridiques nationales ou \u00e0 la r\u00e9f\u00e9rence du secteur, selon la norme la plus \u00e9lev\u00e9e.<\/p>\n<p>6.3 Tous les travailleurs doivent recevoir des informations \u00e9crites et compr\u00e9hensibles sur leurs conditions d\u2019emploi en mati\u00e8re de salaire avant d\u2019entrer en fonction et sur les d\u00e9tails de leur salaire pour la p\u00e9riode de paie concern\u00e9e chaque fois qu\u2019ils sont pay\u00e9s.<\/p>\n<p>6.4 Aucune retenue sur salaire n&#039;est autoris\u00e9e \u00e0 titre de mesure disciplinaire, ni aucune retenue sur salaire non pr\u00e9vue par la l\u00e9gislation nationale sans l&#039;autorisation expresse du travailleur concern\u00e9. Toutes les mesures disciplinaires doivent \u00eatre consign\u00e9es.<\/p>\n<p>Les heures de travail ne sont pas excessives<\/p>\n<p>7.1 Les horaires de travail sont conformes aux lois nationales et aux normes de r\u00e9f\u00e9rence connues du secteur.<\/p>\n<p>7.2 Les travailleurs ne devraient pas, de fa\u00e7on r\u00e9guli\u00e8re, travailler plus de 48 heures par semaine.<\/p>\n<p>7.3 Tous les travailleurs devraient b\u00e9n\u00e9ficier d\u2019au moins un jour de cong\u00e9 pour chaque p\u00e9riode de sept jours.<\/p>\n<p>7.4 Les heures suppl\u00e9mentaires doivent \u00eatre volontaires et ne pas d\u00e9passer 12 heures par semaine.<\/p>\n<p>7.5 Les heures suppl\u00e9mentaires ne devraient pas \u00eatre exig\u00e9es r\u00e9guli\u00e8rement.<\/p>\n<p>Aucune discrimination n&#039;est pratiqu\u00e9e<\/p>\n<p>8.1 Il n\u2019y a aucune discrimination dans l\u2019embauche, la r\u00e9mun\u00e9ration, l\u2019acc\u00e8s \u00e0 la formation, la promotion, la cessation d\u2019emploi ou la retraite fond\u00e9e sur la race, la caste, l\u2019origine nationale, la religion, le handicap, le sexe, l\u2019\u00e9tat matrimonial, l\u2019orientation sexuelle, l\u2019appartenance syndicale ou l\u2019affiliation politique.<\/p>\n<p>Un emploi r\u00e9gulier est fourni<\/p>\n<p>9.1 Les employeurs doivent, sauf si cela est in\u00e9vitable, fournir un emploi r\u00e9gulier fond\u00e9 sur une relation de travail reconnue \u00e9tablie par la l\u00e9gislation et la pratique nationales.<\/p>\n<p>9.2 Les employeurs ne doivent pas \u00e9viter de fournir un emploi r\u00e9gulier au moyen de main-d&#039;\u0153uvre uniquement lorsqu&#039;ils concluent des contrats, des sous-traitances ou des accords de travail \u00e0 domicile ou par le biais de programmes d&#039;apprentissage lorsqu&#039;il n&#039;y a pas de r\u00e9elle intention de transmettre des comp\u00e9tences ou de fournir un emploi r\u00e9gulier, et aucune de ces obligations ne doit \u00eatre \u00e9vit\u00e9e par le recours excessif \u00e0 des contrats de travail \u00e0 dur\u00e9e d\u00e9termin\u00e9e.<\/p>\n<p>Aucun traitement dur ou inhumain n&#039;est autoris\u00e9<\/p>\n<p>10.1 Les violences physiques ou la discipline, la menace de violence physique, le harc\u00e8lement sexuel ou autre, les violences verbales ou autres formes d\u2019intimidation sont interdits.<\/p>\n<p>Aucune corruption ou incitation n&#039;est autoris\u00e9e<\/p>\n<p>11.1 Aucun pot-de-vin, incitation ou r\u00e9compense offerte, promise ou fournie dans le but d&#039;obtenir un avantage commercial, r\u00e9glementaire ou personnel n&#039;est autoris\u00e9. Vous trouverez de plus amples informations dans notre politique de lutte contre la corruption.<\/p>\n<p>Audits<\/p>\n<p>12.1 Des audits internes \u00ab annonc\u00e9s et inopin\u00e9s \u00bb seront effectu\u00e9s par le Responsable du commerce \u00e9thique (ETM) de mani\u00e8re al\u00e9atoire tout au long de l&#039;ann\u00e9e. L&#039;ETM demandera \u00e9galement \u00e0 des tiers de proc\u00e9der \u00e0 des audits externes concernant la responsabilit\u00e9 sociale et le commerce \u00e9thique. Tout manquement qui pourrait \u00eatre identifi\u00e9 sera communiqu\u00e9 au conseil d&#039;administration via le Comit\u00e9 de conformit\u00e9 \u00e9thique et un plan d&#039;action correctif solide sera mis en \u0153uvre. Toute bonne pratique identifi\u00e9e sera \u00e9galement communiqu\u00e9e et \u00e9ventuellement d\u00e9chiquet\u00e9e dans l&#039;ensemble de notre r\u00e9seau de partenaires. Ces audits et rapports fournissent une assurance \u00e0 EV Cargo Global Forwarding, \u00e0 ses clients et \u00e0 son r\u00e9seau de partenaires.<\/p>\n<p>Parler ouvertement (c&#039;est bien de le dire)<\/p>\n<p>13.1 Afin de fournir un canal efficace pour signaler les fautes, EV Cargo Global Forwarding dispose d&#039;une hotline de d\u00e9nonciation confidentielle d\u00e9di\u00e9e et joignable au 0800 374199. Si vous \u00eates hors du Royaume-Uni, vous devez vous r\u00e9f\u00e9rer \u00e0 l&#039;annexe 1 pour obtenir une liste de num\u00e9ros de contact. Ceux-ci sont tous exploit\u00e9s 24h\/24 et 7j\/7 par Navex Global.<\/p>\n<p>Coordonn\u00e9es utiles :<\/p>\n<p>14.1 Le responsable du trading \u00e9thique est directement inform\u00e9 du conseil d&#039;administration pour toutes les questions li\u00e9es \u00e0 l&#039;\u00e9thique. Si vous avez des inqui\u00e9tudes et souhaitez les exprimer, veuillez utiliser les num\u00e9ros de contact ci-dessous. Vos coordonn\u00e9es resteront anonymes, sauf indication contraire. N&#039;oubliez pas que vous pouvez les exprimer.<\/p>\n<p>E-mail: <a href=\"mailto:ethical.trade@ev-cargo.com\">ethical.trade@ev-cargo.com <\/a><\/p>\n<p>&nbsp;<\/p>\n\n\t<\/div>\n\n<\/section>","protected":false},"excerpt":{"rendered":"<p>EV Cargo Global Forwarding s&#039;engage \u00e0 cr\u00e9er un environnement de travail s\u00fbr, \u00e9quitable et socialement responsable\u2026<\/p>","protected":false},"author":9,"featured_media":98561,"parent":3722,"menu_order":0,"comment_status":"closed","ping_status":"closed","template":"","meta":{"_acf_changed":false,"footnotes":""},"class_list":["post-98304","page","type-page","status-publish","has-post-thumbnail","hentry"],"acf":[],"yoast_head":"<!-- This site is optimized with the Yoast SEO plugin v27.3 - https:\/\/yoast.com\/product\/yoast-seo-wordpress\/ -->\n<title>Ethical Trade Policy - EV Cargo<\/title>\n<meta name=\"robots\" content=\"index, follow, max-snippet:-1, max-image-preview:large, max-video-preview:-1\" \/>\n<link rel=\"canonical\" href=\"https:\/\/www.evcargo.com\/fr\/policies-and-statements\/ethical-trade-policy\/\" \/>\n<meta property=\"og:locale\" content=\"fr_FR\" \/>\n<meta property=\"og:type\" content=\"article\" \/>\n<meta property=\"og:title\" content=\"Ethical Trade Policy - EV Cargo\" \/>\n<meta property=\"og:description\" content=\"EV Cargo Global Forwarding is committed to creating a safe, fair and socially responsible working...\" \/>\n<meta property=\"og:url\" content=\"https:\/\/www.evcargo.com\/fr\/policies-and-statements\/ethical-trade-policy\/\" \/>\n<meta property=\"og:site_name\" content=\"EV Cargo\" \/>\n<meta property=\"article:modified_time\" content=\"2021-11-30T15:44:59+00:00\" \/>\n<meta property=\"og:image\" content=\"https:\/\/www.evcargo.com\/wp-content\/uploads\/2021\/07\/Banners-2021-07-12T171532.489.png\" \/>\n\t<meta property=\"og:image:width\" content=\"1200\" \/>\n\t<meta property=\"og:image:height\" content=\"500\" \/>\n\t<meta property=\"og:image:type\" content=\"image\/png\" \/>\n<meta name=\"twitter:card\" content=\"summary_large_image\" \/>\n<script type=\"application\/ld+json\" class=\"yoast-schema-graph\">{\"@context\":\"https:\\\/\\\/schema.org\",\"@graph\":[{\"@type\":\"WebPage\",\"@id\":\"https:\\\/\\\/www.evcargo.com\\\/policies-and-statements\\\/ethical-trade-policy\\\/\",\"url\":\"https:\\\/\\\/www.evcargo.com\\\/policies-and-statements\\\/ethical-trade-policy\\\/\",\"name\":\"Ethical Trade Policy - EV Cargo\",\"isPartOf\":{\"@id\":\"https:\\\/\\\/www.evcargo.com\\\/de\\\/#website\"},\"primaryImageOfPage\":{\"@id\":\"https:\\\/\\\/www.evcargo.com\\\/policies-and-statements\\\/ethical-trade-policy\\\/#primaryimage\"},\"image\":{\"@id\":\"https:\\\/\\\/www.evcargo.com\\\/policies-and-statements\\\/ethical-trade-policy\\\/#primaryimage\"},\"thumbnailUrl\":\"https:\\\/\\\/www.evcargo.com\\\/wp-content\\\/uploads\\\/2021\\\/07\\\/Banners-2021-07-12T171532.489.png\",\"datePublished\":\"2021-07-12T14:42:10+00:00\",\"dateModified\":\"2021-11-30T15:44:59+00:00\",\"breadcrumb\":{\"@id\":\"https:\\\/\\\/www.evcargo.com\\\/policies-and-statements\\\/ethical-trade-policy\\\/#breadcrumb\"},\"inLanguage\":\"fr-FR\",\"potentialAction\":[{\"@type\":\"ReadAction\",\"target\":[\"https:\\\/\\\/www.evcargo.com\\\/policies-and-statements\\\/ethical-trade-policy\\\/\"]}]},{\"@type\":\"ImageObject\",\"inLanguage\":\"fr-FR\",\"@id\":\"https:\\\/\\\/www.evcargo.com\\\/policies-and-statements\\\/ethical-trade-policy\\\/#primaryimage\",\"url\":\"https:\\\/\\\/www.evcargo.com\\\/wp-content\\\/uploads\\\/2021\\\/07\\\/Banners-2021-07-12T171532.489.png\",\"contentUrl\":\"https:\\\/\\\/www.evcargo.com\\\/wp-content\\\/uploads\\\/2021\\\/07\\\/Banners-2021-07-12T171532.489.png\",\"width\":1200,\"height\":500},{\"@type\":\"BreadcrumbList\",\"@id\":\"https:\\\/\\\/www.evcargo.com\\\/policies-and-statements\\\/ethical-trade-policy\\\/#breadcrumb\",\"itemListElement\":[{\"@type\":\"ListItem\",\"position\":1,\"name\":\"Policies and Statements\",\"item\":\"https:\\\/\\\/www.evcargo.com\\\/policies-and-statements\\\/\"},{\"@type\":\"ListItem\",\"position\":2,\"name\":\"Ethical Trade Policy\"}]},{\"@type\":\"WebSite\",\"@id\":\"https:\\\/\\\/www.evcargo.com\\\/de\\\/#website\",\"url\":\"https:\\\/\\\/www.evcargo.com\\\/de\\\/\",\"name\":\"EV Cargo\",\"description\":\"\",\"publisher\":{\"@id\":\"https:\\\/\\\/www.evcargo.com\\\/de\\\/#organization\"},\"potentialAction\":[{\"@type\":\"SearchAction\",\"target\":{\"@type\":\"EntryPoint\",\"urlTemplate\":\"https:\\\/\\\/www.evcargo.com\\\/de\\\/?s={search_term_string}\"},\"query-input\":{\"@type\":\"PropertyValueSpecification\",\"valueRequired\":true,\"valueName\":\"search_term_string\"}}],\"inLanguage\":\"fr-FR\"},{\"@type\":\"Organization\",\"@id\":\"https:\\\/\\\/www.evcargo.com\\\/de\\\/#organization\",\"name\":\"EV Cargo\",\"alternateName\":\"EVC\",\"url\":\"https:\\\/\\\/www.evcargo.com\\\/de\\\/\",\"logo\":{\"@type\":\"ImageObject\",\"inLanguage\":\"fr-FR\",\"@id\":\"https:\\\/\\\/www.evcargo.com\\\/de\\\/#\\\/schema\\\/logo\\\/image\\\/\",\"url\":\"https:\\\/\\\/www.evcargo.com\\\/wp-content\\\/uploads\\\/2025\\\/02\\\/ev-cargo-logo.png\",\"contentUrl\":\"https:\\\/\\\/www.evcargo.com\\\/wp-content\\\/uploads\\\/2025\\\/02\\\/ev-cargo-logo.png\",\"width\":364,\"height\":78,\"caption\":\"EV Cargo\"},\"image\":{\"@id\":\"https:\\\/\\\/www.evcargo.com\\\/de\\\/#\\\/schema\\\/logo\\\/image\\\/\"}}]}<\/script>\n<!-- \/ Yoast SEO plugin. -->","yoast_head_json":{"title":"Politique commerciale \u00e9thique - Transport de v\u00e9hicules \u00e9lectriques","robots":{"index":"index","follow":"follow","max-snippet":"max-snippet:-1","max-image-preview":"max-image-preview:large","max-video-preview":"max-video-preview:-1"},"canonical":"https:\/\/www.evcargo.com\/fr\/policies-and-statements\/ethical-trade-policy\/","og_locale":"fr_FR","og_type":"article","og_title":"Ethical Trade Policy - EV Cargo","og_description":"EV Cargo Global Forwarding is committed to creating a safe, fair and socially responsible working...","og_url":"https:\/\/www.evcargo.com\/fr\/policies-and-statements\/ethical-trade-policy\/","og_site_name":"EV Cargo","article_modified_time":"2021-11-30T15:44:59+00:00","og_image":[{"width":1200,"height":500,"url":"https:\/\/www.evcargo.com\/wp-content\/uploads\/2021\/07\/Banners-2021-07-12T171532.489.png","type":"image\/png"}],"twitter_card":"summary_large_image","schema":{"@context":"https:\/\/schema.org","@graph":[{"@type":"WebPage","@id":"https:\/\/www.evcargo.com\/policies-and-statements\/ethical-trade-policy\/","url":"https:\/\/www.evcargo.com\/policies-and-statements\/ethical-trade-policy\/","name":"Politique commerciale \u00e9thique - Transport de v\u00e9hicules \u00e9lectriques","isPartOf":{"@id":"https:\/\/www.evcargo.com\/de\/#website"},"primaryImageOfPage":{"@id":"https:\/\/www.evcargo.com\/policies-and-statements\/ethical-trade-policy\/#primaryimage"},"image":{"@id":"https:\/\/www.evcargo.com\/policies-and-statements\/ethical-trade-policy\/#primaryimage"},"thumbnailUrl":"https:\/\/www.evcargo.com\/wp-content\/uploads\/2021\/07\/Banners-2021-07-12T171532.489.png","datePublished":"2021-07-12T14:42:10+00:00","dateModified":"2021-11-30T15:44:59+00:00","breadcrumb":{"@id":"https:\/\/www.evcargo.com\/policies-and-statements\/ethical-trade-policy\/#breadcrumb"},"inLanguage":"fr-FR","potentialAction":[{"@type":"ReadAction","target":["https:\/\/www.evcargo.com\/policies-and-statements\/ethical-trade-policy\/"]}]},{"@type":"ImageObject","inLanguage":"fr-FR","@id":"https:\/\/www.evcargo.com\/policies-and-statements\/ethical-trade-policy\/#primaryimage","url":"https:\/\/www.evcargo.com\/wp-content\/uploads\/2021\/07\/Banners-2021-07-12T171532.489.png","contentUrl":"https:\/\/www.evcargo.com\/wp-content\/uploads\/2021\/07\/Banners-2021-07-12T171532.489.png","width":1200,"height":500},{"@type":"BreadcrumbList","@id":"https:\/\/www.evcargo.com\/policies-and-statements\/ethical-trade-policy\/#breadcrumb","itemListElement":[{"@type":"ListItem","position":1,"name":"Policies and Statements","item":"https:\/\/www.evcargo.com\/policies-and-statements\/"},{"@type":"ListItem","position":2,"name":"Ethical Trade Policy"}]},{"@type":"WebSite","@id":"https:\/\/www.evcargo.com\/de\/#website","url":"https:\/\/www.evcargo.com\/de\/","name":"VE Cargo","description":"","publisher":{"@id":"https:\/\/www.evcargo.com\/de\/#organization"},"potentialAction":[{"@type":"SearchAction","target":{"@type":"EntryPoint","urlTemplate":"https:\/\/www.evcargo.com\/de\/?s={search_term_string}"},"query-input":{"@type":"PropertyValueSpecification","valueRequired":true,"valueName":"search_term_string"}}],"inLanguage":"fr-FR"},{"@type":"Organization","@id":"https:\/\/www.evcargo.com\/de\/#organization","name":"VE Cargo","alternateName":"EVC","url":"https:\/\/www.evcargo.com\/de\/","logo":{"@type":"ImageObject","inLanguage":"fr-FR","@id":"https:\/\/www.evcargo.com\/de\/#\/schema\/logo\/image\/","url":"https:\/\/www.evcargo.com\/wp-content\/uploads\/2025\/02\/ev-cargo-logo.png","contentUrl":"https:\/\/www.evcargo.com\/wp-content\/uploads\/2025\/02\/ev-cargo-logo.png","width":364,"height":78,"caption":"EV Cargo"},"image":{"@id":"https:\/\/www.evcargo.com\/de\/#\/schema\/logo\/image\/"}}]}},"_links":{"self":[{"href":"https:\/\/www.evcargo.com\/fr\/wp-json\/wp\/v2\/pages\/98304","targetHints":{"allow":["GET"]}}],"collection":[{"href":"https:\/\/www.evcargo.com\/fr\/wp-json\/wp\/v2\/pages"}],"about":[{"href":"https:\/\/www.evcargo.com\/fr\/wp-json\/wp\/v2\/types\/page"}],"author":[{"embeddable":true,"href":"https:\/\/www.evcargo.com\/fr\/wp-json\/wp\/v2\/users\/9"}],"replies":[{"embeddable":true,"href":"https:\/\/www.evcargo.com\/fr\/wp-json\/wp\/v2\/comments?post=98304"}],"version-history":[{"count":0,"href":"https:\/\/www.evcargo.com\/fr\/wp-json\/wp\/v2\/pages\/98304\/revisions"}],"up":[{"embeddable":true,"href":"https:\/\/www.evcargo.com\/fr\/wp-json\/wp\/v2\/pages\/3722"}],"wp:featuredmedia":[{"embeddable":true,"href":"https:\/\/www.evcargo.com\/fr\/wp-json\/wp\/v2\/media\/98561"}],"wp:attachment":[{"href":"https:\/\/www.evcargo.com\/fr\/wp-json\/wp\/v2\/media?parent=98304"}],"curies":[{"name":"wp","href":"https:\/\/api.w.org\/{rel}","templated":true}]}}