{"id":98539,"date":"2021-07-12T16:34:47","date_gmt":"2021-07-12T15:34:47","guid":{"rendered":"https:\/\/evc.extramilecommunications.dev\/?page_id=98539"},"modified":"2021-11-30T15:45:36","modified_gmt":"2021-11-30T15:45:36","slug":"single-use-plastic-policy","status":"publish","type":"page","link":"https:\/\/www.evcargo.com\/fr\/policies-and-statements\/single-use-plastic-policy\/","title":{"rendered":"Politique sur le plastique \u00e0 usage unique"},"content":{"rendered":"<section  class=\"small-banner\" style=\" background-color:#D8D8D8 \">\n\n\t<div class=\"container-fluid\">\n\n\t\t<h1>Politique sur le plastique \u00e0 usage unique<\/h1>\n\t<\/div>\n\n<\/section>\n\n<div class=\"breadcrumbs\" typeof=\"BreadcrumbList\" vocab=\"https:\/\/schema.org\/\">\n\t<div class=\"container-fluid\">\n\n\t\t<span property=\"itemListElement\" typeof=\"ListItem\"><a property=\"item\" typeof=\"WebPage\" title=\"Aller \u00e0 EV Cargo.\" href=\"https:\/\/www.evcargo.com\/fr\" class=\"home\" aria-current=\"page\"><span property=\"name\">VE Cargo<\/span><\/a><meta property=\"position\" content=\"1\"><\/span>\t<\/div>\n<\/div>\n\n\n<div class=\"breadcrumbs align  wp-block-bcn-breadcrumb-trail has-text-color has-background\" vocab=\"https:\/\/schema.org\/\" typeof=\"BreadcrumbList\">\n\t<span><\/span>\n\t<span property=\"itemListElement\" typeof=\"ListItem\"><a property=\"item\" typeof=\"WebPage\" title=\"Aller \u00e0 EV Cargo.\" href=\"https:\/\/www.evcargo.com\/fr\" class=\"home\" aria-current=\"page\"><span property=\"name\">VE Cargo<\/span><\/a><meta property=\"position\" content=\"1\"><\/span><\/div>\n\n\n<section  class=\"wysiwyg\">\n\n\t<div class=\"container-fluid\">\n\n\t<p>EV Cargo Global Forwarding reconna\u00eet la n\u00e9cessit\u00e9 d&#039;int\u00e9grer des pratiques durables dans nos m\u00e9thodes de travail, afin de contribuer \u00e0 fa\u00e7onner un monde meilleur pour demain. Notre strat\u00e9gie ACSelerate 2021 repose sur quatre piliers et, dans le cadre du pilier \u00ab Faire le bien en faisant le bien \u00bb, nous avons lanc\u00e9 notre politique sur les plastiques \u00e0 usage unique et nous nous sommes engag\u00e9s \u00e0 r\u00e9duire l&#039;utilisation de plastiques \u00e0 usage unique dans l&#039;ensemble de nos activit\u00e9s (lorsque cela est r\u00e9aliste) d&#039;ici 2021, en vue d&#039;une \u00e9limination d\u00e9finitive lorsque cela est possible. Cette politique fournit des lignes directrices \u00e0 l&#039;entreprise pour mener \u00e0 bien cette initiative.<\/p>\n<p>D\u00e9finition du plastique \u00e0 usage unique :<\/p>\n<ol>\n<li>Le plastique \u00e0 usage unique comprend tous les produits fabriqu\u00e9s enti\u00e8rement ou partiellement en plastique, qui sont g\u00e9n\u00e9ralement destin\u00e9s \u00e0 \u00eatre utilis\u00e9s une fois et\/ou pendant une courte p\u00e9riode (par exemple une semaine) avant d&#039;\u00eatre jet\u00e9s. Il comprend les articles qui peuvent \u00eatre recycl\u00e9s, sauf s&#039;il existe un probl\u00e8me juridique et\/ou de sant\u00e9 et de s\u00e9curit\u00e9 exigeant l&#039;utilisation de plastiques \u00e0 usage unique (par exemple, gants alimentaires, conservation des aliments).<\/li>\n<li>Les bioplastiques ne sont pas actuellement consid\u00e9r\u00e9s comme une alternative appropri\u00e9e aux plastiques \u00e0 usage unique \u00e0 base de p\u00e9trole. Les bioplastiques ressemblent au plastique et ont la m\u00eame texture que le plastique et peuvent d\u00e9router l&#039;utilisateur final, ce qui peut entra\u00eener une contamination potentielle des flux de recyclage du plastique. Ils se biod\u00e9gradent souvent au fil du temps, mais seulement dans des circonstances sp\u00e9cifiques (par exemple, traitement thermique) et ne sont pas largement disponibles pour les consommateurs finaux.<\/li>\n<\/ol>\n<p>Nous nous efforcerons d\u2019\u00e9liminer les plastiques \u00e0 usage unique qui peuvent \u00eatre \u00e9vit\u00e9s et de remplacer ceux qui ont une alternative viable et durable. Une phase initiale cl\u00e9 consiste pour EV Cargo Global Forwarding \u00e0 identifier et \u00e0 qualifier les plastiques \u00e0 usage unique \u00e0 traiter. La liste suivante n\u2019est pas exhaustive, mais d\u00e9taille certains des domaines \u00e9vidents \u00e0 cibler.<\/p>\n<p>Plastiques utilis\u00e9s pour la restauration :<\/p>\n<ol>\n<li>Sachets \u00e0 usage unique (ex : dosettes de caf\u00e9, sauces, lait)<\/li>\n<li>Couverts, bo\u00eetes et assiettes \u00e0 emporter<\/li>\n<li>Gobelets fabriqu\u00e9s enti\u00e8rement ou partiellement en plastique<\/li>\n<li>Bouteilles d&#039;eau<\/li>\n<li>Pailles et agitateurs<\/li>\n<\/ol>\n<p>Plastiques utilis\u00e9s pour le nettoyage :<\/p>\n<ol>\n<li>Contenants \u00e0 usage unique (ex. : savon pour les mains, produits de nettoyage)<\/li>\n<li>Lingettes contenant du plastique<\/li>\n<\/ol>\n<p>Plastiques utilis\u00e9s au bureau :<\/p>\n<ol>\n<li>Enveloppes<\/li>\n<li>Emballage plastique pour brochures<\/li>\n<\/ol>\n<p>Plastiques utilis\u00e9s dans les emballages :<\/p>\n<ol>\n<li>Emballages \u00e0 usage unique provenant des livraisons, lorsque cela est \u00e9vitable<\/li>\n<li>Sacs de transport \u00e0 usage unique<\/li>\n<\/ol>\n<p>Plastiques utilis\u00e9s dans les entrep\u00f4ts et les transports :<\/p>\n<ol>\n<li>Film r\u00e9tractable<\/li>\n<li>Joints \u00e0 usage unique<\/li>\n<li>Sursacs<\/li>\n<li>Fournisseurs et employ\u00e9s d&#039;emballage<\/li>\n<\/ol>\n<p>EV Cargo Global Forwarding collaborera avec les fournisseurs concern\u00e9s pour mettre en \u0153uvre des produits alternatifs dans l&#039;ensemble de notre entreprise. De m\u00eame, nous nous engageons aupr\u00e8s de nos coll\u00e8gues \u00e0 adopter cette politique au niveau personnel. Bien que cette politique n&#039;inclue pas le plastique apport\u00e9 par les coll\u00e8gues, nous encouragerons nos coll\u00e8gues \u00e0 r\u00e9duire la quantit\u00e9 de plastique utilis\u00e9e en sensibilisant et en encourageant les changements de comportement.<\/p>\n<p>EV Cargo Global Forwarding s&#039;engage \u00e0 accro\u00eetre la durabilit\u00e9 de ses activit\u00e9s. \u00c0 ce titre, nous continuerons d&#039;\u00e9valuer d&#039;autres plastiques \u00e0 usage unique non r\u00e9pertori\u00e9s ci-dessus et de r\u00e9viser cette politique au fur et \u00e0 mesure des besoins.<\/p>\n<p>** Mis \u00e0 jour en septembre 2020 **<\/p>\n<p>FR\/ESG\/POL\/0001<\/p>\n\n\t<\/div>\n\n<\/section>","protected":false},"excerpt":{"rendered":"<p>EV Cargo Global Forwarding reconna\u00eet la n\u00e9cessit\u00e9 d&#039;int\u00e9grer des pratiques durables dans nos m\u00e9thodes de travail, pour contribuer \u00e0 fa\u00e7onner un monde meilleur pour demain. <\/p>","protected":false},"author":9,"featured_media":98577,"parent":3722,"menu_order":0,"comment_status":"closed","ping_status":"closed","template":"","meta":{"_acf_changed":false,"footnotes":""},"class_list":["post-98539","page","type-page","status-publish","has-post-thumbnail","hentry"],"acf":[],"yoast_head":"<!-- This site is optimized with the Yoast SEO plugin v27.3 - https:\/\/yoast.com\/product\/yoast-seo-wordpress\/ -->\n<title>Single-Use Plastic Policy - EV Cargo<\/title>\n<meta name=\"robots\" content=\"index, follow, max-snippet:-1, max-image-preview:large, max-video-preview:-1\" \/>\n<link rel=\"canonical\" href=\"https:\/\/www.evcargo.com\/fr\/policies-and-statements\/single-use-plastic-policy\/\" \/>\n<meta property=\"og:locale\" content=\"fr_FR\" \/>\n<meta property=\"og:type\" content=\"article\" \/>\n<meta property=\"og:title\" content=\"Single-Use Plastic Policy - EV Cargo\" \/>\n<meta property=\"og:description\" content=\"EV Cargo Global Forwarding recognises the need to drive sustainable practices into our ways of working, to help shape a better world for tomorrow.\" \/>\n<meta property=\"og:url\" content=\"https:\/\/www.evcargo.com\/fr\/policies-and-statements\/single-use-plastic-policy\/\" \/>\n<meta property=\"og:site_name\" content=\"EV Cargo\" \/>\n<meta property=\"article:modified_time\" content=\"2021-11-30T15:45:36+00:00\" \/>\n<meta property=\"og:image\" content=\"https:\/\/www.evcargo.com\/wp-content\/uploads\/2021\/07\/Banners-2021-07-12T172651.910.png\" \/>\n\t<meta property=\"og:image:width\" content=\"1200\" \/>\n\t<meta property=\"og:image:height\" content=\"500\" \/>\n\t<meta property=\"og:image:type\" content=\"image\/png\" \/>\n<meta name=\"twitter:card\" content=\"summary_large_image\" \/>\n<script type=\"application\/ld+json\" class=\"yoast-schema-graph\">{\"@context\":\"https:\\\/\\\/schema.org\",\"@graph\":[{\"@type\":\"WebPage\",\"@id\":\"https:\\\/\\\/www.evcargo.com\\\/policies-and-statements\\\/single-use-plastic-policy\\\/\",\"url\":\"https:\\\/\\\/www.evcargo.com\\\/policies-and-statements\\\/single-use-plastic-policy\\\/\",\"name\":\"Single-Use Plastic Policy - EV Cargo\",\"isPartOf\":{\"@id\":\"https:\\\/\\\/www.evcargo.com\\\/de\\\/#website\"},\"primaryImageOfPage\":{\"@id\":\"https:\\\/\\\/www.evcargo.com\\\/policies-and-statements\\\/single-use-plastic-policy\\\/#primaryimage\"},\"image\":{\"@id\":\"https:\\\/\\\/www.evcargo.com\\\/policies-and-statements\\\/single-use-plastic-policy\\\/#primaryimage\"},\"thumbnailUrl\":\"https:\\\/\\\/www.evcargo.com\\\/wp-content\\\/uploads\\\/2021\\\/07\\\/Banners-2021-07-12T172651.910.png\",\"datePublished\":\"2021-07-12T15:34:47+00:00\",\"dateModified\":\"2021-11-30T15:45:36+00:00\",\"breadcrumb\":{\"@id\":\"https:\\\/\\\/www.evcargo.com\\\/policies-and-statements\\\/single-use-plastic-policy\\\/#breadcrumb\"},\"inLanguage\":\"fr-FR\",\"potentialAction\":[{\"@type\":\"ReadAction\",\"target\":[\"https:\\\/\\\/www.evcargo.com\\\/policies-and-statements\\\/single-use-plastic-policy\\\/\"]}]},{\"@type\":\"ImageObject\",\"inLanguage\":\"fr-FR\",\"@id\":\"https:\\\/\\\/www.evcargo.com\\\/policies-and-statements\\\/single-use-plastic-policy\\\/#primaryimage\",\"url\":\"https:\\\/\\\/www.evcargo.com\\\/wp-content\\\/uploads\\\/2021\\\/07\\\/Banners-2021-07-12T172651.910.png\",\"contentUrl\":\"https:\\\/\\\/www.evcargo.com\\\/wp-content\\\/uploads\\\/2021\\\/07\\\/Banners-2021-07-12T172651.910.png\",\"width\":1200,\"height\":500},{\"@type\":\"BreadcrumbList\",\"@id\":\"https:\\\/\\\/www.evcargo.com\\\/policies-and-statements\\\/single-use-plastic-policy\\\/#breadcrumb\",\"itemListElement\":[{\"@type\":\"ListItem\",\"position\":1,\"name\":\"Policies and Statements\",\"item\":\"https:\\\/\\\/www.evcargo.com\\\/policies-and-statements\\\/\"},{\"@type\":\"ListItem\",\"position\":2,\"name\":\"Single-Use Plastic Policy\"}]},{\"@type\":\"WebSite\",\"@id\":\"https:\\\/\\\/www.evcargo.com\\\/de\\\/#website\",\"url\":\"https:\\\/\\\/www.evcargo.com\\\/de\\\/\",\"name\":\"EV Cargo\",\"description\":\"\",\"publisher\":{\"@id\":\"https:\\\/\\\/www.evcargo.com\\\/de\\\/#organization\"},\"potentialAction\":[{\"@type\":\"SearchAction\",\"target\":{\"@type\":\"EntryPoint\",\"urlTemplate\":\"https:\\\/\\\/www.evcargo.com\\\/de\\\/?s={search_term_string}\"},\"query-input\":{\"@type\":\"PropertyValueSpecification\",\"valueRequired\":true,\"valueName\":\"search_term_string\"}}],\"inLanguage\":\"fr-FR\"},{\"@type\":\"Organization\",\"@id\":\"https:\\\/\\\/www.evcargo.com\\\/de\\\/#organization\",\"name\":\"EV Cargo\",\"alternateName\":\"EVC\",\"url\":\"https:\\\/\\\/www.evcargo.com\\\/de\\\/\",\"logo\":{\"@type\":\"ImageObject\",\"inLanguage\":\"fr-FR\",\"@id\":\"https:\\\/\\\/www.evcargo.com\\\/de\\\/#\\\/schema\\\/logo\\\/image\\\/\",\"url\":\"https:\\\/\\\/www.evcargo.com\\\/wp-content\\\/uploads\\\/2025\\\/02\\\/ev-cargo-logo.png\",\"contentUrl\":\"https:\\\/\\\/www.evcargo.com\\\/wp-content\\\/uploads\\\/2025\\\/02\\\/ev-cargo-logo.png\",\"width\":364,\"height\":78,\"caption\":\"EV Cargo\"},\"image\":{\"@id\":\"https:\\\/\\\/www.evcargo.com\\\/de\\\/#\\\/schema\\\/logo\\\/image\\\/\"}}]}<\/script>\n<!-- \/ Yoast SEO plugin. -->","yoast_head_json":{"title":"Politique sur les plastiques \u00e0 usage unique - EV Cargo","robots":{"index":"index","follow":"follow","max-snippet":"max-snippet:-1","max-image-preview":"max-image-preview:large","max-video-preview":"max-video-preview:-1"},"canonical":"https:\/\/www.evcargo.com\/fr\/policies-and-statements\/single-use-plastic-policy\/","og_locale":"fr_FR","og_type":"article","og_title":"Single-Use Plastic Policy - EV Cargo","og_description":"EV Cargo Global Forwarding recognises the need to drive sustainable practices into our ways of working, to help shape a better world for tomorrow.","og_url":"https:\/\/www.evcargo.com\/fr\/policies-and-statements\/single-use-plastic-policy\/","og_site_name":"EV Cargo","article_modified_time":"2021-11-30T15:45:36+00:00","og_image":[{"width":1200,"height":500,"url":"https:\/\/www.evcargo.com\/wp-content\/uploads\/2021\/07\/Banners-2021-07-12T172651.910.png","type":"image\/png"}],"twitter_card":"summary_large_image","schema":{"@context":"https:\/\/schema.org","@graph":[{"@type":"WebPage","@id":"https:\/\/www.evcargo.com\/policies-and-statements\/single-use-plastic-policy\/","url":"https:\/\/www.evcargo.com\/policies-and-statements\/single-use-plastic-policy\/","name":"Politique sur les plastiques \u00e0 usage unique - EV Cargo","isPartOf":{"@id":"https:\/\/www.evcargo.com\/de\/#website"},"primaryImageOfPage":{"@id":"https:\/\/www.evcargo.com\/policies-and-statements\/single-use-plastic-policy\/#primaryimage"},"image":{"@id":"https:\/\/www.evcargo.com\/policies-and-statements\/single-use-plastic-policy\/#primaryimage"},"thumbnailUrl":"https:\/\/www.evcargo.com\/wp-content\/uploads\/2021\/07\/Banners-2021-07-12T172651.910.png","datePublished":"2021-07-12T15:34:47+00:00","dateModified":"2021-11-30T15:45:36+00:00","breadcrumb":{"@id":"https:\/\/www.evcargo.com\/policies-and-statements\/single-use-plastic-policy\/#breadcrumb"},"inLanguage":"fr-FR","potentialAction":[{"@type":"ReadAction","target":["https:\/\/www.evcargo.com\/policies-and-statements\/single-use-plastic-policy\/"]}]},{"@type":"ImageObject","inLanguage":"fr-FR","@id":"https:\/\/www.evcargo.com\/policies-and-statements\/single-use-plastic-policy\/#primaryimage","url":"https:\/\/www.evcargo.com\/wp-content\/uploads\/2021\/07\/Banners-2021-07-12T172651.910.png","contentUrl":"https:\/\/www.evcargo.com\/wp-content\/uploads\/2021\/07\/Banners-2021-07-12T172651.910.png","width":1200,"height":500},{"@type":"BreadcrumbList","@id":"https:\/\/www.evcargo.com\/policies-and-statements\/single-use-plastic-policy\/#breadcrumb","itemListElement":[{"@type":"ListItem","position":1,"name":"Policies and Statements","item":"https:\/\/www.evcargo.com\/policies-and-statements\/"},{"@type":"ListItem","position":2,"name":"Single-Use Plastic Policy"}]},{"@type":"WebSite","@id":"https:\/\/www.evcargo.com\/de\/#website","url":"https:\/\/www.evcargo.com\/de\/","name":"VE Cargo","description":"","publisher":{"@id":"https:\/\/www.evcargo.com\/de\/#organization"},"potentialAction":[{"@type":"SearchAction","target":{"@type":"EntryPoint","urlTemplate":"https:\/\/www.evcargo.com\/de\/?s={search_term_string}"},"query-input":{"@type":"PropertyValueSpecification","valueRequired":true,"valueName":"search_term_string"}}],"inLanguage":"fr-FR"},{"@type":"Organization","@id":"https:\/\/www.evcargo.com\/de\/#organization","name":"VE Cargo","alternateName":"EVC","url":"https:\/\/www.evcargo.com\/de\/","logo":{"@type":"ImageObject","inLanguage":"fr-FR","@id":"https:\/\/www.evcargo.com\/de\/#\/schema\/logo\/image\/","url":"https:\/\/www.evcargo.com\/wp-content\/uploads\/2025\/02\/ev-cargo-logo.png","contentUrl":"https:\/\/www.evcargo.com\/wp-content\/uploads\/2025\/02\/ev-cargo-logo.png","width":364,"height":78,"caption":"EV Cargo"},"image":{"@id":"https:\/\/www.evcargo.com\/de\/#\/schema\/logo\/image\/"}}]}},"_links":{"self":[{"href":"https:\/\/www.evcargo.com\/fr\/wp-json\/wp\/v2\/pages\/98539","targetHints":{"allow":["GET"]}}],"collection":[{"href":"https:\/\/www.evcargo.com\/fr\/wp-json\/wp\/v2\/pages"}],"about":[{"href":"https:\/\/www.evcargo.com\/fr\/wp-json\/wp\/v2\/types\/page"}],"author":[{"embeddable":true,"href":"https:\/\/www.evcargo.com\/fr\/wp-json\/wp\/v2\/users\/9"}],"replies":[{"embeddable":true,"href":"https:\/\/www.evcargo.com\/fr\/wp-json\/wp\/v2\/comments?post=98539"}],"version-history":[{"count":0,"href":"https:\/\/www.evcargo.com\/fr\/wp-json\/wp\/v2\/pages\/98539\/revisions"}],"up":[{"embeddable":true,"href":"https:\/\/www.evcargo.com\/fr\/wp-json\/wp\/v2\/pages\/3722"}],"wp:featuredmedia":[{"embeddable":true,"href":"https:\/\/www.evcargo.com\/fr\/wp-json\/wp\/v2\/media\/98577"}],"wp:attachment":[{"href":"https:\/\/www.evcargo.com\/fr\/wp-json\/wp\/v2\/media?parent=98539"}],"curies":[{"name":"wp","href":"https:\/\/api.w.org\/{rel}","templated":true}]}}