{"id":98542,"date":"2021-07-12T16:36:41","date_gmt":"2021-07-12T15:36:41","guid":{"rendered":"https:\/\/evc.extramilecommunications.dev\/?page_id=98542"},"modified":"2023-10-27T15:22:35","modified_gmt":"2023-10-27T14:22:35","slug":"supplier-code-of-conduct","status":"publish","type":"page","link":"https:\/\/www.evcargo.com\/fr\/policies-and-statements\/supplier-code-of-conduct\/","title":{"rendered":"Code de conduite des fournisseurs"},"content":{"rendered":"<section  class=\"small-banner white-text\" style=\"background-image: url(https:\/\/www.evcargo.com\/wp-content\/uploads\/2021\/12\/Banners-12-1200x318.png); \">\n\n\t<div class=\"container-fluid\">\n\n\t\t<h1>Code de conduite des fournisseurs<\/h1>\n\t<\/div>\n\n<\/section>\n\n<div class=\"breadcrumbs\" typeof=\"BreadcrumbList\" vocab=\"https:\/\/schema.org\/\">\n\t<div class=\"container-fluid\">\n\n\t\t<span property=\"itemListElement\" typeof=\"ListItem\"><a property=\"item\" typeof=\"WebPage\" title=\"Aller \u00e0 EV Cargo.\" href=\"https:\/\/www.evcargo.com\/fr\" class=\"home\" aria-current=\"page\"><span property=\"name\">VE Cargo<\/span><\/a><meta property=\"position\" content=\"1\"><\/span>\t<\/div>\n<\/div>\n\n\n<section  class=\"wysiwyg\">\n\n\t<div class=\"container-fluid\">\n\n\t<h3>Introduction<\/h3>\n<p>EV Cargo s&#039;appuie sur le principe directeur d&#039;une orientation client absolue et s&#039;efforce d&#039;offrir l&#039;excellence. Des normes \u00e9lev\u00e9es de conduite d&#039;entreprise, de comportement \u00e9thique et de conformit\u00e9 sont essentielles \u00e0 notre r\u00e9ussite en tant qu&#039;entreprise.<\/p>\n<p>Notre Code de conduite des fournisseurs d\u00e9finit les normes, les pratiques et les comportements que nous attendons de nos fournisseurs qu&#039;ils d\u00e9montrent et respectent lorsqu&#039;ils font affaire avec EV Cargo.<\/p>\n<h4>Lois et r\u00e8glements<\/h4>\n<p>Le Fournisseur doit se conformer \u00e0 toutes les lois et r\u00e9glementations applicables \u00e0 son activit\u00e9.<\/p>\n<h4>Pratiques commerciales \u00e9thiques<\/h4>\n<p>Les principes suivants doivent \u00eatre pratiqu\u00e9s et maintenus par tous les fournisseurs :<\/p>\n<ol>\n<li>L\u2019emploi est librement choisi et il n\u2019y a pas de travail forc\u00e9 ou obligatoire.<\/li>\n<li>La libert\u00e9 d\u2019association et le droit de n\u00e9gociation collective sont respect\u00e9s dans la mesure permise par la l\u00e9gislation locale.<\/li>\n<li>Le travail des enfants est interdit. Les enfants n&#039;ayant pas atteint l&#039;\u00e2ge l\u00e9gal de l&#039;emploi dans aucun pays ou juridiction ne sont pas autoris\u00e9s \u00e0 travailler.<\/li>\n<li>Un salaire d\u00e9cent doit \u00eatre pay\u00e9. Les salaires et avantages vers\u00e9s doivent \u00eatre conformes, au minimum, aux normes juridiques nationales.<\/li>\n<li>Les horaires de travail ne sont pas excessifs et conformes aux lois nationales.<\/li>\n<li>Aucune discrimination n\u2019est pratiqu\u00e9e en mati\u00e8re d\u2019embauche, de r\u00e9mun\u00e9ration, d\u2019acc\u00e8s \u00e0 la formation, de promotion, de licenciement ou de retraite fond\u00e9e sur la race, la caste, l\u2019origine nationale, la religion, le handicap, le sexe, l\u2019\u00e9tat matrimonial, l\u2019orientation sexuelle, l\u2019appartenance syndicale ou l\u2019affiliation politique.<\/li>\n<\/ol>\n<h4>Sant\u00e9 et s\u00e9curit\u00e9<\/h4>\n<p>Les fournisseurs doivent d\u00e9montrer et maintenir d&#039;excellents standards en mati\u00e8re de sant\u00e9 et de s\u00e9curit\u00e9 et se conformer \u00e0 tous les aspects de la l\u00e9gislation sur la sant\u00e9 et la s\u00e9curit\u00e9 et aux autres exigences pertinentes. Nous attendons des fournisseurs qu&#039;ils offrent un environnement de travail qui favorise la sant\u00e9 et la s\u00e9curit\u00e9.<\/p>\n<h4>Protection des donn\u00e9es<\/h4>\n<p>Le fournisseur doit s&#039;assurer que toutes les utilisations, le stockage et la transmission des donn\u00e9es personnelles sont enti\u00e8rement conformes au r\u00e8glement g\u00e9n\u00e9ral sur la protection des donn\u00e9es et \u00e0 toutes les autres lois et r\u00e9glementations applicables.<\/p>\n<h4>Corruption et pots-de-vin<\/h4>\n<p>Nous attendons de nos fournisseurs qu&#039;ils se conforment \u00e0 toutes les lois, r\u00e9glementations et normes nationales et internationales en mati\u00e8re de lutte contre la corruption, y compris le Bribery Act du Royaume-Uni et le Foreign Corrupt Practices Act des \u00c9tats-Unis.<\/p>\n<p>Le fournisseur doit mener ses activit\u00e9s avec int\u00e9grit\u00e9 et ne doit pratiquer ni tol\u00e9rer aucune forme de corruption, d&#039;extorsion ou de d\u00e9tournement de fonds. Le fournisseur ne doit pas non plus (directement ou indirectement) offrir ou accepter des pots-de-vin ou d&#039;autres incitations pour influencer un agent public ou obtenir un avantage indu pour obtenir ou conserver un march\u00e9.<\/p>\n<h4>Concurrence ouverte et loyale<\/h4>\n<p>Le fournisseur doit se conformer \u00e0 toutes les lois applicables en mati\u00e8re de concurrence et de lutte contre les monopoles. Continuit\u00e9 des activit\u00e9s Les fournisseurs doivent \u00eatre pr\u00e9par\u00e9s \u00e0 toute interruption de leurs activit\u00e9s en veillant \u00e0 ce qu&#039;un plan de continuit\u00e9 des activit\u00e9s appropri\u00e9 pour les op\u00e9rations soutenant l&#039;activit\u00e9 EV Cargo soit mis en \u0153uvre.<\/p>\n<h4>Environnement<\/h4>\n<p>Le fournisseur doit mener ses activit\u00e9s de mani\u00e8re respectueuse de l\u2019environnement et conform\u00e9ment aux lois, r\u00e9glementations et normes environnementales applicables.<\/p>\n<h4>Identification des pr\u00e9occupations<\/h4>\n<p>Les fournisseurs fourniront aux employ\u00e9s un moyen de signaler leurs pr\u00e9occupations. Tout rapport doit \u00eatre trait\u00e9 de mani\u00e8re confidentielle. Les fournisseurs enqu\u00eateront sur ces rapports et prendront les mesures correctives n\u00e9cessaires.<\/p>\n<h4>Conformit\u00e9 au Code de conduite des fournisseurs<\/h4>\n<p>EV Cargo se r\u00e9serve le droit, sur pr\u00e9avis raisonnable, de garantir le respect du Code de conduite des fournisseurs. Tout manquement de votre part ou de votre cha\u00eene d&#039;approvisionnement doit \u00eatre r\u00e9solu efficacement, dans les meilleurs d\u00e9lais et sans frais suppl\u00e9mentaires pour nous ou nos clients. Les violations du Code de conduite des fournisseurs peuvent avoir un impact n\u00e9gatif sur votre relation commerciale avec EV Cargo.<\/p>\n\n\t<\/div>\n\n<\/section>","protected":false},"excerpt":{"rendered":"<p>EV Cargo Global Forwarding fonctionne selon le principe directeur de l&#039;orientation client absolue et nous\u2026<\/p>","protected":false},"author":9,"featured_media":2750,"parent":3722,"menu_order":0,"comment_status":"closed","ping_status":"closed","template":"","meta":{"_acf_changed":false,"footnotes":""},"class_list":["post-98542","page","type-page","status-publish","has-post-thumbnail","hentry"],"acf":[],"yoast_head":"<!-- This site is optimized with the Yoast SEO plugin v27.3 - https:\/\/yoast.com\/product\/yoast-seo-wordpress\/ -->\n<title>Supplier Code of Conduct - EV Cargo<\/title>\n<meta name=\"robots\" content=\"index, follow, max-snippet:-1, max-image-preview:large, max-video-preview:-1\" \/>\n<link rel=\"canonical\" href=\"https:\/\/www.evcargo.com\/fr\/policies-and-statements\/supplier-code-of-conduct\/\" \/>\n<meta property=\"og:locale\" content=\"fr_FR\" \/>\n<meta property=\"og:type\" content=\"article\" \/>\n<meta property=\"og:title\" content=\"Supplier Code of Conduct - EV Cargo\" \/>\n<meta property=\"og:description\" content=\"EV Cargo Global Forwarding operates on the guiding principle of absolute customer focus and we...\" \/>\n<meta property=\"og:url\" content=\"https:\/\/www.evcargo.com\/fr\/policies-and-statements\/supplier-code-of-conduct\/\" \/>\n<meta property=\"og:site_name\" content=\"EV Cargo\" \/>\n<meta property=\"article:modified_time\" content=\"2023-10-27T14:22:35+00:00\" \/>\n<meta property=\"og:image\" content=\"https:\/\/www.evcargo.com\/wp-content\/uploads\/2021\/06\/Website-Images-600-x-500px-19.png\" \/>\n\t<meta property=\"og:image:width\" content=\"600\" \/>\n\t<meta property=\"og:image:height\" content=\"500\" \/>\n\t<meta property=\"og:image:type\" content=\"image\/png\" \/>\n<meta name=\"twitter:card\" content=\"summary_large_image\" \/>\n<script type=\"application\/ld+json\" class=\"yoast-schema-graph\">{\"@context\":\"https:\\\/\\\/schema.org\",\"@graph\":[{\"@type\":\"WebPage\",\"@id\":\"https:\\\/\\\/www.evcargo.com\\\/policies-and-statements\\\/supplier-code-of-conduct\\\/\",\"url\":\"https:\\\/\\\/www.evcargo.com\\\/policies-and-statements\\\/supplier-code-of-conduct\\\/\",\"name\":\"Supplier Code of Conduct - EV Cargo\",\"isPartOf\":{\"@id\":\"https:\\\/\\\/www.evcargo.com\\\/de\\\/#website\"},\"primaryImageOfPage\":{\"@id\":\"https:\\\/\\\/www.evcargo.com\\\/policies-and-statements\\\/supplier-code-of-conduct\\\/#primaryimage\"},\"image\":{\"@id\":\"https:\\\/\\\/www.evcargo.com\\\/policies-and-statements\\\/supplier-code-of-conduct\\\/#primaryimage\"},\"thumbnailUrl\":\"https:\\\/\\\/www.evcargo.com\\\/wp-content\\\/uploads\\\/2021\\\/06\\\/Website-Images-600-x-500px-19.png\",\"datePublished\":\"2021-07-12T15:36:41+00:00\",\"dateModified\":\"2023-10-27T14:22:35+00:00\",\"breadcrumb\":{\"@id\":\"https:\\\/\\\/www.evcargo.com\\\/policies-and-statements\\\/supplier-code-of-conduct\\\/#breadcrumb\"},\"inLanguage\":\"fr-FR\",\"potentialAction\":[{\"@type\":\"ReadAction\",\"target\":[\"https:\\\/\\\/www.evcargo.com\\\/policies-and-statements\\\/supplier-code-of-conduct\\\/\"]}]},{\"@type\":\"ImageObject\",\"inLanguage\":\"fr-FR\",\"@id\":\"https:\\\/\\\/www.evcargo.com\\\/policies-and-statements\\\/supplier-code-of-conduct\\\/#primaryimage\",\"url\":\"https:\\\/\\\/www.evcargo.com\\\/wp-content\\\/uploads\\\/2021\\\/06\\\/Website-Images-600-x-500px-19.png\",\"contentUrl\":\"https:\\\/\\\/www.evcargo.com\\\/wp-content\\\/uploads\\\/2021\\\/06\\\/Website-Images-600-x-500px-19.png\",\"width\":600,\"height\":500},{\"@type\":\"BreadcrumbList\",\"@id\":\"https:\\\/\\\/www.evcargo.com\\\/policies-and-statements\\\/supplier-code-of-conduct\\\/#breadcrumb\",\"itemListElement\":[{\"@type\":\"ListItem\",\"position\":1,\"name\":\"Policies and Statements\",\"item\":\"https:\\\/\\\/www.evcargo.com\\\/policies-and-statements\\\/\"},{\"@type\":\"ListItem\",\"position\":2,\"name\":\"Supplier Code of Conduct\"}]},{\"@type\":\"WebSite\",\"@id\":\"https:\\\/\\\/www.evcargo.com\\\/de\\\/#website\",\"url\":\"https:\\\/\\\/www.evcargo.com\\\/de\\\/\",\"name\":\"EV Cargo\",\"description\":\"\",\"publisher\":{\"@id\":\"https:\\\/\\\/www.evcargo.com\\\/de\\\/#organization\"},\"potentialAction\":[{\"@type\":\"SearchAction\",\"target\":{\"@type\":\"EntryPoint\",\"urlTemplate\":\"https:\\\/\\\/www.evcargo.com\\\/de\\\/?s={search_term_string}\"},\"query-input\":{\"@type\":\"PropertyValueSpecification\",\"valueRequired\":true,\"valueName\":\"search_term_string\"}}],\"inLanguage\":\"fr-FR\"},{\"@type\":\"Organization\",\"@id\":\"https:\\\/\\\/www.evcargo.com\\\/de\\\/#organization\",\"name\":\"EV Cargo\",\"alternateName\":\"EVC\",\"url\":\"https:\\\/\\\/www.evcargo.com\\\/de\\\/\",\"logo\":{\"@type\":\"ImageObject\",\"inLanguage\":\"fr-FR\",\"@id\":\"https:\\\/\\\/www.evcargo.com\\\/de\\\/#\\\/schema\\\/logo\\\/image\\\/\",\"url\":\"https:\\\/\\\/www.evcargo.com\\\/wp-content\\\/uploads\\\/2025\\\/02\\\/ev-cargo-logo.png\",\"contentUrl\":\"https:\\\/\\\/www.evcargo.com\\\/wp-content\\\/uploads\\\/2025\\\/02\\\/ev-cargo-logo.png\",\"width\":364,\"height\":78,\"caption\":\"EV Cargo\"},\"image\":{\"@id\":\"https:\\\/\\\/www.evcargo.com\\\/de\\\/#\\\/schema\\\/logo\\\/image\\\/\"}}]}<\/script>\n<!-- \/ Yoast SEO plugin. -->","yoast_head_json":{"title":"Supplier Code of Conduct - EV Cargo","robots":{"index":"index","follow":"follow","max-snippet":"max-snippet:-1","max-image-preview":"max-image-preview:large","max-video-preview":"max-video-preview:-1"},"canonical":"https:\/\/www.evcargo.com\/fr\/policies-and-statements\/supplier-code-of-conduct\/","og_locale":"fr_FR","og_type":"article","og_title":"Supplier Code of Conduct - EV Cargo","og_description":"EV Cargo Global Forwarding operates on the guiding principle of absolute customer focus and we...","og_url":"https:\/\/www.evcargo.com\/fr\/policies-and-statements\/supplier-code-of-conduct\/","og_site_name":"EV Cargo","article_modified_time":"2023-10-27T14:22:35+00:00","og_image":[{"width":600,"height":500,"url":"https:\/\/www.evcargo.com\/wp-content\/uploads\/2021\/06\/Website-Images-600-x-500px-19.png","type":"image\/png"}],"twitter_card":"summary_large_image","schema":{"@context":"https:\/\/schema.org","@graph":[{"@type":"WebPage","@id":"https:\/\/www.evcargo.com\/policies-and-statements\/supplier-code-of-conduct\/","url":"https:\/\/www.evcargo.com\/policies-and-statements\/supplier-code-of-conduct\/","name":"Supplier Code of Conduct - EV Cargo","isPartOf":{"@id":"https:\/\/www.evcargo.com\/de\/#website"},"primaryImageOfPage":{"@id":"https:\/\/www.evcargo.com\/policies-and-statements\/supplier-code-of-conduct\/#primaryimage"},"image":{"@id":"https:\/\/www.evcargo.com\/policies-and-statements\/supplier-code-of-conduct\/#primaryimage"},"thumbnailUrl":"https:\/\/www.evcargo.com\/wp-content\/uploads\/2021\/06\/Website-Images-600-x-500px-19.png","datePublished":"2021-07-12T15:36:41+00:00","dateModified":"2023-10-27T14:22:35+00:00","breadcrumb":{"@id":"https:\/\/www.evcargo.com\/policies-and-statements\/supplier-code-of-conduct\/#breadcrumb"},"inLanguage":"fr-FR","potentialAction":[{"@type":"ReadAction","target":["https:\/\/www.evcargo.com\/policies-and-statements\/supplier-code-of-conduct\/"]}]},{"@type":"ImageObject","inLanguage":"fr-FR","@id":"https:\/\/www.evcargo.com\/policies-and-statements\/supplier-code-of-conduct\/#primaryimage","url":"https:\/\/www.evcargo.com\/wp-content\/uploads\/2021\/06\/Website-Images-600-x-500px-19.png","contentUrl":"https:\/\/www.evcargo.com\/wp-content\/uploads\/2021\/06\/Website-Images-600-x-500px-19.png","width":600,"height":500},{"@type":"BreadcrumbList","@id":"https:\/\/www.evcargo.com\/policies-and-statements\/supplier-code-of-conduct\/#breadcrumb","itemListElement":[{"@type":"ListItem","position":1,"name":"Policies and Statements","item":"https:\/\/www.evcargo.com\/policies-and-statements\/"},{"@type":"ListItem","position":2,"name":"Supplier Code of Conduct"}]},{"@type":"WebSite","@id":"https:\/\/www.evcargo.com\/de\/#website","url":"https:\/\/www.evcargo.com\/de\/","name":"VE Cargo","description":"","publisher":{"@id":"https:\/\/www.evcargo.com\/de\/#organization"},"potentialAction":[{"@type":"SearchAction","target":{"@type":"EntryPoint","urlTemplate":"https:\/\/www.evcargo.com\/de\/?s={search_term_string}"},"query-input":{"@type":"PropertyValueSpecification","valueRequired":true,"valueName":"search_term_string"}}],"inLanguage":"fr-FR"},{"@type":"Organization","@id":"https:\/\/www.evcargo.com\/de\/#organization","name":"VE Cargo","alternateName":"EVC","url":"https:\/\/www.evcargo.com\/de\/","logo":{"@type":"ImageObject","inLanguage":"fr-FR","@id":"https:\/\/www.evcargo.com\/de\/#\/schema\/logo\/image\/","url":"https:\/\/www.evcargo.com\/wp-content\/uploads\/2025\/02\/ev-cargo-logo.png","contentUrl":"https:\/\/www.evcargo.com\/wp-content\/uploads\/2025\/02\/ev-cargo-logo.png","width":364,"height":78,"caption":"EV Cargo"},"image":{"@id":"https:\/\/www.evcargo.com\/de\/#\/schema\/logo\/image\/"}}]}},"_links":{"self":[{"href":"https:\/\/www.evcargo.com\/fr\/wp-json\/wp\/v2\/pages\/98542","targetHints":{"allow":["GET"]}}],"collection":[{"href":"https:\/\/www.evcargo.com\/fr\/wp-json\/wp\/v2\/pages"}],"about":[{"href":"https:\/\/www.evcargo.com\/fr\/wp-json\/wp\/v2\/types\/page"}],"author":[{"embeddable":true,"href":"https:\/\/www.evcargo.com\/fr\/wp-json\/wp\/v2\/users\/9"}],"replies":[{"embeddable":true,"href":"https:\/\/www.evcargo.com\/fr\/wp-json\/wp\/v2\/comments?post=98542"}],"version-history":[{"count":0,"href":"https:\/\/www.evcargo.com\/fr\/wp-json\/wp\/v2\/pages\/98542\/revisions"}],"up":[{"embeddable":true,"href":"https:\/\/www.evcargo.com\/fr\/wp-json\/wp\/v2\/pages\/3722"}],"wp:featuredmedia":[{"embeddable":true,"href":"https:\/\/www.evcargo.com\/fr\/wp-json\/wp\/v2\/media\/2750"}],"wp:attachment":[{"href":"https:\/\/www.evcargo.com\/fr\/wp-json\/wp\/v2\/media?parent=98542"}],"curies":[{"name":"wp","href":"https:\/\/api.w.org\/{rel}","templated":true}]}}