{"id":98551,"date":"2021-07-12T16:48:36","date_gmt":"2021-07-12T15:48:36","guid":{"rendered":"https:\/\/evc.extramilecommunications.dev\/?page_id=98551"},"modified":"2022-01-21T14:20:56","modified_gmt":"2022-01-21T14:20:56","slug":"whistle-blowing-policy","status":"publish","type":"page","link":"https:\/\/www.evcargo.com\/fr\/policies-and-statements\/whistle-blowing-policy\/","title":{"rendered":"Politique de d\u00e9nonciation"},"content":{"rendered":"<section  class=\"small-banner white-text\" style=\"background-image: url(https:\/\/www.evcargo.com\/wp-content\/uploads\/2021\/12\/Banners-12-1200x318.png); \">\n\n\t<div class=\"container-fluid\">\n\n\t\t<h1>Politique de d\u00e9nonciation<\/h1>\n\t<\/div>\n\n<\/section>\n\n<div class=\"breadcrumbs\" typeof=\"BreadcrumbList\" vocab=\"https:\/\/schema.org\/\">\n\t<div class=\"container-fluid\">\n\n\t\t<span property=\"itemListElement\" typeof=\"ListItem\"><a property=\"item\" typeof=\"WebPage\" title=\"Aller \u00e0 EV Cargo.\" href=\"https:\/\/www.evcargo.com\/fr\" class=\"home\" aria-current=\"page\"><span property=\"name\">VE Cargo<\/span><\/a><meta property=\"position\" content=\"1\"><\/span>\t<\/div>\n<\/div>\n\n\n<section  class=\"wysiwyg\">\n\n\t<div class=\"container-fluid\">\n\n\t<h2>Introduction<\/h2>\n<p>L&#039;objectif de cette politique est de garantir que toute fraude, mauvaise conduite ou acte r\u00e9pr\u00e9hensible commis par des employ\u00e9s et des tiers soit signal\u00e9 et trait\u00e9 de mani\u00e8re appropri\u00e9e. EV Cargo Global Forwarding encourage donc toutes les personnes \u00e0 faire part de leurs pr\u00e9occupations concernant la conduite d&#039;autrui au sein de l&#039;entreprise ou la mani\u00e8re dont l&#039;entreprise est g\u00e9r\u00e9e.<\/p>\n<p>Vous devez signaler rapidement \u00e0 un superviseur ou \u00e0 un responsable toute situation dans laquelle le Code de conduite, ses politiques sous-jacentes ou la loi semblent \u00eatre enfreints. Vous pouvez \u00e9galement faire part de vos pr\u00e9occupations au responsable appropri\u00e9 des ressources humaines, du service juridique ou de la haute direction.<\/p>\n<p>Si un probl\u00e8me n&#039;est pas r\u00e9solu par les canaux locaux, il peut \u00eatre signal\u00e9 \u00e0 la hotline de d\u00e9nonciation au 0800 89 0011, en composant rapidement le 833 753 08833 ou en suivant le signalement en ligne via www.evcargoglobalforwarding.ethicspoint.com<\/p>\n<h3>D\u00e9finitions<\/h3>\n<p>La corruption signifie donner, offrir, promettre ou recevoir quelque chose de valeur dans l\u2019intention d\u2019influencer de mani\u00e8re inappropri\u00e9e le comportement ou la prise de d\u00e9cision de toute personne afin d\u2019obtenir ou de conserver un avantage, ou de r\u00e9compenser toute personne pour un tel comportement.<\/p>\n<p>La corruption signifie l\u2019abus malhonn\u00eate ou frauduleux de pouvoir ou l\u2019ex\u00e9cution inappropri\u00e9e d\u2019une fonction de nature publique.<\/p>\n<p>Le terme \u00ab employ\u00e9s \u00bb d\u00e9signe toutes les personnes travaillant \u00e0 tous les niveaux et grades au sein d&#039;EV Cargo Global Forwarding, y compris les directeurs, consultants, stagiaires, apprentis, personnel d\u00e9tach\u00e9, travailleurs occasionnels, personnel int\u00e9rimaire, stagiaires, agents et sponsors ;<\/p>\n<p>Les tiers d\u00e9signent toute personne ou organisation avec laquelle vous entrez en contact dans le cadre de votre travail pour EV Cargo Global Forwarding, et incluent les clients, fournisseurs, distributeurs, contacts commerciaux, agents, conseillers, gouvernements et organismes publics, y compris leurs conseillers, repr\u00e9sentants et fonctionnaires, hommes politiques et partis politiques ;<\/p>\n<p>L&#039;inconduite comprend, sans toutefois s&#039;y limiter, les comportements suivants :<\/p>\n<ul>\n<li>La commission d\u2019une infraction p\u00e9nale ;<\/li>\n<li>Manquement \u00e0 une obligation l\u00e9gale ;<\/li>\n<li>Une erreur judiciaire;<\/li>\n<li>Non-respect du Code de conduite d\u2019EV Cargo Global Forwarding ou de tout document de politique d\u2019EV Cargo Global Forwarding\u00a0;<\/li>\n<li>Violation grave de la discipline du travail ;<\/li>\n<li>La mise en danger de la sant\u00e9 et de la s\u00e9curit\u00e9 ;<\/li>\n<li>Dommages \u00e0 l\u2019environnement; et<\/li>\n<li>Toute dissimulation d\u00e9lib\u00e9r\u00e9e de la conduite identifi\u00e9e ci-dessus.<\/li>\n<li>Violation de la loi sur les finances criminelles de 2017.<\/li>\n<\/ul>\n<h3>Arri\u00e8re-plan<\/h3>\n<p>Chez EV Cargo Global Forwarding, nous nous engageons \u00e0 mener nos activit\u00e9s commerciales de mani\u00e8re \u00e9thique et l\u00e9gale. Toute mauvaise conduite est contraire aux int\u00e9r\u00eats de notre entreprise et a des r\u00e9percussions sur notre environnement de travail et, \u00e9ventuellement, sur nos moyens de subsistance. Nous adoptons une approche de tol\u00e9rance z\u00e9ro \u00e0 l&#039;\u00e9gard de la corruption et nous nous engageons \u00e0 agir de mani\u00e8re professionnelle, \u00e9quitable et int\u00e8gre dans toutes nos transactions et relations commerciales, partout o\u00f9 nous op\u00e9rons.<\/p>\n<p>Toutes les lois, coutumes ou pratiques locales qui tol\u00e8rent, autorisent ou ignorent la corruption doivent \u00eatre ignor\u00e9es pour se conformer \u00e0 cette politique. L&#039;objectif de cette politique (\u00ab la politique \u00bb) est de garantir que les employ\u00e9s d&#039;EV Cargo Global Forwarding et les tiers savent qu&#039;EV Cargo Global Forwarding souhaite activement qu&#039;ils signalent toute mauvaise conduite et qu&#039;ils se sentent habilit\u00e9s \u00e0 le faire, y compris la possibilit\u00e9 de le faire de mani\u00e8re confidentielle et\/ou anonyme.<\/p>\n<p>Nous esp\u00e9rons que vous vous sentirez en mesure de faire part de vos pr\u00e9occupations \u00e0 votre responsable hi\u00e9rarchique ou \u00e0 un autre membre de votre \u00e9quipe de direction. Cependant, nous comprenons que, dans certaines circonstances (par exemple, si vos pr\u00e9occupations concernent votre responsable hi\u00e9rarchique ou un autre responsable de l&#039;entreprise), certaines personnes peuvent ne pas se sentir \u00e0 l&#039;aise de le faire. Si vous faites part d&#039;un probl\u00e8me, vous devez le faire de bonne foi. L&#039;utilisation abusive de ce canal n&#039;est pas acceptable.<\/p>\n<p>Afin de fournir un canal efficace pour les signalements de mauvaise conduite dans de telles circonstances, EV Cargo Global Forwarding dispose d&#039;une hotline et d&#039;une URL de d\u00e9nonciation confidentielles d\u00e9di\u00e9es, exploit\u00e9es 24h\/24 et 7j\/7 par Navex Global et un point d&#039;\u00e9thique, dont les d\u00e9tails sont indiqu\u00e9s ci-dessous.<\/p>\n<p>EV Cargo Global Forwarding encourage ses employ\u00e9s et les tiers \u00e0 utiliser cette ligne d&#039;assistance t\u00e9l\u00e9phonique confidentielle de d\u00e9nonciation plut\u00f4t que de faire part de leurs pr\u00e9occupations en public. La divulgation publique (par exemple, via un article dans un journal) d&#039;une mauvaise conduite affecte la r\u00e9putation des entreprises et de leurs employ\u00e9s.<\/p>\n<h3>La promesse d&#039;EV Cargo Global Forwarding<\/h3>\n<p>EV Cargo Global Forwarding promet que tout rapport effectu\u00e9 conform\u00e9ment \u00e0 la politique :<\/p>\n<ul>\n<li>\u00catre trait\u00e9 avec respect ;<\/li>\n<li>\u00catre trait\u00e9 dans la plus grande confidentialit\u00e9 ;<\/li>\n<li>Rester anonyme lorsque la personne signalant l\u2019inconduite demande l\u2019anonymat ; et<\/li>\n<li>\u00catre trait\u00e9 de mani\u00e8re discr\u00e8te, appropri\u00e9e et proportionn\u00e9e.<\/li>\n<li>Traiter les rapports de mani\u00e8re appropri\u00e9e et proportionn\u00e9e comprendra :<\/li>\n<li>Une enqu\u00eate sur toutes les all\u00e9gations de mauvaise conduite, quelle que soit leur source, \u00e0 condition qu&#039;elles contiennent des faits suffisants et v\u00e9rifiables et\/ou des informations corroborantes ; et<\/li>\n<li>Ne prendre aucune mesure pour enqu\u00eater lorsque le rapport d\u2019inconduite consiste en des all\u00e9gations vagues, impr\u00e9cises et g\u00e9n\u00e9rales, sans preuves ni informations corroborantes.<\/li>\n<\/ul>\n<p>Nous vous promettons que, dans la mesure o\u00f9 vous indiquez que vous souhaitez que nous le fassions, nous vous informerons de :<\/p>\n<ul>\n<li>Si des informations suppl\u00e9mentaires sont requises de votre part\u00a0; et<\/li>\n<li>Quelles mesures seront prises concernant votre signalement et pourquoi.<\/li>\n<\/ul>\n<p>Plus important encore, EV Cargo Global Forwarding promet que vous ne subirez aucune cons\u00e9quence n\u00e9gative si vous signalez de bonne foi des inqui\u00e9tudes sinc\u00e8res concernant une mauvaise conduite. Toutefois, si une personne ayant effectu\u00e9 un signalement conform\u00e9ment \u00e0 la pr\u00e9sente politique estime avoir \u00e9t\u00e9 trait\u00e9e de mani\u00e8re injuste de quelque mani\u00e8re que ce soit, y compris en cas de violation de la confidentialit\u00e9, elle doit signaler ses inqui\u00e9tudes directement au responsable du commerce \u00e9thique d&#039;EV Cargo Global Forwarding ou, \u00e0 d\u00e9faut (par exemple, si elle estime avoir \u00e9t\u00e9 trait\u00e9e de mani\u00e8re injuste par le responsable du commerce \u00e9thique d&#039;EV Cargo Global Forwarding), directement au comit\u00e9 d&#039;\u00e9thique et de conformit\u00e9.<\/p>\n<p>EV Cargo Global Forwarding promet que de telles pr\u00e9occupations seront trait\u00e9es avec le plus grand s\u00e9rieux et, si un tel traitement injuste est prouv\u00e9, toute personne responsable de ce traitement sera sanctionn\u00e9e.<\/p>\n<h3>Responsabilit\u00e9 de la politique<\/h3>\n<p>Le Comit\u00e9 d&#039;\u00e9thique et de conformit\u00e9 (un sous-comit\u00e9 du conseil d&#039;administration d&#039;EV Cargo Global Forwarding) a la responsabilit\u00e9 g\u00e9n\u00e9rale de veiller \u00e0 ce que cette politique soit efficacement mise en \u0153uvre dans l&#039;ensemble d&#039;EV Cargo Global Forwarding. Le Comit\u00e9 d&#039;\u00e9thique et de conformit\u00e9, dirig\u00e9 par le secr\u00e9taire de la soci\u00e9t\u00e9, rendra compte rapidement au conseil d&#039;administration de toute question impliquant une conduite criminelle, une conduite criminelle potentielle ou une violation de cette politique.<\/p>\n<p>La politique sera formellement revue par le Comit\u00e9 d&#039;\u00e9thique et de conformit\u00e9 sur une base annuelle et contr\u00f4l\u00e9e r\u00e9guli\u00e8rement par le Responsable du commerce \u00e9thique d&#039;EV Cargo Global Forwarding (en r\u00e9ponse \u00e0 tout changement important apport\u00e9 \u00e0 la l\u00e9gislation et aux directives proc\u00e9durales pertinentes), afin de garantir qu&#039;elle est appropri\u00e9e, ad\u00e9quate et efficace. Toutes les am\u00e9liorations n\u00e9cessaires identifi\u00e9es seront mises en \u0153uvre rapidement. Les employ\u00e9s et toutes les personnes associ\u00e9es d&#039;EV Cargo Global Forwarding qui sont tenus de se conformer aux termes de la politique seront inform\u00e9s de tout changement important qui sera apport\u00e9.<\/p>\n<p>Tout conflit entre cette politique et les lois locales applicables doit \u00eatre imm\u00e9diatement signal\u00e9, par \u00e9crit, au responsable du commerce \u00e9thique d&#039;EV Cargo Global Forwarding.<\/p>\n<h3>Questions et pr\u00e9occupations<\/h3>\n<p>Les employ\u00e9s d&#039;EV Cargo Global Forwarding sont fortement encourag\u00e9s \u00e0 soulever des questions ou des pr\u00e9occupations le plus t\u00f4t possible concernant :<\/p>\n<ul>\n<li>La port\u00e9e et l\u2019application de cette politique ;<\/li>\n<li>Si un acte particulier constitue une faute ; et\/ou<\/li>\n<li>Tout cas ou suspicion de faute professionnelle, ou toute action qui pourrait autrement \u00eatre consid\u00e9r\u00e9e comme une violation de cette politique.<\/li>\n<li>Toutes ces questions ou pr\u00e9occupations seront trait\u00e9es dans la plus stricte confidentialit\u00e9 et doivent \u00eatre transmises au responsable du commerce \u00e9thique d&#039;EV Cargo Global Forwarding.<\/li>\n<li>Comme indiqu\u00e9 ci-dessus, EV Cargo Global Forwarding encourage activement ses employ\u00e9s \u00e0 faire part de leurs pr\u00e9occupations sans crainte de repr\u00e9sailles ou de traitement pr\u00e9judiciable et s&#039;engage \u00e0 offrir son soutien \u00e0 ces personnes. En aucun cas, un employ\u00e9 ne doit ignorer ou \u00ab fermer les yeux \u00bb lorsque les circonstances indiquent une mauvaise conduite ou une possible violation de cette politique.<\/li>\n<\/ul>\n<h3>Coordonn\u00e9es utiles :<\/h3>\n<p>Courriel : e<a href=\"mailto:ethical.trade@ev-cargo.com\">thical.trade@ev-cargo.com <\/a><\/p>\n<h3>Coordonn\u00e9es du contact \u00e0 contacter :<\/h3>\n<p>Ligne d&#039;assistance t\u00e9l\u00e9phonique de d\u00e9nonciation au 0800 89 0011, composez rapidement le 833 753 08833 ou en ligne \u00e0 l&#039;adresse\u00a0<a href=\"http:\/\/www.evcargoglobalforwarding.ethicspoint.com\/\">www.evcargoglobalforwarding.ethicspoint.com<\/a><\/p>\n\n\t<\/div>\n\n<\/section>","protected":false},"excerpt":{"rendered":"<p>L\u2019objectif de cette politique est de garantir que toute fraude, mauvaise conduite ou acte r\u00e9pr\u00e9hensible de la part des employ\u00e9s et des tiers soit signal\u00e9 et trait\u00e9 correctement. <\/p>","protected":false},"author":9,"featured_media":1597,"parent":3722,"menu_order":0,"comment_status":"closed","ping_status":"closed","template":"","meta":{"_acf_changed":false,"footnotes":""},"class_list":["post-98551","page","type-page","status-publish","has-post-thumbnail","hentry"],"acf":[],"yoast_head":"<!-- This site is optimized with the Yoast SEO plugin v27.3 - https:\/\/yoast.com\/product\/yoast-seo-wordpress\/ -->\n<title>Whistle Blowing Policy - EV Cargo<\/title>\n<meta name=\"robots\" content=\"index, follow, max-snippet:-1, max-image-preview:large, max-video-preview:-1\" \/>\n<link rel=\"canonical\" href=\"https:\/\/www.evcargo.com\/fr\/policies-and-statements\/whistle-blowing-policy\/\" \/>\n<meta property=\"og:locale\" content=\"fr_FR\" \/>\n<meta property=\"og:type\" content=\"article\" \/>\n<meta property=\"og:title\" content=\"Whistle Blowing Policy - EV Cargo\" \/>\n<meta property=\"og:description\" content=\"The purpose of this policy is to ensure that any fraud, misconduct or wrongdoing by employees and third parties are reported and properly dealt with.\" \/>\n<meta property=\"og:url\" content=\"https:\/\/www.evcargo.com\/fr\/policies-and-statements\/whistle-blowing-policy\/\" \/>\n<meta property=\"og:site_name\" content=\"EV Cargo\" \/>\n<meta property=\"article:modified_time\" content=\"2022-01-21T14:20:56+00:00\" \/>\n<meta property=\"og:image\" content=\"https:\/\/www.evcargo.com\/wp-content\/uploads\/2021\/06\/42.png\" \/>\n\t<meta property=\"og:image:width\" content=\"1600\" \/>\n\t<meta property=\"og:image:height\" content=\"900\" \/>\n\t<meta property=\"og:image:type\" content=\"image\/png\" \/>\n<meta name=\"twitter:card\" content=\"summary_large_image\" \/>\n<script type=\"application\/ld+json\" class=\"yoast-schema-graph\">{\"@context\":\"https:\\\/\\\/schema.org\",\"@graph\":[{\"@type\":\"WebPage\",\"@id\":\"https:\\\/\\\/www.evcargo.com\\\/policies-and-statements\\\/whistle-blowing-policy\\\/\",\"url\":\"https:\\\/\\\/www.evcargo.com\\\/policies-and-statements\\\/whistle-blowing-policy\\\/\",\"name\":\"Whistle Blowing Policy - EV Cargo\",\"isPartOf\":{\"@id\":\"https:\\\/\\\/www.evcargo.com\\\/de\\\/#website\"},\"primaryImageOfPage\":{\"@id\":\"https:\\\/\\\/www.evcargo.com\\\/policies-and-statements\\\/whistle-blowing-policy\\\/#primaryimage\"},\"image\":{\"@id\":\"https:\\\/\\\/www.evcargo.com\\\/policies-and-statements\\\/whistle-blowing-policy\\\/#primaryimage\"},\"thumbnailUrl\":\"https:\\\/\\\/www.evcargo.com\\\/wp-content\\\/uploads\\\/2021\\\/06\\\/42.png\",\"datePublished\":\"2021-07-12T15:48:36+00:00\",\"dateModified\":\"2022-01-21T14:20:56+00:00\",\"breadcrumb\":{\"@id\":\"https:\\\/\\\/www.evcargo.com\\\/policies-and-statements\\\/whistle-blowing-policy\\\/#breadcrumb\"},\"inLanguage\":\"fr-FR\",\"potentialAction\":[{\"@type\":\"ReadAction\",\"target\":[\"https:\\\/\\\/www.evcargo.com\\\/policies-and-statements\\\/whistle-blowing-policy\\\/\"]}]},{\"@type\":\"ImageObject\",\"inLanguage\":\"fr-FR\",\"@id\":\"https:\\\/\\\/www.evcargo.com\\\/policies-and-statements\\\/whistle-blowing-policy\\\/#primaryimage\",\"url\":\"https:\\\/\\\/www.evcargo.com\\\/wp-content\\\/uploads\\\/2021\\\/06\\\/42.png\",\"contentUrl\":\"https:\\\/\\\/www.evcargo.com\\\/wp-content\\\/uploads\\\/2021\\\/06\\\/42.png\",\"width\":1600,\"height\":900,\"caption\":\"Gavel hitting table\"},{\"@type\":\"BreadcrumbList\",\"@id\":\"https:\\\/\\\/www.evcargo.com\\\/policies-and-statements\\\/whistle-blowing-policy\\\/#breadcrumb\",\"itemListElement\":[{\"@type\":\"ListItem\",\"position\":1,\"name\":\"Policies and Statements\",\"item\":\"https:\\\/\\\/www.evcargo.com\\\/policies-and-statements\\\/\"},{\"@type\":\"ListItem\",\"position\":2,\"name\":\"Whistle Blowing Policy\"}]},{\"@type\":\"WebSite\",\"@id\":\"https:\\\/\\\/www.evcargo.com\\\/de\\\/#website\",\"url\":\"https:\\\/\\\/www.evcargo.com\\\/de\\\/\",\"name\":\"EV Cargo\",\"description\":\"\",\"publisher\":{\"@id\":\"https:\\\/\\\/www.evcargo.com\\\/de\\\/#organization\"},\"potentialAction\":[{\"@type\":\"SearchAction\",\"target\":{\"@type\":\"EntryPoint\",\"urlTemplate\":\"https:\\\/\\\/www.evcargo.com\\\/de\\\/?s={search_term_string}\"},\"query-input\":{\"@type\":\"PropertyValueSpecification\",\"valueRequired\":true,\"valueName\":\"search_term_string\"}}],\"inLanguage\":\"fr-FR\"},{\"@type\":\"Organization\",\"@id\":\"https:\\\/\\\/www.evcargo.com\\\/de\\\/#organization\",\"name\":\"EV Cargo\",\"alternateName\":\"EVC\",\"url\":\"https:\\\/\\\/www.evcargo.com\\\/de\\\/\",\"logo\":{\"@type\":\"ImageObject\",\"inLanguage\":\"fr-FR\",\"@id\":\"https:\\\/\\\/www.evcargo.com\\\/de\\\/#\\\/schema\\\/logo\\\/image\\\/\",\"url\":\"https:\\\/\\\/www.evcargo.com\\\/wp-content\\\/uploads\\\/2025\\\/02\\\/ev-cargo-logo.png\",\"contentUrl\":\"https:\\\/\\\/www.evcargo.com\\\/wp-content\\\/uploads\\\/2025\\\/02\\\/ev-cargo-logo.png\",\"width\":364,\"height\":78,\"caption\":\"EV Cargo\"},\"image\":{\"@id\":\"https:\\\/\\\/www.evcargo.com\\\/de\\\/#\\\/schema\\\/logo\\\/image\\\/\"}}]}<\/script>\n<!-- \/ Yoast SEO plugin. -->","yoast_head_json":{"title":"Politique de d\u00e9nonciation - EV Cargo","robots":{"index":"index","follow":"follow","max-snippet":"max-snippet:-1","max-image-preview":"max-image-preview:large","max-video-preview":"max-video-preview:-1"},"canonical":"https:\/\/www.evcargo.com\/fr\/policies-and-statements\/whistle-blowing-policy\/","og_locale":"fr_FR","og_type":"article","og_title":"Whistle Blowing Policy - EV Cargo","og_description":"The purpose of this policy is to ensure that any fraud, misconduct or wrongdoing by employees and third parties are reported and properly dealt with.","og_url":"https:\/\/www.evcargo.com\/fr\/policies-and-statements\/whistle-blowing-policy\/","og_site_name":"EV Cargo","article_modified_time":"2022-01-21T14:20:56+00:00","og_image":[{"width":1600,"height":900,"url":"https:\/\/www.evcargo.com\/wp-content\/uploads\/2021\/06\/42.png","type":"image\/png"}],"twitter_card":"summary_large_image","schema":{"@context":"https:\/\/schema.org","@graph":[{"@type":"WebPage","@id":"https:\/\/www.evcargo.com\/policies-and-statements\/whistle-blowing-policy\/","url":"https:\/\/www.evcargo.com\/policies-and-statements\/whistle-blowing-policy\/","name":"Politique de d\u00e9nonciation - EV Cargo","isPartOf":{"@id":"https:\/\/www.evcargo.com\/de\/#website"},"primaryImageOfPage":{"@id":"https:\/\/www.evcargo.com\/policies-and-statements\/whistle-blowing-policy\/#primaryimage"},"image":{"@id":"https:\/\/www.evcargo.com\/policies-and-statements\/whistle-blowing-policy\/#primaryimage"},"thumbnailUrl":"https:\/\/www.evcargo.com\/wp-content\/uploads\/2021\/06\/42.png","datePublished":"2021-07-12T15:48:36+00:00","dateModified":"2022-01-21T14:20:56+00:00","breadcrumb":{"@id":"https:\/\/www.evcargo.com\/policies-and-statements\/whistle-blowing-policy\/#breadcrumb"},"inLanguage":"fr-FR","potentialAction":[{"@type":"ReadAction","target":["https:\/\/www.evcargo.com\/policies-and-statements\/whistle-blowing-policy\/"]}]},{"@type":"ImageObject","inLanguage":"fr-FR","@id":"https:\/\/www.evcargo.com\/policies-and-statements\/whistle-blowing-policy\/#primaryimage","url":"https:\/\/www.evcargo.com\/wp-content\/uploads\/2021\/06\/42.png","contentUrl":"https:\/\/www.evcargo.com\/wp-content\/uploads\/2021\/06\/42.png","width":1600,"height":900,"caption":"Gavel hitting table"},{"@type":"BreadcrumbList","@id":"https:\/\/www.evcargo.com\/policies-and-statements\/whistle-blowing-policy\/#breadcrumb","itemListElement":[{"@type":"ListItem","position":1,"name":"Policies and Statements","item":"https:\/\/www.evcargo.com\/policies-and-statements\/"},{"@type":"ListItem","position":2,"name":"Whistle Blowing Policy"}]},{"@type":"WebSite","@id":"https:\/\/www.evcargo.com\/de\/#website","url":"https:\/\/www.evcargo.com\/de\/","name":"VE Cargo","description":"","publisher":{"@id":"https:\/\/www.evcargo.com\/de\/#organization"},"potentialAction":[{"@type":"SearchAction","target":{"@type":"EntryPoint","urlTemplate":"https:\/\/www.evcargo.com\/de\/?s={search_term_string}"},"query-input":{"@type":"PropertyValueSpecification","valueRequired":true,"valueName":"search_term_string"}}],"inLanguage":"fr-FR"},{"@type":"Organization","@id":"https:\/\/www.evcargo.com\/de\/#organization","name":"VE Cargo","alternateName":"EVC","url":"https:\/\/www.evcargo.com\/de\/","logo":{"@type":"ImageObject","inLanguage":"fr-FR","@id":"https:\/\/www.evcargo.com\/de\/#\/schema\/logo\/image\/","url":"https:\/\/www.evcargo.com\/wp-content\/uploads\/2025\/02\/ev-cargo-logo.png","contentUrl":"https:\/\/www.evcargo.com\/wp-content\/uploads\/2025\/02\/ev-cargo-logo.png","width":364,"height":78,"caption":"EV Cargo"},"image":{"@id":"https:\/\/www.evcargo.com\/de\/#\/schema\/logo\/image\/"}}]}},"_links":{"self":[{"href":"https:\/\/www.evcargo.com\/fr\/wp-json\/wp\/v2\/pages\/98551","targetHints":{"allow":["GET"]}}],"collection":[{"href":"https:\/\/www.evcargo.com\/fr\/wp-json\/wp\/v2\/pages"}],"about":[{"href":"https:\/\/www.evcargo.com\/fr\/wp-json\/wp\/v2\/types\/page"}],"author":[{"embeddable":true,"href":"https:\/\/www.evcargo.com\/fr\/wp-json\/wp\/v2\/users\/9"}],"replies":[{"embeddable":true,"href":"https:\/\/www.evcargo.com\/fr\/wp-json\/wp\/v2\/comments?post=98551"}],"version-history":[{"count":0,"href":"https:\/\/www.evcargo.com\/fr\/wp-json\/wp\/v2\/pages\/98551\/revisions"}],"up":[{"embeddable":true,"href":"https:\/\/www.evcargo.com\/fr\/wp-json\/wp\/v2\/pages\/3722"}],"wp:featuredmedia":[{"embeddable":true,"href":"https:\/\/www.evcargo.com\/fr\/wp-json\/wp\/v2\/media\/1597"}],"wp:attachment":[{"href":"https:\/\/www.evcargo.com\/fr\/wp-json\/wp\/v2\/media?parent=98551"}],"curies":[{"name":"wp","href":"https:\/\/api.w.org\/{rel}","templated":true}]}}