{"id":98936,"date":"2021-07-19T16:00:56","date_gmt":"2021-07-19T15:00:56","guid":{"rendered":"https:\/\/evc.extramilecommunications.dev\/?page_id=98936"},"modified":"2023-05-25T10:01:37","modified_gmt":"2023-05-25T09:01:37","slug":"media","status":"publish","type":"page","link":"https:\/\/www.evcargo.com\/fr\/company\/media\/","title":{"rendered":"M\u00e9dias"},"content":{"rendered":"<section  class=\"hero-block bg-image\" data-aos=\"fade\" style=\"background-image: url(https:\/\/www.evcargo.com\/wp-content\/uploads\/2021\/06\/shutterstock_521213980-scaled.jpg);\">\n\n\t<div class=\"container-fluid\">\n\n\t\t<div class=\"hero-block__titles\">\n\n\t\t\t<h1>M\u00e9dias<\/h1>\t\t\t\t\t\t\t\t\t\t\t\t\t\t\t\t\t<\/div>\n\t\t\n\n\t\t        \n\t<\/div>\n\n<\/section>\n\n\t<div class=\"breadcrumbs\" typeof=\"BreadcrumbList\" vocab=\"https:\/\/schema.org\/\">\n\t\t<div class=\"container-fluid\">\n\t\t\t<span property=\"itemListElement\" typeof=\"ListItem\"><a property=\"item\" typeof=\"WebPage\" title=\"Aller \u00e0 EV Cargo.\" href=\"https:\/\/www.evcargo.com\/fr\" class=\"home\" aria-current=\"page\"><span property=\"name\">VE Cargo<\/span><\/a><meta property=\"position\" content=\"1\"><\/span>\t\t<\/div>\n\t<\/div>\n\n\n<section  class=\"centered-text-icons\">\n\n\t<div class=\"container-fluid\">\n\t\t\t\t<div class=\"centered-text-icons__titles\">\n\t\t<h2 data-aos=\"fade\">Derni\u00e8res nouvelles<\/h2>\t\t<div data-aos=\"fade\" class=\"wysiwyg\"><p>Du renouvellement des contrats \u00e0 l&#039;avenir de la logistique et de la technologie, prenez de l&#039;avance en vous tenant au courant des articles d&#039;actualit\u00e9 dans la salle de presse d&#039;EV Cargo.<\/p>\n<\/div>\n\t\t<\/div>\n\n\t\t\t\n\n\t\t\t\t\n\t\t\t\t\t\t\t<div class=\"centered-text-icons__btn\" data-aos=\"fade\">\n\t\t\t\t\t\n\n\t\t\t\t\t<a href=\"https:\/\/www.evcargo.com\/en\/media__trashed\/newsroom\/\" target=\"_self\" class=\"btn green-btn\">\n\t\t\t\t\t\tLire les derni\u00e8res mises \u00e0 jour de nouvelles\t\t\t\t\t<\/a>\n\n\t\t\t\t<\/div>\n\t\t\t\n\n\n\t<\/div>\n\n<\/section>\n\n\n\n<section  class=\"text-image  background__primary background__style__gradient background__direction__vertical\">\n\t<div class=\"container-fluid\">\n\t\t<div class=\"row\">\n\t\t\t<div class=\"text-image__image col-md-6 order-md-2\" data-aos=\"fade-left\">\n                <div style=\"width: 100%;\">\n    \t\t\t\t\n    \t\t\t\t\n    \t\t\t\t    <img decoding=\"async\" src=\"https:\/\/www.evcargo.com\/wp-content\/uploads\/2021\/07\/Heath-Zarin-at-EV-Cargo-conference-1-scaled.jpg\" alt=\"heath presenting at conference\" style = \"width: 100%;\" loading=\"lazy\" \/>\n    \t\t\t\t    \t\t\t<\/div>\n\t\t\t<\/div>\n\n\t\t\t<div class=\"text-image__text col-md-6 order-md-1\" data-aos=\"fade-right\">\n\t\t\t\t\t\t\t\t\t<h2>\u00c9v\u00e9nements<\/h2>\n\t\t\t\t\t\t\t\t\t<div class=\"wysiwyg\">\n\t\t\t\t\t\t<p>Jetez un \u0153il sur nos \u00e9v\u00e9nements pass\u00e9s et \u00e0 venir.<\/p>\n<p>Des webinaires en ligne aux mises \u00e0 jour strat\u00e9giques, r\u00e9unions de r\u00e9seau, c\u00e9r\u00e9monies de remise de prix et expositions, vous pourrez vous tenir au courant de tous les \u00e9v\u00e9nements EV Cargo et des \u00e9v\u00e9nements auxquels EV Cargo participe.<\/p>\n\t\t\t\t\t<\/div>\n\t\t\t\t\n\t\t\t\t\t\t\t\t\t<a href=\"https:\/\/www.evcargo.com\/en\/events\/\" target=\"_self\" class=\"btn\">\n\t\t\t\t\t\tVoir tous les \u00e9v\u00e9nements\t\t\t\t\t<\/a>\n\t\t\t\t\t\t\t<\/div>\n\t\t<\/div>\n\t<\/div>\n\n    <div class=\"watermark\"><\/div>\n<\/section>\n\n\n\n<section  class=\"wide-image-text background__white\" height: ;\">\n\t\n\t<\/section>\n\n\n\n<p><\/p>","protected":false},"excerpt":{"rendered":"","protected":false},"author":9,"featured_media":98836,"parent":1451,"menu_order":0,"comment_status":"closed","ping_status":"closed","template":"","meta":{"_acf_changed":false,"footnotes":""},"class_list":["post-98936","page","type-page","status-publish","has-post-thumbnail","hentry"],"acf":[],"yoast_head":"<!-- This site is optimized with the Yoast SEO plugin v27.3 - https:\/\/yoast.com\/product\/yoast-seo-wordpress\/ -->\n<title>Our Latest News and Events | EV Cargo<\/title>\n<meta name=\"description\" content=\"Discover our latest news and upcoming events from supply chain management experts, EV Cargo.\" \/>\n<meta name=\"robots\" content=\"index, follow, max-snippet:-1, max-image-preview:large, max-video-preview:-1\" \/>\n<link rel=\"canonical\" href=\"https:\/\/www.evcargo.com\/fr\/company\/media\/\" \/>\n<meta property=\"og:locale\" content=\"fr_FR\" \/>\n<meta property=\"og:type\" content=\"article\" \/>\n<meta property=\"og:title\" content=\"Our Latest News and Events | EV Cargo\" \/>\n<meta property=\"og:description\" content=\"Discover our latest news and upcoming events from supply chain management experts, EV Cargo.\" \/>\n<meta property=\"og:url\" content=\"https:\/\/www.evcargo.com\/fr\/company\/media\/\" \/>\n<meta property=\"og:site_name\" content=\"EV Cargo\" \/>\n<meta property=\"article:modified_time\" content=\"2023-05-25T09:01:37+00:00\" \/>\n<meta property=\"og:image\" content=\"https:\/\/www.evcargo.com\/wp-content\/uploads\/2021\/07\/Banners-2021-05-21T114656.856-1024x427-2.png\" \/>\n\t<meta property=\"og:image:width\" content=\"1024\" \/>\n\t<meta property=\"og:image:height\" content=\"427\" \/>\n\t<meta property=\"og:image:type\" content=\"image\/png\" \/>\n<meta name=\"twitter:card\" content=\"summary_large_image\" \/>\n<script type=\"application\/ld+json\" class=\"yoast-schema-graph\">{\"@context\":\"https:\\\/\\\/schema.org\",\"@graph\":[{\"@type\":\"WebPage\",\"@id\":\"https:\\\/\\\/www.evcargo.com\\\/th\\\/company\\\/media\\\/\",\"url\":\"https:\\\/\\\/www.evcargo.com\\\/th\\\/company\\\/media\\\/\",\"name\":\"Our Latest News and Events | EV Cargo\",\"isPartOf\":{\"@id\":\"https:\\\/\\\/www.evcargo.com\\\/de\\\/#website\"},\"primaryImageOfPage\":{\"@id\":\"https:\\\/\\\/www.evcargo.com\\\/th\\\/company\\\/media\\\/#primaryimage\"},\"image\":{\"@id\":\"https:\\\/\\\/www.evcargo.com\\\/th\\\/company\\\/media\\\/#primaryimage\"},\"thumbnailUrl\":\"https:\\\/\\\/www.evcargo.com\\\/wp-content\\\/uploads\\\/2021\\\/07\\\/Banners-2021-05-21T114656.856-1024x427-2.png\",\"datePublished\":\"2021-07-19T15:00:56+00:00\",\"dateModified\":\"2023-05-25T09:01:37+00:00\",\"description\":\"Discover our latest news and upcoming events from supply chain management experts, EV Cargo.\",\"breadcrumb\":{\"@id\":\"https:\\\/\\\/www.evcargo.com\\\/th\\\/company\\\/media\\\/#breadcrumb\"},\"inLanguage\":\"fr-FR\",\"potentialAction\":[{\"@type\":\"ReadAction\",\"target\":[\"https:\\\/\\\/www.evcargo.com\\\/th\\\/company\\\/media\\\/\"]}]},{\"@type\":\"ImageObject\",\"inLanguage\":\"fr-FR\",\"@id\":\"https:\\\/\\\/www.evcargo.com\\\/th\\\/company\\\/media\\\/#primaryimage\",\"url\":\"https:\\\/\\\/www.evcargo.com\\\/wp-content\\\/uploads\\\/2021\\\/07\\\/Banners-2021-05-21T114656.856-1024x427-2.png\",\"contentUrl\":\"https:\\\/\\\/www.evcargo.com\\\/wp-content\\\/uploads\\\/2021\\\/07\\\/Banners-2021-05-21T114656.856-1024x427-2.png\",\"width\":1024,\"height\":427,\"caption\":\"heath in hong kong office\"},{\"@type\":\"BreadcrumbList\",\"@id\":\"https:\\\/\\\/www.evcargo.com\\\/th\\\/company\\\/media\\\/#breadcrumb\",\"itemListElement\":[{\"@type\":\"ListItem\",\"position\":1,\"name\":\"Company\",\"item\":\"https:\\\/\\\/www.evcargo.com\\\/th\\\/company\\\/\"},{\"@type\":\"ListItem\",\"position\":2,\"name\":\"Media\"}]},{\"@type\":\"WebSite\",\"@id\":\"https:\\\/\\\/www.evcargo.com\\\/de\\\/#website\",\"url\":\"https:\\\/\\\/www.evcargo.com\\\/de\\\/\",\"name\":\"EV Cargo\",\"description\":\"\",\"publisher\":{\"@id\":\"https:\\\/\\\/www.evcargo.com\\\/de\\\/#organization\"},\"potentialAction\":[{\"@type\":\"SearchAction\",\"target\":{\"@type\":\"EntryPoint\",\"urlTemplate\":\"https:\\\/\\\/www.evcargo.com\\\/de\\\/?s={search_term_string}\"},\"query-input\":{\"@type\":\"PropertyValueSpecification\",\"valueRequired\":true,\"valueName\":\"search_term_string\"}}],\"inLanguage\":\"fr-FR\"},{\"@type\":\"Organization\",\"@id\":\"https:\\\/\\\/www.evcargo.com\\\/de\\\/#organization\",\"name\":\"EV Cargo\",\"alternateName\":\"EVC\",\"url\":\"https:\\\/\\\/www.evcargo.com\\\/de\\\/\",\"logo\":{\"@type\":\"ImageObject\",\"inLanguage\":\"fr-FR\",\"@id\":\"https:\\\/\\\/www.evcargo.com\\\/de\\\/#\\\/schema\\\/logo\\\/image\\\/\",\"url\":\"https:\\\/\\\/www.evcargo.com\\\/wp-content\\\/uploads\\\/2025\\\/02\\\/ev-cargo-logo.png\",\"contentUrl\":\"https:\\\/\\\/www.evcargo.com\\\/wp-content\\\/uploads\\\/2025\\\/02\\\/ev-cargo-logo.png\",\"width\":364,\"height\":78,\"caption\":\"EV Cargo\"},\"image\":{\"@id\":\"https:\\\/\\\/www.evcargo.com\\\/de\\\/#\\\/schema\\\/logo\\\/image\\\/\"}}]}<\/script>\n<!-- \/ Yoast SEO plugin. -->","yoast_head_json":{"title":"Nos derni\u00e8res actualit\u00e9s et \u00e9v\u00e9nements | EV Cargo","description":"D\u00e9couvrez nos derni\u00e8res actualit\u00e9s et \u00e9v\u00e9nements \u00e0 venir des experts en gestion de la cha\u00eene d&#039;approvisionnement, EV Cargo.","robots":{"index":"index","follow":"follow","max-snippet":"max-snippet:-1","max-image-preview":"max-image-preview:large","max-video-preview":"max-video-preview:-1"},"canonical":"https:\/\/www.evcargo.com\/fr\/company\/media\/","og_locale":"fr_FR","og_type":"article","og_title":"Our Latest News and Events | EV Cargo","og_description":"Discover our latest news and upcoming events from supply chain management experts, EV Cargo.","og_url":"https:\/\/www.evcargo.com\/fr\/company\/media\/","og_site_name":"EV Cargo","article_modified_time":"2023-05-25T09:01:37+00:00","og_image":[{"width":1024,"height":427,"url":"https:\/\/www.evcargo.com\/wp-content\/uploads\/2021\/07\/Banners-2021-05-21T114656.856-1024x427-2.png","type":"image\/png"}],"twitter_card":"summary_large_image","schema":{"@context":"https:\/\/schema.org","@graph":[{"@type":"WebPage","@id":"https:\/\/www.evcargo.com\/th\/company\/media\/","url":"https:\/\/www.evcargo.com\/th\/company\/media\/","name":"Nos derni\u00e8res actualit\u00e9s et \u00e9v\u00e9nements | EV Cargo","isPartOf":{"@id":"https:\/\/www.evcargo.com\/de\/#website"},"primaryImageOfPage":{"@id":"https:\/\/www.evcargo.com\/th\/company\/media\/#primaryimage"},"image":{"@id":"https:\/\/www.evcargo.com\/th\/company\/media\/#primaryimage"},"thumbnailUrl":"https:\/\/www.evcargo.com\/wp-content\/uploads\/2021\/07\/Banners-2021-05-21T114656.856-1024x427-2.png","datePublished":"2021-07-19T15:00:56+00:00","dateModified":"2023-05-25T09:01:37+00:00","description":"D\u00e9couvrez nos derni\u00e8res actualit\u00e9s et \u00e9v\u00e9nements \u00e0 venir des experts en gestion de la cha\u00eene d&#039;approvisionnement, EV Cargo.","breadcrumb":{"@id":"https:\/\/www.evcargo.com\/th\/company\/media\/#breadcrumb"},"inLanguage":"fr-FR","potentialAction":[{"@type":"ReadAction","target":["https:\/\/www.evcargo.com\/th\/company\/media\/"]}]},{"@type":"ImageObject","inLanguage":"fr-FR","@id":"https:\/\/www.evcargo.com\/th\/company\/media\/#primaryimage","url":"https:\/\/www.evcargo.com\/wp-content\/uploads\/2021\/07\/Banners-2021-05-21T114656.856-1024x427-2.png","contentUrl":"https:\/\/www.evcargo.com\/wp-content\/uploads\/2021\/07\/Banners-2021-05-21T114656.856-1024x427-2.png","width":1024,"height":427,"caption":"heath in hong kong office"},{"@type":"BreadcrumbList","@id":"https:\/\/www.evcargo.com\/th\/company\/media\/#breadcrumb","itemListElement":[{"@type":"ListItem","position":1,"name":"Company","item":"https:\/\/www.evcargo.com\/th\/company\/"},{"@type":"ListItem","position":2,"name":"Media"}]},{"@type":"WebSite","@id":"https:\/\/www.evcargo.com\/de\/#website","url":"https:\/\/www.evcargo.com\/de\/","name":"VE Cargo","description":"","publisher":{"@id":"https:\/\/www.evcargo.com\/de\/#organization"},"potentialAction":[{"@type":"SearchAction","target":{"@type":"EntryPoint","urlTemplate":"https:\/\/www.evcargo.com\/de\/?s={search_term_string}"},"query-input":{"@type":"PropertyValueSpecification","valueRequired":true,"valueName":"search_term_string"}}],"inLanguage":"fr-FR"},{"@type":"Organization","@id":"https:\/\/www.evcargo.com\/de\/#organization","name":"VE Cargo","alternateName":"EVC","url":"https:\/\/www.evcargo.com\/de\/","logo":{"@type":"ImageObject","inLanguage":"fr-FR","@id":"https:\/\/www.evcargo.com\/de\/#\/schema\/logo\/image\/","url":"https:\/\/www.evcargo.com\/wp-content\/uploads\/2025\/02\/ev-cargo-logo.png","contentUrl":"https:\/\/www.evcargo.com\/wp-content\/uploads\/2025\/02\/ev-cargo-logo.png","width":364,"height":78,"caption":"EV Cargo"},"image":{"@id":"https:\/\/www.evcargo.com\/de\/#\/schema\/logo\/image\/"}}]}},"_links":{"self":[{"href":"https:\/\/www.evcargo.com\/fr\/wp-json\/wp\/v2\/pages\/98936","targetHints":{"allow":["GET"]}}],"collection":[{"href":"https:\/\/www.evcargo.com\/fr\/wp-json\/wp\/v2\/pages"}],"about":[{"href":"https:\/\/www.evcargo.com\/fr\/wp-json\/wp\/v2\/types\/page"}],"author":[{"embeddable":true,"href":"https:\/\/www.evcargo.com\/fr\/wp-json\/wp\/v2\/users\/9"}],"replies":[{"embeddable":true,"href":"https:\/\/www.evcargo.com\/fr\/wp-json\/wp\/v2\/comments?post=98936"}],"version-history":[{"count":0,"href":"https:\/\/www.evcargo.com\/fr\/wp-json\/wp\/v2\/pages\/98936\/revisions"}],"up":[{"embeddable":true,"href":"https:\/\/www.evcargo.com\/fr\/wp-json\/wp\/v2\/pages\/1451"}],"wp:featuredmedia":[{"embeddable":true,"href":"https:\/\/www.evcargo.com\/fr\/wp-json\/wp\/v2\/media\/98836"}],"wp:attachment":[{"href":"https:\/\/www.evcargo.com\/fr\/wp-json\/wp\/v2\/media?parent=98936"}],"curies":[{"name":"wp","href":"https:\/\/api.w.org\/{rel}","templated":true}]}}