{"id":103564,"date":"2022-01-04T12:30:51","date_gmt":"2022-01-04T12:30:51","guid":{"rendered":"http:\/\/ev-cargo.test\/?page_id=103564"},"modified":"2023-05-25T12:30:28","modified_gmt":"2023-05-25T11:30:28","slug":"thank-you-warehousing-partner-application","status":"publish","type":"page","link":"https:\/\/www.evcargo.com\/pl\/thank-you-warehousing-partner-application\/","title":{"rendered":"Dzi\u0119kujemy \u2013 Aplikacja Partnera Magazynowego"},"content":{"rendered":"<section  class=\"hero-block bg-image\" data-aos=\"fade\" style=\"background-image: url(https:\/\/www.evcargo.com\/wp-content\/uploads\/2021\/07\/Untitled-design-51-1.png);\">\n\n\t<div class=\"container-fluid\">\n\n\t\t<div class=\"hero-block__titles\">\n\n\t\t\t<h1>Dzi\u0119kuj\u0119<\/h1>\t\t\t\t\t\t\t\t\t\t\t\t\t\t\t\t\t<\/div>\n\t\t\n\n\t\t        \n\t<\/div>\n\n<\/section>\n\n\t<div class=\"breadcrumbs\" typeof=\"BreadcrumbList\" vocab=\"https:\/\/schema.org\/\">\n\t\t<div class=\"container-fluid\">\n\t\t\t<span property=\"itemListElement\" typeof=\"ListItem\"><a property=\"item\" typeof=\"WebPage\" title=\"Przejd\u017a do EV Cargo.\" href=\"https:\/\/www.evcargo.com\/pl\" class=\"home\" aria-current=\"page\"><span property=\"name\">\u0141adunek EV<\/span><\/a><meta property=\"position\" content=\"1\"><\/span>\t\t<\/div>\n\t<\/div>\n\n\n<section  class=\"centered-text-icons\">\n\n\t<div class=\"container-fluid\">\n\t\t\t\t<div class=\"centered-text-icons__titles\">\n\t\t<h2 data-aos=\"fade\">Dzi\u0119kuj\u0119<\/h2>\t\t<div data-aos=\"fade\" class=\"wysiwyg\"><p>Dzi\u0119kujemy za zapytanie, nasi eksperci wkr\u00f3tce si\u0119 z Tob\u0105 skontaktuj\u0105.<\/p>\n<\/div>\n\t\t<\/div>\n\n\t\t\t\n\n\t\t\t\t\n\t\t\t\n\n\n\t<\/div>\n\n<\/section>\n\n\n\n<section  class=\"wide-image-text background__white\" height: ;\">\n\t\n\t<\/section>\n\n\n\n<p><\/p>","protected":false},"excerpt":{"rendered":"<p>EV Cargo odgrywa istotn\u0105 rol\u0119 w dystrybucji artyku\u0142\u00f3w gospodarstwa domowego, dlatego wsp\u00f3\u0142pracujemy z niekt\u00f3rymi wiod\u0105cymi \u015bwiatowymi markami.<\/p>","protected":false},"author":9,"featured_media":2733,"parent":0,"menu_order":0,"comment_status":"closed","ping_status":"closed","template":"","meta":{"_acf_changed":false,"footnotes":""},"class_list":["post-103564","page","type-page","status-publish","has-post-thumbnail","hentry"],"acf":[],"yoast_head":"<!-- This site is optimized with the Yoast SEO plugin v27.3 - https:\/\/yoast.com\/product\/yoast-seo-wordpress\/ -->\n<title>Next-day Homeware Supply Chain Solutions | EV Cargo<\/title>\n<meta name=\"description\" content=\"Next day homeware supply chain solutions. We offer responsive, reliable and adaptable transport management, able to deal with today\u2019s dynamic retail experience.\" \/>\n<meta name=\"robots\" content=\"index, follow, max-snippet:-1, max-image-preview:large, max-video-preview:-1\" \/>\n<link rel=\"canonical\" href=\"https:\/\/www.evcargo.com\/pl\/thank-you-warehousing-partner-application\/\" \/>\n<meta property=\"og:locale\" content=\"pl_PL\" \/>\n<meta property=\"og:type\" content=\"article\" \/>\n<meta property=\"og:title\" content=\"Next-day Homeware Supply Chain Solutions | EV Cargo\" \/>\n<meta property=\"og:description\" content=\"Next day homeware supply chain solutions. We offer responsive, reliable and adaptable transport management, able to deal with today\u2019s dynamic retail experience.\" \/>\n<meta property=\"og:url\" content=\"https:\/\/www.evcargo.com\/pl\/thank-you-warehousing-partner-application\/\" \/>\n<meta property=\"og:site_name\" content=\"EV Cargo\" \/>\n<meta property=\"article:modified_time\" content=\"2023-05-25T11:30:28+00:00\" \/>\n<meta property=\"og:image\" content=\"https:\/\/www.evcargo.com\/wp-content\/uploads\/2021\/06\/EVC-lorry.png\" \/>\n\t<meta property=\"og:image:width\" content=\"1324\" \/>\n\t<meta property=\"og:image:height\" content=\"877\" \/>\n\t<meta property=\"og:image:type\" content=\"image\/png\" \/>\n<meta name=\"twitter:card\" content=\"summary_large_image\" \/>\n<script type=\"application\/ld+json\" class=\"yoast-schema-graph\">{\"@context\":\"https:\\\/\\\/schema.org\",\"@graph\":[{\"@type\":\"WebPage\",\"@id\":\"https:\\\/\\\/www.evcargo.com\\\/en\\\/thank-you-warehousing-partner-application\\\/\",\"url\":\"https:\\\/\\\/www.evcargo.com\\\/en\\\/thank-you-warehousing-partner-application\\\/\",\"name\":\"Next-day Homeware Supply Chain Solutions | EV Cargo\",\"isPartOf\":{\"@id\":\"https:\\\/\\\/www.evcargo.com\\\/de\\\/#website\"},\"primaryImageOfPage\":{\"@id\":\"https:\\\/\\\/www.evcargo.com\\\/en\\\/thank-you-warehousing-partner-application\\\/#primaryimage\"},\"image\":{\"@id\":\"https:\\\/\\\/www.evcargo.com\\\/en\\\/thank-you-warehousing-partner-application\\\/#primaryimage\"},\"thumbnailUrl\":\"https:\\\/\\\/www.evcargo.com\\\/wp-content\\\/uploads\\\/2021\\\/06\\\/EVC-lorry.png\",\"datePublished\":\"2022-01-04T12:30:51+00:00\",\"dateModified\":\"2023-05-25T11:30:28+00:00\",\"description\":\"Next day homeware supply chain solutions. We offer responsive, reliable and adaptable transport management, able to deal with today\u2019s dynamic retail experience.\",\"inLanguage\":\"pl-PL\",\"potentialAction\":[{\"@type\":\"ReadAction\",\"target\":[\"https:\\\/\\\/www.evcargo.com\\\/en\\\/thank-you-warehousing-partner-application\\\/\"]}]},{\"@type\":\"ImageObject\",\"inLanguage\":\"pl-PL\",\"@id\":\"https:\\\/\\\/www.evcargo.com\\\/en\\\/thank-you-warehousing-partner-application\\\/#primaryimage\",\"url\":\"https:\\\/\\\/www.evcargo.com\\\/wp-content\\\/uploads\\\/2021\\\/06\\\/EVC-lorry.png\",\"contentUrl\":\"https:\\\/\\\/www.evcargo.com\\\/wp-content\\\/uploads\\\/2021\\\/06\\\/EVC-lorry.png\",\"width\":1324,\"height\":877,\"caption\":\"Front shot of EV Cargo lorry driving on the road\"},{\"@type\":\"WebSite\",\"@id\":\"https:\\\/\\\/www.evcargo.com\\\/de\\\/#website\",\"url\":\"https:\\\/\\\/www.evcargo.com\\\/de\\\/\",\"name\":\"EV Cargo\",\"description\":\"\",\"publisher\":{\"@id\":\"https:\\\/\\\/www.evcargo.com\\\/de\\\/#organization\"},\"potentialAction\":[{\"@type\":\"SearchAction\",\"target\":{\"@type\":\"EntryPoint\",\"urlTemplate\":\"https:\\\/\\\/www.evcargo.com\\\/de\\\/?s={search_term_string}\"},\"query-input\":{\"@type\":\"PropertyValueSpecification\",\"valueRequired\":true,\"valueName\":\"search_term_string\"}}],\"inLanguage\":\"pl-PL\"},{\"@type\":\"Organization\",\"@id\":\"https:\\\/\\\/www.evcargo.com\\\/de\\\/#organization\",\"name\":\"EV Cargo\",\"alternateName\":\"EVC\",\"url\":\"https:\\\/\\\/www.evcargo.com\\\/de\\\/\",\"logo\":{\"@type\":\"ImageObject\",\"inLanguage\":\"pl-PL\",\"@id\":\"https:\\\/\\\/www.evcargo.com\\\/de\\\/#\\\/schema\\\/logo\\\/image\\\/\",\"url\":\"https:\\\/\\\/www.evcargo.com\\\/wp-content\\\/uploads\\\/2025\\\/02\\\/ev-cargo-logo.png\",\"contentUrl\":\"https:\\\/\\\/www.evcargo.com\\\/wp-content\\\/uploads\\\/2025\\\/02\\\/ev-cargo-logo.png\",\"width\":364,\"height\":78,\"caption\":\"EV Cargo\"},\"image\":{\"@id\":\"https:\\\/\\\/www.evcargo.com\\\/de\\\/#\\\/schema\\\/logo\\\/image\\\/\"}}]}<\/script>\n<!-- \/ Yoast SEO plugin. -->","yoast_head_json":{"title":"Rozwi\u0105zania \u0142a\u0144cucha dostaw artyku\u0142\u00f3w gospodarstwa domowego nast\u0119pnego dnia | EV Cargo","description":"Rozwi\u0105zania w zakresie \u0142a\u0144cucha dostaw artyku\u0142\u00f3w gospodarstwa domowego nast\u0119pnego dnia. Oferujemy responsywne, niezawodne i elastyczne zarz\u0105dzanie transportem, dostosowane do dzisiejszych dynamicznych potrzeb handlu detalicznego.","robots":{"index":"index","follow":"follow","max-snippet":"max-snippet:-1","max-image-preview":"max-image-preview:large","max-video-preview":"max-video-preview:-1"},"canonical":"https:\/\/www.evcargo.com\/pl\/thank-you-warehousing-partner-application\/","og_locale":"pl_PL","og_type":"article","og_title":"Next-day Homeware Supply Chain Solutions | EV Cargo","og_description":"Next day homeware supply chain solutions. We offer responsive, reliable and adaptable transport management, able to deal with today\u2019s dynamic retail experience.","og_url":"https:\/\/www.evcargo.com\/pl\/thank-you-warehousing-partner-application\/","og_site_name":"EV Cargo","article_modified_time":"2023-05-25T11:30:28+00:00","og_image":[{"width":1324,"height":877,"url":"https:\/\/www.evcargo.com\/wp-content\/uploads\/2021\/06\/EVC-lorry.png","type":"image\/png"}],"twitter_card":"summary_large_image","schema":{"@context":"https:\/\/schema.org","@graph":[{"@type":"WebPage","@id":"https:\/\/www.evcargo.com\/en\/thank-you-warehousing-partner-application\/","url":"https:\/\/www.evcargo.com\/en\/thank-you-warehousing-partner-application\/","name":"Rozwi\u0105zania \u0142a\u0144cucha dostaw artyku\u0142\u00f3w gospodarstwa domowego nast\u0119pnego dnia | EV Cargo","isPartOf":{"@id":"https:\/\/www.evcargo.com\/de\/#website"},"primaryImageOfPage":{"@id":"https:\/\/www.evcargo.com\/en\/thank-you-warehousing-partner-application\/#primaryimage"},"image":{"@id":"https:\/\/www.evcargo.com\/en\/thank-you-warehousing-partner-application\/#primaryimage"},"thumbnailUrl":"https:\/\/www.evcargo.com\/wp-content\/uploads\/2021\/06\/EVC-lorry.png","datePublished":"2022-01-04T12:30:51+00:00","dateModified":"2023-05-25T11:30:28+00:00","description":"Rozwi\u0105zania w zakresie \u0142a\u0144cucha dostaw artyku\u0142\u00f3w gospodarstwa domowego nast\u0119pnego dnia. Oferujemy responsywne, niezawodne i elastyczne zarz\u0105dzanie transportem, dostosowane do dzisiejszych dynamicznych potrzeb handlu detalicznego.","inLanguage":"pl-PL","potentialAction":[{"@type":"ReadAction","target":["https:\/\/www.evcargo.com\/en\/thank-you-warehousing-partner-application\/"]}]},{"@type":"ImageObject","inLanguage":"pl-PL","@id":"https:\/\/www.evcargo.com\/en\/thank-you-warehousing-partner-application\/#primaryimage","url":"https:\/\/www.evcargo.com\/wp-content\/uploads\/2021\/06\/EVC-lorry.png","contentUrl":"https:\/\/www.evcargo.com\/wp-content\/uploads\/2021\/06\/EVC-lorry.png","width":1324,"height":877,"caption":"Front shot of EV Cargo lorry driving on the road"},{"@type":"WebSite","@id":"https:\/\/www.evcargo.com\/de\/#website","url":"https:\/\/www.evcargo.com\/de\/","name":"\u0141adunek EV","description":"","publisher":{"@id":"https:\/\/www.evcargo.com\/de\/#organization"},"potentialAction":[{"@type":"SearchAction","target":{"@type":"EntryPoint","urlTemplate":"https:\/\/www.evcargo.com\/de\/?s={search_term_string}"},"query-input":{"@type":"PropertyValueSpecification","valueRequired":true,"valueName":"search_term_string"}}],"inLanguage":"pl-PL"},{"@type":"Organization","@id":"https:\/\/www.evcargo.com\/de\/#organization","name":"\u0141adunek EV","alternateName":"EVC","url":"https:\/\/www.evcargo.com\/de\/","logo":{"@type":"ImageObject","inLanguage":"pl-PL","@id":"https:\/\/www.evcargo.com\/de\/#\/schema\/logo\/image\/","url":"https:\/\/www.evcargo.com\/wp-content\/uploads\/2025\/02\/ev-cargo-logo.png","contentUrl":"https:\/\/www.evcargo.com\/wp-content\/uploads\/2025\/02\/ev-cargo-logo.png","width":364,"height":78,"caption":"EV Cargo"},"image":{"@id":"https:\/\/www.evcargo.com\/de\/#\/schema\/logo\/image\/"}}]}},"_links":{"self":[{"href":"https:\/\/www.evcargo.com\/pl\/wp-json\/wp\/v2\/pages\/103564","targetHints":{"allow":["GET"]}}],"collection":[{"href":"https:\/\/www.evcargo.com\/pl\/wp-json\/wp\/v2\/pages"}],"about":[{"href":"https:\/\/www.evcargo.com\/pl\/wp-json\/wp\/v2\/types\/page"}],"author":[{"embeddable":true,"href":"https:\/\/www.evcargo.com\/pl\/wp-json\/wp\/v2\/users\/9"}],"replies":[{"embeddable":true,"href":"https:\/\/www.evcargo.com\/pl\/wp-json\/wp\/v2\/comments?post=103564"}],"version-history":[{"count":0,"href":"https:\/\/www.evcargo.com\/pl\/wp-json\/wp\/v2\/pages\/103564\/revisions"}],"wp:featuredmedia":[{"embeddable":true,"href":"https:\/\/www.evcargo.com\/pl\/wp-json\/wp\/v2\/media\/2733"}],"wp:attachment":[{"href":"https:\/\/www.evcargo.com\/pl\/wp-json\/wp\/v2\/media?parent=103564"}],"curies":[{"name":"wp","href":"https:\/\/api.w.org\/{rel}","templated":true}]}}