{"id":1186,"date":"2021-05-27T20:33:56","date_gmt":"2021-05-27T19:33:56","guid":{"rendered":"https:\/\/evc.extramilecommunications.dev\/?page_id=1186"},"modified":"2023-05-03T14:39:29","modified_gmt":"2023-05-03T13:39:29","slug":"terms-and-conditions","status":"publish","type":"page","link":"https:\/\/www.evcargo.com\/pl\/policies-and-statements\/terms-and-conditions\/","title":{"rendered":"Regulamin"},"content":{"rendered":"<section  class=\"small-banner\" style=\" background-color:#D8D8D8 \">\n\n\t<div class=\"container-fluid\">\n\n\t\t<h1>Regulamin<\/h1>\n\t<\/div>\n\n<\/section>\n\n<div class=\"breadcrumbs\" typeof=\"BreadcrumbList\" vocab=\"https:\/\/schema.org\/\">\n\t<div class=\"container-fluid\">\n\n\t\t<span property=\"itemListElement\" typeof=\"ListItem\"><a property=\"item\" typeof=\"WebPage\" title=\"Przejd\u017a do EV Cargo.\" href=\"https:\/\/www.evcargo.com\/pl\" class=\"home\" aria-current=\"page\"><span property=\"name\">\u0141adunek EV<\/span><\/a><meta property=\"position\" content=\"1\"><\/span>\t<\/div>\n<\/div>\n\n\n<section  class=\"wysiwyg\">\n\n\t<div class=\"container-fluid\">\n\n\t<p>Korzystanie z tej witryny oznacza akceptacj\u0119 niniejszych warunk\u00f3w, kt\u00f3re wchodz\u0105 w \u017cycie natychmiast po pierwszym u\u017cyciu witryny. EV Cargo zastrzega sobie prawo do zmiany niniejszych warunk\u00f3w w dowolnym momencie poprzez opublikowanie zmian online.<\/p>\n<p>PRAWO AUTORSKIE<br \/>\nUzyskuj\u0105c dost\u0119p do www.evcargo.com, zgadzasz si\u0119, \u017ce b\u0119dziesz uzyskiwa\u0107 dost\u0119p do tre\u015bci wy\u0142\u0105cznie do w\u0142asnego u\u017cytku prywatnego, ale nie do u\u017cytku komercyjnego. Mo\u017cesz wydrukowa\u0107 pojedyncz\u0105 kopi\u0119 papierow\u0105 dowolnej cz\u0119\u015bci tre\u015bci www.evcargo.com do u\u017cytku osobistego.<\/p>\n<p>Z wyj\u0105tkiem przypadk\u00f3w dozwolonych powy\u017cej, zobowi\u0105zujesz si\u0119 nie kopiowa\u0107, nie przechowywa\u0107 na \u017cadnym no\u015bniku (w tym na \u017cadnej innej stronie internetowej), nie rozpowszechnia\u0107, nie przesy\u0142a\u0107, nie retransmitowa\u0107, nie nadawa\u0107, nie modyfikowa\u0107 ani nie wy\u015bwietla\u0107 publicznie \u017cadnej cz\u0119\u015bci www.evcargo.com bez uprzedniej pisemnej zgody Dzia\u0142u Marketingu przes\u0142anej na adres c\/o marketing@ev-cargo.com lub zgodnie z ustaw\u0105 o prawach autorskich, wzorach i patentach z 1988 r.<\/p>\n<p>Zgadzasz si\u0119 nie adaptowa\u0107, nie zmienia\u0107 ani nie tworzy\u0107 prac pochodnych na podstawie \u017cadnych materia\u0142\u00f3w zawartych na tej stronie ani nie u\u017cywa\u0107 ich w \u017cadnym innym celu ni\u017c do osobistego, niekomercyjnego u\u017cytku.<\/p>\n<p>Zgadzasz si\u0119 korzysta\u0107 z tej witryny wy\u0142\u0105cznie w celach zgodnych z prawem i w spos\u00f3b, kt\u00f3ry nie narusza praw, ani nie ogranicza lub nie utrudnia korzystania z tej witryny i korzystania z niej przez osoby trzecie. Takie ograniczenie lub zahamowanie obejmuje, bez ogranicze\u0144, zachowanie, kt\u00f3re jest niezgodne z prawem lub kt\u00f3re mo\u017ce n\u0119ka\u0107 lub powodowa\u0107 niepok\u00f3j lub niedogodno\u015bci dla jakiejkolwiek osoby oraz przesy\u0142anie obscenicznych lub obra\u017aliwych tre\u015bci lub zak\u0142\u00f3canie normalnego przep\u0142ywu dialogu w tej witrynie.<\/p>\n\n\t<\/div>\n\n<\/section>","protected":false},"excerpt":{"rendered":"","protected":false},"author":5,"featured_media":2103,"parent":3722,"menu_order":0,"comment_status":"closed","ping_status":"closed","template":"","meta":{"_acf_changed":false,"footnotes":""},"class_list":["post-1186","page","type-page","status-publish","has-post-thumbnail","hentry"],"acf":[],"yoast_head":"<!-- This site is optimized with the Yoast SEO plugin v27.3 - https:\/\/yoast.com\/product\/yoast-seo-wordpress\/ -->\n<title>Terms and Conditions | EV Cargo<\/title>\n<meta name=\"description\" content=\"Use of this site constitutes your acceptance of the terms and conditions, which take effect immediately on your first use of the site. Please read in full.\" \/>\n<meta name=\"robots\" content=\"index, follow, max-snippet:-1, max-image-preview:large, max-video-preview:-1\" \/>\n<link rel=\"canonical\" href=\"https:\/\/www.evcargo.com\/pl\/policies-and-statements\/terms-and-conditions\/\" \/>\n<meta property=\"og:locale\" content=\"pl_PL\" \/>\n<meta property=\"og:type\" content=\"article\" \/>\n<meta property=\"og:title\" content=\"Terms and Conditions | EV Cargo\" \/>\n<meta property=\"og:description\" content=\"Use of this site constitutes your acceptance of the terms and conditions, which take effect immediately on your first use of the site. Please read in full.\" \/>\n<meta property=\"og:url\" content=\"https:\/\/www.evcargo.com\/pl\/policies-and-statements\/terms-and-conditions\/\" \/>\n<meta property=\"og:site_name\" content=\"EV Cargo\" \/>\n<meta property=\"article:modified_time\" content=\"2023-05-03T13:39:29+00:00\" \/>\n<meta property=\"og:image\" content=\"https:\/\/www.evcargo.com\/wp-content\/uploads\/2021\/06\/Untitled-design.png\" \/>\n\t<meta property=\"og:image:width\" content=\"2400\" \/>\n\t<meta property=\"og:image:height\" content=\"470\" \/>\n\t<meta property=\"og:image:type\" content=\"image\/png\" \/>\n<meta name=\"twitter:card\" content=\"summary_large_image\" \/>\n<script type=\"application\/ld+json\" class=\"yoast-schema-graph\">{\"@context\":\"https:\\\/\\\/schema.org\",\"@graph\":[{\"@type\":\"WebPage\",\"@id\":\"https:\\\/\\\/www.evcargo.com\\\/policies-and-statements\\\/terms-and-conditions\\\/\",\"url\":\"https:\\\/\\\/www.evcargo.com\\\/policies-and-statements\\\/terms-and-conditions\\\/\",\"name\":\"Terms and Conditions | EV Cargo\",\"isPartOf\":{\"@id\":\"https:\\\/\\\/www.evcargo.com\\\/de\\\/#website\"},\"primaryImageOfPage\":{\"@id\":\"https:\\\/\\\/www.evcargo.com\\\/policies-and-statements\\\/terms-and-conditions\\\/#primaryimage\"},\"image\":{\"@id\":\"https:\\\/\\\/www.evcargo.com\\\/policies-and-statements\\\/terms-and-conditions\\\/#primaryimage\"},\"thumbnailUrl\":\"https:\\\/\\\/www.evcargo.com\\\/wp-content\\\/uploads\\\/2021\\\/06\\\/Untitled-design.png\",\"datePublished\":\"2021-05-27T19:33:56+00:00\",\"dateModified\":\"2023-05-03T13:39:29+00:00\",\"description\":\"Use of this site constitutes your acceptance of the terms and conditions, which take effect immediately on your first use of the site. Please read in full.\",\"breadcrumb\":{\"@id\":\"https:\\\/\\\/www.evcargo.com\\\/policies-and-statements\\\/terms-and-conditions\\\/#breadcrumb\"},\"inLanguage\":\"pl-PL\",\"potentialAction\":[{\"@type\":\"ReadAction\",\"target\":[\"https:\\\/\\\/www.evcargo.com\\\/policies-and-statements\\\/terms-and-conditions\\\/\"]}]},{\"@type\":\"ImageObject\",\"inLanguage\":\"pl-PL\",\"@id\":\"https:\\\/\\\/www.evcargo.com\\\/policies-and-statements\\\/terms-and-conditions\\\/#primaryimage\",\"url\":\"https:\\\/\\\/www.evcargo.com\\\/wp-content\\\/uploads\\\/2021\\\/06\\\/Untitled-design.png\",\"contentUrl\":\"https:\\\/\\\/www.evcargo.com\\\/wp-content\\\/uploads\\\/2021\\\/06\\\/Untitled-design.png\",\"width\":2400,\"height\":470},{\"@type\":\"BreadcrumbList\",\"@id\":\"https:\\\/\\\/www.evcargo.com\\\/policies-and-statements\\\/terms-and-conditions\\\/#breadcrumb\",\"itemListElement\":[{\"@type\":\"ListItem\",\"position\":1,\"name\":\"Policies and Statements\",\"item\":\"https:\\\/\\\/www.evcargo.com\\\/policies-and-statements\\\/\"},{\"@type\":\"ListItem\",\"position\":2,\"name\":\"Terms and Conditions\"}]},{\"@type\":\"WebSite\",\"@id\":\"https:\\\/\\\/www.evcargo.com\\\/de\\\/#website\",\"url\":\"https:\\\/\\\/www.evcargo.com\\\/de\\\/\",\"name\":\"EV Cargo\",\"description\":\"\",\"publisher\":{\"@id\":\"https:\\\/\\\/www.evcargo.com\\\/de\\\/#organization\"},\"potentialAction\":[{\"@type\":\"SearchAction\",\"target\":{\"@type\":\"EntryPoint\",\"urlTemplate\":\"https:\\\/\\\/www.evcargo.com\\\/de\\\/?s={search_term_string}\"},\"query-input\":{\"@type\":\"PropertyValueSpecification\",\"valueRequired\":true,\"valueName\":\"search_term_string\"}}],\"inLanguage\":\"pl-PL\"},{\"@type\":\"Organization\",\"@id\":\"https:\\\/\\\/www.evcargo.com\\\/de\\\/#organization\",\"name\":\"EV Cargo\",\"alternateName\":\"EVC\",\"url\":\"https:\\\/\\\/www.evcargo.com\\\/de\\\/\",\"logo\":{\"@type\":\"ImageObject\",\"inLanguage\":\"pl-PL\",\"@id\":\"https:\\\/\\\/www.evcargo.com\\\/de\\\/#\\\/schema\\\/logo\\\/image\\\/\",\"url\":\"https:\\\/\\\/www.evcargo.com\\\/wp-content\\\/uploads\\\/2025\\\/02\\\/ev-cargo-logo.png\",\"contentUrl\":\"https:\\\/\\\/www.evcargo.com\\\/wp-content\\\/uploads\\\/2025\\\/02\\\/ev-cargo-logo.png\",\"width\":364,\"height\":78,\"caption\":\"EV Cargo\"},\"image\":{\"@id\":\"https:\\\/\\\/www.evcargo.com\\\/de\\\/#\\\/schema\\\/logo\\\/image\\\/\"}}]}<\/script>\n<!-- \/ Yoast SEO plugin. -->","yoast_head_json":{"title":"Warunki i zasady | EV Cargo","description":"Korzystanie z tej witryny oznacza akceptacj\u0119 regulaminu, kt\u00f3ry wchodzi w \u017cycie z chwil\u0105 pierwszego u\u017cycia witryny. Prosimy o zapoznanie si\u0119 z ca\u0142o\u015bci\u0105.","robots":{"index":"index","follow":"follow","max-snippet":"max-snippet:-1","max-image-preview":"max-image-preview:large","max-video-preview":"max-video-preview:-1"},"canonical":"https:\/\/www.evcargo.com\/pl\/policies-and-statements\/terms-and-conditions\/","og_locale":"pl_PL","og_type":"article","og_title":"Terms and Conditions | EV Cargo","og_description":"Use of this site constitutes your acceptance of the terms and conditions, which take effect immediately on your first use of the site. Please read in full.","og_url":"https:\/\/www.evcargo.com\/pl\/policies-and-statements\/terms-and-conditions\/","og_site_name":"EV Cargo","article_modified_time":"2023-05-03T13:39:29+00:00","og_image":[{"width":2400,"height":470,"url":"https:\/\/www.evcargo.com\/wp-content\/uploads\/2021\/06\/Untitled-design.png","type":"image\/png"}],"twitter_card":"summary_large_image","schema":{"@context":"https:\/\/schema.org","@graph":[{"@type":"WebPage","@id":"https:\/\/www.evcargo.com\/policies-and-statements\/terms-and-conditions\/","url":"https:\/\/www.evcargo.com\/policies-and-statements\/terms-and-conditions\/","name":"Warunki i zasady | EV Cargo","isPartOf":{"@id":"https:\/\/www.evcargo.com\/de\/#website"},"primaryImageOfPage":{"@id":"https:\/\/www.evcargo.com\/policies-and-statements\/terms-and-conditions\/#primaryimage"},"image":{"@id":"https:\/\/www.evcargo.com\/policies-and-statements\/terms-and-conditions\/#primaryimage"},"thumbnailUrl":"https:\/\/www.evcargo.com\/wp-content\/uploads\/2021\/06\/Untitled-design.png","datePublished":"2021-05-27T19:33:56+00:00","dateModified":"2023-05-03T13:39:29+00:00","description":"Korzystanie z tej witryny oznacza akceptacj\u0119 regulaminu, kt\u00f3ry wchodzi w \u017cycie z chwil\u0105 pierwszego u\u017cycia witryny. Prosimy o zapoznanie si\u0119 z ca\u0142o\u015bci\u0105.","breadcrumb":{"@id":"https:\/\/www.evcargo.com\/policies-and-statements\/terms-and-conditions\/#breadcrumb"},"inLanguage":"pl-PL","potentialAction":[{"@type":"ReadAction","target":["https:\/\/www.evcargo.com\/policies-and-statements\/terms-and-conditions\/"]}]},{"@type":"ImageObject","inLanguage":"pl-PL","@id":"https:\/\/www.evcargo.com\/policies-and-statements\/terms-and-conditions\/#primaryimage","url":"https:\/\/www.evcargo.com\/wp-content\/uploads\/2021\/06\/Untitled-design.png","contentUrl":"https:\/\/www.evcargo.com\/wp-content\/uploads\/2021\/06\/Untitled-design.png","width":2400,"height":470},{"@type":"BreadcrumbList","@id":"https:\/\/www.evcargo.com\/policies-and-statements\/terms-and-conditions\/#breadcrumb","itemListElement":[{"@type":"ListItem","position":1,"name":"Policies and Statements","item":"https:\/\/www.evcargo.com\/policies-and-statements\/"},{"@type":"ListItem","position":2,"name":"Terms and Conditions"}]},{"@type":"WebSite","@id":"https:\/\/www.evcargo.com\/de\/#website","url":"https:\/\/www.evcargo.com\/de\/","name":"\u0141adunek EV","description":"","publisher":{"@id":"https:\/\/www.evcargo.com\/de\/#organization"},"potentialAction":[{"@type":"SearchAction","target":{"@type":"EntryPoint","urlTemplate":"https:\/\/www.evcargo.com\/de\/?s={search_term_string}"},"query-input":{"@type":"PropertyValueSpecification","valueRequired":true,"valueName":"search_term_string"}}],"inLanguage":"pl-PL"},{"@type":"Organization","@id":"https:\/\/www.evcargo.com\/de\/#organization","name":"\u0141adunek EV","alternateName":"EVC","url":"https:\/\/www.evcargo.com\/de\/","logo":{"@type":"ImageObject","inLanguage":"pl-PL","@id":"https:\/\/www.evcargo.com\/de\/#\/schema\/logo\/image\/","url":"https:\/\/www.evcargo.com\/wp-content\/uploads\/2025\/02\/ev-cargo-logo.png","contentUrl":"https:\/\/www.evcargo.com\/wp-content\/uploads\/2025\/02\/ev-cargo-logo.png","width":364,"height":78,"caption":"EV Cargo"},"image":{"@id":"https:\/\/www.evcargo.com\/de\/#\/schema\/logo\/image\/"}}]}},"_links":{"self":[{"href":"https:\/\/www.evcargo.com\/pl\/wp-json\/wp\/v2\/pages\/1186","targetHints":{"allow":["GET"]}}],"collection":[{"href":"https:\/\/www.evcargo.com\/pl\/wp-json\/wp\/v2\/pages"}],"about":[{"href":"https:\/\/www.evcargo.com\/pl\/wp-json\/wp\/v2\/types\/page"}],"author":[{"embeddable":true,"href":"https:\/\/www.evcargo.com\/pl\/wp-json\/wp\/v2\/users\/5"}],"replies":[{"embeddable":true,"href":"https:\/\/www.evcargo.com\/pl\/wp-json\/wp\/v2\/comments?post=1186"}],"version-history":[{"count":0,"href":"https:\/\/www.evcargo.com\/pl\/wp-json\/wp\/v2\/pages\/1186\/revisions"}],"up":[{"embeddable":true,"href":"https:\/\/www.evcargo.com\/pl\/wp-json\/wp\/v2\/pages\/3722"}],"wp:featuredmedia":[{"embeddable":true,"href":"https:\/\/www.evcargo.com\/pl\/wp-json\/wp\/v2\/media\/2103"}],"wp:attachment":[{"href":"https:\/\/www.evcargo.com\/pl\/wp-json\/wp\/v2\/media?parent=1186"}],"curies":[{"name":"wp","href":"https:\/\/api.w.org\/{rel}","templated":true}]}}