{"id":138607,"date":"2023-04-05T10:52:09","date_gmt":"2023-04-05T09:52:09","guid":{"rendered":"https:\/\/evc.extramilecommunications.dev\/?page_id=138607"},"modified":"2024-08-13T14:27:25","modified_gmt":"2024-08-13T13:27:25","slug":"one-ev-cargo","status":"publish","type":"page","link":"https:\/\/www.evcargo.com\/pl\/one-ev-cargo\/","title":{"rendered":"JEDEN \u0142adunek elektryczny"},"content":{"rendered":"<section  class=\"hero-block bg-image\" data-aos=\"fade\" style=\"background-image: url(https:\/\/www.evcargo.com\/wp-content\/uploads\/2023\/04\/shutterstock_563430904banner.jpg);\">\n\n\t<div class=\"container-fluid\">\n\n\t\t<div class=\"hero-block__titles\">\n\n\t\t\t<h1>JEDEN \u0142adunek elektryczny<\/h1>\t\t\t\t\t\t\t\t\t\t\t\t\t\t<div class=\"button-row\">\n\t\t\t\t\t\t\t\t\t\t\t<a href=\"https:\/\/www.evcargo.com\/en\/contact\/\" class=\"btn btn-white\">Popro\u015b o demo<\/a>\n\t\t\t\t\t\t\t\t\t<\/div>\n\t\t\t\t\t\t\t\t\t\t\t\t\t\t\t\t<\/div>\n\t\t\n\n\t\t        \n\t<\/div>\n\n<\/section>\n\n\t<div class=\"breadcrumbs\" typeof=\"BreadcrumbList\" vocab=\"https:\/\/schema.org\/\">\n\t\t<div class=\"container-fluid\">\n\t\t\t<span property=\"itemListElement\" typeof=\"ListItem\"><a property=\"item\" typeof=\"WebPage\" title=\"Przejd\u017a do EV Cargo.\" href=\"https:\/\/www.evcargo.com\/pl\" class=\"home\" aria-current=\"page\"><span property=\"name\">\u0141adunek EV<\/span><\/a><meta property=\"position\" content=\"1\"><\/span>\t\t<\/div>\n\t<\/div>\n\n\n<section  class=\"centered-text-icons\">\n\n\t<div class=\"container-fluid\">\n\t\t\t\t<div class=\"centered-text-icons__titles\">\n\t\t<h2 data-aos=\"fade\">Wiod\u0105ca platforma cyfrowa<\/h2>\t\t<div data-aos=\"fade\" class=\"wysiwyg\"><p>ONE EV Cargo to nasza wiod\u0105ca platforma cyfrowa, z kt\u00f3rej korzysta ponad 20 000 profesjonalist\u00f3w z bran\u017cy \u0142a\u0144cucha dostaw, wspieraj\u0105ca handel globalny i oferuj\u0105ca oparte na technologii zarz\u0105dzanie \u0142a\u0144cuchem dostaw dla wszystkich klient\u00f3w, du\u017cych i ma\u0142ych.<\/p>\n<\/div>\n\t\t<\/div>\n\n\t\t\t\n\t\t\t\t\t<div class=\"centered-text-icons__theicons row\" >\n\n\t\t            \n\t\t\t\t\t\t\t\t\t\t\t\t\t<a href=\"https:\/\/www.evcargo.com\/en\/one-ev-cargo\/#trade\" data-aos=\"fade\" class=\"centered-text-icons__theicons__col withlink col-md-4\">\n\t\t\t\t\t\t\n\t\t\t\t\t\t\t\n\t\t\t\t\t\t\t\n\t\t\t\t\t\t\t\t\t\t\t\t\t\t    \t\t\t\t\t\t\t\t<i class=\"fal fa-handshake\"><\/i>\n\t\t\t\t\t\t\t\n\t\t\t\t\t\t\t<h4>U\u0142atwianie handlu<\/h4>\t\t\t\t\t\t\t\n\t\t\t\t\t\t\t\t\t\t\t\t\t\t\t<span class=\"button\"><em>Ucz si\u0119 wi\u0119cej<\/em> <i class=\"fal fa-arrow-circle-right\"><\/i><\/span>\n\t\t\t\t\t\t\t\n\n\t\t\t\t\t\t\t\t\t\t\t\t\t<\/a>\n\t\t\t\t\t\t\n\t\t            \n\t\t\t\t\t\t\t\t\t\t\t\t\t<a href=\"https:\/\/www.evcargo.com\/en\/one-ev-cargo\/#value\" data-aos=\"fade\" class=\"centered-text-icons__theicons__col withlink col-md-4\">\n\t\t\t\t\t\t\n\t\t\t\t\t\t\t\n\t\t\t\t\t\t\t\n\t\t\t\t\t\t\t\t\t\t\t\t\t\t    \t\t\t\t\t\t\t\t<i class=\"fal fa-check\"><\/i>\n\t\t\t\t\t\t\t\n\t\t\t\t\t\t\t<h4>Tworzenie warto\u015bci<\/h4>\t\t\t\t\t\t\t\n\t\t\t\t\t\t\t\t\t\t\t\t\t\t\t<span class=\"button\"><em>Ucz si\u0119 wi\u0119cej<\/em> <i class=\"fal fa-arrow-circle-right\"><\/i><\/span>\n\t\t\t\t\t\t\t\n\n\t\t\t\t\t\t\t\t\t\t\t\t\t<\/a>\n\t\t\t\t\t\t\n\t\t            \n\t\t\t\t\t\t\t\t\t\t\t\t\t<a href=\"https:\/\/www.evcargo.com\/en\/one-ev-cargo\/#innovation\" data-aos=\"fade\" class=\"centered-text-icons__theicons__col withlink col-md-4\">\n\t\t\t\t\t\t\n\t\t\t\t\t\t\t\n\t\t\t\t\t\t\t\n\t\t\t\t\t\t\t\t\t\t\t\t\t\t    \t\t\t\t\t\t\t\t<i class=\"fal fa-lightbulb\"><\/i>\n\t\t\t\t\t\t\t\n\t\t\t\t\t\t\t<h4>Nap\u0119dzanie innowacji<\/h4>\t\t\t\t\t\t\t\n\t\t\t\t\t\t\t\t\t\t\t\t\t\t\t<span class=\"button\"><em>Ucz si\u0119 wi\u0119cej<\/em> <i class=\"fal fa-arrow-circle-right\"><\/i><\/span>\n\t\t\t\t\t\t\t\n\n\t\t\t\t\t\t\t\t\t\t\t\t\t<\/a>\n\t\t\t\t\t\t\n\t\t            \n\t\t        \t<\/div>\n\n\t\t        \n\n\t\t\t\t\n\t\t\t\n\n\n\t<\/div>\n\n<\/section>\n\n\n\n<section id=\"trade\" class=\"image-centered background__lightgrey\">\n\n    <div class=\"image-centered-content\">\n                <div >\n\n                                    <div class=\"image-centered__container\" >\n                        <img decoding=\"async\" class=\"image-centered__image\" src=\"https:\/\/www.evcargo.com\/wp-content\/uploads\/2023\/04\/Untitled-design-5-1.png\" alt=\"\" loading=\"lazy\" \/>\n                    <\/div>\n                                \n        <\/div>\n\n    <\/div>\n    \n    <style>\n        div.img-zoom-container {\n            background-position: 50% 50%;\n            background-repeat: no-repeat;\n            position: relative;\n            max-width: 860px;\n            width: 100%;\n            overflow: hidden;\n            cursor: zoom-in;\n        }\n\n        div.img-zoom-container img:hover {\n            opacity: 0;\n        }\n\n        div.img-zoom-container img {\n            transition: opacity 0.5s;\n            display: block;\n            width: auto;\n        }\n    <\/style>\n\n\n    <\/section>\n\n<section  class=\"centered-text-block background__lightgrey  wide-container\">\n\n\t<div class=\"container-fluid rmvspabove\" data-aos=\"fade-up\">\n\n\t\t<h2 data-aos=\"fade\">U\u0142atwianie handlu<\/h2>\t\t<div data-aos=\"fade\" class=\"wysiwyg\"><p>Nasi klienci korzystaj\u0105 z platformy ONE EV Cargo w celu wyszukiwania, wybierania, zamawiania, wysy\u0142ki, \u015bledzenia, odprawy celnej i dostarczania swoich mi\u0119dzynarodowych przesy\u0142ek.<\/p>\n<p>Tysi\u0105ce nabywc\u00f3w, producent\u00f3w i dostawc\u00f3w us\u0142ug logistycznych na ca\u0142ym \u015bwiecie jest po\u0142\u0105czonych za po\u015brednictwem platformy EV Cargo, co umo\u017cliwia bezpieczny i zr\u00f3wnowa\u017cony mi\u0119dzynarodowy przep\u0142yw towar\u00f3w, danych i \u015brodk\u00f3w pieni\u0119\u017cnych.<\/p>\n<p>W przypadku przesy\u0142ek krajowych ONE EV Cargo oferuje \u015bledzenie przesy\u0142ek w czasie rzeczywistym i pe\u0142n\u0105 przejrzysto\u015b\u0107, umo\u017cliwiaj\u0105c naszym klientom zarz\u0105dzanie \u0142a\u0144cuchami dostaw na ka\u017cdym etapie, od momentu odebrania zam\u00f3wienia do ostatecznego potwierdzenia dostawy.<\/p>\n<p>Nasze kompleksowe cyfrowe do\u015bwiadczenie klienta sprawia, \u017ce interakcja z EV Cargo jest szybka i \u0142atwa, a zarz\u0105dzanie \u0142a\u0144cuchem dostaw oparte na technologii jest dost\u0119pne dla wszystkich.<\/p>\n\t\t\t<\/div>\t\t\n\t\t\t<\/div>\n\n\t<div class=\"watermark\"><\/div>\n\n<\/section>\n\n<section  class=\"block-gallery-slider background__lightgrey  overflow-previous\">\n\n\t<div class=\"container-fluid\" data-aos=\"fade\">\n\n\t\t<div class=\"row\">\n\n\t\t\t<div class=\"col-md-12\">\n\n\t\t\t\t<div class=\"block-gallery-slider__slider custom-slider\" data-columns=\"3\">\n\n\t\t\t\t\t\n\t\t\t\t\t\t<div class=\"block-gallery-slider__slider__slide\">\n\n\t\t\t\t\t\t\t<figure><img decoding=\"async\" src=\"https:\/\/www.evcargo.com\/wp-content\/uploads\/2023\/05\/3-1.png\" alt=\"\" loading=\"lazy\"><\/figure>\n\n\t\t\t\t\t\t<\/div>\n\n\t\t\t\t\t\n\t\t\t\t\t\t<div class=\"block-gallery-slider__slider__slide\">\n\n\t\t\t\t\t\t\t<figure><img decoding=\"async\" src=\"https:\/\/www.evcargo.com\/wp-content\/uploads\/2023\/05\/11-1.png\" alt=\"\" loading=\"lazy\"><\/figure>\n\n\t\t\t\t\t\t<\/div>\n\n\t\t\t\t\t\n\t\t\t\t\t\t<div class=\"block-gallery-slider__slider__slide\">\n\n\t\t\t\t\t\t\t<figure><img decoding=\"async\" src=\"https:\/\/www.evcargo.com\/wp-content\/uploads\/2023\/04\/EVC-Bardon-083-1600x600-1.jpg\" alt=\"\" loading=\"lazy\"><\/figure>\n\n\t\t\t\t\t\t<\/div>\n\n\t\t\t\t\t\n\t\t\t\t\t\t<div class=\"block-gallery-slider__slider__slide\">\n\n\t\t\t\t\t\t\t<figure><img decoding=\"async\" src=\"https:\/\/www.evcargo.com\/wp-content\/uploads\/2023\/05\/9-1.png\" alt=\"\" loading=\"lazy\"><\/figure>\n\n\t\t\t\t\t\t<\/div>\n\n\t\t\t\t\t\n\t\t\t\t\t\t<div class=\"block-gallery-slider__slider__slide\">\n\n\t\t\t\t\t\t\t<figure><img decoding=\"async\" src=\"https:\/\/www.evcargo.com\/wp-content\/uploads\/2023\/05\/12-1.png\" alt=\"\" loading=\"lazy\"><\/figure>\n\n\t\t\t\t\t\t<\/div>\n\n\t\t\t\t\t\n\t\t\t\t\t\t<div class=\"block-gallery-slider__slider__slide\">\n\n\t\t\t\t\t\t\t<figure><img decoding=\"async\" src=\"https:\/\/www.evcargo.com\/wp-content\/uploads\/2023\/04\/EV-Cargo-Ashby-22-136600x600-1.jpg\" alt=\"\" loading=\"lazy\"><\/figure>\n\n\t\t\t\t\t\t<\/div>\n\n\t\t\t\t\t\n\t\t\t\t<\/div>\n\n\t\t\t\t<nav class=\"custom-slider__nav\">\n    <button class=\"custom-slider-nav-item custom-slider-prev\">\n        <svg xmlns=\"http:\/\/www.w3.org\/2000\/svg\" width=\"29\" height=\"29\" viewbox=\"0 0 29 29\">\n            <g id=\"Group_2_Copy\" data-name=\"Group 2 Copy\" transform=\"translate(29 29.5) rotate(-180)\">\n                <path id=\"Path_4\" data-name=\"Path 4\" d=\"M0,0,6,5.625,0,11.25\" transform=\"translate(13 9.375)\" fill=\"none\" stroke=\"#EE7203\" stroke-linecap=\"round\" stroke-linejoin=\"round\" stroke-miterlimit=\"10\" stroke-width=\"2\"\/>\n                <g id=\"Oval\" transform=\"translate(0 0.5)\" fill=\"none\" stroke=\"#EE7203\" stroke-miterlimit=\"10\" stroke-width=\"2\">\n                <circle cx=\"14.5\" cy=\"14.5\" r=\"14.5\" stroke=\"none\"\/>\n                <circle cx=\"14.5\" cy=\"14.5\" r=\"13.5\" fill=\"none\"\/>\n                <\/g>\n            <\/g>\n        <\/svg>\n    <\/button>\n    <button class=\"custom-slider-nav-item custom-slider-next\">\n        <svg xmlns=\"http:\/\/www.w3.org\/2000\/svg\" width=\"29\" height=\"28.033\" viewbox=\"0 0 29 28.033\">\n            <g id=\"Group_2\" data-name=\"Group 2\" transform=\"translate(-512 -454.483)\">\n                <g id=\"Group_2-2\" data-name=\"Group 2\" transform=\"translate(512 454)\">\n                <path id=\"Path_4\" data-name=\"Path 4\" d=\"M0,0,6,5.438,0,10.875\" transform=\"translate(13 9.063)\" fill=\"none\" stroke=\"#EE7203\" stroke-linecap=\"round\" stroke-linejoin=\"round\" stroke-miterlimit=\"10\" stroke-width=\"2\"\/>\n                <g id=\"Oval\" transform=\"translate(0 0.483)\" fill=\"none\" stroke=\"#EE7203\" stroke-miterlimit=\"10\" stroke-width=\"2\">\n                    <ellipse cx=\"14.5\" cy=\"14.017\" rx=\"14.5\" ry=\"14.017\" stroke=\"none\"\/>\n                    <ellipse cx=\"14.5\" cy=\"14.017\" rx=\"13.5\" ry=\"13.017\" fill=\"none\"\/>\n                <\/g>\n                <\/g>\n            <\/g>\n        <\/svg>\n    <\/button>\n<\/nav>\n\n\t\t\t<\/div>\n\n\t\t<\/div>\n\t\t\n\t<\/div>\n\n<\/section>\n\n\n\n<section id=\"value\" class=\"text-image  background__white\">\n\t<div class=\"container-fluid\">\n\t\t<div class=\"row\">\n\t\t\t<div class=\"text-image__image col-md-6 order-md-2\" data-aos=\"fade-left\">\n                <div style=\"width: 100%;\">\n    \t\t\t\t\n    \t\t\t\t\n    \t\t\t\t    <img decoding=\"async\" src=\"https:\/\/www.evcargo.com\/wp-content\/uploads\/2023\/03\/Group-4.png\" alt=\"Group 4\" style = \"width: 100%;\" loading=\"lazy\" \/>\n    \t\t\t\t    \t\t\t<\/div>\n\t\t\t<\/div>\n\n\t\t\t<div class=\"text-image__text col-md-6 order-md-1\" data-aos=\"fade-right\">\n\t\t\t\t\t\t\t\t\t<h2>Tworzenie warto\u015bci<\/h2>\n\t\t\t\t\t\t\t\t\t<div class=\"wysiwyg\">\n\t\t\t\t\t\t<p>ONE EV Cargo pomaga tworzy\u0107 znacz\u0105c\u0105 warto\u015b\u0107 dla naszych klient\u00f3w:<\/p>\n<p><strong>Wy\u017csza sprzeda\u017c<\/strong><br \/>\nLepsza dost\u0119pno\u015b\u0107 dla klient\u00f3w, mniej utraconej sprzeda\u017cy.<\/p>\n<p><strong>Wy\u017cszy zysk<\/strong><br \/>\nLepsza sprzeda\u017c w pe\u0142nej cenie, mniej obni\u017cek.<\/p>\n<p><strong>Ni\u017cszy stan magazynowy<\/strong><br \/>\nWi\u0119ksza wydajno\u015b\u0107 zapas\u00f3w, ni\u017csze zapasy bezpiecze\u0144stwa.<\/p>\n<p><strong>Ni\u017csze koszty logistyczne<\/strong><br \/>\nLepsze planowanie tras i \u0142adowanie, mniej kilometr\u00f3w, ni\u017csze koszty.<\/p>\n\t\t\t\t\t<\/div>\n\t\t\t\t\n\t\t\t\t\t\t\t\t\t<a href=\"https:\/\/www.evcargo.com\/en\/contact\/\" target=\"_self\" class=\"btn\">\n\t\t\t\t\t\tSkontaktuj si\u0119 z nami\t\t\t\t\t<\/a>\n\t\t\t\t\t\t\t<\/div>\n\t\t<\/div>\n\t<\/div>\n\n    <div class=\"watermark\"><\/div>\n<\/section>\n\n\n\n<section id=\"innovation\" class=\"text-image  background__darkgrey\">\n\t<div class=\"container-fluid\">\n\t\t<div class=\"row switch-columns\">\n\t\t\t<div class=\"text-image__image col-md-6 order-md-2\" data-aos=\"fade-left\">\n                <div style=\"width: 100%;\">\n    \t\t\t\t\n    \t\t\t\t\n    \t\t\t\t    <img decoding=\"async\" src=\"https:\/\/www.evcargo.com\/wp-content\/uploads\/2023\/05\/Heath-EV-cargo-Tour-133.jpg\" alt=\"Heath-EV-cargo-Tour-133\" style = \"width: 100%;\" loading=\"lazy\" \/>\n    \t\t\t\t    \t\t\t<\/div>\n\t\t\t<\/div>\n\n\t\t\t<div class=\"text-image__text col-md-6 order-md-1\" data-aos=\"fade-right\">\n\t\t\t\t\t\t\t\t\t<h2>Nap\u0119dzanie innowacji<\/h2>\n\t\t\t\t\t\t\t\t\t<div class=\"wysiwyg\">\n\t\t\t\t\t\t<p>Cztery filary naszej strategii cyfrowej:<\/p>\n<p><strong>Do\u015bwiadczenie cyfrowe<\/strong><br \/>\nAby stworzy\u0107 wci\u0105gaj\u0105ce cyfrowe do\u015bwiadczenie klienta.<\/p>\n<p><strong>Innowacja us\u0142ugowa<\/strong><br \/>\nZachwyca\u0107 naszych klient\u00f3w innowacyjn\u0105 obs\u0142ug\u0105.<\/p>\n<p><strong>Upraszcza\u0107<\/strong><br \/>\nAby u\u0142atwi\u0107 prac\u0119 naszym pracownikom.<\/p>\n<p><strong>Podejmowanie decyzji<\/strong><br \/>\nAby umo\u017cliwi\u0107 naszym menad\u017cerom podejmowanie trafnych decyzji.<\/p>\n\t\t\t\t\t<\/div>\n\t\t\t\t\n\t\t\t\t\t\t\t<\/div>\n\t\t<\/div>\n\t<\/div>\n\n    <div class=\"watermark\"><\/div>\n<\/section>\n\n\n<section  class=\"two-column-block background__white\">\n\t<div class=\"container-fluid\">\n\t\t\t\t\t<h2 data-aos=\"fade\">Innowacja w dzia\u0142aniu<\/h2>\n\t\t\t\t\n\t\t<div class=\"two-column-block__row row\">\n\t\t\t<div data-aos=\"fade\" class=\"two-column-block__row__col col-md-6 mb-4 mb-md-0\">\n\t\t\t\t\t\t\t\t\t\n\t\t\t\t\t<div class=\"wysiwyg\">\n\t\t\t\t\t\t<p>W centralnym centrum sortowania palet SuperHub, kt\u00f3re stanowi serce naszej sieci transportu drogowego LTL, wdro\u017cyli\u015bmy innowacyjne rozwi\u0105zania technologiczne w naszych w\u00f3zkach wid\u0142owych, kt\u00f3re spe\u0142niaj\u0105 wszystkie cztery filary strategii cyfrowej i przyczyniaj\u0105 si\u0119 do rozwoju naszej wiod\u0105cej w sektorze oferty us\u0142ug.<\/p>\n<p>Ka\u017cda ci\u0119\u017car\u00f3wka obs\u0142uguje ponad 500 przemieszcze\u0144 palet dziennie, dlatego dok\u0142adne i terminowe dostarczanie danych ma kluczowe znaczenie dla zapewnienia naszym cz\u0142onkom i klientom wysokiej jako\u015bci i niezawodno\u015bci us\u0142ug.<\/p>\n\t\t\t\t\t<\/div>\n\n\t\t\t\t\t\t\t\t\t\t\t\n\t\t\t<\/div>\n\t\t\t<div data-aos=\"fade\" class=\"two-column-block__row__col col-md-6\">\n\t\t\t\t\t\t\t\t\t\n\t\t\t\t\t<div class=\"wysiwyg\">\n\t\t\t\t\t\t<p>Wszystkie w\u00f3zki wid\u0142owe w SuperHub s\u0105 wyposa\u017cone w opatentowan\u0105 technologi\u0119, kt\u00f3ra automatycznie wa\u017cy ka\u017cd\u0105 palet\u0119 podczas jej roz\u0142adowywania w hubie, jednocze\u015bnie skanuje kod kreskowy, kojarzy wag\u0119 z konkretnym identyfikatorem palety i przesy\u0142a dane do ONE EV Cargo, zapewniaj\u0105c w ten spos\u00f3b dok\u0142adne pomiary wagi w celu zapewnienia bezpiecze\u0144stwa i zgodno\u015bci z przepisami.<\/p>\n<p>Posiadaj\u0105 tak\u017ce kamery o wysokiej rozdzielczo\u015bci, kt\u00f3re automatycznie robi\u0105 zdj\u0119cie ka\u017cdej palety w momencie jej odbioru, wykorzystuj\u0105 skanowanie etykiet, aby powi\u0105za\u0107 zdj\u0119cia z identyfikatorem palety, a nast\u0119pnie przechowuj\u0105 te zdj\u0119cia w pliku przesy\u0142ki ONE EV Cargo jako zapis stanu fizycznego, zapewniaj\u0105c niezr\u00f3wnan\u0105 przejrzysto\u015b\u0107 \u0142adunku.<\/p>\n<p>&nbsp;<\/p>\n\t\t\t\t\t<\/div>\n\t\t\t\t\t\n\t\t\t\t\t\t\t\t\t\t\t\n\t\t\t<\/div>\n\t\t<\/div>\n\t<\/div>\n<\/section>","protected":false},"excerpt":{"rendered":"","protected":false},"author":5,"featured_media":0,"parent":0,"menu_order":0,"comment_status":"closed","ping_status":"closed","template":"","meta":{"_acf_changed":false,"footnotes":""},"class_list":["post-138607","page","type-page","status-publish","hentry"],"acf":[],"yoast_head":"<!-- This site is optimized with the Yoast SEO plugin v27.3 - https:\/\/yoast.com\/product\/yoast-seo-wordpress\/ -->\n<title>ONE EV Cargo | Digital Platform | EV Cargo<\/title>\n<meta name=\"description\" content=\"ONE EV Cargo is our leading digital platform used by over 20,000 supply chain professionals to power global trade and delivery technology. Find out more.\" \/>\n<meta name=\"robots\" content=\"index, follow, max-snippet:-1, max-image-preview:large, max-video-preview:-1\" \/>\n<link rel=\"canonical\" href=\"https:\/\/www.evcargo.com\/pl\/one-ev-cargo\/\" \/>\n<meta property=\"og:locale\" content=\"pl_PL\" \/>\n<meta property=\"og:type\" content=\"article\" \/>\n<meta property=\"og:title\" content=\"ONE EV Cargo | Digital Platform | EV Cargo\" \/>\n<meta property=\"og:description\" content=\"ONE EV Cargo is our leading digital platform used by over 20,000 supply chain professionals to power global trade and delivery technology. Find out more.\" \/>\n<meta property=\"og:url\" content=\"https:\/\/www.evcargo.com\/pl\/one-ev-cargo\/\" \/>\n<meta property=\"og:site_name\" content=\"EV Cargo\" \/>\n<meta property=\"article:modified_time\" content=\"2024-08-13T13:27:25+00:00\" \/>\n<meta name=\"twitter:card\" content=\"summary_large_image\" \/>\n<script type=\"application\/ld+json\" class=\"yoast-schema-graph\">{\"@context\":\"https:\\\/\\\/schema.org\",\"@graph\":[{\"@type\":\"WebPage\",\"@id\":\"https:\\\/\\\/www.evcargo.com\\\/zh\\\/one-ev-cargo\\\/\",\"url\":\"https:\\\/\\\/www.evcargo.com\\\/zh\\\/one-ev-cargo\\\/\",\"name\":\"ONE EV Cargo | Digital Platform | EV Cargo\",\"isPartOf\":{\"@id\":\"https:\\\/\\\/www.evcargo.com\\\/de\\\/#website\"},\"datePublished\":\"2023-04-05T09:52:09+00:00\",\"dateModified\":\"2024-08-13T13:27:25+00:00\",\"description\":\"ONE EV Cargo is our leading digital platform used by over 20,000 supply chain professionals to power global trade and delivery technology. Find out more.\",\"inLanguage\":\"pl-PL\",\"potentialAction\":[{\"@type\":\"ReadAction\",\"target\":[\"https:\\\/\\\/www.evcargo.com\\\/zh\\\/one-ev-cargo\\\/\"]}]},{\"@type\":\"WebSite\",\"@id\":\"https:\\\/\\\/www.evcargo.com\\\/de\\\/#website\",\"url\":\"https:\\\/\\\/www.evcargo.com\\\/de\\\/\",\"name\":\"EV Cargo\",\"description\":\"\",\"publisher\":{\"@id\":\"https:\\\/\\\/www.evcargo.com\\\/de\\\/#organization\"},\"potentialAction\":[{\"@type\":\"SearchAction\",\"target\":{\"@type\":\"EntryPoint\",\"urlTemplate\":\"https:\\\/\\\/www.evcargo.com\\\/de\\\/?s={search_term_string}\"},\"query-input\":{\"@type\":\"PropertyValueSpecification\",\"valueRequired\":true,\"valueName\":\"search_term_string\"}}],\"inLanguage\":\"pl-PL\"},{\"@type\":\"Organization\",\"@id\":\"https:\\\/\\\/www.evcargo.com\\\/de\\\/#organization\",\"name\":\"EV Cargo\",\"alternateName\":\"EVC\",\"url\":\"https:\\\/\\\/www.evcargo.com\\\/de\\\/\",\"logo\":{\"@type\":\"ImageObject\",\"inLanguage\":\"pl-PL\",\"@id\":\"https:\\\/\\\/www.evcargo.com\\\/de\\\/#\\\/schema\\\/logo\\\/image\\\/\",\"url\":\"https:\\\/\\\/www.evcargo.com\\\/wp-content\\\/uploads\\\/2025\\\/02\\\/ev-cargo-logo.png\",\"contentUrl\":\"https:\\\/\\\/www.evcargo.com\\\/wp-content\\\/uploads\\\/2025\\\/02\\\/ev-cargo-logo.png\",\"width\":364,\"height\":78,\"caption\":\"EV Cargo\"},\"image\":{\"@id\":\"https:\\\/\\\/www.evcargo.com\\\/de\\\/#\\\/schema\\\/logo\\\/image\\\/\"}}]}<\/script>\n<!-- \/ Yoast SEO plugin. -->","yoast_head_json":{"title":"ONE EV Cargo | Platforma cyfrowa | EV Cargo","description":"ONE EV Cargo to nasza wiod\u0105ca platforma cyfrowa, z kt\u00f3rej korzysta ponad 20 000 specjalist\u00f3w ds. \u0142a\u0144cucha dostaw, aby wspiera\u0107 globalne technologie handlu i dostaw. Dowiedz si\u0119 wi\u0119cej.","robots":{"index":"index","follow":"follow","max-snippet":"max-snippet:-1","max-image-preview":"max-image-preview:large","max-video-preview":"max-video-preview:-1"},"canonical":"https:\/\/www.evcargo.com\/pl\/one-ev-cargo\/","og_locale":"pl_PL","og_type":"article","og_title":"ONE EV Cargo | Digital Platform | EV Cargo","og_description":"ONE EV Cargo is our leading digital platform used by over 20,000 supply chain professionals to power global trade and delivery technology. Find out more.","og_url":"https:\/\/www.evcargo.com\/pl\/one-ev-cargo\/","og_site_name":"EV Cargo","article_modified_time":"2024-08-13T13:27:25+00:00","twitter_card":"summary_large_image","schema":{"@context":"https:\/\/schema.org","@graph":[{"@type":"WebPage","@id":"https:\/\/www.evcargo.com\/zh\/one-ev-cargo\/","url":"https:\/\/www.evcargo.com\/zh\/one-ev-cargo\/","name":"ONE EV Cargo | Platforma cyfrowa | EV Cargo","isPartOf":{"@id":"https:\/\/www.evcargo.com\/de\/#website"},"datePublished":"2023-04-05T09:52:09+00:00","dateModified":"2024-08-13T13:27:25+00:00","description":"ONE EV Cargo to nasza wiod\u0105ca platforma cyfrowa, z kt\u00f3rej korzysta ponad 20 000 specjalist\u00f3w ds. \u0142a\u0144cucha dostaw, aby wspiera\u0107 globalne technologie handlu i dostaw. Dowiedz si\u0119 wi\u0119cej.","inLanguage":"pl-PL","potentialAction":[{"@type":"ReadAction","target":["https:\/\/www.evcargo.com\/zh\/one-ev-cargo\/"]}]},{"@type":"WebSite","@id":"https:\/\/www.evcargo.com\/de\/#website","url":"https:\/\/www.evcargo.com\/de\/","name":"\u0141adunek EV","description":"","publisher":{"@id":"https:\/\/www.evcargo.com\/de\/#organization"},"potentialAction":[{"@type":"SearchAction","target":{"@type":"EntryPoint","urlTemplate":"https:\/\/www.evcargo.com\/de\/?s={search_term_string}"},"query-input":{"@type":"PropertyValueSpecification","valueRequired":true,"valueName":"search_term_string"}}],"inLanguage":"pl-PL"},{"@type":"Organization","@id":"https:\/\/www.evcargo.com\/de\/#organization","name":"\u0141adunek EV","alternateName":"EVC","url":"https:\/\/www.evcargo.com\/de\/","logo":{"@type":"ImageObject","inLanguage":"pl-PL","@id":"https:\/\/www.evcargo.com\/de\/#\/schema\/logo\/image\/","url":"https:\/\/www.evcargo.com\/wp-content\/uploads\/2025\/02\/ev-cargo-logo.png","contentUrl":"https:\/\/www.evcargo.com\/wp-content\/uploads\/2025\/02\/ev-cargo-logo.png","width":364,"height":78,"caption":"EV Cargo"},"image":{"@id":"https:\/\/www.evcargo.com\/de\/#\/schema\/logo\/image\/"}}]}},"_links":{"self":[{"href":"https:\/\/www.evcargo.com\/pl\/wp-json\/wp\/v2\/pages\/138607","targetHints":{"allow":["GET"]}}],"collection":[{"href":"https:\/\/www.evcargo.com\/pl\/wp-json\/wp\/v2\/pages"}],"about":[{"href":"https:\/\/www.evcargo.com\/pl\/wp-json\/wp\/v2\/types\/page"}],"author":[{"embeddable":true,"href":"https:\/\/www.evcargo.com\/pl\/wp-json\/wp\/v2\/users\/5"}],"replies":[{"embeddable":true,"href":"https:\/\/www.evcargo.com\/pl\/wp-json\/wp\/v2\/comments?post=138607"}],"version-history":[{"count":0,"href":"https:\/\/www.evcargo.com\/pl\/wp-json\/wp\/v2\/pages\/138607\/revisions"}],"wp:attachment":[{"href":"https:\/\/www.evcargo.com\/pl\/wp-json\/wp\/v2\/media?parent=138607"}],"curies":[{"name":"wp","href":"https:\/\/api.w.org\/{rel}","templated":true}]}}