{"id":1447,"date":"2021-06-10T16:09:46","date_gmt":"2021-06-10T15:09:46","guid":{"rendered":"https:\/\/evc.extramilecommunications.dev\/?page_id=1447"},"modified":"2023-05-18T18:11:35","modified_gmt":"2023-05-18T17:11:35","slug":"insights","status":"publish","type":"page","link":"https:\/\/www.evcargo.com\/pl\/insights\/","title":{"rendered":"Spostrze\u017cenia"},"content":{"rendered":"<section  class=\"page-hero background__lightgrey\">\n\t<div class=\"page-hero__bottom\">\n\t\t<div class=\"container-fluid\">\n\t\t\t\t\t\t\t<div class=\"page-hero__bottom__centertext\" data-aos=\"fade\">\n\t\t\t\t\t<h1>Spostrze\u017cenia<\/h1>\n<p>Od studi\u00f3w przypadk\u00f3w pokazuj\u0105cych, w jaki spos\u00f3b zwi\u0119kszyli\u015bmy wydajno\u015b\u0107 firm na ca\u0142ym \u015bwiecie dzi\u0119ki ci\u0105g\u0142emu doskonaleniu wspomaganemu przez technologi\u0119, po blogi ujawniaj\u0105ce poufne sekrety i webinaria szczeg\u00f3\u0142owo opisuj\u0105ce analiz\u0119 bran\u017cy \u2013 poznaj tajniki nag\u0142\u00f3wk\u00f3w EV Cargo.<\/p>\n\t\t\t\t<\/div>\n\t\t\t\t\t<\/div>\n\t<\/div>\n\n\t<div class=\"page-hero__rows\">\n\t\t<div class=\"container-fluid\">\n\t\t\t\t\t\t\t<div class=\"page-hero__bottom__blocks row\">\n\t\t\t\t\t\t\t\t\t\t\t<div class=\"page-hero__bottom__blocks__col col-md-6\" data-aos=\"fade\">\n\t\t\t\t\t\t\t<div class=\"page-hero__bottom__blocks__col-inner\">\n\t\t\t\t\t\t\t\t<div class=\"image-container\">\n\t\t\t\t\t\t\t\t\t<img class=\"page-hero__bottom_image\" src =\"https:\/\/www.evcargo.com\/wp-content\/uploads\/2023\/05\/EV-Cargo-Ashby-22-074-1.jpg\" alt=\"\" loading=\"lazy\" \/>\n\t\t\t\t\t\t\t\t<\/div>\n\t\t\t\t\t\t\t\t<div class=\"content-container\">\n\t\t\t\t\t\t\t\t\t\t\t\t\t\t\t\t\t\t\t<h3>Aktualno\u015bci<\/h3>\t\t\t\t\t\t\t\t\n\t\t\t\t\t\t\t\t\t<div class=\"content\">\n\t\t\t\t\t\t\t\t\t\t\t\t\t\t\t\t\t\t\t\t\t<a href=\"https:\/\/www.evcargo.com\/en\/insights\/newsroom\/\" target=\"_self\" class=\"btn green-btn\"  title=\"dowiedz si\u0119 wi\u0119cej o Newsroomie\">\n\t\t\t\t\t\t\t\t\t\t\t\tUcz si\u0119 wi\u0119cej\t\t\t\t\t\t\t\t\t\t\t<\/a>\n\t\t\t\t\t\t\t\t\t\t\t\t\t\t\t\t\t\t\t<\/div>\n\t\t\t\t\t\t\t<\/div>\n\t\t\t\t\t\t\t<\/div>\n\t\t\t\t\t\t<\/div>\n\t\t\t\t\t\t\t\t\t\t\t<div class=\"page-hero__bottom__blocks__col col-md-6\" data-aos=\"fade\">\n\t\t\t\t\t\t\t<div class=\"page-hero__bottom__blocks__col-inner\">\n\t\t\t\t\t\t\t\t<div class=\"image-container\">\n\t\t\t\t\t\t\t\t\t<img class=\"page-hero__bottom_image\" src =\"https:\/\/www.evcargo.com\/wp-content\/uploads\/2023\/04\/Heath-EV-cargo-Tour-146600x250-1.jpg\" alt=\"\" loading=\"lazy\" \/>\n\t\t\t\t\t\t\t\t<\/div>\n\t\t\t\t\t\t\t\t<div class=\"content-container\">\n\t\t\t\t\t\t\t\t\t\t\t\t\t\t\t\t\t\t\t<h3>Przyw\u00f3dztwo my\u015blowe<\/h3>\t\t\t\t\t\t\t\t\n\t\t\t\t\t\t\t\t\t<div class=\"content\">\n\t\t\t\t\t\t\t\t\t\t\t\t\t\t\t\t\t\t\t\t\t<a href=\"https:\/\/www.evcargo.com\/en\/insights\/thought-leadership\/\" target=\"_self\" class=\"btn green-btn\"  title=\"dowiedz si\u0119 wi\u0119cej o Thought Leadership\">\n\t\t\t\t\t\t\t\t\t\t\t\tUcz si\u0119 wi\u0119cej\t\t\t\t\t\t\t\t\t\t\t<\/a>\n\t\t\t\t\t\t\t\t\t\t\t\t\t\t\t\t\t\t\t<\/div>\n\t\t\t\t\t\t\t<\/div>\n\t\t\t\t\t\t\t<\/div>\n\t\t\t\t\t\t<\/div>\n\t\t\t\t\t\t\t\t\t\t\t<div class=\"page-hero__bottom__blocks__col col-md-6\" data-aos=\"fade\">\n\t\t\t\t\t\t\t<div class=\"page-hero__bottom__blocks__col-inner\">\n\t\t\t\t\t\t\t\t<div class=\"image-container\">\n\t\t\t\t\t\t\t\t\t<img class=\"page-hero__bottom_image\" src =\"https:\/\/www.evcargo.com\/wp-content\/uploads\/2023\/04\/Careers-Web-Banners-12.jpg600x250.jpg\" alt=\"\" loading=\"lazy\" \/>\n\t\t\t\t\t\t\t\t<\/div>\n\t\t\t\t\t\t\t\t<div class=\"content-container\">\n\t\t\t\t\t\t\t\t\t\t\t\t\t\t\t\t\t\t\t<h3>Sprawozdania roczne<\/h3>\t\t\t\t\t\t\t\t\n\t\t\t\t\t\t\t\t\t<div class=\"content\">\n\t\t\t\t\t\t\t\t\t\t\t\t\t\t\t\t\t\t\t\t\t<a href=\"https:\/\/www.evcargo.com\/en\/insights\/annual-report\/\" target=\"_self\" class=\"btn green-btn\"  title=\"dowiedz si\u0119 wi\u0119cej o Sprawozdaniach Rocznych\">\n\t\t\t\t\t\t\t\t\t\t\t\tUcz si\u0119 wi\u0119cej\t\t\t\t\t\t\t\t\t\t\t<\/a>\n\t\t\t\t\t\t\t\t\t\t\t\t\t\t\t\t\t\t\t<\/div>\n\t\t\t\t\t\t\t<\/div>\n\t\t\t\t\t\t\t<\/div>\n\t\t\t\t\t\t<\/div>\n\t\t\t\t\t\t\t\t\t<\/div>\n\n\t\t\t\t<div class=\"watermark\"><\/div>\n\t\t\t\t\t<\/div>\n\t<\/div>\n<\/section>","protected":false},"excerpt":{"rendered":"<p>Poznaj bli\u017cej firm\u0119 EV Cargo.<\/p>","protected":false},"author":9,"featured_media":98255,"parent":0,"menu_order":0,"comment_status":"closed","ping_status":"closed","template":"","meta":{"_acf_changed":false,"footnotes":""},"class_list":["post-1447","page","type-page","status-publish","has-post-thumbnail","hentry"],"acf":[],"yoast_head":"<!-- This site is optimized with the Yoast SEO plugin v27.3 - https:\/\/yoast.com\/product\/yoast-seo-wordpress\/ -->\n<title>Supply Chain Industry Insight | EV Cargo<\/title>\n<meta name=\"description\" content=\"Explore insights from case studies, supply chain industry news through to webinars and analysis with EV Cargo\" \/>\n<meta name=\"robots\" content=\"index, follow, max-snippet:-1, max-image-preview:large, max-video-preview:-1\" \/>\n<link rel=\"canonical\" href=\"https:\/\/www.evcargo.com\/pl\/insights\/\" \/>\n<meta property=\"og:locale\" content=\"pl_PL\" \/>\n<meta property=\"og:type\" content=\"article\" \/>\n<meta property=\"og:title\" content=\"Supply Chain Industry Insight | EV Cargo\" \/>\n<meta property=\"og:description\" content=\"Explore insights from case studies, supply chain industry news through to webinars and analysis with EV Cargo\" \/>\n<meta property=\"og:url\" content=\"https:\/\/www.evcargo.com\/pl\/insights\/\" \/>\n<meta property=\"og:site_name\" content=\"EV Cargo\" \/>\n<meta property=\"article:modified_time\" content=\"2023-05-18T17:11:35+00:00\" \/>\n<meta property=\"og:image\" content=\"https:\/\/www.evcargo.com\/wp-content\/uploads\/2021\/07\/News-Story-Image-1-1024x508-1-1.jpg\" \/>\n\t<meta property=\"og:image:width\" content=\"1024\" \/>\n\t<meta property=\"og:image:height\" content=\"508\" \/>\n\t<meta property=\"og:image:type\" content=\"image\/jpeg\" \/>\n<meta name=\"twitter:card\" content=\"summary_large_image\" \/>\n<script type=\"application\/ld+json\" class=\"yoast-schema-graph\">{\"@context\":\"https:\\\/\\\/schema.org\",\"@graph\":[{\"@type\":\"WebPage\",\"@id\":\"https:\\\/\\\/www.evcargo.com\\\/zh_cn\\\/insights\\\/\",\"url\":\"https:\\\/\\\/www.evcargo.com\\\/zh_cn\\\/insights\\\/\",\"name\":\"Supply Chain Industry Insight | EV Cargo\",\"isPartOf\":{\"@id\":\"https:\\\/\\\/www.evcargo.com\\\/de\\\/#website\"},\"primaryImageOfPage\":{\"@id\":\"https:\\\/\\\/www.evcargo.com\\\/zh_cn\\\/insights\\\/#primaryimage\"},\"image\":{\"@id\":\"https:\\\/\\\/www.evcargo.com\\\/zh_cn\\\/insights\\\/#primaryimage\"},\"thumbnailUrl\":\"https:\\\/\\\/www.evcargo.com\\\/wp-content\\\/uploads\\\/2021\\\/07\\\/News-Story-Image-1-1024x508-1-1.jpg\",\"datePublished\":\"2021-06-10T15:09:46+00:00\",\"dateModified\":\"2023-05-18T17:11:35+00:00\",\"description\":\"Explore insights from case studies, supply chain industry news through to webinars and analysis with EV Cargo\",\"inLanguage\":\"pl-PL\",\"potentialAction\":[{\"@type\":\"ReadAction\",\"target\":[\"https:\\\/\\\/www.evcargo.com\\\/zh_cn\\\/insights\\\/\"]}]},{\"@type\":\"ImageObject\",\"inLanguage\":\"pl-PL\",\"@id\":\"https:\\\/\\\/www.evcargo.com\\\/zh_cn\\\/insights\\\/#primaryimage\",\"url\":\"https:\\\/\\\/www.evcargo.com\\\/wp-content\\\/uploads\\\/2021\\\/07\\\/News-Story-Image-1-1024x508-1-1.jpg\",\"contentUrl\":\"https:\\\/\\\/www.evcargo.com\\\/wp-content\\\/uploads\\\/2021\\\/07\\\/News-Story-Image-1-1024x508-1-1.jpg\",\"width\":1024,\"height\":508},{\"@type\":\"WebSite\",\"@id\":\"https:\\\/\\\/www.evcargo.com\\\/de\\\/#website\",\"url\":\"https:\\\/\\\/www.evcargo.com\\\/de\\\/\",\"name\":\"EV Cargo\",\"description\":\"\",\"publisher\":{\"@id\":\"https:\\\/\\\/www.evcargo.com\\\/de\\\/#organization\"},\"potentialAction\":[{\"@type\":\"SearchAction\",\"target\":{\"@type\":\"EntryPoint\",\"urlTemplate\":\"https:\\\/\\\/www.evcargo.com\\\/de\\\/?s={search_term_string}\"},\"query-input\":{\"@type\":\"PropertyValueSpecification\",\"valueRequired\":true,\"valueName\":\"search_term_string\"}}],\"inLanguage\":\"pl-PL\"},{\"@type\":\"Organization\",\"@id\":\"https:\\\/\\\/www.evcargo.com\\\/de\\\/#organization\",\"name\":\"EV Cargo\",\"alternateName\":\"EVC\",\"url\":\"https:\\\/\\\/www.evcargo.com\\\/de\\\/\",\"logo\":{\"@type\":\"ImageObject\",\"inLanguage\":\"pl-PL\",\"@id\":\"https:\\\/\\\/www.evcargo.com\\\/de\\\/#\\\/schema\\\/logo\\\/image\\\/\",\"url\":\"https:\\\/\\\/www.evcargo.com\\\/wp-content\\\/uploads\\\/2025\\\/02\\\/ev-cargo-logo.png\",\"contentUrl\":\"https:\\\/\\\/www.evcargo.com\\\/wp-content\\\/uploads\\\/2025\\\/02\\\/ev-cargo-logo.png\",\"width\":364,\"height\":78,\"caption\":\"EV Cargo\"},\"image\":{\"@id\":\"https:\\\/\\\/www.evcargo.com\\\/de\\\/#\\\/schema\\\/logo\\\/image\\\/\"}}]}<\/script>\n<!-- \/ Yoast SEO plugin. -->","yoast_head_json":{"title":"Wgl\u0105d w bran\u017c\u0119 \u0142a\u0144cucha dostaw | EV Cargo","description":"Poznaj wnioski z analiz przypadk\u00f3w, wiadomo\u015bci z bran\u017cy \u0142a\u0144cucha dostaw, webinari\u00f3w i analiz EV Cargo","robots":{"index":"index","follow":"follow","max-snippet":"max-snippet:-1","max-image-preview":"max-image-preview:large","max-video-preview":"max-video-preview:-1"},"canonical":"https:\/\/www.evcargo.com\/pl\/insights\/","og_locale":"pl_PL","og_type":"article","og_title":"Supply Chain Industry Insight | EV Cargo","og_description":"Explore insights from case studies, supply chain industry news through to webinars and analysis with EV Cargo","og_url":"https:\/\/www.evcargo.com\/pl\/insights\/","og_site_name":"EV Cargo","article_modified_time":"2023-05-18T17:11:35+00:00","og_image":[{"width":1024,"height":508,"url":"https:\/\/www.evcargo.com\/wp-content\/uploads\/2021\/07\/News-Story-Image-1-1024x508-1-1.jpg","type":"image\/jpeg"}],"twitter_card":"summary_large_image","schema":{"@context":"https:\/\/schema.org","@graph":[{"@type":"WebPage","@id":"https:\/\/www.evcargo.com\/zh_cn\/insights\/","url":"https:\/\/www.evcargo.com\/zh_cn\/insights\/","name":"Wgl\u0105d w bran\u017c\u0119 \u0142a\u0144cucha dostaw | EV Cargo","isPartOf":{"@id":"https:\/\/www.evcargo.com\/de\/#website"},"primaryImageOfPage":{"@id":"https:\/\/www.evcargo.com\/zh_cn\/insights\/#primaryimage"},"image":{"@id":"https:\/\/www.evcargo.com\/zh_cn\/insights\/#primaryimage"},"thumbnailUrl":"https:\/\/www.evcargo.com\/wp-content\/uploads\/2021\/07\/News-Story-Image-1-1024x508-1-1.jpg","datePublished":"2021-06-10T15:09:46+00:00","dateModified":"2023-05-18T17:11:35+00:00","description":"Poznaj wnioski z analiz przypadk\u00f3w, wiadomo\u015bci z bran\u017cy \u0142a\u0144cucha dostaw, webinari\u00f3w i analiz EV Cargo","inLanguage":"pl-PL","potentialAction":[{"@type":"ReadAction","target":["https:\/\/www.evcargo.com\/zh_cn\/insights\/"]}]},{"@type":"ImageObject","inLanguage":"pl-PL","@id":"https:\/\/www.evcargo.com\/zh_cn\/insights\/#primaryimage","url":"https:\/\/www.evcargo.com\/wp-content\/uploads\/2021\/07\/News-Story-Image-1-1024x508-1-1.jpg","contentUrl":"https:\/\/www.evcargo.com\/wp-content\/uploads\/2021\/07\/News-Story-Image-1-1024x508-1-1.jpg","width":1024,"height":508},{"@type":"WebSite","@id":"https:\/\/www.evcargo.com\/de\/#website","url":"https:\/\/www.evcargo.com\/de\/","name":"\u0141adunek EV","description":"","publisher":{"@id":"https:\/\/www.evcargo.com\/de\/#organization"},"potentialAction":[{"@type":"SearchAction","target":{"@type":"EntryPoint","urlTemplate":"https:\/\/www.evcargo.com\/de\/?s={search_term_string}"},"query-input":{"@type":"PropertyValueSpecification","valueRequired":true,"valueName":"search_term_string"}}],"inLanguage":"pl-PL"},{"@type":"Organization","@id":"https:\/\/www.evcargo.com\/de\/#organization","name":"\u0141adunek EV","alternateName":"EVC","url":"https:\/\/www.evcargo.com\/de\/","logo":{"@type":"ImageObject","inLanguage":"pl-PL","@id":"https:\/\/www.evcargo.com\/de\/#\/schema\/logo\/image\/","url":"https:\/\/www.evcargo.com\/wp-content\/uploads\/2025\/02\/ev-cargo-logo.png","contentUrl":"https:\/\/www.evcargo.com\/wp-content\/uploads\/2025\/02\/ev-cargo-logo.png","width":364,"height":78,"caption":"EV Cargo"},"image":{"@id":"https:\/\/www.evcargo.com\/de\/#\/schema\/logo\/image\/"}}]}},"_links":{"self":[{"href":"https:\/\/www.evcargo.com\/pl\/wp-json\/wp\/v2\/pages\/1447","targetHints":{"allow":["GET"]}}],"collection":[{"href":"https:\/\/www.evcargo.com\/pl\/wp-json\/wp\/v2\/pages"}],"about":[{"href":"https:\/\/www.evcargo.com\/pl\/wp-json\/wp\/v2\/types\/page"}],"author":[{"embeddable":true,"href":"https:\/\/www.evcargo.com\/pl\/wp-json\/wp\/v2\/users\/9"}],"replies":[{"embeddable":true,"href":"https:\/\/www.evcargo.com\/pl\/wp-json\/wp\/v2\/comments?post=1447"}],"version-history":[{"count":0,"href":"https:\/\/www.evcargo.com\/pl\/wp-json\/wp\/v2\/pages\/1447\/revisions"}],"wp:featuredmedia":[{"embeddable":true,"href":"https:\/\/www.evcargo.com\/pl\/wp-json\/wp\/v2\/media\/98255"}],"wp:attachment":[{"href":"https:\/\/www.evcargo.com\/pl\/wp-json\/wp\/v2\/media?parent=1447"}],"curies":[{"name":"wp","href":"https:\/\/api.w.org\/{rel}","templated":true}]}}