{"id":1451,"date":"2021-06-10T16:12:00","date_gmt":"2021-06-10T15:12:00","guid":{"rendered":"https:\/\/evc.extramilecommunications.dev\/?page_id=1451"},"modified":"2023-05-25T10:00:59","modified_gmt":"2023-05-25T09:00:59","slug":"company","status":"publish","type":"page","link":"https:\/\/www.evcargo.com\/pl\/company\/","title":{"rendered":"Sp\u00f3\u0142ka"},"content":{"rendered":"<section  class=\"hero-block bg-light\" data-aos=\"fade\" style=\"background-image: url();\">\n\n\t<div class=\"container-fluid\">\n\n\t\t<div class=\"hero-block__titles\">\n\n\t\t\t<h1>Sp\u00f3\u0142ka<\/h1>\t\t\t\t\t\t\t\t\t\t\t\t<div class=\"wysiwyg\"><p>Dzia\u0142aj\u0105c w 150 krajach i przewo\u017c\u0105c rocznie \u0142\u0105czn\u0105 warto\u015b\u0107 towar\u00f3w o warto\u015bci 14 biliard\u00f3w dolar\u00f3w, EV Cargo jest prawdziwie globaln\u0105 firm\u0105 logistyczn\u0105, wykorzystuj\u0105c\u0105 lokaln\u0105 wiedz\u0119 i do\u015bwiadczenie, co gwarantuje, \u017ce za ka\u017cdym razem jeste\u015bmy w stanie stworzy\u0107 dla Ciebie odpowiednie rozwi\u0105zanie.<\/p>\n<\/div>\t\t\t\t\t<\/div>\n\t\t\n\n\t\t        \n\t\t\t\t\t<div class=\"hero-block__blocks row\">\n\n                        \t\t\t\t\t\t\n\n\t\t            \n\t\t\t\t\t\t\t\t\t\t\t\t\n\t\t\t\t\t    \n\n\t\t\t\t\t\t\t\t\t\t\t\t\t\t\t\t\t\t\n\n\n\n\t\t            \t<div class=\"hero-block__blocks__col col-md-6\">\n\n\t            \t\t\t<div class=\"hero-block__blocks__col__bg\"  style=\"background-image: url(https:\/\/www.evcargo.com\/wp-content\/uploads\/2021\/05\/acs-banner-539x387.jpeg);  \"><\/div>\n\n\t\t\t\t\t\t\t<div class=\"hero-block__blocks__col__wrap\">\n                                <div class=\"content-container\">\n    \t\t\t\t\t\t\t\t<h4>Zarz\u0105dzanie frachtem<\/h4>    \t\t\t\t\t\t\t\t<div class=\"hover\">\n\t\t\t\t\t\t\t\t\t\t\t\t\t\t\t\t\t\t\t\t\t\t\t<p>Znajdziemy najbardziej wydajny i op\u0142acalny spos\u00f3b zarz\u0105dzania Twoim \u0142adunkiem, czy to drog\u0105 powietrzn\u0105, morsk\u0105, drogow\u0105 czy kolejow\u0105.<\/p>\n\t\t\t\t\t\t\t\t\t\t\t    \t\t\t\t\t\t\t\t\t        \t\t\t\t\t\t\t\t\t<a href=\"\/our-services\/freight-management\/\" target=\"_self\" class=\"btn green-btn\">\n        \t\t\t\t\t\t\t\t\t\tZarz\u0105dzanie frachtem        \t\t\t\t\t\t\t\t\t<\/a>\n    \t\t\t\t\t\t\t\t\t    \t\t\t\t\t\t\t\t<\/div>\n    \t\t\t\t\t\t\t<\/div>\n\n\n\t\t\t\t\t\t\t<\/div>\n\n\t\t\t\t\t\t<\/div>\n\n\n\t\t            \n\t\t\t\t\t\t\t\t\t\t\t\t\n\t\t\t\t\t    \n\n\t\t\t\t\t\t\t\t\t\t\t\t\t\t\t\t\t\t\n\n\n\n\t\t            \t<div class=\"hero-block__blocks__col col-md-6\">\n\n\t            \t\t\t<div class=\"hero-block__blocks__col__bg\"  style=\"background-image: url(https:\/\/www.evcargo.com\/wp-content\/uploads\/2021\/05\/transportation-539x387.jpeg);  \"><\/div>\n\n\t\t\t\t\t\t\t<div class=\"hero-block__blocks__col__wrap\">\n                                <div class=\"content-container\">\n    \t\t\t\t\t\t\t\t<h4>\u0141a\u0144cuch dostaw<\/h4>    \t\t\t\t\t\t\t\t<div class=\"hover\">\n\t\t\t\t\t\t\t\t\t\t\t\t\t\t\t\t\t\t\t\t\t\t\t<p>Dzi\u0119ki naszym najnowocze\u015bniejszym technologiom i analizie danych mo\u017cesz mie\u0107 pewno\u015b\u0107, \u017ce upro\u015bcimy Tw\u00f3j \u0142a\u0144cuch dostaw i zapewnimy Ci pe\u0142n\u0105 przejrzysto\u015b\u0107 w ka\u017cdej chwili.<\/p>\n\t\t\t\t\t\t\t\t\t\t\t    \t\t\t\t\t\t\t\t\t        \t\t\t\t\t\t\t\t\t<a href=\"https:\/\/www.evcargo.com\/en\/our-services\/supply-chain\/\" target=\"_self\" class=\"btn green-btn\">\n        \t\t\t\t\t\t\t\t\t\t\u0141a\u0144cuch dostaw        \t\t\t\t\t\t\t\t\t<\/a>\n    \t\t\t\t\t\t\t\t\t    \t\t\t\t\t\t\t\t<\/div>\n    \t\t\t\t\t\t\t<\/div>\n\n\n\t\t\t\t\t\t\t<\/div>\n\n\t\t\t\t\t\t<\/div>\n\n\n\t\t            \n\t\t\t\t\t\t\t\t\t\t\t\t\n\t\t\t\t\t    \n\n\t\t\t\t\t\t\t\t\t\t\t\t\t\t\t\t\t\t\n\n\n\n\t\t            \t<div class=\"hero-block__blocks__col col-md-4\">\n\n\t            \t\t\t<div class=\"hero-block__blocks__col__bg\"  style=\"background-image: url(https:\/\/www.evcargo.com\/wp-content\/uploads\/2021\/05\/News-Story-Image-1-348x387.jpeg);  \"><\/div>\n\n\t\t\t\t\t\t\t<div class=\"hero-block__blocks__col__wrap\">\n                                <div class=\"content-container\">\n    \t\t\t\t\t\t\t\t<h4>Logistyka<\/h4>    \t\t\t\t\t\t\t\t<div class=\"hover\">\n\t\t\t\t\t\t\t\t\t\t\t\t\t\t\t\t\t\t\t\t\t\t\t<p>Opr\u00f3cz us\u0142ug drogowych transportujemy rocznie 450 000 kontener\u00f3w morskich i ka\u017cdego miesi\u0105ca przewozimy 6 milion\u00f3w kilogram\u00f3w frachtu lotniczego.<\/p>\n\t\t\t\t\t\t\t\t\t\t\t    \t\t\t\t\t\t\t\t\t        \t\t\t\t\t\t\t\t\t<a href=\"https:\/\/www.evcargo.com\/en\/our-services\/logistics\/\" target=\"_self\" class=\"btn green-btn\">\n        \t\t\t\t\t\t\t\t\t\tLogistyka        \t\t\t\t\t\t\t\t\t<\/a>\n    \t\t\t\t\t\t\t\t\t    \t\t\t\t\t\t\t\t<\/div>\n    \t\t\t\t\t\t\t<\/div>\n\n\n\t\t\t\t\t\t\t<\/div>\n\n\t\t\t\t\t\t<\/div>\n\n\n\t\t            \n\t\t\t\t\t\t\t\t\t\t\t\t\n\t\t\t\t\t    \n\n\t\t\t\t\t\t\t\t\t\t\t\t\t\t\t\t\t\t\n\n\n\n\t\t            \t<div class=\"hero-block__blocks__col col-md-4\">\n\n\t            \t\t\t<div class=\"hero-block__blocks__col__bg\"  style=\"background-image: url(https:\/\/www.evcargo.com\/wp-content\/uploads\/2021\/05\/evc_shipping_container-348x387.jpeg);  \"><\/div>\n\n\t\t\t\t\t\t\t<div class=\"hero-block__blocks__col__wrap\">\n                                <div class=\"content-container\">\n    \t\t\t\t\t\t\t\t<h4>Przemys\u0142<\/h4>    \t\t\t\t\t\t\t\t<div class=\"hover\">\n\t\t\t\t\t\t\t\t\t\t\t\t\t\t\t\t\t\t\t\t\t\t\t<p>Niezale\u017cnie od sektora, w kt\u00f3rym dzia\u0142asz, EV Cargo ma rozwi\u0105zanie w zakresie \u0142a\u0144cucha dostaw, kt\u00f3re spe\u0142ni Twoje wymagania.<\/p>\n\t\t\t\t\t\t\t\t\t\t\t    \t\t\t\t\t\t\t\t\t        \t\t\t\t\t\t\t\t\t<a href=\"https:\/\/www.evcargo.com\/en\/industry\/\" target=\"_self\" class=\"btn green-btn\">\n        \t\t\t\t\t\t\t\t\t\tDowiedz si\u0119 wi\u0119cej        \t\t\t\t\t\t\t\t\t<\/a>\n    \t\t\t\t\t\t\t\t\t    \t\t\t\t\t\t\t\t<\/div>\n    \t\t\t\t\t\t\t<\/div>\n\n\n\t\t\t\t\t\t\t<\/div>\n\n\t\t\t\t\t\t<\/div>\n\n\n\t\t            \n\t\t\t\t\t\t\t\t\t\t\t\t\n\t\t\t\t\t    \n\n\t\t\t\t\t\t\t\t\t\t\t\t\t\t\t\t\t\t\n\n\n\n\t\t            \t<div class=\"hero-block__blocks__col col-md-4\">\n\n\t            \t\t\t<div class=\"hero-block__blocks__col__bg\"  style=\"background-image: url(https:\/\/www.evcargo.com\/wp-content\/uploads\/2021\/09\/Palletforce-Website-In-Page-Images-12-348x387.png);  \"><\/div>\n\n\t\t\t\t\t\t\t<div class=\"hero-block__blocks__col__wrap\">\n                                <div class=\"content-container\">\n    \t\t\t\t\t\t\t\t<h4>Ucz si\u0119 wi\u0119cej<\/h4>    \t\t\t\t\t\t\t\t<div class=\"hover\">\n\t\t\t\t\t\t\t\t\t\t\t\t\t\t\t\t\t\t\t\t\t\t\t<p>Poznaj histori\u0119 firmy EV Cargo, kt\u00f3ra ka\u017cdego roku zarz\u0105dza milionami \u0142adunk\u00f3w na ca\u0142ym \u015bwiecie.<\/p>\n\t\t\t\t\t\t\t\t\t\t\t    \t\t\t\t\t\t\t\t\t        \t\t\t\t\t\t\t\t\t<a href=\"https:\/\/www.evcargo.com\/en\/insights\/newsroom\/newsroom\/\" target=\"_self\" class=\"btn green-btn\">\n        \t\t\t\t\t\t\t\t\t\tDowiedz si\u0119 wi\u0119cej        \t\t\t\t\t\t\t\t\t<\/a>\n    \t\t\t\t\t\t\t\t\t    \t\t\t\t\t\t\t\t<\/div>\n    \t\t\t\t\t\t\t<\/div>\n\n\n\t\t\t\t\t\t\t<\/div>\n\n\t\t\t\t\t\t<\/div>\n\n\n\t\t            \n\t\t        \t<\/div>\n\n\t\t        \n\t<\/div>\n\n<\/section>\n\n\n\n<section  class=\"image-carousel background__grey background__style__solid\">\n\n\t<div class=\"container-fluid\">\n\n\t\t<div class=\"row\">\n\n\t\t\t\t\t\t\t<div class=\"col-md-12 image-carousel__title\" data-aos=\"fade\">\n\t\t\t\t\t<h2>EV Cargo ma <em>wsp\u00f3lnik<\/em> z markami na ca\u0142ym \u015bwiecie<\/h2>\n\t\t\t\t<\/div>\n\t\t\t\t\t\t\n\t\t\t\t\t\t\t<div class=\"col-md-12 image-carousel__content\" data-aos=\"fade\">\n\t\t\t\t\t<p>Umo\u017cliwiamy sukces klient\u00f3w dzi\u0119ki naszym rozwi\u0105zaniom w zakresie \u0142a\u0144cucha dostaw, sprawnej realizacji i cyfrowej transformacji.<\/p>\n\t\t\t\t<\/div>\n\t\t\t\n\n\t\t\t\n\t\t\t\t<div class=\"col-md-12 image-carousel__slider\" data-aos=\"fade\">\n\n\t\t\t\t\t\t\t\t\t\n\t\t\t\t\t<div class=\"image-carousel__slider_slide\">\n\n\t\t\t\t\t\t\t\t\t\t\t\t\n\t\t\t\t\t\t\t\t\t\t\t\t\t<img decoding=\"async\" width=\"150\" height=\"90\" src=\"https:\/\/www.evcargo.com\/wp-content\/uploads\/2021\/05\/Asda.png\" alt=\"\" loading=\"lazy\">\n\t\t\t\t\t\t\n\t\t\t\t\t\n\t\t\t\t\t<\/div>\n\n\t\t\t\t\t\t\t\t\t\n\t\t\t\t\t<div class=\"image-carousel__slider_slide\">\n\n\t\t\t\t\t\t\t\t\t\t\t\t\n\t\t\t\t\t\t\t\t\t\t\t\t\t<img decoding=\"async\" width=\"150\" height=\"90\" src=\"https:\/\/www.evcargo.com\/wp-content\/uploads\/2021\/05\/Asos.png\" alt=\"\" loading=\"lazy\">\n\t\t\t\t\t\t\n\t\t\t\t\t\n\t\t\t\t\t<\/div>\n\n\t\t\t\t\t\t\t\t\t\n\t\t\t\t\t<div class=\"image-carousel__slider_slide\">\n\n\t\t\t\t\t\t\t\t\t\t\t\t\n\t\t\t\t\t\t\t\t\t\t\t\t\t<img decoding=\"async\" width=\"150\" height=\"90\" src=\"https:\/\/www.evcargo.com\/wp-content\/uploads\/2021\/05\/Bunnings.png\" alt=\"\" loading=\"lazy\">\n\t\t\t\t\t\t\n\t\t\t\t\t\n\t\t\t\t\t<\/div>\n\n\t\t\t\t\t\t\t\t\t\n\t\t\t\t\t<div class=\"image-carousel__slider_slide\">\n\n\t\t\t\t\t\t\t\t\t\t\t\t\n\t\t\t\t\t\t\t\t\t\t\t\t\t<img decoding=\"async\" width=\"150\" height=\"90\" src=\"https:\/\/www.evcargo.com\/wp-content\/uploads\/2021\/05\/Dyson.png\" alt=\"\" loading=\"lazy\">\n\t\t\t\t\t\t\n\t\t\t\t\t\n\t\t\t\t\t<\/div>\n\n\t\t\t\t\n\t\t\t\t<\/div>\n\n\t\t\t\n\t\t\t\n\t\t\t\t\t\t<div class=\"col-md-12 image-carousel__content\" data-aos=\"fade\">\n\t\t\t\t<a href=\"https:\/\/www.evcargo.com\/en\/insights\/case-studies\/\" target=\"_self\" class=\"btn green-btn\">\t\n\t\t\t\t\tStudium przypadku\t\t\t\t<\/a>\n\t\t\t<\/div>\n\t\t\t\t\t\n\t\t<\/div>\n\n\t<\/div>\n\n<\/section>\n\n<section  class=\"centered-text-icons\">\n\n\t<div class=\"container-fluid\">\n\t\t\t\t<div class=\"centered-text-icons__titles\">\n\t\t<h2 data-aos=\"fade\">Stawiamy technologi\u0119 w centrum wszystkiego, co robimy<\/h2>\t\t<div data-aos=\"fade\" class=\"wysiwyg\"><p>Misj\u0105 EV Cargo jest przekszta\u0142cenie logistyki w bran\u017c\u0119 technologiczn\u0105, w kt\u00f3rej rozwi\u0105zania dotycz\u0105ce \u0142a\u0144cucha dostaw maksymalizuj\u0105 wydajno\u015b\u0107 i minimalizuj\u0105 wp\u0142yw na \u015brodowisko.<\/p>\n<\/div>\n\t\t<\/div>\n\n\t\t\t\n\t\t\t\t\t<div class=\"centered-text-icons__theicons row\" >\n\n\t\t            \n\t\t\t\t\t\t\t\t\t            \t<div data-aos=\"fade\" class=\"centered-text-icons__theicons__col col-md-4\">\n\t\t\t\t\t\t\n\t\t\t\t\t\t\t\n\t\t\t\t\t\t\t\n\t\t\t\t\t\t\t\t\t\t\t\t\t\t\t\t\t\t\t\t\t\t\t\t\t\t\t\t\t\t\t\t\t\t\t\t\t\t\t\t<img decoding=\"async\" src=\"https:\/\/www.evcargo.com\/wp-content\/uploads\/2021\/05\/evcargo_icon@2x.svg\" alt=\"evcargo_icon@2x\" loading=\"lazy\" \/>\n\t\t\t\t\t\t\t\n\t\t\t\t\t\t\t\n\t\t\t\t\t\t\t<h4>Oprogramowanie \u0142a\u0144cucha dostaw<\/h4>\t\t\t\t\t\t\t<p>Poprawa widoczno\u015bci, redukcja tar\u0107, zach\u0119canie do wsp\u00f3\u0142pracy i promowanie zgodno\u015bci.<\/p>\n\t\t\t\t\t\t\t\n\n\t\t\t\t\t\t\t\t\t\t\t\t\t<\/div>\n\t\t\t\t\t\t\n\t\t            \n\t\t\t\t\t\t\t\t\t            \t<div data-aos=\"fade\" class=\"centered-text-icons__theicons__col col-md-4\">\n\t\t\t\t\t\t\n\t\t\t\t\t\t\t\n\t\t\t\t\t\t\t\n\t\t\t\t\t\t\t\t\t\t\t\t\t\t\t\t\t\t\t\t\t\t\t\t\t\t\t\t\t\t\t\t\t\t\t\t\t\t\t\t<img decoding=\"async\" src=\"https:\/\/www.evcargo.com\/wp-content\/uploads\/2021\/05\/evcargo_icon@2x.svg\" alt=\"evcargo_icon@2x\" loading=\"lazy\" \/>\n\t\t\t\t\t\t\t\n\t\t\t\t\t\t\t\n\t\t\t\t\t\t\t<h4>Zgodno\u015b\u0107<\/h4>\t\t\t\t\t\t\t<p>Nasze rozwi\u0105zania zapewniaj\u0105 sprzedawcom detalicznym narz\u0119dzia i przejrzysto\u015b\u0107 niezb\u0119dne do ochrony ich marki, pracownik\u00f3w i naszej planety.<\/p>\n\t\t\t\t\t\t\t\n\n\t\t\t\t\t\t\t\t\t\t\t\t\t<\/div>\n\t\t\t\t\t\t\n\t\t            \n\t\t\t\t\t\t\t\t\t            \t<div data-aos=\"fade\" class=\"centered-text-icons__theicons__col col-md-4\">\n\t\t\t\t\t\t\n\t\t\t\t\t\t\t\n\t\t\t\t\t\t\t\n\t\t\t\t\t\t\t\t\t\t\t\t\t\t\t\t\t\t\t\t\t\t\t\t\t\t\t\t\t\t\t\t\t\t\t\t\t\t\t\t<img decoding=\"async\" src=\"https:\/\/www.evcargo.com\/wp-content\/uploads\/2021\/05\/evcargo_icon@2x.svg\" alt=\"evcargo_icon@2x\" loading=\"lazy\" \/>\n\t\t\t\t\t\t\t\n\t\t\t\t\t\t\t\n\t\t\t\t\t\t\t<h4>Analityka<\/h4>\t\t\t\t\t\t\t<p>Gromadzimy i uwalniamy prawdziwy potencja\u0142 danych, aby zapewni\u0107 Ci niezr\u00f3wnan\u0105 przejrzysto\u015b\u0107 \u0142a\u0144cucha dostaw.<\/p>\n\t\t\t\t\t\t\t\n\n\t\t\t\t\t\t\t\t\t\t\t\t\t<\/div>\n\t\t\t\t\t\t\n\t\t            \n\t\t\t\t\t\t\t\t\t            \t<div data-aos=\"fade\" class=\"centered-text-icons__theicons__col col-md-4\">\n\t\t\t\t\t\t\n\t\t\t\t\t\t\t\n\t\t\t\t\t\t\t\n\t\t\t\t\t\t\t\t\t\t\t\t\t\t\t\t\t\t\t\t\t\t\t\t\t\t\t\t\t\t\t\t\t\t\t\t\t\t\t\t<img decoding=\"async\" src=\"https:\/\/www.evcargo.com\/wp-content\/uploads\/2021\/05\/evcargo_icon@2x.svg\" alt=\"evcargo_icon@2x\" loading=\"lazy\" \/>\n\t\t\t\t\t\t\t\n\t\t\t\t\t\t\t\n\t\t\t\t\t\t\t<h4>Ochrona planety<\/h4>\t\t\t\t\t\t\t<p>Nasza technologia gwarantuje, \u017ce zawsze znajdziemy najbardziej zr\u00f3wnowa\u017cone rozwi\u0105zanie dla Ciebie i planety.<\/p>\n\t\t\t\t\t\t\t\n\n\t\t\t\t\t\t\t\t\t\t\t\t\t<\/div>\n\t\t\t\t\t\t\n\t\t            \n\t\t\t\t\t\t\t\t\t            \t<div data-aos=\"fade\" class=\"centered-text-icons__theicons__col col-md-4\">\n\t\t\t\t\t\t\n\t\t\t\t\t\t\t\n\t\t\t\t\t\t\t\n\t\t\t\t\t\t\t\t\t\t\t\t\t\t\t\t\t\t\t\t\t\t\t\t\t\t\t\t\t\t\t\t\t\t\t\t\t\t\t\t<img decoding=\"async\" src=\"https:\/\/www.evcargo.com\/wp-content\/uploads\/2021\/05\/evcargo_icon@2x.svg\" alt=\"evcargo_icon@2x\" loading=\"lazy\" \/>\n\t\t\t\t\t\t\t\n\t\t\t\t\t\t\t\n\t\t\t\t\t\t\t<h4>Ekspertyza<\/h4>\t\t\t\t\t\t\t<p>Mamy ponad 25-letnie do\u015bwiadczenie w dostarczaniu informacji o \u0142a\u0144cuchu dostaw.<\/p>\n\t\t\t\t\t\t\t\n\n\t\t\t\t\t\t\t\t\t\t\t\t\t<\/div>\n\t\t\t\t\t\t\n\t\t            \n\t\t\t\t\t\t\t\t\t            \t<div data-aos=\"fade\" class=\"centered-text-icons__theicons__col col-md-4\">\n\t\t\t\t\t\t\n\t\t\t\t\t\t\t\n\t\t\t\t\t\t\t\n\t\t\t\t\t\t\t\t\t\t\t\t\t\t\t\t\t\t\t\t\t\t\t\t\t\t\t\t\t\t\t\t\t\t\t\t\t\t\t\t<img decoding=\"async\" src=\"https:\/\/www.evcargo.com\/wp-content\/uploads\/2021\/05\/evcargo_icon@2x.svg\" alt=\"evcargo_icon@2x\" loading=\"lazy\" \/>\n\t\t\t\t\t\t\t\n\t\t\t\t\t\t\t\n\t\t\t\t\t\t\t<h4>Innowacja<\/h4>\t\t\t\t\t\t\t<p>Jeste\u015bmy liderami w dziedzinie nowych, cyfrowych i zr\u00f3wnowa\u017conych rozwi\u0105za\u0144 w zakresie \u0142a\u0144cucha dostaw.<\/p>\n\t\t\t\t\t\t\t\n\n\t\t\t\t\t\t\t\t\t\t\t\t\t<\/div>\n\t\t\t\t\t\t\n\t\t            \n\t\t        \t<\/div>\n\n\t\t        \n\n\t\t\t\t\n\t\t\t\t\t\t\t<div class=\"centered-text-icons__btn\" data-aos=\"fade\">\n\t\t\t\t\t\n\n\t\t\t\t\t<a href=\"https:\/\/www.evcargo.com\/en\/our-services\/technology-and-innovation\/\" target=\"_self\" class=\"btn green-btn\">\n\t\t\t\t\t\tUcz si\u0119 wi\u0119cej\t\t\t\t\t<\/a>\n\n\t\t\t\t<\/div>\n\t\t\t\n\n\n\t<\/div>\n\n<\/section>\n\n\n\n<section  class=\"wide-image-text background__white\" height: ;\">\n\t\n\t<\/section>","protected":false},"excerpt":{"rendered":"<p>Wszystko, co musisz wiedzie\u0107 o EV Cargo.<\/p>","protected":false},"author":9,"featured_media":98257,"parent":0,"menu_order":0,"comment_status":"closed","ping_status":"closed","template":"","meta":{"_acf_changed":false,"footnotes":""},"class_list":["post-1451","page","type-page","status-publish","has-post-thumbnail","hentry"],"acf":[],"yoast_head":"<!-- This site is optimized with the Yoast SEO plugin v27.3 - https:\/\/yoast.com\/product\/yoast-seo-wordpress\/ -->\n<title>Company - EV Cargo<\/title>\n<meta name=\"robots\" content=\"index, follow, max-snippet:-1, max-image-preview:large, max-video-preview:-1\" \/>\n<link rel=\"canonical\" href=\"https:\/\/www.evcargo.com\/pl\/company\/\" \/>\n<meta property=\"og:locale\" content=\"pl_PL\" \/>\n<meta property=\"og:type\" content=\"article\" \/>\n<meta property=\"og:title\" content=\"Company - EV Cargo\" \/>\n<meta property=\"og:description\" content=\"All you need to know about EV Cargo.\" \/>\n<meta property=\"og:url\" content=\"https:\/\/www.evcargo.com\/pl\/company\/\" \/>\n<meta property=\"og:site_name\" content=\"EV Cargo\" \/>\n<meta property=\"article:modified_time\" content=\"2023-05-25T09:00:59+00:00\" \/>\n<meta property=\"og:image\" content=\"https:\/\/www.evcargo.com\/wp-content\/uploads\/2021\/07\/14639-089-1-1.jpg\" \/>\n\t<meta property=\"og:image:width\" content=\"2400\" \/>\n\t<meta property=\"og:image:height\" content=\"1600\" \/>\n\t<meta property=\"og:image:type\" content=\"image\/jpeg\" \/>\n<meta name=\"twitter:card\" content=\"summary_large_image\" \/>\n<script type=\"application\/ld+json\" class=\"yoast-schema-graph\">{\"@context\":\"https:\\\/\\\/schema.org\",\"@graph\":[{\"@type\":\"WebPage\",\"@id\":\"https:\\\/\\\/www.evcargo.com\\\/th\\\/company\\\/\",\"url\":\"https:\\\/\\\/www.evcargo.com\\\/th\\\/company\\\/\",\"name\":\"Company - EV Cargo\",\"isPartOf\":{\"@id\":\"https:\\\/\\\/www.evcargo.com\\\/de\\\/#website\"},\"primaryImageOfPage\":{\"@id\":\"https:\\\/\\\/www.evcargo.com\\\/th\\\/company\\\/#primaryimage\"},\"image\":{\"@id\":\"https:\\\/\\\/www.evcargo.com\\\/th\\\/company\\\/#primaryimage\"},\"thumbnailUrl\":\"https:\\\/\\\/www.evcargo.com\\\/wp-content\\\/uploads\\\/2021\\\/07\\\/14639-089-1-1.jpg\",\"datePublished\":\"2021-06-10T15:12:00+00:00\",\"dateModified\":\"2023-05-25T09:00:59+00:00\",\"inLanguage\":\"pl-PL\",\"potentialAction\":[{\"@type\":\"ReadAction\",\"target\":[\"https:\\\/\\\/www.evcargo.com\\\/th\\\/company\\\/\"]}]},{\"@type\":\"ImageObject\",\"inLanguage\":\"pl-PL\",\"@id\":\"https:\\\/\\\/www.evcargo.com\\\/th\\\/company\\\/#primaryimage\",\"url\":\"https:\\\/\\\/www.evcargo.com\\\/wp-content\\\/uploads\\\/2021\\\/07\\\/14639-089-1-1.jpg\",\"contentUrl\":\"https:\\\/\\\/www.evcargo.com\\\/wp-content\\\/uploads\\\/2021\\\/07\\\/14639-089-1-1.jpg\",\"width\":2400,\"height\":1600},{\"@type\":\"WebSite\",\"@id\":\"https:\\\/\\\/www.evcargo.com\\\/de\\\/#website\",\"url\":\"https:\\\/\\\/www.evcargo.com\\\/de\\\/\",\"name\":\"EV Cargo\",\"description\":\"\",\"publisher\":{\"@id\":\"https:\\\/\\\/www.evcargo.com\\\/de\\\/#organization\"},\"potentialAction\":[{\"@type\":\"SearchAction\",\"target\":{\"@type\":\"EntryPoint\",\"urlTemplate\":\"https:\\\/\\\/www.evcargo.com\\\/de\\\/?s={search_term_string}\"},\"query-input\":{\"@type\":\"PropertyValueSpecification\",\"valueRequired\":true,\"valueName\":\"search_term_string\"}}],\"inLanguage\":\"pl-PL\"},{\"@type\":\"Organization\",\"@id\":\"https:\\\/\\\/www.evcargo.com\\\/de\\\/#organization\",\"name\":\"EV Cargo\",\"alternateName\":\"EVC\",\"url\":\"https:\\\/\\\/www.evcargo.com\\\/de\\\/\",\"logo\":{\"@type\":\"ImageObject\",\"inLanguage\":\"pl-PL\",\"@id\":\"https:\\\/\\\/www.evcargo.com\\\/de\\\/#\\\/schema\\\/logo\\\/image\\\/\",\"url\":\"https:\\\/\\\/www.evcargo.com\\\/wp-content\\\/uploads\\\/2025\\\/02\\\/ev-cargo-logo.png\",\"contentUrl\":\"https:\\\/\\\/www.evcargo.com\\\/wp-content\\\/uploads\\\/2025\\\/02\\\/ev-cargo-logo.png\",\"width\":364,\"height\":78,\"caption\":\"EV Cargo\"},\"image\":{\"@id\":\"https:\\\/\\\/www.evcargo.com\\\/de\\\/#\\\/schema\\\/logo\\\/image\\\/\"}}]}<\/script>\n<!-- \/ Yoast SEO plugin. -->","yoast_head_json":{"title":"Firma - EV Cargo","robots":{"index":"index","follow":"follow","max-snippet":"max-snippet:-1","max-image-preview":"max-image-preview:large","max-video-preview":"max-video-preview:-1"},"canonical":"https:\/\/www.evcargo.com\/pl\/company\/","og_locale":"pl_PL","og_type":"article","og_title":"Company - EV Cargo","og_description":"All you need to know about EV Cargo.","og_url":"https:\/\/www.evcargo.com\/pl\/company\/","og_site_name":"EV Cargo","article_modified_time":"2023-05-25T09:00:59+00:00","og_image":[{"width":2400,"height":1600,"url":"https:\/\/www.evcargo.com\/wp-content\/uploads\/2021\/07\/14639-089-1-1.jpg","type":"image\/jpeg"}],"twitter_card":"summary_large_image","schema":{"@context":"https:\/\/schema.org","@graph":[{"@type":"WebPage","@id":"https:\/\/www.evcargo.com\/th\/company\/","url":"https:\/\/www.evcargo.com\/th\/company\/","name":"Firma - EV Cargo","isPartOf":{"@id":"https:\/\/www.evcargo.com\/de\/#website"},"primaryImageOfPage":{"@id":"https:\/\/www.evcargo.com\/th\/company\/#primaryimage"},"image":{"@id":"https:\/\/www.evcargo.com\/th\/company\/#primaryimage"},"thumbnailUrl":"https:\/\/www.evcargo.com\/wp-content\/uploads\/2021\/07\/14639-089-1-1.jpg","datePublished":"2021-06-10T15:12:00+00:00","dateModified":"2023-05-25T09:00:59+00:00","inLanguage":"pl-PL","potentialAction":[{"@type":"ReadAction","target":["https:\/\/www.evcargo.com\/th\/company\/"]}]},{"@type":"ImageObject","inLanguage":"pl-PL","@id":"https:\/\/www.evcargo.com\/th\/company\/#primaryimage","url":"https:\/\/www.evcargo.com\/wp-content\/uploads\/2021\/07\/14639-089-1-1.jpg","contentUrl":"https:\/\/www.evcargo.com\/wp-content\/uploads\/2021\/07\/14639-089-1-1.jpg","width":2400,"height":1600},{"@type":"WebSite","@id":"https:\/\/www.evcargo.com\/de\/#website","url":"https:\/\/www.evcargo.com\/de\/","name":"\u0141adunek EV","description":"","publisher":{"@id":"https:\/\/www.evcargo.com\/de\/#organization"},"potentialAction":[{"@type":"SearchAction","target":{"@type":"EntryPoint","urlTemplate":"https:\/\/www.evcargo.com\/de\/?s={search_term_string}"},"query-input":{"@type":"PropertyValueSpecification","valueRequired":true,"valueName":"search_term_string"}}],"inLanguage":"pl-PL"},{"@type":"Organization","@id":"https:\/\/www.evcargo.com\/de\/#organization","name":"\u0141adunek EV","alternateName":"EVC","url":"https:\/\/www.evcargo.com\/de\/","logo":{"@type":"ImageObject","inLanguage":"pl-PL","@id":"https:\/\/www.evcargo.com\/de\/#\/schema\/logo\/image\/","url":"https:\/\/www.evcargo.com\/wp-content\/uploads\/2025\/02\/ev-cargo-logo.png","contentUrl":"https:\/\/www.evcargo.com\/wp-content\/uploads\/2025\/02\/ev-cargo-logo.png","width":364,"height":78,"caption":"EV Cargo"},"image":{"@id":"https:\/\/www.evcargo.com\/de\/#\/schema\/logo\/image\/"}}]}},"_links":{"self":[{"href":"https:\/\/www.evcargo.com\/pl\/wp-json\/wp\/v2\/pages\/1451","targetHints":{"allow":["GET"]}}],"collection":[{"href":"https:\/\/www.evcargo.com\/pl\/wp-json\/wp\/v2\/pages"}],"about":[{"href":"https:\/\/www.evcargo.com\/pl\/wp-json\/wp\/v2\/types\/page"}],"author":[{"embeddable":true,"href":"https:\/\/www.evcargo.com\/pl\/wp-json\/wp\/v2\/users\/9"}],"replies":[{"embeddable":true,"href":"https:\/\/www.evcargo.com\/pl\/wp-json\/wp\/v2\/comments?post=1451"}],"version-history":[{"count":0,"href":"https:\/\/www.evcargo.com\/pl\/wp-json\/wp\/v2\/pages\/1451\/revisions"}],"wp:featuredmedia":[{"embeddable":true,"href":"https:\/\/www.evcargo.com\/pl\/wp-json\/wp\/v2\/media\/98257"}],"wp:attachment":[{"href":"https:\/\/www.evcargo.com\/pl\/wp-json\/wp\/v2\/media?parent=1451"}],"curies":[{"name":"wp","href":"https:\/\/api.w.org\/{rel}","templated":true}]}}