{"id":2133,"date":"2021-06-16T14:24:59","date_gmt":"2021-06-16T13:24:59","guid":{"rendered":"https:\/\/evc.extramilecommunications.dev\/?page_id=2133"},"modified":"2026-01-05T10:22:58","modified_gmt":"2026-01-05T10:22:58","slug":"tax-strategy","status":"publish","type":"page","link":"https:\/\/www.evcargo.com\/pl\/policies-and-statements\/tax-strategy\/","title":{"rendered":"Strategia podatkowa"},"content":{"rendered":"<section  class=\"small-banner white-text\" style=\"background-image: url(https:\/\/www.evcargo.com\/wp-content\/uploads\/2021\/07\/500-x-700px-Image-Only-1200x318.jpg); \">\n\n\t<div class=\"container-fluid\">\n\n\t\t<h1>Strategia podatkowa<\/h1>\n\t<\/div>\n\n<\/section>\n\n<div class=\"breadcrumbs\" typeof=\"BreadcrumbList\" vocab=\"https:\/\/schema.org\/\">\n\t<div class=\"container-fluid\">\n\n\t\t<span property=\"itemListElement\" typeof=\"ListItem\"><a property=\"item\" typeof=\"WebPage\" title=\"Przejd\u017a do EV Cargo.\" href=\"https:\/\/www.evcargo.com\/pl\" class=\"home\" aria-current=\"page\"><span property=\"name\">\u0141adunek EV<\/span><\/a><meta property=\"position\" content=\"1\"><\/span>\t<\/div>\n<\/div>\n\n\n<section  class=\"wysiwyg\">\n\n\t<div class=\"container-fluid\">\n\n\t<p><strong>Niniejsza strategia zosta\u0142a sporz\u0105dzona zgodnie z wymogami paragrafu 19(2) cz\u0119\u015bci 2 za\u0142\u0105cznika 19 ustawy o finansach z 2016 r. w odniesieniu do okresu zako\u0144czonego 31 grudnia 2025 r. i ma zastosowanie do wszystkich sp\u00f3\u0142ek z siedzib\u0105 w Wielkiej Brytanii wchodz\u0105cych w sk\u0142ad EV Cargo Group, do kt\u00f3rej nale\u017c\u0105 EV Cargo Group Limited, EVCH Property Limited, Azaleos Holdings Limited oraz wszystkie odpowiednie sp\u00f3\u0142ki zale\u017cne.<\/strong><\/p>\n<p>Nasza polityka podatkowa sk\u0142ada si\u0119 z pi\u0119ciu kluczowych element\u00f3w:<\/p>\n<h3>Zaanga\u017cowanie w zgodno\u015b\u0107<\/h3>\n<p>Jeste\u015bmy zobowi\u0105zani do przestrzegania prawa podatkowego i praktyki podatkowej w Wielkiej Brytanii. Zgodno\u015b\u0107 oznacza dla nas p\u0142acenie w\u0142a\u015bciwej kwoty podatku we w\u0142a\u015bciwym miejscu i we w\u0142a\u015bciwym czasie. Obejmuje to ujawnianie wszystkich istotnych fakt\u00f3w i okoliczno\u015bci organom podatkowym oraz ubieganie si\u0119 o ulgi i zach\u0119ty, je\u015bli s\u0105 dost\u0119pne.<\/p>\n<h3>Odpowiedzialne podej\u015bcie do za\u0142atwiania naszych spraw podatkowych<\/h3>\n<p>Strukturuj\u0105c nasze dzia\u0142ania komercyjne, b\u0119dziemy bra\u0107 pod uwag\u0119 \u2013 mi\u0119dzy innymi \u2013 przepisy podatkowe kraj\u00f3w, w kt\u00f3rych dzia\u0142amy, w celu maksymalizacji warto\u015bci na zr\u00f3wnowa\u017conej podstawie dla naszych udzia\u0142owc\u00f3w lub pracownik\u00f3w. Wszelkie podejmowane struktury b\u0119d\u0105 mia\u0142y komercyjn\u0105 i ekonomiczn\u0105 istot\u0119 i b\u0119d\u0105 w pe\u0142ni uwzgl\u0119dnia\u0107 potencjalny wp\u0142yw na nasz\u0105 reputacj\u0119 i szersze cele. Nie b\u0119dziemy wprowadza\u0107 \u017cadnych ustale\u0144, kt\u00f3re s\u0105 sztuczne lub wymy\u015blone.<\/p>\n<h3>Skuteczne zarz\u0105dzanie ryzykiem<\/h3>\n<p>Bior\u0105c pod uwag\u0119 skal\u0119 naszej dzia\u0142alno\u015bci i wysoko\u015b\u0107 zobowi\u0105za\u0144 podatkowych, ryzyko zwi\u0105zane z interpretacj\u0105 skomplikowanego prawa podatkowego oraz charakterem naszych ustale\u0144 dotycz\u0105cych zgodno\u015bci z przepisami b\u0119dzie nieuchronnie pojawia\u0107 si\u0119 od czasu do czasu. Aktywnie d\u0105\u017cymy do identyfikacji, oceny, monitorowania i zarz\u0105dzania tymi ryzykami, aby zapewni\u0107 ich zgodno\u015b\u0107 z naszymi celami. W przypadku znacznej niepewno\u015bci lub z\u0142o\u017cono\u015bci ryzyka, b\u0119dziemy korzysta\u0107 z doradztwa zewn\u0119trznego. B\u0119dziemy aktywnie wsp\u00f3\u0142pracowa\u0107 z doradcami zewn\u0119trznymi, aby zachowa\u0107 zgodno\u015b\u0107 z wszelkimi obowi\u0105zuj\u0105cymi przepisami podatkowymi. Nasza og\u00f3lna sk\u0142onno\u015b\u0107 do podejmowania ryzyka podatkowego jest niska.<\/p>\n<h3>Konstruktywne podej\u015bcie do wsp\u00f3\u0142pracy z HMRC<\/h3>\n<p>Wsp\u00f3\u0142pracujemy z HMRC z uczciwo\u015bci\u0105, integralno\u015bci\u0105, szacunkiem i uczciwo\u015bci\u0105 oraz w duchu wsp\u00f3\u0142pracy w zakresie przestrzegania przepis\u00f3w. Gdziekolwiek jest to mo\u017cliwe, robimy to w czasie rzeczywistym, aby zminimalizowa\u0107 ryzyko podatkowe.<\/p>\n<h3>W\u0142asno\u015b\u0107 i nadz\u00f3r zarz\u0105du<\/h3>\n<p>Niniejsza polityka podatkowa jest zgodna z naszym Kodeksem Etycznym i zosta\u0142a zatwierdzona przez kadr\u0119 kierownicz\u0105 wy\u017cszego szczebla oraz Zarz\u0105d.<\/p>\n\n\t<\/div>\n\n<\/section>","protected":false},"excerpt":{"rendered":"<p>Jeste\u015bmy zobowi\u0105zani do przestrzegania prawa podatkowego i praktyki podatkowej w Wielkiej Brytanii. Zgodno\u015b\u0107 dla nas oznacza p\u0142acenie w\u0142a\u015bciwej kwoty podatku we w\u0142a\u015bciwym miejscu i we w\u0142a\u015bciwym czasie.<\/p>","protected":false},"author":9,"featured_media":2098,"parent":3722,"menu_order":0,"comment_status":"closed","ping_status":"closed","template":"","meta":{"_acf_changed":false,"footnotes":""},"class_list":["post-2133","page","type-page","status-publish","has-post-thumbnail","hentry"],"acf":[],"yoast_head":"<!-- This site is optimized with the Yoast SEO plugin v27.3 - https:\/\/yoast.com\/product\/yoast-seo-wordpress\/ -->\n<title>Tax Strategy | EV Cargo<\/title>\n<meta name=\"description\" content=\"This strategy is prepared in accordance with the requirements of Paragraph 19(2) Part 2 Schedule 19 Finance Act 2016 in relation to the period ended.\" \/>\n<meta name=\"robots\" content=\"index, follow, max-snippet:-1, max-image-preview:large, max-video-preview:-1\" \/>\n<link rel=\"canonical\" href=\"https:\/\/www.evcargo.com\/pl\/policies-and-statements\/tax-strategy\/\" \/>\n<meta property=\"og:locale\" content=\"pl_PL\" \/>\n<meta property=\"og:type\" content=\"article\" \/>\n<meta property=\"og:title\" content=\"Tax Strategy | EV Cargo\" \/>\n<meta property=\"og:description\" content=\"This strategy is prepared in accordance with the requirements of Paragraph 19(2) Part 2 Schedule 19 Finance Act 2016 in relation to the period ended.\" \/>\n<meta property=\"og:url\" content=\"https:\/\/www.evcargo.com\/pl\/policies-and-statements\/tax-strategy\/\" \/>\n<meta property=\"og:site_name\" content=\"EV Cargo\" \/>\n<meta property=\"article:modified_time\" content=\"2026-01-05T10:22:58+00:00\" \/>\n<meta property=\"og:image\" content=\"https:\/\/www.evcargo.com\/wp-content\/uploads\/2021\/06\/terms-and-conditions.jpg\" \/>\n\t<meta property=\"og:image:width\" content=\"1920\" \/>\n\t<meta property=\"og:image:height\" content=\"928\" \/>\n\t<meta property=\"og:image:type\" content=\"image\/jpeg\" \/>\n<meta name=\"twitter:card\" content=\"summary_large_image\" \/>\n<script type=\"application\/ld+json\" class=\"yoast-schema-graph\">{\"@context\":\"https:\\\/\\\/schema.org\",\"@graph\":[{\"@type\":\"WebPage\",\"@id\":\"https:\\\/\\\/www.evcargo.com\\\/policies-and-statements\\\/tax-strategy\\\/\",\"url\":\"https:\\\/\\\/www.evcargo.com\\\/policies-and-statements\\\/tax-strategy\\\/\",\"name\":\"Tax Strategy | EV Cargo\",\"isPartOf\":{\"@id\":\"https:\\\/\\\/www.evcargo.com\\\/de\\\/#website\"},\"primaryImageOfPage\":{\"@id\":\"https:\\\/\\\/www.evcargo.com\\\/policies-and-statements\\\/tax-strategy\\\/#primaryimage\"},\"image\":{\"@id\":\"https:\\\/\\\/www.evcargo.com\\\/policies-and-statements\\\/tax-strategy\\\/#primaryimage\"},\"thumbnailUrl\":\"https:\\\/\\\/www.evcargo.com\\\/wp-content\\\/uploads\\\/2021\\\/06\\\/terms-and-conditions.jpg\",\"datePublished\":\"2021-06-16T13:24:59+00:00\",\"dateModified\":\"2026-01-05T10:22:58+00:00\",\"description\":\"This strategy is prepared in accordance with the requirements of Paragraph 19(2) Part 2 Schedule 19 Finance Act 2016 in relation to the period ended.\",\"breadcrumb\":{\"@id\":\"https:\\\/\\\/www.evcargo.com\\\/policies-and-statements\\\/tax-strategy\\\/#breadcrumb\"},\"inLanguage\":\"pl-PL\",\"potentialAction\":[{\"@type\":\"ReadAction\",\"target\":[\"https:\\\/\\\/www.evcargo.com\\\/policies-and-statements\\\/tax-strategy\\\/\"]}]},{\"@type\":\"ImageObject\",\"inLanguage\":\"pl-PL\",\"@id\":\"https:\\\/\\\/www.evcargo.com\\\/policies-and-statements\\\/tax-strategy\\\/#primaryimage\",\"url\":\"https:\\\/\\\/www.evcargo.com\\\/wp-content\\\/uploads\\\/2021\\\/06\\\/terms-and-conditions.jpg\",\"contentUrl\":\"https:\\\/\\\/www.evcargo.com\\\/wp-content\\\/uploads\\\/2021\\\/06\\\/terms-and-conditions.jpg\",\"width\":1920,\"height\":928,\"caption\":\"EV Cargo courier in orange branded polo shirt delivering parcel\"},{\"@type\":\"BreadcrumbList\",\"@id\":\"https:\\\/\\\/www.evcargo.com\\\/policies-and-statements\\\/tax-strategy\\\/#breadcrumb\",\"itemListElement\":[{\"@type\":\"ListItem\",\"position\":1,\"name\":\"Policies and Statements\",\"item\":\"https:\\\/\\\/www.evcargo.com\\\/policies-and-statements\\\/\"},{\"@type\":\"ListItem\",\"position\":2,\"name\":\"Tax Strategy\"}]},{\"@type\":\"WebSite\",\"@id\":\"https:\\\/\\\/www.evcargo.com\\\/de\\\/#website\",\"url\":\"https:\\\/\\\/www.evcargo.com\\\/de\\\/\",\"name\":\"EV Cargo\",\"description\":\"\",\"publisher\":{\"@id\":\"https:\\\/\\\/www.evcargo.com\\\/de\\\/#organization\"},\"potentialAction\":[{\"@type\":\"SearchAction\",\"target\":{\"@type\":\"EntryPoint\",\"urlTemplate\":\"https:\\\/\\\/www.evcargo.com\\\/de\\\/?s={search_term_string}\"},\"query-input\":{\"@type\":\"PropertyValueSpecification\",\"valueRequired\":true,\"valueName\":\"search_term_string\"}}],\"inLanguage\":\"pl-PL\"},{\"@type\":\"Organization\",\"@id\":\"https:\\\/\\\/www.evcargo.com\\\/de\\\/#organization\",\"name\":\"EV Cargo\",\"alternateName\":\"EVC\",\"url\":\"https:\\\/\\\/www.evcargo.com\\\/de\\\/\",\"logo\":{\"@type\":\"ImageObject\",\"inLanguage\":\"pl-PL\",\"@id\":\"https:\\\/\\\/www.evcargo.com\\\/de\\\/#\\\/schema\\\/logo\\\/image\\\/\",\"url\":\"https:\\\/\\\/www.evcargo.com\\\/wp-content\\\/uploads\\\/2025\\\/02\\\/ev-cargo-logo.png\",\"contentUrl\":\"https:\\\/\\\/www.evcargo.com\\\/wp-content\\\/uploads\\\/2025\\\/02\\\/ev-cargo-logo.png\",\"width\":364,\"height\":78,\"caption\":\"EV Cargo\"},\"image\":{\"@id\":\"https:\\\/\\\/www.evcargo.com\\\/de\\\/#\\\/schema\\\/logo\\\/image\\\/\"}}]}<\/script>\n<!-- \/ Yoast SEO plugin. -->","yoast_head_json":{"title":"Strategia podatkowa | \u0141adunki elektryczne","description":"Strategi\u0119 t\u0119 przygotowano zgodnie z wymogami paragrafu 19(2) cz\u0119\u015bci 2 za\u0142\u0105cznika 19 ustawy o finansach z 2016 r. w odniesieniu do okresu zako\u0144czonego.","robots":{"index":"index","follow":"follow","max-snippet":"max-snippet:-1","max-image-preview":"max-image-preview:large","max-video-preview":"max-video-preview:-1"},"canonical":"https:\/\/www.evcargo.com\/pl\/policies-and-statements\/tax-strategy\/","og_locale":"pl_PL","og_type":"article","og_title":"Tax Strategy | EV Cargo","og_description":"This strategy is prepared in accordance with the requirements of Paragraph 19(2) Part 2 Schedule 19 Finance Act 2016 in relation to the period ended.","og_url":"https:\/\/www.evcargo.com\/pl\/policies-and-statements\/tax-strategy\/","og_site_name":"EV Cargo","article_modified_time":"2026-01-05T10:22:58+00:00","og_image":[{"width":1920,"height":928,"url":"https:\/\/www.evcargo.com\/wp-content\/uploads\/2021\/06\/terms-and-conditions.jpg","type":"image\/jpeg"}],"twitter_card":"summary_large_image","schema":{"@context":"https:\/\/schema.org","@graph":[{"@type":"WebPage","@id":"https:\/\/www.evcargo.com\/policies-and-statements\/tax-strategy\/","url":"https:\/\/www.evcargo.com\/policies-and-statements\/tax-strategy\/","name":"Strategia podatkowa | \u0141adunki elektryczne","isPartOf":{"@id":"https:\/\/www.evcargo.com\/de\/#website"},"primaryImageOfPage":{"@id":"https:\/\/www.evcargo.com\/policies-and-statements\/tax-strategy\/#primaryimage"},"image":{"@id":"https:\/\/www.evcargo.com\/policies-and-statements\/tax-strategy\/#primaryimage"},"thumbnailUrl":"https:\/\/www.evcargo.com\/wp-content\/uploads\/2021\/06\/terms-and-conditions.jpg","datePublished":"2021-06-16T13:24:59+00:00","dateModified":"2026-01-05T10:22:58+00:00","description":"Strategi\u0119 t\u0119 przygotowano zgodnie z wymogami paragrafu 19(2) cz\u0119\u015bci 2 za\u0142\u0105cznika 19 ustawy o finansach z 2016 r. w odniesieniu do okresu zako\u0144czonego.","breadcrumb":{"@id":"https:\/\/www.evcargo.com\/policies-and-statements\/tax-strategy\/#breadcrumb"},"inLanguage":"pl-PL","potentialAction":[{"@type":"ReadAction","target":["https:\/\/www.evcargo.com\/policies-and-statements\/tax-strategy\/"]}]},{"@type":"ImageObject","inLanguage":"pl-PL","@id":"https:\/\/www.evcargo.com\/policies-and-statements\/tax-strategy\/#primaryimage","url":"https:\/\/www.evcargo.com\/wp-content\/uploads\/2021\/06\/terms-and-conditions.jpg","contentUrl":"https:\/\/www.evcargo.com\/wp-content\/uploads\/2021\/06\/terms-and-conditions.jpg","width":1920,"height":928,"caption":"EV Cargo courier in orange branded polo shirt delivering parcel"},{"@type":"BreadcrumbList","@id":"https:\/\/www.evcargo.com\/policies-and-statements\/tax-strategy\/#breadcrumb","itemListElement":[{"@type":"ListItem","position":1,"name":"Policies and Statements","item":"https:\/\/www.evcargo.com\/policies-and-statements\/"},{"@type":"ListItem","position":2,"name":"Tax Strategy"}]},{"@type":"WebSite","@id":"https:\/\/www.evcargo.com\/de\/#website","url":"https:\/\/www.evcargo.com\/de\/","name":"\u0141adunek EV","description":"","publisher":{"@id":"https:\/\/www.evcargo.com\/de\/#organization"},"potentialAction":[{"@type":"SearchAction","target":{"@type":"EntryPoint","urlTemplate":"https:\/\/www.evcargo.com\/de\/?s={search_term_string}"},"query-input":{"@type":"PropertyValueSpecification","valueRequired":true,"valueName":"search_term_string"}}],"inLanguage":"pl-PL"},{"@type":"Organization","@id":"https:\/\/www.evcargo.com\/de\/#organization","name":"\u0141adunek EV","alternateName":"EVC","url":"https:\/\/www.evcargo.com\/de\/","logo":{"@type":"ImageObject","inLanguage":"pl-PL","@id":"https:\/\/www.evcargo.com\/de\/#\/schema\/logo\/image\/","url":"https:\/\/www.evcargo.com\/wp-content\/uploads\/2025\/02\/ev-cargo-logo.png","contentUrl":"https:\/\/www.evcargo.com\/wp-content\/uploads\/2025\/02\/ev-cargo-logo.png","width":364,"height":78,"caption":"EV Cargo"},"image":{"@id":"https:\/\/www.evcargo.com\/de\/#\/schema\/logo\/image\/"}}]}},"_links":{"self":[{"href":"https:\/\/www.evcargo.com\/pl\/wp-json\/wp\/v2\/pages\/2133","targetHints":{"allow":["GET"]}}],"collection":[{"href":"https:\/\/www.evcargo.com\/pl\/wp-json\/wp\/v2\/pages"}],"about":[{"href":"https:\/\/www.evcargo.com\/pl\/wp-json\/wp\/v2\/types\/page"}],"author":[{"embeddable":true,"href":"https:\/\/www.evcargo.com\/pl\/wp-json\/wp\/v2\/users\/9"}],"replies":[{"embeddable":true,"href":"https:\/\/www.evcargo.com\/pl\/wp-json\/wp\/v2\/comments?post=2133"}],"version-history":[{"count":2,"href":"https:\/\/www.evcargo.com\/pl\/wp-json\/wp\/v2\/pages\/2133\/revisions"}],"predecessor-version":[{"id":293993,"href":"https:\/\/www.evcargo.com\/pl\/wp-json\/wp\/v2\/pages\/2133\/revisions\/293993"}],"up":[{"embeddable":true,"href":"https:\/\/www.evcargo.com\/pl\/wp-json\/wp\/v2\/pages\/3722"}],"wp:featuredmedia":[{"embeddable":true,"href":"https:\/\/www.evcargo.com\/pl\/wp-json\/wp\/v2\/media\/2098"}],"wp:attachment":[{"href":"https:\/\/www.evcargo.com\/pl\/wp-json\/wp\/v2\/media?parent=2133"}],"curies":[{"name":"wp","href":"https:\/\/api.w.org\/{rel}","templated":true}]}}