{"id":251614,"date":"2025-05-28T09:36:44","date_gmt":"2025-05-28T08:36:44","guid":{"rendered":"https:\/\/www.evcargo.com\/en\/?page_id=251614"},"modified":"2025-05-28T09:40:18","modified_gmt":"2025-05-28T08:40:18","slug":"singapore-security-policy","status":"publish","type":"page","link":"https:\/\/www.evcargo.com\/pl\/policies-and-statements\/singapore-security-policy\/","title":{"rendered":"Polityka bezpiecze\u0144stwa Singapuru"},"content":{"rendered":"<section  class=\"small-banner\" style=\" background-color:#D8D8D8 \">\n\n\t<div class=\"container-fluid\">\n\n\t\t<h1>Polityka bezpiecze\u0144stwa Singapuru<\/h1>\n\t<\/div>\n\n<\/section>\n\n<div class=\"breadcrumbs\" typeof=\"BreadcrumbList\" vocab=\"https:\/\/schema.org\/\">\n\t<div class=\"container-fluid\">\n\n\t\t<span property=\"itemListElement\" typeof=\"ListItem\"><a property=\"item\" typeof=\"WebPage\" title=\"Przejd\u017a do EV Cargo.\" href=\"https:\/\/www.evcargo.com\/pl\" class=\"home\" aria-current=\"page\"><span property=\"name\">\u0141adunek EV<\/span><\/a><meta property=\"position\" content=\"1\"><\/span>\t<\/div>\n<\/div>\n\n\n<section  class=\"wysiwyg\">\n\n\t<div class=\"container-fluid\">\n\n\t<h3>Firma EV CARGO GLOBAL FORWARDING PTE LTD jest zaanga\u017cowana w bezpiecze\u0144stwo \u0142a\u0144cucha dostaw w ramach swojej organizacji i operacji globalnych. Zobowi\u0105zujemy si\u0119 chroni\u0107 naszych pracownik\u00f3w, maj\u0105tek, informacje, reputacj\u0119 i aktywa klient\u00f3w przed wszystkimi potencjalnymi zagro\u017ceniami bezpiecze\u0144stwa. Polityka ta opiera si\u0119 na misji firmy, jej podstawowych warto\u015bciach, kodeksie post\u0119powania, etyce biznesowej i standardach bezpiecze\u0144stwa.<\/h3>\n<p>Wszystkie dzia\u0142ania w zakresie bezpiecze\u0144stwa musz\u0105 by\u0107 zgodne z og\u00f3lnymi zasadami okre\u015blonymi poni\u017cej:<\/p>\n<ul>\n<li>Wszyscy pracownicy i kontrahenci musz\u0105 zawsze by\u0107 \u015bwiadomi i bra\u0107 odpowiedzialno\u015b\u0107 za aspekty bezpiecze\u0144stwa dzia\u0142alno\u015bci biznesowej firmy;<\/li>\n<li>Nale\u017cy regularnie przeprowadza\u0107 analiz\u0119 zagro\u017ce\u0144 i ocen\u0119 ryzyka;<\/li>\n<li>Procedury i wytyczne bezpiecze\u0144stwa powinny by\u0107 p\u0142ynnie zintegrowane z dzia\u0142alno\u015bci\u0105 biznesow\u0105;<\/li>\n<li>\u201eZapobieganie incydentom\u201d musi by\u0107 priorytetem;<\/li>\n<li>Nale\u017cy opracowa\u0107 i przetestowa\u0107 plany reagowania, aby m\u00f3c szybko i skutecznie reagowa\u0107 na ocenione ryzyka;<\/li>\n<li>\u015arodki i procedury bezpiecze\u0144stwa musz\u0105 podlega\u0107 regularnym kontrolom, walidacji i weryfikacji przez kierownictwo, aby utrzyma\u0107 wysokie standardy bezpiecze\u0144stwa w operacjach firmy na ca\u0142ym \u015bwiecie;<\/li>\n<li>Poziom profesjonalizmu, wiedzy i uczciwo\u015bci personelu zajmuj\u0105cego si\u0119 kwestiami bezpiecze\u0144stwa musi by\u0107 \u015bci\u015ble kontrolowany;<\/li>\n<li>Nale\u017cy opracowa\u0107 i wdro\u017cy\u0107 odpowiednie plany szkole\u0144, procedury kontroli klient\u00f3w, rekrutacji, zawierania um\u00f3w i rozwi\u0105zywania um\u00f3w;<\/li>\n<li>Wszystkie incydenty, w tym naruszenia bezpiecze\u0144stwa i nieprawid\u0142owo\u015bci, musz\u0105 by\u0107 zg\u0142aszane i dokumentowane. Nale\u017cy podejmowa\u0107 dzia\u0142ania naprawcze i monitorowa\u0107 je poprzez regularne weryfikacje w celu poprawy og\u00f3lnego standardu bezpiecze\u0144stwa.<\/li>\n<\/ul>\n<p>Niniejsza polityka zosta\u0142a zatwierdzona przez EV CARGO GLOBAL FORWARDING PTE LTD. B\u0119dzie ona corocznie weryfikowana i, w razie potrzeby, aktualizowana, aby zapewni\u0107 jej aktualno\u015b\u0107. Zostanie ona opublikowana na stronie internetowej naszej firmy. Dzi\u0119kujemy wszystkim naszym wsp\u00f3\u0142pracownikom za wk\u0142ad w realizacj\u0119 przez EV CARGO GLOBAL FORWARDING PTE LTD naszych cel\u00f3w w zakresie bezpiecze\u0144stwa i zarz\u0105dzania.<\/p>\n<p><img loading=\"lazy\" decoding=\"async\" class=\"alignnone size-medium wp-image-251615\" src=\"https:\/\/www.evcargo.com\/en\/wp-content\/uploads\/2025\/05\/Marcus-Chng-300x149.png\" alt=\"\" width=\"300\" height=\"149\" srcset=\"https:\/\/www.evcargo.com\/wp-content\/uploads\/2025\/05\/Marcus-Chng-300x149.png 300w, https:\/\/www.evcargo.com\/wp-content\/uploads\/2025\/05\/Marcus-Chng-18x9.png 18w, https:\/\/www.evcargo.com\/wp-content\/uploads\/2025\/05\/Marcus-Chng.png 308w\" sizes=\"auto, (max-width: 300px) 100vw, 300px\" \/><\/p>\n<p>Imi\u0119: MARCUS CHNG<br \/>\nStanowisko: DYREKTOR WYKONAWCZY, SE ASI<\/p>\n\n\t<\/div>\n\n<\/section>","protected":false},"excerpt":{"rendered":"<p>\u0141ap\u00f3wkarstwo jest form\u0105 korupcji. M\u00f3wi\u0105c najpro\u015bciej, korupcja to nadu\u017cycie powierzonej w\u0142adzy dla prywatnych korzy\u015bci.<\/p>","protected":false},"author":9,"featured_media":98559,"parent":3722,"menu_order":0,"comment_status":"closed","ping_status":"closed","template":"","meta":{"_acf_changed":false,"footnotes":""},"class_list":["post-251614","page","type-page","status-publish","has-post-thumbnail","hentry"],"acf":[],"yoast_head":"<!-- This site is optimized with the Yoast SEO plugin v27.3 - https:\/\/yoast.com\/product\/yoast-seo-wordpress\/ -->\n<title>Singapore Security Policy - EV Cargo<\/title>\n<meta name=\"robots\" content=\"index, follow, max-snippet:-1, max-image-preview:large, max-video-preview:-1\" \/>\n<link rel=\"canonical\" href=\"https:\/\/www.evcargo.com\/pl\/policies-and-statements\/singapore-security-policy\/\" \/>\n<meta property=\"og:locale\" content=\"pl_PL\" \/>\n<meta property=\"og:type\" content=\"article\" \/>\n<meta property=\"og:title\" content=\"Singapore Security Policy - EV Cargo\" \/>\n<meta property=\"og:description\" content=\"Bribery is a form of corruption. Defined simply, corruption is the misuse of entrusted power for private benefit.\" \/>\n<meta property=\"og:url\" content=\"https:\/\/www.evcargo.com\/pl\/policies-and-statements\/singapore-security-policy\/\" \/>\n<meta property=\"og:site_name\" content=\"EV Cargo\" \/>\n<meta property=\"article:modified_time\" content=\"2025-05-28T08:40:18+00:00\" \/>\n<meta property=\"og:image\" content=\"https:\/\/www.evcargo.com\/wp-content\/uploads\/2021\/07\/Banners-2021-07-12T171245.891.png\" \/>\n\t<meta property=\"og:image:width\" content=\"1200\" \/>\n\t<meta property=\"og:image:height\" content=\"500\" \/>\n\t<meta property=\"og:image:type\" content=\"image\/png\" \/>\n<meta name=\"twitter:card\" content=\"summary_large_image\" \/>\n<script type=\"application\/ld+json\" class=\"yoast-schema-graph\">{\"@context\":\"https:\\\/\\\/schema.org\",\"@graph\":[{\"@type\":\"WebPage\",\"@id\":\"https:\\\/\\\/www.evcargo.com\\\/policies-and-statements\\\/singapore-security-policy\\\/\",\"url\":\"https:\\\/\\\/www.evcargo.com\\\/policies-and-statements\\\/singapore-security-policy\\\/\",\"name\":\"Singapore Security Policy - EV Cargo\",\"isPartOf\":{\"@id\":\"https:\\\/\\\/www.evcargo.com\\\/de\\\/#website\"},\"primaryImageOfPage\":{\"@id\":\"https:\\\/\\\/www.evcargo.com\\\/policies-and-statements\\\/singapore-security-policy\\\/#primaryimage\"},\"image\":{\"@id\":\"https:\\\/\\\/www.evcargo.com\\\/policies-and-statements\\\/singapore-security-policy\\\/#primaryimage\"},\"thumbnailUrl\":\"https:\\\/\\\/www.evcargo.com\\\/wp-content\\\/uploads\\\/2021\\\/07\\\/Banners-2021-07-12T171245.891.png\",\"datePublished\":\"2025-05-28T08:36:44+00:00\",\"dateModified\":\"2025-05-28T08:40:18+00:00\",\"breadcrumb\":{\"@id\":\"https:\\\/\\\/www.evcargo.com\\\/policies-and-statements\\\/singapore-security-policy\\\/#breadcrumb\"},\"inLanguage\":\"pl-PL\",\"potentialAction\":[{\"@type\":\"ReadAction\",\"target\":[\"https:\\\/\\\/www.evcargo.com\\\/policies-and-statements\\\/singapore-security-policy\\\/\"]}]},{\"@type\":\"ImageObject\",\"inLanguage\":\"pl-PL\",\"@id\":\"https:\\\/\\\/www.evcargo.com\\\/policies-and-statements\\\/singapore-security-policy\\\/#primaryimage\",\"url\":\"https:\\\/\\\/www.evcargo.com\\\/wp-content\\\/uploads\\\/2021\\\/07\\\/Banners-2021-07-12T171245.891.png\",\"contentUrl\":\"https:\\\/\\\/www.evcargo.com\\\/wp-content\\\/uploads\\\/2021\\\/07\\\/Banners-2021-07-12T171245.891.png\",\"width\":1200,\"height\":500},{\"@type\":\"BreadcrumbList\",\"@id\":\"https:\\\/\\\/www.evcargo.com\\\/policies-and-statements\\\/singapore-security-policy\\\/#breadcrumb\",\"itemListElement\":[{\"@type\":\"ListItem\",\"position\":1,\"name\":\"Policies and Statements\",\"item\":\"https:\\\/\\\/www.evcargo.com\\\/policies-and-statements\\\/\"},{\"@type\":\"ListItem\",\"position\":2,\"name\":\"Singapore Security Policy\"}]},{\"@type\":\"WebSite\",\"@id\":\"https:\\\/\\\/www.evcargo.com\\\/de\\\/#website\",\"url\":\"https:\\\/\\\/www.evcargo.com\\\/de\\\/\",\"name\":\"EV Cargo\",\"description\":\"\",\"publisher\":{\"@id\":\"https:\\\/\\\/www.evcargo.com\\\/de\\\/#organization\"},\"potentialAction\":[{\"@type\":\"SearchAction\",\"target\":{\"@type\":\"EntryPoint\",\"urlTemplate\":\"https:\\\/\\\/www.evcargo.com\\\/de\\\/?s={search_term_string}\"},\"query-input\":{\"@type\":\"PropertyValueSpecification\",\"valueRequired\":true,\"valueName\":\"search_term_string\"}}],\"inLanguage\":\"pl-PL\"},{\"@type\":\"Organization\",\"@id\":\"https:\\\/\\\/www.evcargo.com\\\/de\\\/#organization\",\"name\":\"EV Cargo\",\"alternateName\":\"EVC\",\"url\":\"https:\\\/\\\/www.evcargo.com\\\/de\\\/\",\"logo\":{\"@type\":\"ImageObject\",\"inLanguage\":\"pl-PL\",\"@id\":\"https:\\\/\\\/www.evcargo.com\\\/de\\\/#\\\/schema\\\/logo\\\/image\\\/\",\"url\":\"https:\\\/\\\/www.evcargo.com\\\/wp-content\\\/uploads\\\/2025\\\/02\\\/ev-cargo-logo.png\",\"contentUrl\":\"https:\\\/\\\/www.evcargo.com\\\/wp-content\\\/uploads\\\/2025\\\/02\\\/ev-cargo-logo.png\",\"width\":364,\"height\":78,\"caption\":\"EV Cargo\"},\"image\":{\"@id\":\"https:\\\/\\\/www.evcargo.com\\\/de\\\/#\\\/schema\\\/logo\\\/image\\\/\"}}]}<\/script>\n<!-- \/ Yoast SEO plugin. -->","yoast_head_json":{"title":"Polityka bezpiecze\u0144stwa Singapuru \u2013 EV Cargo","robots":{"index":"index","follow":"follow","max-snippet":"max-snippet:-1","max-image-preview":"max-image-preview:large","max-video-preview":"max-video-preview:-1"},"canonical":"https:\/\/www.evcargo.com\/pl\/policies-and-statements\/singapore-security-policy\/","og_locale":"pl_PL","og_type":"article","og_title":"Singapore Security Policy - EV Cargo","og_description":"Bribery is a form of corruption. Defined simply, corruption is the misuse of entrusted power for private benefit.","og_url":"https:\/\/www.evcargo.com\/pl\/policies-and-statements\/singapore-security-policy\/","og_site_name":"EV Cargo","article_modified_time":"2025-05-28T08:40:18+00:00","og_image":[{"width":1200,"height":500,"url":"https:\/\/www.evcargo.com\/wp-content\/uploads\/2021\/07\/Banners-2021-07-12T171245.891.png","type":"image\/png"}],"twitter_card":"summary_large_image","schema":{"@context":"https:\/\/schema.org","@graph":[{"@type":"WebPage","@id":"https:\/\/www.evcargo.com\/policies-and-statements\/singapore-security-policy\/","url":"https:\/\/www.evcargo.com\/policies-and-statements\/singapore-security-policy\/","name":"Polityka bezpiecze\u0144stwa Singapuru \u2013 EV Cargo","isPartOf":{"@id":"https:\/\/www.evcargo.com\/de\/#website"},"primaryImageOfPage":{"@id":"https:\/\/www.evcargo.com\/policies-and-statements\/singapore-security-policy\/#primaryimage"},"image":{"@id":"https:\/\/www.evcargo.com\/policies-and-statements\/singapore-security-policy\/#primaryimage"},"thumbnailUrl":"https:\/\/www.evcargo.com\/wp-content\/uploads\/2021\/07\/Banners-2021-07-12T171245.891.png","datePublished":"2025-05-28T08:36:44+00:00","dateModified":"2025-05-28T08:40:18+00:00","breadcrumb":{"@id":"https:\/\/www.evcargo.com\/policies-and-statements\/singapore-security-policy\/#breadcrumb"},"inLanguage":"pl-PL","potentialAction":[{"@type":"ReadAction","target":["https:\/\/www.evcargo.com\/policies-and-statements\/singapore-security-policy\/"]}]},{"@type":"ImageObject","inLanguage":"pl-PL","@id":"https:\/\/www.evcargo.com\/policies-and-statements\/singapore-security-policy\/#primaryimage","url":"https:\/\/www.evcargo.com\/wp-content\/uploads\/2021\/07\/Banners-2021-07-12T171245.891.png","contentUrl":"https:\/\/www.evcargo.com\/wp-content\/uploads\/2021\/07\/Banners-2021-07-12T171245.891.png","width":1200,"height":500},{"@type":"BreadcrumbList","@id":"https:\/\/www.evcargo.com\/policies-and-statements\/singapore-security-policy\/#breadcrumb","itemListElement":[{"@type":"ListItem","position":1,"name":"Policies and Statements","item":"https:\/\/www.evcargo.com\/policies-and-statements\/"},{"@type":"ListItem","position":2,"name":"Singapore Security Policy"}]},{"@type":"WebSite","@id":"https:\/\/www.evcargo.com\/de\/#website","url":"https:\/\/www.evcargo.com\/de\/","name":"\u0141adunek EV","description":"","publisher":{"@id":"https:\/\/www.evcargo.com\/de\/#organization"},"potentialAction":[{"@type":"SearchAction","target":{"@type":"EntryPoint","urlTemplate":"https:\/\/www.evcargo.com\/de\/?s={search_term_string}"},"query-input":{"@type":"PropertyValueSpecification","valueRequired":true,"valueName":"search_term_string"}}],"inLanguage":"pl-PL"},{"@type":"Organization","@id":"https:\/\/www.evcargo.com\/de\/#organization","name":"\u0141adunek EV","alternateName":"EVC","url":"https:\/\/www.evcargo.com\/de\/","logo":{"@type":"ImageObject","inLanguage":"pl-PL","@id":"https:\/\/www.evcargo.com\/de\/#\/schema\/logo\/image\/","url":"https:\/\/www.evcargo.com\/wp-content\/uploads\/2025\/02\/ev-cargo-logo.png","contentUrl":"https:\/\/www.evcargo.com\/wp-content\/uploads\/2025\/02\/ev-cargo-logo.png","width":364,"height":78,"caption":"EV Cargo"},"image":{"@id":"https:\/\/www.evcargo.com\/de\/#\/schema\/logo\/image\/"}}]}},"_links":{"self":[{"href":"https:\/\/www.evcargo.com\/pl\/wp-json\/wp\/v2\/pages\/251614","targetHints":{"allow":["GET"]}}],"collection":[{"href":"https:\/\/www.evcargo.com\/pl\/wp-json\/wp\/v2\/pages"}],"about":[{"href":"https:\/\/www.evcargo.com\/pl\/wp-json\/wp\/v2\/types\/page"}],"author":[{"embeddable":true,"href":"https:\/\/www.evcargo.com\/pl\/wp-json\/wp\/v2\/users\/9"}],"replies":[{"embeddable":true,"href":"https:\/\/www.evcargo.com\/pl\/wp-json\/wp\/v2\/comments?post=251614"}],"version-history":[{"count":3,"href":"https:\/\/www.evcargo.com\/pl\/wp-json\/wp\/v2\/pages\/251614\/revisions"}],"predecessor-version":[{"id":251618,"href":"https:\/\/www.evcargo.com\/pl\/wp-json\/wp\/v2\/pages\/251614\/revisions\/251618"}],"up":[{"embeddable":true,"href":"https:\/\/www.evcargo.com\/pl\/wp-json\/wp\/v2\/pages\/3722"}],"wp:featuredmedia":[{"embeddable":true,"href":"https:\/\/www.evcargo.com\/pl\/wp-json\/wp\/v2\/media\/98559"}],"wp:attachment":[{"href":"https:\/\/www.evcargo.com\/pl\/wp-json\/wp\/v2\/media?parent=251614"}],"curies":[{"name":"wp","href":"https:\/\/api.w.org\/{rel}","templated":true}]}}