{"id":3722,"date":"2021-07-12T14:41:41","date_gmt":"2021-07-12T13:41:41","guid":{"rendered":"https:\/\/evc.extramilecommunications.dev\/?page_id=3722"},"modified":"2025-11-20T10:52:22","modified_gmt":"2025-11-20T10:52:22","slug":"policies-and-statements","status":"publish","type":"page","link":"https:\/\/www.evcargo.com\/pl\/policies-and-statements\/","title":{"rendered":"Polityki i o\u015bwiadczenia"},"content":{"rendered":"<section  class=\"hero-block bg-light\" data-aos=\"fade\" style=\"background-image: url();\">\n\n\t<div class=\"container-fluid\">\n\n\t\t<div class=\"hero-block__titles\">\n\n\t\t\t<h1>Polityki i o\u015bwiadczenia<\/h1>\t\t\t\t\t\t\t\t\t\t\t\t<div class=\"wysiwyg\"><p>Poni\u017cej znajdziesz wszystkie nasze zasady i o\u015bwiadczenia pokazuj\u0105ce pe\u0142n\u0105 przejrzysto\u015b\u0107 naszego stanowiska w EV Cargo. Dzi\u0119ki naszym zasadom narzucamy wysokie standardy, aby zapewni\u0107 wysok\u0105 wydajno\u015b\u0107 i jako\u015b\u0107 zar\u00f3wno naszym us\u0142ugom, jak i wsp\u00f3\u0142pracownikom.<\/p>\n<\/div>\t\t\t\t\t<\/div>\n\t\t\n\n\t\t        \n\t\t\t\t\t<div class=\"hero-block__blocks row\">\n\n                        \t\t\t\t\t\t\n\n\t\t            \n\t\t\t\t\t\t\t\t\t\t\t\t\n\t\t\t\t\t    \n\n\t\t\t\t\t\t\t\t\t\t\t\t\t\t\t\t\t\t\n\n\n\n\t\t            \t<div class=\"hero-block__blocks__col col-md-6\">\n\n\t            \t\t\t<div class=\"hero-block__blocks__col__bg\"  style=\"background-image: url(https:\/\/www.evcargo.com\/wp-content\/uploads\/2021\/07\/Banners-2021-07-12T171245.891-539x387.png);  \"><\/div>\n\n\t\t\t\t\t\t\t<div class=\"hero-block__blocks__col__wrap\">\n                                <div class=\"content-container\">\n    \t\t\t\t\t\t\t\t<h4>Przeciwdzia\u0142anie przekupstwu i korupcji<\/h4>    \t\t\t\t\t\t\t\t<div class=\"hover\">\n\t\t\t\t\t\t\t\t\t\t\t\t\t\t\t\t\t\t\t\t\t\t\t<p>Przekupstwo jest form\u0105 korupcji. W uproszczeniu korupcja to nadu\u017cycie powierzonej w\u0142adzy\u2026<\/p>\n\t\t\t\t\t\t\t\t\t\t\t    \t\t\t\t\t\t\t\t\t        \t\t\t\t\t\t\t\t\t<a href=\"https:\/\/www.evcargo.com\/wp-content\/uploads\/2025\/04\/GB_ET_POL_0002-Anti-Bribery-and-Corruption-Policy.pdf\" target=\"_self\" class=\"btn green-btn\">\n        \t\t\t\t\t\t\t\t\t\tDowiedz si\u0119 wi\u0119cej        \t\t\t\t\t\t\t\t\t<\/a>\n    \t\t\t\t\t\t\t\t\t    \t\t\t\t\t\t\t\t<\/div>\n    \t\t\t\t\t\t\t<\/div>\n\n\n\t\t\t\t\t\t\t<\/div>\n\n\t\t\t\t\t\t<\/div>\n\n\n\t\t            \n\t\t\t\t\t\t\t\t\t\t\t\t\n\t\t\t\t\t    \n\n\t\t\t\t\t\t\t\t\t\t\t\t\t\t\t\t\t\t\n\n\n\n\t\t            \t<div class=\"hero-block__blocks__col col-md-6\">\n\n\t            \t\t\t<div class=\"hero-block__blocks__col__bg\"  style=\"background-image: url(https:\/\/www.evcargo.com\/wp-content\/uploads\/2021\/07\/complicane-background-539x387.jpg);  \"><\/div>\n\n\t\t\t\t\t\t\t<div class=\"hero-block__blocks__col__wrap\">\n                                <div class=\"content-container\">\n    \t\t\t\t\t\t\t\t<h4>Deklaracja Polityki Zintegrowanych System\u00f3w Zarz\u0105dzania<\/h4>    \t\t\t\t\t\t\t\t<div class=\"hover\">\n\t\t\t\t\t\t\t\t\t\t\t\t\t\t\t\t\t\t\t\t\t\t\t<p>Jako organizacja zajmuj\u0105ca si\u0119 \u0142a\u0144cuchem dostaw i spedycj\u0105, EV Cargo Global Forwarding dostrzega znaczenie\u2026<\/p>\n\t\t\t\t\t\t\t\t\t\t\t    \t\t\t\t\t\t\t\t\t        \t\t\t\t\t\t\t\t\t<a href=\"https:\/\/www.evcargo.com\/wp-content\/uploads\/2025\/11\/GB_IMS_POL_0001-Integrated-Management-Systems-Policy-statement-V1.8-1-4.pdf\" target=\"_self\" class=\"btn green-btn\">\n        \t\t\t\t\t\t\t\t\t\tDowiedz si\u0119 wi\u0119cej        \t\t\t\t\t\t\t\t\t<\/a>\n    \t\t\t\t\t\t\t\t\t    \t\t\t\t\t\t\t\t<\/div>\n    \t\t\t\t\t\t\t<\/div>\n\n\n\t\t\t\t\t\t\t<\/div>\n\n\t\t\t\t\t\t<\/div>\n\n\n\t\t            \n\t\t\t\t\t\t\t\t\t\t\t\t\n\t\t\t\t\t    \n\n\t\t\t\t\t\t\t\t\t\t\t\t\t\t\t\t\t\t\n\n\n\n\t\t            \t<div class=\"hero-block__blocks__col col-md-4\">\n\n\t            \t\t\t<div class=\"hero-block__blocks__col__bg\"  style=\"background-image: url(https:\/\/www.evcargo.com\/wp-content\/uploads\/2021\/07\/Banners-2021-07-12T171532.489-348x387.png);  \"><\/div>\n\n\t\t\t\t\t\t\t<div class=\"hero-block__blocks__col__wrap\">\n                                <div class=\"content-container\">\n    \t\t\t\t\t\t\t\t<h4>Polityka etycznego handlu<\/h4>    \t\t\t\t\t\t\t\t<div class=\"hover\">\n\t\t\t\t\t\t\t\t\t\t\t\t\t\t\t\t\t\t\t\t\t\t\t<p>EV Cargo zobowi\u0105zuje si\u0119 do tworzenia bezpiecznej, uczciwej i odpowiedzialnej spo\u0142ecznie pracy\u2026<\/p>\n\t\t\t\t\t\t\t\t\t\t\t    \t\t\t\t\t\t\t\t\t        \t\t\t\t\t\t\t\t\t<a href=\"https:\/\/www.evcargo.com\/wp-content\/uploads\/2025\/04\/GB_ET_POL_0001-Ethical-Trade-Policy.pdf\" target=\"_self\" class=\"btn green-btn\">\n        \t\t\t\t\t\t\t\t\t\tDowiedz si\u0119 wi\u0119cej        \t\t\t\t\t\t\t\t\t<\/a>\n    \t\t\t\t\t\t\t\t\t    \t\t\t\t\t\t\t\t<\/div>\n    \t\t\t\t\t\t\t<\/div>\n\n\n\t\t\t\t\t\t\t<\/div>\n\n\t\t\t\t\t\t<\/div>\n\n\n\t\t            \n\t\t\t\t\t\t\t\t\t\t\t\t\n\t\t\t\t\t    \n\n\t\t\t\t\t\t\t\t\t\t\t\t\t\t\t\t\t\t\n\n\n\n\t\t            \t<div class=\"hero-block__blocks__col col-md-4\">\n\n\t            \t\t\t<div class=\"hero-block__blocks__col__bg\"  style=\"background-image: url(https:\/\/www.evcargo.com\/wp-content\/uploads\/2022\/02\/EVCS-Social-Posts-348x387.png);  \"><\/div>\n\n\t\t\t\t\t\t\t<div class=\"hero-block__blocks__col__wrap\">\n                                <div class=\"content-container\">\n    \t\t\t\t\t\t\t\t<h4>Polityka r\u00f3wno\u015bci, r\u00f3\u017cnorodno\u015bci i integracji<\/h4>    \t\t\t\t\t\t\t\t<div class=\"hover\">\n\t\t\t\t\t\t\t\t\t\t\t\t\t\t\t\t\t\t\t\t\t\t\t<p>W EV Cargo staramy si\u0119 stworzy\u0107 jak najlepsze \u015brodowisko pracy, a tak\u017ce dbamy o sprawiedliwe traktowanie i wspieranie r\u00f3wno\u015bci, r\u00f3\u017cnorodno\u015bci i integracji w\u015br\u00f3d naszych wsp\u00f3\u0142pracownik\u00f3w.<\/p>\n\t\t\t\t\t\t\t\t\t\t\t    \t\t\t\t\t\t\t\t\t        \t\t\t\t\t\t\t\t\t<a href=\"https:\/\/www.evcargo.com\/wp-content\/uploads\/2022\/02\/EV-Cargo-Equality-Diversity-and-Inclusivity-Policy-1.pdf\" target=\"_self\" class=\"btn green-btn\">\n        \t\t\t\t\t\t\t\t\t\tDowiedz si\u0119 wi\u0119cej        \t\t\t\t\t\t\t\t\t<\/a>\n    \t\t\t\t\t\t\t\t\t    \t\t\t\t\t\t\t\t<\/div>\n    \t\t\t\t\t\t\t<\/div>\n\n\n\t\t\t\t\t\t\t<\/div>\n\n\t\t\t\t\t\t<\/div>\n\n\n\t\t            \n\t\t\t\t\t\t\t\t\t\t\t\t\n\t\t\t\t\t    \n\n\t\t\t\t\t\t\t\t\t\t\t\t\t\t\t\t\t\t\n\n\n\n\t\t            \t<div class=\"hero-block__blocks__col col-md-4\">\n\n\t            \t\t\t<div class=\"hero-block__blocks__col__bg\"  style=\"background-image: url(https:\/\/www.evcargo.com\/wp-content\/uploads\/2024\/03\/air-freight-services-348x387.png);  \"><\/div>\n\n\t\t\t\t\t\t\t<div class=\"hero-block__blocks__col__wrap\">\n                                <div class=\"content-container\">\n    \t\t\t\t\t\t\t\t<h4>Warunki Fenex<\/h4>    \t\t\t\t\t\t\t\t<div class=\"hover\">\n\t\t\t\t\t\t\t\t\t\t\t    \t\t\t\t\t\t\t\t\t        \t\t\t\t\t\t\t\t\t<a href=\"https:\/\/www.evcargo.com\/wp-content\/uploads\/2025\/02\/NEDERLANDSE-EXPEDITIEVOORWAARDEN-ENG-01-05-2018-1.pdf\" target=\"_self\" class=\"btn green-btn\">\n        \t\t\t\t\t\t\t\t\t\tDowiedz si\u0119 wi\u0119cej        \t\t\t\t\t\t\t\t\t<\/a>\n    \t\t\t\t\t\t\t\t\t    \t\t\t\t\t\t\t\t<\/div>\n    \t\t\t\t\t\t\t<\/div>\n\n\n\t\t\t\t\t\t\t<\/div>\n\n\t\t\t\t\t\t<\/div>\n\n\n\t\t            \n\t\t\t\t\t\t\t\t\t\t\t\t\n\t\t\t\t\t    \n\n\t\t\t\t\t\t\t\t\t\t\t\t\t\t\t\t\t\t\n\n\n\n\t\t            \t<div class=\"hero-block__blocks__col col-md-4\">\n\n\t            \t\t\t<div class=\"hero-block__blocks__col__bg\"  style=\"background-image: url(https:\/\/www.evcargo.com\/wp-content\/uploads\/2021\/06\/shutterstock_764004589-348x387.jpg);  \"><\/div>\n\n\t\t\t\t\t\t\t<div class=\"hero-block__blocks__col__wrap\">\n                                <div class=\"content-container\">\n    \t\t\t\t\t\t\t\t<h4>Zdrowie i bezpiecze\u0144stwo<\/h4>    \t\t\t\t\t\t\t\t<div class=\"hover\">\n\t\t\t\t\t\t\t\t\t\t\t\t\t\t\t\t\t\t\t\t\t\t\t<p>Polityka firmy EV Cargo w zakresie bezpiecze\u0144stwa, zdrowia, \u015brodowiska i jako\u015bci\u2026<\/p>\n\t\t\t\t\t\t\t\t\t\t\t    \t\t\t\t\t\t\t\t\t        \t\t\t\t\t\t\t\t\t<a href=\"https:\/\/www.evcargo.com\/wp-content\/uploads\/2025\/11\/GB_HS_POL_0100-EVCGF-Health-and-Safety-Policy-v2.3-1.pdf\" target=\"_blank\" class=\"btn green-btn\">\n        \t\t\t\t\t\t\t\t\t\tDowiedz si\u0119 wi\u0119cej        \t\t\t\t\t\t\t\t\t<\/a>\n    \t\t\t\t\t\t\t\t\t    \t\t\t\t\t\t\t\t<\/div>\n    \t\t\t\t\t\t\t<\/div>\n\n\n\t\t\t\t\t\t\t<\/div>\n\n\t\t\t\t\t\t<\/div>\n\n\n\t\t            \n\t\t\t\t\t\t\t\t\t\t\t\t\n\t\t\t\t\t    \n\n\t\t\t\t\t\t\t\t\t\t\t\t\t\t\t\t\t\t\n\n\n\n\t\t            \t<div class=\"hero-block__blocks__col col-md-4\">\n\n\t            \t\t\t<div class=\"hero-block__blocks__col__bg\"  style=\"background-image: url(https:\/\/www.evcargo.com\/wp-content\/uploads\/2021\/07\/14639-089-2-348x387.jpg);  \"><\/div>\n\n\t\t\t\t\t\t\t<div class=\"hero-block__blocks__col__wrap\">\n                                <div class=\"content-container\">\n    \t\t\t\t\t\t\t\t<h4>O\u015bwiadczenie dotycz\u0105ce wsp\u00f3\u0142czesnego niewolnictwa<\/h4>    \t\t\t\t\t\t\t\t<div class=\"hover\">\n\t\t\t\t\t\t\t\t\t\t\t\t\t\t\t\t\t\t\t\t\t\t\t<p>To jest O\u015bwiadczenie firmy EV Cargo dotycz\u0105ce wsp\u00f3\u0142czesnego niewolnictwa w odniesieniu do niewolnictwa i przemocy wobec ludzi\u2026<\/p>\n\t\t\t\t\t\t\t\t\t\t\t    \t\t\t\t\t\t\t\t\t        \t\t\t\t\t\t\t\t\t<a href=\"https:\/\/www.evcargo.com\/wp-content\/uploads\/2025\/04\/GB_ET_POL_0003-Modern-Slavery-Act-Statement.pdf\" target=\"_blank\" class=\"btn green-btn\">\n        \t\t\t\t\t\t\t\t\t\tDowiedz si\u0119 wi\u0119cej        \t\t\t\t\t\t\t\t\t<\/a>\n    \t\t\t\t\t\t\t\t\t    \t\t\t\t\t\t\t\t<\/div>\n    \t\t\t\t\t\t\t<\/div>\n\n\n\t\t\t\t\t\t\t<\/div>\n\n\t\t\t\t\t\t<\/div>\n\n\n\t\t            \n\t\t\t\t\t\t\t\t\t\t\t\t\n\t\t\t\t\t    \n\n\t\t\t\t\t\t\t\t\t\t\t\t\t\t\t\t\t\t\n\n\n\n\t\t            \t<div class=\"hero-block__blocks__col col-md-4\">\n\n\t            \t\t\t<div class=\"hero-block__blocks__col__bg\"  style=\"background-image: url(https:\/\/www.evcargo.com\/wp-content\/uploads\/2021\/06\/Banners-2021-06-21T184926.428-348x387.png);  \"><\/div>\n\n\t\t\t\t\t\t\t<div class=\"hero-block__blocks__col__wrap\">\n                                <div class=\"content-container\">\n    \t\t\t\t\t\t\t\t<h4>Polityka prywatno\u015bci<\/h4>    \t\t\t\t\t\t\t\t<div class=\"hover\">\n\t\t\t\t\t\t\t\t\t\t\t\t\t\t\t\t\t\t\t\t\t\t\t<p>Niniejsza polityka okre\u015bla, w jaki spos\u00f3b post\u0119pujemy z informacjami, kt\u00f3re dowiadujemy si\u0119 o Tobie, gdy odwiedzasz\u2026<\/p>\n\t\t\t\t\t\t\t\t\t\t\t    \t\t\t\t\t\t\t\t\t        \t\t\t\t\t\t\t\t\t<a href=\"https:\/\/www.evcargo.com\/en\/policies-and-statements\/privacy-policy\/\" target=\"_blank\" class=\"btn green-btn\">\n        \t\t\t\t\t\t\t\t\t\tDowiedz si\u0119 wi\u0119cej        \t\t\t\t\t\t\t\t\t<\/a>\n    \t\t\t\t\t\t\t\t\t    \t\t\t\t\t\t\t\t<\/div>\n    \t\t\t\t\t\t\t<\/div>\n\n\n\t\t\t\t\t\t\t<\/div>\n\n\t\t\t\t\t\t<\/div>\n\n\n\t\t            \n\t\t\t\t\t\t\t\t\t\t\t\t\n\t\t\t\t\t    \n\n\t\t\t\t\t\t\t\t\t\t\t\t\t\t\t\t\t\t\n\n\n\n\t\t            \t<div class=\"hero-block__blocks__col col-md-4\">\n\n\t            \t\t\t<div class=\"hero-block__blocks__col__bg\"  style=\"background-image: url(https:\/\/www.evcargo.com\/wp-content\/uploads\/2021\/06\/EVC-Packaging-Conference-348x387.png);  \"><\/div>\n\n\t\t\t\t\t\t\t<div class=\"hero-block__blocks__col__wrap\">\n                                <div class=\"content-container\">\n    \t\t\t\t\t\t\t\t<h4>Kodeks post\u0119powania Dostawcy<\/h4>    \t\t\t\t\t\t\t\t<div class=\"hover\">\n\t\t\t\t\t\t\t\t\t\t\t\t\t\t\t\t\t\t\t\t\t\t\t<p>EV Cargo dzia\u0142a w oparciu o zasad\u0119 absolutnego skupienia si\u0119 na kliencie i my\u2026<\/p>\n\t\t\t\t\t\t\t\t\t\t\t    \t\t\t\t\t\t\t\t\t        \t\t\t\t\t\t\t\t\t<a href=\"https:\/\/www.evcargo.com\/wp-content\/uploads\/2025\/04\/GB_ET_POL_0004_Supplier-Code-of-Conduct.pdf\" target=\"_blank\" class=\"btn green-btn\">\n        \t\t\t\t\t\t\t\t\t\tDowiedz si\u0119 wi\u0119cej        \t\t\t\t\t\t\t\t\t<\/a>\n    \t\t\t\t\t\t\t\t\t    \t\t\t\t\t\t\t\t<\/div>\n    \t\t\t\t\t\t\t<\/div>\n\n\n\t\t\t\t\t\t\t<\/div>\n\n\t\t\t\t\t\t<\/div>\n\n\n\t\t            \n\t\t\t\t\t\t\t\t\t\t\t\t\n\t\t\t\t\t    \n\n\t\t\t\t\t\t\t\t\t\t\t\t\t\t\t\t\t\t\n\n\n\n\t\t            \t<div class=\"hero-block__blocks__col col-md-4\">\n\n\t            \t\t\t<div class=\"hero-block__blocks__col__bg\"  style=\"background-image: url(https:\/\/www.evcargo.com\/wp-content\/uploads\/2023\/06\/Heath-EV-cargo-Tour-497-348x387.jpg);  \"><\/div>\n\n\t\t\t\t\t\t\t<div class=\"hero-block__blocks__col__wrap\">\n                                <div class=\"content-container\">\n    \t\t\t\t\t\t\t\t<h4>Kodeks post\u0119powania pracownika<\/h4>    \t\t\t\t\t\t\t\t<div class=\"hover\">\n\t\t\t\t\t\t\t\t\t\t\t\t\t\t\t\t\t\t\t\t\t\t\t<p>W EV Cargo ci\u0119\u017cko pracujemy w ramach naszego sposobu prowadzenia dzia\u0142alno\u015bci, wewn\u0119trznie i<br \/>\nzewn\u0119trznie.<\/p>\n\t\t\t\t\t\t\t\t\t\t\t    \t\t\t\t\t\t\t\t\t        \t\t\t\t\t\t\t\t\t<a href=\"https:\/\/www.evcargo.com\/wp-content\/uploads\/2023\/10\/Code-Of-Conduct-Final-October23.pdf\" target=\"_self\" class=\"btn green-btn\">\n        \t\t\t\t\t\t\t\t\t\tDowiedz si\u0119 wi\u0119cej        \t\t\t\t\t\t\t\t\t<\/a>\n    \t\t\t\t\t\t\t\t\t    \t\t\t\t\t\t\t\t<\/div>\n    \t\t\t\t\t\t\t<\/div>\n\n\n\t\t\t\t\t\t\t<\/div>\n\n\t\t\t\t\t\t<\/div>\n\n\n\t\t            \n\t\t\t\t\t\t\t\t\t\t\t\t\n\t\t\t\t\t    \n\n\t\t\t\t\t\t\t\t\t\t\t\t\t\t\t\t\t\t\n\n\n\n\t\t            \t<div class=\"hero-block__blocks__col col-md-4\">\n\n\t            \t\t\t<div class=\"hero-block__blocks__col__bg\"  style=\"background-image: url(https:\/\/www.evcargo.com\/wp-content\/uploads\/2021\/06\/42-348x387.png);  \"><\/div>\n\n\t\t\t\t\t\t\t<div class=\"hero-block__blocks__col__wrap\">\n                                <div class=\"content-container\">\n    \t\t\t\t\t\t\t\t<h4>Polityka informowania o nieprawid\u0142owo\u015bciach<\/h4>    \t\t\t\t\t\t\t\t<div class=\"hover\">\n\t\t\t\t\t\t\t\t\t\t\t\t\t\t\t\t\t\t\t\t\t\t\t<p>EV Cargo zach\u0119ca wszystkich do zg\u0142aszania wszelkich w\u0105tpliwo\u015bci\u2026<\/p>\n\t\t\t\t\t\t\t\t\t\t\t    \t\t\t\t\t\t\t\t\t        \t\t\t\t\t\t\t\t\t<a href=\"https:\/\/www.evcargo.com\/wp-content\/uploads\/2025\/04\/GB_ET_POL_0005_Whistleblowing-Policy.pdf\" target=\"_blank\" class=\"btn green-btn\">\n        \t\t\t\t\t\t\t\t\t\tDowiedz si\u0119 wi\u0119cej        \t\t\t\t\t\t\t\t\t<\/a>\n    \t\t\t\t\t\t\t\t\t    \t\t\t\t\t\t\t\t<\/div>\n    \t\t\t\t\t\t\t<\/div>\n\n\n\t\t\t\t\t\t\t<\/div>\n\n\t\t\t\t\t\t<\/div>\n\n\n\t\t            \n\t\t\t\t\t\t\t\t\t\t\t\t\n\t\t\t\t\t    \n\n\t\t\t\t\t\t\t\t\t\t\t\t\t\t\t\t\t\t\n\n\n\n\t\t            \t<div class=\"hero-block__blocks__col col-md-4\">\n\n\t            \t\t\t<div class=\"hero-block__blocks__col__bg\"  style=\"background-image: url(https:\/\/www.evcargo.com\/wp-content\/uploads\/2021\/06\/EVCL-Chilll-HR-Policy-Images-1-348x387.png);  \"><\/div>\n\n\t\t\t\t\t\t\t<div class=\"hero-block__blocks__col__wrap\">\n                                <div class=\"content-container\">\n    \t\t\t\t\t\t\t\t<h4>Polityka dotycz\u0105ca prezent\u00f3w i go\u015bcinno\u015bci<\/h4>    \t\t\t\t\t\t\t\t<div class=\"hover\">\n\t\t\t\t\t\t\t\t\t\t\t\t\t\t\t\t\t\t\t\t\t\t\t<p>Wa\u017cne jest, aby przedstawione wytyczne by\u0142y przestrzegane we wszystkich przypadkach. Ustanawiaj\u0105c prezenty i rozrywki mog\u0105 tworzy\u0107 dobr\u0105 wol\u0119 i budowa\u0107 zaufanie w relacjach z kontrahentami i innymi partnerami biznesowymi.<\/p>\n\t\t\t\t\t\t\t\t\t\t\t    \t\t\t\t\t\t\t\t\t        \t\t\t\t\t\t\t\t\t<a href=\"https:\/\/www.evcargo.com\/wp-content\/uploads\/2021\/11\/20200907_Gifts-and-Hospitality-Approval-Process_EVC_Formatted.pdf\" target=\"_self\" class=\"btn green-btn\">\n        \t\t\t\t\t\t\t\t\t\tDowiedz si\u0119 wi\u0119cej        \t\t\t\t\t\t\t\t\t<\/a>\n    \t\t\t\t\t\t\t\t\t    \t\t\t\t\t\t\t\t<\/div>\n    \t\t\t\t\t\t\t<\/div>\n\n\n\t\t\t\t\t\t\t<\/div>\n\n\t\t\t\t\t\t<\/div>\n\n\n\t\t            \n\t\t\t\t\t\t\t\t\t\t\t\t\n\t\t\t\t\t    \n\n\t\t\t\t\t\t\t\t\t\t\t\t\t\t\t\t\t\t\n\n\n\n\t\t            \t<div class=\"hero-block__blocks__col col-md-4\">\n\n\t            \t\t\t<div class=\"hero-block__blocks__col__bg\"  style=\"background-image: url(https:\/\/www.evcargo.com\/wp-content\/uploads\/2021\/11\/Banners-15-348x387.png);  \"><\/div>\n\n\t\t\t\t\t\t\t<div class=\"hero-block__blocks__col__wrap\">\n                                <div class=\"content-container\">\n    \t\t\t\t\t\t\t\t<h4>Polityka dotycz\u0105ca plastiku jednorazowego u\u017cytku<\/h4>    \t\t\t\t\t\t\t\t<div class=\"hover\">\n\t\t\t\t\t\t\t\t\t\t\t\t\t\t\t\t\t\t\t\t\t\t\t<p>Firma EV Cargo zdaje sobie spraw\u0119 z konieczno\u015bci wdro\u017cenia zr\u00f3wnowa\u017conych praktyk w swoim sposobie dzia\u0142ania, aby pom\u00f3c kszta\u0142towa\u0107 lepszy \u015bwiat jutra.<\/p>\n\t\t\t\t\t\t\t\t\t\t\t    \t\t\t\t\t\t\t\t\t        \t\t\t\t\t\t\t\t\t<a href=\"https:\/\/www.evcargo.com\/wp-content\/uploads\/2022\/03\/GBESGPOL0001-Single-Use-Plastics-Policy-SE.pdf\" target=\"_self\" class=\"btn green-btn\">\n        \t\t\t\t\t\t\t\t\t\tDowiedz si\u0119 wi\u0119cej        \t\t\t\t\t\t\t\t\t<\/a>\n    \t\t\t\t\t\t\t\t\t    \t\t\t\t\t\t\t\t<\/div>\n    \t\t\t\t\t\t\t<\/div>\n\n\n\t\t\t\t\t\t\t<\/div>\n\n\t\t\t\t\t\t<\/div>\n\n\n\t\t            \n\t\t        \t<\/div>\n\n\t\t        \n\t<\/div>\n\n<\/section>\n\n\n\n<section  class=\"wide-image-text background__white\" height: ;\">\n\t\n\t<\/section>","protected":false},"excerpt":{"rendered":"<p>Nasz\u0105 polityk\u0105 stawiamy sobie wysokie wymagania, aby zagwarantowa\u0107 wysok\u0105 jako\u015b\u0107 i efektywno\u015b\u0107 zar\u00f3wno naszych us\u0142ug, jak i wsp\u00f3\u0142pracownik\u00f3w.<\/p>","protected":false},"author":9,"featured_media":2054,"parent":0,"menu_order":0,"comment_status":"closed","ping_status":"closed","template":"","meta":{"_acf_changed":false,"footnotes":""},"class_list":["post-3722","page","type-page","status-publish","has-post-thumbnail","hentry"],"acf":[],"yoast_head":"<!-- This site is optimized with the Yoast SEO plugin v27.3 - https:\/\/yoast.com\/product\/yoast-seo-wordpress\/ -->\n<title>Policies and Statements - EV Cargo<\/title>\n<meta name=\"description\" content=\"Here you\u2019ll find all our policies and statements showing full transparency of our stance at EV Cargo. Contact us with your enquiries or to find out more.\" \/>\n<meta name=\"robots\" content=\"index, follow, max-snippet:-1, max-image-preview:large, max-video-preview:-1\" \/>\n<link rel=\"canonical\" href=\"https:\/\/www.evcargo.com\/pl\/policies-and-statements\/\" \/>\n<meta property=\"og:locale\" content=\"pl_PL\" \/>\n<meta property=\"og:type\" content=\"article\" \/>\n<meta property=\"og:title\" content=\"Policies and Statements - EV Cargo\" \/>\n<meta property=\"og:description\" content=\"Here you\u2019ll find all our policies and statements showing full transparency of our stance at EV Cargo. Contact us with your enquiries or to find out more.\" \/>\n<meta property=\"og:url\" content=\"https:\/\/www.evcargo.com\/pl\/policies-and-statements\/\" \/>\n<meta property=\"og:site_name\" content=\"EV Cargo\" \/>\n<meta property=\"article:modified_time\" content=\"2025-11-20T10:52:22+00:00\" \/>\n<meta property=\"og:image\" content=\"https:\/\/www.evcargo.com\/wp-content\/uploads\/2021\/06\/shutterstock_703134682-5-scaled.jpg\" \/>\n\t<meta property=\"og:image:width\" content=\"2560\" \/>\n\t<meta property=\"og:image:height\" content=\"1403\" \/>\n\t<meta property=\"og:image:type\" content=\"image\/jpeg\" \/>\n<meta name=\"twitter:card\" content=\"summary_large_image\" \/>\n<script type=\"application\/ld+json\" class=\"yoast-schema-graph\">{\"@context\":\"https:\\\/\\\/schema.org\",\"@graph\":[{\"@type\":\"WebPage\",\"@id\":\"https:\\\/\\\/www.evcargo.com\\\/policies-and-statements\\\/\",\"url\":\"https:\\\/\\\/www.evcargo.com\\\/policies-and-statements\\\/\",\"name\":\"Policies and Statements - EV Cargo\",\"isPartOf\":{\"@id\":\"https:\\\/\\\/www.evcargo.com\\\/de\\\/#website\"},\"primaryImageOfPage\":{\"@id\":\"https:\\\/\\\/www.evcargo.com\\\/policies-and-statements\\\/#primaryimage\"},\"image\":{\"@id\":\"https:\\\/\\\/www.evcargo.com\\\/policies-and-statements\\\/#primaryimage\"},\"thumbnailUrl\":\"https:\\\/\\\/www.evcargo.com\\\/wp-content\\\/uploads\\\/2021\\\/06\\\/shutterstock_703134682-5-scaled.jpg\",\"datePublished\":\"2021-07-12T13:41:41+00:00\",\"dateModified\":\"2025-11-20T10:52:22+00:00\",\"description\":\"Here you\u2019ll find all our policies and statements showing full transparency of our stance at EV Cargo. Contact us with your enquiries or to find out more.\",\"inLanguage\":\"pl-PL\",\"potentialAction\":[{\"@type\":\"ReadAction\",\"target\":[\"https:\\\/\\\/www.evcargo.com\\\/policies-and-statements\\\/\"]}]},{\"@type\":\"ImageObject\",\"inLanguage\":\"pl-PL\",\"@id\":\"https:\\\/\\\/www.evcargo.com\\\/policies-and-statements\\\/#primaryimage\",\"url\":\"https:\\\/\\\/www.evcargo.com\\\/wp-content\\\/uploads\\\/2021\\\/06\\\/shutterstock_703134682-5-scaled.jpg\",\"contentUrl\":\"https:\\\/\\\/www.evcargo.com\\\/wp-content\\\/uploads\\\/2021\\\/06\\\/shutterstock_703134682-5-scaled.jpg\",\"width\":2560,\"height\":1403},{\"@type\":\"WebSite\",\"@id\":\"https:\\\/\\\/www.evcargo.com\\\/de\\\/#website\",\"url\":\"https:\\\/\\\/www.evcargo.com\\\/de\\\/\",\"name\":\"EV Cargo\",\"description\":\"\",\"publisher\":{\"@id\":\"https:\\\/\\\/www.evcargo.com\\\/de\\\/#organization\"},\"potentialAction\":[{\"@type\":\"SearchAction\",\"target\":{\"@type\":\"EntryPoint\",\"urlTemplate\":\"https:\\\/\\\/www.evcargo.com\\\/de\\\/?s={search_term_string}\"},\"query-input\":{\"@type\":\"PropertyValueSpecification\",\"valueRequired\":true,\"valueName\":\"search_term_string\"}}],\"inLanguage\":\"pl-PL\"},{\"@type\":\"Organization\",\"@id\":\"https:\\\/\\\/www.evcargo.com\\\/de\\\/#organization\",\"name\":\"EV Cargo\",\"alternateName\":\"EVC\",\"url\":\"https:\\\/\\\/www.evcargo.com\\\/de\\\/\",\"logo\":{\"@type\":\"ImageObject\",\"inLanguage\":\"pl-PL\",\"@id\":\"https:\\\/\\\/www.evcargo.com\\\/de\\\/#\\\/schema\\\/logo\\\/image\\\/\",\"url\":\"https:\\\/\\\/www.evcargo.com\\\/wp-content\\\/uploads\\\/2025\\\/02\\\/ev-cargo-logo.png\",\"contentUrl\":\"https:\\\/\\\/www.evcargo.com\\\/wp-content\\\/uploads\\\/2025\\\/02\\\/ev-cargo-logo.png\",\"width\":364,\"height\":78,\"caption\":\"EV Cargo\"},\"image\":{\"@id\":\"https:\\\/\\\/www.evcargo.com\\\/de\\\/#\\\/schema\\\/logo\\\/image\\\/\"}}]}<\/script>\n<!-- \/ Yoast SEO plugin. -->","yoast_head_json":{"title":"Polityki i o\u015bwiadczenia \u2013 EV Cargo","description":"Tutaj znajdziesz wszystkie nasze polityki i o\u015bwiadczenia, kt\u00f3re pokazuj\u0105 pe\u0142n\u0105 transparentno\u015b\u0107 naszego stanowiska w EV Cargo. Skontaktuj si\u0119 z nami, aby zada\u0107 pytania lub dowiedzie\u0107 si\u0119 wi\u0119cej.","robots":{"index":"index","follow":"follow","max-snippet":"max-snippet:-1","max-image-preview":"max-image-preview:large","max-video-preview":"max-video-preview:-1"},"canonical":"https:\/\/www.evcargo.com\/pl\/policies-and-statements\/","og_locale":"pl_PL","og_type":"article","og_title":"Policies and Statements - EV Cargo","og_description":"Here you\u2019ll find all our policies and statements showing full transparency of our stance at EV Cargo. Contact us with your enquiries or to find out more.","og_url":"https:\/\/www.evcargo.com\/pl\/policies-and-statements\/","og_site_name":"EV Cargo","article_modified_time":"2025-11-20T10:52:22+00:00","og_image":[{"width":2560,"height":1403,"url":"https:\/\/www.evcargo.com\/wp-content\/uploads\/2021\/06\/shutterstock_703134682-5-scaled.jpg","type":"image\/jpeg"}],"twitter_card":"summary_large_image","schema":{"@context":"https:\/\/schema.org","@graph":[{"@type":"WebPage","@id":"https:\/\/www.evcargo.com\/policies-and-statements\/","url":"https:\/\/www.evcargo.com\/policies-and-statements\/","name":"Polityki i o\u015bwiadczenia \u2013 EV Cargo","isPartOf":{"@id":"https:\/\/www.evcargo.com\/de\/#website"},"primaryImageOfPage":{"@id":"https:\/\/www.evcargo.com\/policies-and-statements\/#primaryimage"},"image":{"@id":"https:\/\/www.evcargo.com\/policies-and-statements\/#primaryimage"},"thumbnailUrl":"https:\/\/www.evcargo.com\/wp-content\/uploads\/2021\/06\/shutterstock_703134682-5-scaled.jpg","datePublished":"2021-07-12T13:41:41+00:00","dateModified":"2025-11-20T10:52:22+00:00","description":"Tutaj znajdziesz wszystkie nasze polityki i o\u015bwiadczenia, kt\u00f3re pokazuj\u0105 pe\u0142n\u0105 transparentno\u015b\u0107 naszego stanowiska w EV Cargo. Skontaktuj si\u0119 z nami, aby zada\u0107 pytania lub dowiedzie\u0107 si\u0119 wi\u0119cej.","inLanguage":"pl-PL","potentialAction":[{"@type":"ReadAction","target":["https:\/\/www.evcargo.com\/policies-and-statements\/"]}]},{"@type":"ImageObject","inLanguage":"pl-PL","@id":"https:\/\/www.evcargo.com\/policies-and-statements\/#primaryimage","url":"https:\/\/www.evcargo.com\/wp-content\/uploads\/2021\/06\/shutterstock_703134682-5-scaled.jpg","contentUrl":"https:\/\/www.evcargo.com\/wp-content\/uploads\/2021\/06\/shutterstock_703134682-5-scaled.jpg","width":2560,"height":1403},{"@type":"WebSite","@id":"https:\/\/www.evcargo.com\/de\/#website","url":"https:\/\/www.evcargo.com\/de\/","name":"\u0141adunek EV","description":"","publisher":{"@id":"https:\/\/www.evcargo.com\/de\/#organization"},"potentialAction":[{"@type":"SearchAction","target":{"@type":"EntryPoint","urlTemplate":"https:\/\/www.evcargo.com\/de\/?s={search_term_string}"},"query-input":{"@type":"PropertyValueSpecification","valueRequired":true,"valueName":"search_term_string"}}],"inLanguage":"pl-PL"},{"@type":"Organization","@id":"https:\/\/www.evcargo.com\/de\/#organization","name":"\u0141adunek EV","alternateName":"EVC","url":"https:\/\/www.evcargo.com\/de\/","logo":{"@type":"ImageObject","inLanguage":"pl-PL","@id":"https:\/\/www.evcargo.com\/de\/#\/schema\/logo\/image\/","url":"https:\/\/www.evcargo.com\/wp-content\/uploads\/2025\/02\/ev-cargo-logo.png","contentUrl":"https:\/\/www.evcargo.com\/wp-content\/uploads\/2025\/02\/ev-cargo-logo.png","width":364,"height":78,"caption":"EV Cargo"},"image":{"@id":"https:\/\/www.evcargo.com\/de\/#\/schema\/logo\/image\/"}}]}},"_links":{"self":[{"href":"https:\/\/www.evcargo.com\/pl\/wp-json\/wp\/v2\/pages\/3722","targetHints":{"allow":["GET"]}}],"collection":[{"href":"https:\/\/www.evcargo.com\/pl\/wp-json\/wp\/v2\/pages"}],"about":[{"href":"https:\/\/www.evcargo.com\/pl\/wp-json\/wp\/v2\/types\/page"}],"author":[{"embeddable":true,"href":"https:\/\/www.evcargo.com\/pl\/wp-json\/wp\/v2\/users\/9"}],"replies":[{"embeddable":true,"href":"https:\/\/www.evcargo.com\/pl\/wp-json\/wp\/v2\/comments?post=3722"}],"version-history":[{"count":20,"href":"https:\/\/www.evcargo.com\/pl\/wp-json\/wp\/v2\/pages\/3722\/revisions"}],"predecessor-version":[{"id":285278,"href":"https:\/\/www.evcargo.com\/pl\/wp-json\/wp\/v2\/pages\/3722\/revisions\/285278"}],"wp:featuredmedia":[{"embeddable":true,"href":"https:\/\/www.evcargo.com\/pl\/wp-json\/wp\/v2\/media\/2054"}],"wp:attachment":[{"href":"https:\/\/www.evcargo.com\/pl\/wp-json\/wp\/v2\/media?parent=3722"}],"curies":[{"name":"wp","href":"https:\/\/api.w.org\/{rel}","templated":true}]}}