{"id":98041,"date":"2021-07-12T15:30:46","date_gmt":"2021-07-12T14:30:46","guid":{"rendered":"https:\/\/evc.extramilecommunications.dev\/?page_id=98041"},"modified":"2021-11-30T15:44:48","modified_gmt":"2021-11-30T15:44:48","slug":"integrated-management-systems-policy-statement","status":"publish","type":"page","link":"https:\/\/www.evcargo.com\/pl\/policies-and-statements\/integrated-management-systems-policy-statement\/","title":{"rendered":"Deklaracja Polityki Zintegrowanych System\u00f3w Zarz\u0105dzania"},"content":{"rendered":"<section  class=\"small-banner\" style=\" background-color:#D8D8D8 \">\n\n\t<div class=\"container-fluid\">\n\n\t\t<h1>Deklaracja Polityki Zintegrowanych System\u00f3w Zarz\u0105dzania<\/h1>\n\t<\/div>\n\n<\/section>\n\n<div class=\"breadcrumbs\" typeof=\"BreadcrumbList\" vocab=\"https:\/\/schema.org\/\">\n\t<div class=\"container-fluid\">\n\n\t\t<span property=\"itemListElement\" typeof=\"ListItem\"><a property=\"item\" typeof=\"WebPage\" title=\"Przejd\u017a do EV Cargo.\" href=\"https:\/\/www.evcargo.com\/pl\" class=\"home\" aria-current=\"page\"><span property=\"name\">\u0141adunek EV<\/span><\/a><meta property=\"position\" content=\"1\"><\/span>\t<\/div>\n<\/div>\n\n\n<div class=\"breadcrumbs align  wp-block-bcn-breadcrumb-trail has-text-color has-background\" vocab=\"https:\/\/schema.org\/\" typeof=\"BreadcrumbList\">\n\t<span><\/span>\n\t<span property=\"itemListElement\" typeof=\"ListItem\"><a property=\"item\" typeof=\"WebPage\" title=\"Przejd\u017a do EV Cargo.\" href=\"https:\/\/www.evcargo.com\/pl\" class=\"home\" aria-current=\"page\"><span property=\"name\">\u0141adunek EV<\/span><\/a><meta property=\"position\" content=\"1\"><\/span><\/div>\n\n\n<section  class=\"wysiwyg\">\n\n\t<div class=\"container-fluid\">\n\n\t<p>Zintegrowane Systemy Zarz\u0105dzania\/POL\/6001 Wydanie 2 05.03.2020<\/p>\n<h3>Deklaracja Polityki Zintegrowanych System\u00f3w Zarz\u0105dzania<\/h3>\n<p>Jako organizacja \u0142a\u0144cucha dostaw i spedycji, EV Cargo Global Forwarding uznaje znaczenie ochrony \u015brodowiska, bezpiecze\u0144stwa i zdrowia naszych pracownik\u00f3w i zobowi\u0105zuje si\u0119 do prowadzenia naszej dzia\u0142alno\u015bci w spos\u00f3b odpowiedzialny i zgodnie ze wszystkimi wymogami prawnymi. Naszym celem jest podejmowanie wszelkich racjonalnie wykonalnych \u015brodk\u00f3w w celu spe\u0142nienia wszystkich niezb\u0119dnych wymaga\u0144 i ci\u0105g\u0142ej poprawy bezpiecze\u0144stwa, zdrowia, \u015brodowiska i jako\u015bci.<\/p>\n<p>Organizacja b\u0119dzie wspiera\u0107:- \u015bwiadomo\u015b\u0107 i zrozumienie w zakresie bezpiecze\u0144stwa, zdrowia, \u015brodowiska i jako\u015bci w\u015br\u00f3d wszystkich pracownik\u00f3w, dostawc\u00f3w, klient\u00f3w, podwykonawc\u00f3w i innych interesariuszy; zapewniaj\u0105c zgodno\u015b\u0107 z wymogami ustawodawstwa i niniejszej polityki. Przegl\u0105damy wydajno\u015b\u0107 naszych zintegrowanych system\u00f3w zarz\u0105dzania co najmniej raz w roku, aby zidentyfikowa\u0107 obszary wymagaj\u0105ce poprawy, ustali\u0107 konkretne cele i daty docelowe dla osi\u0105gni\u0119\u0107, aby stale ulepsza\u0107 nasze procesy i procedury.<\/p>\n<p>EV Cargo Global Forwarding zobowi\u0105zuje si\u0119 do:<\/p>\n<ul>\n<li>Ochrona \u015brodowiska, zdrowia, bezpiecze\u0144stwa, dobrego samopoczucia i ochrony naszych wsp\u00f3\u0142pracownik\u00f3w w celu promowania pozytywnej i zaanga\u017cowanej kultury w ca\u0142ej organizacji<\/li>\n<li>Zapewnianie niezb\u0119dnych zasob\u00f3w i \u015brodowiska, kt\u00f3re promuj\u0105 bezpieczne i czyste praktyki pracy<\/li>\n<li>Zapewnienie okre\u015blenia, przekazania i wsparcia obowi\u0105zk\u00f3w i uprawnie\u0144<\/li>\n<li>Zapewnienie, \u017ce dobre praktyki bran\u017cowe s\u0105 zawsze stosowane<\/li>\n<li>Utrzymywanie i zwi\u0119kszanie oczekiwa\u0144 i zadowolenia klient\u00f3w<\/li>\n<\/ul>\n<p>Aby to osi\u0105gn\u0105\u0107, musimy:<\/p>\n<ul>\n<li>Daj dobry przyk\u0142ad, integruj\u0105c obowi\u0105zki IMS z codzienn\u0105 praktyk\u0105 pracy<\/li>\n<li>Prowadzenie i przegl\u0105danie rejestru ryzyka i szans w odniesieniu do naszych stron zainteresowanych<\/li>\n<li>Inwestuj w naszych pracownik\u00f3w i zapewnij odpowiedni\u0105 infrastruktur\u0119, sprz\u0119t, procesy i systemy<\/li>\n<li>Upewnij si\u0119, \u017ce wszyscy pracownicy s\u0105 poinformowani o o\u015bwiadczeniu dotycz\u0105cym polityki IMS<\/li>\n<li>Promuj my\u015blenie oparte na ryzyku<\/li>\n<li>Monitorowanie i mierzenie wszystkich aspekt\u00f3w IMS poprzez regularne kontrole i audyty, zar\u00f3wno wewn\u0119trzne, jak i zewn\u0119trzne, anga\u017cowanie, konsultowanie i komunikowanie si\u0119 z naszymi wsp\u00f3\u0142pracownikami oraz dostarczanie informacji, instrukcji, szkole\u0144 i nadzoru w celu zapewnienia i zwi\u0119kszenia \u015bwiadomo\u015bci i kompetencji IMS<\/li>\n<\/ul>\n<h4>Bezpiecze\u0144stwo i zdrowie<\/h4>\n<p>Zmniejsz i z\u0142agod\u017a ryzyko z\u0142ego stanu zdrowia, wypadk\u00f3w, zagro\u017ce\u0144 i niemal niebezpiecznych zdarze\u0144 poprzez:<\/p>\n<ul>\n<li>Utrzymywanie bezpiecznych i higienicznych warunk\u00f3w pracy, dostarczanie i konserwacja urz\u0105dze\u0144, sprz\u0119tu lub maszyn oraz zapewnianie bezpiecznego przechowywania i obchodzenia si\u0119 z substancjami.<\/li>\n<li>Zapewnienie wdro\u017cenia i przetestowania planu reagowania i ewakuacji w sytuacjach awaryjnych<\/li>\n<li>Promowanie bezpiecze\u0144stwa, zdrowia, dobrego samopoczucia i bardziej ekologicznego \u015brodowiska dla wszystkich zwi\u0105zanych z EV Cargo Global Forwarding<\/li>\n<li>Upewnienie si\u0119, \u017ce wsp\u00f3\u0142pracownicy rozumiej\u0105, \u017ce oni r\u00f3wnie\u017c ponosz\u0105 odpowiedzialno\u015b\u0107 za w\u0142asne BHP i za osoby, na kt\u00f3re ich praca mo\u017ce mie\u0107 wp\u0142yw<\/li>\n<\/ul>\n<h4>Wp\u0142yw na \u015brodowisko<\/h4>\n<p>Naszym celem jest ca\u0142kowita i kompleksowa redukcja naszego \u015bladu w\u0119glowego. Po szczeg\u00f3\u0142owym przeanalizowaniu naszej dzia\u0142alno\u015bci, dzia\u0142a\u0144 i us\u0142ug w Wielkiej Brytanii, nasz znacz\u0105cy wp\u0142yw na \u015brodowisko jest zwi\u0105zany z wykorzystaniem paliwa, ruchem drogowym, zu\u017cyciem energii i utylizacj\u0105 odpad\u00f3w. Aby ograniczy\u0107 negatywne skutki w mo\u017cliwie najwi\u0119kszym stopniu, zobowi\u0105zujemy si\u0119 do nast\u0119puj\u0105cych dzia\u0142a\u0144:<\/p>\n<ul>\n<li>Ci\u0105g\u0142e doskonalenie recyklingu i utylizacji odpad\u00f3w<\/li>\n<li>Ograniczenie emisji dwutlenku w\u0119gla oraz zu\u017cycia energii i wody<\/li>\n<li>Monitorowanie naszych dzia\u0142a\u0144 i proces\u00f3w w celu zapewnienia efektywnego wykorzystania zasob\u00f3w i minimalizacji wytwarzania odpad\u00f3w<\/li>\n<li>Okre\u015bl obszary dzia\u0142alno\u015bci gospodarczej, kt\u00f3re mog\u0105 powodowa\u0107 zanieczyszczenie i wdr\u00f3\u017c odpowiednie \u015brodki<br \/>\n\u015brodki kontrolne zapobiegaj\u0105ce zanieczyszczeniom<\/li>\n<\/ul>\n<h4>Jako\u015b\u0107<\/h4>\n<p>Utrzymywanie i zwi\u0119kszanie zadowolenia naszych klient\u00f3w poprzez:<\/p>\n<ul>\n<li>Szukamy ustrukturyzowanej informacji zwrotnej od naszych klient\u00f3w<\/li>\n<li>Identyfikowanie, wdra\u017canie i utrzymywanie system\u00f3w doskonalenia proces\u00f3w<\/li>\n<li>Ci\u0105g\u0142e promowanie zg\u0142aszania niezgodno\u015bci i przegl\u0105d skuteczno\u015bci tego procesu<\/li>\n<li>Przegl\u0105danie, korygowanie, rozwijanie i utrzymywanie stosownych udokumentowanych informacji<\/li>\n<li>Dokonuj przegl\u0105du niniejszej polityki co roku, chyba \u017ce wymagane s\u0105 zmiany, i udost\u0119pniaj j\u0105 na \u017c\u0105danie zainteresowanych stron.<\/li>\n<\/ul>\n<p>Podpisano: <img loading=\"lazy\" decoding=\"async\" class=\"alignnone size-full wp-image-98093\" src=\"https:\/\/www.evcargo.com\/wp-content\/uploads\/2021\/07\/CB-SIGN-FOR-ONLINE-300x179-1.jpg\" alt=\"\" width=\"300\" height=\"179\" \/><\/p>\n<p>Wydrukowano: Clyde Buntrock, dyrektor generalny<\/p>\n<p>Data: 14.12.20<\/p>\n\n\t<\/div>\n\n<\/section>","protected":false},"excerpt":{"rendered":"<p>Jako organizacja zajmuj\u0105ca si\u0119 \u0142a\u0144cuchem dostaw i spedycj\u0105, EV Cargo Global Forwarding zdaje sobie spraw\u0119 ze znaczenia ochrony \u015brodowiska oraz bezpiecze\u0144stwa i zdrowia naszych pracownik\u00f3w i zobowi\u0105zuje si\u0119 do prowadzenia swojej dzia\u0142alno\u015bci w spos\u00f3b odpowiedzialny i zgodny ze wszystkimi wymogami prawnymi. <\/p>","protected":false},"author":9,"featured_media":98236,"parent":3722,"menu_order":0,"comment_status":"closed","ping_status":"closed","template":"","meta":{"_acf_changed":false,"footnotes":""},"class_list":["post-98041","page","type-page","status-publish","has-post-thumbnail","hentry"],"acf":[],"yoast_head":"<!-- This site is optimized with the Yoast SEO plugin v27.3 - https:\/\/yoast.com\/product\/yoast-seo-wordpress\/ -->\n<title>Integrated Management Systems Policy Statement - EV Cargo<\/title>\n<meta name=\"robots\" content=\"index, follow, max-snippet:-1, max-image-preview:large, max-video-preview:-1\" \/>\n<link rel=\"canonical\" href=\"https:\/\/www.evcargo.com\/pl\/policies-and-statements\/integrated-management-systems-policy-statement\/\" \/>\n<meta property=\"og:locale\" content=\"pl_PL\" \/>\n<meta property=\"og:type\" content=\"article\" \/>\n<meta property=\"og:title\" content=\"Integrated Management Systems Policy Statement - EV Cargo\" \/>\n<meta property=\"og:description\" content=\"As a supply chain and freight forwarding organisation, EV Cargo Global Forwarding recognises the importance of environmental protection, the safety &amp; health of our employees and are committed to operating our business responsibly, and in accordance with all legal requirements.\" \/>\n<meta property=\"og:url\" content=\"https:\/\/www.evcargo.com\/pl\/policies-and-statements\/integrated-management-systems-policy-statement\/\" \/>\n<meta property=\"og:site_name\" content=\"EV Cargo\" \/>\n<meta property=\"article:modified_time\" content=\"2021-11-30T15:44:48+00:00\" \/>\n<meta property=\"og:image\" content=\"https:\/\/www.evcargo.com\/wp-content\/uploads\/2021\/07\/complicane-background.jpg\" \/>\n\t<meta property=\"og:image:width\" content=\"1400\" \/>\n\t<meta property=\"og:image:height\" content=\"933\" \/>\n\t<meta property=\"og:image:type\" content=\"image\/jpeg\" \/>\n<meta name=\"twitter:card\" content=\"summary_large_image\" \/>\n<script type=\"application\/ld+json\" class=\"yoast-schema-graph\">{\"@context\":\"https:\\\/\\\/schema.org\",\"@graph\":[{\"@type\":\"WebPage\",\"@id\":\"https:\\\/\\\/www.evcargo.com\\\/policies-and-statements\\\/integrated-management-systems-policy-statement\\\/\",\"url\":\"https:\\\/\\\/www.evcargo.com\\\/policies-and-statements\\\/integrated-management-systems-policy-statement\\\/\",\"name\":\"Integrated Management Systems Policy Statement - EV Cargo\",\"isPartOf\":{\"@id\":\"https:\\\/\\\/www.evcargo.com\\\/de\\\/#website\"},\"primaryImageOfPage\":{\"@id\":\"https:\\\/\\\/www.evcargo.com\\\/policies-and-statements\\\/integrated-management-systems-policy-statement\\\/#primaryimage\"},\"image\":{\"@id\":\"https:\\\/\\\/www.evcargo.com\\\/policies-and-statements\\\/integrated-management-systems-policy-statement\\\/#primaryimage\"},\"thumbnailUrl\":\"https:\\\/\\\/www.evcargo.com\\\/wp-content\\\/uploads\\\/2021\\\/07\\\/complicane-background.jpg\",\"datePublished\":\"2021-07-12T14:30:46+00:00\",\"dateModified\":\"2021-11-30T15:44:48+00:00\",\"breadcrumb\":{\"@id\":\"https:\\\/\\\/www.evcargo.com\\\/policies-and-statements\\\/integrated-management-systems-policy-statement\\\/#breadcrumb\"},\"inLanguage\":\"pl-PL\",\"potentialAction\":[{\"@type\":\"ReadAction\",\"target\":[\"https:\\\/\\\/www.evcargo.com\\\/policies-and-statements\\\/integrated-management-systems-policy-statement\\\/\"]}]},{\"@type\":\"ImageObject\",\"inLanguage\":\"pl-PL\",\"@id\":\"https:\\\/\\\/www.evcargo.com\\\/policies-and-statements\\\/integrated-management-systems-policy-statement\\\/#primaryimage\",\"url\":\"https:\\\/\\\/www.evcargo.com\\\/wp-content\\\/uploads\\\/2021\\\/07\\\/complicane-background.jpg\",\"contentUrl\":\"https:\\\/\\\/www.evcargo.com\\\/wp-content\\\/uploads\\\/2021\\\/07\\\/complicane-background.jpg\",\"width\":1400,\"height\":933},{\"@type\":\"BreadcrumbList\",\"@id\":\"https:\\\/\\\/www.evcargo.com\\\/policies-and-statements\\\/integrated-management-systems-policy-statement\\\/#breadcrumb\",\"itemListElement\":[{\"@type\":\"ListItem\",\"position\":1,\"name\":\"Policies and Statements\",\"item\":\"https:\\\/\\\/www.evcargo.com\\\/policies-and-statements\\\/\"},{\"@type\":\"ListItem\",\"position\":2,\"name\":\"Integrated Management Systems Policy Statement\"}]},{\"@type\":\"WebSite\",\"@id\":\"https:\\\/\\\/www.evcargo.com\\\/de\\\/#website\",\"url\":\"https:\\\/\\\/www.evcargo.com\\\/de\\\/\",\"name\":\"EV Cargo\",\"description\":\"\",\"publisher\":{\"@id\":\"https:\\\/\\\/www.evcargo.com\\\/de\\\/#organization\"},\"potentialAction\":[{\"@type\":\"SearchAction\",\"target\":{\"@type\":\"EntryPoint\",\"urlTemplate\":\"https:\\\/\\\/www.evcargo.com\\\/de\\\/?s={search_term_string}\"},\"query-input\":{\"@type\":\"PropertyValueSpecification\",\"valueRequired\":true,\"valueName\":\"search_term_string\"}}],\"inLanguage\":\"pl-PL\"},{\"@type\":\"Organization\",\"@id\":\"https:\\\/\\\/www.evcargo.com\\\/de\\\/#organization\",\"name\":\"EV Cargo\",\"alternateName\":\"EVC\",\"url\":\"https:\\\/\\\/www.evcargo.com\\\/de\\\/\",\"logo\":{\"@type\":\"ImageObject\",\"inLanguage\":\"pl-PL\",\"@id\":\"https:\\\/\\\/www.evcargo.com\\\/de\\\/#\\\/schema\\\/logo\\\/image\\\/\",\"url\":\"https:\\\/\\\/www.evcargo.com\\\/wp-content\\\/uploads\\\/2025\\\/02\\\/ev-cargo-logo.png\",\"contentUrl\":\"https:\\\/\\\/www.evcargo.com\\\/wp-content\\\/uploads\\\/2025\\\/02\\\/ev-cargo-logo.png\",\"width\":364,\"height\":78,\"caption\":\"EV Cargo\"},\"image\":{\"@id\":\"https:\\\/\\\/www.evcargo.com\\\/de\\\/#\\\/schema\\\/logo\\\/image\\\/\"}}]}<\/script>\n<!-- \/ Yoast SEO plugin. -->","yoast_head_json":{"title":"O\u015bwiadczenie w sprawie polityki zintegrowanych system\u00f3w zarz\u0105dzania \u2013 EV Cargo","robots":{"index":"index","follow":"follow","max-snippet":"max-snippet:-1","max-image-preview":"max-image-preview:large","max-video-preview":"max-video-preview:-1"},"canonical":"https:\/\/www.evcargo.com\/pl\/policies-and-statements\/integrated-management-systems-policy-statement\/","og_locale":"pl_PL","og_type":"article","og_title":"Integrated Management Systems Policy Statement - EV Cargo","og_description":"As a supply chain and freight forwarding organisation, EV Cargo Global Forwarding recognises the importance of environmental protection, the safety & health of our employees and are committed to operating our business responsibly, and in accordance with all legal requirements.","og_url":"https:\/\/www.evcargo.com\/pl\/policies-and-statements\/integrated-management-systems-policy-statement\/","og_site_name":"EV Cargo","article_modified_time":"2021-11-30T15:44:48+00:00","og_image":[{"width":1400,"height":933,"url":"https:\/\/www.evcargo.com\/wp-content\/uploads\/2021\/07\/complicane-background.jpg","type":"image\/jpeg"}],"twitter_card":"summary_large_image","schema":{"@context":"https:\/\/schema.org","@graph":[{"@type":"WebPage","@id":"https:\/\/www.evcargo.com\/policies-and-statements\/integrated-management-systems-policy-statement\/","url":"https:\/\/www.evcargo.com\/policies-and-statements\/integrated-management-systems-policy-statement\/","name":"O\u015bwiadczenie w sprawie polityki zintegrowanych system\u00f3w zarz\u0105dzania \u2013 EV Cargo","isPartOf":{"@id":"https:\/\/www.evcargo.com\/de\/#website"},"primaryImageOfPage":{"@id":"https:\/\/www.evcargo.com\/policies-and-statements\/integrated-management-systems-policy-statement\/#primaryimage"},"image":{"@id":"https:\/\/www.evcargo.com\/policies-and-statements\/integrated-management-systems-policy-statement\/#primaryimage"},"thumbnailUrl":"https:\/\/www.evcargo.com\/wp-content\/uploads\/2021\/07\/complicane-background.jpg","datePublished":"2021-07-12T14:30:46+00:00","dateModified":"2021-11-30T15:44:48+00:00","breadcrumb":{"@id":"https:\/\/www.evcargo.com\/policies-and-statements\/integrated-management-systems-policy-statement\/#breadcrumb"},"inLanguage":"pl-PL","potentialAction":[{"@type":"ReadAction","target":["https:\/\/www.evcargo.com\/policies-and-statements\/integrated-management-systems-policy-statement\/"]}]},{"@type":"ImageObject","inLanguage":"pl-PL","@id":"https:\/\/www.evcargo.com\/policies-and-statements\/integrated-management-systems-policy-statement\/#primaryimage","url":"https:\/\/www.evcargo.com\/wp-content\/uploads\/2021\/07\/complicane-background.jpg","contentUrl":"https:\/\/www.evcargo.com\/wp-content\/uploads\/2021\/07\/complicane-background.jpg","width":1400,"height":933},{"@type":"BreadcrumbList","@id":"https:\/\/www.evcargo.com\/policies-and-statements\/integrated-management-systems-policy-statement\/#breadcrumb","itemListElement":[{"@type":"ListItem","position":1,"name":"Policies and Statements","item":"https:\/\/www.evcargo.com\/policies-and-statements\/"},{"@type":"ListItem","position":2,"name":"Integrated Management Systems Policy Statement"}]},{"@type":"WebSite","@id":"https:\/\/www.evcargo.com\/de\/#website","url":"https:\/\/www.evcargo.com\/de\/","name":"\u0141adunek EV","description":"","publisher":{"@id":"https:\/\/www.evcargo.com\/de\/#organization"},"potentialAction":[{"@type":"SearchAction","target":{"@type":"EntryPoint","urlTemplate":"https:\/\/www.evcargo.com\/de\/?s={search_term_string}"},"query-input":{"@type":"PropertyValueSpecification","valueRequired":true,"valueName":"search_term_string"}}],"inLanguage":"pl-PL"},{"@type":"Organization","@id":"https:\/\/www.evcargo.com\/de\/#organization","name":"\u0141adunek EV","alternateName":"EVC","url":"https:\/\/www.evcargo.com\/de\/","logo":{"@type":"ImageObject","inLanguage":"pl-PL","@id":"https:\/\/www.evcargo.com\/de\/#\/schema\/logo\/image\/","url":"https:\/\/www.evcargo.com\/wp-content\/uploads\/2025\/02\/ev-cargo-logo.png","contentUrl":"https:\/\/www.evcargo.com\/wp-content\/uploads\/2025\/02\/ev-cargo-logo.png","width":364,"height":78,"caption":"EV Cargo"},"image":{"@id":"https:\/\/www.evcargo.com\/de\/#\/schema\/logo\/image\/"}}]}},"_links":{"self":[{"href":"https:\/\/www.evcargo.com\/pl\/wp-json\/wp\/v2\/pages\/98041","targetHints":{"allow":["GET"]}}],"collection":[{"href":"https:\/\/www.evcargo.com\/pl\/wp-json\/wp\/v2\/pages"}],"about":[{"href":"https:\/\/www.evcargo.com\/pl\/wp-json\/wp\/v2\/types\/page"}],"author":[{"embeddable":true,"href":"https:\/\/www.evcargo.com\/pl\/wp-json\/wp\/v2\/users\/9"}],"replies":[{"embeddable":true,"href":"https:\/\/www.evcargo.com\/pl\/wp-json\/wp\/v2\/comments?post=98041"}],"version-history":[{"count":0,"href":"https:\/\/www.evcargo.com\/pl\/wp-json\/wp\/v2\/pages\/98041\/revisions"}],"up":[{"embeddable":true,"href":"https:\/\/www.evcargo.com\/pl\/wp-json\/wp\/v2\/pages\/3722"}],"wp:featuredmedia":[{"embeddable":true,"href":"https:\/\/www.evcargo.com\/pl\/wp-json\/wp\/v2\/media\/98236"}],"wp:attachment":[{"href":"https:\/\/www.evcargo.com\/pl\/wp-json\/wp\/v2\/media?parent=98041"}],"curies":[{"name":"wp","href":"https:\/\/api.w.org\/{rel}","templated":true}]}}