{"id":98304,"date":"2021-07-12T15:42:10","date_gmt":"2021-07-12T14:42:10","guid":{"rendered":"https:\/\/evc.extramilecommunications.dev\/?page_id=98304"},"modified":"2021-11-30T15:44:59","modified_gmt":"2021-11-30T15:44:59","slug":"ethical-trade-policy","status":"publish","type":"page","link":"https:\/\/www.evcargo.com\/pl\/policies-and-statements\/ethical-trade-policy\/","title":{"rendered":"Polityka etycznego handlu"},"content":{"rendered":"<section  class=\"small-banner\" style=\" background-color:#D8D8D8 \">\n\n\t<div class=\"container-fluid\">\n\n\t\t<h1>Polityka etycznego handlu<\/h1>\n\t<\/div>\n\n<\/section>\n\n<div class=\"breadcrumbs\" typeof=\"BreadcrumbList\" vocab=\"https:\/\/schema.org\/\">\n\t<div class=\"container-fluid\">\n\n\t\t<span property=\"itemListElement\" typeof=\"ListItem\"><a property=\"item\" typeof=\"WebPage\" title=\"Przejd\u017a do EV Cargo.\" href=\"https:\/\/www.evcargo.com\/pl\" class=\"home\" aria-current=\"page\"><span property=\"name\">\u0141adunek EV<\/span><\/a><meta property=\"position\" content=\"1\"><\/span>\t<\/div>\n<\/div>\n\n\n<div class=\"breadcrumbs align  wp-block-bcn-breadcrumb-trail has-text-color has-background\" vocab=\"https:\/\/schema.org\/\" typeof=\"BreadcrumbList\">\n\t<span><\/span>\n\t<span property=\"itemListElement\" typeof=\"ListItem\"><a property=\"item\" typeof=\"WebPage\" title=\"Przejd\u017a do EV Cargo.\" href=\"https:\/\/www.evcargo.com\/pl\" class=\"home\" aria-current=\"page\"><span property=\"name\">\u0141adunek EV<\/span><\/a><meta property=\"position\" content=\"1\"><\/span><\/div>\n\n\n<section  class=\"wysiwyg\">\n\n\t<div class=\"container-fluid\">\n\n\t<h3>Wst\u0119p<\/h3>\n<p>1.1 EV Cargo Global Forwarding zobowi\u0105zuje si\u0119 do tworzenia bezpiecznego, uczciwego i spo\u0142ecznie odpowiedzialnego \u015brodowiska pracy.<\/p>\n<p>1.2 Chocia\u017c EV Cargo Global Forwarding nie jest cz\u0142onkiem Ethical Trade Initiative (ETI), polityka opiera si\u0119 na ETI Base Code. EV Cargo Global Forwarding oczekuje, \u017ce jego organizacja, sie\u0107 partnerska i dostawcy b\u0119d\u0105 przestrzega\u0107 Polityki opisanej poni\u017cej.<\/p>\n<p>Wyb\u00f3r zatrudnienia jest wolny<\/p>\n<p>2.1 Nikt nie mo\u017ce by\u0107 trzymany w niewoli lub podda\u0144stwie. Nie stosuje si\u0119 pracy przymusowej lub obowi\u0105zkowej, zgodnie z brytyjskim Modern Slavery Act 2015.<\/p>\n<p>2.2 Nie wyst\u0119puje handel lud\u017ami w celu wykorzystania, co obejmuje uzyskiwanie us\u0142ug si\u0142\u0105, gro\u017ab\u0105 lub oszustwem, ani uzyskiwanie us\u0142ug od dzieci i os\u00f3b bezbronnych, zgodnie z zapisami brytyjskiej ustawy o wsp\u00f3\u0142czesnym niewolnictwie z 2015 r.<\/p>\n<p>2.3 Pracownicy maj\u0105 prawo odej\u015b\u0107 od pracodawcy po uprzednim powiadomieniu.<\/p>\n<p>Wolno\u015b\u0107 zrzeszania si\u0119 i prawo do rokowa\u0144 zbiorowych s\u0105 przestrzegane w zakresie dozwolonym przez prawo lokalne.<\/p>\n<p>3.1 Wszyscy pracownicy maj\u0105 prawo do przyst\u0119powania do zwi\u0105zk\u00f3w zawodowych lub ich tworzenia, a tak\u017ce do rokowa\u0144 zbiorowych.<\/p>\n<p>3.2 Wszyscy pracodawcy musz\u0105 przyj\u0105\u0107 uczciw\u0105 i otwart\u0105 postaw\u0119 wobec dzia\u0142alno\u015bci zwi\u0105zk\u00f3w zawodowych.<\/p>\n<p>3.3 Je\u017celi prawo lokalne ogranicza dost\u0119p do uk\u0142ad\u00f3w zbiorowych i wolno\u015b\u0107 zrzeszania si\u0119, pracodawcy musz\u0105 zezwoli\u0107 na niezale\u017cne i swobodne zrzeszanie si\u0119 oraz prowadzenie uk\u0142ad\u00f3w zbiorowych.<\/p>\n<p>Warunki pracy s\u0105 bezpieczne i higieniczne<\/p>\n<p>4.1 Nale\u017cy zapewni\u0107 bezpieczne i higieniczne \u015brodowisko pracy, bior\u0105c pod uwag\u0119 aktualn\u0105 wiedz\u0119 bran\u017cy i wszelkie szczeg\u00f3lne zagro\u017cenia. Nale\u017cy podj\u0105\u0107 odpowiednie kroki w celu zapobiegania wypadkom i urazom zdrowia wynikaj\u0105cym z pracy, zwi\u0105zanym z ni\u0105 lub wyst\u0119puj\u0105cym w trakcie pracy, poprzez minimalizowanie, w zakresie, w jakim jest to racjonalnie wykonalne, przyczyn zagro\u017ce\u0144 inherentnych w \u015brodowisku pracy.<\/p>\n<p>4.2 Pracownicy musz\u0105 przej\u015b\u0107 odpowiednie szkolenie w zakresie zdrowia i bezpiecze\u0144stwa, kt\u00f3re nale\u017cy powt\u00f3rzy\u0107 w przypadku nowych i przeniesionych pracownik\u00f3w.<\/p>\n<p>4.3 Zakwaterowanie, o ile jest zapewnione, musi by\u0107 czyste, bezpieczne i spe\u0142nia\u0107 podstawowe potrzeby pracownik\u00f3w.<\/p>\n<p>4.4 Sp\u00f3\u0142ka stosuj\u0105ca si\u0119 do Polityki powierza odpowiedzialno\u015b\u0107 za zdrowie i bezpiecze\u0144stwo przedstawicielowi wy\u017cszej kadry kierowniczej.<br \/>\nPraca dzieci nie mo\u017ce by\u0107 wykorzystywana<\/p>\n<p>5.1 Niedozwolone jest korzystanie z pracy dzieci w spos\u00f3b maj\u0105cy charakter wyzysku lub zagra\u017caj\u0105cy zdrowiu, bezpiecze\u0144stwu, rozwojowi edukacyjnemu lub moralno\u015bci dziecka.<\/p>\n<p>5.2 Osoby poni\u017cej 18 roku \u017cycia nie mog\u0105 by\u0107 zatrudniane do pracy w nocy lub w niebezpiecznych warunkach. Nale\u017cy przestrzega\u0107 odpowiednich przepis\u00f3w dotycz\u0105cych wieku obowi\u0105zuj\u0105cych w kraju zatrudniaj\u0105cym.<\/p>\n<p>P\u0142acone s\u0105 p\u0142ace minimalne<\/p>\n<p>6.1 Wynagrodzenie powinno zawsze pozwala\u0107 na zaspokojenie podstawowych potrzeb i zapewnia\u0107 pewien doch\u00f3d dyskrecjonalny.<\/p>\n<p>6.2 Wynagrodzenia i \u015bwiadczenia musz\u0105 spe\u0142nia\u0107 co najmniej krajowe normy prawne lub standardy bran\u017cowe \u2014 w zale\u017cno\u015bci od tego, kt\u00f3re s\u0105 wy\u017csze.<\/p>\n<p>6.3. Ka\u017cdemu pracownikowi nale\u017cy przekaza\u0107 pisemn\u0105 i zrozumia\u0142\u0105 informacj\u0119 o warunkach zatrudnienia w zakresie wynagrodzenia przed podj\u0119ciem pracy oraz o szczeg\u00f3\u0142ach wynagrodzenia za dany okres rozliczeniowy przy ka\u017cdej wyp\u0142acie wynagrodzenia.<\/p>\n<p>6.4 Potr\u0105cenia z wynagrodzenia jako \u015brodek dyscyplinarny nie s\u0105 dozwolone, ani \u017cadne potr\u0105cenia z wynagrodzenia nieprzewidziane przez prawo krajowe nie s\u0105 dozwolone bez wyra\u017anej zgody pracownika, kt\u00f3rego to dotyczy. Wszystkie \u015brodki dyscyplinarne powinny by\u0107 rejestrowane.<\/p>\n<p>Godziny pracy nie s\u0105 nadmierne<\/p>\n<p>7.1 Czas pracy musi by\u0107 zgodny z przepisami prawa krajowego i znanymi standardami bran\u017cowymi.<\/p>\n<p>7.2 Pracownicy nie powinni regularnie pracowa\u0107 d\u0142u\u017cej ni\u017c 48 godzin tygodniowo.<\/p>\n<p>7.3 Ka\u017cdemu pracownikowi powinien zosta\u0107 przyznany co najmniej jeden dzie\u0144 wolny na ka\u017cdy okres siedmiu dni.<\/p>\n<p>7.4 Praca w godzinach nadliczbowych powinna by\u0107 dobrowolna i nie powinna przekracza\u0107 12 godzin tygodniowo.<\/p>\n<p>7.5 Nie nale\u017cy \u017c\u0105da\u0107 regularnego wykonywania pracy w godzinach nadliczbowych.<\/p>\n<p>Nie stosuje si\u0119 \u017cadnej dyskryminacji<\/p>\n<p>8.1 W zatrudnianiu, wynagradzaniu, dost\u0119pie do szkole\u0144, awansach, zwalnianiu z pracy lub przechodzeniu na emerytur\u0119 nie ma dyskryminacji ze wzgl\u0119du na ras\u0119, kast\u0119, pochodzenie narodowe, religi\u0119, niepe\u0142nosprawno\u015b\u0107, p\u0142e\u0107, stan cywilny, orientacj\u0119 seksualn\u0105, przynale\u017cno\u015b\u0107 zwi\u0105zkow\u0105 lub przynale\u017cno\u015b\u0107 polityczn\u0105.<\/p>\n<p>Zapewnione jest sta\u0142e zatrudnienie<\/p>\n<p>9.1 Pracodawcy s\u0105 zobowi\u0105zani, chyba \u017ce jest to nieuniknione, zapewni\u0107 sta\u0142e zatrudnienie w oparciu o uznany stosunek pracy ustanowiony na mocy prawa krajowego i praktyki krajowej.<\/p>\n<p>9.2 Pracodawcy nie mog\u0105 unika\u0107 zapewniania sta\u0142ego zatrudnienia za po\u015brednictwem si\u0142y roboczej w przypadku zawierania um\u00f3w o prac\u0119, podwykonawstwa lub pracy w domu ani w ramach program\u00f3w praktyk, je\u015bli nie ma rzeczywistego zamiaru przekazywania umiej\u0119tno\u015bci lub zapewniania sta\u0142ego zatrudnienia, ani te\u017c nie mog\u0105 unika\u0107 takich zobowi\u0105za\u0144 poprzez nadmierne stosowanie um\u00f3w o prac\u0119 na czas okre\u015blony.<\/p>\n<p>Nie dopuszcza si\u0119 \u017cadnego brutalnego ani nieludzkiego traktowania<\/p>\n<p>10.1 Zabrania si\u0119 stosowania przemocy fizycznej lub kar cielesnych, gr\u00f3\u017ab przemocy fizycznej, molestowania seksualnego lub innego rodzaju molestowania oraz zniewag s\u0142ownych i innych form zastraszania.<\/p>\n<p>Nie jest dozwolone \u017cadne przekupstwo ani nak\u0142anianie.<\/p>\n<p>11.1 Niedozwolone jest przekupstwo, zach\u0119ta lub nagroda oferowana, obiecana lub dostarczona w celu uzyskania jakiejkolwiek korzy\u015bci handlowej, regulacyjnej lub osobistej. Wi\u0119cej szczeg\u00f3\u0142\u00f3w mo\u017cna znale\u017a\u0107 w naszej Polityce antykorupcyjnej.<\/p>\n<p>Audyty<\/p>\n<p>12.1 Audyty wewn\u0119trzne \u201ezapowiedziane i niezapowiedziane\u201d b\u0119d\u0105 przeprowadzane losowo przez Ethical Trading Manager (ETM) w ci\u0105gu roku. ETM b\u0119dzie r\u00f3wnie\u017c instruowa\u0107 strony trzecie, aby przeprowadza\u0142y audyty zewn\u0119trzne dotycz\u0105ce odpowiedzialno\u015bci spo\u0142ecznej i Ethic Trade. Wszelkie uchybienia, kt\u00f3re mog\u0105 zosta\u0107 zidentyfikowane, zostan\u0105 przekazane zarz\u0105dowi za po\u015brednictwem Ethical Compliance Committee, a solidny Plan Dzia\u0142a\u0144 Koryguj\u0105cych zostanie wdro\u017cony. Wszelkie zidentyfikowane najlepsze praktyki zostan\u0105 r\u00f3wnie\u017c przekazane i ewentualnie zniszczone w naszej sieci partnerskiej. Te audyty i raporty zapewniaj\u0105 pewno\u015b\u0107 EV Cargo Global Forwarding, jej klientom i sieci partnerskiej.<\/p>\n<p>Wypowiadanie si\u0119 (mo\u017cna to powiedzie\u0107)<\/p>\n<p>13.1 Aby zapewni\u0107 skuteczny kana\u0142 zg\u0142aszania przypadk\u00f3w niew\u0142a\u015bciwego post\u0119powania, EV Cargo Global Forwarding ma dedykowan\u0105 poufn\u0105 infolini\u0119 Whistleblowing Hotline, z kt\u00f3r\u0105 mo\u017cna si\u0119 skontaktowa\u0107 pod numerem 0800 374199. Je\u015bli znajdujesz si\u0119 poza Wielk\u0105 Brytani\u0105, zapoznaj si\u0119 z Za\u0142\u0105cznikiem 1, aby uzyska\u0107 list\u0119 numer\u00f3w kontaktowych. Wszystkie te numery s\u0105 obs\u0142ugiwane przez Navex Global 24\/7.<\/p>\n<p>Przydatne informacje kontaktowe:<\/p>\n<p>14.1 Ethical Trading Manager ma bezpo\u015bredni dost\u0119p do zarz\u0105du w kwestiach zwi\u0105zanych z etyk\u0105. Je\u015bli masz jakiekolwiek obawy i chcesz si\u0119 wypowiedzie\u0107, skorzystaj z poni\u017cszych numer\u00f3w kontaktowych. Twoje dane pozostan\u0105 anonimowe, chyba \u017ce zaznaczono inaczej. Pami\u0119taj, \u017ce mo\u017cesz je poda\u0107.<\/p>\n<p>E-mail: <a href=\"mailto:ethical.trade@ev-cargo.com\">ethical.trade@ev-cargo.com <\/a><\/p>\n<p>&nbsp;<\/p>\n\n\t<\/div>\n\n<\/section>","protected":false},"excerpt":{"rendered":"<p>EV Cargo Global Forwarding anga\u017cuje si\u0119 w tworzenie bezpiecznego, uczciwego i spo\u0142ecznie odpowiedzialnego \u015brodowiska pracy\u2026<\/p>","protected":false},"author":9,"featured_media":98561,"parent":3722,"menu_order":0,"comment_status":"closed","ping_status":"closed","template":"","meta":{"_acf_changed":false,"footnotes":""},"class_list":["post-98304","page","type-page","status-publish","has-post-thumbnail","hentry"],"acf":[],"yoast_head":"<!-- This site is optimized with the Yoast SEO plugin v27.3 - https:\/\/yoast.com\/product\/yoast-seo-wordpress\/ -->\n<title>Ethical Trade Policy - EV Cargo<\/title>\n<meta name=\"robots\" content=\"index, follow, max-snippet:-1, max-image-preview:large, max-video-preview:-1\" \/>\n<link rel=\"canonical\" href=\"https:\/\/www.evcargo.com\/pl\/policies-and-statements\/ethical-trade-policy\/\" \/>\n<meta property=\"og:locale\" content=\"pl_PL\" \/>\n<meta property=\"og:type\" content=\"article\" \/>\n<meta property=\"og:title\" content=\"Ethical Trade Policy - EV Cargo\" \/>\n<meta property=\"og:description\" content=\"EV Cargo Global Forwarding is committed to creating a safe, fair and socially responsible working...\" \/>\n<meta property=\"og:url\" content=\"https:\/\/www.evcargo.com\/pl\/policies-and-statements\/ethical-trade-policy\/\" \/>\n<meta property=\"og:site_name\" content=\"EV Cargo\" \/>\n<meta property=\"article:modified_time\" content=\"2021-11-30T15:44:59+00:00\" \/>\n<meta property=\"og:image\" content=\"https:\/\/www.evcargo.com\/wp-content\/uploads\/2021\/07\/Banners-2021-07-12T171532.489.png\" \/>\n\t<meta property=\"og:image:width\" content=\"1200\" \/>\n\t<meta property=\"og:image:height\" content=\"500\" \/>\n\t<meta property=\"og:image:type\" content=\"image\/png\" \/>\n<meta name=\"twitter:card\" content=\"summary_large_image\" \/>\n<script type=\"application\/ld+json\" class=\"yoast-schema-graph\">{\"@context\":\"https:\\\/\\\/schema.org\",\"@graph\":[{\"@type\":\"WebPage\",\"@id\":\"https:\\\/\\\/www.evcargo.com\\\/policies-and-statements\\\/ethical-trade-policy\\\/\",\"url\":\"https:\\\/\\\/www.evcargo.com\\\/policies-and-statements\\\/ethical-trade-policy\\\/\",\"name\":\"Ethical Trade Policy - EV Cargo\",\"isPartOf\":{\"@id\":\"https:\\\/\\\/www.evcargo.com\\\/de\\\/#website\"},\"primaryImageOfPage\":{\"@id\":\"https:\\\/\\\/www.evcargo.com\\\/policies-and-statements\\\/ethical-trade-policy\\\/#primaryimage\"},\"image\":{\"@id\":\"https:\\\/\\\/www.evcargo.com\\\/policies-and-statements\\\/ethical-trade-policy\\\/#primaryimage\"},\"thumbnailUrl\":\"https:\\\/\\\/www.evcargo.com\\\/wp-content\\\/uploads\\\/2021\\\/07\\\/Banners-2021-07-12T171532.489.png\",\"datePublished\":\"2021-07-12T14:42:10+00:00\",\"dateModified\":\"2021-11-30T15:44:59+00:00\",\"breadcrumb\":{\"@id\":\"https:\\\/\\\/www.evcargo.com\\\/policies-and-statements\\\/ethical-trade-policy\\\/#breadcrumb\"},\"inLanguage\":\"pl-PL\",\"potentialAction\":[{\"@type\":\"ReadAction\",\"target\":[\"https:\\\/\\\/www.evcargo.com\\\/policies-and-statements\\\/ethical-trade-policy\\\/\"]}]},{\"@type\":\"ImageObject\",\"inLanguage\":\"pl-PL\",\"@id\":\"https:\\\/\\\/www.evcargo.com\\\/policies-and-statements\\\/ethical-trade-policy\\\/#primaryimage\",\"url\":\"https:\\\/\\\/www.evcargo.com\\\/wp-content\\\/uploads\\\/2021\\\/07\\\/Banners-2021-07-12T171532.489.png\",\"contentUrl\":\"https:\\\/\\\/www.evcargo.com\\\/wp-content\\\/uploads\\\/2021\\\/07\\\/Banners-2021-07-12T171532.489.png\",\"width\":1200,\"height\":500},{\"@type\":\"BreadcrumbList\",\"@id\":\"https:\\\/\\\/www.evcargo.com\\\/policies-and-statements\\\/ethical-trade-policy\\\/#breadcrumb\",\"itemListElement\":[{\"@type\":\"ListItem\",\"position\":1,\"name\":\"Policies and Statements\",\"item\":\"https:\\\/\\\/www.evcargo.com\\\/policies-and-statements\\\/\"},{\"@type\":\"ListItem\",\"position\":2,\"name\":\"Ethical Trade Policy\"}]},{\"@type\":\"WebSite\",\"@id\":\"https:\\\/\\\/www.evcargo.com\\\/de\\\/#website\",\"url\":\"https:\\\/\\\/www.evcargo.com\\\/de\\\/\",\"name\":\"EV Cargo\",\"description\":\"\",\"publisher\":{\"@id\":\"https:\\\/\\\/www.evcargo.com\\\/de\\\/#organization\"},\"potentialAction\":[{\"@type\":\"SearchAction\",\"target\":{\"@type\":\"EntryPoint\",\"urlTemplate\":\"https:\\\/\\\/www.evcargo.com\\\/de\\\/?s={search_term_string}\"},\"query-input\":{\"@type\":\"PropertyValueSpecification\",\"valueRequired\":true,\"valueName\":\"search_term_string\"}}],\"inLanguage\":\"pl-PL\"},{\"@type\":\"Organization\",\"@id\":\"https:\\\/\\\/www.evcargo.com\\\/de\\\/#organization\",\"name\":\"EV Cargo\",\"alternateName\":\"EVC\",\"url\":\"https:\\\/\\\/www.evcargo.com\\\/de\\\/\",\"logo\":{\"@type\":\"ImageObject\",\"inLanguage\":\"pl-PL\",\"@id\":\"https:\\\/\\\/www.evcargo.com\\\/de\\\/#\\\/schema\\\/logo\\\/image\\\/\",\"url\":\"https:\\\/\\\/www.evcargo.com\\\/wp-content\\\/uploads\\\/2025\\\/02\\\/ev-cargo-logo.png\",\"contentUrl\":\"https:\\\/\\\/www.evcargo.com\\\/wp-content\\\/uploads\\\/2025\\\/02\\\/ev-cargo-logo.png\",\"width\":364,\"height\":78,\"caption\":\"EV Cargo\"},\"image\":{\"@id\":\"https:\\\/\\\/www.evcargo.com\\\/de\\\/#\\\/schema\\\/logo\\\/image\\\/\"}}]}<\/script>\n<!-- \/ Yoast SEO plugin. -->","yoast_head_json":{"title":"Polityka etycznego handlu \u2013 EV Cargo","robots":{"index":"index","follow":"follow","max-snippet":"max-snippet:-1","max-image-preview":"max-image-preview:large","max-video-preview":"max-video-preview:-1"},"canonical":"https:\/\/www.evcargo.com\/pl\/policies-and-statements\/ethical-trade-policy\/","og_locale":"pl_PL","og_type":"article","og_title":"Ethical Trade Policy - EV Cargo","og_description":"EV Cargo Global Forwarding is committed to creating a safe, fair and socially responsible working...","og_url":"https:\/\/www.evcargo.com\/pl\/policies-and-statements\/ethical-trade-policy\/","og_site_name":"EV Cargo","article_modified_time":"2021-11-30T15:44:59+00:00","og_image":[{"width":1200,"height":500,"url":"https:\/\/www.evcargo.com\/wp-content\/uploads\/2021\/07\/Banners-2021-07-12T171532.489.png","type":"image\/png"}],"twitter_card":"summary_large_image","schema":{"@context":"https:\/\/schema.org","@graph":[{"@type":"WebPage","@id":"https:\/\/www.evcargo.com\/policies-and-statements\/ethical-trade-policy\/","url":"https:\/\/www.evcargo.com\/policies-and-statements\/ethical-trade-policy\/","name":"Polityka etycznego handlu \u2013 EV Cargo","isPartOf":{"@id":"https:\/\/www.evcargo.com\/de\/#website"},"primaryImageOfPage":{"@id":"https:\/\/www.evcargo.com\/policies-and-statements\/ethical-trade-policy\/#primaryimage"},"image":{"@id":"https:\/\/www.evcargo.com\/policies-and-statements\/ethical-trade-policy\/#primaryimage"},"thumbnailUrl":"https:\/\/www.evcargo.com\/wp-content\/uploads\/2021\/07\/Banners-2021-07-12T171532.489.png","datePublished":"2021-07-12T14:42:10+00:00","dateModified":"2021-11-30T15:44:59+00:00","breadcrumb":{"@id":"https:\/\/www.evcargo.com\/policies-and-statements\/ethical-trade-policy\/#breadcrumb"},"inLanguage":"pl-PL","potentialAction":[{"@type":"ReadAction","target":["https:\/\/www.evcargo.com\/policies-and-statements\/ethical-trade-policy\/"]}]},{"@type":"ImageObject","inLanguage":"pl-PL","@id":"https:\/\/www.evcargo.com\/policies-and-statements\/ethical-trade-policy\/#primaryimage","url":"https:\/\/www.evcargo.com\/wp-content\/uploads\/2021\/07\/Banners-2021-07-12T171532.489.png","contentUrl":"https:\/\/www.evcargo.com\/wp-content\/uploads\/2021\/07\/Banners-2021-07-12T171532.489.png","width":1200,"height":500},{"@type":"BreadcrumbList","@id":"https:\/\/www.evcargo.com\/policies-and-statements\/ethical-trade-policy\/#breadcrumb","itemListElement":[{"@type":"ListItem","position":1,"name":"Policies and Statements","item":"https:\/\/www.evcargo.com\/policies-and-statements\/"},{"@type":"ListItem","position":2,"name":"Ethical Trade Policy"}]},{"@type":"WebSite","@id":"https:\/\/www.evcargo.com\/de\/#website","url":"https:\/\/www.evcargo.com\/de\/","name":"\u0141adunek EV","description":"","publisher":{"@id":"https:\/\/www.evcargo.com\/de\/#organization"},"potentialAction":[{"@type":"SearchAction","target":{"@type":"EntryPoint","urlTemplate":"https:\/\/www.evcargo.com\/de\/?s={search_term_string}"},"query-input":{"@type":"PropertyValueSpecification","valueRequired":true,"valueName":"search_term_string"}}],"inLanguage":"pl-PL"},{"@type":"Organization","@id":"https:\/\/www.evcargo.com\/de\/#organization","name":"\u0141adunek EV","alternateName":"EVC","url":"https:\/\/www.evcargo.com\/de\/","logo":{"@type":"ImageObject","inLanguage":"pl-PL","@id":"https:\/\/www.evcargo.com\/de\/#\/schema\/logo\/image\/","url":"https:\/\/www.evcargo.com\/wp-content\/uploads\/2025\/02\/ev-cargo-logo.png","contentUrl":"https:\/\/www.evcargo.com\/wp-content\/uploads\/2025\/02\/ev-cargo-logo.png","width":364,"height":78,"caption":"EV Cargo"},"image":{"@id":"https:\/\/www.evcargo.com\/de\/#\/schema\/logo\/image\/"}}]}},"_links":{"self":[{"href":"https:\/\/www.evcargo.com\/pl\/wp-json\/wp\/v2\/pages\/98304","targetHints":{"allow":["GET"]}}],"collection":[{"href":"https:\/\/www.evcargo.com\/pl\/wp-json\/wp\/v2\/pages"}],"about":[{"href":"https:\/\/www.evcargo.com\/pl\/wp-json\/wp\/v2\/types\/page"}],"author":[{"embeddable":true,"href":"https:\/\/www.evcargo.com\/pl\/wp-json\/wp\/v2\/users\/9"}],"replies":[{"embeddable":true,"href":"https:\/\/www.evcargo.com\/pl\/wp-json\/wp\/v2\/comments?post=98304"}],"version-history":[{"count":0,"href":"https:\/\/www.evcargo.com\/pl\/wp-json\/wp\/v2\/pages\/98304\/revisions"}],"up":[{"embeddable":true,"href":"https:\/\/www.evcargo.com\/pl\/wp-json\/wp\/v2\/pages\/3722"}],"wp:featuredmedia":[{"embeddable":true,"href":"https:\/\/www.evcargo.com\/pl\/wp-json\/wp\/v2\/media\/98561"}],"wp:attachment":[{"href":"https:\/\/www.evcargo.com\/pl\/wp-json\/wp\/v2\/media?parent=98304"}],"curies":[{"name":"wp","href":"https:\/\/api.w.org\/{rel}","templated":true}]}}