{"id":98539,"date":"2021-07-12T16:34:47","date_gmt":"2021-07-12T15:34:47","guid":{"rendered":"https:\/\/evc.extramilecommunications.dev\/?page_id=98539"},"modified":"2021-11-30T15:45:36","modified_gmt":"2021-11-30T15:45:36","slug":"single-use-plastic-policy","status":"publish","type":"page","link":"https:\/\/www.evcargo.com\/pl\/policies-and-statements\/single-use-plastic-policy\/","title":{"rendered":"Polityka dotycz\u0105ca plastiku jednorazowego u\u017cytku"},"content":{"rendered":"<section  class=\"small-banner\" style=\" background-color:#D8D8D8 \">\n\n\t<div class=\"container-fluid\">\n\n\t\t<h1>Polityka dotycz\u0105ca plastiku jednorazowego u\u017cytku<\/h1>\n\t<\/div>\n\n<\/section>\n\n<div class=\"breadcrumbs\" typeof=\"BreadcrumbList\" vocab=\"https:\/\/schema.org\/\">\n\t<div class=\"container-fluid\">\n\n\t\t<span property=\"itemListElement\" typeof=\"ListItem\"><a property=\"item\" typeof=\"WebPage\" title=\"Przejd\u017a do EV Cargo.\" href=\"https:\/\/www.evcargo.com\/pl\" class=\"home\" aria-current=\"page\"><span property=\"name\">\u0141adunek EV<\/span><\/a><meta property=\"position\" content=\"1\"><\/span>\t<\/div>\n<\/div>\n\n\n<div class=\"breadcrumbs align  wp-block-bcn-breadcrumb-trail has-text-color has-background\" vocab=\"https:\/\/schema.org\/\" typeof=\"BreadcrumbList\">\n\t<span><\/span>\n\t<span property=\"itemListElement\" typeof=\"ListItem\"><a property=\"item\" typeof=\"WebPage\" title=\"Przejd\u017a do EV Cargo.\" href=\"https:\/\/www.evcargo.com\/pl\" class=\"home\" aria-current=\"page\"><span property=\"name\">\u0141adunek EV<\/span><\/a><meta property=\"position\" content=\"1\"><\/span><\/div>\n\n\n<section  class=\"wysiwyg\">\n\n\t<div class=\"container-fluid\">\n\n\t<p>EV Cargo Global Forwarding uznaje potrzeb\u0119 wdra\u017cania zr\u00f3wnowa\u017conych praktyk w naszych sposobach pracy, aby pom\u00f3c kszta\u0142towa\u0107 lepszy \u015bwiat na jutro. Nasza strategia ACSelerate 2021 opiera si\u0119 na czterech filarach, a w ramach filaru \u201eDobrze czyni\u0107, czyni\u0105c dobro\u201d wdro\u017cyli\u015bmy nasz\u0105 Polityk\u0119 dotycz\u0105c\u0105 plastiku jednorazowego u\u017cytku i zobowi\u0105zali\u015bmy si\u0119 do zmniejszenia ilo\u015bci plastiku jednorazowego u\u017cytku w naszej firmie (je\u015bli jest to realistyczne) do 2021 r., maj\u0105c na celu ca\u0142kowit\u0105 eliminacj\u0119, je\u015bli to mo\u017cliwe. Niniejsza Polityka zawiera wytyczne dla firmy dotycz\u0105ce wdra\u017cania inicjatywy.<\/p>\n<p>Definicja plastiku jednorazowego u\u017cytku:<\/p>\n<ol>\n<li>Plastik jednorazowego u\u017cytku obejmuje wszystkie produkty wykonane w ca\u0142o\u015bci lub w cz\u0119\u015bci z plastiku, kt\u00f3ry jest zazwyczaj przeznaczony do jednorazowego u\u017cycia i\/lub przez kr\u00f3tki okres czasu (np. tydzie\u0144) przed wyrzuceniem. Obejmuje przedmioty, kt\u00f3re mo\u017cna podda\u0107 recyklingowi, chyba \u017ce istnieje problem prawny i\/lub zdrowotny i bezpiecze\u0144stwa, kt\u00f3ry wymaga u\u017cycia plastiku jednorazowego u\u017cytku (np. r\u0119kawiczki do \u017cywno\u015bci, konserwowanie \u017cywno\u015bci).<\/li>\n<li>Bioplastiki nie s\u0105 obecnie uwa\u017cane za odpowiedni\u0105 alternatyw\u0119 dla jednorazowych tworzyw sztucznych na bazie ropy naftowej. Bioplastiki wygl\u0105daj\u0105 i wydaj\u0105 si\u0119 by\u0107 podobne do plastiku i mog\u0105 dezorientowa\u0107 u\u017cytkownika ko\u0144cowego, co mo\u017ce skutkowa\u0107 potencjalnym zanieczyszczeniem strumieni recyklingu plastiku. Cz\u0119sto ulegaj\u0105 biodegradacji z czasem, ale tylko w okre\u015blonych okoliczno\u015bciach (np. obr\u00f3bka cieplna) i nie s\u0105 szeroko dost\u0119pne dla konsument\u00f3w ko\u0144cowych.<\/li>\n<\/ol>\n<p>B\u0119dziemy pracowa\u0107 nad usuni\u0119ciem jednorazowych plastik\u00f3w, kt\u00f3rych mo\u017cna unikn\u0105\u0107, i zast\u0105pimy te, kt\u00f3re maj\u0105 realn\u0105 i zr\u00f3wnowa\u017con\u0105 alternatyw\u0119. Kluczow\u0105 faz\u0105 pocz\u0105tkow\u0105 jest dla EV Cargo Global Forwarding identyfikacja i kwalifikacja jednorazowych plastik\u00f3w, kt\u00f3rymi nale\u017cy si\u0119 zaj\u0105\u0107, poni\u017csza lista nie jest wyczerpuj\u0105ca, ale zawiera szczeg\u00f3\u0142y niekt\u00f3rych oczywistych obszar\u00f3w, na kt\u00f3re nale\u017cy si\u0119 skupi\u0107.<\/p>\n<p>Tworzywa sztuczne stosowane w gastronomii:<\/p>\n<ol>\n<li>Saszetki jednorazowego u\u017cytku (np. kapsu\u0142ki z kaw\u0105, sosy, mleko)<\/li>\n<li>Sztu\u0107ce, pude\u0142ka i talerze na wynos<\/li>\n<li>Kubki wykonane w ca\u0142o\u015bci lub cz\u0119\u015bciowo z plastiku<\/li>\n<li>Butelki na wod\u0119<\/li>\n<li>S\u0142omki i mieszad\u0142a<\/li>\n<\/ol>\n<p>Tworzywa sztuczne stosowane do czyszczenia:<\/p>\n<ol>\n<li>Pojemniki jednorazowego u\u017cytku (np. myd\u0142o do r\u0105k, produkty czyszcz\u0105ce)<\/li>\n<li>Chusteczki zawieraj\u0105ce plastik<\/li>\n<\/ol>\n<p>Tworzywa sztuczne u\u017cywane w biurze:<\/p>\n<ol>\n<li>Koperty<\/li>\n<li>Opakowanie plastikowe na broszury<\/li>\n<\/ol>\n<p>Tworzywa sztuczne stosowane w opakowaniach:<\/p>\n<ol>\n<li>Opakowania jednorazowego u\u017cytku z dostaw, je\u015bli mo\u017cna tego unikn\u0105\u0107<\/li>\n<li>Torby jednorazowego u\u017cytku<\/li>\n<\/ol>\n<p>Tworzywa sztuczne stosowane w magazynach i transporcie:<\/p>\n<ol>\n<li>Folia termokurczliwa<\/li>\n<li>Plomby jednorazowego u\u017cytku<\/li>\n<li>Nadbagi<\/li>\n<li>Dostawcy i pracownicy zajmuj\u0105cy si\u0119 pakowaniem<\/li>\n<\/ol>\n<p>EV Cargo Global Forwarding b\u0119dzie wsp\u00f3\u0142pracowa\u0107 z odpowiednimi dostawcami w celu wdro\u017cenia alternatywnych produkt\u00f3w w ca\u0142ej naszej firmie. B\u0119dziemy r\u00f3wnie\u017c wsp\u00f3\u0142pracowa\u0107 z naszymi wsp\u00f3\u0142pracownikami, aby przyj\u0105\u0107 t\u0119 polityk\u0119 na poziomie osobistym. Chocia\u017c ta polityka nie obejmuje plastiku przynoszonego przez wsp\u00f3\u0142pracownik\u00f3w, b\u0119dziemy zach\u0119ca\u0107 naszych wsp\u00f3\u0142pracownik\u00f3w do zmniejszenia ilo\u015bci u\u017cywanego plastiku poprzez podnoszenie \u015bwiadomo\u015bci i zach\u0119canie do zmiany zachowa\u0144.<\/p>\n<p>EV Cargo Global Forwarding zobowi\u0105zuje si\u0119 do zwi\u0119kszenia zr\u00f3wnowa\u017conego rozwoju swojej dzia\u0142alno\u015bci. W zwi\u0105zku z tym b\u0119dziemy nadal ocenia\u0107 inne jednorazowe tworzywa sztuczne niewymienione powy\u017cej i przegl\u0105da\u0107 t\u0119 polityk\u0119 w razie potrzeby.<\/p>\n<p>** Zaktualizowano we wrze\u015bniu 2020 r. **<\/p>\n<p>PL\/ESG\/POL\/0001<\/p>\n\n\t<\/div>\n\n<\/section>","protected":false},"excerpt":{"rendered":"<p>Firma EV Cargo Global Forwarding zdaje sobie spraw\u0119 z konieczno\u015bci wdro\u017cenia zr\u00f3wnowa\u017conych praktyk w swoim sposobie pracy, aby pom\u00f3c w kszta\u0142towaniu lepszego \u015bwiata jutra. <\/p>","protected":false},"author":9,"featured_media":98577,"parent":3722,"menu_order":0,"comment_status":"closed","ping_status":"closed","template":"","meta":{"_acf_changed":false,"footnotes":""},"class_list":["post-98539","page","type-page","status-publish","has-post-thumbnail","hentry"],"acf":[],"yoast_head":"<!-- This site is optimized with the Yoast SEO plugin v27.3 - https:\/\/yoast.com\/product\/yoast-seo-wordpress\/ -->\n<title>Single-Use Plastic Policy - EV Cargo<\/title>\n<meta name=\"robots\" content=\"index, follow, max-snippet:-1, max-image-preview:large, max-video-preview:-1\" \/>\n<link rel=\"canonical\" href=\"https:\/\/www.evcargo.com\/pl\/policies-and-statements\/single-use-plastic-policy\/\" \/>\n<meta property=\"og:locale\" content=\"pl_PL\" \/>\n<meta property=\"og:type\" content=\"article\" \/>\n<meta property=\"og:title\" content=\"Single-Use Plastic Policy - EV Cargo\" \/>\n<meta property=\"og:description\" content=\"EV Cargo Global Forwarding recognises the need to drive sustainable practices into our ways of working, to help shape a better world for tomorrow.\" \/>\n<meta property=\"og:url\" content=\"https:\/\/www.evcargo.com\/pl\/policies-and-statements\/single-use-plastic-policy\/\" \/>\n<meta property=\"og:site_name\" content=\"EV Cargo\" \/>\n<meta property=\"article:modified_time\" content=\"2021-11-30T15:45:36+00:00\" \/>\n<meta property=\"og:image\" content=\"https:\/\/www.evcargo.com\/wp-content\/uploads\/2021\/07\/Banners-2021-07-12T172651.910.png\" \/>\n\t<meta property=\"og:image:width\" content=\"1200\" \/>\n\t<meta property=\"og:image:height\" content=\"500\" \/>\n\t<meta property=\"og:image:type\" content=\"image\/png\" \/>\n<meta name=\"twitter:card\" content=\"summary_large_image\" \/>\n<script type=\"application\/ld+json\" class=\"yoast-schema-graph\">{\"@context\":\"https:\\\/\\\/schema.org\",\"@graph\":[{\"@type\":\"WebPage\",\"@id\":\"https:\\\/\\\/www.evcargo.com\\\/policies-and-statements\\\/single-use-plastic-policy\\\/\",\"url\":\"https:\\\/\\\/www.evcargo.com\\\/policies-and-statements\\\/single-use-plastic-policy\\\/\",\"name\":\"Single-Use Plastic Policy - EV Cargo\",\"isPartOf\":{\"@id\":\"https:\\\/\\\/www.evcargo.com\\\/de\\\/#website\"},\"primaryImageOfPage\":{\"@id\":\"https:\\\/\\\/www.evcargo.com\\\/policies-and-statements\\\/single-use-plastic-policy\\\/#primaryimage\"},\"image\":{\"@id\":\"https:\\\/\\\/www.evcargo.com\\\/policies-and-statements\\\/single-use-plastic-policy\\\/#primaryimage\"},\"thumbnailUrl\":\"https:\\\/\\\/www.evcargo.com\\\/wp-content\\\/uploads\\\/2021\\\/07\\\/Banners-2021-07-12T172651.910.png\",\"datePublished\":\"2021-07-12T15:34:47+00:00\",\"dateModified\":\"2021-11-30T15:45:36+00:00\",\"breadcrumb\":{\"@id\":\"https:\\\/\\\/www.evcargo.com\\\/policies-and-statements\\\/single-use-plastic-policy\\\/#breadcrumb\"},\"inLanguage\":\"pl-PL\",\"potentialAction\":[{\"@type\":\"ReadAction\",\"target\":[\"https:\\\/\\\/www.evcargo.com\\\/policies-and-statements\\\/single-use-plastic-policy\\\/\"]}]},{\"@type\":\"ImageObject\",\"inLanguage\":\"pl-PL\",\"@id\":\"https:\\\/\\\/www.evcargo.com\\\/policies-and-statements\\\/single-use-plastic-policy\\\/#primaryimage\",\"url\":\"https:\\\/\\\/www.evcargo.com\\\/wp-content\\\/uploads\\\/2021\\\/07\\\/Banners-2021-07-12T172651.910.png\",\"contentUrl\":\"https:\\\/\\\/www.evcargo.com\\\/wp-content\\\/uploads\\\/2021\\\/07\\\/Banners-2021-07-12T172651.910.png\",\"width\":1200,\"height\":500},{\"@type\":\"BreadcrumbList\",\"@id\":\"https:\\\/\\\/www.evcargo.com\\\/policies-and-statements\\\/single-use-plastic-policy\\\/#breadcrumb\",\"itemListElement\":[{\"@type\":\"ListItem\",\"position\":1,\"name\":\"Policies and Statements\",\"item\":\"https:\\\/\\\/www.evcargo.com\\\/policies-and-statements\\\/\"},{\"@type\":\"ListItem\",\"position\":2,\"name\":\"Single-Use Plastic Policy\"}]},{\"@type\":\"WebSite\",\"@id\":\"https:\\\/\\\/www.evcargo.com\\\/de\\\/#website\",\"url\":\"https:\\\/\\\/www.evcargo.com\\\/de\\\/\",\"name\":\"EV Cargo\",\"description\":\"\",\"publisher\":{\"@id\":\"https:\\\/\\\/www.evcargo.com\\\/de\\\/#organization\"},\"potentialAction\":[{\"@type\":\"SearchAction\",\"target\":{\"@type\":\"EntryPoint\",\"urlTemplate\":\"https:\\\/\\\/www.evcargo.com\\\/de\\\/?s={search_term_string}\"},\"query-input\":{\"@type\":\"PropertyValueSpecification\",\"valueRequired\":true,\"valueName\":\"search_term_string\"}}],\"inLanguage\":\"pl-PL\"},{\"@type\":\"Organization\",\"@id\":\"https:\\\/\\\/www.evcargo.com\\\/de\\\/#organization\",\"name\":\"EV Cargo\",\"alternateName\":\"EVC\",\"url\":\"https:\\\/\\\/www.evcargo.com\\\/de\\\/\",\"logo\":{\"@type\":\"ImageObject\",\"inLanguage\":\"pl-PL\",\"@id\":\"https:\\\/\\\/www.evcargo.com\\\/de\\\/#\\\/schema\\\/logo\\\/image\\\/\",\"url\":\"https:\\\/\\\/www.evcargo.com\\\/wp-content\\\/uploads\\\/2025\\\/02\\\/ev-cargo-logo.png\",\"contentUrl\":\"https:\\\/\\\/www.evcargo.com\\\/wp-content\\\/uploads\\\/2025\\\/02\\\/ev-cargo-logo.png\",\"width\":364,\"height\":78,\"caption\":\"EV Cargo\"},\"image\":{\"@id\":\"https:\\\/\\\/www.evcargo.com\\\/de\\\/#\\\/schema\\\/logo\\\/image\\\/\"}}]}<\/script>\n<!-- \/ Yoast SEO plugin. -->","yoast_head_json":{"title":"Polityka dotycz\u0105ca plastiku jednorazowego u\u017cytku \u2013 EV Cargo","robots":{"index":"index","follow":"follow","max-snippet":"max-snippet:-1","max-image-preview":"max-image-preview:large","max-video-preview":"max-video-preview:-1"},"canonical":"https:\/\/www.evcargo.com\/pl\/policies-and-statements\/single-use-plastic-policy\/","og_locale":"pl_PL","og_type":"article","og_title":"Single-Use Plastic Policy - EV Cargo","og_description":"EV Cargo Global Forwarding recognises the need to drive sustainable practices into our ways of working, to help shape a better world for tomorrow.","og_url":"https:\/\/www.evcargo.com\/pl\/policies-and-statements\/single-use-plastic-policy\/","og_site_name":"EV Cargo","article_modified_time":"2021-11-30T15:45:36+00:00","og_image":[{"width":1200,"height":500,"url":"https:\/\/www.evcargo.com\/wp-content\/uploads\/2021\/07\/Banners-2021-07-12T172651.910.png","type":"image\/png"}],"twitter_card":"summary_large_image","schema":{"@context":"https:\/\/schema.org","@graph":[{"@type":"WebPage","@id":"https:\/\/www.evcargo.com\/policies-and-statements\/single-use-plastic-policy\/","url":"https:\/\/www.evcargo.com\/policies-and-statements\/single-use-plastic-policy\/","name":"Polityka dotycz\u0105ca plastiku jednorazowego u\u017cytku \u2013 EV Cargo","isPartOf":{"@id":"https:\/\/www.evcargo.com\/de\/#website"},"primaryImageOfPage":{"@id":"https:\/\/www.evcargo.com\/policies-and-statements\/single-use-plastic-policy\/#primaryimage"},"image":{"@id":"https:\/\/www.evcargo.com\/policies-and-statements\/single-use-plastic-policy\/#primaryimage"},"thumbnailUrl":"https:\/\/www.evcargo.com\/wp-content\/uploads\/2021\/07\/Banners-2021-07-12T172651.910.png","datePublished":"2021-07-12T15:34:47+00:00","dateModified":"2021-11-30T15:45:36+00:00","breadcrumb":{"@id":"https:\/\/www.evcargo.com\/policies-and-statements\/single-use-plastic-policy\/#breadcrumb"},"inLanguage":"pl-PL","potentialAction":[{"@type":"ReadAction","target":["https:\/\/www.evcargo.com\/policies-and-statements\/single-use-plastic-policy\/"]}]},{"@type":"ImageObject","inLanguage":"pl-PL","@id":"https:\/\/www.evcargo.com\/policies-and-statements\/single-use-plastic-policy\/#primaryimage","url":"https:\/\/www.evcargo.com\/wp-content\/uploads\/2021\/07\/Banners-2021-07-12T172651.910.png","contentUrl":"https:\/\/www.evcargo.com\/wp-content\/uploads\/2021\/07\/Banners-2021-07-12T172651.910.png","width":1200,"height":500},{"@type":"BreadcrumbList","@id":"https:\/\/www.evcargo.com\/policies-and-statements\/single-use-plastic-policy\/#breadcrumb","itemListElement":[{"@type":"ListItem","position":1,"name":"Policies and Statements","item":"https:\/\/www.evcargo.com\/policies-and-statements\/"},{"@type":"ListItem","position":2,"name":"Single-Use Plastic Policy"}]},{"@type":"WebSite","@id":"https:\/\/www.evcargo.com\/de\/#website","url":"https:\/\/www.evcargo.com\/de\/","name":"\u0141adunek EV","description":"","publisher":{"@id":"https:\/\/www.evcargo.com\/de\/#organization"},"potentialAction":[{"@type":"SearchAction","target":{"@type":"EntryPoint","urlTemplate":"https:\/\/www.evcargo.com\/de\/?s={search_term_string}"},"query-input":{"@type":"PropertyValueSpecification","valueRequired":true,"valueName":"search_term_string"}}],"inLanguage":"pl-PL"},{"@type":"Organization","@id":"https:\/\/www.evcargo.com\/de\/#organization","name":"\u0141adunek EV","alternateName":"EVC","url":"https:\/\/www.evcargo.com\/de\/","logo":{"@type":"ImageObject","inLanguage":"pl-PL","@id":"https:\/\/www.evcargo.com\/de\/#\/schema\/logo\/image\/","url":"https:\/\/www.evcargo.com\/wp-content\/uploads\/2025\/02\/ev-cargo-logo.png","contentUrl":"https:\/\/www.evcargo.com\/wp-content\/uploads\/2025\/02\/ev-cargo-logo.png","width":364,"height":78,"caption":"EV Cargo"},"image":{"@id":"https:\/\/www.evcargo.com\/de\/#\/schema\/logo\/image\/"}}]}},"_links":{"self":[{"href":"https:\/\/www.evcargo.com\/pl\/wp-json\/wp\/v2\/pages\/98539","targetHints":{"allow":["GET"]}}],"collection":[{"href":"https:\/\/www.evcargo.com\/pl\/wp-json\/wp\/v2\/pages"}],"about":[{"href":"https:\/\/www.evcargo.com\/pl\/wp-json\/wp\/v2\/types\/page"}],"author":[{"embeddable":true,"href":"https:\/\/www.evcargo.com\/pl\/wp-json\/wp\/v2\/users\/9"}],"replies":[{"embeddable":true,"href":"https:\/\/www.evcargo.com\/pl\/wp-json\/wp\/v2\/comments?post=98539"}],"version-history":[{"count":0,"href":"https:\/\/www.evcargo.com\/pl\/wp-json\/wp\/v2\/pages\/98539\/revisions"}],"up":[{"embeddable":true,"href":"https:\/\/www.evcargo.com\/pl\/wp-json\/wp\/v2\/pages\/3722"}],"wp:featuredmedia":[{"embeddable":true,"href":"https:\/\/www.evcargo.com\/pl\/wp-json\/wp\/v2\/media\/98577"}],"wp:attachment":[{"href":"https:\/\/www.evcargo.com\/pl\/wp-json\/wp\/v2\/media?parent=98539"}],"curies":[{"name":"wp","href":"https:\/\/api.w.org\/{rel}","templated":true}]}}