{"id":98542,"date":"2021-07-12T16:36:41","date_gmt":"2021-07-12T15:36:41","guid":{"rendered":"https:\/\/evc.extramilecommunications.dev\/?page_id=98542"},"modified":"2023-10-27T15:22:35","modified_gmt":"2023-10-27T14:22:35","slug":"supplier-code-of-conduct","status":"publish","type":"page","link":"https:\/\/www.evcargo.com\/pl\/policies-and-statements\/supplier-code-of-conduct\/","title":{"rendered":"Kodeks post\u0119powania Dostawcy"},"content":{"rendered":"<section  class=\"small-banner white-text\" style=\"background-image: url(https:\/\/www.evcargo.com\/wp-content\/uploads\/2021\/12\/Banners-12-1200x318.png); \">\n\n\t<div class=\"container-fluid\">\n\n\t\t<h1>Kodeks post\u0119powania Dostawcy<\/h1>\n\t<\/div>\n\n<\/section>\n\n<div class=\"breadcrumbs\" typeof=\"BreadcrumbList\" vocab=\"https:\/\/schema.org\/\">\n\t<div class=\"container-fluid\">\n\n\t\t<span property=\"itemListElement\" typeof=\"ListItem\"><a property=\"item\" typeof=\"WebPage\" title=\"Przejd\u017a do EV Cargo.\" href=\"https:\/\/www.evcargo.com\/pl\" class=\"home\" aria-current=\"page\"><span property=\"name\">\u0141adunek EV<\/span><\/a><meta property=\"position\" content=\"1\"><\/span>\t<\/div>\n<\/div>\n\n\n<section  class=\"wysiwyg\">\n\n\t<div class=\"container-fluid\">\n\n\t<h3>Wst\u0119p<\/h3>\n<p>EV Cargo dzia\u0142a na zasadzie absolutnego skupienia na kliencie i d\u0105\u017cymy do zapewnienia doskona\u0142o\u015bci. Wysokie standardy post\u0119powania korporacyjnego, etycznego zachowania i zgodno\u015bci s\u0105 kluczowe dla naszego sukcesu jako firmy.<\/p>\n<p>Nasz Kodeks post\u0119powania dostawc\u00f3w okre\u015bla standardy, praktyki i zachowania, kt\u00f3rych oczekujemy od naszych dostawc\u00f3w podczas wsp\u00f3\u0142pracy z EV Cargo.<\/p>\n<h4>Prawa i przepisy<\/h4>\n<p>Dostawca zobowi\u0105zany jest przestrzega\u0107 wszystkich przepis\u00f3w prawa i regulacji maj\u0105cych zastosowanie do prowadzonej przez niego dzia\u0142alno\u015bci.<\/p>\n<h4>Etyczne praktyki handlowe<\/h4>\n<p>Poni\u017csze zasady musz\u0105 by\u0107 stosowane i przestrzegane przez wszystkich Dostawc\u00f3w:<\/p>\n<ol>\n<li>Wyb\u00f3r zatrudnienia jest dobrowolny, nie ma mowy o pracy przymusowej lub obowi\u0105zkowej.<\/li>\n<li>Wolno\u015b\u0107 zrzeszania si\u0119 i prawo do rokowa\u0144 zbiorowych s\u0105 przestrzegane w zakresie dozwolonym przez prawo lokalne.<\/li>\n<li>Praca dzieci nie b\u0119dzie wykorzystywana. Dzieci poni\u017cej wieku zatrudnienia w jakimkolwiek kraju lub jurysdykcji nie b\u0119d\u0105 zatrudniane.<\/li>\n<li>Nale\u017cy wyp\u0142aca\u0107 p\u0142ace zapewniaj\u0105ce utrzymanie. P\u0142ace i \u015bwiadczenia musz\u0105 spe\u0142nia\u0107 co najmniej krajowe normy prawne.<\/li>\n<li>Godziny pracy nie s\u0105 nadmierne i zgodne z przepisami krajowymi.<\/li>\n<li>W procesie zatrudniania, wynagradzania, dost\u0119pu do szkole\u0144, awans\u00f3w, zwalniania z pracy lub przechodzenia na emerytur\u0119 nie stosuje si\u0119 \u017cadnej dyskryminacji ze wzgl\u0119du na ras\u0119, kast\u0119, pochodzenie narodowe, religi\u0119, niepe\u0142nosprawno\u015b\u0107, p\u0142e\u0107, stan cywilny, orientacj\u0119 seksualn\u0105, przynale\u017cno\u015b\u0107 zwi\u0105zkow\u0105 lub pogl\u0105dy polityczne.<\/li>\n<\/ol>\n<h4>Zdrowie i bezpiecze\u0144stwo<\/h4>\n<p>Dostawcy musz\u0105 wykaza\u0107 si\u0119 i utrzymywa\u0107 doskona\u0142e standardy w zakresie zdrowia i bezpiecze\u0144stwa oraz przestrzega\u0107 wszystkich aspekt\u00f3w ustawodawstwa dotycz\u0105cego zdrowia i bezpiecze\u0144stwa oraz innych stosownych wymaga\u0144. Oczekujemy, \u017ce dostawcy zapewni\u0105 \u015brodowisko pracy, kt\u00f3re promuje zdrowie i bezpiecze\u0144stwo.<\/p>\n<h4>Ochrona danych<\/h4>\n<p>Dostawca zapewnia, \u017ce wszelkie wykorzystanie, przechowywanie i przekazywanie danych osobowych odbywa si\u0119 w pe\u0142nej zgodno\u015bci z og\u00f3lnym rozporz\u0105dzeniem o ochronie danych oraz wszystkimi innymi obowi\u0105zuj\u0105cymi przepisami prawa.<\/p>\n<h4>\u0141ap\u00f3wkarstwo i korupcja<\/h4>\n<p>Oczekujemy, \u017ce dostawcy b\u0119d\u0105 przestrzega\u0107 wszystkich krajowych i mi\u0119dzynarodowych przepis\u00f3w, regulacji i norm dotycz\u0105cych przeciwdzia\u0142ania przekupstwu i korupcji, w tym brytyjskiej Ustawy o przeciwdzia\u0142aniu przekupstwu (Bribery Act) oraz ameryka\u0144skiej Ustawy o zagranicznych praktykach korupcyjnych (Foreign Corrupt Practices Act).<\/p>\n<p>Dostawca ma prowadzi\u0107 dzia\u0142alno\u015b\u0107 z uczciwo\u015bci\u0105 i oczekuje si\u0119, \u017ce nie b\u0119dzie praktykowa\u0142 ani tolerowa\u0142 \u017cadnej formy korupcji, wymusze\u0144 lub defraudacji. Dostawca nie b\u0119dzie (bezpo\u015brednio ani po\u015brednio) oferowa\u0142 ani przyjmowa\u0142 \u0142ap\u00f3wek lub innych zach\u0119t w celu wp\u0142yni\u0119cia na urz\u0119dnika publicznego lub uzyskania nienale\u017cnej przewagi w celu uzyskania lub utrzymania dzia\u0142alno\u015bci.<\/p>\n<h4>Otwarta i uczciwa konkurencja<\/h4>\n<p>Dostawca musi przestrzega\u0107 wszystkich obowi\u0105zuj\u0105cych przepis\u00f3w dotycz\u0105cych konkurencji i przepis\u00f3w antymonopolowych. Ci\u0105g\u0142o\u015b\u0107 dzia\u0142alno\u015bci Dostawcy musz\u0105 by\u0107 przygotowani na wszelkie zak\u0142\u00f3cenia w swojej dzia\u0142alno\u015bci, zapewniaj\u0105c wdro\u017cenie odpowiedniego planu ci\u0105g\u0142o\u015bci dzia\u0142alno\u015bci dla operacji wspieraj\u0105cych dzia\u0142alno\u015b\u0107 EV Cargo.<\/p>\n<h4>\u015arodowisko<\/h4>\n<p>Dostawca zobowi\u0105zany jest prowadzi\u0107 dzia\u0142alno\u015b\u0107 w spos\u00f3b przyjazny dla \u015brodowiska i zgodnie z obowi\u0105zuj\u0105cymi przepisami, regulacjami i normami dotycz\u0105cymi ochrony \u015brodowiska.<\/p>\n<h4>Identyfikacja obaw<\/h4>\n<p>Dostawcy zapewni\u0105 pracownikom spos\u00f3b zg\u0142aszania obaw. Ka\u017cde zg\u0142oszenie powinno by\u0107 traktowane jako poufne. Dostawcy zbadaj\u0105 takie zg\u0142oszenia i podejm\u0105 dzia\u0142ania naprawcze w razie potrzeby.<\/p>\n<h4>Zgodno\u015b\u0107 z Kodeksem post\u0119powania dostawc\u00f3w<\/h4>\n<p>EV Cargo zastrzega sobie prawo, po uprzednim powiadomieniu, do zapewnienia zgodno\u015bci z Kodeksem post\u0119powania dostawcy. Wszelkie niezgodno\u015bci z Twojej strony lub Twojego \u0142a\u0144cucha dostaw musz\u0105 zosta\u0107 skutecznie naprawione zar\u00f3wno w odpowiednim czasie, jak i bez dodatkowych koszt\u00f3w dla nas lub naszych klient\u00f3w. Naruszenia Kodeksu post\u0119powania dostawcy mog\u0105 negatywnie wp\u0142yn\u0105\u0107 na Twoj\u0105 relacj\u0119 biznesow\u0105 z EV Cargo.<\/p>\n\n\t<\/div>\n\n<\/section>","protected":false},"excerpt":{"rendered":"<p>EV Cargo Global Forwarding dzia\u0142a zgodnie z naczeln\u0105 zasad\u0105 absolutnej koncentracji na kliencie, a my\u2026<\/p>","protected":false},"author":9,"featured_media":2750,"parent":3722,"menu_order":0,"comment_status":"closed","ping_status":"closed","template":"","meta":{"_acf_changed":false,"footnotes":""},"class_list":["post-98542","page","type-page","status-publish","has-post-thumbnail","hentry"],"acf":[],"yoast_head":"<!-- This site is optimized with the Yoast SEO plugin v27.3 - https:\/\/yoast.com\/product\/yoast-seo-wordpress\/ -->\n<title>Supplier Code of Conduct - EV Cargo<\/title>\n<meta name=\"robots\" content=\"index, follow, max-snippet:-1, max-image-preview:large, max-video-preview:-1\" \/>\n<link rel=\"canonical\" href=\"https:\/\/www.evcargo.com\/pl\/policies-and-statements\/supplier-code-of-conduct\/\" \/>\n<meta property=\"og:locale\" content=\"pl_PL\" \/>\n<meta property=\"og:type\" content=\"article\" \/>\n<meta property=\"og:title\" content=\"Supplier Code of Conduct - EV Cargo\" \/>\n<meta property=\"og:description\" content=\"EV Cargo Global Forwarding operates on the guiding principle of absolute customer focus and we...\" \/>\n<meta property=\"og:url\" content=\"https:\/\/www.evcargo.com\/pl\/policies-and-statements\/supplier-code-of-conduct\/\" \/>\n<meta property=\"og:site_name\" content=\"EV Cargo\" \/>\n<meta property=\"article:modified_time\" content=\"2023-10-27T14:22:35+00:00\" \/>\n<meta property=\"og:image\" content=\"https:\/\/www.evcargo.com\/wp-content\/uploads\/2021\/06\/Website-Images-600-x-500px-19.png\" \/>\n\t<meta property=\"og:image:width\" content=\"600\" \/>\n\t<meta property=\"og:image:height\" content=\"500\" \/>\n\t<meta property=\"og:image:type\" content=\"image\/png\" \/>\n<meta name=\"twitter:card\" content=\"summary_large_image\" \/>\n<script type=\"application\/ld+json\" class=\"yoast-schema-graph\">{\"@context\":\"https:\\\/\\\/schema.org\",\"@graph\":[{\"@type\":\"WebPage\",\"@id\":\"https:\\\/\\\/www.evcargo.com\\\/policies-and-statements\\\/supplier-code-of-conduct\\\/\",\"url\":\"https:\\\/\\\/www.evcargo.com\\\/policies-and-statements\\\/supplier-code-of-conduct\\\/\",\"name\":\"Supplier Code of Conduct - EV Cargo\",\"isPartOf\":{\"@id\":\"https:\\\/\\\/www.evcargo.com\\\/de\\\/#website\"},\"primaryImageOfPage\":{\"@id\":\"https:\\\/\\\/www.evcargo.com\\\/policies-and-statements\\\/supplier-code-of-conduct\\\/#primaryimage\"},\"image\":{\"@id\":\"https:\\\/\\\/www.evcargo.com\\\/policies-and-statements\\\/supplier-code-of-conduct\\\/#primaryimage\"},\"thumbnailUrl\":\"https:\\\/\\\/www.evcargo.com\\\/wp-content\\\/uploads\\\/2021\\\/06\\\/Website-Images-600-x-500px-19.png\",\"datePublished\":\"2021-07-12T15:36:41+00:00\",\"dateModified\":\"2023-10-27T14:22:35+00:00\",\"breadcrumb\":{\"@id\":\"https:\\\/\\\/www.evcargo.com\\\/policies-and-statements\\\/supplier-code-of-conduct\\\/#breadcrumb\"},\"inLanguage\":\"pl-PL\",\"potentialAction\":[{\"@type\":\"ReadAction\",\"target\":[\"https:\\\/\\\/www.evcargo.com\\\/policies-and-statements\\\/supplier-code-of-conduct\\\/\"]}]},{\"@type\":\"ImageObject\",\"inLanguage\":\"pl-PL\",\"@id\":\"https:\\\/\\\/www.evcargo.com\\\/policies-and-statements\\\/supplier-code-of-conduct\\\/#primaryimage\",\"url\":\"https:\\\/\\\/www.evcargo.com\\\/wp-content\\\/uploads\\\/2021\\\/06\\\/Website-Images-600-x-500px-19.png\",\"contentUrl\":\"https:\\\/\\\/www.evcargo.com\\\/wp-content\\\/uploads\\\/2021\\\/06\\\/Website-Images-600-x-500px-19.png\",\"width\":600,\"height\":500},{\"@type\":\"BreadcrumbList\",\"@id\":\"https:\\\/\\\/www.evcargo.com\\\/policies-and-statements\\\/supplier-code-of-conduct\\\/#breadcrumb\",\"itemListElement\":[{\"@type\":\"ListItem\",\"position\":1,\"name\":\"Policies and Statements\",\"item\":\"https:\\\/\\\/www.evcargo.com\\\/policies-and-statements\\\/\"},{\"@type\":\"ListItem\",\"position\":2,\"name\":\"Supplier Code of Conduct\"}]},{\"@type\":\"WebSite\",\"@id\":\"https:\\\/\\\/www.evcargo.com\\\/de\\\/#website\",\"url\":\"https:\\\/\\\/www.evcargo.com\\\/de\\\/\",\"name\":\"EV Cargo\",\"description\":\"\",\"publisher\":{\"@id\":\"https:\\\/\\\/www.evcargo.com\\\/de\\\/#organization\"},\"potentialAction\":[{\"@type\":\"SearchAction\",\"target\":{\"@type\":\"EntryPoint\",\"urlTemplate\":\"https:\\\/\\\/www.evcargo.com\\\/de\\\/?s={search_term_string}\"},\"query-input\":{\"@type\":\"PropertyValueSpecification\",\"valueRequired\":true,\"valueName\":\"search_term_string\"}}],\"inLanguage\":\"pl-PL\"},{\"@type\":\"Organization\",\"@id\":\"https:\\\/\\\/www.evcargo.com\\\/de\\\/#organization\",\"name\":\"EV Cargo\",\"alternateName\":\"EVC\",\"url\":\"https:\\\/\\\/www.evcargo.com\\\/de\\\/\",\"logo\":{\"@type\":\"ImageObject\",\"inLanguage\":\"pl-PL\",\"@id\":\"https:\\\/\\\/www.evcargo.com\\\/de\\\/#\\\/schema\\\/logo\\\/image\\\/\",\"url\":\"https:\\\/\\\/www.evcargo.com\\\/wp-content\\\/uploads\\\/2025\\\/02\\\/ev-cargo-logo.png\",\"contentUrl\":\"https:\\\/\\\/www.evcargo.com\\\/wp-content\\\/uploads\\\/2025\\\/02\\\/ev-cargo-logo.png\",\"width\":364,\"height\":78,\"caption\":\"EV Cargo\"},\"image\":{\"@id\":\"https:\\\/\\\/www.evcargo.com\\\/de\\\/#\\\/schema\\\/logo\\\/image\\\/\"}}]}<\/script>\n<!-- \/ Yoast SEO plugin. -->","yoast_head_json":{"title":"Kodeks post\u0119powania dostawcy \u2013 EV Cargo","robots":{"index":"index","follow":"follow","max-snippet":"max-snippet:-1","max-image-preview":"max-image-preview:large","max-video-preview":"max-video-preview:-1"},"canonical":"https:\/\/www.evcargo.com\/pl\/policies-and-statements\/supplier-code-of-conduct\/","og_locale":"pl_PL","og_type":"article","og_title":"Supplier Code of Conduct - EV Cargo","og_description":"EV Cargo Global Forwarding operates on the guiding principle of absolute customer focus and we...","og_url":"https:\/\/www.evcargo.com\/pl\/policies-and-statements\/supplier-code-of-conduct\/","og_site_name":"EV Cargo","article_modified_time":"2023-10-27T14:22:35+00:00","og_image":[{"width":600,"height":500,"url":"https:\/\/www.evcargo.com\/wp-content\/uploads\/2021\/06\/Website-Images-600-x-500px-19.png","type":"image\/png"}],"twitter_card":"summary_large_image","schema":{"@context":"https:\/\/schema.org","@graph":[{"@type":"WebPage","@id":"https:\/\/www.evcargo.com\/policies-and-statements\/supplier-code-of-conduct\/","url":"https:\/\/www.evcargo.com\/policies-and-statements\/supplier-code-of-conduct\/","name":"Kodeks post\u0119powania dostawcy \u2013 EV Cargo","isPartOf":{"@id":"https:\/\/www.evcargo.com\/de\/#website"},"primaryImageOfPage":{"@id":"https:\/\/www.evcargo.com\/policies-and-statements\/supplier-code-of-conduct\/#primaryimage"},"image":{"@id":"https:\/\/www.evcargo.com\/policies-and-statements\/supplier-code-of-conduct\/#primaryimage"},"thumbnailUrl":"https:\/\/www.evcargo.com\/wp-content\/uploads\/2021\/06\/Website-Images-600-x-500px-19.png","datePublished":"2021-07-12T15:36:41+00:00","dateModified":"2023-10-27T14:22:35+00:00","breadcrumb":{"@id":"https:\/\/www.evcargo.com\/policies-and-statements\/supplier-code-of-conduct\/#breadcrumb"},"inLanguage":"pl-PL","potentialAction":[{"@type":"ReadAction","target":["https:\/\/www.evcargo.com\/policies-and-statements\/supplier-code-of-conduct\/"]}]},{"@type":"ImageObject","inLanguage":"pl-PL","@id":"https:\/\/www.evcargo.com\/policies-and-statements\/supplier-code-of-conduct\/#primaryimage","url":"https:\/\/www.evcargo.com\/wp-content\/uploads\/2021\/06\/Website-Images-600-x-500px-19.png","contentUrl":"https:\/\/www.evcargo.com\/wp-content\/uploads\/2021\/06\/Website-Images-600-x-500px-19.png","width":600,"height":500},{"@type":"BreadcrumbList","@id":"https:\/\/www.evcargo.com\/policies-and-statements\/supplier-code-of-conduct\/#breadcrumb","itemListElement":[{"@type":"ListItem","position":1,"name":"Policies and Statements","item":"https:\/\/www.evcargo.com\/policies-and-statements\/"},{"@type":"ListItem","position":2,"name":"Supplier Code of Conduct"}]},{"@type":"WebSite","@id":"https:\/\/www.evcargo.com\/de\/#website","url":"https:\/\/www.evcargo.com\/de\/","name":"\u0141adunek EV","description":"","publisher":{"@id":"https:\/\/www.evcargo.com\/de\/#organization"},"potentialAction":[{"@type":"SearchAction","target":{"@type":"EntryPoint","urlTemplate":"https:\/\/www.evcargo.com\/de\/?s={search_term_string}"},"query-input":{"@type":"PropertyValueSpecification","valueRequired":true,"valueName":"search_term_string"}}],"inLanguage":"pl-PL"},{"@type":"Organization","@id":"https:\/\/www.evcargo.com\/de\/#organization","name":"\u0141adunek EV","alternateName":"EVC","url":"https:\/\/www.evcargo.com\/de\/","logo":{"@type":"ImageObject","inLanguage":"pl-PL","@id":"https:\/\/www.evcargo.com\/de\/#\/schema\/logo\/image\/","url":"https:\/\/www.evcargo.com\/wp-content\/uploads\/2025\/02\/ev-cargo-logo.png","contentUrl":"https:\/\/www.evcargo.com\/wp-content\/uploads\/2025\/02\/ev-cargo-logo.png","width":364,"height":78,"caption":"EV Cargo"},"image":{"@id":"https:\/\/www.evcargo.com\/de\/#\/schema\/logo\/image\/"}}]}},"_links":{"self":[{"href":"https:\/\/www.evcargo.com\/pl\/wp-json\/wp\/v2\/pages\/98542","targetHints":{"allow":["GET"]}}],"collection":[{"href":"https:\/\/www.evcargo.com\/pl\/wp-json\/wp\/v2\/pages"}],"about":[{"href":"https:\/\/www.evcargo.com\/pl\/wp-json\/wp\/v2\/types\/page"}],"author":[{"embeddable":true,"href":"https:\/\/www.evcargo.com\/pl\/wp-json\/wp\/v2\/users\/9"}],"replies":[{"embeddable":true,"href":"https:\/\/www.evcargo.com\/pl\/wp-json\/wp\/v2\/comments?post=98542"}],"version-history":[{"count":0,"href":"https:\/\/www.evcargo.com\/pl\/wp-json\/wp\/v2\/pages\/98542\/revisions"}],"up":[{"embeddable":true,"href":"https:\/\/www.evcargo.com\/pl\/wp-json\/wp\/v2\/pages\/3722"}],"wp:featuredmedia":[{"embeddable":true,"href":"https:\/\/www.evcargo.com\/pl\/wp-json\/wp\/v2\/media\/2750"}],"wp:attachment":[{"href":"https:\/\/www.evcargo.com\/pl\/wp-json\/wp\/v2\/media?parent=98542"}],"curies":[{"name":"wp","href":"https:\/\/api.w.org\/{rel}","templated":true}]}}