{"id":98551,"date":"2021-07-12T16:48:36","date_gmt":"2021-07-12T15:48:36","guid":{"rendered":"https:\/\/evc.extramilecommunications.dev\/?page_id=98551"},"modified":"2022-01-21T14:20:56","modified_gmt":"2022-01-21T14:20:56","slug":"whistle-blowing-policy","status":"publish","type":"page","link":"https:\/\/www.evcargo.com\/pl\/policies-and-statements\/whistle-blowing-policy\/","title":{"rendered":"Polityka informowania o nieprawid\u0142owo\u015bciach"},"content":{"rendered":"<section  class=\"small-banner white-text\" style=\"background-image: url(https:\/\/www.evcargo.com\/wp-content\/uploads\/2021\/12\/Banners-12-1200x318.png); \">\n\n\t<div class=\"container-fluid\">\n\n\t\t<h1>Polityka informowania o nieprawid\u0142owo\u015bciach<\/h1>\n\t<\/div>\n\n<\/section>\n\n<div class=\"breadcrumbs\" typeof=\"BreadcrumbList\" vocab=\"https:\/\/schema.org\/\">\n\t<div class=\"container-fluid\">\n\n\t\t<span property=\"itemListElement\" typeof=\"ListItem\"><a property=\"item\" typeof=\"WebPage\" title=\"Przejd\u017a do EV Cargo.\" href=\"https:\/\/www.evcargo.com\/pl\" class=\"home\" aria-current=\"page\"><span property=\"name\">\u0141adunek EV<\/span><\/a><meta property=\"position\" content=\"1\"><\/span>\t<\/div>\n<\/div>\n\n\n<section  class=\"wysiwyg\">\n\n\t<div class=\"container-fluid\">\n\n\t<h2>Wst\u0119p<\/h2>\n<p>Celem tej polityki jest zapewnienie, \u017ce wszelkie oszustwa, niew\u0142a\u015bciwe post\u0119powanie lub wykroczenia ze strony pracownik\u00f3w i os\u00f3b trzecich zostan\u0105 zg\u0142oszone i odpowiednio potraktowane. Dlatego EV Cargo Global Forwarding zach\u0119ca wszystkie osoby do zg\u0142aszania wszelkich obaw, jakie mog\u0105 mie\u0107 w zwi\u0105zku z post\u0119powaniem innych os\u00f3b w firmie lub sposobem prowadzenia firmy.<\/p>\n<p>Musisz niezw\u0142ocznie zg\u0142osi\u0107 wszelkie sytuacje, w kt\u00f3rych Kodeks Post\u0119powania, jego podstawowe zasady lub aw wydaj\u0105 si\u0119 by\u0107 naruszone, prze\u0142o\u017conemu lub kierownikowi. Alternatywnie, obawy mo\u017cna zg\u0142asza\u0107 w\u0142a\u015bciwemu kierownikowi w dziale zasob\u00f3w ludzkich, dziale prawnym lub wy\u017cszej kadrze kierowniczej.<\/p>\n<p>W przypadku gdy problem nie zostanie rozwi\u0105zany za po\u015brednictwem kana\u0142\u00f3w lokalnych, mo\u017cna zg\u0142osi\u0107 go na infolini\u0119 Whistleblowing Hotline pod numerem 0800 89 0011, a nast\u0119pnie zadzwoni\u0107 pod numer 833 753 08833 lub skorzysta\u0107 z mo\u017cliwo\u015bci zg\u0142oszenia online na stronie www.evcargoglobalforwarding.ethicspoint.com<\/p>\n<h3>Definicje<\/h3>\n<p>Przekupstwo oznacza dawanie, oferowanie, obiecywanie lub przyjmowanie czegokolwiek warto\u015bciowego z zamiarem wywarcia niew\u0142a\u015bciwego wp\u0142ywu na zachowanie lub podejmowanie decyzji przez jak\u0105kolwiek osob\u0119 w celu uzyskania lub zachowania przewagi lub wynagrodzenia jakiejkolwiek osoby za takie zachowanie.<\/p>\n<p>Korupcja oznacza nieuczciwe lub oszuka\u0144cze nadu\u017cycie w\u0142adzy lub niew\u0142a\u015bciwe wykonywanie funkcji o charakterze publicznym.<\/p>\n<p>Przez pracownik\u00f3w rozumie si\u0119 wszystkie osoby pracuj\u0105ce na wszystkich szczeblach i stanowiskach w EV Cargo Global Forwarding, w tym dyrektor\u00f3w, konsultant\u00f3w, sta\u017cyst\u00f3w, praktykant\u00f3w, pracownik\u00f3w oddelegowanych, pracownik\u00f3w tymczasowych, pracownik\u00f3w agencji, sta\u017cyst\u00f3w, agent\u00f3w i sponsor\u00f3w;<\/p>\n<p>Przez Strony Trzecie rozumie si\u0119 ka\u017cd\u0105 osob\u0119 lub organizacj\u0119, z kt\u00f3r\u0105 nawi\u0105\u017cesz kontakt w trakcie pracy dla EV Cargo Global Forwarding, w tym rzeczywistych i potencjalnych klient\u00f3w, odbiorc\u00f3w, dostawc\u00f3w, dystrybutor\u00f3w, kontakty biznesowe, agent\u00f3w, doradc\u00f3w oraz organy rz\u0105dowe i publiczne, w tym ich doradc\u00f3w, przedstawicieli i urz\u0119dnik\u00f3w, polityk\u00f3w i partie polityczne;<\/p>\n<p>Niew\u0142a\u015bciwe post\u0119powanie obejmuje mi\u0119dzy innymi nast\u0119puj\u0105ce zachowania:<\/p>\n<ul>\n<li>Pope\u0142nienie przest\u0119pstwa;<\/li>\n<li>Niedope\u0142nienie obowi\u0105zku prawnego;<\/li>\n<li>Pomy\u0142ka s\u0105dowa;<\/li>\n<li>Niedostosowanie si\u0119 do Kodeksu post\u0119powania EV Cargo Global Forwarding lub jakiegokolwiek dokumentu polityki EV Cargo Global Forwarding;<\/li>\n<li>Powa\u017cne naruszenie dyscypliny pracy;<\/li>\n<li>Zagro\u017cenie zdrowia i bezpiecze\u0144stwa;<\/li>\n<li>Szkody wyrz\u0105dzone \u015brodowisku; i<\/li>\n<li>Jakiekolwiek celowe ukrywanie zachowa\u0144 okre\u015blonych powy\u017cej.<\/li>\n<li>Naruszenie ustawy o finansowaniu przest\u0119pstw z 2017 r.<\/li>\n<\/ul>\n<h3>T\u0142o<\/h3>\n<p>W EV Cargo Global Forwarding zobowi\u0105zujemy si\u0119 do prowadzenia dzia\u0142alno\u015bci biznesowej w spos\u00f3b etyczny i zgodny z prawem. Wszelkie niew\u0142a\u015bciwe post\u0119powanie jest sprzeczne z interesami naszej firmy i ma negatywny wp\u0142yw na nasze \u015brodowisko pracy, a potencjalnie tak\u017ce na nasze \u017ar\u00f3d\u0142a utrzymania. Stosujemy zasad\u0119 zerowej tolerancji wobec przekupstwa i korupcji i zobowi\u0105zujemy si\u0119 do dzia\u0142ania w spos\u00f3b profesjonalny, uczciwy i rzetelny we wszystkich naszych dzia\u0142aniach biznesowych i relacjach, gdziekolwiek dzia\u0142amy.<\/p>\n<p>Wszelkie lokalne prawa, zwyczaje lub praktyki, kt\u00f3re toleruj\u0105, zezwalaj\u0105 lub ignoruj\u0105 przekupstwo lub korupcj\u0119, nale\u017cy zignorowa\u0107 w celu zapewnienia zgodno\u015bci z niniejsz\u0105 polityk\u0105. Celem niniejszej polityki (\u201ePolityka\u201d) jest zapewnienie, \u017ce pracownicy EV Cargo Global Forwarding i Strony Trzecie wiedz\u0105, \u017ce EV Cargo Global Forwarding aktywnie chce, aby zg\u0142aszali wszelkie przypadki niew\u0142a\u015bciwego post\u0119powania i \u017ce czuj\u0105 si\u0119 upowa\u017cnieni do tego, w tym maj\u0105 mo\u017cliwo\u015b\u0107 zrobienia tego w spos\u00f3b poufny i\/lub anonimowy.<\/p>\n<p>Mamy nadziej\u0119, \u017ce b\u0119dziesz w stanie zg\u0142osi\u0107 swoje obawy swojemu kierownikowi liniowemu lub innemu cz\u0142onkowi zespo\u0142u zarz\u0105dzaj\u0105cego. Rozumiemy jednak, \u017ce w pewnych okoliczno\u015bciach (na przyk\u0142ad, je\u015bli Twoje obawy dotycz\u0105 Twojego kierownika liniowego lub innego kierownika w firmie) osoby mog\u0105 nie czu\u0107 si\u0119 komfortowo, robi\u0105c to. Je\u015bli zg\u0142aszasz problem, musisz to zrobi\u0107 w dobrej wierze. Nadu\u017cywanie tego kana\u0142u jest niedopuszczalne.<\/p>\n<p>Aby zapewni\u0107 skuteczny kana\u0142 zg\u0142aszania przypadk\u00f3w niew\u0142a\u015bciwego post\u0119powania w takich okoliczno\u015bciach, EV Cargo Global Forwarding ma specjaln\u0105, poufn\u0105 infolini\u0119 do zg\u0142aszania nieprawid\u0142owo\u015bci oraz adres URL, kt\u00f3re s\u0105 obs\u0142ugiwane 24 godziny na dob\u0119, 7 dni w tygodniu przez Navex Global i punkt etyki, kt\u00f3rych szczeg\u00f3\u0142y podano poni\u017cej.<\/p>\n<p>EV Cargo Global Forwarding zach\u0119ca swoich pracownik\u00f3w i strony trzecie do korzystania z tej poufnej infolinii Whistleblowing Hotline zamiast zg\u0142aszania swoich obaw publicznie. Publiczne ujawnienie (na przyk\u0142ad poprzez raport w gazecie) niew\u0142a\u015bciwego post\u0119powania wp\u0142ywa na reputacj\u0119 firm i ich pracownik\u00f3w.<\/p>\n<h3>Obietnica EV Cargo Global Forwarding<\/h3>\n<p>EV Cargo Global Forwarding obiecuje, \u017ce wszelkie raporty sporz\u0105dzone zgodnie z Polityk\u0105 b\u0119d\u0105:<\/p>\n<ul>\n<li>B\u0105d\u017a traktowany z szacunkiem;<\/li>\n<li>B\u0105d\u017a traktowany z najwy\u017csz\u0105 poufno\u015bci\u0105;<\/li>\n<li>Zachowaj anonimowo\u015b\u0107 za ka\u017cdym razem, gdy osoba zg\u0142aszaj\u0105ca niew\u0142a\u015bciwe zachowanie poprosi o anonimowo\u015b\u0107; i<\/li>\n<li>Nale\u017cy traktowa\u0107 je dyskretnie, w\u0142a\u015bciwie i proporcjonalnie.<\/li>\n<li>W\u0142a\u015bciwe i proporcjonalne rozpatrywanie zg\u0142osze\u0144 b\u0119dzie obejmowa\u0107:<\/li>\n<li>Badanie wszystkich zarzut\u00f3w dotycz\u0105cych niew\u0142a\u015bciwego post\u0119powania, niezale\u017cnie od ich \u017ar\u00f3d\u0142a, pod warunkiem, \u017ce zawieraj\u0105 wystarczaj\u0105ce, sprawdzalne fakty i\/lub potwierdzaj\u0105ce je informacje; oraz<\/li>\n<li>Niepodejmowanie \u017cadnych krok\u00f3w w celu zbadania sprawy w przypadku, gdy zg\u0142oszenie niew\u0142a\u015bciwego post\u0119powania sk\u0142ada si\u0119 z niejasnych, niekonkretnych, szerokich oskar\u017ce\u0144 bez dowod\u00f3w lub informacji potwierdzaj\u0105cych.<\/li>\n<\/ul>\n<p>Obiecujemy, \u017ce je\u015bli wyrazisz takie \u017cyczenie, przeka\u017cemy Ci nast\u0119puj\u0105ce informacje:<\/p>\n<ul>\n<li>Czy wymagane s\u0105 od Ciebie dodatkowe informacje; i<\/li>\n<li>Jakie dzia\u0142ania zostan\u0105 podj\u0119te w zwi\u0105zku z Twoim zg\u0142oszeniem i dlaczego.<\/li>\n<\/ul>\n<p>Co najwa\u017cniejsze, EV Cargo Global Forwarding obiecuje, \u017ce nie poniesiesz \u017cadnych negatywnych konsekwencji, je\u015bli zg\u0142osisz uzasadnione obawy dotycz\u0105ce niew\u0142a\u015bciwego post\u0119powania w dobrej wierze. Je\u015bli jednak osoba, kt\u00f3ra z\u0142o\u017cy\u0142a zg\u0142oszenie zgodnie z niniejsz\u0105 Polityk\u0105, uwa\u017ca, \u017ce zosta\u0142a w jakikolwiek spos\u00f3b niesprawiedliwie potraktowana, w tym naruszy\u0142a zaufanie, powinna zg\u0142osi\u0107 swoje obawy bezpo\u015brednio do EV Cargo Global Forwarding Ethical Trade Manager lub (na przyk\u0142ad, je\u015bli uwa\u017ca, \u017ce zosta\u0142a niesprawiedliwie potraktowana przez EV Cargo Global Forwarding Ethical Trade Manager), bezpo\u015brednio do Ethics and Compliance Committee.<\/p>\n<p>EV Cargo Global Forwarding zapewnia, \u017ce takie zg\u0142oszenia b\u0119d\u0105 traktowane z najwy\u017csz\u0105 powag\u0105, a je\u015bli oka\u017ce si\u0119, \u017ce dosz\u0142o do niesprawiedliwego traktowania, ka\u017cda osoba odpowiedzialna za takie traktowanie zostanie ukarana.<\/p>\n<h3>Odpowiedzialno\u015b\u0107 za polityk\u0119<\/h3>\n<p>Komitet ds. etyki i zgodno\u015bci (podkomitet zarz\u0105du EV Cargo Global Forwarding) ponosi og\u00f3ln\u0105 odpowiedzialno\u015b\u0107 za zapewnienie skutecznego wdro\u017cenia tej polityki w ca\u0142ym EV Cargo Global Forwarding. Komitet ds. etyki i zgodno\u015bci kierowany przez sekretarza sp\u00f3\u0142ki b\u0119dzie niezw\u0142ocznie informowa\u0142 Rad\u0119 Dyrektor\u00f3w o wszelkich sprawach dotycz\u0105cych post\u0119powania karnego, potencjalnego post\u0119powania karnego lub naruszenia tej polityki.<\/p>\n<p>Polityka b\u0119dzie formalnie sprawdzana przez Komitet ds. Etyki i Zgodno\u015bci corocznie i regularnie monitorowana przez EV Cargo Global Forwarding Ethical Trade Manager (w odpowiedzi na wszelkie istotne zmiany w stosownych przepisach i wytycznych proceduralnych), aby zapewni\u0107, \u017ce jest ona w\u0142a\u015bciwa, odpowiednia i skuteczna. Wszelkie niezb\u0119dne usprawnienia zostan\u0105 wdro\u017cone niezw\u0142ocznie. Pracownicy i wszelkie osoby stowarzyszone EV Cargo Global Forwarding, kt\u00f3re s\u0105 zobowi\u0105zane do przestrzegania warunk\u00f3w polityki, zostan\u0105 powiadomione o wszelkich kluczowych zmianach, kt\u00f3re zostan\u0105 wprowadzone.<\/p>\n<p>Wszelkie rozbie\u017cno\u015bci pomi\u0119dzy niniejsz\u0105 polityk\u0105 a obowi\u0105zuj\u0105cymi przepisami prawa lokalnego nale\u017cy natychmiast zg\u0142asza\u0107 w formie pisemnej do kierownika ds. etycznego handlu EV Cargo Global Forwarding.<\/p>\n<h3>Pytania i w\u0105tpliwo\u015bci<\/h3>\n<p>Pracownikom EV Cargo Global Forwarding gor\u0105co zaleca si\u0119 zg\u0142aszanie pyta\u0144 lub w\u0105tpliwo\u015bci przy najbli\u017cszej okazji w nast\u0119puj\u0105cych kwestiach:<\/p>\n<ul>\n<li>Zakres i stosowanie niniejszej polityki;<\/li>\n<li>Czy konkretny czyn stanowi wykroczenie; i\/lub<\/li>\n<li>Jakiekolwiek podejrzenie nieuczciwej praktyki lub jakiekolwiek dzia\u0142anie, kt\u00f3re mog\u0142oby by\u0107 uznane za naruszenie niniejszej polityki.<\/li>\n<li>Wszelkie tego typu pytania lub w\u0105tpliwo\u015bci b\u0119d\u0105 traktowane jako \u015bci\u015ble poufne i nale\u017cy je kierowa\u0107 do kierownika ds. etycznego handlu EV Cargo Global Forwarding.<\/li>\n<li>Jak wskazano powy\u017cej, EV Cargo Global Forwarding aktywnie zach\u0119ca swoich pracownik\u00f3w do zg\u0142aszania obaw bez obawy przed odwetem lub szkodliwym traktowaniem i zobowi\u0105zuje si\u0119 do udzielenia wsparcia takim osobom. W \u017cadnych okoliczno\u015bciach \u017caden pracownik nie powinien ignorowa\u0107 ani \u201eprzymyka\u0107 oka\u201d, gdy okoliczno\u015bci wskazuj\u0105 na niew\u0142a\u015bciwe post\u0119powanie lub mo\u017cliwe naruszenie niniejszej polityki.<\/li>\n<\/ul>\n<h3>Przydatne informacje kontaktowe:<\/h3>\n<p>E-mail: e<a href=\"mailto:ethical.trade@ev-cargo.com\">thical.trade@ev-cargo.com <\/a><\/p>\n<h3>Dane kontaktowe do zg\u0142oszenia:<\/h3>\n<p>Infolinia dla os\u00f3b zg\u0142aszaj\u0105cych nieprawid\u0142owo\u015bci pod numerem 0800 89 0011. W celu szybkiego wybrania numeru 833 753 08833 lub za po\u015brednictwem Internetu na stronie\u00a0<a href=\"http:\/\/www.evcargoglobalforwarding.ethicspoint.com\/\">www.evcargoglobalforwarding.ethicspoint.com<\/a><\/p>\n\n\t<\/div>\n\n<\/section>","protected":false},"excerpt":{"rendered":"<p>Celem niniejszej polityki jest zapewnienie, \u017ce wszelkie oszustwa, niew\u0142a\u015bciwe post\u0119powanie lub nieprawid\u0142owo\u015bci ze strony pracownik\u00f3w i os\u00f3b trzecich zostan\u0105 zg\u0142oszone i odpowiednio potraktowane. <\/p>","protected":false},"author":9,"featured_media":1597,"parent":3722,"menu_order":0,"comment_status":"closed","ping_status":"closed","template":"","meta":{"_acf_changed":false,"footnotes":""},"class_list":["post-98551","page","type-page","status-publish","has-post-thumbnail","hentry"],"acf":[],"yoast_head":"<!-- This site is optimized with the Yoast SEO plugin v27.3 - https:\/\/yoast.com\/product\/yoast-seo-wordpress\/ -->\n<title>Whistle Blowing Policy - EV Cargo<\/title>\n<meta name=\"robots\" content=\"index, follow, max-snippet:-1, max-image-preview:large, max-video-preview:-1\" \/>\n<link rel=\"canonical\" href=\"https:\/\/www.evcargo.com\/pl\/policies-and-statements\/whistle-blowing-policy\/\" \/>\n<meta property=\"og:locale\" content=\"pl_PL\" \/>\n<meta property=\"og:type\" content=\"article\" \/>\n<meta property=\"og:title\" content=\"Whistle Blowing Policy - EV Cargo\" \/>\n<meta property=\"og:description\" content=\"The purpose of this policy is to ensure that any fraud, misconduct or wrongdoing by employees and third parties are reported and properly dealt with.\" \/>\n<meta property=\"og:url\" content=\"https:\/\/www.evcargo.com\/pl\/policies-and-statements\/whistle-blowing-policy\/\" \/>\n<meta property=\"og:site_name\" content=\"EV Cargo\" \/>\n<meta property=\"article:modified_time\" content=\"2022-01-21T14:20:56+00:00\" \/>\n<meta property=\"og:image\" content=\"https:\/\/www.evcargo.com\/wp-content\/uploads\/2021\/06\/42.png\" \/>\n\t<meta property=\"og:image:width\" content=\"1600\" \/>\n\t<meta property=\"og:image:height\" content=\"900\" \/>\n\t<meta property=\"og:image:type\" content=\"image\/png\" \/>\n<meta name=\"twitter:card\" content=\"summary_large_image\" \/>\n<script type=\"application\/ld+json\" class=\"yoast-schema-graph\">{\"@context\":\"https:\\\/\\\/schema.org\",\"@graph\":[{\"@type\":\"WebPage\",\"@id\":\"https:\\\/\\\/www.evcargo.com\\\/policies-and-statements\\\/whistle-blowing-policy\\\/\",\"url\":\"https:\\\/\\\/www.evcargo.com\\\/policies-and-statements\\\/whistle-blowing-policy\\\/\",\"name\":\"Whistle Blowing Policy - EV Cargo\",\"isPartOf\":{\"@id\":\"https:\\\/\\\/www.evcargo.com\\\/de\\\/#website\"},\"primaryImageOfPage\":{\"@id\":\"https:\\\/\\\/www.evcargo.com\\\/policies-and-statements\\\/whistle-blowing-policy\\\/#primaryimage\"},\"image\":{\"@id\":\"https:\\\/\\\/www.evcargo.com\\\/policies-and-statements\\\/whistle-blowing-policy\\\/#primaryimage\"},\"thumbnailUrl\":\"https:\\\/\\\/www.evcargo.com\\\/wp-content\\\/uploads\\\/2021\\\/06\\\/42.png\",\"datePublished\":\"2021-07-12T15:48:36+00:00\",\"dateModified\":\"2022-01-21T14:20:56+00:00\",\"breadcrumb\":{\"@id\":\"https:\\\/\\\/www.evcargo.com\\\/policies-and-statements\\\/whistle-blowing-policy\\\/#breadcrumb\"},\"inLanguage\":\"pl-PL\",\"potentialAction\":[{\"@type\":\"ReadAction\",\"target\":[\"https:\\\/\\\/www.evcargo.com\\\/policies-and-statements\\\/whistle-blowing-policy\\\/\"]}]},{\"@type\":\"ImageObject\",\"inLanguage\":\"pl-PL\",\"@id\":\"https:\\\/\\\/www.evcargo.com\\\/policies-and-statements\\\/whistle-blowing-policy\\\/#primaryimage\",\"url\":\"https:\\\/\\\/www.evcargo.com\\\/wp-content\\\/uploads\\\/2021\\\/06\\\/42.png\",\"contentUrl\":\"https:\\\/\\\/www.evcargo.com\\\/wp-content\\\/uploads\\\/2021\\\/06\\\/42.png\",\"width\":1600,\"height\":900,\"caption\":\"Gavel hitting table\"},{\"@type\":\"BreadcrumbList\",\"@id\":\"https:\\\/\\\/www.evcargo.com\\\/policies-and-statements\\\/whistle-blowing-policy\\\/#breadcrumb\",\"itemListElement\":[{\"@type\":\"ListItem\",\"position\":1,\"name\":\"Policies and Statements\",\"item\":\"https:\\\/\\\/www.evcargo.com\\\/policies-and-statements\\\/\"},{\"@type\":\"ListItem\",\"position\":2,\"name\":\"Whistle Blowing Policy\"}]},{\"@type\":\"WebSite\",\"@id\":\"https:\\\/\\\/www.evcargo.com\\\/de\\\/#website\",\"url\":\"https:\\\/\\\/www.evcargo.com\\\/de\\\/\",\"name\":\"EV Cargo\",\"description\":\"\",\"publisher\":{\"@id\":\"https:\\\/\\\/www.evcargo.com\\\/de\\\/#organization\"},\"potentialAction\":[{\"@type\":\"SearchAction\",\"target\":{\"@type\":\"EntryPoint\",\"urlTemplate\":\"https:\\\/\\\/www.evcargo.com\\\/de\\\/?s={search_term_string}\"},\"query-input\":{\"@type\":\"PropertyValueSpecification\",\"valueRequired\":true,\"valueName\":\"search_term_string\"}}],\"inLanguage\":\"pl-PL\"},{\"@type\":\"Organization\",\"@id\":\"https:\\\/\\\/www.evcargo.com\\\/de\\\/#organization\",\"name\":\"EV Cargo\",\"alternateName\":\"EVC\",\"url\":\"https:\\\/\\\/www.evcargo.com\\\/de\\\/\",\"logo\":{\"@type\":\"ImageObject\",\"inLanguage\":\"pl-PL\",\"@id\":\"https:\\\/\\\/www.evcargo.com\\\/de\\\/#\\\/schema\\\/logo\\\/image\\\/\",\"url\":\"https:\\\/\\\/www.evcargo.com\\\/wp-content\\\/uploads\\\/2025\\\/02\\\/ev-cargo-logo.png\",\"contentUrl\":\"https:\\\/\\\/www.evcargo.com\\\/wp-content\\\/uploads\\\/2025\\\/02\\\/ev-cargo-logo.png\",\"width\":364,\"height\":78,\"caption\":\"EV Cargo\"},\"image\":{\"@id\":\"https:\\\/\\\/www.evcargo.com\\\/de\\\/#\\\/schema\\\/logo\\\/image\\\/\"}}]}<\/script>\n<!-- \/ Yoast SEO plugin. -->","yoast_head_json":{"title":"Polityka sygnalizowania nieprawid\u0142owo\u015bci \u2013 EV Cargo","robots":{"index":"index","follow":"follow","max-snippet":"max-snippet:-1","max-image-preview":"max-image-preview:large","max-video-preview":"max-video-preview:-1"},"canonical":"https:\/\/www.evcargo.com\/pl\/policies-and-statements\/whistle-blowing-policy\/","og_locale":"pl_PL","og_type":"article","og_title":"Whistle Blowing Policy - EV Cargo","og_description":"The purpose of this policy is to ensure that any fraud, misconduct or wrongdoing by employees and third parties are reported and properly dealt with.","og_url":"https:\/\/www.evcargo.com\/pl\/policies-and-statements\/whistle-blowing-policy\/","og_site_name":"EV Cargo","article_modified_time":"2022-01-21T14:20:56+00:00","og_image":[{"width":1600,"height":900,"url":"https:\/\/www.evcargo.com\/wp-content\/uploads\/2021\/06\/42.png","type":"image\/png"}],"twitter_card":"summary_large_image","schema":{"@context":"https:\/\/schema.org","@graph":[{"@type":"WebPage","@id":"https:\/\/www.evcargo.com\/policies-and-statements\/whistle-blowing-policy\/","url":"https:\/\/www.evcargo.com\/policies-and-statements\/whistle-blowing-policy\/","name":"Polityka sygnalizowania nieprawid\u0142owo\u015bci \u2013 EV Cargo","isPartOf":{"@id":"https:\/\/www.evcargo.com\/de\/#website"},"primaryImageOfPage":{"@id":"https:\/\/www.evcargo.com\/policies-and-statements\/whistle-blowing-policy\/#primaryimage"},"image":{"@id":"https:\/\/www.evcargo.com\/policies-and-statements\/whistle-blowing-policy\/#primaryimage"},"thumbnailUrl":"https:\/\/www.evcargo.com\/wp-content\/uploads\/2021\/06\/42.png","datePublished":"2021-07-12T15:48:36+00:00","dateModified":"2022-01-21T14:20:56+00:00","breadcrumb":{"@id":"https:\/\/www.evcargo.com\/policies-and-statements\/whistle-blowing-policy\/#breadcrumb"},"inLanguage":"pl-PL","potentialAction":[{"@type":"ReadAction","target":["https:\/\/www.evcargo.com\/policies-and-statements\/whistle-blowing-policy\/"]}]},{"@type":"ImageObject","inLanguage":"pl-PL","@id":"https:\/\/www.evcargo.com\/policies-and-statements\/whistle-blowing-policy\/#primaryimage","url":"https:\/\/www.evcargo.com\/wp-content\/uploads\/2021\/06\/42.png","contentUrl":"https:\/\/www.evcargo.com\/wp-content\/uploads\/2021\/06\/42.png","width":1600,"height":900,"caption":"Gavel hitting table"},{"@type":"BreadcrumbList","@id":"https:\/\/www.evcargo.com\/policies-and-statements\/whistle-blowing-policy\/#breadcrumb","itemListElement":[{"@type":"ListItem","position":1,"name":"Policies and Statements","item":"https:\/\/www.evcargo.com\/policies-and-statements\/"},{"@type":"ListItem","position":2,"name":"Whistle Blowing Policy"}]},{"@type":"WebSite","@id":"https:\/\/www.evcargo.com\/de\/#website","url":"https:\/\/www.evcargo.com\/de\/","name":"\u0141adunek EV","description":"","publisher":{"@id":"https:\/\/www.evcargo.com\/de\/#organization"},"potentialAction":[{"@type":"SearchAction","target":{"@type":"EntryPoint","urlTemplate":"https:\/\/www.evcargo.com\/de\/?s={search_term_string}"},"query-input":{"@type":"PropertyValueSpecification","valueRequired":true,"valueName":"search_term_string"}}],"inLanguage":"pl-PL"},{"@type":"Organization","@id":"https:\/\/www.evcargo.com\/de\/#organization","name":"\u0141adunek EV","alternateName":"EVC","url":"https:\/\/www.evcargo.com\/de\/","logo":{"@type":"ImageObject","inLanguage":"pl-PL","@id":"https:\/\/www.evcargo.com\/de\/#\/schema\/logo\/image\/","url":"https:\/\/www.evcargo.com\/wp-content\/uploads\/2025\/02\/ev-cargo-logo.png","contentUrl":"https:\/\/www.evcargo.com\/wp-content\/uploads\/2025\/02\/ev-cargo-logo.png","width":364,"height":78,"caption":"EV Cargo"},"image":{"@id":"https:\/\/www.evcargo.com\/de\/#\/schema\/logo\/image\/"}}]}},"_links":{"self":[{"href":"https:\/\/www.evcargo.com\/pl\/wp-json\/wp\/v2\/pages\/98551","targetHints":{"allow":["GET"]}}],"collection":[{"href":"https:\/\/www.evcargo.com\/pl\/wp-json\/wp\/v2\/pages"}],"about":[{"href":"https:\/\/www.evcargo.com\/pl\/wp-json\/wp\/v2\/types\/page"}],"author":[{"embeddable":true,"href":"https:\/\/www.evcargo.com\/pl\/wp-json\/wp\/v2\/users\/9"}],"replies":[{"embeddable":true,"href":"https:\/\/www.evcargo.com\/pl\/wp-json\/wp\/v2\/comments?post=98551"}],"version-history":[{"count":0,"href":"https:\/\/www.evcargo.com\/pl\/wp-json\/wp\/v2\/pages\/98551\/revisions"}],"up":[{"embeddable":true,"href":"https:\/\/www.evcargo.com\/pl\/wp-json\/wp\/v2\/pages\/3722"}],"wp:featuredmedia":[{"embeddable":true,"href":"https:\/\/www.evcargo.com\/pl\/wp-json\/wp\/v2\/media\/1597"}],"wp:attachment":[{"href":"https:\/\/www.evcargo.com\/pl\/wp-json\/wp\/v2\/media?parent=98551"}],"curies":[{"name":"wp","href":"https:\/\/api.w.org\/{rel}","templated":true}]}}