{"id":98958,"date":"2021-07-20T11:23:16","date_gmt":"2021-07-20T10:23:16","guid":{"rendered":"https:\/\/evc.extramilecommunications.dev\/?page_id=98958"},"modified":"2023-05-09T16:31:39","modified_gmt":"2023-05-09T15:31:39","slug":"case-studies","status":"publish","type":"page","link":"https:\/\/www.evcargo.com\/pl\/insights\/case-studies\/","title":{"rendered":"Studium przypadku"},"content":{"rendered":"<section  class=\"hero-block bg-image\" data-aos=\"fade\" style=\"background-image: url(https:\/\/www.evcargo.com\/wp-content\/uploads\/2023\/04\/EVC-Bardon-034-banner-1.jpg);\">\n\n\t<div class=\"container-fluid\">\n\n\t\t<div class=\"hero-block__titles\">\n\n\t\t\t<h1>Studium przypadku<\/h1>\t\t\t\t\t\t\t\t\t\t\t\t\t\t\t\t\t<\/div>\n\t\t\n\n\t\t        \n\t<\/div>\n\n<\/section>\n\n\t<div class=\"breadcrumbs\" typeof=\"BreadcrumbList\" vocab=\"https:\/\/schema.org\/\">\n\t\t<div class=\"container-fluid\">\n\t\t\t<span property=\"itemListElement\" typeof=\"ListItem\"><a property=\"item\" typeof=\"WebPage\" title=\"Przejd\u017a do EV Cargo.\" href=\"https:\/\/www.evcargo.com\/pl\" class=\"home\" aria-current=\"page\"><span property=\"name\">\u0141adunek EV<\/span><\/a><meta property=\"position\" content=\"1\"><\/span>\t\t<\/div>\n\t<\/div>\n\n\n\n<div style=\"height:100px\" aria-hidden=\"true\" class=\"wp-block-spacer\"><\/div>\n\n\n<section  class=\"articles-list\">\n    <div class=\"container-fluid\">\n        <div class=\"row justify-content-flex-start align-items-center mb-5\" style = \"display: flex;\">\n            <div class=\"articles-list_title col-12 col-md-4\" data-aos=\"fade\">\n                <h2>Studium przypadku<\/h2>\n\n            <\/div>\n            <div class=\"projects-list__filter col-4\" data-aos=\"fade\" style = \"margin-left: 80px;\">\n\n      \t\t\t\t\t<!-- <form action=\"https:\/\/www.evcargo.com\/wp-admin\/admin-ajax.php\" method=\"POST\" id=\"post-filter\" class=\"filter projects-filter\">\n\n      \t\t\t\t\t\t\n      \t\t\t\t\t\t\t\n      \t\t\t\t\t\t\t<div class=\"select\">\n      \t\t\t\t\t\t\t\t<select name=\"filter_category\" class=\"\">\n      \t\t\t\t\t\t\t\t\t<option value=\"\">Kategoria<\/option>\n\n      \t\t\t\t\t\t\t\t\t      \t\t\t\t\t\t\t\t\t\t<option value=\"blogs\">Blog<\/option>\n      \t\t\t\t\t\t\t\t\t      \t\t\t\t\t\t\t\t\t\t<option value=\"blog\">Blog<\/option>\n      \t\t\t\t\t\t\t\t\t      \t\t\t\t\t\t\t\t\t\t<option value=\"business-news\">Business News<\/option>\n      \t\t\t\t\t\t\t\t\t      \t\t\t\t\t\t\t\t\t\t<option value=\"cargo-chat\">Cargo Chat<\/option>\n      \t\t\t\t\t\t\t\t\t      \t\t\t\t\t\t\t\t\t\t<option value=\"covid-19-updates\">COVID-19 Updates<\/option>\n      \t\t\t\t\t\t\t\t\t      \t\t\t\t\t\t\t\t\t\t<option value=\"events\">Events<\/option>\n      \t\t\t\t\t\t\t\t\t      \t\t\t\t\t\t\t\t\t\t<option value=\"general\">General<\/option>\n      \t\t\t\t\t\t\t\t\t      \t\t\t\t\t\t\t\t\t\t<option value=\"generallatest-news\">General|Latest News<\/option>\n      \t\t\t\t\t\t\t\t\t      \t\t\t\t\t\t\t\t\t\t<option value=\"latest-news\">Latest News<\/option>\n      \t\t\t\t\t\t\t\t\t      \t\t\t\t\t\t\t\t\t\t<option value=\"media-room\">Media Room<\/option>\n      \t\t\t\t\t\t\t\t\t      \t\t\t\t\t\t\t\t\t\t<option value=\"news\">News<\/option>\n      \t\t\t\t\t\t\t\t\t      \t\t\t\t\t\t\t\t\t\t<option value=\"news-and-events\">News and Events<\/option>\n      \t\t\t\t\t\t\t\t\t      \t\t\t\t\t\t\t\t\t\t<option value=\"news-and-events-generalmedia-room\">News and Events<\/option>\n      \t\t\t\t\t\t\t\t\t      \t\t\t\t\t\t\t\t\t\t<option value=\"sustainability-news\">Sustainability News<\/option>\n      \t\t\t\t\t\t\t\t\t      \t\t\t\t\t\t\t\t\t\t<option value=\"uncategorised\">Uncategorised<\/option>\n      \t\t\t\t\t\t\t\t\t      \t\t\t\t\t\t\t\t\t\t<option value=\"videos\">Videos<\/option>\n      \t\t\t\t\t\t\t\t\t      \t\t\t\t\t\t\t\t\t\t<option value=\"webinars\">Webinars<\/option>\n      \t\t\t\t\t\t\t\t\t\n      \t\t\t\t\t\t\t\t<\/select>\n      \t\t\t\t\t\t\t<\/div>\n\n      \t\t\t\t\t\t\n      \t\t\t\t\t\t<input type=\"hidden\" name=\"action\" value=\"projects_filter\">\n\n      \t\t\t\t\t<\/form> -->\n\n      \t\t\t\t<\/div>\n        <\/div>\n\n        <!-- add project filters here -->\n\n\n\n        <div id=\"post-list\" class=\"articles-list__posts post-styles row\">\n            \n                    <div class=\"articles-list__posts__col post-styles__col col-md-4\" data-aos=\"fade\">\n\n                        <div class=\"articles-list__posts__col__wrap post-styles__col__wrap\">\n\n                        <div class=\"articles-list__posts__col__img post-styles__col__img\" style=\"background-image: url(https:\/\/www.evcargo.com\/wp-content\/uploads\/2023\/01\/Untitled-design-16.png); \"><\/div>\n                        <div class=\"articles-list__posts__col__txt post-styles__col__txt\">\n                                                        <div class=\"cats\">\n                                                            <\/div>\n                            <h4>Operacja Origin Pick dla du\u017cego supermarketu<\/h4>\n                            <a href=\"https:\/\/www.evcargo.com\/pl\/casestudies\/origin-pick-operation-for-a-major-supermarket\/\">\n                                Czytaj wi\u0119cej <i class=\"fal fa-arrow-circle-right\"><\/i>\n                            <\/a>\n                        <\/div>\n\n                        <\/div>\n\n                    <\/div>\n\n                    \n                    <div class=\"articles-list__posts__col post-styles__col col-md-4\" data-aos=\"fade\">\n\n                        <div class=\"articles-list__posts__col__wrap post-styles__col__wrap\">\n\n                        <div class=\"articles-list__posts__col__img post-styles__col__img\" style=\"background-image: url(https:\/\/www.evcargo.com\/wp-content\/uploads\/2022\/11\/10-1.png); \"><\/div>\n                        <div class=\"articles-list__posts__col__txt post-styles__col__txt\">\n                                                        <div class=\"cats\">\n                                                            <\/div>\n                            <h4>Kontrola jako\u015bci w g\u00f3r\u0119 rzeki<\/h4>\n                            <a href=\"https:\/\/www.evcargo.com\/pl\/casestudies\/upstream-qc\/\">\n                                Czytaj wi\u0119cej <i class=\"fal fa-arrow-circle-right\"><\/i>\n                            <\/a>\n                        <\/div>\n\n                        <\/div>\n\n                    <\/div>\n\n                    \n                    <div class=\"articles-list__posts__col post-styles__col col-md-4\" data-aos=\"fade\">\n\n                        <div class=\"articles-list__posts__col__wrap post-styles__col__wrap\">\n\n                        <div class=\"articles-list__posts__col__img post-styles__col__img\" style=\"background-image: url(https:\/\/www.evcargo.com\/wp-content\/uploads\/2022\/12\/Careers-Web-Banners-9.png); \"><\/div>\n                        <div class=\"articles-list__posts__col__txt post-styles__col__txt\">\n                                                        <div class=\"cats\">\n                                                            <\/div>\n                            <h4>FareShare i Trussell Trust<\/h4>\n                            <a href=\"https:\/\/www.evcargo.com\/pl\/casestudies\/fareshare-and-the-trussell-trust\/\">\n                                Czytaj wi\u0119cej <i class=\"fal fa-arrow-circle-right\"><\/i>\n                            <\/a>\n                        <\/div>\n\n                        <\/div>\n\n                    <\/div>\n\n                    \n                    <div class=\"articles-list__posts__col post-styles__col col-md-4\" data-aos=\"fade\">\n\n                        <div class=\"articles-list__posts__col__wrap post-styles__col__wrap\">\n\n                        <div class=\"articles-list__posts__col__img post-styles__col__img\" style=\"background-image: url(https:\/\/www.evcargo.com\/wp-content\/uploads\/2021\/07\/Values-Side-by-Side-1024-x-552.png); \"><\/div>\n                        <div class=\"articles-list__posts__col__txt post-styles__col__txt\">\n                                                        <div class=\"cats\">\n                                                            <\/div>\n                            <h4>Znaki i Spencer<\/h4>\n                            <a href=\"https:\/\/www.evcargo.com\/pl\/casestudies\/ev-cargo-technology-transforms-container-fill-for-ms\/\">\n                                Czytaj wi\u0119cej <i class=\"fal fa-arrow-circle-right\"><\/i>\n                            <\/a>\n                        <\/div>\n\n                        <\/div>\n\n                    <\/div>\n\n                    \n                    <div class=\"articles-list__posts__col post-styles__col col-md-4\" data-aos=\"fade\">\n\n                        <div class=\"articles-list__posts__col__wrap post-styles__col__wrap\">\n\n                        <div class=\"articles-list__posts__col__img post-styles__col__img\" style=\"background-image: url(https:\/\/www.evcargo.com\/wp-content\/uploads\/2021\/11\/Hydro-Extrusions.jpg); \"><\/div>\n                        <div class=\"articles-list__posts__col__txt post-styles__col__txt\">\n                                                        <div class=\"cats\">\n                                                            <\/div>\n                            <h4>Wyt\u0142aczanie hydro<\/h4>\n                            <a href=\"https:\/\/www.evcargo.com\/pl\/casestudies\/hydro-extrusions\/\">\n                                Czytaj wi\u0119cej <i class=\"fal fa-arrow-circle-right\"><\/i>\n                            <\/a>\n                        <\/div>\n\n                        <\/div>\n\n                    <\/div>\n\n                    \n                    <div class=\"articles-list__posts__col post-styles__col col-md-4\" data-aos=\"fade\">\n\n                        <div class=\"articles-list__posts__col__wrap post-styles__col__wrap\">\n\n                        <div class=\"articles-list__posts__col__img post-styles__col__img\" style=\"background-image: url(https:\/\/www.evcargo.com\/wp-content\/uploads\/2021\/11\/13610-006.jpg); \"><\/div>\n                        <div class=\"articles-list__posts__col__txt post-styles__col__txt\">\n                                                        <div class=\"cats\">\n                                                            <\/div>\n                            <h4>UPM<\/h4>\n                            <a href=\"https:\/\/www.evcargo.com\/pl\/casestudies\/upm\/\">\n                                Czytaj wi\u0119cej <i class=\"fal fa-arrow-circle-right\"><\/i>\n                            <\/a>\n                        <\/div>\n\n                        <\/div>\n\n                    <\/div>\n\n                            <\/div>\n    <\/div>\n    <div class=\"pagination\">\n        <div class=\"container-fluid\">\n            <a href=\"https:\/\/www.evcargo.com\/pl\/wp-json\/wp\/v2\/pages\/98958\/page\/2\/\" >Za\u0142aduj wi\u0119cej<\/a>        <\/div>\n    <\/div>\n    <div class=\"loader\">\n        <div class=\"loader-inner\">\n            <span class=\"loader-inner-circle\"><\/span>\n        <\/div>\n    <\/div>\n<\/section>\n\n\n\n<section  class=\"wide-image-text background__white\" height: ;\">\n\t\n\t<\/section>","protected":false},"excerpt":{"rendered":"","protected":false},"author":5,"featured_media":99649,"parent":1447,"menu_order":0,"comment_status":"closed","ping_status":"closed","template":"","meta":{"_acf_changed":false,"footnotes":""},"class_list":["post-98958","page","type-page","status-publish","has-post-thumbnail","hentry"],"acf":[],"yoast_head":"<!-- This site is optimized with the Yoast SEO plugin v27.3 - https:\/\/yoast.com\/product\/yoast-seo-wordpress\/ -->\n<title>Case Studies | EV Cargo<\/title>\n<meta name=\"description\" content=\"Read our latest case studies and discover how we have helped our customers with their supply chain management.\" \/>\n<meta name=\"robots\" content=\"index, follow, max-snippet:-1, max-image-preview:large, max-video-preview:-1\" \/>\n<link rel=\"canonical\" href=\"https:\/\/www.evcargo.com\/pl\/insights\/case-studies\/\" \/>\n<meta property=\"og:locale\" content=\"pl_PL\" \/>\n<meta property=\"og:type\" content=\"article\" \/>\n<meta property=\"og:title\" content=\"Case Studies | EV Cargo\" \/>\n<meta property=\"og:description\" content=\"Read our latest case studies and discover how we have helped our customers with their supply chain management.\" \/>\n<meta property=\"og:url\" content=\"https:\/\/www.evcargo.com\/pl\/insights\/case-studies\/\" \/>\n<meta property=\"og:site_name\" content=\"EV Cargo\" \/>\n<meta property=\"article:modified_time\" content=\"2023-05-09T15:31:39+00:00\" \/>\n<meta property=\"og:image\" content=\"https:\/\/www.evcargo.com\/wp-content\/uploads\/2021\/07\/Banners-2021-07-23T162109.772.png\" \/>\n\t<meta property=\"og:image:width\" content=\"1200\" \/>\n\t<meta property=\"og:image:height\" content=\"500\" \/>\n\t<meta property=\"og:image:type\" content=\"image\/png\" \/>\n<meta name=\"twitter:card\" content=\"summary_large_image\" \/>\n<script type=\"application\/ld+json\" class=\"yoast-schema-graph\">{\"@context\":\"https:\\\/\\\/schema.org\",\"@graph\":[{\"@type\":\"WebPage\",\"@id\":\"https:\\\/\\\/www.evcargo.com\\\/en\\\/insights\\\/case-studies\\\/\",\"url\":\"https:\\\/\\\/www.evcargo.com\\\/en\\\/insights\\\/case-studies\\\/\",\"name\":\"Case Studies | EV Cargo\",\"isPartOf\":{\"@id\":\"https:\\\/\\\/www.evcargo.com\\\/de\\\/#website\"},\"primaryImageOfPage\":{\"@id\":\"https:\\\/\\\/www.evcargo.com\\\/en\\\/insights\\\/case-studies\\\/#primaryimage\"},\"image\":{\"@id\":\"https:\\\/\\\/www.evcargo.com\\\/en\\\/insights\\\/case-studies\\\/#primaryimage\"},\"thumbnailUrl\":\"https:\\\/\\\/www.evcargo.com\\\/wp-content\\\/uploads\\\/2021\\\/07\\\/Banners-2021-07-23T162109.772.png\",\"datePublished\":\"2021-07-20T10:23:16+00:00\",\"dateModified\":\"2023-05-09T15:31:39+00:00\",\"description\":\"Read our latest case studies and discover how we have helped our customers with their supply chain management.\",\"breadcrumb\":{\"@id\":\"https:\\\/\\\/www.evcargo.com\\\/en\\\/insights\\\/case-studies\\\/#breadcrumb\"},\"inLanguage\":\"pl-PL\",\"potentialAction\":[{\"@type\":\"ReadAction\",\"target\":[\"https:\\\/\\\/www.evcargo.com\\\/en\\\/insights\\\/case-studies\\\/\"]}]},{\"@type\":\"ImageObject\",\"inLanguage\":\"pl-PL\",\"@id\":\"https:\\\/\\\/www.evcargo.com\\\/en\\\/insights\\\/case-studies\\\/#primaryimage\",\"url\":\"https:\\\/\\\/www.evcargo.com\\\/wp-content\\\/uploads\\\/2021\\\/07\\\/Banners-2021-07-23T162109.772.png\",\"contentUrl\":\"https:\\\/\\\/www.evcargo.com\\\/wp-content\\\/uploads\\\/2021\\\/07\\\/Banners-2021-07-23T162109.772.png\",\"width\":1200,\"height\":500},{\"@type\":\"BreadcrumbList\",\"@id\":\"https:\\\/\\\/www.evcargo.com\\\/en\\\/insights\\\/case-studies\\\/#breadcrumb\",\"itemListElement\":[{\"@type\":\"ListItem\",\"position\":1,\"name\":\"Insights\",\"item\":\"https:\\\/\\\/www.evcargo.com\\\/zh_cn\\\/insights\\\/\"},{\"@type\":\"ListItem\",\"position\":2,\"name\":\"Case Studies\"}]},{\"@type\":\"WebSite\",\"@id\":\"https:\\\/\\\/www.evcargo.com\\\/de\\\/#website\",\"url\":\"https:\\\/\\\/www.evcargo.com\\\/de\\\/\",\"name\":\"EV Cargo\",\"description\":\"\",\"publisher\":{\"@id\":\"https:\\\/\\\/www.evcargo.com\\\/de\\\/#organization\"},\"potentialAction\":[{\"@type\":\"SearchAction\",\"target\":{\"@type\":\"EntryPoint\",\"urlTemplate\":\"https:\\\/\\\/www.evcargo.com\\\/de\\\/?s={search_term_string}\"},\"query-input\":{\"@type\":\"PropertyValueSpecification\",\"valueRequired\":true,\"valueName\":\"search_term_string\"}}],\"inLanguage\":\"pl-PL\"},{\"@type\":\"Organization\",\"@id\":\"https:\\\/\\\/www.evcargo.com\\\/de\\\/#organization\",\"name\":\"EV Cargo\",\"alternateName\":\"EVC\",\"url\":\"https:\\\/\\\/www.evcargo.com\\\/de\\\/\",\"logo\":{\"@type\":\"ImageObject\",\"inLanguage\":\"pl-PL\",\"@id\":\"https:\\\/\\\/www.evcargo.com\\\/de\\\/#\\\/schema\\\/logo\\\/image\\\/\",\"url\":\"https:\\\/\\\/www.evcargo.com\\\/wp-content\\\/uploads\\\/2025\\\/02\\\/ev-cargo-logo.png\",\"contentUrl\":\"https:\\\/\\\/www.evcargo.com\\\/wp-content\\\/uploads\\\/2025\\\/02\\\/ev-cargo-logo.png\",\"width\":364,\"height\":78,\"caption\":\"EV Cargo\"},\"image\":{\"@id\":\"https:\\\/\\\/www.evcargo.com\\\/de\\\/#\\\/schema\\\/logo\\\/image\\\/\"}}]}<\/script>\n<!-- \/ Yoast SEO plugin. -->","yoast_head_json":{"title":"Studia przypadk\u00f3w | \u0141adunki elektryczne","description":"Przeczytaj nasze najnowsze studia przypadk\u00f3w i dowiedz si\u0119, jak pomogli\u015bmy naszym klientom w zarz\u0105dzaniu \u0142a\u0144cuchem dostaw.","robots":{"index":"index","follow":"follow","max-snippet":"max-snippet:-1","max-image-preview":"max-image-preview:large","max-video-preview":"max-video-preview:-1"},"canonical":"https:\/\/www.evcargo.com\/pl\/insights\/case-studies\/","og_locale":"pl_PL","og_type":"article","og_title":"Case Studies | EV Cargo","og_description":"Read our latest case studies and discover how we have helped our customers with their supply chain management.","og_url":"https:\/\/www.evcargo.com\/pl\/insights\/case-studies\/","og_site_name":"EV Cargo","article_modified_time":"2023-05-09T15:31:39+00:00","og_image":[{"width":1200,"height":500,"url":"https:\/\/www.evcargo.com\/wp-content\/uploads\/2021\/07\/Banners-2021-07-23T162109.772.png","type":"image\/png"}],"twitter_card":"summary_large_image","schema":{"@context":"https:\/\/schema.org","@graph":[{"@type":"WebPage","@id":"https:\/\/www.evcargo.com\/en\/insights\/case-studies\/","url":"https:\/\/www.evcargo.com\/en\/insights\/case-studies\/","name":"Studia przypadk\u00f3w | \u0141adunki elektryczne","isPartOf":{"@id":"https:\/\/www.evcargo.com\/de\/#website"},"primaryImageOfPage":{"@id":"https:\/\/www.evcargo.com\/en\/insights\/case-studies\/#primaryimage"},"image":{"@id":"https:\/\/www.evcargo.com\/en\/insights\/case-studies\/#primaryimage"},"thumbnailUrl":"https:\/\/www.evcargo.com\/wp-content\/uploads\/2021\/07\/Banners-2021-07-23T162109.772.png","datePublished":"2021-07-20T10:23:16+00:00","dateModified":"2023-05-09T15:31:39+00:00","description":"Przeczytaj nasze najnowsze studia przypadk\u00f3w i dowiedz si\u0119, jak pomogli\u015bmy naszym klientom w zarz\u0105dzaniu \u0142a\u0144cuchem dostaw.","breadcrumb":{"@id":"https:\/\/www.evcargo.com\/en\/insights\/case-studies\/#breadcrumb"},"inLanguage":"pl-PL","potentialAction":[{"@type":"ReadAction","target":["https:\/\/www.evcargo.com\/en\/insights\/case-studies\/"]}]},{"@type":"ImageObject","inLanguage":"pl-PL","@id":"https:\/\/www.evcargo.com\/en\/insights\/case-studies\/#primaryimage","url":"https:\/\/www.evcargo.com\/wp-content\/uploads\/2021\/07\/Banners-2021-07-23T162109.772.png","contentUrl":"https:\/\/www.evcargo.com\/wp-content\/uploads\/2021\/07\/Banners-2021-07-23T162109.772.png","width":1200,"height":500},{"@type":"BreadcrumbList","@id":"https:\/\/www.evcargo.com\/en\/insights\/case-studies\/#breadcrumb","itemListElement":[{"@type":"ListItem","position":1,"name":"Insights","item":"https:\/\/www.evcargo.com\/zh_cn\/insights\/"},{"@type":"ListItem","position":2,"name":"Case Studies"}]},{"@type":"WebSite","@id":"https:\/\/www.evcargo.com\/de\/#website","url":"https:\/\/www.evcargo.com\/de\/","name":"\u0141adunek EV","description":"","publisher":{"@id":"https:\/\/www.evcargo.com\/de\/#organization"},"potentialAction":[{"@type":"SearchAction","target":{"@type":"EntryPoint","urlTemplate":"https:\/\/www.evcargo.com\/de\/?s={search_term_string}"},"query-input":{"@type":"PropertyValueSpecification","valueRequired":true,"valueName":"search_term_string"}}],"inLanguage":"pl-PL"},{"@type":"Organization","@id":"https:\/\/www.evcargo.com\/de\/#organization","name":"\u0141adunek EV","alternateName":"EVC","url":"https:\/\/www.evcargo.com\/de\/","logo":{"@type":"ImageObject","inLanguage":"pl-PL","@id":"https:\/\/www.evcargo.com\/de\/#\/schema\/logo\/image\/","url":"https:\/\/www.evcargo.com\/wp-content\/uploads\/2025\/02\/ev-cargo-logo.png","contentUrl":"https:\/\/www.evcargo.com\/wp-content\/uploads\/2025\/02\/ev-cargo-logo.png","width":364,"height":78,"caption":"EV Cargo"},"image":{"@id":"https:\/\/www.evcargo.com\/de\/#\/schema\/logo\/image\/"}}]}},"_links":{"self":[{"href":"https:\/\/www.evcargo.com\/pl\/wp-json\/wp\/v2\/pages\/98958","targetHints":{"allow":["GET"]}}],"collection":[{"href":"https:\/\/www.evcargo.com\/pl\/wp-json\/wp\/v2\/pages"}],"about":[{"href":"https:\/\/www.evcargo.com\/pl\/wp-json\/wp\/v2\/types\/page"}],"author":[{"embeddable":true,"href":"https:\/\/www.evcargo.com\/pl\/wp-json\/wp\/v2\/users\/5"}],"replies":[{"embeddable":true,"href":"https:\/\/www.evcargo.com\/pl\/wp-json\/wp\/v2\/comments?post=98958"}],"version-history":[{"count":0,"href":"https:\/\/www.evcargo.com\/pl\/wp-json\/wp\/v2\/pages\/98958\/revisions"}],"up":[{"embeddable":true,"href":"https:\/\/www.evcargo.com\/pl\/wp-json\/wp\/v2\/pages\/1447"}],"wp:featuredmedia":[{"embeddable":true,"href":"https:\/\/www.evcargo.com\/pl\/wp-json\/wp\/v2\/media\/99649"}],"wp:attachment":[{"href":"https:\/\/www.evcargo.com\/pl\/wp-json\/wp\/v2\/media?parent=98958"}],"curies":[{"name":"wp","href":"https:\/\/api.w.org\/{rel}","templated":true}]}}